{"id":9917,"date":"2024-03-02T09:59:59","date_gmt":"2024-03-02T09:59:59","guid":{"rendered":"https:\/\/www.historieta.es\/?post_type=product&#038;p=9917"},"modified":"2024-03-02T10:04:32","modified_gmt":"2024-03-02T10:04:32","slug":"tecnicas-de-dibujo-manga-3-personajes-inolvidables","status":"publish","type":"product","link":"https:\/\/www.historieta.es\/?product=tecnicas-de-dibujo-manga-3-personajes-inolvidables","title":{"rendered":"T\u00e9cnicas de dibujo manga 3. Personajes inolvidables"},"content":{"rendered":"<p>[et_pb_section fb_built=\u00bb1&#8243; _builder_version=\u00bb4.20.2&#8243; custom_margin=\u00bb-44px|0px|-44px|0px|true|true\u00bb custom_padding=\u00bb0px|0px|0px|0px|true|true\u00bb collapsed=\u00bboff\u00bb global_colors_info=\u00bb{}\u00bb theme_builder_area=\u00bbpost_content\u00bb][et_pb_row column_structure=\u00bb2_5,3_5&#8243; _builder_version=\u00bb4.20.2&#8243; background_size=\u00bbinitial\u00bb background_position=\u00bbtop_left\u00bb background_repeat=\u00bbrepeat\u00bb width=\u00bb100%\u00bb custom_margin=\u00bb0px|0px|0px|0px|true|true\u00bb custom_padding=\u00bb0px|0px|0px|0px|true|true\u00bb global_colors_info=\u00bb{}\u00bb theme_builder_area=\u00bbpost_content\u00bb][et_pb_column type=\u00bb2_5&#8243; _builder_version=\u00bb4.16&#8243; custom_padding=\u00bb|||\u00bb global_colors_info=\u00bb{}\u00bb custom_padding__hover=\u00bb|||\u00bb theme_builder_area=\u00bbpost_content\u00bb][et_pb_wc_images _builder_version=\u00bb4.20.2&#8243; box_shadow_style=\u00bbpreset1&#8243; global_colors_info=\u00bb{}\u00bb theme_builder_area=\u00bbpost_content\u00bb][\/et_pb_wc_images][\/et_pb_column][et_pb_column type=\u00bb3_5&#8243; _builder_version=\u00bb4.20.2&#8243; _module_preset=\u00bbdefault\u00bb global_colors_info=\u00bb{}\u00bb theme_builder_area=\u00bbpost_content\u00bb][et_pb_tabs _builder_version=\u00bb4.20.2&#8243; _module_preset=\u00bbdefault\u00bb hover_enabled=\u00bb0&#8243; global_colors_info=\u00bb{}\u00bb theme_builder_area=\u00bbpost_content\u00bb sticky_enabled=\u00bb0&#8243;][et_pb_tab title=\u00bbDatos\u00bb _builder_version=\u00bb4.20.2&#8243; _module_preset=\u00bbdefault\u00bb hover_enabled=\u00bb0&#8243; global_colors_info=\u00bb{}\u00bb theme_builder_area=\u00bbpost_content\u00bb sticky_enabled=\u00bb0&#8243;]<\/p>\n<p>Autor: Hikaru Hayashi, Takehiko Matsumoto<\/p>\n<p>Editorial: Norma<\/p>\n<p>Ciudad: Barcelona<\/p>\n<p>Pa\u00eds: Espa\u00f1a<\/p>\n<p>Tama\u00f1o: 17&#215;26<\/p>\n<p>P\u00e1ginas: 176<\/p>\n<p>A\u00f1o: 2021<\/p>\n<p>Dep\u00f3sito legal:<\/p>\n<p>ISBN: 978-8467945225 <\/p>\n<p><strong>IDIOMA: Castellano<br \/><\/strong><\/p>\n<p>[\/et_pb_tab][et_pb_tab title=\u00bbDescripci\u00f3n\u00bb _builder_version=\u00bb4.20.2&#8243; _module_preset=\u00bbdefault\u00bb hover_enabled=\u00bb0&#8243; global_colors_info=\u00bb{}\u00bb theme_builder_area=\u00bbpost_content\u00bb sticky_enabled=\u00bb0&#8243;]<\/p>\n<p>Todo dibujante se ha encontrado en la situaci\u00f3n de querer crear un personaje atractivo, pero el resultado final no ha acabado transmitiendo la idea que uno ten\u00eda en mente. Esto suele ocurrir cuando se dedica una atenci\u00f3n excesiva a las formas y los detalles, y olvidamos cu\u00e1l era el objetivo inicial del dibujo. Se considera que un buen dibujante domina la comunicaci\u00f3n, la composici\u00f3n y la representaci\u00f3n. Pero si hablamos de manga, hay que a\u00f1adir un cuarto factor: la capacidad de presentar la ficci\u00f3n de una manera veros\u00edmil. En este tercer volumen se proponen una serie de trucos y consejos para mejorar la calidad de la informaci\u00f3n que debe transmitir un dibujo y la cantidad de elementos que deber\u00edan emplearse para conseguirlo.<br \/>La editorial<\/p>\n<p>[\/et_pb_tab][et_pb_tab title=\u00bbBibliograf\u00eda\u00bb _builder_version=\u00bb4.20.2&#8243; _module_preset=\u00bbdefault\u00bb global_colors_info=\u00bb{}\u00bb theme_builder_area=\u00bbpost_content\u00bb][\/et_pb_tab][\/et_pb_tabs][et_pb_wc_title _builder_version=\u00bb4.20.2&#8243; header_font=\u00bb|600|||||||\u00bb header_text_color=\u00bb#0C71C3&#8243; header_font_size=\u00bb25px\u00bb custom_margin=\u00bb0px|0px|0px|0px|true|true\u00bb custom_padding=\u00bb0px|0px|0px|0px|true|true\u00bb global_colors_info=\u00bb{}\u00bb theme_builder_area=\u00bbpost_content\u00bb][\/et_pb_wc_title][\/et_pb_column][\/et_pb_row][\/et_pb_section][et_pb_section fb_built=\u00bb1&#8243; _builder_version=\u00bb4.20.2&#8243; _module_preset=\u00bbdefault\u00bb global_colors_info=\u00bb{}\u00bb theme_builder_area=\u00bbpost_content\u00bb][\/et_pb_section][et_pb_section fb_built=\u00bb1&#8243; _builder_version=\u00bb4.20.2&#8243; _module_preset=\u00bbdefault\u00bb global_colors_info=\u00bb{}\u00bb theme_builder_area=\u00bbpost_content\u00bb][\/et_pb_section]<\/p>\n","protected":false},"excerpt":{"rendered":"<p>T\u00e9cnicas de dibujo manga 3. Personajes inolvidables, Hikaru Hayashi, Takehiko Matsumoto, Norma, Castellano, Espa\u00f1a<\/p>\n","protected":false},"featured_media":9918,"template":"","meta":{"_et_pb_use_builder":"on","_et_pb_old_content":"","_et_gb_content_width":"","_monsterinsights_skip_tracking":false,"_monsterinsights_sitenote_active":false,"_monsterinsights_sitenote_note":"","_monsterinsights_sitenote_category":0},"product_brand":[],"product_cat":[32],"product_tag":[],"class_list":{"0":"post-9917","1":"product","2":"type-product","3":"status-publish","4":"has-post-thumbnail","6":"product_cat-didactica","8":"first","9":"instock","10":"shipping-taxable","11":"product-type-simple"},"yoast_head":"<!-- This site is optimized with the Yoast SEO plugin v27.2 - https:\/\/yoast.com\/product\/yoast-seo-wordpress\/ -->\n<title>T\u00e9cnicas de dibujo manga 3. Personajes inolvidables<\/title>\n<meta name=\"robots\" content=\"index, follow, max-snippet:-1, max-image-preview:large, max-video-preview:-1\" \/>\n<link rel=\"canonical\" href=\"https:\/\/www.historieta.es\/?product=tecnicas-de-dibujo-manga-3-personajes-inolvidables\" \/>\n<meta property=\"og:locale\" content=\"es_ES\" \/>\n<meta property=\"og:type\" content=\"article\" \/>\n<meta property=\"og:title\" content=\"T\u00e9cnicas de dibujo manga 3. Personajes inolvidables\" \/>\n<meta property=\"og:description\" content=\"T\u00e9cnicas de dibujo manga 3. Personajes inolvidables, Hikaru Hayashi, Takehiko Matsumoto, Norma, Castellano, Espa\u00f1a\" \/>\n<meta property=\"og:url\" content=\"https:\/\/www.historieta.es\/?product=tecnicas-de-dibujo-manga-3-personajes-inolvidables\" \/>\n<meta property=\"og:site_name\" content=\"historieta\" \/>\n<meta property=\"article:modified_time\" content=\"2024-03-02T10:04:32+00:00\" \/>\n<meta property=\"og:image\" content=\"https:\/\/www.historieta.es\/wp-content\/uploads\/2024\/03\/Tecnicas-de-dibujo-Manga-3-Personajes-inolvidables.png\" \/>\n\t<meta property=\"og:image:width\" content=\"600\" \/>\n\t<meta property=\"og:image:height\" content=\"600\" \/>\n\t<meta property=\"og:image:type\" content=\"image\/png\" \/>\n<meta name=\"twitter:card\" content=\"summary_large_image\" \/>\n<meta name=\"twitter:label1\" content=\"Tiempo de lectura\" \/>\n\t<meta name=\"twitter:data1\" content=\"2 minutos\" \/>\n<script type=\"application\/ld+json\" class=\"yoast-schema-graph\">{\"@context\":\"https:\/\/schema.org\",\"@graph\":[{\"@type\":\"WebPage\",\"@id\":\"https:\/\/www.historieta.es\/?product=tecnicas-de-dibujo-manga-3-personajes-inolvidables\",\"url\":\"https:\/\/www.historieta.es\/?product=tecnicas-de-dibujo-manga-3-personajes-inolvidables\",\"name\":\"T\u00e9cnicas de dibujo manga 3. Personajes inolvidables\",\"isPartOf\":{\"@id\":\"https:\/\/www.historieta.es\/#website\"},\"primaryImageOfPage\":{\"@id\":\"https:\/\/www.historieta.es\/?product=tecnicas-de-dibujo-manga-3-personajes-inolvidables#primaryimage\"},\"image\":{\"@id\":\"https:\/\/www.historieta.es\/?product=tecnicas-de-dibujo-manga-3-personajes-inolvidables#primaryimage\"},\"thumbnailUrl\":\"https:\/\/www.historieta.es\/wp-content\/uploads\/2024\/03\/Tecnicas-de-dibujo-Manga-3-Personajes-inolvidables.png\",\"datePublished\":\"2024-03-02T09:59:59+00:00\",\"dateModified\":\"2024-03-02T10:04:32+00:00\",\"breadcrumb\":{\"@id\":\"https:\/\/www.historieta.es\/?product=tecnicas-de-dibujo-manga-3-personajes-inolvidables#breadcrumb\"},\"inLanguage\":\"es\",\"potentialAction\":[{\"@type\":\"ReadAction\",\"target\":[\"https:\/\/www.historieta.es\/?product=tecnicas-de-dibujo-manga-3-personajes-inolvidables\"]}]},{\"@type\":\"ImageObject\",\"inLanguage\":\"es\",\"@id\":\"https:\/\/www.historieta.es\/?product=tecnicas-de-dibujo-manga-3-personajes-inolvidables#primaryimage\",\"url\":\"https:\/\/www.historieta.es\/wp-content\/uploads\/2024\/03\/Tecnicas-de-dibujo-Manga-3-Personajes-inolvidables.png\",\"contentUrl\":\"https:\/\/www.historieta.es\/wp-content\/uploads\/2024\/03\/Tecnicas-de-dibujo-Manga-3-Personajes-inolvidables.png\",\"width\":600,\"height\":600},{\"@type\":\"BreadcrumbList\",\"@id\":\"https:\/\/www.historieta.es\/?product=tecnicas-de-dibujo-manga-3-personajes-inolvidables#breadcrumb\",\"itemListElement\":[{\"@type\":\"ListItem\",\"position\":1,\"name\":\"Portada\",\"item\":\"https:\/\/www.historieta.es\/\"},{\"@type\":\"ListItem\",\"position\":2,\"name\":\"Productos\",\"item\":\"https:\/\/www.historieta.es\/?post_type=product\"},{\"@type\":\"ListItem\",\"position\":3,\"name\":\"T\u00e9cnicas de dibujo manga 3. Personajes inolvidables\"}]},{\"@type\":\"WebSite\",\"@id\":\"https:\/\/www.historieta.es\/#website\",\"url\":\"https:\/\/www.historieta.es\/\",\"name\":\"historieta\",\"description\":\"sitio de comic\",\"potentialAction\":[{\"@type\":\"SearchAction\",\"target\":{\"@type\":\"EntryPoint\",\"urlTemplate\":\"https:\/\/www.historieta.es\/?s={search_term_string}\"},\"query-input\":{\"@type\":\"PropertyValueSpecification\",\"valueRequired\":true,\"valueName\":\"search_term_string\"}}],\"inLanguage\":\"es\"}]}<\/script>\n<!-- \/ Yoast SEO plugin. -->","yoast_head_json":{"title":"T\u00e9cnicas de dibujo manga 3. Personajes inolvidables","robots":{"index":"index","follow":"follow","max-snippet":"max-snippet:-1","max-image-preview":"max-image-preview:large","max-video-preview":"max-video-preview:-1"},"canonical":"https:\/\/www.historieta.es\/?product=tecnicas-de-dibujo-manga-3-personajes-inolvidables","og_locale":"es_ES","og_type":"article","og_title":"T\u00e9cnicas de dibujo manga 3. Personajes inolvidables","og_description":"T\u00e9cnicas de dibujo manga 3. Personajes inolvidables, Hikaru Hayashi, Takehiko Matsumoto, Norma, Castellano, Espa\u00f1a","og_url":"https:\/\/www.historieta.es\/?product=tecnicas-de-dibujo-manga-3-personajes-inolvidables","og_site_name":"historieta","article_modified_time":"2024-03-02T10:04:32+00:00","og_image":[{"width":600,"height":600,"url":"https:\/\/www.historieta.es\/wp-content\/uploads\/2024\/03\/Tecnicas-de-dibujo-Manga-3-Personajes-inolvidables.png","type":"image\/png"}],"twitter_card":"summary_large_image","twitter_misc":{"Tiempo de lectura":"2 minutos"},"schema":{"@context":"https:\/\/schema.org","@graph":[{"@type":"WebPage","@id":"https:\/\/www.historieta.es\/?product=tecnicas-de-dibujo-manga-3-personajes-inolvidables","url":"https:\/\/www.historieta.es\/?product=tecnicas-de-dibujo-manga-3-personajes-inolvidables","name":"T\u00e9cnicas de dibujo manga 3. Personajes inolvidables","isPartOf":{"@id":"https:\/\/www.historieta.es\/#website"},"primaryImageOfPage":{"@id":"https:\/\/www.historieta.es\/?product=tecnicas-de-dibujo-manga-3-personajes-inolvidables#primaryimage"},"image":{"@id":"https:\/\/www.historieta.es\/?product=tecnicas-de-dibujo-manga-3-personajes-inolvidables#primaryimage"},"thumbnailUrl":"https:\/\/www.historieta.es\/wp-content\/uploads\/2024\/03\/Tecnicas-de-dibujo-Manga-3-Personajes-inolvidables.png","datePublished":"2024-03-02T09:59:59+00:00","dateModified":"2024-03-02T10:04:32+00:00","breadcrumb":{"@id":"https:\/\/www.historieta.es\/?product=tecnicas-de-dibujo-manga-3-personajes-inolvidables#breadcrumb"},"inLanguage":"es","potentialAction":[{"@type":"ReadAction","target":["https:\/\/www.historieta.es\/?product=tecnicas-de-dibujo-manga-3-personajes-inolvidables"]}]},{"@type":"ImageObject","inLanguage":"es","@id":"https:\/\/www.historieta.es\/?product=tecnicas-de-dibujo-manga-3-personajes-inolvidables#primaryimage","url":"https:\/\/www.historieta.es\/wp-content\/uploads\/2024\/03\/Tecnicas-de-dibujo-Manga-3-Personajes-inolvidables.png","contentUrl":"https:\/\/www.historieta.es\/wp-content\/uploads\/2024\/03\/Tecnicas-de-dibujo-Manga-3-Personajes-inolvidables.png","width":600,"height":600},{"@type":"BreadcrumbList","@id":"https:\/\/www.historieta.es\/?product=tecnicas-de-dibujo-manga-3-personajes-inolvidables#breadcrumb","itemListElement":[{"@type":"ListItem","position":1,"name":"Portada","item":"https:\/\/www.historieta.es\/"},{"@type":"ListItem","position":2,"name":"Productos","item":"https:\/\/www.historieta.es\/?post_type=product"},{"@type":"ListItem","position":3,"name":"T\u00e9cnicas de dibujo manga 3. Personajes inolvidables"}]},{"@type":"WebSite","@id":"https:\/\/www.historieta.es\/#website","url":"https:\/\/www.historieta.es\/","name":"historieta","description":"sitio de comic","potentialAction":[{"@type":"SearchAction","target":{"@type":"EntryPoint","urlTemplate":"https:\/\/www.historieta.es\/?s={search_term_string}"},"query-input":{"@type":"PropertyValueSpecification","valueRequired":true,"valueName":"search_term_string"}}],"inLanguage":"es"}]}},"_links":{"self":[{"href":"https:\/\/www.historieta.es\/index.php?rest_route=\/wp\/v2\/product\/9917","targetHints":{"allow":["GET"]}}],"collection":[{"href":"https:\/\/www.historieta.es\/index.php?rest_route=\/wp\/v2\/product"}],"about":[{"href":"https:\/\/www.historieta.es\/index.php?rest_route=\/wp\/v2\/types\/product"}],"wp:featuredmedia":[{"embeddable":true,"href":"https:\/\/www.historieta.es\/index.php?rest_route=\/wp\/v2\/media\/9918"}],"wp:attachment":[{"href":"https:\/\/www.historieta.es\/index.php?rest_route=%2Fwp%2Fv2%2Fmedia&parent=9917"}],"wp:term":[{"taxonomy":"product_brand","embeddable":true,"href":"https:\/\/www.historieta.es\/index.php?rest_route=%2Fwp%2Fv2%2Fproduct_brand&post=9917"},{"taxonomy":"product_cat","embeddable":true,"href":"https:\/\/www.historieta.es\/index.php?rest_route=%2Fwp%2Fv2%2Fproduct_cat&post=9917"},{"taxonomy":"product_tag","embeddable":true,"href":"https:\/\/www.historieta.es\/index.php?rest_route=%2Fwp%2Fv2%2Fproduct_tag&post=9917"}],"curies":[{"name":"wp","href":"https:\/\/api.w.org\/{rel}","templated":true}]}}