{"id":9348,"date":"2024-02-14T12:03:22","date_gmt":"2024-02-14T12:03:22","guid":{"rendered":"https:\/\/www.historieta.es\/?post_type=product&#038;p=9348"},"modified":"2024-08-08T15:19:46","modified_gmt":"2024-08-08T15:19:46","slug":"professor-marston-the-wonder-women","status":"publish","type":"product","link":"https:\/\/www.historieta.es\/?product=professor-marston-the-wonder-women","title":{"rendered":"Professor Marston &#038; the Wonder Women"},"content":{"rendered":"<p>[et_pb_section fb_built=\u00bb1&#8243; _builder_version=\u00bb4.20.2&#8243; custom_margin=\u00bb-44px|0px|-44px|0px|true|true\u00bb custom_padding=\u00bb0px|0px|0px|0px|true|true\u00bb collapsed=\u00bboff\u00bb global_colors_info=\u00bb{}\u00bb theme_builder_area=\u00bbpost_content\u00bb][et_pb_row column_structure=\u00bb2_5,3_5&#8243; _builder_version=\u00bb4.20.2&#8243; background_size=\u00bbinitial\u00bb background_position=\u00bbtop_left\u00bb background_repeat=\u00bbrepeat\u00bb width=\u00bb100%\u00bb custom_margin=\u00bb0px|0px|0px|0px|true|true\u00bb custom_padding=\u00bb0px|0px|0px|0px|true|true\u00bb global_colors_info=\u00bb{}\u00bb theme_builder_area=\u00bbpost_content\u00bb][et_pb_column type=\u00bb2_5&#8243; _builder_version=\u00bb4.20.2&#8243; custom_padding=\u00bb|||\u00bb global_colors_info=\u00bb{}\u00bb custom_padding__hover=\u00bb|||\u00bb theme_builder_area=\u00bbpost_content\u00bb][et_pb_wc_images _builder_version=\u00bb4.20.2&#8243; box_shadow_style=\u00bbpreset1&#8243; global_colors_info=\u00bb{}\u00bb theme_builder_area=\u00bbpost_content\u00bb][\/et_pb_wc_images][\/et_pb_column][et_pb_column type=\u00bb3_5&#8243; _builder_version=\u00bb4.20.2&#8243; _module_preset=\u00bbdefault\u00bb global_colors_info=\u00bb{}\u00bb theme_builder_area=\u00bbpost_content\u00bb][et_pb_tabs _builder_version=\u00bb4.20.2&#8243; _module_preset=\u00bbdefault\u00bb hover_enabled=\u00bb0&#8243; global_colors_info=\u00bb{}\u00bb theme_builder_area=\u00bbpost_content\u00bb sticky_enabled=\u00bb0&#8243;][et_pb_tab title=\u00bbDatos\u00bb _builder_version=\u00bb4.20.2&#8243; _module_preset=\u00bbdefault\u00bb hover_enabled=\u00bb0&#8243; global_colors_info=\u00bb{}\u00bb theme_builder_area=\u00bbpost_content\u00bb sticky_enabled=\u00bb0&#8243;]<\/p>\n<p>T\u00edtulo espa\u00f1ol: Wonder Women y el profesor Marston\u00a0<\/p>\n<p>Direcci\u00f3n: Angela Robinson<\/p>\n<p>Gion: Angela Robinson<\/p>\n<p>M\u00fasica: Tom Howe<\/p>\n<p>Fotograf\u00eda: Color<\/p>\n<p>Pa\u00eds: USA<\/p>\n<p>Duraci\u00f3n: 108<\/p>\n<p>A\u00f1o: 2017<\/p>\n<p>G\u00e9nero: Biogr\u00e1fico<\/p>\n<p>Reparto: Luke Evans, Rebecca Hall, Bella Heathcote<\/p>\n<p><strong>HISTORIETA: Wonder Woman | William Moulton Marston<br \/><\/strong><\/p>\n<p>[\/et_pb_tab][et_pb_tab title=\u00bbSinopsis\u00bb _builder_version=\u00bb4.20.2&#8243; _module_preset=\u00bbdefault\u00bb hover_enabled=\u00bb0&#8243; global_colors_info=\u00bb{}\u00bb theme_builder_area=\u00bbpost_content\u00bb sticky_enabled=\u00bb0&#8243;]<\/p>\n<p>La historia se cuenta en analepsis durante un testimonio de 1945 que William Moulton Marston da a representantes de la Child Study Association of America. En el a\u00f1o 1928, William y su esposa Elizabeth ense\u00f1an y trabajan en sus investigaciones en las universidades asociadas de Harvard y Radcliffe. Un d\u00eda, William contrata a una de sus estudiantes, Olive Byrne, como asistente de investigaci\u00f3n. Olive ayuda en el trabajo de los Marston para inventar el dispositivo detector de mentiras. Los tres pronto se acercan. Uno tras otro pasan las pruebas con el detector de mentiras, que revelan que se han enamorado y los tres comienzan a entablar una relaci\u00f3n poliamorosa.<br \/>Por supuesto los Marston son despedidos de la universidad. Olive est\u00e1 embarazada y se va a vivir con los Marston, formando una familia. Crean una tapadera para mantener en secreto su relaci\u00f3n y no tener m\u00e1s problemas. La familia se instala en un suburbio de Nueva York, felizmente unida. En 1934, tanto Elizabeth como Olive tienen hijos de William -Olive dos hijos y Elizabeth un hijo y una hija- y les dicen a los vecinos que Olive es viuda y los Marston la han acogido. William comienza a intentar ganarse la vida como autor. Elizabeth acepta un trabajo como secretaria y se convierte en el principal sost\u00e9n de la familia. Olive se queda en casa y cuida a los ni\u00f1os, y ocasionalmente env\u00eda sus muestras de escritura a los editores. Cr\u00edan a sus cuatro hijos juntos y Elizabeth le pone a su hija el nombre de Olive.<br \/>En 1940, William entra en una tienda de lencer\u00eda en la ciudad de Nueva York dirigida por Charles Guyette, quien le presenta c\u00f3mics y fotograf\u00edas con temas de arte fetichista. El arte captura la imaginaci\u00f3n de William como una demostraci\u00f3n de su teor\u00eda DISC (sobre los diferentes estilos de comportamiento). Elizabeth inicialmente desaprueba el arte fetichista, pero cede durante una presentaci\u00f3n en la que Olive prueba un atuendo que luego ser\u00eda el prototipo del disfraz de Wonder Woman.<br \/>Despu\u00e9s de encontrar un trabajo limitado como escritor, a Marston se le ocurre la idea de crear una superhero\u00edna amaz\u00f3nica para un c\u00f3mic. El c\u00f3mic presentar\u00eda sus ideas sobre la teor\u00eda DISC, inspir\u00e1ndose en el trabajo de los Marston sobre el detector de mentiras, y tendr\u00eda la intenci\u00f3n de apoyar el movimiento feminista para promover la igualdad de derechos para las mujeres a trav\u00e9s de un medio populista. Le presenta sus ideas a Max Gaines, un editor de National Periodical Publications, quien finalmente acepta el c\u00f3mic. Wonder Woman es un \u00e9xito instant\u00e1neo que genera prosperidad para la familia Marstons\/Byrne. Sin embargo, un d\u00eda, su vecino entra en su casa y los ve a los tres teniendo sexo. Por supuesto, como buen americano, los denuncia. Este incidente hace que sus hijos sean intimidados y el director del colegio les pida que abandonen la escuela. Preocupada porque sus hijos sean atacados y excluidos y pensando que no tienen otra opci\u00f3n, Elizabeth exige de mala gana que Olive abandone la casa con sus hijos. Al mismo tiempo, el c\u00f3mic de Wonder Woman recibe acusaciones de presentar im\u00e1genes abiertamente sexuales, sadomasoquistas y l\u00e9sbicas.<br \/>William muri\u00f3 en 1947. Elizabeth y Olive, reconciliadas, continuaron viviendo juntas como pareja durante otros 43 a\u00f1os hasta la muerte de Olive en 1990. Elizabeth vivi\u00f3 hasta los 100 a\u00f1os. Por supuesto, las im\u00e1genes sexuales desaparecieron del c\u00f3mic de Wonder Woman despu\u00e9s de la muerte de William. Sin embargo, mantuvo sus poderes y tuvo aventuras de superh\u00e9roes convencionales. En 1970 fue reiniciada y perdi\u00f3 sus superpoderes; se convirti\u00f3 en luchadora contra el crimen y propietaria de una boutique. La famosa activista Gloria Steinem recuper\u00f3 el personaje en 1972, cuando puso a Wonder Woman en la portada del primer n\u00famero de Ms. Magazine como el s\u00edmbolo por excelencia del empoderamiento femenino.<\/p>\n<p>[\/et_pb_tab][et_pb_tab title=\u00bbDocumentaci\u00f3n\u00bb _builder_version=\u00bb4.20.2&#8243; _module_preset=\u00bbdefault\u00bb hover_enabled=\u00bb0&#8243; global_colors_info=\u00bb{}\u00bb theme_builder_area=\u00bbpost_content\u00bb sticky_enabled=\u00bb0&#8243;]<\/p>\n<p>Basada en el creador literario de Wonder Woman, William Moulton Marston.<\/p>\n<p>[\/et_pb_tab][\/et_pb_tabs][et_pb_wc_title _builder_version=\u00bb4.20.2&#8243; header_font=\u00bb|600|||||||\u00bb header_text_color=\u00bb#0C71C3&#8243; header_font_size=\u00bb25px\u00bb custom_margin=\u00bb0px|0px|0px|0px|true|true\u00bb custom_padding=\u00bb0px|0px|0px|0px|true|true\u00bb global_colors_info=\u00bb{}\u00bb theme_builder_area=\u00bbpost_content\u00bb][\/et_pb_wc_title][\/et_pb_column][\/et_pb_row][et_pb_row column_structure=\u00bb3_5,2_5&#8243; _builder_version=\u00bb4.20.2&#8243; background_size=\u00bbinitial\u00bb background_position=\u00bbtop_left\u00bb background_repeat=\u00bbrepeat\u00bb width=\u00bb100%\u00bb custom_margin=\u00bb0px|0px|0px|0px|true|true\u00bb custom_padding=\u00bb0px|0px|0px|0px|true|true\u00bb global_colors_info=\u00bb{}\u00bb theme_builder_area=\u00bbpost_content\u00bb][et_pb_column type=\u00bb3_5&#8243; _builder_version=\u00bb4.20.2&#8243; _module_preset=\u00bbdefault\u00bb global_colors_info=\u00bb{}\u00bb theme_builder_area=\u00bbpost_content\u00bb][\/et_pb_column][et_pb_column type=\u00bb2_5&#8243; _builder_version=\u00bb4.20.2&#8243; custom_padding=\u00bb|||\u00bb global_colors_info=\u00bb{}\u00bb custom_padding__hover=\u00bb|||\u00bb theme_builder_area=\u00bbpost_content\u00bb][\/et_pb_column][\/et_pb_row][\/et_pb_section][et_pb_section fb_built=\u00bb1&#8243; _builder_version=\u00bb4.20.2&#8243; _module_preset=\u00bbdefault\u00bb custom_margin=\u00bb||9px|||\u00bb custom_padding=\u00bb||14px|||\u00bb global_colors_info=\u00bb{}\u00bb theme_builder_area=\u00bbpost_content\u00bb][et_pb_row column_structure=\u00bb1_3,1_3,1_3&#8243; _builder_version=\u00bb4.20.2&#8243; _module_preset=\u00bbdefault\u00bb global_colors_info=\u00bb{}\u00bb theme_builder_area=\u00bbpost_content\u00bb][et_pb_column type=\u00bb1_3&#8243; _builder_version=\u00bb4.20.2&#8243; _module_preset=\u00bbdefault\u00bb global_colors_info=\u00bb{}\u00bb theme_builder_area=\u00bbpost_content\u00bb][\/et_pb_column][et_pb_column type=\u00bb1_3&#8243; _builder_version=\u00bb4.20.2&#8243; _module_preset=\u00bbdefault\u00bb global_colors_info=\u00bb{}\u00bb theme_builder_area=\u00bbpost_content\u00bb][\/et_pb_column][et_pb_column type=\u00bb1_3&#8243; _builder_version=\u00bb4.20.2&#8243; _module_preset=\u00bbdefault\u00bb global_colors_info=\u00bb{}\u00bb theme_builder_area=\u00bbpost_content\u00bb][et_pb_image src=\u00bbhttps:\/\/www.historieta.es\/wp-content\/uploads\/2024\/02\/Wonder-Woman.png\u00bb _builder_version=\u00bb4.20.2&#8243; _module_preset=\u00bbdefault\u00bb theme_builder_area=\u00bbpost_content\u00bb title_text=\u00bbWonder-Woman\u00bb show_in_lightbox=\u00bbon\u00bb hover_enabled=\u00bb0&#8243; sticky_enabled=\u00bb0&#8243;][\/et_pb_image][\/et_pb_column][\/et_pb_row][\/et_pb_section]<\/p>\n","protected":false},"excerpt":{"rendered":"<p>Professor Marston &amp; the Wonder Women, USA, Wonder Woman, Superh\u00e9roes, Angela Robinson, William Moulton Marston<\/p>\n","protected":false},"featured_media":9349,"template":"","meta":{"_et_pb_use_builder":"on","_et_pb_old_content":"","_et_gb_content_width":"","_monsterinsights_skip_tracking":false,"_monsterinsights_sitenote_active":false,"_monsterinsights_sitenote_note":"","_monsterinsights_sitenote_category":0},"product_brand":[],"product_cat":[28,79],"product_tag":[],"class_list":{"0":"post-9348","1":"product","2":"type-product","3":"status-publish","4":"has-post-thumbnail","6":"product_cat-peliculas","7":"product_cat-peliculas-superheroes","9":"first","10":"instock","11":"shipping-taxable","12":"product-type-simple"},"yoast_head":"<!-- This site is optimized with the Yoast SEO plugin v27.2 - https:\/\/yoast.com\/product\/yoast-seo-wordpress\/ -->\n<title>Professor Marston &amp; the Wonder Women<\/title>\n<meta name=\"robots\" content=\"index, follow, max-snippet:-1, max-image-preview:large, max-video-preview:-1\" \/>\n<link rel=\"canonical\" href=\"https:\/\/www.historieta.es\/?product=professor-marston-the-wonder-women\" \/>\n<meta property=\"og:locale\" content=\"es_ES\" \/>\n<meta property=\"og:type\" content=\"article\" \/>\n<meta property=\"og:title\" content=\"Professor Marston &amp; the Wonder Women\" \/>\n<meta property=\"og:description\" content=\"Professor Marston &amp; the Wonder Women, USA, Wonder Woman, Superh\u00e9roes, Angela Robinson, William Moulton Marston\" \/>\n<meta property=\"og:url\" content=\"https:\/\/www.historieta.es\/?product=professor-marston-the-wonder-women\" \/>\n<meta property=\"og:site_name\" content=\"historieta\" \/>\n<meta property=\"article:modified_time\" content=\"2024-08-08T15:19:46+00:00\" \/>\n<meta property=\"og:image\" content=\"https:\/\/www.historieta.es\/wp-content\/uploads\/2024\/02\/Professor-Marston-and-the-Wonder-Women.png\" \/>\n\t<meta property=\"og:image:width\" content=\"600\" \/>\n\t<meta property=\"og:image:height\" content=\"600\" \/>\n\t<meta property=\"og:image:type\" content=\"image\/png\" \/>\n<meta name=\"twitter:card\" content=\"summary_large_image\" \/>\n<meta name=\"twitter:label1\" content=\"Tiempo de lectura\" \/>\n\t<meta name=\"twitter:data1\" content=\"6 minutos\" \/>\n<script type=\"application\/ld+json\" class=\"yoast-schema-graph\">{\"@context\":\"https:\/\/schema.org\",\"@graph\":[{\"@type\":\"WebPage\",\"@id\":\"https:\/\/www.historieta.es\/?product=professor-marston-the-wonder-women\",\"url\":\"https:\/\/www.historieta.es\/?product=professor-marston-the-wonder-women\",\"name\":\"Professor Marston & the Wonder Women\",\"isPartOf\":{\"@id\":\"https:\/\/www.historieta.es\/#website\"},\"primaryImageOfPage\":{\"@id\":\"https:\/\/www.historieta.es\/?product=professor-marston-the-wonder-women#primaryimage\"},\"image\":{\"@id\":\"https:\/\/www.historieta.es\/?product=professor-marston-the-wonder-women#primaryimage\"},\"thumbnailUrl\":\"https:\/\/www.historieta.es\/wp-content\/uploads\/2024\/02\/Professor-Marston-and-the-Wonder-Women.png\",\"datePublished\":\"2024-02-14T12:03:22+00:00\",\"dateModified\":\"2024-08-08T15:19:46+00:00\",\"breadcrumb\":{\"@id\":\"https:\/\/www.historieta.es\/?product=professor-marston-the-wonder-women#breadcrumb\"},\"inLanguage\":\"es\",\"potentialAction\":[{\"@type\":\"ReadAction\",\"target\":[\"https:\/\/www.historieta.es\/?product=professor-marston-the-wonder-women\"]}]},{\"@type\":\"ImageObject\",\"inLanguage\":\"es\",\"@id\":\"https:\/\/www.historieta.es\/?product=professor-marston-the-wonder-women#primaryimage\",\"url\":\"https:\/\/www.historieta.es\/wp-content\/uploads\/2024\/02\/Professor-Marston-and-the-Wonder-Women.png\",\"contentUrl\":\"https:\/\/www.historieta.es\/wp-content\/uploads\/2024\/02\/Professor-Marston-and-the-Wonder-Women.png\",\"width\":600,\"height\":600},{\"@type\":\"BreadcrumbList\",\"@id\":\"https:\/\/www.historieta.es\/?product=professor-marston-the-wonder-women#breadcrumb\",\"itemListElement\":[{\"@type\":\"ListItem\",\"position\":1,\"name\":\"Portada\",\"item\":\"https:\/\/www.historieta.es\/\"},{\"@type\":\"ListItem\",\"position\":2,\"name\":\"Productos\",\"item\":\"https:\/\/www.historieta.es\/?post_type=product\"},{\"@type\":\"ListItem\",\"position\":3,\"name\":\"Professor Marston &#038; the Wonder Women\"}]},{\"@type\":\"WebSite\",\"@id\":\"https:\/\/www.historieta.es\/#website\",\"url\":\"https:\/\/www.historieta.es\/\",\"name\":\"historieta\",\"description\":\"sitio de comic\",\"potentialAction\":[{\"@type\":\"SearchAction\",\"target\":{\"@type\":\"EntryPoint\",\"urlTemplate\":\"https:\/\/www.historieta.es\/?s={search_term_string}\"},\"query-input\":{\"@type\":\"PropertyValueSpecification\",\"valueRequired\":true,\"valueName\":\"search_term_string\"}}],\"inLanguage\":\"es\"}]}<\/script>\n<!-- \/ Yoast SEO plugin. -->","yoast_head_json":{"title":"Professor Marston & the Wonder Women","robots":{"index":"index","follow":"follow","max-snippet":"max-snippet:-1","max-image-preview":"max-image-preview:large","max-video-preview":"max-video-preview:-1"},"canonical":"https:\/\/www.historieta.es\/?product=professor-marston-the-wonder-women","og_locale":"es_ES","og_type":"article","og_title":"Professor Marston & the Wonder Women","og_description":"Professor Marston &amp; the Wonder Women, USA, Wonder Woman, Superh\u00e9roes, Angela Robinson, William Moulton Marston","og_url":"https:\/\/www.historieta.es\/?product=professor-marston-the-wonder-women","og_site_name":"historieta","article_modified_time":"2024-08-08T15:19:46+00:00","og_image":[{"width":600,"height":600,"url":"https:\/\/www.historieta.es\/wp-content\/uploads\/2024\/02\/Professor-Marston-and-the-Wonder-Women.png","type":"image\/png"}],"twitter_card":"summary_large_image","twitter_misc":{"Tiempo de lectura":"6 minutos"},"schema":{"@context":"https:\/\/schema.org","@graph":[{"@type":"WebPage","@id":"https:\/\/www.historieta.es\/?product=professor-marston-the-wonder-women","url":"https:\/\/www.historieta.es\/?product=professor-marston-the-wonder-women","name":"Professor Marston & the Wonder Women","isPartOf":{"@id":"https:\/\/www.historieta.es\/#website"},"primaryImageOfPage":{"@id":"https:\/\/www.historieta.es\/?product=professor-marston-the-wonder-women#primaryimage"},"image":{"@id":"https:\/\/www.historieta.es\/?product=professor-marston-the-wonder-women#primaryimage"},"thumbnailUrl":"https:\/\/www.historieta.es\/wp-content\/uploads\/2024\/02\/Professor-Marston-and-the-Wonder-Women.png","datePublished":"2024-02-14T12:03:22+00:00","dateModified":"2024-08-08T15:19:46+00:00","breadcrumb":{"@id":"https:\/\/www.historieta.es\/?product=professor-marston-the-wonder-women#breadcrumb"},"inLanguage":"es","potentialAction":[{"@type":"ReadAction","target":["https:\/\/www.historieta.es\/?product=professor-marston-the-wonder-women"]}]},{"@type":"ImageObject","inLanguage":"es","@id":"https:\/\/www.historieta.es\/?product=professor-marston-the-wonder-women#primaryimage","url":"https:\/\/www.historieta.es\/wp-content\/uploads\/2024\/02\/Professor-Marston-and-the-Wonder-Women.png","contentUrl":"https:\/\/www.historieta.es\/wp-content\/uploads\/2024\/02\/Professor-Marston-and-the-Wonder-Women.png","width":600,"height":600},{"@type":"BreadcrumbList","@id":"https:\/\/www.historieta.es\/?product=professor-marston-the-wonder-women#breadcrumb","itemListElement":[{"@type":"ListItem","position":1,"name":"Portada","item":"https:\/\/www.historieta.es\/"},{"@type":"ListItem","position":2,"name":"Productos","item":"https:\/\/www.historieta.es\/?post_type=product"},{"@type":"ListItem","position":3,"name":"Professor Marston &#038; the Wonder Women"}]},{"@type":"WebSite","@id":"https:\/\/www.historieta.es\/#website","url":"https:\/\/www.historieta.es\/","name":"historieta","description":"sitio de comic","potentialAction":[{"@type":"SearchAction","target":{"@type":"EntryPoint","urlTemplate":"https:\/\/www.historieta.es\/?s={search_term_string}"},"query-input":{"@type":"PropertyValueSpecification","valueRequired":true,"valueName":"search_term_string"}}],"inLanguage":"es"}]}},"_links":{"self":[{"href":"https:\/\/www.historieta.es\/index.php?rest_route=\/wp\/v2\/product\/9348","targetHints":{"allow":["GET"]}}],"collection":[{"href":"https:\/\/www.historieta.es\/index.php?rest_route=\/wp\/v2\/product"}],"about":[{"href":"https:\/\/www.historieta.es\/index.php?rest_route=\/wp\/v2\/types\/product"}],"wp:featuredmedia":[{"embeddable":true,"href":"https:\/\/www.historieta.es\/index.php?rest_route=\/wp\/v2\/media\/9349"}],"wp:attachment":[{"href":"https:\/\/www.historieta.es\/index.php?rest_route=%2Fwp%2Fv2%2Fmedia&parent=9348"}],"wp:term":[{"taxonomy":"product_brand","embeddable":true,"href":"https:\/\/www.historieta.es\/index.php?rest_route=%2Fwp%2Fv2%2Fproduct_brand&post=9348"},{"taxonomy":"product_cat","embeddable":true,"href":"https:\/\/www.historieta.es\/index.php?rest_route=%2Fwp%2Fv2%2Fproduct_cat&post=9348"},{"taxonomy":"product_tag","embeddable":true,"href":"https:\/\/www.historieta.es\/index.php?rest_route=%2Fwp%2Fv2%2Fproduct_tag&post=9348"}],"curies":[{"name":"wp","href":"https:\/\/api.w.org\/{rel}","templated":true}]}}