{"id":8884,"date":"2024-01-19T08:30:10","date_gmt":"2024-01-19T08:30:10","guid":{"rendered":"https:\/\/www.historieta.es\/?post_type=product&#038;p=8884"},"modified":"2024-05-01T15:23:31","modified_gmt":"2024-05-01T15:23:31","slug":"dibujar-discursos-construir-imaginarios-prensa-y-caricatura-politica-en-espana-1836-1874","status":"publish","type":"product","link":"https:\/\/www.historieta.es\/?product=dibujar-discursos-construir-imaginarios-prensa-y-caricatura-politica-en-espana-1836-1874","title":{"rendered":"Dibujar discursos, construir imaginarios. Prensa y caricatura pol\u00edtica en Espa\u00f1a (1836-1874)"},"content":{"rendered":"<p>[et_pb_section fb_built=\u00bb1&#8243; _builder_version=\u00bb4.20.2&#8243; custom_margin=\u00bb-44px|0px|-44px|0px|true|true\u00bb custom_padding=\u00bb0px|0px|0px|0px|true|true\u00bb collapsed=\u00bboff\u00bb global_colors_info=\u00bb{}\u00bb][et_pb_row column_structure=\u00bb2_5,3_5&#8243; _builder_version=\u00bb4.20.2&#8243; background_size=\u00bbinitial\u00bb background_position=\u00bbtop_left\u00bb background_repeat=\u00bbrepeat\u00bb width=\u00bb100%\u00bb custom_margin=\u00bb0px|0px|0px|0px|true|true\u00bb custom_padding=\u00bb0px|0px|0px|0px|true|true\u00bb global_colors_info=\u00bb{}\u00bb][et_pb_column type=\u00bb2_5&#8243; _builder_version=\u00bb4.16&#8243; custom_padding=\u00bb|||\u00bb global_colors_info=\u00bb{}\u00bb custom_padding__hover=\u00bb|||\u00bb][et_pb_wc_images _builder_version=\u00bb4.20.2&#8243; box_shadow_style=\u00bbpreset1&#8243; global_colors_info=\u00bb{}\u00bb][\/et_pb_wc_images][\/et_pb_column][et_pb_column type=\u00bb3_5&#8243; _builder_version=\u00bb4.20.2&#8243; _module_preset=\u00bbdefault\u00bb global_colors_info=\u00bb{}\u00bb][et_pb_tabs _builder_version=\u00bb4.20.2&#8243; _module_preset=\u00bbdefault\u00bb global_colors_info=\u00bb{}\u00bb][et_pb_tab title=\u00bbDatos\u00bb _builder_version=\u00bb4.20.2&#8243; _module_preset=\u00bbdefault\u00bb global_colors_info=\u00bb{}\u00bb]<\/p>\n<p>Autor: Gonzalo Capell\u00e1n (ed.)<\/p>\n<p>Editorial: Ediciones Universidad de Cantabria<\/p>\n<p>Ciudad: Santander<\/p>\n<p>Pa\u00eds: Espa\u00f1a<\/p>\n<p>Tama\u00f1o: 17&#215;24<\/p>\n<p>P\u00e1ginas: 632<\/p>\n<p>A\u00f1o: 2022<\/p>\n<p>Dep\u00f3sito legal: SA 682-2021<\/p>\n<p>ISBN: 978-8417888824<\/p>\n<p><strong>IDIOMA: Castellano<br \/><\/strong><\/p>\n<p>[\/et_pb_tab][et_pb_tab title=\u00bbDescripci\u00f3n\u00bb _builder_version=\u00bb4.20.2&#8243; _module_preset=\u00bbdefault\u00bb global_colors_info=\u00bb{}\u00bb]<\/p>\n<p>Este libro propone al lector una nueva mirada a la historia de Espa\u00f1a desde la caricatura pol\u00edtica, su iconograf\u00eda y sus s\u00edmbolos. Con el fin de visualizar nuestra historia contempor\u00e1nea, junto al uso de diversas fuentes escritas, ofrece m\u00e1s de 300 im\u00e1genes originales, muchas de ellas in\u00e9ditas o de muy dif\u00edcil acceso al lector. Esta rica cultura visual, testimonio vivo del reinado de Isabel II, la revoluci\u00f3n de 1868 o la I Rep\u00fablica (1873), se difundi\u00f3 por numerosas v\u00edas, desde las publicaciones peri\u00f3dicas, aleluyas, fotomontajes, naipes\u2026 hasta las etiquetas de cajas de cerillas que se popularizaron entonces. El discurso dibujado en todos esos soportes, y sus autores materiales, los caricaturistas, los periodistas, los editores, impresores, lit\u00f3grafos, etc. nos aportan muchas claves para conocer mejor c\u00f3mo se fueron conformando y modificando los imaginarios sociales de la Espa\u00f1a contempor\u00e1nea. Adicionalmente, el lector encontrar\u00e1 en esta obra numerosos c\u00f3digos QR que le permitir\u00e1n contemplar con todo detalle muchas de las im\u00e1genes, cuyos originales se publicaron en formatos de gran tama\u00f1o, as\u00ed como obtenerlas en alta resoluci\u00f3n en el portal web de la editorial de la Universidad de Cantabria. <br \/>La editorial<\/p>\n<p>[\/et_pb_tab][et_pb_tab title=\u00bbBibliograf\u00eda\u00bb _builder_version=\u00bb4.20.2&#8243; _module_preset=\u00bbdefault\u00bb global_colors_info=\u00bb{}\u00bb][\/et_pb_tab][\/et_pb_tabs][et_pb_wc_title _builder_version=\u00bb4.20.2&#8243; header_font=\u00bb|600|||||||\u00bb header_text_color=\u00bb#0C71C3&#8243; header_font_size=\u00bb25px\u00bb custom_margin=\u00bb0px|0px|0px|0px|true|true\u00bb custom_padding=\u00bb0px|0px|0px|0px|true|true\u00bb global_colors_info=\u00bb{}\u00bb][\/et_pb_wc_title][\/et_pb_column][\/et_pb_row][\/et_pb_section][et_pb_section fb_built=\u00bb1&#8243; _builder_version=\u00bb4.20.2&#8243; _module_preset=\u00bbdefault\u00bb global_colors_info=\u00bb{}\u00bb][\/et_pb_section][et_pb_section fb_built=\u00bb1&#8243; _builder_version=\u00bb4.20.2&#8243; _module_preset=\u00bbdefault\u00bb global_colors_info=\u00bb{}\u00bb][\/et_pb_section]<\/p>\n","protected":false},"excerpt":{"rendered":"<p>Gonzalo Capell\u00e1n, Ediciones Universidad de Cantabria, Santander, Espa\u00f1a, Castellano, Prehistorieta<\/p>\n","protected":false},"featured_media":8885,"template":"","meta":{"_et_pb_use_builder":"on","_et_pb_old_content":"","_et_gb_content_width":"","_monsterinsights_skip_tracking":false,"_monsterinsights_sitenote_active":false,"_monsterinsights_sitenote_note":"","_monsterinsights_sitenote_category":0},"product_brand":[],"product_cat":[31,51,46,45],"product_tag":[],"class_list":{"0":"post-8884","1":"product","2":"type-product","3":"status-publish","4":"has-post-thumbnail","6":"product_cat-libros","7":"product_cat-tema-historia-de-la-historieta","8":"product_cat-tema-humor-en-la-prensa","9":"product_cat-tema-prehistorieta","11":"first","12":"instock","13":"shipping-taxable","14":"product-type-simple"},"yoast_head":"<!-- This site is optimized with the Yoast SEO plugin v27.2 - https:\/\/yoast.com\/product\/yoast-seo-wordpress\/ -->\n<title>Dibujar discursos, construir imaginarios. Prensa y caricatura pol\u00edtica en Espa\u00f1a (1836-1874)<\/title>\n<meta name=\"robots\" content=\"index, follow, max-snippet:-1, max-image-preview:large, max-video-preview:-1\" \/>\n<link rel=\"canonical\" href=\"https:\/\/www.historieta.es\/?product=dibujar-discursos-construir-imaginarios-prensa-y-caricatura-politica-en-espana-1836-1874\" \/>\n<meta property=\"og:locale\" content=\"es_ES\" \/>\n<meta property=\"og:type\" content=\"article\" \/>\n<meta property=\"og:title\" content=\"Dibujar discursos, construir imaginarios. Prensa y caricatura pol\u00edtica en Espa\u00f1a (1836-1874)\" \/>\n<meta property=\"og:description\" content=\"Gonzalo Capell\u00e1n, Ediciones Universidad de Cantabria, Santander, Espa\u00f1a, Castellano, Prehistorieta\" \/>\n<meta property=\"og:url\" content=\"https:\/\/www.historieta.es\/?product=dibujar-discursos-construir-imaginarios-prensa-y-caricatura-politica-en-espana-1836-1874\" \/>\n<meta property=\"og:site_name\" content=\"historieta\" \/>\n<meta property=\"article:modified_time\" content=\"2024-05-01T15:23:31+00:00\" \/>\n<meta property=\"og:image\" content=\"https:\/\/www.historieta.es\/wp-content\/uploads\/2024\/01\/Dibujar-discursos-construir-imaginarios.-Prensa-y-caricatura-politica-en-Espana-1836-1874.png\" \/>\n\t<meta property=\"og:image:width\" content=\"600\" \/>\n\t<meta property=\"og:image:height\" content=\"600\" \/>\n\t<meta property=\"og:image:type\" content=\"image\/png\" \/>\n<meta name=\"twitter:card\" content=\"summary_large_image\" \/>\n<meta name=\"twitter:label1\" content=\"Tiempo de lectura\" \/>\n\t<meta name=\"twitter:data1\" content=\"2 minutos\" \/>\n<script type=\"application\/ld+json\" class=\"yoast-schema-graph\">{\"@context\":\"https:\/\/schema.org\",\"@graph\":[{\"@type\":\"WebPage\",\"@id\":\"https:\/\/www.historieta.es\/?product=dibujar-discursos-construir-imaginarios-prensa-y-caricatura-politica-en-espana-1836-1874\",\"url\":\"https:\/\/www.historieta.es\/?product=dibujar-discursos-construir-imaginarios-prensa-y-caricatura-politica-en-espana-1836-1874\",\"name\":\"Dibujar discursos, construir imaginarios. Prensa y caricatura pol\u00edtica en Espa\u00f1a (1836-1874)\",\"isPartOf\":{\"@id\":\"https:\/\/www.historieta.es\/#website\"},\"primaryImageOfPage\":{\"@id\":\"https:\/\/www.historieta.es\/?product=dibujar-discursos-construir-imaginarios-prensa-y-caricatura-politica-en-espana-1836-1874#primaryimage\"},\"image\":{\"@id\":\"https:\/\/www.historieta.es\/?product=dibujar-discursos-construir-imaginarios-prensa-y-caricatura-politica-en-espana-1836-1874#primaryimage\"},\"thumbnailUrl\":\"https:\/\/www.historieta.es\/wp-content\/uploads\/2024\/01\/Dibujar-discursos-construir-imaginarios.-Prensa-y-caricatura-politica-en-Espana-1836-1874.png\",\"datePublished\":\"2024-01-19T08:30:10+00:00\",\"dateModified\":\"2024-05-01T15:23:31+00:00\",\"breadcrumb\":{\"@id\":\"https:\/\/www.historieta.es\/?product=dibujar-discursos-construir-imaginarios-prensa-y-caricatura-politica-en-espana-1836-1874#breadcrumb\"},\"inLanguage\":\"es\",\"potentialAction\":[{\"@type\":\"ReadAction\",\"target\":[\"https:\/\/www.historieta.es\/?product=dibujar-discursos-construir-imaginarios-prensa-y-caricatura-politica-en-espana-1836-1874\"]}]},{\"@type\":\"ImageObject\",\"inLanguage\":\"es\",\"@id\":\"https:\/\/www.historieta.es\/?product=dibujar-discursos-construir-imaginarios-prensa-y-caricatura-politica-en-espana-1836-1874#primaryimage\",\"url\":\"https:\/\/www.historieta.es\/wp-content\/uploads\/2024\/01\/Dibujar-discursos-construir-imaginarios.-Prensa-y-caricatura-politica-en-Espana-1836-1874.png\",\"contentUrl\":\"https:\/\/www.historieta.es\/wp-content\/uploads\/2024\/01\/Dibujar-discursos-construir-imaginarios.-Prensa-y-caricatura-politica-en-Espana-1836-1874.png\",\"width\":600,\"height\":600},{\"@type\":\"BreadcrumbList\",\"@id\":\"https:\/\/www.historieta.es\/?product=dibujar-discursos-construir-imaginarios-prensa-y-caricatura-politica-en-espana-1836-1874#breadcrumb\",\"itemListElement\":[{\"@type\":\"ListItem\",\"position\":1,\"name\":\"Portada\",\"item\":\"https:\/\/www.historieta.es\/\"},{\"@type\":\"ListItem\",\"position\":2,\"name\":\"Productos\",\"item\":\"https:\/\/www.historieta.es\/?post_type=product\"},{\"@type\":\"ListItem\",\"position\":3,\"name\":\"Dibujar discursos, construir imaginarios. Prensa y caricatura pol\u00edtica en Espa\u00f1a (1836-1874)\"}]},{\"@type\":\"WebSite\",\"@id\":\"https:\/\/www.historieta.es\/#website\",\"url\":\"https:\/\/www.historieta.es\/\",\"name\":\"historieta\",\"description\":\"sitio de comic\",\"potentialAction\":[{\"@type\":\"SearchAction\",\"target\":{\"@type\":\"EntryPoint\",\"urlTemplate\":\"https:\/\/www.historieta.es\/?s={search_term_string}\"},\"query-input\":{\"@type\":\"PropertyValueSpecification\",\"valueRequired\":true,\"valueName\":\"search_term_string\"}}],\"inLanguage\":\"es\"}]}<\/script>\n<!-- \/ Yoast SEO plugin. -->","yoast_head_json":{"title":"Dibujar discursos, construir imaginarios. Prensa y caricatura pol\u00edtica en Espa\u00f1a (1836-1874)","robots":{"index":"index","follow":"follow","max-snippet":"max-snippet:-1","max-image-preview":"max-image-preview:large","max-video-preview":"max-video-preview:-1"},"canonical":"https:\/\/www.historieta.es\/?product=dibujar-discursos-construir-imaginarios-prensa-y-caricatura-politica-en-espana-1836-1874","og_locale":"es_ES","og_type":"article","og_title":"Dibujar discursos, construir imaginarios. Prensa y caricatura pol\u00edtica en Espa\u00f1a (1836-1874)","og_description":"Gonzalo Capell\u00e1n, Ediciones Universidad de Cantabria, Santander, Espa\u00f1a, Castellano, Prehistorieta","og_url":"https:\/\/www.historieta.es\/?product=dibujar-discursos-construir-imaginarios-prensa-y-caricatura-politica-en-espana-1836-1874","og_site_name":"historieta","article_modified_time":"2024-05-01T15:23:31+00:00","og_image":[{"width":600,"height":600,"url":"https:\/\/www.historieta.es\/wp-content\/uploads\/2024\/01\/Dibujar-discursos-construir-imaginarios.-Prensa-y-caricatura-politica-en-Espana-1836-1874.png","type":"image\/png"}],"twitter_card":"summary_large_image","twitter_misc":{"Tiempo de lectura":"2 minutos"},"schema":{"@context":"https:\/\/schema.org","@graph":[{"@type":"WebPage","@id":"https:\/\/www.historieta.es\/?product=dibujar-discursos-construir-imaginarios-prensa-y-caricatura-politica-en-espana-1836-1874","url":"https:\/\/www.historieta.es\/?product=dibujar-discursos-construir-imaginarios-prensa-y-caricatura-politica-en-espana-1836-1874","name":"Dibujar discursos, construir imaginarios. Prensa y caricatura pol\u00edtica en Espa\u00f1a (1836-1874)","isPartOf":{"@id":"https:\/\/www.historieta.es\/#website"},"primaryImageOfPage":{"@id":"https:\/\/www.historieta.es\/?product=dibujar-discursos-construir-imaginarios-prensa-y-caricatura-politica-en-espana-1836-1874#primaryimage"},"image":{"@id":"https:\/\/www.historieta.es\/?product=dibujar-discursos-construir-imaginarios-prensa-y-caricatura-politica-en-espana-1836-1874#primaryimage"},"thumbnailUrl":"https:\/\/www.historieta.es\/wp-content\/uploads\/2024\/01\/Dibujar-discursos-construir-imaginarios.-Prensa-y-caricatura-politica-en-Espana-1836-1874.png","datePublished":"2024-01-19T08:30:10+00:00","dateModified":"2024-05-01T15:23:31+00:00","breadcrumb":{"@id":"https:\/\/www.historieta.es\/?product=dibujar-discursos-construir-imaginarios-prensa-y-caricatura-politica-en-espana-1836-1874#breadcrumb"},"inLanguage":"es","potentialAction":[{"@type":"ReadAction","target":["https:\/\/www.historieta.es\/?product=dibujar-discursos-construir-imaginarios-prensa-y-caricatura-politica-en-espana-1836-1874"]}]},{"@type":"ImageObject","inLanguage":"es","@id":"https:\/\/www.historieta.es\/?product=dibujar-discursos-construir-imaginarios-prensa-y-caricatura-politica-en-espana-1836-1874#primaryimage","url":"https:\/\/www.historieta.es\/wp-content\/uploads\/2024\/01\/Dibujar-discursos-construir-imaginarios.-Prensa-y-caricatura-politica-en-Espana-1836-1874.png","contentUrl":"https:\/\/www.historieta.es\/wp-content\/uploads\/2024\/01\/Dibujar-discursos-construir-imaginarios.-Prensa-y-caricatura-politica-en-Espana-1836-1874.png","width":600,"height":600},{"@type":"BreadcrumbList","@id":"https:\/\/www.historieta.es\/?product=dibujar-discursos-construir-imaginarios-prensa-y-caricatura-politica-en-espana-1836-1874#breadcrumb","itemListElement":[{"@type":"ListItem","position":1,"name":"Portada","item":"https:\/\/www.historieta.es\/"},{"@type":"ListItem","position":2,"name":"Productos","item":"https:\/\/www.historieta.es\/?post_type=product"},{"@type":"ListItem","position":3,"name":"Dibujar discursos, construir imaginarios. Prensa y caricatura pol\u00edtica en Espa\u00f1a (1836-1874)"}]},{"@type":"WebSite","@id":"https:\/\/www.historieta.es\/#website","url":"https:\/\/www.historieta.es\/","name":"historieta","description":"sitio de comic","potentialAction":[{"@type":"SearchAction","target":{"@type":"EntryPoint","urlTemplate":"https:\/\/www.historieta.es\/?s={search_term_string}"},"query-input":{"@type":"PropertyValueSpecification","valueRequired":true,"valueName":"search_term_string"}}],"inLanguage":"es"}]}},"_links":{"self":[{"href":"https:\/\/www.historieta.es\/index.php?rest_route=\/wp\/v2\/product\/8884","targetHints":{"allow":["GET"]}}],"collection":[{"href":"https:\/\/www.historieta.es\/index.php?rest_route=\/wp\/v2\/product"}],"about":[{"href":"https:\/\/www.historieta.es\/index.php?rest_route=\/wp\/v2\/types\/product"}],"wp:featuredmedia":[{"embeddable":true,"href":"https:\/\/www.historieta.es\/index.php?rest_route=\/wp\/v2\/media\/8885"}],"wp:attachment":[{"href":"https:\/\/www.historieta.es\/index.php?rest_route=%2Fwp%2Fv2%2Fmedia&parent=8884"}],"wp:term":[{"taxonomy":"product_brand","embeddable":true,"href":"https:\/\/www.historieta.es\/index.php?rest_route=%2Fwp%2Fv2%2Fproduct_brand&post=8884"},{"taxonomy":"product_cat","embeddable":true,"href":"https:\/\/www.historieta.es\/index.php?rest_route=%2Fwp%2Fv2%2Fproduct_cat&post=8884"},{"taxonomy":"product_tag","embeddable":true,"href":"https:\/\/www.historieta.es\/index.php?rest_route=%2Fwp%2Fv2%2Fproduct_tag&post=8884"}],"curies":[{"name":"wp","href":"https:\/\/api.w.org\/{rel}","templated":true}]}}