{"id":8624,"date":"2023-12-28T07:57:29","date_gmt":"2023-12-28T07:57:29","guid":{"rendered":"https:\/\/www.historieta.es\/?post_type=product&#038;p=8624"},"modified":"2024-05-01T20:52:06","modified_gmt":"2024-05-01T20:52:06","slug":"fabricantes-de-vinetas-marvel-comics-y-la-industria-de-la-historieta-estadounidense-del-siglo-xx","status":"publish","type":"product","link":"https:\/\/www.historieta.es\/?product=fabricantes-de-vinetas-marvel-comics-y-la-industria-de-la-historieta-estadounidense-del-siglo-xx","title":{"rendered":"Fabricantes de vi\u00f1etas. Marvel Comics y la industria de la historieta estadounidense del siglo XX"},"content":{"rendered":"<p>[et_pb_section fb_built=\u00bb1&#8243; _builder_version=\u00bb4.20.2&#8243; custom_margin=\u00bb-44px|0px|-44px|0px|true|true\u00bb custom_padding=\u00bb0px|0px|0px|0px|true|true\u00bb collapsed=\u00bboff\u00bb global_colors_info=\u00bb{}\u00bb theme_builder_area=\u00bbpost_content\u00bb][et_pb_row column_structure=\u00bb2_5,3_5&#8243; _builder_version=\u00bb4.20.2&#8243; background_size=\u00bbinitial\u00bb background_position=\u00bbtop_left\u00bb background_repeat=\u00bbrepeat\u00bb width=\u00bb100%\u00bb custom_margin=\u00bb0px|0px|0px|0px|true|true\u00bb custom_padding=\u00bb0px|0px|0px|0px|true|true\u00bb global_colors_info=\u00bb{}\u00bb theme_builder_area=\u00bbpost_content\u00bb][et_pb_column type=\u00bb2_5&#8243; _builder_version=\u00bb4.16&#8243; custom_padding=\u00bb|||\u00bb global_colors_info=\u00bb{}\u00bb custom_padding__hover=\u00bb|||\u00bb theme_builder_area=\u00bbpost_content\u00bb][et_pb_wc_images _builder_version=\u00bb4.20.2&#8243; box_shadow_style=\u00bbpreset1&#8243; global_colors_info=\u00bb{}\u00bb theme_builder_area=\u00bbpost_content\u00bb][\/et_pb_wc_images][\/et_pb_column][et_pb_column type=\u00bb3_5&#8243; _builder_version=\u00bb4.20.2&#8243; _module_preset=\u00bbdefault\u00bb global_colors_info=\u00bb{}\u00bb theme_builder_area=\u00bbpost_content\u00bb][et_pb_tabs _builder_version=\u00bb4.20.2&#8243; _module_preset=\u00bbdefault\u00bb hover_enabled=\u00bb0&#8243; global_colors_info=\u00bb{}\u00bb theme_builder_area=\u00bbpost_content\u00bb sticky_enabled=\u00bb0&#8243;][et_pb_tab title=\u00bbDatos\u00bb _builder_version=\u00bb4.20.2&#8243; _module_preset=\u00bbdefault\u00bb hover_enabled=\u00bb0&#8243; global_colors_info=\u00bb{}\u00bb theme_builder_area=\u00bbpost_content\u00bb sticky_enabled=\u00bb0&#8243;]<\/p>\n<p>Autor: Jos\u00e9 Joaqu\u00edn Rodr\u00edguez Moreno<\/p>\n<p>Editorial: Universidad de C\u00e1diz<\/p>\n<p>Ciudad: C\u00e1diz<\/p>\n<p>Pa\u00eds: Espa\u00f1a<\/p>\n<p>Tama\u00f1o: 17&#215;24<\/p>\n<p>P\u00e1ginas: 256<\/p>\n<p>A\u00f1o: 2019<\/p>\n<p>Dep\u00f3sito legal:<\/p>\n<p>ISBN: 978-8498287714<\/p>\n<p><strong>IDIOMA: Castellano<br \/><\/strong><\/p>\n<p>[\/et_pb_tab][et_pb_tab title=\u00bbDescripci\u00f3n\u00bb _builder_version=\u00bb4.20.2&#8243; _module_preset=\u00bbdefault\u00bb hover_enabled=\u00bb0&#8243; global_colors_info=\u00bb{}\u00bb theme_builder_area=\u00bbpost_content\u00bb sticky_enabled=\u00bb0&#8243;]<\/p>\n<p>Marvel Comics ha producido algunos de los mitos modernos m\u00e1s populares del siglo XX, en buena medida porque sus personajes no solo viv\u00edan incre\u00edbles aventuras, sino que tambi\u00e9n reflejaban el mundo y las inquietudes de su tiempo: el Capit\u00e1n Am\u00e9rica y su lucha contra los totalitarismos, los X-Men y su mensaje de tolerancia e integraci\u00f3n, el monstruoso Hulk y el miedo a la energ\u00eda at\u00f3mica. Sin embargo, estos personajes y sus c\u00f3mics no se crearon solos. Tras ellos nos encontramos varias generaciones de autores y autoras que volcaron en aquellas historietas sus miedos y esperanzas, pero tambi\u00e9n diversos p\u00fablicos que hicieron suyas aquellas aventuras y su mensaje. En Los fabricantes de vi\u00f1etas, Jos\u00e9 Joaqu\u00edn Rodr\u00edguez Moreno analiza el sistema de producci\u00f3n de estas historietas, la constante tensi\u00f3n entre los factores creativos y comerciales, la discriminaci\u00f3n de las autoras en unas editoriales predominantemente masculinas, la evoluci\u00f3n del consumo de las historietas y los g\u00e9neros preferidos, la censura y la transformaci\u00f3n de los propios lectores a lo largo de las d\u00e9cadas. El resultado es una investigaci\u00f3n que abarca sesenta a\u00f1os de historia, miles de c\u00f3mics y decenas de personajes, con un \u00fanico objetivo: saber c\u00f3mo se crean y consumen los mitos en las vi\u00f1etas.<br \/>La editorial<\/p>\n<p>[\/et_pb_tab][et_pb_tab title=\u00bbBibliograf\u00eda\u00bb _builder_version=\u00bb4.20.2&#8243; _module_preset=\u00bbdefault\u00bb global_colors_info=\u00bb{}\u00bb theme_builder_area=\u00bbpost_content\u00bb][\/et_pb_tab][\/et_pb_tabs][et_pb_wc_title _builder_version=\u00bb4.20.2&#8243; header_font=\u00bb|600|||||||\u00bb header_text_color=\u00bb#0C71C3&#8243; header_font_size=\u00bb25px\u00bb custom_margin=\u00bb0px|0px|0px|0px|true|true\u00bb custom_padding=\u00bb0px|0px|0px|0px|true|true\u00bb global_colors_info=\u00bb{}\u00bb theme_builder_area=\u00bbpost_content\u00bb][\/et_pb_wc_title][\/et_pb_column][\/et_pb_row][\/et_pb_section][et_pb_section fb_built=\u00bb1&#8243; _builder_version=\u00bb4.20.2&#8243; _module_preset=\u00bbdefault\u00bb global_colors_info=\u00bb{}\u00bb theme_builder_area=\u00bbpost_content\u00bb][\/et_pb_section][et_pb_section fb_built=\u00bb1&#8243; _builder_version=\u00bb4.20.2&#8243; _module_preset=\u00bbdefault\u00bb global_colors_info=\u00bb{}\u00bb theme_builder_area=\u00bbpost_content\u00bb][\/et_pb_section]<\/p>\n","protected":false},"excerpt":{"rendered":"<p>Jos\u00e9 Joaqu\u00edn Rodr\u00edguez Moreno, Universidad de C\u00e1diz, Espa\u00f1a, Castellano, Marvel, Superh\u00e9roes<\/p>\n","protected":false},"featured_media":8625,"template":"","meta":{"_et_pb_use_builder":"on","_et_pb_old_content":"","_et_gb_content_width":"","_monsterinsights_skip_tracking":false,"_monsterinsights_sitenote_active":false,"_monsterinsights_sitenote_note":"","_monsterinsights_sitenote_category":0},"product_brand":[],"product_cat":[31,53],"product_tag":[],"class_list":{"0":"post-8624","1":"product","2":"type-product","3":"status-publish","4":"has-post-thumbnail","6":"product_cat-libros","7":"product_cat-tema-superheroes","9":"first","10":"instock","11":"shipping-taxable","12":"product-type-simple"},"yoast_head":"<!-- This site is optimized with the Yoast SEO plugin v27.2 - https:\/\/yoast.com\/product\/yoast-seo-wordpress\/ -->\n<title>Fabricantes de vi\u00f1etas. Marvel Comics y la industria de la historieta estadounidense del siglo XX<\/title>\n<meta name=\"robots\" content=\"index, follow, max-snippet:-1, max-image-preview:large, max-video-preview:-1\" \/>\n<link rel=\"canonical\" href=\"https:\/\/www.historieta.es\/?product=fabricantes-de-vinetas-marvel-comics-y-la-industria-de-la-historieta-estadounidense-del-siglo-xx\" \/>\n<meta property=\"og:locale\" content=\"es_ES\" \/>\n<meta property=\"og:type\" content=\"article\" \/>\n<meta property=\"og:title\" content=\"Fabricantes de vi\u00f1etas. Marvel Comics y la industria de la historieta estadounidense del siglo XX\" \/>\n<meta property=\"og:description\" content=\"Jos\u00e9 Joaqu\u00edn Rodr\u00edguez Moreno, Universidad de C\u00e1diz, Espa\u00f1a, Castellano, Marvel, Superh\u00e9roes\" \/>\n<meta property=\"og:url\" content=\"https:\/\/www.historieta.es\/?product=fabricantes-de-vinetas-marvel-comics-y-la-industria-de-la-historieta-estadounidense-del-siglo-xx\" \/>\n<meta property=\"og:site_name\" content=\"historieta\" \/>\n<meta property=\"article:modified_time\" content=\"2024-05-01T20:52:06+00:00\" \/>\n<meta property=\"og:image\" content=\"https:\/\/www.historieta.es\/wp-content\/uploads\/2023\/12\/Fabricantes-de-vinetas.-Marvel-Comics-y-la-industria-de-la-historieta-estadounidense-del-siglo-XX.png\" \/>\n\t<meta property=\"og:image:width\" content=\"600\" \/>\n\t<meta property=\"og:image:height\" content=\"600\" \/>\n\t<meta property=\"og:image:type\" content=\"image\/png\" \/>\n<meta name=\"twitter:card\" content=\"summary_large_image\" \/>\n<meta name=\"twitter:label1\" content=\"Tiempo de lectura\" \/>\n\t<meta name=\"twitter:data1\" content=\"3 minutos\" \/>\n<script type=\"application\/ld+json\" class=\"yoast-schema-graph\">{\"@context\":\"https:\/\/schema.org\",\"@graph\":[{\"@type\":\"WebPage\",\"@id\":\"https:\/\/www.historieta.es\/?product=fabricantes-de-vinetas-marvel-comics-y-la-industria-de-la-historieta-estadounidense-del-siglo-xx\",\"url\":\"https:\/\/www.historieta.es\/?product=fabricantes-de-vinetas-marvel-comics-y-la-industria-de-la-historieta-estadounidense-del-siglo-xx\",\"name\":\"Fabricantes de vi\u00f1etas. Marvel Comics y la industria de la historieta estadounidense del siglo XX\",\"isPartOf\":{\"@id\":\"https:\/\/www.historieta.es\/#website\"},\"primaryImageOfPage\":{\"@id\":\"https:\/\/www.historieta.es\/?product=fabricantes-de-vinetas-marvel-comics-y-la-industria-de-la-historieta-estadounidense-del-siglo-xx#primaryimage\"},\"image\":{\"@id\":\"https:\/\/www.historieta.es\/?product=fabricantes-de-vinetas-marvel-comics-y-la-industria-de-la-historieta-estadounidense-del-siglo-xx#primaryimage\"},\"thumbnailUrl\":\"https:\/\/www.historieta.es\/wp-content\/uploads\/2023\/12\/Fabricantes-de-vinetas.-Marvel-Comics-y-la-industria-de-la-historieta-estadounidense-del-siglo-XX.png\",\"datePublished\":\"2023-12-28T07:57:29+00:00\",\"dateModified\":\"2024-05-01T20:52:06+00:00\",\"breadcrumb\":{\"@id\":\"https:\/\/www.historieta.es\/?product=fabricantes-de-vinetas-marvel-comics-y-la-industria-de-la-historieta-estadounidense-del-siglo-xx#breadcrumb\"},\"inLanguage\":\"es\",\"potentialAction\":[{\"@type\":\"ReadAction\",\"target\":[\"https:\/\/www.historieta.es\/?product=fabricantes-de-vinetas-marvel-comics-y-la-industria-de-la-historieta-estadounidense-del-siglo-xx\"]}]},{\"@type\":\"ImageObject\",\"inLanguage\":\"es\",\"@id\":\"https:\/\/www.historieta.es\/?product=fabricantes-de-vinetas-marvel-comics-y-la-industria-de-la-historieta-estadounidense-del-siglo-xx#primaryimage\",\"url\":\"https:\/\/www.historieta.es\/wp-content\/uploads\/2023\/12\/Fabricantes-de-vinetas.-Marvel-Comics-y-la-industria-de-la-historieta-estadounidense-del-siglo-XX.png\",\"contentUrl\":\"https:\/\/www.historieta.es\/wp-content\/uploads\/2023\/12\/Fabricantes-de-vinetas.-Marvel-Comics-y-la-industria-de-la-historieta-estadounidense-del-siglo-XX.png\",\"width\":600,\"height\":600},{\"@type\":\"BreadcrumbList\",\"@id\":\"https:\/\/www.historieta.es\/?product=fabricantes-de-vinetas-marvel-comics-y-la-industria-de-la-historieta-estadounidense-del-siglo-xx#breadcrumb\",\"itemListElement\":[{\"@type\":\"ListItem\",\"position\":1,\"name\":\"Portada\",\"item\":\"https:\/\/www.historieta.es\/\"},{\"@type\":\"ListItem\",\"position\":2,\"name\":\"Productos\",\"item\":\"https:\/\/www.historieta.es\/?post_type=product\"},{\"@type\":\"ListItem\",\"position\":3,\"name\":\"Fabricantes de vi\u00f1etas. Marvel Comics y la industria de la historieta estadounidense del siglo XX\"}]},{\"@type\":\"WebSite\",\"@id\":\"https:\/\/www.historieta.es\/#website\",\"url\":\"https:\/\/www.historieta.es\/\",\"name\":\"historieta\",\"description\":\"sitio de comic\",\"potentialAction\":[{\"@type\":\"SearchAction\",\"target\":{\"@type\":\"EntryPoint\",\"urlTemplate\":\"https:\/\/www.historieta.es\/?s={search_term_string}\"},\"query-input\":{\"@type\":\"PropertyValueSpecification\",\"valueRequired\":true,\"valueName\":\"search_term_string\"}}],\"inLanguage\":\"es\"}]}<\/script>\n<!-- \/ Yoast SEO plugin. -->","yoast_head_json":{"title":"Fabricantes de vi\u00f1etas. Marvel Comics y la industria de la historieta estadounidense del siglo XX","robots":{"index":"index","follow":"follow","max-snippet":"max-snippet:-1","max-image-preview":"max-image-preview:large","max-video-preview":"max-video-preview:-1"},"canonical":"https:\/\/www.historieta.es\/?product=fabricantes-de-vinetas-marvel-comics-y-la-industria-de-la-historieta-estadounidense-del-siglo-xx","og_locale":"es_ES","og_type":"article","og_title":"Fabricantes de vi\u00f1etas. Marvel Comics y la industria de la historieta estadounidense del siglo XX","og_description":"Jos\u00e9 Joaqu\u00edn Rodr\u00edguez Moreno, Universidad de C\u00e1diz, Espa\u00f1a, Castellano, Marvel, Superh\u00e9roes","og_url":"https:\/\/www.historieta.es\/?product=fabricantes-de-vinetas-marvel-comics-y-la-industria-de-la-historieta-estadounidense-del-siglo-xx","og_site_name":"historieta","article_modified_time":"2024-05-01T20:52:06+00:00","og_image":[{"width":600,"height":600,"url":"https:\/\/www.historieta.es\/wp-content\/uploads\/2023\/12\/Fabricantes-de-vinetas.-Marvel-Comics-y-la-industria-de-la-historieta-estadounidense-del-siglo-XX.png","type":"image\/png"}],"twitter_card":"summary_large_image","twitter_misc":{"Tiempo de lectura":"3 minutos"},"schema":{"@context":"https:\/\/schema.org","@graph":[{"@type":"WebPage","@id":"https:\/\/www.historieta.es\/?product=fabricantes-de-vinetas-marvel-comics-y-la-industria-de-la-historieta-estadounidense-del-siglo-xx","url":"https:\/\/www.historieta.es\/?product=fabricantes-de-vinetas-marvel-comics-y-la-industria-de-la-historieta-estadounidense-del-siglo-xx","name":"Fabricantes de vi\u00f1etas. Marvel Comics y la industria de la historieta estadounidense del siglo XX","isPartOf":{"@id":"https:\/\/www.historieta.es\/#website"},"primaryImageOfPage":{"@id":"https:\/\/www.historieta.es\/?product=fabricantes-de-vinetas-marvel-comics-y-la-industria-de-la-historieta-estadounidense-del-siglo-xx#primaryimage"},"image":{"@id":"https:\/\/www.historieta.es\/?product=fabricantes-de-vinetas-marvel-comics-y-la-industria-de-la-historieta-estadounidense-del-siglo-xx#primaryimage"},"thumbnailUrl":"https:\/\/www.historieta.es\/wp-content\/uploads\/2023\/12\/Fabricantes-de-vinetas.-Marvel-Comics-y-la-industria-de-la-historieta-estadounidense-del-siglo-XX.png","datePublished":"2023-12-28T07:57:29+00:00","dateModified":"2024-05-01T20:52:06+00:00","breadcrumb":{"@id":"https:\/\/www.historieta.es\/?product=fabricantes-de-vinetas-marvel-comics-y-la-industria-de-la-historieta-estadounidense-del-siglo-xx#breadcrumb"},"inLanguage":"es","potentialAction":[{"@type":"ReadAction","target":["https:\/\/www.historieta.es\/?product=fabricantes-de-vinetas-marvel-comics-y-la-industria-de-la-historieta-estadounidense-del-siglo-xx"]}]},{"@type":"ImageObject","inLanguage":"es","@id":"https:\/\/www.historieta.es\/?product=fabricantes-de-vinetas-marvel-comics-y-la-industria-de-la-historieta-estadounidense-del-siglo-xx#primaryimage","url":"https:\/\/www.historieta.es\/wp-content\/uploads\/2023\/12\/Fabricantes-de-vinetas.-Marvel-Comics-y-la-industria-de-la-historieta-estadounidense-del-siglo-XX.png","contentUrl":"https:\/\/www.historieta.es\/wp-content\/uploads\/2023\/12\/Fabricantes-de-vinetas.-Marvel-Comics-y-la-industria-de-la-historieta-estadounidense-del-siglo-XX.png","width":600,"height":600},{"@type":"BreadcrumbList","@id":"https:\/\/www.historieta.es\/?product=fabricantes-de-vinetas-marvel-comics-y-la-industria-de-la-historieta-estadounidense-del-siglo-xx#breadcrumb","itemListElement":[{"@type":"ListItem","position":1,"name":"Portada","item":"https:\/\/www.historieta.es\/"},{"@type":"ListItem","position":2,"name":"Productos","item":"https:\/\/www.historieta.es\/?post_type=product"},{"@type":"ListItem","position":3,"name":"Fabricantes de vi\u00f1etas. Marvel Comics y la industria de la historieta estadounidense del siglo XX"}]},{"@type":"WebSite","@id":"https:\/\/www.historieta.es\/#website","url":"https:\/\/www.historieta.es\/","name":"historieta","description":"sitio de comic","potentialAction":[{"@type":"SearchAction","target":{"@type":"EntryPoint","urlTemplate":"https:\/\/www.historieta.es\/?s={search_term_string}"},"query-input":{"@type":"PropertyValueSpecification","valueRequired":true,"valueName":"search_term_string"}}],"inLanguage":"es"}]}},"_links":{"self":[{"href":"https:\/\/www.historieta.es\/index.php?rest_route=\/wp\/v2\/product\/8624","targetHints":{"allow":["GET"]}}],"collection":[{"href":"https:\/\/www.historieta.es\/index.php?rest_route=\/wp\/v2\/product"}],"about":[{"href":"https:\/\/www.historieta.es\/index.php?rest_route=\/wp\/v2\/types\/product"}],"wp:featuredmedia":[{"embeddable":true,"href":"https:\/\/www.historieta.es\/index.php?rest_route=\/wp\/v2\/media\/8625"}],"wp:attachment":[{"href":"https:\/\/www.historieta.es\/index.php?rest_route=%2Fwp%2Fv2%2Fmedia&parent=8624"}],"wp:term":[{"taxonomy":"product_brand","embeddable":true,"href":"https:\/\/www.historieta.es\/index.php?rest_route=%2Fwp%2Fv2%2Fproduct_brand&post=8624"},{"taxonomy":"product_cat","embeddable":true,"href":"https:\/\/www.historieta.es\/index.php?rest_route=%2Fwp%2Fv2%2Fproduct_cat&post=8624"},{"taxonomy":"product_tag","embeddable":true,"href":"https:\/\/www.historieta.es\/index.php?rest_route=%2Fwp%2Fv2%2Fproduct_tag&post=8624"}],"curies":[{"name":"wp","href":"https:\/\/api.w.org\/{rel}","templated":true}]}}