{"id":8167,"date":"2023-12-05T09:48:22","date_gmt":"2023-12-05T09:48:22","guid":{"rendered":"https:\/\/www.historieta.es\/?post_type=product&#038;p=8167"},"modified":"2023-12-05T09:48:53","modified_gmt":"2023-12-05T09:48:53","slug":"ganaderia-trashumante","status":"publish","type":"product","link":"https:\/\/www.historieta.es\/?product=ganaderia-trashumante","title":{"rendered":"Ganaderia trashumante"},"content":{"rendered":"<p>[et_pb_section fb_built=\u00bb1&#8243; _builder_version=\u00bb4.20.2&#8243; custom_margin=\u00bb-44px|0px|-44px|0px|true|true\u00bb custom_padding=\u00bb0px|0px|0px|0px|true|true\u00bb collapsed=\u00bboff\u00bb global_colors_info=\u00bb{}\u00bb theme_builder_area=\u00bbpost_content\u00bb][et_pb_row column_structure=\u00bb2_5,3_5&#8243; _builder_version=\u00bb4.20.2&#8243; background_size=\u00bbinitial\u00bb background_position=\u00bbtop_left\u00bb background_repeat=\u00bbrepeat\u00bb width=\u00bb100%\u00bb custom_margin=\u00bb0px|0px|0px|0px|true|true\u00bb custom_padding=\u00bb0px|0px|0px|0px|true|true\u00bb global_colors_info=\u00bb{}\u00bb theme_builder_area=\u00bbpost_content\u00bb][et_pb_column type=\u00bb2_5&#8243; _builder_version=\u00bb4.16&#8243; custom_padding=\u00bb|||\u00bb global_colors_info=\u00bb{}\u00bb custom_padding__hover=\u00bb|||\u00bb theme_builder_area=\u00bbpost_content\u00bb][et_pb_wc_images _builder_version=\u00bb4.20.2&#8243; box_shadow_style=\u00bbpreset1&#8243; global_colors_info=\u00bb{}\u00bb theme_builder_area=\u00bbpost_content\u00bb][\/et_pb_wc_images][\/et_pb_column][et_pb_column type=\u00bb3_5&#8243; _builder_version=\u00bb4.20.2&#8243; _module_preset=\u00bbdefault\u00bb global_colors_info=\u00bb{}\u00bb theme_builder_area=\u00bbpost_content\u00bb][et_pb_tabs _builder_version=\u00bb4.20.2&#8243; _module_preset=\u00bbdefault\u00bb hover_enabled=\u00bb0&#8243; global_colors_info=\u00bb{}\u00bb theme_builder_area=\u00bbpost_content\u00bb sticky_enabled=\u00bb0&#8243;][et_pb_tab title=\u00bbDatos\u00bb _builder_version=\u00bb4.20.2&#8243; _module_preset=\u00bbdefault\u00bb hover_enabled=\u00bb0&#8243; global_colors_info=\u00bb{}\u00bb theme_builder_area=\u00bbpost_content\u00bb sticky_enabled=\u00bb0&#8243;]<\/p>\n<p>Tipo: Prozine<\/p>\n<p>Aparici\u00f3n: 1997<\/p>\n<p>Desaparici\u00f3n: 2003<\/p>\n<p>Editor: Ediciones Trashumantes<\/p>\n<p>Ciudad: Valencia<\/p>\n<p>N\u00fameros: 5<\/p>\n<p>Tama\u00f1o #1: 17&#215;24<\/p>\n<p>P\u00e1ginas #1: 292<\/p>\n<p>G\u00e9nero:<\/p>\n<p>Clase: de historieta<\/p>\n<p>Dep\u00f3sito legal:<\/p>\n<p>ISBN:<\/p>\n<p><strong>IDIOMA: Castellano<br \/><\/strong><\/p>\n<p>[\/et_pb_tab][et_pb_tab title=\u00bbDescripci\u00f3n\u00bb _builder_version=\u00bb4.20.2&#8243; _module_preset=\u00bbdefault\u00bb hover_enabled=\u00bb0&#8243; global_colors_info=\u00bb{}\u00bb theme_builder_area=\u00bbpost_content\u00bb sticky_enabled=\u00bb0&#8243;]<\/p>\n<p>El p\u00e1ter de Ediciones Trashumantes, el Reverendo Dennis Morgan Keller (MacDiego), nos pide en la editorial del primer n\u00famero de Ganader\u00eda Trashumante, el fanzine m\u00e1s gordo del mundo, que seamos serios, o acabaremos dando una imagen vulgar y desvalorizante de nosotros mismos. Yeso es precisamente lo que ofrece la revista Ganader\u00eda Trashumante: seriedad impert\u00e9rrita ante tanto asunto serio.<br \/>Abierta a cientos de artistas y dise\u00f1adores, la revista derrama irreverencia con coherencia, freakismo solvente y un \u201ctodo vale\u201d muy selecto. Encuadernada en preciosas tapas serigrafiadas por Color Deluxe, la serigraf\u00eda de confianza, es ideal como mamotreto para equilibrar todo tipo de mesillas de noche y adem\u00e1s entretiene.<br \/>Editor: MacDiego, Natxo Allende, Alex Fito. Alberto Garc\u00eda. \u00c1lvarez Rabo, Jaime Mart\u00edn. Rojas de la C\u00e1mara, Paco Roca, Juaco Vizuete, Monteys, Mart\u00ed, Laura, Micharmut, Josep de Haro, Javier Palacios, Calo, Gallardo, Jos\u00e9 Mart\u00ed Parre\u00f1o, VarilloIgnacio Vidal-Folch, Lajar\u00edn, Guibo<\/p>\n<p>[\/et_pb_tab][et_pb_tab title=\u00bbBibliograf\u00eda\u00bb _builder_version=\u00bb4.20.2&#8243; _module_preset=\u00bbdefault\u00bb global_colors_info=\u00bb{}\u00bb theme_builder_area=\u00bbpost_content\u00bb][\/et_pb_tab][\/et_pb_tabs][et_pb_wc_title _builder_version=\u00bb4.20.2&#8243; header_font=\u00bb|600|||||||\u00bb header_text_color=\u00bb#0C71C3&#8243; header_font_size=\u00bb25px\u00bb custom_margin=\u00bb0px|0px|0px|0px|true|true\u00bb custom_padding=\u00bb0px|0px|0px|0px|true|true\u00bb global_colors_info=\u00bb{}\u00bb theme_builder_area=\u00bbpost_content\u00bb][\/et_pb_wc_title][\/et_pb_column][\/et_pb_row][\/et_pb_section][et_pb_section fb_built=\u00bb1&#8243; _builder_version=\u00bb4.20.2&#8243; _module_preset=\u00bbdefault\u00bb global_colors_info=\u00bb{}\u00bb theme_builder_area=\u00bbpost_content\u00bb][et_pb_row _builder_version=\u00bb4.20.2&#8243; _module_preset=\u00bbdefault\u00bb global_colors_info=\u00bb{}\u00bb theme_builder_area=\u00bbpost_content\u00bb][et_pb_column type=\u00bb4_4&#8243; _builder_version=\u00bb4.20.2&#8243; _module_preset=\u00bbdefault\u00bb global_colors_info=\u00bb{}\u00bb theme_builder_area=\u00bbpost_content\u00bb][\/et_pb_column][\/et_pb_row][\/et_pb_section]<\/p>\n","protected":false},"excerpt":{"rendered":"<p>Castellano, Valencia, MacDiego, Natxo Allende, Alex Fito. Alberto Garc\u00eda. \u00c1lvarez Rabo, Jaime Mart\u00edn. Rojas de la C\u00e1mara, Paco Roca, Juaco Vizuete, Monteys, Mart\u00ed, Laura, Micharmut, Josep de Haro, Javier Palacios, Calo, Gallardo, Jos\u00e9 Mart\u00ed Parre\u00f1o, VarilloIgnacio Vidal-Folch, Lajar\u00edn, Guibo<\/p>\n","protected":false},"featured_media":8168,"template":"","meta":{"_et_pb_use_builder":"on","_et_pb_old_content":"","_et_gb_content_width":"","_monsterinsights_skip_tracking":false,"_monsterinsights_sitenote_active":false,"_monsterinsights_sitenote_note":"","_monsterinsights_sitenote_category":0},"product_brand":[],"product_cat":[34],"product_tag":[],"class_list":{"0":"post-8167","1":"product","2":"type-product","3":"status-publish","4":"has-post-thumbnail","6":"product_cat-fanzines-de-y-con-comics","8":"first","9":"instock","10":"shipping-taxable","11":"product-type-simple"},"yoast_head":"<!-- This site is optimized with the Yoast SEO plugin v27.2 - https:\/\/yoast.com\/product\/yoast-seo-wordpress\/ -->\n<title>Ganaderia trashumante<\/title>\n<meta name=\"robots\" content=\"index, follow, max-snippet:-1, max-image-preview:large, max-video-preview:-1\" \/>\n<link rel=\"canonical\" href=\"https:\/\/www.historieta.es\/?product=ganaderia-trashumante\" \/>\n<meta property=\"og:locale\" content=\"es_ES\" \/>\n<meta property=\"og:type\" content=\"article\" \/>\n<meta property=\"og:title\" content=\"Ganaderia trashumante\" \/>\n<meta property=\"og:description\" content=\"Castellano, Valencia, MacDiego, Natxo Allende, Alex Fito. Alberto Garc\u00eda. \u00c1lvarez Rabo, Jaime Mart\u00edn. Rojas de la C\u00e1mara, Paco Roca, Juaco Vizuete, Monteys, Mart\u00ed, Laura, Micharmut, Josep de Haro, Javier Palacios, Calo, Gallardo, Jos\u00e9 Mart\u00ed Parre\u00f1o, VarilloIgnacio Vidal-Folch, Lajar\u00edn, Guibo\" \/>\n<meta property=\"og:url\" content=\"https:\/\/www.historieta.es\/?product=ganaderia-trashumante\" \/>\n<meta property=\"og:site_name\" content=\"historieta\" \/>\n<meta property=\"article:modified_time\" content=\"2023-12-05T09:48:53+00:00\" \/>\n<meta property=\"og:image\" content=\"https:\/\/www.historieta.es\/wp-content\/uploads\/2023\/12\/ganaderia-trashumante-1.png\" \/>\n\t<meta property=\"og:image:width\" content=\"600\" \/>\n\t<meta property=\"og:image:height\" content=\"600\" \/>\n\t<meta property=\"og:image:type\" content=\"image\/png\" \/>\n<meta name=\"twitter:card\" content=\"summary_large_image\" \/>\n<meta name=\"twitter:label1\" content=\"Tiempo de lectura\" \/>\n\t<meta name=\"twitter:data1\" content=\"3 minutos\" \/>\n<script type=\"application\/ld+json\" class=\"yoast-schema-graph\">{\"@context\":\"https:\/\/schema.org\",\"@graph\":[{\"@type\":\"WebPage\",\"@id\":\"https:\/\/www.historieta.es\/?product=ganaderia-trashumante\",\"url\":\"https:\/\/www.historieta.es\/?product=ganaderia-trashumante\",\"name\":\"Ganaderia trashumante\",\"isPartOf\":{\"@id\":\"https:\/\/www.historieta.es\/#website\"},\"primaryImageOfPage\":{\"@id\":\"https:\/\/www.historieta.es\/?product=ganaderia-trashumante#primaryimage\"},\"image\":{\"@id\":\"https:\/\/www.historieta.es\/?product=ganaderia-trashumante#primaryimage\"},\"thumbnailUrl\":\"https:\/\/www.historieta.es\/wp-content\/uploads\/2023\/12\/ganaderia-trashumante-1.png\",\"datePublished\":\"2023-12-05T09:48:22+00:00\",\"dateModified\":\"2023-12-05T09:48:53+00:00\",\"breadcrumb\":{\"@id\":\"https:\/\/www.historieta.es\/?product=ganaderia-trashumante#breadcrumb\"},\"inLanguage\":\"es\",\"potentialAction\":[{\"@type\":\"ReadAction\",\"target\":[\"https:\/\/www.historieta.es\/?product=ganaderia-trashumante\"]}]},{\"@type\":\"ImageObject\",\"inLanguage\":\"es\",\"@id\":\"https:\/\/www.historieta.es\/?product=ganaderia-trashumante#primaryimage\",\"url\":\"https:\/\/www.historieta.es\/wp-content\/uploads\/2023\/12\/ganaderia-trashumante-1.png\",\"contentUrl\":\"https:\/\/www.historieta.es\/wp-content\/uploads\/2023\/12\/ganaderia-trashumante-1.png\",\"width\":600,\"height\":600},{\"@type\":\"BreadcrumbList\",\"@id\":\"https:\/\/www.historieta.es\/?product=ganaderia-trashumante#breadcrumb\",\"itemListElement\":[{\"@type\":\"ListItem\",\"position\":1,\"name\":\"Portada\",\"item\":\"https:\/\/www.historieta.es\/\"},{\"@type\":\"ListItem\",\"position\":2,\"name\":\"Productos\",\"item\":\"https:\/\/www.historieta.es\/?post_type=product\"},{\"@type\":\"ListItem\",\"position\":3,\"name\":\"Ganaderia trashumante\"}]},{\"@type\":\"WebSite\",\"@id\":\"https:\/\/www.historieta.es\/#website\",\"url\":\"https:\/\/www.historieta.es\/\",\"name\":\"historieta\",\"description\":\"sitio de comic\",\"potentialAction\":[{\"@type\":\"SearchAction\",\"target\":{\"@type\":\"EntryPoint\",\"urlTemplate\":\"https:\/\/www.historieta.es\/?s={search_term_string}\"},\"query-input\":{\"@type\":\"PropertyValueSpecification\",\"valueRequired\":true,\"valueName\":\"search_term_string\"}}],\"inLanguage\":\"es\"}]}<\/script>\n<!-- \/ Yoast SEO plugin. -->","yoast_head_json":{"title":"Ganaderia trashumante","robots":{"index":"index","follow":"follow","max-snippet":"max-snippet:-1","max-image-preview":"max-image-preview:large","max-video-preview":"max-video-preview:-1"},"canonical":"https:\/\/www.historieta.es\/?product=ganaderia-trashumante","og_locale":"es_ES","og_type":"article","og_title":"Ganaderia trashumante","og_description":"Castellano, Valencia, MacDiego, Natxo Allende, Alex Fito. Alberto Garc\u00eda. \u00c1lvarez Rabo, Jaime Mart\u00edn. Rojas de la C\u00e1mara, Paco Roca, Juaco Vizuete, Monteys, Mart\u00ed, Laura, Micharmut, Josep de Haro, Javier Palacios, Calo, Gallardo, Jos\u00e9 Mart\u00ed Parre\u00f1o, VarilloIgnacio Vidal-Folch, Lajar\u00edn, Guibo","og_url":"https:\/\/www.historieta.es\/?product=ganaderia-trashumante","og_site_name":"historieta","article_modified_time":"2023-12-05T09:48:53+00:00","og_image":[{"width":600,"height":600,"url":"https:\/\/www.historieta.es\/wp-content\/uploads\/2023\/12\/ganaderia-trashumante-1.png","type":"image\/png"}],"twitter_card":"summary_large_image","twitter_misc":{"Tiempo de lectura":"3 minutos"},"schema":{"@context":"https:\/\/schema.org","@graph":[{"@type":"WebPage","@id":"https:\/\/www.historieta.es\/?product=ganaderia-trashumante","url":"https:\/\/www.historieta.es\/?product=ganaderia-trashumante","name":"Ganaderia trashumante","isPartOf":{"@id":"https:\/\/www.historieta.es\/#website"},"primaryImageOfPage":{"@id":"https:\/\/www.historieta.es\/?product=ganaderia-trashumante#primaryimage"},"image":{"@id":"https:\/\/www.historieta.es\/?product=ganaderia-trashumante#primaryimage"},"thumbnailUrl":"https:\/\/www.historieta.es\/wp-content\/uploads\/2023\/12\/ganaderia-trashumante-1.png","datePublished":"2023-12-05T09:48:22+00:00","dateModified":"2023-12-05T09:48:53+00:00","breadcrumb":{"@id":"https:\/\/www.historieta.es\/?product=ganaderia-trashumante#breadcrumb"},"inLanguage":"es","potentialAction":[{"@type":"ReadAction","target":["https:\/\/www.historieta.es\/?product=ganaderia-trashumante"]}]},{"@type":"ImageObject","inLanguage":"es","@id":"https:\/\/www.historieta.es\/?product=ganaderia-trashumante#primaryimage","url":"https:\/\/www.historieta.es\/wp-content\/uploads\/2023\/12\/ganaderia-trashumante-1.png","contentUrl":"https:\/\/www.historieta.es\/wp-content\/uploads\/2023\/12\/ganaderia-trashumante-1.png","width":600,"height":600},{"@type":"BreadcrumbList","@id":"https:\/\/www.historieta.es\/?product=ganaderia-trashumante#breadcrumb","itemListElement":[{"@type":"ListItem","position":1,"name":"Portada","item":"https:\/\/www.historieta.es\/"},{"@type":"ListItem","position":2,"name":"Productos","item":"https:\/\/www.historieta.es\/?post_type=product"},{"@type":"ListItem","position":3,"name":"Ganaderia trashumante"}]},{"@type":"WebSite","@id":"https:\/\/www.historieta.es\/#website","url":"https:\/\/www.historieta.es\/","name":"historieta","description":"sitio de comic","potentialAction":[{"@type":"SearchAction","target":{"@type":"EntryPoint","urlTemplate":"https:\/\/www.historieta.es\/?s={search_term_string}"},"query-input":{"@type":"PropertyValueSpecification","valueRequired":true,"valueName":"search_term_string"}}],"inLanguage":"es"}]}},"_links":{"self":[{"href":"https:\/\/www.historieta.es\/index.php?rest_route=\/wp\/v2\/product\/8167","targetHints":{"allow":["GET"]}}],"collection":[{"href":"https:\/\/www.historieta.es\/index.php?rest_route=\/wp\/v2\/product"}],"about":[{"href":"https:\/\/www.historieta.es\/index.php?rest_route=\/wp\/v2\/types\/product"}],"wp:featuredmedia":[{"embeddable":true,"href":"https:\/\/www.historieta.es\/index.php?rest_route=\/wp\/v2\/media\/8168"}],"wp:attachment":[{"href":"https:\/\/www.historieta.es\/index.php?rest_route=%2Fwp%2Fv2%2Fmedia&parent=8167"}],"wp:term":[{"taxonomy":"product_brand","embeddable":true,"href":"https:\/\/www.historieta.es\/index.php?rest_route=%2Fwp%2Fv2%2Fproduct_brand&post=8167"},{"taxonomy":"product_cat","embeddable":true,"href":"https:\/\/www.historieta.es\/index.php?rest_route=%2Fwp%2Fv2%2Fproduct_cat&post=8167"},{"taxonomy":"product_tag","embeddable":true,"href":"https:\/\/www.historieta.es\/index.php?rest_route=%2Fwp%2Fv2%2Fproduct_tag&post=8167"}],"curies":[{"name":"wp","href":"https:\/\/api.w.org\/{rel}","templated":true}]}}