{"id":6993,"date":"2023-11-01T07:09:46","date_gmt":"2023-11-01T07:09:46","guid":{"rendered":"https:\/\/www.historieta.es\/?post_type=product&#038;p=6993"},"modified":"2024-03-26T07:51:02","modified_gmt":"2024-03-26T07:51:02","slug":"ops-el-roto-rabago-una-microhistoria-del-mundo","status":"publish","type":"product","link":"https:\/\/www.historieta.es\/?product=ops-el-roto-rabago-una-microhistoria-del-mundo","title":{"rendered":"OPS, El Roto, R\u00e1bago. Una microhistoria del mundo"},"content":{"rendered":"<p>[et_pb_section fb_built=\u00bb1&#8243; _builder_version=\u00bb4.20.2&#8243; custom_margin=\u00bb-44px|0px|-44px|0px|true|true\u00bb custom_padding=\u00bb0px|0px|0px|0px|true|true\u00bb collapsed=\u00bboff\u00bb global_colors_info=\u00bb{}\u00bb theme_builder_area=\u00bbpost_content\u00bb][et_pb_row column_structure=\u00bb2_5,3_5&#8243; _builder_version=\u00bb4.20.2&#8243; background_size=\u00bbinitial\u00bb background_position=\u00bbtop_left\u00bb background_repeat=\u00bbrepeat\u00bb width=\u00bb100%\u00bb custom_margin=\u00bb0px|0px|0px|0px|true|true\u00bb custom_padding=\u00bb0px|0px|0px|0px|true|true\u00bb global_colors_info=\u00bb{}\u00bb theme_builder_area=\u00bbpost_content\u00bb][et_pb_column type=\u00bb2_5&#8243; _builder_version=\u00bb4.16&#8243; custom_padding=\u00bb|||\u00bb global_colors_info=\u00bb{}\u00bb custom_padding__hover=\u00bb|||\u00bb theme_builder_area=\u00bbpost_content\u00bb][et_pb_wc_images _builder_version=\u00bb4.20.2&#8243; box_shadow_style=\u00bbpreset1&#8243; global_colors_info=\u00bb{}\u00bb theme_builder_area=\u00bbpost_content\u00bb][\/et_pb_wc_images][\/et_pb_column][et_pb_column type=\u00bb3_5&#8243; _builder_version=\u00bb4.20.2&#8243; _module_preset=\u00bbdefault\u00bb global_colors_info=\u00bb{}\u00bb theme_builder_area=\u00bbpost_content\u00bb][et_pb_tabs _builder_version=\u00bb4.20.2&#8243; _module_preset=\u00bbdefault\u00bb hover_enabled=\u00bb0&#8243; global_colors_info=\u00bb{}\u00bb theme_builder_area=\u00bbpost_content\u00bb sticky_enabled=\u00bb0&#8243;][et_pb_tab title=\u00bbDatos\u00bb _builder_version=\u00bb4.20.2&#8243; _module_preset=\u00bbdefault\u00bb hover_enabled=\u00bb0&#8243; global_colors_info=\u00bb{}\u00bb theme_builder_area=\u00bbpost_content\u00bb sticky_enabled=\u00bb0&#8243;]<\/p>\n<p>Autor: \u00d3scar Curieses<\/p>\n<p>Entidad: Centro de Arte Jos\u00e9 Guerrero y CBA<\/p>\n<p>Ciudad: Granada<\/p>\n<p>Pa\u00eds: Espa\u00f1a<\/p>\n<p>Tama\u00f1o:<\/p>\n<p>P\u00e1ginas: 240<\/p>\n<p>A\u00f1o: 2022<\/p>\n<p>Dep\u00f3sito legal:<\/p>\n<p>ISBN: 978-8419233295<\/p>\n<p><strong>IDIOMA: Castellano<br \/><\/strong><\/p>\n<p>[\/et_pb_tab][et_pb_tab title=\u00bbDescripci\u00f3n\u00bb _builder_version=\u00bb4.20.2&#8243; _module_preset=\u00bbdefault\u00bb hover_enabled=\u00bb0&#8243; global_colors_info=\u00bb{}\u00bb theme_builder_area=\u00bbpost_content\u00bb sticky_enabled=\u00bb0&#8243;]<\/p>\n<p>Exposici\u00f3n celebrada en Granada y, posteriormente en el C\u00edrculo de Bellas Artes, de Madrid. El cat\u00e1logo recoge alrededor de 250 im\u00e1genes que abarcan la totalidad de su trayectoria: sus inicios como dibujante en prensa en los a\u00f1os setenta del siglo XX con el nombre de OPS; su consolidaci\u00f3n como vi\u00f1etista, ya en la democracia, con El Roto; y su faceta menos conocida, la de pintor, que desarrolla como R\u00e1bago. Los tres heter\u00f3nimos dan cuenta de un mismo mundo a trav\u00e9s de distintas perspectivas. En ellos encontramos ciertas recurrencias tem\u00e1ticas, motivos e im\u00e1genes que aparecen una y otra vez metamorfoseadas, y que ocupan distintos territorios o niveles de conciencia. Cada ejemplar cuenta con un afiche de una pintura de R\u00e1bago: hay 4 afiches distintos.<\/p>\n<p>[\/et_pb_tab][et_pb_tab title=\u00bbBibliograf\u00eda\u00bb _builder_version=\u00bb4.20.2&#8243; _module_preset=\u00bbdefault\u00bb global_colors_info=\u00bb{}\u00bb theme_builder_area=\u00bbpost_content\u00bb][\/et_pb_tab][\/et_pb_tabs][et_pb_wc_title _builder_version=\u00bb4.20.2&#8243; header_font=\u00bb|600|||||||\u00bb header_text_color=\u00bb#0C71C3&#8243; header_font_size=\u00bb25px\u00bb custom_margin=\u00bb0px|0px|0px|0px|true|true\u00bb custom_padding=\u00bb0px|0px|0px|0px|true|true\u00bb global_colors_info=\u00bb{}\u00bb theme_builder_area=\u00bbpost_content\u00bb][\/et_pb_wc_title][\/et_pb_column][\/et_pb_row][\/et_pb_section][et_pb_section fb_built=\u00bb1&#8243; _builder_version=\u00bb4.20.2&#8243; _module_preset=\u00bbdefault\u00bb global_colors_info=\u00bb{}\u00bb theme_builder_area=\u00bbpost_content\u00bb][\/et_pb_section][et_pb_section fb_built=\u00bb1&#8243; _builder_version=\u00bb4.20.2&#8243; _module_preset=\u00bbdefault\u00bb global_colors_info=\u00bb{}\u00bb theme_builder_area=\u00bbpost_content\u00bb][\/et_pb_section]<\/p>\n","protected":false},"excerpt":{"rendered":"<p>OPS, El Roto, R\u00e1bago, Esoa\u00f1a, Castellano, Granada<\/p>\n","protected":false},"featured_media":6994,"template":"","meta":{"_et_pb_use_builder":"on","_et_pb_old_content":"","_et_gb_content_width":"","_monsterinsights_skip_tracking":false,"_monsterinsights_sitenote_active":false,"_monsterinsights_sitenote_note":"","_monsterinsights_sitenote_category":0},"product_brand":[],"product_cat":[33],"product_tag":[],"class_list":{"0":"post-6993","1":"product","2":"type-product","3":"status-publish","4":"has-post-thumbnail","6":"product_cat-catalogos","8":"first","9":"instock","10":"shipping-taxable","11":"product-type-simple"},"yoast_head":"<!-- This site is optimized with the Yoast SEO plugin v27.2 - https:\/\/yoast.com\/product\/yoast-seo-wordpress\/ -->\n<title>OPS, El Roto, R\u00e1bago. Una microhistoria del mundo<\/title>\n<meta name=\"robots\" content=\"index, follow, max-snippet:-1, max-image-preview:large, max-video-preview:-1\" \/>\n<link rel=\"canonical\" href=\"https:\/\/www.historieta.es\/?product=ops-el-roto-rabago-una-microhistoria-del-mundo\" \/>\n<meta property=\"og:locale\" content=\"es_ES\" \/>\n<meta property=\"og:type\" content=\"article\" \/>\n<meta property=\"og:title\" content=\"OPS, El Roto, R\u00e1bago. Una microhistoria del mundo\" \/>\n<meta property=\"og:description\" content=\"OPS, El Roto, R\u00e1bago, Esoa\u00f1a, Castellano, Granada\" \/>\n<meta property=\"og:url\" content=\"https:\/\/www.historieta.es\/?product=ops-el-roto-rabago-una-microhistoria-del-mundo\" \/>\n<meta property=\"og:site_name\" content=\"historieta\" \/>\n<meta property=\"article:modified_time\" content=\"2024-03-26T07:51:02+00:00\" \/>\n<meta property=\"og:image\" content=\"https:\/\/www.historieta.es\/wp-content\/uploads\/2023\/11\/OPS-El-Roto-Rabago.-Una-microhistoria-del-mundo-catalogo.png\" \/>\n\t<meta property=\"og:image:width\" content=\"600\" \/>\n\t<meta property=\"og:image:height\" content=\"600\" \/>\n\t<meta property=\"og:image:type\" content=\"image\/png\" \/>\n<meta name=\"twitter:card\" content=\"summary_large_image\" \/>\n<script type=\"application\/ld+json\" class=\"yoast-schema-graph\">{\"@context\":\"https:\/\/schema.org\",\"@graph\":[{\"@type\":\"WebPage\",\"@id\":\"https:\/\/www.historieta.es\/?product=ops-el-roto-rabago-una-microhistoria-del-mundo\",\"url\":\"https:\/\/www.historieta.es\/?product=ops-el-roto-rabago-una-microhistoria-del-mundo\",\"name\":\"OPS, El Roto, R\u00e1bago. Una microhistoria del mundo\",\"isPartOf\":{\"@id\":\"https:\/\/www.historieta.es\/#website\"},\"primaryImageOfPage\":{\"@id\":\"https:\/\/www.historieta.es\/?product=ops-el-roto-rabago-una-microhistoria-del-mundo#primaryimage\"},\"image\":{\"@id\":\"https:\/\/www.historieta.es\/?product=ops-el-roto-rabago-una-microhistoria-del-mundo#primaryimage\"},\"thumbnailUrl\":\"https:\/\/www.historieta.es\/wp-content\/uploads\/2023\/11\/OPS-El-Roto-Rabago.-Una-microhistoria-del-mundo-catalogo.png\",\"datePublished\":\"2023-11-01T07:09:46+00:00\",\"dateModified\":\"2024-03-26T07:51:02+00:00\",\"breadcrumb\":{\"@id\":\"https:\/\/www.historieta.es\/?product=ops-el-roto-rabago-una-microhistoria-del-mundo#breadcrumb\"},\"inLanguage\":\"es\",\"potentialAction\":[{\"@type\":\"ReadAction\",\"target\":[\"https:\/\/www.historieta.es\/?product=ops-el-roto-rabago-una-microhistoria-del-mundo\"]}]},{\"@type\":\"ImageObject\",\"inLanguage\":\"es\",\"@id\":\"https:\/\/www.historieta.es\/?product=ops-el-roto-rabago-una-microhistoria-del-mundo#primaryimage\",\"url\":\"https:\/\/www.historieta.es\/wp-content\/uploads\/2023\/11\/OPS-El-Roto-Rabago.-Una-microhistoria-del-mundo-catalogo.png\",\"contentUrl\":\"https:\/\/www.historieta.es\/wp-content\/uploads\/2023\/11\/OPS-El-Roto-Rabago.-Una-microhistoria-del-mundo-catalogo.png\",\"width\":600,\"height\":600},{\"@type\":\"BreadcrumbList\",\"@id\":\"https:\/\/www.historieta.es\/?product=ops-el-roto-rabago-una-microhistoria-del-mundo#breadcrumb\",\"itemListElement\":[{\"@type\":\"ListItem\",\"position\":1,\"name\":\"Portada\",\"item\":\"https:\/\/www.historieta.es\/\"},{\"@type\":\"ListItem\",\"position\":2,\"name\":\"Productos\",\"item\":\"https:\/\/www.historieta.es\/?post_type=product\"},{\"@type\":\"ListItem\",\"position\":3,\"name\":\"OPS, El Roto, R\u00e1bago. Una microhistoria del mundo\"}]},{\"@type\":\"WebSite\",\"@id\":\"https:\/\/www.historieta.es\/#website\",\"url\":\"https:\/\/www.historieta.es\/\",\"name\":\"historieta\",\"description\":\"sitio de comic\",\"potentialAction\":[{\"@type\":\"SearchAction\",\"target\":{\"@type\":\"EntryPoint\",\"urlTemplate\":\"https:\/\/www.historieta.es\/?s={search_term_string}\"},\"query-input\":{\"@type\":\"PropertyValueSpecification\",\"valueRequired\":true,\"valueName\":\"search_term_string\"}}],\"inLanguage\":\"es\"}]}<\/script>\n<!-- \/ Yoast SEO plugin. -->","yoast_head_json":{"title":"OPS, El Roto, R\u00e1bago. Una microhistoria del mundo","robots":{"index":"index","follow":"follow","max-snippet":"max-snippet:-1","max-image-preview":"max-image-preview:large","max-video-preview":"max-video-preview:-1"},"canonical":"https:\/\/www.historieta.es\/?product=ops-el-roto-rabago-una-microhistoria-del-mundo","og_locale":"es_ES","og_type":"article","og_title":"OPS, El Roto, R\u00e1bago. Una microhistoria del mundo","og_description":"OPS, El Roto, R\u00e1bago, Esoa\u00f1a, Castellano, Granada","og_url":"https:\/\/www.historieta.es\/?product=ops-el-roto-rabago-una-microhistoria-del-mundo","og_site_name":"historieta","article_modified_time":"2024-03-26T07:51:02+00:00","og_image":[{"width":600,"height":600,"url":"https:\/\/www.historieta.es\/wp-content\/uploads\/2023\/11\/OPS-El-Roto-Rabago.-Una-microhistoria-del-mundo-catalogo.png","type":"image\/png"}],"twitter_card":"summary_large_image","schema":{"@context":"https:\/\/schema.org","@graph":[{"@type":"WebPage","@id":"https:\/\/www.historieta.es\/?product=ops-el-roto-rabago-una-microhistoria-del-mundo","url":"https:\/\/www.historieta.es\/?product=ops-el-roto-rabago-una-microhistoria-del-mundo","name":"OPS, El Roto, R\u00e1bago. Una microhistoria del mundo","isPartOf":{"@id":"https:\/\/www.historieta.es\/#website"},"primaryImageOfPage":{"@id":"https:\/\/www.historieta.es\/?product=ops-el-roto-rabago-una-microhistoria-del-mundo#primaryimage"},"image":{"@id":"https:\/\/www.historieta.es\/?product=ops-el-roto-rabago-una-microhistoria-del-mundo#primaryimage"},"thumbnailUrl":"https:\/\/www.historieta.es\/wp-content\/uploads\/2023\/11\/OPS-El-Roto-Rabago.-Una-microhistoria-del-mundo-catalogo.png","datePublished":"2023-11-01T07:09:46+00:00","dateModified":"2024-03-26T07:51:02+00:00","breadcrumb":{"@id":"https:\/\/www.historieta.es\/?product=ops-el-roto-rabago-una-microhistoria-del-mundo#breadcrumb"},"inLanguage":"es","potentialAction":[{"@type":"ReadAction","target":["https:\/\/www.historieta.es\/?product=ops-el-roto-rabago-una-microhistoria-del-mundo"]}]},{"@type":"ImageObject","inLanguage":"es","@id":"https:\/\/www.historieta.es\/?product=ops-el-roto-rabago-una-microhistoria-del-mundo#primaryimage","url":"https:\/\/www.historieta.es\/wp-content\/uploads\/2023\/11\/OPS-El-Roto-Rabago.-Una-microhistoria-del-mundo-catalogo.png","contentUrl":"https:\/\/www.historieta.es\/wp-content\/uploads\/2023\/11\/OPS-El-Roto-Rabago.-Una-microhistoria-del-mundo-catalogo.png","width":600,"height":600},{"@type":"BreadcrumbList","@id":"https:\/\/www.historieta.es\/?product=ops-el-roto-rabago-una-microhistoria-del-mundo#breadcrumb","itemListElement":[{"@type":"ListItem","position":1,"name":"Portada","item":"https:\/\/www.historieta.es\/"},{"@type":"ListItem","position":2,"name":"Productos","item":"https:\/\/www.historieta.es\/?post_type=product"},{"@type":"ListItem","position":3,"name":"OPS, El Roto, R\u00e1bago. Una microhistoria del mundo"}]},{"@type":"WebSite","@id":"https:\/\/www.historieta.es\/#website","url":"https:\/\/www.historieta.es\/","name":"historieta","description":"sitio de comic","potentialAction":[{"@type":"SearchAction","target":{"@type":"EntryPoint","urlTemplate":"https:\/\/www.historieta.es\/?s={search_term_string}"},"query-input":{"@type":"PropertyValueSpecification","valueRequired":true,"valueName":"search_term_string"}}],"inLanguage":"es"}]}},"_links":{"self":[{"href":"https:\/\/www.historieta.es\/index.php?rest_route=\/wp\/v2\/product\/6993","targetHints":{"allow":["GET"]}}],"collection":[{"href":"https:\/\/www.historieta.es\/index.php?rest_route=\/wp\/v2\/product"}],"about":[{"href":"https:\/\/www.historieta.es\/index.php?rest_route=\/wp\/v2\/types\/product"}],"wp:featuredmedia":[{"embeddable":true,"href":"https:\/\/www.historieta.es\/index.php?rest_route=\/wp\/v2\/media\/6994"}],"wp:attachment":[{"href":"https:\/\/www.historieta.es\/index.php?rest_route=%2Fwp%2Fv2%2Fmedia&parent=6993"}],"wp:term":[{"taxonomy":"product_brand","embeddable":true,"href":"https:\/\/www.historieta.es\/index.php?rest_route=%2Fwp%2Fv2%2Fproduct_brand&post=6993"},{"taxonomy":"product_cat","embeddable":true,"href":"https:\/\/www.historieta.es\/index.php?rest_route=%2Fwp%2Fv2%2Fproduct_cat&post=6993"},{"taxonomy":"product_tag","embeddable":true,"href":"https:\/\/www.historieta.es\/index.php?rest_route=%2Fwp%2Fv2%2Fproduct_tag&post=6993"}],"curies":[{"name":"wp","href":"https:\/\/api.w.org\/{rel}","templated":true}]}}