{"id":6858,"date":"2023-10-27T16:02:26","date_gmt":"2023-10-27T16:02:26","guid":{"rendered":"https:\/\/www.historieta.es\/?post_type=product&#038;p=6858"},"modified":"2024-03-26T10:54:55","modified_gmt":"2024-03-26T10:54:55","slug":"semana-negra-2010-100-bullets-100-balas-guia-de-lectura","status":"publish","type":"product","link":"https:\/\/www.historieta.es\/?product=semana-negra-2010-100-bullets-100-balas-guia-de-lectura","title":{"rendered":"Semana negra 2010 | 100 Bullets. 100 balas. Gu\u00eda de lectura"},"content":{"rendered":"<p>[et_pb_section fb_built=\u00bb1&#8243; _builder_version=\u00bb4.20.2&#8243; custom_margin=\u00bb-44px|0px|-44px|0px|true|true\u00bb custom_padding=\u00bb0px|0px|0px|0px|true|true\u00bb collapsed=\u00bboff\u00bb global_colors_info=\u00bb{}\u00bb][et_pb_row column_structure=\u00bb2_5,3_5&#8243; _builder_version=\u00bb4.20.2&#8243; background_size=\u00bbinitial\u00bb background_position=\u00bbtop_left\u00bb background_repeat=\u00bbrepeat\u00bb width=\u00bb100%\u00bb custom_margin=\u00bb0px|0px|0px|0px|true|true\u00bb custom_padding=\u00bb0px|0px|0px|0px|true|true\u00bb global_colors_info=\u00bb{}\u00bb][et_pb_column type=\u00bb2_5&#8243; _builder_version=\u00bb4.16&#8243; custom_padding=\u00bb|||\u00bb global_colors_info=\u00bb{}\u00bb custom_padding__hover=\u00bb|||\u00bb][et_pb_wc_images _builder_version=\u00bb4.20.2&#8243; box_shadow_style=\u00bbpreset1&#8243; global_colors_info=\u00bb{}\u00bb][\/et_pb_wc_images][\/et_pb_column][et_pb_column type=\u00bb3_5&#8243; _builder_version=\u00bb4.20.2&#8243; _module_preset=\u00bbdefault\u00bb global_colors_info=\u00bb{}\u00bb][et_pb_tabs _builder_version=\u00bb4.20.2&#8243; _module_preset=\u00bbdefault\u00bb hover_enabled=\u00bb0&#8243; global_colors_info=\u00bb{}\u00bb sticky_enabled=\u00bb0&#8243;][et_pb_tab title=\u00bbDatos\u00bb _builder_version=\u00bb4.20.2&#8243; _module_preset=\u00bbdefault\u00bb hover_enabled=\u00bb0&#8243; global_colors_info=\u00bb{}\u00bb sticky_enabled=\u00bb0&#8243;]<\/p>\n<p>Autor: Norm\u00e1n Fern\u00e1ndez, Pepe G\u00e1lvez<\/p>\n<p>Entidad: Semana negra de Gij\u00f3n<\/p>\n<p>Ciudad: Gij\u00f3n<\/p>\n<p>Pa\u00eds: Espa\u00f1a<\/p>\n<p>Tama\u00f1o: 17&#215;24<\/p>\n<p>P\u00e1ginas: 118<\/p>\n<p>A\u00f1o: 2010<\/p>\n<p>Dep\u00f3sito legal:<\/p>\n<p>ISBN:<\/p>\n<p><strong>IDIOMA: Castellano<br \/><\/strong><\/p>\n<p>[\/et_pb_tab][et_pb_tab title=\u00bbDescripci\u00f3n\u00bb _builder_version=\u00bb4.20.2&#8243; _module_preset=\u00bbdefault\u00bb global_colors_info=\u00bb{}\u00bb]<\/p>\n<p>100 balas es una colecci\u00f3n de 100 comic-books de 24 p\u00e1ginas, editados por la l\u00ednea Vertigo de DC Comics entre agosto de 1999 y Junio de 2009. La serie presenta dos particularidades, muy poco habituales en la industria norteamericana del c\u00f3mic, por un lado, se trata de una colecci\u00f3n con 10 a\u00f1os de existencia que ha sido realizada en su totalidad por sus dos autores; y por otro, se trata de uno de los pocos casos en el que los creadores conservan los derechos de autor. Todo esto convierte a 100 balas en un conjunto donde el c\u00f3mic comercial y el mantenimiento del concepto de autor\u00eda se dan la mano.<br \/>100 Balas (100 Bullets en su edici\u00f3n original) es una historieta de la editorial Vertigo Comics, la versi\u00f3n adulta de la editorial DC Comics, escrita por el norteamericano Brian Azzarello y el argentino Eduardo Risso. Fue ganadora de los premios Eisner y Harvey. Originalmente cuenta con 100 n\u00fameros.<\/p>\n<p>[\/et_pb_tab][et_pb_tab title=\u00bbBibliograf\u00eda\u00bb _builder_version=\u00bb4.20.2&#8243; _module_preset=\u00bbdefault\u00bb global_colors_info=\u00bb{}\u00bb][\/et_pb_tab][\/et_pb_tabs][et_pb_wc_title _builder_version=\u00bb4.20.2&#8243; header_font=\u00bb|600|||||||\u00bb header_text_color=\u00bb#0C71C3&#8243; header_font_size=\u00bb25px\u00bb custom_margin=\u00bb0px|0px|0px|0px|true|true\u00bb custom_padding=\u00bb0px|0px|0px|0px|true|true\u00bb global_colors_info=\u00bb{}\u00bb][\/et_pb_wc_title][\/et_pb_column][\/et_pb_row][\/et_pb_section][et_pb_section fb_built=\u00bb1&#8243; _builder_version=\u00bb4.20.2&#8243; _module_preset=\u00bbdefault\u00bb global_colors_info=\u00bb{}\u00bb][\/et_pb_section][et_pb_section fb_built=\u00bb1&#8243; _builder_version=\u00bb4.20.2&#8243; _module_preset=\u00bbdefault\u00bb global_colors_info=\u00bb{}\u00bb][\/et_pb_section]<\/p>\n","protected":false},"excerpt":{"rendered":"<p>Norm\u00e1n Fern\u00e1ndez, Pepe G\u00e1lvez, Gij\u00f3n, Espa\u00f1a, Castellano, Brian Azzarello, Eduardo Risso, Castellano<\/p>\n","protected":false},"featured_media":6861,"template":"","meta":{"_et_pb_use_builder":"on","_et_pb_old_content":"","_et_gb_content_width":"","_monsterinsights_skip_tracking":false,"_monsterinsights_sitenote_active":false,"_monsterinsights_sitenote_note":"","_monsterinsights_sitenote_category":0},"product_brand":[],"product_cat":[33],"product_tag":[],"class_list":{"0":"post-6858","1":"product","2":"type-product","3":"status-publish","4":"has-post-thumbnail","6":"product_cat-catalogos","8":"first","9":"instock","10":"shipping-taxable","11":"product-type-simple"},"yoast_head":"<!-- This site is optimized with the Yoast SEO plugin v27.2 - https:\/\/yoast.com\/product\/yoast-seo-wordpress\/ -->\n<title>Semana negra 2010 | 100 Bullets. 100 balas. Gu\u00eda de lectura<\/title>\n<meta name=\"robots\" content=\"index, follow, max-snippet:-1, max-image-preview:large, max-video-preview:-1\" \/>\n<link rel=\"canonical\" href=\"https:\/\/www.historieta.es\/?product=semana-negra-2010-100-bullets-100-balas-guia-de-lectura\" \/>\n<meta property=\"og:locale\" content=\"es_ES\" \/>\n<meta property=\"og:type\" content=\"article\" \/>\n<meta property=\"og:title\" content=\"Semana negra 2010 | 100 Bullets. 100 balas. Gu\u00eda de lectura\" \/>\n<meta property=\"og:description\" content=\"Norm\u00e1n Fern\u00e1ndez, Pepe G\u00e1lvez, Gij\u00f3n, Espa\u00f1a, Castellano, Brian Azzarello, Eduardo Risso, Castellano\" \/>\n<meta property=\"og:url\" content=\"https:\/\/www.historieta.es\/?product=semana-negra-2010-100-bullets-100-balas-guia-de-lectura\" \/>\n<meta property=\"og:site_name\" content=\"historieta\" \/>\n<meta property=\"article:modified_time\" content=\"2024-03-26T10:54:55+00:00\" \/>\n<meta property=\"og:image\" content=\"https:\/\/www.historieta.es\/wp-content\/uploads\/2023\/10\/100-Bullets-_-100-balas.-Guia-de-lectura.png\" \/>\n\t<meta property=\"og:image:width\" content=\"600\" \/>\n\t<meta property=\"og:image:height\" content=\"600\" \/>\n\t<meta property=\"og:image:type\" content=\"image\/png\" \/>\n<meta name=\"twitter:card\" content=\"summary_large_image\" \/>\n<meta name=\"twitter:label1\" content=\"Tiempo de lectura\" \/>\n\t<meta name=\"twitter:data1\" content=\"2 minutos\" \/>\n<script type=\"application\/ld+json\" class=\"yoast-schema-graph\">{\"@context\":\"https:\/\/schema.org\",\"@graph\":[{\"@type\":\"WebPage\",\"@id\":\"https:\/\/www.historieta.es\/?product=semana-negra-2010-100-bullets-100-balas-guia-de-lectura\",\"url\":\"https:\/\/www.historieta.es\/?product=semana-negra-2010-100-bullets-100-balas-guia-de-lectura\",\"name\":\"Semana negra 2010 | 100 Bullets. 100 balas. Gu\u00eda de lectura\",\"isPartOf\":{\"@id\":\"https:\/\/www.historieta.es\/#website\"},\"primaryImageOfPage\":{\"@id\":\"https:\/\/www.historieta.es\/?product=semana-negra-2010-100-bullets-100-balas-guia-de-lectura#primaryimage\"},\"image\":{\"@id\":\"https:\/\/www.historieta.es\/?product=semana-negra-2010-100-bullets-100-balas-guia-de-lectura#primaryimage\"},\"thumbnailUrl\":\"https:\/\/www.historieta.es\/wp-content\/uploads\/2023\/10\/100-Bullets-_-100-balas.-Guia-de-lectura.png\",\"datePublished\":\"2023-10-27T16:02:26+00:00\",\"dateModified\":\"2024-03-26T10:54:55+00:00\",\"breadcrumb\":{\"@id\":\"https:\/\/www.historieta.es\/?product=semana-negra-2010-100-bullets-100-balas-guia-de-lectura#breadcrumb\"},\"inLanguage\":\"es\",\"potentialAction\":[{\"@type\":\"ReadAction\",\"target\":[\"https:\/\/www.historieta.es\/?product=semana-negra-2010-100-bullets-100-balas-guia-de-lectura\"]}]},{\"@type\":\"ImageObject\",\"inLanguage\":\"es\",\"@id\":\"https:\/\/www.historieta.es\/?product=semana-negra-2010-100-bullets-100-balas-guia-de-lectura#primaryimage\",\"url\":\"https:\/\/www.historieta.es\/wp-content\/uploads\/2023\/10\/100-Bullets-_-100-balas.-Guia-de-lectura.png\",\"contentUrl\":\"https:\/\/www.historieta.es\/wp-content\/uploads\/2023\/10\/100-Bullets-_-100-balas.-Guia-de-lectura.png\",\"width\":600,\"height\":600},{\"@type\":\"BreadcrumbList\",\"@id\":\"https:\/\/www.historieta.es\/?product=semana-negra-2010-100-bullets-100-balas-guia-de-lectura#breadcrumb\",\"itemListElement\":[{\"@type\":\"ListItem\",\"position\":1,\"name\":\"Portada\",\"item\":\"https:\/\/www.historieta.es\/\"},{\"@type\":\"ListItem\",\"position\":2,\"name\":\"Productos\",\"item\":\"https:\/\/www.historieta.es\/?post_type=product\"},{\"@type\":\"ListItem\",\"position\":3,\"name\":\"Semana negra 2010 | 100 Bullets. 100 balas. Gu\u00eda de lectura\"}]},{\"@type\":\"WebSite\",\"@id\":\"https:\/\/www.historieta.es\/#website\",\"url\":\"https:\/\/www.historieta.es\/\",\"name\":\"historieta\",\"description\":\"sitio de comic\",\"potentialAction\":[{\"@type\":\"SearchAction\",\"target\":{\"@type\":\"EntryPoint\",\"urlTemplate\":\"https:\/\/www.historieta.es\/?s={search_term_string}\"},\"query-input\":{\"@type\":\"PropertyValueSpecification\",\"valueRequired\":true,\"valueName\":\"search_term_string\"}}],\"inLanguage\":\"es\"}]}<\/script>\n<!-- \/ Yoast SEO plugin. -->","yoast_head_json":{"title":"Semana negra 2010 | 100 Bullets. 100 balas. Gu\u00eda de lectura","robots":{"index":"index","follow":"follow","max-snippet":"max-snippet:-1","max-image-preview":"max-image-preview:large","max-video-preview":"max-video-preview:-1"},"canonical":"https:\/\/www.historieta.es\/?product=semana-negra-2010-100-bullets-100-balas-guia-de-lectura","og_locale":"es_ES","og_type":"article","og_title":"Semana negra 2010 | 100 Bullets. 100 balas. Gu\u00eda de lectura","og_description":"Norm\u00e1n Fern\u00e1ndez, Pepe G\u00e1lvez, Gij\u00f3n, Espa\u00f1a, Castellano, Brian Azzarello, Eduardo Risso, Castellano","og_url":"https:\/\/www.historieta.es\/?product=semana-negra-2010-100-bullets-100-balas-guia-de-lectura","og_site_name":"historieta","article_modified_time":"2024-03-26T10:54:55+00:00","og_image":[{"width":600,"height":600,"url":"https:\/\/www.historieta.es\/wp-content\/uploads\/2023\/10\/100-Bullets-_-100-balas.-Guia-de-lectura.png","type":"image\/png"}],"twitter_card":"summary_large_image","twitter_misc":{"Tiempo de lectura":"2 minutos"},"schema":{"@context":"https:\/\/schema.org","@graph":[{"@type":"WebPage","@id":"https:\/\/www.historieta.es\/?product=semana-negra-2010-100-bullets-100-balas-guia-de-lectura","url":"https:\/\/www.historieta.es\/?product=semana-negra-2010-100-bullets-100-balas-guia-de-lectura","name":"Semana negra 2010 | 100 Bullets. 100 balas. Gu\u00eda de lectura","isPartOf":{"@id":"https:\/\/www.historieta.es\/#website"},"primaryImageOfPage":{"@id":"https:\/\/www.historieta.es\/?product=semana-negra-2010-100-bullets-100-balas-guia-de-lectura#primaryimage"},"image":{"@id":"https:\/\/www.historieta.es\/?product=semana-negra-2010-100-bullets-100-balas-guia-de-lectura#primaryimage"},"thumbnailUrl":"https:\/\/www.historieta.es\/wp-content\/uploads\/2023\/10\/100-Bullets-_-100-balas.-Guia-de-lectura.png","datePublished":"2023-10-27T16:02:26+00:00","dateModified":"2024-03-26T10:54:55+00:00","breadcrumb":{"@id":"https:\/\/www.historieta.es\/?product=semana-negra-2010-100-bullets-100-balas-guia-de-lectura#breadcrumb"},"inLanguage":"es","potentialAction":[{"@type":"ReadAction","target":["https:\/\/www.historieta.es\/?product=semana-negra-2010-100-bullets-100-balas-guia-de-lectura"]}]},{"@type":"ImageObject","inLanguage":"es","@id":"https:\/\/www.historieta.es\/?product=semana-negra-2010-100-bullets-100-balas-guia-de-lectura#primaryimage","url":"https:\/\/www.historieta.es\/wp-content\/uploads\/2023\/10\/100-Bullets-_-100-balas.-Guia-de-lectura.png","contentUrl":"https:\/\/www.historieta.es\/wp-content\/uploads\/2023\/10\/100-Bullets-_-100-balas.-Guia-de-lectura.png","width":600,"height":600},{"@type":"BreadcrumbList","@id":"https:\/\/www.historieta.es\/?product=semana-negra-2010-100-bullets-100-balas-guia-de-lectura#breadcrumb","itemListElement":[{"@type":"ListItem","position":1,"name":"Portada","item":"https:\/\/www.historieta.es\/"},{"@type":"ListItem","position":2,"name":"Productos","item":"https:\/\/www.historieta.es\/?post_type=product"},{"@type":"ListItem","position":3,"name":"Semana negra 2010 | 100 Bullets. 100 balas. Gu\u00eda de lectura"}]},{"@type":"WebSite","@id":"https:\/\/www.historieta.es\/#website","url":"https:\/\/www.historieta.es\/","name":"historieta","description":"sitio de comic","potentialAction":[{"@type":"SearchAction","target":{"@type":"EntryPoint","urlTemplate":"https:\/\/www.historieta.es\/?s={search_term_string}"},"query-input":{"@type":"PropertyValueSpecification","valueRequired":true,"valueName":"search_term_string"}}],"inLanguage":"es"}]}},"_links":{"self":[{"href":"https:\/\/www.historieta.es\/index.php?rest_route=\/wp\/v2\/product\/6858","targetHints":{"allow":["GET"]}}],"collection":[{"href":"https:\/\/www.historieta.es\/index.php?rest_route=\/wp\/v2\/product"}],"about":[{"href":"https:\/\/www.historieta.es\/index.php?rest_route=\/wp\/v2\/types\/product"}],"wp:featuredmedia":[{"embeddable":true,"href":"https:\/\/www.historieta.es\/index.php?rest_route=\/wp\/v2\/media\/6861"}],"wp:attachment":[{"href":"https:\/\/www.historieta.es\/index.php?rest_route=%2Fwp%2Fv2%2Fmedia&parent=6858"}],"wp:term":[{"taxonomy":"product_brand","embeddable":true,"href":"https:\/\/www.historieta.es\/index.php?rest_route=%2Fwp%2Fv2%2Fproduct_brand&post=6858"},{"taxonomy":"product_cat","embeddable":true,"href":"https:\/\/www.historieta.es\/index.php?rest_route=%2Fwp%2Fv2%2Fproduct_cat&post=6858"},{"taxonomy":"product_tag","embeddable":true,"href":"https:\/\/www.historieta.es\/index.php?rest_route=%2Fwp%2Fv2%2Fproduct_tag&post=6858"}],"curies":[{"name":"wp","href":"https:\/\/api.w.org\/{rel}","templated":true}]}}