{"id":6728,"date":"2023-10-09T06:20:06","date_gmt":"2023-10-09T06:20:06","guid":{"rendered":"https:\/\/www.historieta.es\/?post_type=product&#038;p=6728"},"modified":"2023-10-09T18:00:51","modified_gmt":"2023-10-09T18:00:51","slug":"conan-the-barbarian-1982","status":"publish","type":"product","link":"https:\/\/www.historieta.es\/?product=conan-the-barbarian-1982","title":{"rendered":"Conan the Barbarian (1982)"},"content":{"rendered":"<p>[et_pb_section fb_built=\u00bb1&#8243; _builder_version=\u00bb4.20.2&#8243; custom_margin=\u00bb-44px|0px|-44px|0px|true|true\u00bb custom_padding=\u00bb0px|0px|0px|0px|true|true\u00bb collapsed=\u00bboff\u00bb global_colors_info=\u00bb{}\u00bb theme_builder_area=\u00bbpost_content\u00bb][et_pb_row column_structure=\u00bb2_5,3_5&#8243; _builder_version=\u00bb4.20.2&#8243; background_size=\u00bbinitial\u00bb background_position=\u00bbtop_left\u00bb background_repeat=\u00bbrepeat\u00bb width=\u00bb100%\u00bb custom_margin=\u00bb0px|0px|0px|0px|true|true\u00bb custom_padding=\u00bb0px|0px|0px|0px|true|true\u00bb global_colors_info=\u00bb{}\u00bb theme_builder_area=\u00bbpost_content\u00bb][et_pb_column type=\u00bb2_5&#8243; _builder_version=\u00bb4.20.2&#8243; custom_padding=\u00bb|||\u00bb global_colors_info=\u00bb{}\u00bb custom_padding__hover=\u00bb|||\u00bb theme_builder_area=\u00bbpost_content\u00bb][et_pb_wc_images _builder_version=\u00bb4.20.2&#8243; box_shadow_style=\u00bbpreset1&#8243; global_colors_info=\u00bb{}\u00bb theme_builder_area=\u00bbpost_content\u00bb][\/et_pb_wc_images][\/et_pb_column][et_pb_column type=\u00bb3_5&#8243; _builder_version=\u00bb4.20.2&#8243; _module_preset=\u00bbdefault\u00bb global_colors_info=\u00bb{}\u00bb theme_builder_area=\u00bbpost_content\u00bb][et_pb_tabs _builder_version=\u00bb4.20.2&#8243; _module_preset=\u00bbdefault\u00bb hover_enabled=\u00bb0&#8243; global_colors_info=\u00bb{}\u00bb theme_builder_area=\u00bbpost_content\u00bb sticky_enabled=\u00bb0&#8243;][et_pb_tab title=\u00bbDatos\u00bb _builder_version=\u00bb4.20.2&#8243; _module_preset=\u00bbdefault\u00bb hover_enabled=\u00bb0&#8243; global_colors_info=\u00bb{}\u00bb theme_builder_area=\u00bbpost_content\u00bb sticky_enabled=\u00bb0&#8243;]<\/p>\n<p>T\u00edtulo espa\u00f1ol: Conan el b\u00e1rbaro<\/p>\n<p>Direcci\u00f3n: John Milius<\/p>\n<p>Gion: John Milius, Oliver Stone<\/p>\n<p>M\u00fasica: Basil Poledouris<\/p>\n<p>Fotograf\u00eda: Color<\/p>\n<p>Pa\u00eds: USA<\/p>\n<p>Duraci\u00f3n: 129<\/p>\n<p>A\u00f1o: 1982<\/p>\n<p>G\u00e9nero: Ficci\u00f3n<\/p>\n<p>Reparto: Arnold Schwarzenegger, James Earl Jones, Sandahl Bergman, Nadiuska<\/p>\n<p><strong>HISTORIETA: Conan the Barbarian<br \/><\/strong><\/p>\n<p>[\/et_pb_tab][et_pb_tab title=\u00bbSinopsis\u00bb _builder_version=\u00bb4.20.2&#8243; _module_preset=\u00bbdefault\u00bb hover_enabled=\u00bb0&#8243; global_colors_info=\u00bb{}\u00bb theme_builder_area=\u00bbpost_content\u00bb sticky_enabled=\u00bb0&#8243;]<\/p>\n<p>Narra la historia de un b\u00e1rbaro llamado Conan que busca venganza por la muerte de sus padres a manos de Thulsa Doom, el l\u00edder de una secta que adora a las serpientes.<\/p>\n<p>[\/et_pb_tab][et_pb_tab title=\u00bbDocumentaci\u00f3n\u00bb _builder_version=\u00bb4.20.2&#8243; _module_preset=\u00bbdefault\u00bb hover_enabled=\u00bb0&#8243; global_colors_info=\u00bb{}\u00bb theme_builder_area=\u00bbpost_content\u00bb sticky_enabled=\u00bb0&#8243;]<\/p>\n<p>Conan ha aparecido en historietas desde 1970 con pocas interrupciones. A partir de ese a\u00f1o y aparte de una historieta anterior no oficial publicada en M\u00e9xico, los dos editores m\u00e1s importantes han sido Marvel Comics y Dark Horse. Marvel lanz\u00f3 Conan the Barbarian (Conan el B\u00e1rbaro) de 1970 a 1993 y Savage Sword of Conan (La espada salvaje de Conan), adem\u00e1s de otras cabeceras como \u00abSavage Tales\u00bb (\u00abRelatos Salvajes\u00bb), \u00abConan Saga\u00bb o \u00abKing Conan\u00bb (\u00abConan Rey\u00bb), de 1974 a 2000. Dark Horse lanz\u00f3 por su parte su serie de Conan en 2003 y actualmente publica tambi\u00e9n compilaciones de las historietas de Marvel de los a\u00f1os 1970 en formato de novela gr\u00e1fica. Los relatos de Howard fueron adaptados m\u00e1s o menos de manera fiel por Marvel de la mano del guionista Roy Thomas y el dibujante Barry Windsor-Smith. Smith fue sustituido posteriormente por John Buscema, mientras Thomas sigui\u00f3 escribiendo muchos a\u00f1os. Otros escritores sobre Conan el B\u00e1rbaro fueron Stan Lee, Wally Wood, Jim Owsley (tambi\u00e9n llamado Christopher Priest) o Michael Fleisher. El escritor de Savage Sword of Conan fue Thomas y la mayor parte de los dibujos fueron realizados por Buscema, Alfredo Alcal\u00e1 o Gil Kane. Tambi\u00e9n fueron adaptadas como tira de prensa dominical desde el 4 de septiembre de 1978 al 12 de abril de 1981. Al principio escrito por Thomas e ilustrado por Buscema, despu\u00e9s fue continuada por otros dibujantes y escritores. Marvel abandon\u00f3 al personaje a finales de 2000. En 2003, la editorial Dark Horse empez\u00f3 su adaptaci\u00f3n de la saga de Conan con el guion de Kurt Busiek y los dibujos Cary Nord. Tim Truman substituy\u00f3 a Busiek en 2006 cuando este firm\u00f3 un contrato exclusivo con DC Comics y Tomas Giorello sustituy\u00f3 a Nord en 2007. Esta serie no respeta la continuidad de las historias de Marvel, pero si los relatos originales de Robert E. Howard. La primera parte se llam\u00f3 Conan y se compuso de 50 tomos desde 2004 a 2008; la segunda parte se llam\u00f3 Conan the Cimmerian (Conan el Cimmerio) y empez\u00f3 en 2008. Wikipedia<\/p>\n<p>[\/et_pb_tab][\/et_pb_tabs][et_pb_wc_title _builder_version=\u00bb4.20.2&#8243; header_font=\u00bb|600|||||||\u00bb header_text_color=\u00bb#0C71C3&#8243; header_font_size=\u00bb25px\u00bb custom_margin=\u00bb0px|0px|0px|0px|true|true\u00bb custom_padding=\u00bb0px|0px|0px|0px|true|true\u00bb global_colors_info=\u00bb{}\u00bb theme_builder_area=\u00bbpost_content\u00bb][\/et_pb_wc_title][\/et_pb_column][\/et_pb_row][et_pb_row column_structure=\u00bb3_5,2_5&#8243; _builder_version=\u00bb4.20.2&#8243; background_size=\u00bbinitial\u00bb background_position=\u00bbtop_left\u00bb background_repeat=\u00bbrepeat\u00bb width=\u00bb100%\u00bb custom_margin=\u00bb0px|0px|0px|0px|true|true\u00bb custom_padding=\u00bb0px|0px|0px|0px|true|true\u00bb global_colors_info=\u00bb{}\u00bb theme_builder_area=\u00bbpost_content\u00bb][et_pb_column type=\u00bb3_5&#8243; _builder_version=\u00bb4.20.2&#8243; _module_preset=\u00bbdefault\u00bb global_colors_info=\u00bb{}\u00bb theme_builder_area=\u00bbpost_content\u00bb][\/et_pb_column][et_pb_column type=\u00bb2_5&#8243; _builder_version=\u00bb4.20.2&#8243; custom_padding=\u00bb|||\u00bb global_colors_info=\u00bb{}\u00bb custom_padding__hover=\u00bb|||\u00bb theme_builder_area=\u00bbpost_content\u00bb][\/et_pb_column][\/et_pb_row][\/et_pb_section][et_pb_section fb_built=\u00bb1&#8243; _builder_version=\u00bb4.20.2&#8243; _module_preset=\u00bbdefault\u00bb custom_margin=\u00bb||9px|||\u00bb custom_padding=\u00bb||14px|||\u00bb global_colors_info=\u00bb{}\u00bb theme_builder_area=\u00bbpost_content\u00bb][et_pb_row column_structure=\u00bb1_3,1_3,1_3&#8243; _builder_version=\u00bb4.20.2&#8243; _module_preset=\u00bbdefault\u00bb global_colors_info=\u00bb{}\u00bb theme_builder_area=\u00bbpost_content\u00bb][et_pb_column type=\u00bb1_3&#8243; _builder_version=\u00bb4.20.2&#8243; _module_preset=\u00bbdefault\u00bb global_colors_info=\u00bb{}\u00bb theme_builder_area=\u00bbpost_content\u00bb][\/et_pb_column][et_pb_column type=\u00bb1_3&#8243; _builder_version=\u00bb4.20.2&#8243; _module_preset=\u00bbdefault\u00bb global_colors_info=\u00bb{}\u00bb theme_builder_area=\u00bbpost_content\u00bb][\/et_pb_column][et_pb_column type=\u00bb1_3&#8243; _builder_version=\u00bb4.20.2&#8243; _module_preset=\u00bbdefault\u00bb global_colors_info=\u00bb{}\u00bb theme_builder_area=\u00bbpost_content\u00bb][et_pb_image src=\u00bbhttps:\/\/www.historieta.es\/wp-content\/uploads\/2023\/10\/Conan-1.png\u00bb _builder_version=\u00bb4.20.2&#8243; _module_preset=\u00bbdefault\u00bb theme_builder_area=\u00bbpost_content\u00bb title_text=\u00bbConan-1&#8243; show_in_lightbox=\u00bbon\u00bb hover_enabled=\u00bb0&#8243; sticky_enabled=\u00bb0&#8243;][\/et_pb_image][\/et_pb_column][\/et_pb_row][\/et_pb_section]<\/p>\n","protected":false},"excerpt":{"rendered":"<p>Conan the Barbarian, Marvel, USA, Roy Thomas, Barry Windsor-Smith, John Buscema, Stan Lee, Wally Wood, Jim Owsley, Christopher Priest, Michael Fleisher, Alfredo Alcal\u00e1, Gil Kane, Kurt Busiek, Cary Nord, Tim Truman, Dark Horse<\/p>\n","protected":false},"featured_media":6730,"template":"","meta":{"_et_pb_use_builder":"on","_et_pb_old_content":"","_et_gb_content_width":"","_monsterinsights_skip_tracking":false,"_monsterinsights_sitenote_active":false,"_monsterinsights_sitenote_note":"","_monsterinsights_sitenote_category":0},"product_brand":[],"product_cat":[28],"product_tag":[],"class_list":{"0":"post-6728","1":"product","2":"type-product","3":"status-publish","4":"has-post-thumbnail","6":"product_cat-peliculas","8":"first","9":"instock","10":"shipping-taxable","11":"product-type-simple"},"yoast_head":"<!-- This site is optimized with the Yoast SEO plugin v27.2 - https:\/\/yoast.com\/product\/yoast-seo-wordpress\/ -->\n<title>Conan the Barbarian (1982)<\/title>\n<meta name=\"robots\" content=\"index, follow, max-snippet:-1, max-image-preview:large, max-video-preview:-1\" \/>\n<link rel=\"canonical\" href=\"https:\/\/www.historieta.es\/?product=conan-the-barbarian-1982\" \/>\n<meta property=\"og:locale\" content=\"es_ES\" \/>\n<meta property=\"og:type\" content=\"article\" \/>\n<meta property=\"og:title\" content=\"Conan the Barbarian (1982)\" \/>\n<meta property=\"og:description\" content=\"Conan the Barbarian, Marvel, USA, Roy Thomas, Barry Windsor-Smith, John Buscema, Stan Lee, Wally Wood, Jim Owsley, Christopher Priest, Michael Fleisher, Alfredo Alcal\u00e1, Gil Kane, Kurt Busiek, Cary Nord, Tim Truman, Dark Horse\" \/>\n<meta property=\"og:url\" content=\"https:\/\/www.historieta.es\/?product=conan-the-barbarian-1982\" \/>\n<meta property=\"og:site_name\" content=\"historieta\" \/>\n<meta property=\"article:modified_time\" content=\"2023-10-09T18:00:51+00:00\" \/>\n<meta property=\"og:image\" content=\"https:\/\/www.historieta.es\/wp-content\/uploads\/2023\/10\/Conan-The-Barbarian.png\" \/>\n\t<meta property=\"og:image:width\" content=\"600\" \/>\n\t<meta property=\"og:image:height\" content=\"600\" \/>\n\t<meta property=\"og:image:type\" content=\"image\/png\" \/>\n<meta name=\"twitter:card\" content=\"summary_large_image\" \/>\n<script type=\"application\/ld+json\" class=\"yoast-schema-graph\">{\"@context\":\"https:\/\/schema.org\",\"@graph\":[{\"@type\":\"WebPage\",\"@id\":\"https:\/\/www.historieta.es\/?product=conan-the-barbarian-1982\",\"url\":\"https:\/\/www.historieta.es\/?product=conan-the-barbarian-1982\",\"name\":\"Conan the Barbarian (1982)\",\"isPartOf\":{\"@id\":\"https:\/\/www.historieta.es\/#website\"},\"primaryImageOfPage\":{\"@id\":\"https:\/\/www.historieta.es\/?product=conan-the-barbarian-1982#primaryimage\"},\"image\":{\"@id\":\"https:\/\/www.historieta.es\/?product=conan-the-barbarian-1982#primaryimage\"},\"thumbnailUrl\":\"https:\/\/www.historieta.es\/wp-content\/uploads\/2023\/10\/Conan-The-Barbarian.png\",\"datePublished\":\"2023-10-09T06:20:06+00:00\",\"dateModified\":\"2023-10-09T18:00:51+00:00\",\"breadcrumb\":{\"@id\":\"https:\/\/www.historieta.es\/?product=conan-the-barbarian-1982#breadcrumb\"},\"inLanguage\":\"es\",\"potentialAction\":[{\"@type\":\"ReadAction\",\"target\":[\"https:\/\/www.historieta.es\/?product=conan-the-barbarian-1982\"]}]},{\"@type\":\"ImageObject\",\"inLanguage\":\"es\",\"@id\":\"https:\/\/www.historieta.es\/?product=conan-the-barbarian-1982#primaryimage\",\"url\":\"https:\/\/www.historieta.es\/wp-content\/uploads\/2023\/10\/Conan-The-Barbarian.png\",\"contentUrl\":\"https:\/\/www.historieta.es\/wp-content\/uploads\/2023\/10\/Conan-The-Barbarian.png\",\"width\":600,\"height\":600},{\"@type\":\"BreadcrumbList\",\"@id\":\"https:\/\/www.historieta.es\/?product=conan-the-barbarian-1982#breadcrumb\",\"itemListElement\":[{\"@type\":\"ListItem\",\"position\":1,\"name\":\"Portada\",\"item\":\"https:\/\/www.historieta.es\/\"},{\"@type\":\"ListItem\",\"position\":2,\"name\":\"Productos\",\"item\":\"https:\/\/www.historieta.es\/?post_type=product\"},{\"@type\":\"ListItem\",\"position\":3,\"name\":\"Conan the Barbarian (1982)\"}]},{\"@type\":\"WebSite\",\"@id\":\"https:\/\/www.historieta.es\/#website\",\"url\":\"https:\/\/www.historieta.es\/\",\"name\":\"historieta\",\"description\":\"sitio de comic\",\"potentialAction\":[{\"@type\":\"SearchAction\",\"target\":{\"@type\":\"EntryPoint\",\"urlTemplate\":\"https:\/\/www.historieta.es\/?s={search_term_string}\"},\"query-input\":{\"@type\":\"PropertyValueSpecification\",\"valueRequired\":true,\"valueName\":\"search_term_string\"}}],\"inLanguage\":\"es\"}]}<\/script>\n<!-- \/ Yoast SEO plugin. -->","yoast_head_json":{"title":"Conan the Barbarian (1982)","robots":{"index":"index","follow":"follow","max-snippet":"max-snippet:-1","max-image-preview":"max-image-preview:large","max-video-preview":"max-video-preview:-1"},"canonical":"https:\/\/www.historieta.es\/?product=conan-the-barbarian-1982","og_locale":"es_ES","og_type":"article","og_title":"Conan the Barbarian (1982)","og_description":"Conan the Barbarian, Marvel, USA, Roy Thomas, Barry Windsor-Smith, John Buscema, Stan Lee, Wally Wood, Jim Owsley, Christopher Priest, Michael Fleisher, Alfredo Alcal\u00e1, Gil Kane, Kurt Busiek, Cary Nord, Tim Truman, Dark Horse","og_url":"https:\/\/www.historieta.es\/?product=conan-the-barbarian-1982","og_site_name":"historieta","article_modified_time":"2023-10-09T18:00:51+00:00","og_image":[{"width":600,"height":600,"url":"https:\/\/www.historieta.es\/wp-content\/uploads\/2023\/10\/Conan-The-Barbarian.png","type":"image\/png"}],"twitter_card":"summary_large_image","schema":{"@context":"https:\/\/schema.org","@graph":[{"@type":"WebPage","@id":"https:\/\/www.historieta.es\/?product=conan-the-barbarian-1982","url":"https:\/\/www.historieta.es\/?product=conan-the-barbarian-1982","name":"Conan the Barbarian (1982)","isPartOf":{"@id":"https:\/\/www.historieta.es\/#website"},"primaryImageOfPage":{"@id":"https:\/\/www.historieta.es\/?product=conan-the-barbarian-1982#primaryimage"},"image":{"@id":"https:\/\/www.historieta.es\/?product=conan-the-barbarian-1982#primaryimage"},"thumbnailUrl":"https:\/\/www.historieta.es\/wp-content\/uploads\/2023\/10\/Conan-The-Barbarian.png","datePublished":"2023-10-09T06:20:06+00:00","dateModified":"2023-10-09T18:00:51+00:00","breadcrumb":{"@id":"https:\/\/www.historieta.es\/?product=conan-the-barbarian-1982#breadcrumb"},"inLanguage":"es","potentialAction":[{"@type":"ReadAction","target":["https:\/\/www.historieta.es\/?product=conan-the-barbarian-1982"]}]},{"@type":"ImageObject","inLanguage":"es","@id":"https:\/\/www.historieta.es\/?product=conan-the-barbarian-1982#primaryimage","url":"https:\/\/www.historieta.es\/wp-content\/uploads\/2023\/10\/Conan-The-Barbarian.png","contentUrl":"https:\/\/www.historieta.es\/wp-content\/uploads\/2023\/10\/Conan-The-Barbarian.png","width":600,"height":600},{"@type":"BreadcrumbList","@id":"https:\/\/www.historieta.es\/?product=conan-the-barbarian-1982#breadcrumb","itemListElement":[{"@type":"ListItem","position":1,"name":"Portada","item":"https:\/\/www.historieta.es\/"},{"@type":"ListItem","position":2,"name":"Productos","item":"https:\/\/www.historieta.es\/?post_type=product"},{"@type":"ListItem","position":3,"name":"Conan the Barbarian (1982)"}]},{"@type":"WebSite","@id":"https:\/\/www.historieta.es\/#website","url":"https:\/\/www.historieta.es\/","name":"historieta","description":"sitio de comic","potentialAction":[{"@type":"SearchAction","target":{"@type":"EntryPoint","urlTemplate":"https:\/\/www.historieta.es\/?s={search_term_string}"},"query-input":{"@type":"PropertyValueSpecification","valueRequired":true,"valueName":"search_term_string"}}],"inLanguage":"es"}]}},"_links":{"self":[{"href":"https:\/\/www.historieta.es\/index.php?rest_route=\/wp\/v2\/product\/6728","targetHints":{"allow":["GET"]}}],"collection":[{"href":"https:\/\/www.historieta.es\/index.php?rest_route=\/wp\/v2\/product"}],"about":[{"href":"https:\/\/www.historieta.es\/index.php?rest_route=\/wp\/v2\/types\/product"}],"wp:featuredmedia":[{"embeddable":true,"href":"https:\/\/www.historieta.es\/index.php?rest_route=\/wp\/v2\/media\/6730"}],"wp:attachment":[{"href":"https:\/\/www.historieta.es\/index.php?rest_route=%2Fwp%2Fv2%2Fmedia&parent=6728"}],"wp:term":[{"taxonomy":"product_brand","embeddable":true,"href":"https:\/\/www.historieta.es\/index.php?rest_route=%2Fwp%2Fv2%2Fproduct_brand&post=6728"},{"taxonomy":"product_cat","embeddable":true,"href":"https:\/\/www.historieta.es\/index.php?rest_route=%2Fwp%2Fv2%2Fproduct_cat&post=6728"},{"taxonomy":"product_tag","embeddable":true,"href":"https:\/\/www.historieta.es\/index.php?rest_route=%2Fwp%2Fv2%2Fproduct_tag&post=6728"}],"curies":[{"name":"wp","href":"https:\/\/api.w.org\/{rel}","templated":true}]}}