{"id":4813,"date":"2023-06-24T08:15:30","date_gmt":"2023-06-24T08:15:30","guid":{"rendered":"https:\/\/www.historieta.es\/?post_type=product&#038;p=4813"},"modified":"2024-05-01T08:51:31","modified_gmt":"2024-05-01T08:51:31","slug":"la-vida-cotidiana-del-dibujante-underground-2","status":"publish","type":"product","link":"https:\/\/www.historieta.es\/?product=la-vida-cotidiana-del-dibujante-underground-2","title":{"rendered":"La vida cotidiana del dibujante underground"},"content":{"rendered":"<p>[et_pb_section fb_built=\u00bb1&#8243; _builder_version=\u00bb4.20.2&#8243; custom_margin=\u00bb-44px|0px|-44px|0px|true|true\u00bb custom_padding=\u00bb0px|0px|0px|0px|true|true\u00bb collapsed=\u00bboff\u00bb global_colors_info=\u00bb{}\u00bb][et_pb_row column_structure=\u00bb2_5,3_5&#8243; _builder_version=\u00bb4.20.2&#8243; background_size=\u00bbinitial\u00bb background_position=\u00bbtop_left\u00bb background_repeat=\u00bbrepeat\u00bb width=\u00bb100%\u00bb custom_margin=\u00bb0px|0px|0px|0px|true|true\u00bb custom_padding=\u00bb0px|0px|0px|0px|true|true\u00bb global_colors_info=\u00bb{}\u00bb][et_pb_column type=\u00bb2_5&#8243; _builder_version=\u00bb4.16&#8243; custom_padding=\u00bb|||\u00bb global_colors_info=\u00bb{}\u00bb custom_padding__hover=\u00bb|||\u00bb][et_pb_wc_images _builder_version=\u00bb4.20.2&#8243; box_shadow_style=\u00bbpreset1&#8243; global_colors_info=\u00bb{}\u00bb][\/et_pb_wc_images][\/et_pb_column][et_pb_column type=\u00bb3_5&#8243; _builder_version=\u00bb4.20.2&#8243; _module_preset=\u00bbdefault\u00bb global_colors_info=\u00bb{}\u00bb][et_pb_tabs _builder_version=\u00bb4.20.2&#8243; _module_preset=\u00bbdefault\u00bb global_colors_info=\u00bb{}\u00bb][et_pb_tab title=\u00bbDatos\u00bb _builder_version=\u00bb4.20.2&#8243; _module_preset=\u00bbdefault\u00bb global_colors_info=\u00bb{}\u00bb]<\/p>\n<p>Autor: Nazario Luque<\/p>\n<p>Editorial: Anagrama<\/p>\n<p>Ciudad: Barcelona<\/p>\n<p>Pa\u00eds: Espa\u00f1a<\/p>\n<p>Tama\u00f1o: 13,7&#215;21,8<\/p>\n<p>P\u00e1ginas: 304<\/p>\n<p>A\u00f1o: 2015<\/p>\n<p>Dep\u00f3sito legal:<\/p>\n<p>ISBN: 978-8433926128<\/p>\n<p><strong>IDIOMA: Castellano<br \/><\/strong><\/p>\n<p>[\/et_pb_tab][et_pb_tab title=\u00bbDescripci\u00f3n\u00bb _builder_version=\u00bb4.20.2&#8243; _module_preset=\u00bbdefault\u00bb global_colors_info=\u00bb{}\u00bb]<\/p>\n<p>Un excepcional testimonio en primera persona de la Barcelona underground y canalla de los a\u00f1os setenta. <br \/>Nazario Luque Vera, de nombre art\u00edstico Nazario, lleg\u00f3 a Barcelona procedente de Sevilla en 1972 con un trabajo de maestro bajo el brazo y el firme prop\u00f3sito de dejarlo en cuanto pudiese ganarse la vida dibujando c\u00f3mics. No tard\u00f3 en abandonar el colegio, pero lo de vivir de los tebeos result\u00f3 un poco m\u00e1s complicado.<br \/>El joven dibujante vivi\u00f3 en primera persona la Barcelona libertaria, contracultural y canalla de los \u00faltimos a\u00f1os del franquismo y los primeros de la transici\u00f3n: hippies, pisos compartidos, comunas, homosexualidad vivida sin complejos, chulos, tr\u00edos, garitos y tugurios, porros, \u00e1cidos, litros de alcohol y, sobre todo, aires de libertad.<br \/>Nazario empez\u00f3 a publicar sus c\u00f3mics abiertamente gays en el fanzine El Rrollo Enmascarado; tambi\u00e9n en Star y El V\u00edbora, y en la revista francesa Zinc. Era el momento \u00e1lgido del underground, y el autor rememora sus encuentros, amistades y amores con variopintos personajes de aquellos a\u00f1os: Oca\u00f1a, Camilo, Alejandro la Tremenda, Mariscal, Barcel\u00f3, Montesol, Pepichek, Onliy\u00fa, Pau Maragall, Marta Sent\u00eds, Manolito el loco, Alberto Card\u00edn, Carme, Ana Ser\u00f3, Eduardo Haro Ibars&#8230;<br \/>Son \u00e9stas unas memorias escritas a coraz\u00f3n abierto, que hablan de juveniles exploraciones de nuevos territorios, de juergas legendarias, imaginaci\u00f3n desbordante, transgresiones y provocaciones, pero tambi\u00e9n de hambre, de penurias y de picaresca. Y del lado oscuro: alcoholismo, enfermedades ven\u00e9reas, sobredosis, psiqui\u00e1tricos y la aparici\u00f3n del sida.<br \/>Un testimonio valios\u00edsimo de un momento irrepetible y de una Barcelona creativa, caradura y desmadrada que desapareci\u00f3 con el olimpismo, el dise\u00f1o y el apoltronamiento. Un libro repleto de an\u00e9cdotas jugosas, como la de aquella ilustraci\u00f3n suya que acab\u00f3 en la car\u00e1tula de Take No Prisoners de Lou Reed sin que Nazario viera un duro ni se le reconociese la autor\u00eda.<br \/>\u00abArtista inclasificable, rupturista y transgresor, dibujante, guionista de sus propias historietas, fot\u00f3grafo y pintor, Nazario, homosexual y art\u00edsticamente revolucionario como Caravaggio, implacable, sadomasoquista y subversivo como el marqu\u00e9s de Sade, nunca ha dejado de provocar irritaci\u00f3n\u00bb (Alfred Rexach, La Vanguardia).<br \/>\u00abToda una instituci\u00f3n del c\u00f3mic espa\u00f1ol\u00bb (Diario de Barcelona).<br \/>\u00abCon sus divinas transgresiones, Nazario y Oca\u00f1a fueron las verdaderas reinas de la transici\u00f3n\u00bb (Pau Riba).<br \/>\u00abCon Nazario la fiesta est\u00e1 siempre asegurada\u00bb (Joan de Sagarra).<br \/>La editorial<\/p>\n<p>[\/et_pb_tab][et_pb_tab title=\u00bbBibliograf\u00eda\u00bb _builder_version=\u00bb4.20.2&#8243; _module_preset=\u00bbdefault\u00bb global_colors_info=\u00bb{}\u00bb][\/et_pb_tab][\/et_pb_tabs][et_pb_wc_title _builder_version=\u00bb4.20.2&#8243; header_font=\u00bb|600|||||||\u00bb header_text_color=\u00bb#0C71C3&#8243; header_font_size=\u00bb25px\u00bb custom_margin=\u00bb0px|0px|0px|0px|true|true\u00bb custom_padding=\u00bb0px|0px|0px|0px|true|true\u00bb global_colors_info=\u00bb{}\u00bb][\/et_pb_wc_title][\/et_pb_column][\/et_pb_row][\/et_pb_section][et_pb_section fb_built=\u00bb1&#8243; _builder_version=\u00bb4.20.2&#8243; _module_preset=\u00bbdefault\u00bb global_colors_info=\u00bb{}\u00bb][\/et_pb_section][et_pb_section fb_built=\u00bb1&#8243; _builder_version=\u00bb4.20.2&#8243; _module_preset=\u00bbdefault\u00bb global_colors_info=\u00bb{}\u00bb][\/et_pb_section]<\/p>\n","protected":false},"excerpt":{"rendered":"<p>La vida cotidiana del dibujante underground, Nazario, Luque, Espa\u00f1a, Castellano<\/p>\n","protected":false},"featured_media":4814,"template":"","meta":{"_et_pb_use_builder":"on","_et_pb_old_content":"","_et_gb_content_width":"","_monsterinsights_skip_tracking":false,"_monsterinsights_sitenote_active":false,"_monsterinsights_sitenote_note":"","_monsterinsights_sitenote_category":0},"product_brand":[],"product_cat":[31,49,41],"product_tag":[],"class_list":{"0":"post-4813","1":"product","2":"type-product","3":"status-publish","4":"has-post-thumbnail","6":"product_cat-libros","7":"product_cat-tema-historieta-marginal","8":"product_cat-teoria-compilacion","10":"first","11":"instock","12":"shipping-taxable","13":"product-type-simple"},"yoast_head":"<!-- This site is optimized with the Yoast SEO plugin v27.2 - https:\/\/yoast.com\/product\/yoast-seo-wordpress\/ -->\n<title>La vida cotidiana del dibujante underground<\/title>\n<meta name=\"robots\" content=\"index, follow, max-snippet:-1, max-image-preview:large, max-video-preview:-1\" \/>\n<link rel=\"canonical\" href=\"https:\/\/www.historieta.es\/?product=la-vida-cotidiana-del-dibujante-underground-2\" \/>\n<meta property=\"og:locale\" content=\"es_ES\" \/>\n<meta property=\"og:type\" content=\"article\" \/>\n<meta property=\"og:title\" content=\"La vida cotidiana del dibujante underground\" \/>\n<meta property=\"og:description\" content=\"La vida cotidiana del dibujante underground, Nazario, Luque, Espa\u00f1a, Castellano\" \/>\n<meta property=\"og:url\" content=\"https:\/\/www.historieta.es\/?product=la-vida-cotidiana-del-dibujante-underground-2\" \/>\n<meta property=\"og:site_name\" content=\"historieta\" \/>\n<meta property=\"article:modified_time\" content=\"2024-05-01T08:51:31+00:00\" \/>\n<meta property=\"og:image\" content=\"https:\/\/www.historieta.es\/wp-content\/uploads\/2023\/06\/La-vida-cotidiana-de-un-dibujante-underground.png\" \/>\n\t<meta property=\"og:image:width\" content=\"600\" \/>\n\t<meta property=\"og:image:height\" content=\"600\" \/>\n\t<meta property=\"og:image:type\" content=\"image\/png\" \/>\n<meta name=\"twitter:card\" content=\"summary_large_image\" \/>\n<meta name=\"twitter:label1\" content=\"Tiempo de lectura\" \/>\n\t<meta name=\"twitter:data1\" content=\"3 minutos\" \/>\n<script type=\"application\/ld+json\" class=\"yoast-schema-graph\">{\"@context\":\"https:\/\/schema.org\",\"@graph\":[{\"@type\":\"WebPage\",\"@id\":\"https:\/\/www.historieta.es\/?product=la-vida-cotidiana-del-dibujante-underground-2\",\"url\":\"https:\/\/www.historieta.es\/?product=la-vida-cotidiana-del-dibujante-underground-2\",\"name\":\"La vida cotidiana del dibujante underground\",\"isPartOf\":{\"@id\":\"https:\/\/www.historieta.es\/#website\"},\"primaryImageOfPage\":{\"@id\":\"https:\/\/www.historieta.es\/?product=la-vida-cotidiana-del-dibujante-underground-2#primaryimage\"},\"image\":{\"@id\":\"https:\/\/www.historieta.es\/?product=la-vida-cotidiana-del-dibujante-underground-2#primaryimage\"},\"thumbnailUrl\":\"https:\/\/www.historieta.es\/wp-content\/uploads\/2023\/06\/La-vida-cotidiana-de-un-dibujante-underground.png\",\"datePublished\":\"2023-06-24T08:15:30+00:00\",\"dateModified\":\"2024-05-01T08:51:31+00:00\",\"breadcrumb\":{\"@id\":\"https:\/\/www.historieta.es\/?product=la-vida-cotidiana-del-dibujante-underground-2#breadcrumb\"},\"inLanguage\":\"es\",\"potentialAction\":[{\"@type\":\"ReadAction\",\"target\":[\"https:\/\/www.historieta.es\/?product=la-vida-cotidiana-del-dibujante-underground-2\"]}]},{\"@type\":\"ImageObject\",\"inLanguage\":\"es\",\"@id\":\"https:\/\/www.historieta.es\/?product=la-vida-cotidiana-del-dibujante-underground-2#primaryimage\",\"url\":\"https:\/\/www.historieta.es\/wp-content\/uploads\/2023\/06\/La-vida-cotidiana-de-un-dibujante-underground.png\",\"contentUrl\":\"https:\/\/www.historieta.es\/wp-content\/uploads\/2023\/06\/La-vida-cotidiana-de-un-dibujante-underground.png\",\"width\":600,\"height\":600},{\"@type\":\"BreadcrumbList\",\"@id\":\"https:\/\/www.historieta.es\/?product=la-vida-cotidiana-del-dibujante-underground-2#breadcrumb\",\"itemListElement\":[{\"@type\":\"ListItem\",\"position\":1,\"name\":\"Portada\",\"item\":\"https:\/\/www.historieta.es\/\"},{\"@type\":\"ListItem\",\"position\":2,\"name\":\"Productos\",\"item\":\"https:\/\/www.historieta.es\/?post_type=product\"},{\"@type\":\"ListItem\",\"position\":3,\"name\":\"La vida cotidiana del dibujante underground\"}]},{\"@type\":\"WebSite\",\"@id\":\"https:\/\/www.historieta.es\/#website\",\"url\":\"https:\/\/www.historieta.es\/\",\"name\":\"historieta\",\"description\":\"sitio de comic\",\"potentialAction\":[{\"@type\":\"SearchAction\",\"target\":{\"@type\":\"EntryPoint\",\"urlTemplate\":\"https:\/\/www.historieta.es\/?s={search_term_string}\"},\"query-input\":{\"@type\":\"PropertyValueSpecification\",\"valueRequired\":true,\"valueName\":\"search_term_string\"}}],\"inLanguage\":\"es\"}]}<\/script>\n<!-- \/ Yoast SEO plugin. -->","yoast_head_json":{"title":"La vida cotidiana del dibujante underground","robots":{"index":"index","follow":"follow","max-snippet":"max-snippet:-1","max-image-preview":"max-image-preview:large","max-video-preview":"max-video-preview:-1"},"canonical":"https:\/\/www.historieta.es\/?product=la-vida-cotidiana-del-dibujante-underground-2","og_locale":"es_ES","og_type":"article","og_title":"La vida cotidiana del dibujante underground","og_description":"La vida cotidiana del dibujante underground, Nazario, Luque, Espa\u00f1a, Castellano","og_url":"https:\/\/www.historieta.es\/?product=la-vida-cotidiana-del-dibujante-underground-2","og_site_name":"historieta","article_modified_time":"2024-05-01T08:51:31+00:00","og_image":[{"width":600,"height":600,"url":"https:\/\/www.historieta.es\/wp-content\/uploads\/2023\/06\/La-vida-cotidiana-de-un-dibujante-underground.png","type":"image\/png"}],"twitter_card":"summary_large_image","twitter_misc":{"Tiempo de lectura":"3 minutos"},"schema":{"@context":"https:\/\/schema.org","@graph":[{"@type":"WebPage","@id":"https:\/\/www.historieta.es\/?product=la-vida-cotidiana-del-dibujante-underground-2","url":"https:\/\/www.historieta.es\/?product=la-vida-cotidiana-del-dibujante-underground-2","name":"La vida cotidiana del dibujante underground","isPartOf":{"@id":"https:\/\/www.historieta.es\/#website"},"primaryImageOfPage":{"@id":"https:\/\/www.historieta.es\/?product=la-vida-cotidiana-del-dibujante-underground-2#primaryimage"},"image":{"@id":"https:\/\/www.historieta.es\/?product=la-vida-cotidiana-del-dibujante-underground-2#primaryimage"},"thumbnailUrl":"https:\/\/www.historieta.es\/wp-content\/uploads\/2023\/06\/La-vida-cotidiana-de-un-dibujante-underground.png","datePublished":"2023-06-24T08:15:30+00:00","dateModified":"2024-05-01T08:51:31+00:00","breadcrumb":{"@id":"https:\/\/www.historieta.es\/?product=la-vida-cotidiana-del-dibujante-underground-2#breadcrumb"},"inLanguage":"es","potentialAction":[{"@type":"ReadAction","target":["https:\/\/www.historieta.es\/?product=la-vida-cotidiana-del-dibujante-underground-2"]}]},{"@type":"ImageObject","inLanguage":"es","@id":"https:\/\/www.historieta.es\/?product=la-vida-cotidiana-del-dibujante-underground-2#primaryimage","url":"https:\/\/www.historieta.es\/wp-content\/uploads\/2023\/06\/La-vida-cotidiana-de-un-dibujante-underground.png","contentUrl":"https:\/\/www.historieta.es\/wp-content\/uploads\/2023\/06\/La-vida-cotidiana-de-un-dibujante-underground.png","width":600,"height":600},{"@type":"BreadcrumbList","@id":"https:\/\/www.historieta.es\/?product=la-vida-cotidiana-del-dibujante-underground-2#breadcrumb","itemListElement":[{"@type":"ListItem","position":1,"name":"Portada","item":"https:\/\/www.historieta.es\/"},{"@type":"ListItem","position":2,"name":"Productos","item":"https:\/\/www.historieta.es\/?post_type=product"},{"@type":"ListItem","position":3,"name":"La vida cotidiana del dibujante underground"}]},{"@type":"WebSite","@id":"https:\/\/www.historieta.es\/#website","url":"https:\/\/www.historieta.es\/","name":"historieta","description":"sitio de comic","potentialAction":[{"@type":"SearchAction","target":{"@type":"EntryPoint","urlTemplate":"https:\/\/www.historieta.es\/?s={search_term_string}"},"query-input":{"@type":"PropertyValueSpecification","valueRequired":true,"valueName":"search_term_string"}}],"inLanguage":"es"}]}},"_links":{"self":[{"href":"https:\/\/www.historieta.es\/index.php?rest_route=\/wp\/v2\/product\/4813","targetHints":{"allow":["GET"]}}],"collection":[{"href":"https:\/\/www.historieta.es\/index.php?rest_route=\/wp\/v2\/product"}],"about":[{"href":"https:\/\/www.historieta.es\/index.php?rest_route=\/wp\/v2\/types\/product"}],"wp:featuredmedia":[{"embeddable":true,"href":"https:\/\/www.historieta.es\/index.php?rest_route=\/wp\/v2\/media\/4814"}],"wp:attachment":[{"href":"https:\/\/www.historieta.es\/index.php?rest_route=%2Fwp%2Fv2%2Fmedia&parent=4813"}],"wp:term":[{"taxonomy":"product_brand","embeddable":true,"href":"https:\/\/www.historieta.es\/index.php?rest_route=%2Fwp%2Fv2%2Fproduct_brand&post=4813"},{"taxonomy":"product_cat","embeddable":true,"href":"https:\/\/www.historieta.es\/index.php?rest_route=%2Fwp%2Fv2%2Fproduct_cat&post=4813"},{"taxonomy":"product_tag","embeddable":true,"href":"https:\/\/www.historieta.es\/index.php?rest_route=%2Fwp%2Fv2%2Fproduct_tag&post=4813"}],"curies":[{"name":"wp","href":"https:\/\/api.w.org\/{rel}","templated":true}]}}