{"id":3996,"date":"2023-06-10T15:34:47","date_gmt":"2023-06-10T15:34:47","guid":{"rendered":"https:\/\/www.historieta.es\/?post_type=product&#038;p=3996"},"modified":"2024-05-01T10:47:22","modified_gmt":"2024-05-01T10:47:22","slug":"el-banquet-de-la-victoria-i-els-fets-de-cu-cut","status":"publish","type":"product","link":"https:\/\/www.historieta.es\/?product=el-banquet-de-la-victoria-i-els-fets-de-cu-cut","title":{"rendered":"El Banquet de la Vict\u00f2ria i els Fets de \u00a1Cu-Cut!"},"content":{"rendered":"<p>[et_pb_section fb_built=\u00bb1&#8243; _builder_version=\u00bb4.20.2&#8243; custom_margin=\u00bb-44px|0px|-44px|0px|true|true\u00bb custom_padding=\u00bb0px|0px|0px|0px|true|true\u00bb collapsed=\u00bboff\u00bb global_colors_info=\u00bb{}\u00bb][et_pb_row column_structure=\u00bb2_5,3_5&#8243; _builder_version=\u00bb4.20.2&#8243; background_size=\u00bbinitial\u00bb background_position=\u00bbtop_left\u00bb background_repeat=\u00bbrepeat\u00bb width=\u00bb100%\u00bb custom_margin=\u00bb0px|0px|0px|0px|true|true\u00bb custom_padding=\u00bb0px|0px|0px|0px|true|true\u00bb global_colors_info=\u00bb{}\u00bb][et_pb_column type=\u00bb2_5&#8243; _builder_version=\u00bb4.16&#8243; custom_padding=\u00bb|||\u00bb global_colors_info=\u00bb{}\u00bb custom_padding__hover=\u00bb|||\u00bb][et_pb_wc_images _builder_version=\u00bb4.20.2&#8243; box_shadow_style=\u00bbpreset1&#8243; global_colors_info=\u00bb{}\u00bb][\/et_pb_wc_images][\/et_pb_column][et_pb_column type=\u00bb3_5&#8243; _builder_version=\u00bb4.20.2&#8243; _module_preset=\u00bbdefault\u00bb global_colors_info=\u00bb{}\u00bb][et_pb_tabs _builder_version=\u00bb4.20.2&#8243; _module_preset=\u00bbdefault\u00bb global_colors_info=\u00bb{}\u00bb][et_pb_tab title=\u00bbDatos\u00bb _builder_version=\u00bb4.20.2&#8243; _module_preset=\u00bbdefault\u00bb global_colors_info=\u00bb{}\u00bb]<\/p>\n<p>Autor: Francesc Santolaria<\/p>\n<p>Editorial: Editorial Meteora<\/p>\n<p>Ciudad: Barcelona<\/p>\n<p>Pa\u00eds: Espa\u00f1a<\/p>\n<p>Tama\u00f1o: 15&#215;21,5<\/p>\n<p>P\u00e1ginas: 240<\/p>\n<p>A\u00f1o: 2015<\/p>\n<p>Dep\u00f3sito legal:<\/p>\n<p>ISBN: 978-8495623386<\/p>\n<p><strong>IDIOMA: Catal\u00e1n<br \/><\/strong><\/p>\n<p>[\/et_pb_tab][et_pb_tab title=\u00bbDescripci\u00f3n\u00bb _builder_version=\u00bb4.20.2&#8243; _module_preset=\u00bbdefault\u00bb global_colors_info=\u00bb{}\u00bb]<\/p>\n<p>El 18 de novembre de 1905 se celebra al Front\u00f3 Comtal de Barcelona un sopar multitudinari que commemora el triomf de la Lliga Regionalista en les \u00faltimes eleccions. L\u2019\u00e0pat es coneixer\u00e0 com el \u00abBanquet de la Vict\u00f2ria\u00bb. El 23 de novembre, el setmanari catalanista i humor\u00edstic \u00a1Cu-Cut! parla del Banquet i publica un acudit que ironitza sobre els militars i la paraula \u00abvict\u00f2ria\u00bb. La nit del 25 de novembre, desenes d\u2019oficials de l\u2019ex\u00e8rcit assalten i saquegen els locals de \u00a1Cu-Cut! i La Veu de Catalunya, diari vinculat ideol\u00f2gicament a la Lliga. El govern, lluny de castigar els assaltants, susp\u00e8n les garanties constitucionals a Barcelona i prepara una llei segons la qual un delicte podr\u00e0 ser jutjat per via militar si atempta contra \u00abl\u2019ess\u00e8ncia patri\u00f2tica de l\u2019Estat\u00bb. Aquesta dita \u00abLlei de Jurisdiccions\u00bb far\u00e0 que distintes tend\u00e8ncies del catalanisme pol\u00edtic s\u2019apleguin a \u00abSolidaritat Catalana\u00bb, una coalici\u00f3 que obtindr\u00e0 importants vict\u00f2ries electorals. Vol aquest llibre rememorar aquell seguit d\u2019esdeveniments en el seu centenari, i remarcar que el \u201cBanquet de la Vict\u00f2ria\u201d i els \u201cFets de \u00a1Cu-Cut!\u201d s\u00f3n els desencadenants d\u2019una absurda reacci\u00f3 militarista i, alhora, d\u2019un fort moviment catalanista, \u00fanic per la seva capacitat congregadora i exemplar pel seu esfor\u00e7 unitari.<br \/>La editorial<\/p>\n<p>[\/et_pb_tab][et_pb_tab title=\u00bbBibliograf\u00eda\u00bb _builder_version=\u00bb4.20.2&#8243; _module_preset=\u00bbdefault\u00bb global_colors_info=\u00bb{}\u00bb][\/et_pb_tab][\/et_pb_tabs][et_pb_wc_title _builder_version=\u00bb4.20.2&#8243; header_font=\u00bb|600|||||||\u00bb header_text_color=\u00bb#0C71C3&#8243; header_font_size=\u00bb25px\u00bb custom_margin=\u00bb0px|0px|0px|0px|true|true\u00bb custom_padding=\u00bb0px|0px|0px|0px|true|true\u00bb global_colors_info=\u00bb{}\u00bb][\/et_pb_wc_title][\/et_pb_column][\/et_pb_row][\/et_pb_section][et_pb_section fb_built=\u00bb1&#8243; _builder_version=\u00bb4.20.2&#8243; _module_preset=\u00bbdefault\u00bb global_colors_info=\u00bb{}\u00bb][\/et_pb_section][et_pb_section fb_built=\u00bb1&#8243; _builder_version=\u00bb4.20.2&#8243; _module_preset=\u00bbdefault\u00bb global_colors_info=\u00bb{}\u00bb][\/et_pb_section]<\/p>\n","protected":false},"excerpt":{"rendered":"<p>El Banquet de la Vict\u00f2ria i els Fets de \u00a1Cu-Cut!, Catal\u00e1n, Espa\u00f1a, Francesc Santolaria, \u00a1Cu-Cut!<\/p>\n","protected":false},"featured_media":3997,"template":"","meta":{"_et_pb_use_builder":"on","_et_pb_old_content":"","_et_gb_content_width":"","_monsterinsights_skip_tracking":false,"_monsterinsights_sitenote_active":false,"_monsterinsights_sitenote_note":"","_monsterinsights_sitenote_category":0},"product_brand":[],"product_cat":[31,50,46],"product_tag":[],"class_list":{"0":"post-3996","1":"product","2":"type-product","3":"status-publish","4":"has-post-thumbnail","6":"product_cat-libros","7":"product_cat-tema-censura","8":"product_cat-tema-humor-en-la-prensa","10":"first","11":"instock","12":"shipping-taxable","13":"product-type-simple"},"yoast_head":"<!-- This site is optimized with the Yoast SEO plugin v27.2 - https:\/\/yoast.com\/product\/yoast-seo-wordpress\/ -->\n<title>El Banquet de la Vict\u00f2ria i els Fets de \u00a1Cu-Cut!<\/title>\n<meta name=\"robots\" content=\"index, follow, max-snippet:-1, max-image-preview:large, max-video-preview:-1\" \/>\n<link rel=\"canonical\" href=\"https:\/\/www.historieta.es\/?product=el-banquet-de-la-victoria-i-els-fets-de-cu-cut\" \/>\n<meta property=\"og:locale\" content=\"es_ES\" \/>\n<meta property=\"og:type\" content=\"article\" \/>\n<meta property=\"og:title\" content=\"El Banquet de la Vict\u00f2ria i els Fets de \u00a1Cu-Cut!\" \/>\n<meta property=\"og:description\" content=\"El Banquet de la Vict\u00f2ria i els Fets de \u00a1Cu-Cut!, Catal\u00e1n, Espa\u00f1a, Francesc Santolaria, \u00a1Cu-Cut!\" \/>\n<meta property=\"og:url\" content=\"https:\/\/www.historieta.es\/?product=el-banquet-de-la-victoria-i-els-fets-de-cu-cut\" \/>\n<meta property=\"og:site_name\" content=\"historieta\" \/>\n<meta property=\"article:modified_time\" content=\"2024-05-01T10:47:22+00:00\" \/>\n<meta property=\"og:image\" content=\"https:\/\/www.historieta.es\/wp-content\/uploads\/2023\/06\/El-Banquet-de-la-Victoria-i-els-fets-de-\u00a1Cu-Cut.png\" \/>\n\t<meta property=\"og:image:width\" content=\"600\" \/>\n\t<meta property=\"og:image:height\" content=\"600\" \/>\n\t<meta property=\"og:image:type\" content=\"image\/png\" \/>\n<meta name=\"twitter:card\" content=\"summary_large_image\" \/>\n<meta name=\"twitter:label1\" content=\"Tiempo de lectura\" \/>\n\t<meta name=\"twitter:data1\" content=\"2 minutos\" \/>\n<script type=\"application\/ld+json\" class=\"yoast-schema-graph\">{\"@context\":\"https:\/\/schema.org\",\"@graph\":[{\"@type\":\"WebPage\",\"@id\":\"https:\/\/www.historieta.es\/?product=el-banquet-de-la-victoria-i-els-fets-de-cu-cut\",\"url\":\"https:\/\/www.historieta.es\/?product=el-banquet-de-la-victoria-i-els-fets-de-cu-cut\",\"name\":\"El Banquet de la Vict\u00f2ria i els Fets de \u00a1Cu-Cut!\",\"isPartOf\":{\"@id\":\"https:\/\/www.historieta.es\/#website\"},\"primaryImageOfPage\":{\"@id\":\"https:\/\/www.historieta.es\/?product=el-banquet-de-la-victoria-i-els-fets-de-cu-cut#primaryimage\"},\"image\":{\"@id\":\"https:\/\/www.historieta.es\/?product=el-banquet-de-la-victoria-i-els-fets-de-cu-cut#primaryimage\"},\"thumbnailUrl\":\"https:\/\/www.historieta.es\/wp-content\/uploads\/2023\/06\/El-Banquet-de-la-Victoria-i-els-fets-de-\u00a1Cu-Cut.png\",\"datePublished\":\"2023-06-10T15:34:47+00:00\",\"dateModified\":\"2024-05-01T10:47:22+00:00\",\"breadcrumb\":{\"@id\":\"https:\/\/www.historieta.es\/?product=el-banquet-de-la-victoria-i-els-fets-de-cu-cut#breadcrumb\"},\"inLanguage\":\"es\",\"potentialAction\":[{\"@type\":\"ReadAction\",\"target\":[\"https:\/\/www.historieta.es\/?product=el-banquet-de-la-victoria-i-els-fets-de-cu-cut\"]}]},{\"@type\":\"ImageObject\",\"inLanguage\":\"es\",\"@id\":\"https:\/\/www.historieta.es\/?product=el-banquet-de-la-victoria-i-els-fets-de-cu-cut#primaryimage\",\"url\":\"https:\/\/www.historieta.es\/wp-content\/uploads\/2023\/06\/El-Banquet-de-la-Victoria-i-els-fets-de-\u00a1Cu-Cut.png\",\"contentUrl\":\"https:\/\/www.historieta.es\/wp-content\/uploads\/2023\/06\/El-Banquet-de-la-Victoria-i-els-fets-de-\u00a1Cu-Cut.png\",\"width\":600,\"height\":600},{\"@type\":\"BreadcrumbList\",\"@id\":\"https:\/\/www.historieta.es\/?product=el-banquet-de-la-victoria-i-els-fets-de-cu-cut#breadcrumb\",\"itemListElement\":[{\"@type\":\"ListItem\",\"position\":1,\"name\":\"Portada\",\"item\":\"https:\/\/www.historieta.es\/\"},{\"@type\":\"ListItem\",\"position\":2,\"name\":\"Productos\",\"item\":\"https:\/\/www.historieta.es\/?post_type=product\"},{\"@type\":\"ListItem\",\"position\":3,\"name\":\"El Banquet de la Vict\u00f2ria i els Fets de \u00a1Cu-Cut!\"}]},{\"@type\":\"WebSite\",\"@id\":\"https:\/\/www.historieta.es\/#website\",\"url\":\"https:\/\/www.historieta.es\/\",\"name\":\"historieta\",\"description\":\"sitio de comic\",\"potentialAction\":[{\"@type\":\"SearchAction\",\"target\":{\"@type\":\"EntryPoint\",\"urlTemplate\":\"https:\/\/www.historieta.es\/?s={search_term_string}\"},\"query-input\":{\"@type\":\"PropertyValueSpecification\",\"valueRequired\":true,\"valueName\":\"search_term_string\"}}],\"inLanguage\":\"es\"}]}<\/script>\n<!-- \/ Yoast SEO plugin. -->","yoast_head_json":{"title":"El Banquet de la Vict\u00f2ria i els Fets de \u00a1Cu-Cut!","robots":{"index":"index","follow":"follow","max-snippet":"max-snippet:-1","max-image-preview":"max-image-preview:large","max-video-preview":"max-video-preview:-1"},"canonical":"https:\/\/www.historieta.es\/?product=el-banquet-de-la-victoria-i-els-fets-de-cu-cut","og_locale":"es_ES","og_type":"article","og_title":"El Banquet de la Vict\u00f2ria i els Fets de \u00a1Cu-Cut!","og_description":"El Banquet de la Vict\u00f2ria i els Fets de \u00a1Cu-Cut!, Catal\u00e1n, Espa\u00f1a, Francesc Santolaria, \u00a1Cu-Cut!","og_url":"https:\/\/www.historieta.es\/?product=el-banquet-de-la-victoria-i-els-fets-de-cu-cut","og_site_name":"historieta","article_modified_time":"2024-05-01T10:47:22+00:00","og_image":[{"width":600,"height":600,"url":"https:\/\/www.historieta.es\/wp-content\/uploads\/2023\/06\/El-Banquet-de-la-Victoria-i-els-fets-de-\u00a1Cu-Cut.png","type":"image\/png"}],"twitter_card":"summary_large_image","twitter_misc":{"Tiempo de lectura":"2 minutos"},"schema":{"@context":"https:\/\/schema.org","@graph":[{"@type":"WebPage","@id":"https:\/\/www.historieta.es\/?product=el-banquet-de-la-victoria-i-els-fets-de-cu-cut","url":"https:\/\/www.historieta.es\/?product=el-banquet-de-la-victoria-i-els-fets-de-cu-cut","name":"El Banquet de la Vict\u00f2ria i els Fets de \u00a1Cu-Cut!","isPartOf":{"@id":"https:\/\/www.historieta.es\/#website"},"primaryImageOfPage":{"@id":"https:\/\/www.historieta.es\/?product=el-banquet-de-la-victoria-i-els-fets-de-cu-cut#primaryimage"},"image":{"@id":"https:\/\/www.historieta.es\/?product=el-banquet-de-la-victoria-i-els-fets-de-cu-cut#primaryimage"},"thumbnailUrl":"https:\/\/www.historieta.es\/wp-content\/uploads\/2023\/06\/El-Banquet-de-la-Victoria-i-els-fets-de-\u00a1Cu-Cut.png","datePublished":"2023-06-10T15:34:47+00:00","dateModified":"2024-05-01T10:47:22+00:00","breadcrumb":{"@id":"https:\/\/www.historieta.es\/?product=el-banquet-de-la-victoria-i-els-fets-de-cu-cut#breadcrumb"},"inLanguage":"es","potentialAction":[{"@type":"ReadAction","target":["https:\/\/www.historieta.es\/?product=el-banquet-de-la-victoria-i-els-fets-de-cu-cut"]}]},{"@type":"ImageObject","inLanguage":"es","@id":"https:\/\/www.historieta.es\/?product=el-banquet-de-la-victoria-i-els-fets-de-cu-cut#primaryimage","url":"https:\/\/www.historieta.es\/wp-content\/uploads\/2023\/06\/El-Banquet-de-la-Victoria-i-els-fets-de-\u00a1Cu-Cut.png","contentUrl":"https:\/\/www.historieta.es\/wp-content\/uploads\/2023\/06\/El-Banquet-de-la-Victoria-i-els-fets-de-\u00a1Cu-Cut.png","width":600,"height":600},{"@type":"BreadcrumbList","@id":"https:\/\/www.historieta.es\/?product=el-banquet-de-la-victoria-i-els-fets-de-cu-cut#breadcrumb","itemListElement":[{"@type":"ListItem","position":1,"name":"Portada","item":"https:\/\/www.historieta.es\/"},{"@type":"ListItem","position":2,"name":"Productos","item":"https:\/\/www.historieta.es\/?post_type=product"},{"@type":"ListItem","position":3,"name":"El Banquet de la Vict\u00f2ria i els Fets de \u00a1Cu-Cut!"}]},{"@type":"WebSite","@id":"https:\/\/www.historieta.es\/#website","url":"https:\/\/www.historieta.es\/","name":"historieta","description":"sitio de comic","potentialAction":[{"@type":"SearchAction","target":{"@type":"EntryPoint","urlTemplate":"https:\/\/www.historieta.es\/?s={search_term_string}"},"query-input":{"@type":"PropertyValueSpecification","valueRequired":true,"valueName":"search_term_string"}}],"inLanguage":"es"}]}},"_links":{"self":[{"href":"https:\/\/www.historieta.es\/index.php?rest_route=\/wp\/v2\/product\/3996","targetHints":{"allow":["GET"]}}],"collection":[{"href":"https:\/\/www.historieta.es\/index.php?rest_route=\/wp\/v2\/product"}],"about":[{"href":"https:\/\/www.historieta.es\/index.php?rest_route=\/wp\/v2\/types\/product"}],"wp:featuredmedia":[{"embeddable":true,"href":"https:\/\/www.historieta.es\/index.php?rest_route=\/wp\/v2\/media\/3997"}],"wp:attachment":[{"href":"https:\/\/www.historieta.es\/index.php?rest_route=%2Fwp%2Fv2%2Fmedia&parent=3996"}],"wp:term":[{"taxonomy":"product_brand","embeddable":true,"href":"https:\/\/www.historieta.es\/index.php?rest_route=%2Fwp%2Fv2%2Fproduct_brand&post=3996"},{"taxonomy":"product_cat","embeddable":true,"href":"https:\/\/www.historieta.es\/index.php?rest_route=%2Fwp%2Fv2%2Fproduct_cat&post=3996"},{"taxonomy":"product_tag","embeddable":true,"href":"https:\/\/www.historieta.es\/index.php?rest_route=%2Fwp%2Fv2%2Fproduct_tag&post=3996"}],"curies":[{"name":"wp","href":"https:\/\/api.w.org\/{rel}","templated":true}]}}