{"id":3970,"date":"2023-06-09T21:02:33","date_gmt":"2023-06-09T21:02:33","guid":{"rendered":"https:\/\/www.historieta.es\/?post_type=product&#038;p=3970"},"modified":"2023-12-31T08:55:06","modified_gmt":"2023-12-31T08:55:06","slug":"el-comic-i-la-memoria-historica-el-cas-de-la-segona-guerra-mundial","status":"publish","type":"product","link":"https:\/\/www.historieta.es\/?product=el-comic-i-la-memoria-historica-el-cas-de-la-segona-guerra-mundial","title":{"rendered":"El c\u00f2mic i la mem\u00f2ria hist\u00f2rica. El cas de la segona guerra mundial"},"content":{"rendered":"<p>[et_pb_section fb_built=\u00bb1&#8243; _builder_version=\u00bb4.20.2&#8243; custom_margin=\u00bb-44px|0px|-44px|0px|true|true\u00bb custom_padding=\u00bb0px|0px|0px|0px|true|true\u00bb collapsed=\u00bboff\u00bb global_colors_info=\u00bb{}\u00bb][et_pb_row column_structure=\u00bb2_5,3_5&#8243; _builder_version=\u00bb4.20.2&#8243; background_size=\u00bbinitial\u00bb background_position=\u00bbtop_left\u00bb background_repeat=\u00bbrepeat\u00bb width=\u00bb100%\u00bb custom_margin=\u00bb0px|0px|0px|0px|true|true\u00bb custom_padding=\u00bb0px|0px|0px|0px|true|true\u00bb global_colors_info=\u00bb{}\u00bb][et_pb_column type=\u00bb2_5&#8243; _builder_version=\u00bb4.16&#8243; custom_padding=\u00bb|||\u00bb global_colors_info=\u00bb{}\u00bb custom_padding__hover=\u00bb|||\u00bb][et_pb_wc_images _builder_version=\u00bb4.20.2&#8243; box_shadow_style=\u00bbpreset1&#8243; global_colors_info=\u00bb{}\u00bb][\/et_pb_wc_images][\/et_pb_column][et_pb_column type=\u00bb3_5&#8243; _builder_version=\u00bb4.20.2&#8243; _module_preset=\u00bbdefault\u00bb global_colors_info=\u00bb{}\u00bb][et_pb_tabs _builder_version=\u00bb4.20.2&#8243; _module_preset=\u00bbdefault\u00bb global_colors_info=\u00bb{}\u00bb][et_pb_tab title=\u00bbDatos\u00bb _builder_version=\u00bb4.20.2&#8243; _module_preset=\u00bbdefault\u00bb global_colors_info=\u00bb{}\u00bb]<\/p>\n<p>Autor: Pedro Suau Pujadas<\/p>\n<p>Editorial: Dolmen<\/p>\n<p>Ciudad: Palma de Mallorca<\/p>\n<p>Pa\u00eds: Espa\u00f1a<\/p>\n<p>Tama\u00f1o: 15&#215;21<\/p>\n<p>P\u00e1ginas: 224<\/p>\n<p>A\u00f1o: 2021<\/p>\n<p>Dep\u00f3sito legal:<\/p>\n<p>ISBN: 978-8418510625<\/p>\n<p><strong>IDIOMA: Catal\u00e1n<br \/><\/strong><\/p>\n<p>[\/et_pb_tab][et_pb_tab title=\u00bbDescripci\u00f3n\u00bb _builder_version=\u00bb4.20.2&#8243; _module_preset=\u00bbdefault\u00bb global_colors_info=\u00bb{}\u00bb]<\/p>\n<p>EL C\u00d2MIC I LA MEM\u00d2RIA HIST\u00d2RICA. El cas de la Segona Guerra Mundial. El m\u00f3n dels c\u00f2mics \u00e9s vertaderament fascinant. Des del c\u00f2mic americ\u00e0 de superherois fins al manga japon\u00e8s, el mitj\u00e0 ens ofereix multitud d\u2019hist\u00f2ries pel nostre gust particular. I, a difer\u00e8ncia del que pot ser una creen\u00e7a estesa entre certs sectors, el c\u00f2mic no \u00e9s, ni de bon tros, un art infantil, sin\u00f3 que abra\u00e7a totes les demografies i temes. En aquest sentit, \u00e9s especialment destacable la proliferaci\u00f3 en els darrers anys d\u2019un tipus concret de c\u00f2mic hist\u00f2ric\u2026<br \/>Aquest llibre \u00e9s un estudi sobre una s\u00e8rie de c\u00f2mics que tracten la Segona Guerra Mundial d\u2019una manera molt especial. En alguns casos, es basen en les experi\u00e8ncies personals que visqueren els mateixos autors. En altres, aquests s\u2019encarreguen de plasmar experi\u00e8ncies alienes a trav\u00e9s de testimonis de primera m\u00e0. \u00c9s, per dir-ho d\u2019una altra manera, un estudi sobre c\u00f2mics que parlen sobre la Mem\u00f2ria Hist\u00f2rica.<br \/>Des de Maus fins a Hadashi no Gen, aquesta obra analitza els c\u00f2mics de Mem\u00f2ria Hist\u00f2rica que s\u2019endinsen en la Segona Guerra Mundial i que han estat publicats en el nostre pa\u00eds, sigui quina sigui la seva proced\u00e8ncia original. De quina manera es pot relacionar aquest mitj\u00e0 amb la Hist\u00f2ria? \u00c9s possible que aquestes obres siguin una font per a l\u2019estudi hist\u00f2ric? De quina manera representen el que va oc\u00f3rrer? Aquestes i altres preguntes seran contestades en un treball que, sobretot, \u00e9s una reivindicaci\u00f3 de la import\u00e0ncia del mitj\u00e0 i la seva utilitat en el m\u00f3n acad\u00e8mic.<br \/>La editorial<\/p>\n<p>[\/et_pb_tab][et_pb_tab title=\u00bbBibliograf\u00eda\u00bb _builder_version=\u00bb4.20.2&#8243; _module_preset=\u00bbdefault\u00bb global_colors_info=\u00bb{}\u00bb][\/et_pb_tab][\/et_pb_tabs][et_pb_wc_title _builder_version=\u00bb4.20.2&#8243; header_font=\u00bb|600|||||||\u00bb header_text_color=\u00bb#0C71C3&#8243; header_font_size=\u00bb25px\u00bb custom_margin=\u00bb0px|0px|0px|0px|true|true\u00bb custom_padding=\u00bb0px|0px|0px|0px|true|true\u00bb global_colors_info=\u00bb{}\u00bb][\/et_pb_wc_title][\/et_pb_column][\/et_pb_row][\/et_pb_section][et_pb_section fb_built=\u00bb1&#8243; _builder_version=\u00bb4.20.2&#8243; _module_preset=\u00bbdefault\u00bb global_colors_info=\u00bb{}\u00bb][\/et_pb_section][et_pb_section fb_built=\u00bb1&#8243; _builder_version=\u00bb4.20.2&#8243; _module_preset=\u00bbdefault\u00bb global_colors_info=\u00bb{}\u00bb][\/et_pb_section]<\/p>\n","protected":false},"excerpt":{"rendered":"<p>El c\u00f2mic i la mem\u00f2ria hist\u00f2rica, El cas de la segona guerra mundial, Catal\u00e1n, Espa\u00f1a, Pedro Suau Pujadas<\/p>\n","protected":false},"featured_media":3971,"template":"","meta":{"_et_pb_use_builder":"on","_et_pb_old_content":"","_et_gb_content_width":"","_monsterinsights_skip_tracking":false,"_monsterinsights_sitenote_active":false,"_monsterinsights_sitenote_note":"","_monsterinsights_sitenote_category":0},"product_brand":[],"product_cat":[31],"product_tag":[],"class_list":{"0":"post-3970","1":"product","2":"type-product","3":"status-publish","4":"has-post-thumbnail","6":"product_cat-libros","8":"first","9":"instock","10":"shipping-taxable","11":"product-type-simple"},"yoast_head":"<!-- This site is optimized with the Yoast SEO plugin v27.2 - https:\/\/yoast.com\/product\/yoast-seo-wordpress\/ -->\n<title>El c\u00f2mic i la mem\u00f2ria hist\u00f2rica. El cas de la segona guerra mundial<\/title>\n<meta name=\"robots\" content=\"index, follow, max-snippet:-1, max-image-preview:large, max-video-preview:-1\" \/>\n<link rel=\"canonical\" href=\"https:\/\/www.historieta.es\/?product=el-comic-i-la-memoria-historica-el-cas-de-la-segona-guerra-mundial\" \/>\n<meta property=\"og:locale\" content=\"es_ES\" \/>\n<meta property=\"og:type\" content=\"article\" \/>\n<meta property=\"og:title\" content=\"El c\u00f2mic i la mem\u00f2ria hist\u00f2rica. El cas de la segona guerra mundial\" \/>\n<meta property=\"og:description\" content=\"El c\u00f2mic i la mem\u00f2ria hist\u00f2rica, El cas de la segona guerra mundial, Catal\u00e1n, Espa\u00f1a, Pedro Suau Pujadas\" \/>\n<meta property=\"og:url\" content=\"https:\/\/www.historieta.es\/?product=el-comic-i-la-memoria-historica-el-cas-de-la-segona-guerra-mundial\" \/>\n<meta property=\"og:site_name\" content=\"historieta\" \/>\n<meta property=\"article:modified_time\" content=\"2023-12-31T08:55:06+00:00\" \/>\n<meta property=\"og:image\" content=\"https:\/\/www.historieta.es\/wp-content\/uploads\/2023\/06\/El-comic-i-la-memoria-historica.png\" \/>\n\t<meta property=\"og:image:width\" content=\"600\" \/>\n\t<meta property=\"og:image:height\" content=\"600\" \/>\n\t<meta property=\"og:image:type\" content=\"image\/png\" \/>\n<meta name=\"twitter:card\" content=\"summary_large_image\" \/>\n<meta name=\"twitter:label1\" content=\"Tiempo de lectura\" \/>\n\t<meta name=\"twitter:data1\" content=\"2 minutos\" \/>\n<script type=\"application\/ld+json\" class=\"yoast-schema-graph\">{\"@context\":\"https:\/\/schema.org\",\"@graph\":[{\"@type\":\"WebPage\",\"@id\":\"https:\/\/www.historieta.es\/?product=el-comic-i-la-memoria-historica-el-cas-de-la-segona-guerra-mundial\",\"url\":\"https:\/\/www.historieta.es\/?product=el-comic-i-la-memoria-historica-el-cas-de-la-segona-guerra-mundial\",\"name\":\"El c\u00f2mic i la mem\u00f2ria hist\u00f2rica. El cas de la segona guerra mundial\",\"isPartOf\":{\"@id\":\"https:\/\/www.historieta.es\/#website\"},\"primaryImageOfPage\":{\"@id\":\"https:\/\/www.historieta.es\/?product=el-comic-i-la-memoria-historica-el-cas-de-la-segona-guerra-mundial#primaryimage\"},\"image\":{\"@id\":\"https:\/\/www.historieta.es\/?product=el-comic-i-la-memoria-historica-el-cas-de-la-segona-guerra-mundial#primaryimage\"},\"thumbnailUrl\":\"https:\/\/www.historieta.es\/wp-content\/uploads\/2023\/06\/El-comic-i-la-memoria-historica.png\",\"datePublished\":\"2023-06-09T21:02:33+00:00\",\"dateModified\":\"2023-12-31T08:55:06+00:00\",\"breadcrumb\":{\"@id\":\"https:\/\/www.historieta.es\/?product=el-comic-i-la-memoria-historica-el-cas-de-la-segona-guerra-mundial#breadcrumb\"},\"inLanguage\":\"es\",\"potentialAction\":[{\"@type\":\"ReadAction\",\"target\":[\"https:\/\/www.historieta.es\/?product=el-comic-i-la-memoria-historica-el-cas-de-la-segona-guerra-mundial\"]}]},{\"@type\":\"ImageObject\",\"inLanguage\":\"es\",\"@id\":\"https:\/\/www.historieta.es\/?product=el-comic-i-la-memoria-historica-el-cas-de-la-segona-guerra-mundial#primaryimage\",\"url\":\"https:\/\/www.historieta.es\/wp-content\/uploads\/2023\/06\/El-comic-i-la-memoria-historica.png\",\"contentUrl\":\"https:\/\/www.historieta.es\/wp-content\/uploads\/2023\/06\/El-comic-i-la-memoria-historica.png\",\"width\":600,\"height\":600},{\"@type\":\"BreadcrumbList\",\"@id\":\"https:\/\/www.historieta.es\/?product=el-comic-i-la-memoria-historica-el-cas-de-la-segona-guerra-mundial#breadcrumb\",\"itemListElement\":[{\"@type\":\"ListItem\",\"position\":1,\"name\":\"Portada\",\"item\":\"https:\/\/www.historieta.es\/\"},{\"@type\":\"ListItem\",\"position\":2,\"name\":\"Productos\",\"item\":\"https:\/\/www.historieta.es\/?post_type=product\"},{\"@type\":\"ListItem\",\"position\":3,\"name\":\"El c\u00f2mic i la mem\u00f2ria hist\u00f2rica. El cas de la segona guerra mundial\"}]},{\"@type\":\"WebSite\",\"@id\":\"https:\/\/www.historieta.es\/#website\",\"url\":\"https:\/\/www.historieta.es\/\",\"name\":\"historieta\",\"description\":\"sitio de comic\",\"potentialAction\":[{\"@type\":\"SearchAction\",\"target\":{\"@type\":\"EntryPoint\",\"urlTemplate\":\"https:\/\/www.historieta.es\/?s={search_term_string}\"},\"query-input\":{\"@type\":\"PropertyValueSpecification\",\"valueRequired\":true,\"valueName\":\"search_term_string\"}}],\"inLanguage\":\"es\"}]}<\/script>\n<!-- \/ Yoast SEO plugin. -->","yoast_head_json":{"title":"El c\u00f2mic i la mem\u00f2ria hist\u00f2rica. El cas de la segona guerra mundial","robots":{"index":"index","follow":"follow","max-snippet":"max-snippet:-1","max-image-preview":"max-image-preview:large","max-video-preview":"max-video-preview:-1"},"canonical":"https:\/\/www.historieta.es\/?product=el-comic-i-la-memoria-historica-el-cas-de-la-segona-guerra-mundial","og_locale":"es_ES","og_type":"article","og_title":"El c\u00f2mic i la mem\u00f2ria hist\u00f2rica. El cas de la segona guerra mundial","og_description":"El c\u00f2mic i la mem\u00f2ria hist\u00f2rica, El cas de la segona guerra mundial, Catal\u00e1n, Espa\u00f1a, Pedro Suau Pujadas","og_url":"https:\/\/www.historieta.es\/?product=el-comic-i-la-memoria-historica-el-cas-de-la-segona-guerra-mundial","og_site_name":"historieta","article_modified_time":"2023-12-31T08:55:06+00:00","og_image":[{"width":600,"height":600,"url":"https:\/\/www.historieta.es\/wp-content\/uploads\/2023\/06\/El-comic-i-la-memoria-historica.png","type":"image\/png"}],"twitter_card":"summary_large_image","twitter_misc":{"Tiempo de lectura":"2 minutos"},"schema":{"@context":"https:\/\/schema.org","@graph":[{"@type":"WebPage","@id":"https:\/\/www.historieta.es\/?product=el-comic-i-la-memoria-historica-el-cas-de-la-segona-guerra-mundial","url":"https:\/\/www.historieta.es\/?product=el-comic-i-la-memoria-historica-el-cas-de-la-segona-guerra-mundial","name":"El c\u00f2mic i la mem\u00f2ria hist\u00f2rica. El cas de la segona guerra mundial","isPartOf":{"@id":"https:\/\/www.historieta.es\/#website"},"primaryImageOfPage":{"@id":"https:\/\/www.historieta.es\/?product=el-comic-i-la-memoria-historica-el-cas-de-la-segona-guerra-mundial#primaryimage"},"image":{"@id":"https:\/\/www.historieta.es\/?product=el-comic-i-la-memoria-historica-el-cas-de-la-segona-guerra-mundial#primaryimage"},"thumbnailUrl":"https:\/\/www.historieta.es\/wp-content\/uploads\/2023\/06\/El-comic-i-la-memoria-historica.png","datePublished":"2023-06-09T21:02:33+00:00","dateModified":"2023-12-31T08:55:06+00:00","breadcrumb":{"@id":"https:\/\/www.historieta.es\/?product=el-comic-i-la-memoria-historica-el-cas-de-la-segona-guerra-mundial#breadcrumb"},"inLanguage":"es","potentialAction":[{"@type":"ReadAction","target":["https:\/\/www.historieta.es\/?product=el-comic-i-la-memoria-historica-el-cas-de-la-segona-guerra-mundial"]}]},{"@type":"ImageObject","inLanguage":"es","@id":"https:\/\/www.historieta.es\/?product=el-comic-i-la-memoria-historica-el-cas-de-la-segona-guerra-mundial#primaryimage","url":"https:\/\/www.historieta.es\/wp-content\/uploads\/2023\/06\/El-comic-i-la-memoria-historica.png","contentUrl":"https:\/\/www.historieta.es\/wp-content\/uploads\/2023\/06\/El-comic-i-la-memoria-historica.png","width":600,"height":600},{"@type":"BreadcrumbList","@id":"https:\/\/www.historieta.es\/?product=el-comic-i-la-memoria-historica-el-cas-de-la-segona-guerra-mundial#breadcrumb","itemListElement":[{"@type":"ListItem","position":1,"name":"Portada","item":"https:\/\/www.historieta.es\/"},{"@type":"ListItem","position":2,"name":"Productos","item":"https:\/\/www.historieta.es\/?post_type=product"},{"@type":"ListItem","position":3,"name":"El c\u00f2mic i la mem\u00f2ria hist\u00f2rica. El cas de la segona guerra mundial"}]},{"@type":"WebSite","@id":"https:\/\/www.historieta.es\/#website","url":"https:\/\/www.historieta.es\/","name":"historieta","description":"sitio de comic","potentialAction":[{"@type":"SearchAction","target":{"@type":"EntryPoint","urlTemplate":"https:\/\/www.historieta.es\/?s={search_term_string}"},"query-input":{"@type":"PropertyValueSpecification","valueRequired":true,"valueName":"search_term_string"}}],"inLanguage":"es"}]}},"_links":{"self":[{"href":"https:\/\/www.historieta.es\/index.php?rest_route=\/wp\/v2\/product\/3970","targetHints":{"allow":["GET"]}}],"collection":[{"href":"https:\/\/www.historieta.es\/index.php?rest_route=\/wp\/v2\/product"}],"about":[{"href":"https:\/\/www.historieta.es\/index.php?rest_route=\/wp\/v2\/types\/product"}],"wp:featuredmedia":[{"embeddable":true,"href":"https:\/\/www.historieta.es\/index.php?rest_route=\/wp\/v2\/media\/3971"}],"wp:attachment":[{"href":"https:\/\/www.historieta.es\/index.php?rest_route=%2Fwp%2Fv2%2Fmedia&parent=3970"}],"wp:term":[{"taxonomy":"product_brand","embeddable":true,"href":"https:\/\/www.historieta.es\/index.php?rest_route=%2Fwp%2Fv2%2Fproduct_brand&post=3970"},{"taxonomy":"product_cat","embeddable":true,"href":"https:\/\/www.historieta.es\/index.php?rest_route=%2Fwp%2Fv2%2Fproduct_cat&post=3970"},{"taxonomy":"product_tag","embeddable":true,"href":"https:\/\/www.historieta.es\/index.php?rest_route=%2Fwp%2Fv2%2Fproduct_tag&post=3970"}],"curies":[{"name":"wp","href":"https:\/\/api.w.org\/{rel}","templated":true}]}}