{"id":3949,"date":"2023-06-09T19:21:37","date_gmt":"2023-06-09T19:21:37","guid":{"rendered":"https:\/\/www.historieta.es\/?post_type=product&#038;p=3949"},"modified":"2024-05-03T08:09:31","modified_gmt":"2024-05-03T08:09:31","slug":"7-000080-escribir-con-vinetas-pensar-en-bocadillos-manual-de-guion-de-comic","status":"publish","type":"product","link":"https:\/\/www.historieta.es\/?product=7-000080-escribir-con-vinetas-pensar-en-bocadillos-manual-de-guion-de-comic","title":{"rendered":"Escribir con vi\u00f1etas. Pensar en bocadillos. Manual de guion de c\u00f3mic"},"content":{"rendered":"<p>[et_pb_section fb_built=\u00bb1&#8243; _builder_version=\u00bb4.20.2&#8243; custom_margin=\u00bb-44px|0px|-44px|0px|true|true\u00bb custom_padding=\u00bb0px|0px|0px|0px|true|true\u00bb collapsed=\u00bboff\u00bb global_colors_info=\u00bb{}\u00bb][et_pb_row column_structure=\u00bb2_5,3_5&#8243; _builder_version=\u00bb4.20.2&#8243; background_size=\u00bbinitial\u00bb background_position=\u00bbtop_left\u00bb background_repeat=\u00bbrepeat\u00bb width=\u00bb100%\u00bb custom_margin=\u00bb0px|0px|0px|0px|true|true\u00bb custom_padding=\u00bb0px|0px|0px|0px|true|true\u00bb global_colors_info=\u00bb{}\u00bb][et_pb_column type=\u00bb2_5&#8243; _builder_version=\u00bb4.16&#8243; custom_padding=\u00bb|||\u00bb global_colors_info=\u00bb{}\u00bb custom_padding__hover=\u00bb|||\u00bb][et_pb_wc_images _builder_version=\u00bb4.20.2&#8243; box_shadow_style=\u00bbpreset1&#8243; global_colors_info=\u00bb{}\u00bb][\/et_pb_wc_images][\/et_pb_column][et_pb_column type=\u00bb3_5&#8243; _builder_version=\u00bb4.20.2&#8243; _module_preset=\u00bbdefault\u00bb global_colors_info=\u00bb{}\u00bb][et_pb_tabs _builder_version=\u00bb4.20.2&#8243; _module_preset=\u00bbdefault\u00bb global_colors_info=\u00bb{}\u00bb][et_pb_tab title=\u00bbDatos\u00bb _builder_version=\u00bb4.20.2&#8243; _module_preset=\u00bbdefault\u00bb global_colors_info=\u00bb{}\u00bb]<\/p>\n<p>Autor: David Mu\u00f1oz Pantiga<\/p>\n<p>Editorial: Es Pop Ediciones<\/p>\n<p>Ciudad: Madrid<\/p>\n<p>Pa\u00eds: Espa\u00f1a<\/p>\n<p>Tama\u00f1o: 14&#215;21,5<\/p>\n<p>P\u00e1ginas: 288<\/p>\n<p>A\u00f1o: 2020<\/p>\n<p>Dep\u00f3sito legal:<\/p>\n<p>ISBN: 978-8417645083<\/p>\n<p><strong>IDIOMA: Castellano<br \/><\/strong><\/p>\n<p>[\/et_pb_tab][et_pb_tab title=\u00bbDescripci\u00f3n\u00bb _builder_version=\u00bb4.20.2&#8243; _module_preset=\u00bbdefault\u00bb global_colors_info=\u00bb{}\u00bb]<\/p>\n<p>\u00bfC\u00f3mo se escribe un guion de c\u00f3mic? \u00bfEn qu\u00e9 se diferencia de un guion de cine o de televisi\u00f3n? \u00bfCu\u00e1les son las mejores maneras de desarrollarlo desde la idea inicial hasta el producto final? Dirigido tanto al aspirante a guionista de c\u00f3mic como a profesionales de otros campos que quieran aproximarse al mundo de la novela gr\u00e1fica, este manual ofrece diversas claves para exprimir al m\u00e1ximo nuestra creatividad y dar con el sistema de trabajo m\u00e1s eficaz y adecuado a nuestras necesidades. David Mu\u00f1oz, guionista de cine (\u00abEl espinazo del diablo\u00bb), televisi\u00f3n (\u00abLa hora chanante\u00bb) y c\u00f3mic (\u00abLa casa de los susurros\u00bb, \u00abSordo\u00bb), explora en profundidad c\u00f3mo se construyen las historias, cu\u00e1les son las estructuras m\u00e1s comunes en cualquier forma de narraci\u00f3n, c\u00f3mo funcionan las tramas, la construcci\u00f3n de personajes y c\u00f3mo sacar el m\u00e1ximo partido a las t\u00e9cnicas de escritura m\u00e1s habituales, para aprender todas sus reglas&#8230;o romperlas siempre que sea necesario.<br \/>La editorial<\/p>\n<p>[\/et_pb_tab][et_pb_tab title=\u00bbBibliograf\u00eda\u00bb _builder_version=\u00bb4.20.2&#8243; _module_preset=\u00bbdefault\u00bb global_colors_info=\u00bb{}\u00bb][\/et_pb_tab][\/et_pb_tabs][et_pb_wc_title _builder_version=\u00bb4.20.2&#8243; header_font=\u00bb|600|||||||\u00bb header_text_color=\u00bb#0C71C3&#8243; header_font_size=\u00bb25px\u00bb custom_margin=\u00bb0px|0px|0px|0px|true|true\u00bb custom_padding=\u00bb0px|0px|0px|0px|true|true\u00bb global_colors_info=\u00bb{}\u00bb][\/et_pb_wc_title][\/et_pb_column][\/et_pb_row][\/et_pb_section][et_pb_section fb_built=\u00bb1&#8243; _builder_version=\u00bb4.20.2&#8243; _module_preset=\u00bbdefault\u00bb global_colors_info=\u00bb{}\u00bb][\/et_pb_section][et_pb_section fb_built=\u00bb1&#8243; _builder_version=\u00bb4.20.2&#8243; _module_preset=\u00bbdefault\u00bb global_colors_info=\u00bb{}\u00bb][\/et_pb_section]<\/p>\n","protected":false},"excerpt":{"rendered":"<p>Escribir con vi\u00f1etas, Pensar en bocadillos, Manual de guion de c\u00f3mic, Espa\u00f1a, Castellano, David Mu\u00f1oz Pantiga<\/p>\n","protected":false},"featured_media":3950,"template":"","meta":{"_et_pb_use_builder":"on","_et_pb_old_content":"","_et_gb_content_width":"","_monsterinsights_skip_tracking":false,"_monsterinsights_sitenote_active":false,"_monsterinsights_sitenote_note":"","_monsterinsights_sitenote_category":0},"product_brand":[],"product_cat":[31,55],"product_tag":[],"class_list":{"0":"post-3949","1":"product","2":"type-product","3":"status-publish","4":"has-post-thumbnail","6":"product_cat-libros","7":"product_cat-tema-guion","9":"first","10":"instock","11":"shipping-taxable","12":"product-type-simple"},"yoast_head":"<!-- This site is optimized with the Yoast SEO plugin v27.2 - https:\/\/yoast.com\/product\/yoast-seo-wordpress\/ -->\n<title>Escribir con vi\u00f1etas. Pensar en bocadillos. Manual de guion de c\u00f3mic<\/title>\n<meta name=\"robots\" content=\"index, follow, max-snippet:-1, max-image-preview:large, max-video-preview:-1\" \/>\n<link rel=\"canonical\" href=\"https:\/\/www.historieta.es\/?product=7-000080-escribir-con-vinetas-pensar-en-bocadillos-manual-de-guion-de-comic\" \/>\n<meta property=\"og:locale\" content=\"es_ES\" \/>\n<meta property=\"og:type\" content=\"article\" \/>\n<meta property=\"og:title\" content=\"Escribir con vi\u00f1etas. Pensar en bocadillos. Manual de guion de c\u00f3mic\" \/>\n<meta property=\"og:description\" content=\"Escribir con vi\u00f1etas, Pensar en bocadillos, Manual de guion de c\u00f3mic, Espa\u00f1a, Castellano, David Mu\u00f1oz Pantiga\" \/>\n<meta property=\"og:url\" content=\"https:\/\/www.historieta.es\/?product=7-000080-escribir-con-vinetas-pensar-en-bocadillos-manual-de-guion-de-comic\" \/>\n<meta property=\"og:site_name\" content=\"historieta\" \/>\n<meta property=\"article:modified_time\" content=\"2024-05-03T08:09:31+00:00\" \/>\n<meta property=\"og:image\" content=\"https:\/\/www.historieta.es\/wp-content\/uploads\/2023\/06\/Escribir-con-vinetas-pensar-en-bocadillos.png\" \/>\n\t<meta property=\"og:image:width\" content=\"600\" \/>\n\t<meta property=\"og:image:height\" content=\"600\" \/>\n\t<meta property=\"og:image:type\" content=\"image\/png\" \/>\n<meta name=\"twitter:card\" content=\"summary_large_image\" \/>\n<meta name=\"twitter:label1\" content=\"Tiempo de lectura\" \/>\n\t<meta name=\"twitter:data1\" content=\"2 minutos\" \/>\n<script type=\"application\/ld+json\" class=\"yoast-schema-graph\">{\"@context\":\"https:\/\/schema.org\",\"@graph\":[{\"@type\":\"WebPage\",\"@id\":\"https:\/\/www.historieta.es\/?product=7-000080-escribir-con-vinetas-pensar-en-bocadillos-manual-de-guion-de-comic\",\"url\":\"https:\/\/www.historieta.es\/?product=7-000080-escribir-con-vinetas-pensar-en-bocadillos-manual-de-guion-de-comic\",\"name\":\"Escribir con vi\u00f1etas. Pensar en bocadillos. Manual de guion de c\u00f3mic\",\"isPartOf\":{\"@id\":\"https:\/\/www.historieta.es\/#website\"},\"primaryImageOfPage\":{\"@id\":\"https:\/\/www.historieta.es\/?product=7-000080-escribir-con-vinetas-pensar-en-bocadillos-manual-de-guion-de-comic#primaryimage\"},\"image\":{\"@id\":\"https:\/\/www.historieta.es\/?product=7-000080-escribir-con-vinetas-pensar-en-bocadillos-manual-de-guion-de-comic#primaryimage\"},\"thumbnailUrl\":\"https:\/\/www.historieta.es\/wp-content\/uploads\/2023\/06\/Escribir-con-vinetas-pensar-en-bocadillos.png\",\"datePublished\":\"2023-06-09T19:21:37+00:00\",\"dateModified\":\"2024-05-03T08:09:31+00:00\",\"breadcrumb\":{\"@id\":\"https:\/\/www.historieta.es\/?product=7-000080-escribir-con-vinetas-pensar-en-bocadillos-manual-de-guion-de-comic#breadcrumb\"},\"inLanguage\":\"es\",\"potentialAction\":[{\"@type\":\"ReadAction\",\"target\":[\"https:\/\/www.historieta.es\/?product=7-000080-escribir-con-vinetas-pensar-en-bocadillos-manual-de-guion-de-comic\"]}]},{\"@type\":\"ImageObject\",\"inLanguage\":\"es\",\"@id\":\"https:\/\/www.historieta.es\/?product=7-000080-escribir-con-vinetas-pensar-en-bocadillos-manual-de-guion-de-comic#primaryimage\",\"url\":\"https:\/\/www.historieta.es\/wp-content\/uploads\/2023\/06\/Escribir-con-vinetas-pensar-en-bocadillos.png\",\"contentUrl\":\"https:\/\/www.historieta.es\/wp-content\/uploads\/2023\/06\/Escribir-con-vinetas-pensar-en-bocadillos.png\",\"width\":600,\"height\":600},{\"@type\":\"BreadcrumbList\",\"@id\":\"https:\/\/www.historieta.es\/?product=7-000080-escribir-con-vinetas-pensar-en-bocadillos-manual-de-guion-de-comic#breadcrumb\",\"itemListElement\":[{\"@type\":\"ListItem\",\"position\":1,\"name\":\"Portada\",\"item\":\"https:\/\/www.historieta.es\/\"},{\"@type\":\"ListItem\",\"position\":2,\"name\":\"Productos\",\"item\":\"https:\/\/www.historieta.es\/?post_type=product\"},{\"@type\":\"ListItem\",\"position\":3,\"name\":\"Escribir con vi\u00f1etas. Pensar en bocadillos. Manual de guion de c\u00f3mic\"}]},{\"@type\":\"WebSite\",\"@id\":\"https:\/\/www.historieta.es\/#website\",\"url\":\"https:\/\/www.historieta.es\/\",\"name\":\"historieta\",\"description\":\"sitio de comic\",\"potentialAction\":[{\"@type\":\"SearchAction\",\"target\":{\"@type\":\"EntryPoint\",\"urlTemplate\":\"https:\/\/www.historieta.es\/?s={search_term_string}\"},\"query-input\":{\"@type\":\"PropertyValueSpecification\",\"valueRequired\":true,\"valueName\":\"search_term_string\"}}],\"inLanguage\":\"es\"}]}<\/script>\n<!-- \/ Yoast SEO plugin. -->","yoast_head_json":{"title":"Escribir con vi\u00f1etas. Pensar en bocadillos. Manual de guion de c\u00f3mic","robots":{"index":"index","follow":"follow","max-snippet":"max-snippet:-1","max-image-preview":"max-image-preview:large","max-video-preview":"max-video-preview:-1"},"canonical":"https:\/\/www.historieta.es\/?product=7-000080-escribir-con-vinetas-pensar-en-bocadillos-manual-de-guion-de-comic","og_locale":"es_ES","og_type":"article","og_title":"Escribir con vi\u00f1etas. Pensar en bocadillos. Manual de guion de c\u00f3mic","og_description":"Escribir con vi\u00f1etas, Pensar en bocadillos, Manual de guion de c\u00f3mic, Espa\u00f1a, Castellano, David Mu\u00f1oz Pantiga","og_url":"https:\/\/www.historieta.es\/?product=7-000080-escribir-con-vinetas-pensar-en-bocadillos-manual-de-guion-de-comic","og_site_name":"historieta","article_modified_time":"2024-05-03T08:09:31+00:00","og_image":[{"width":600,"height":600,"url":"https:\/\/www.historieta.es\/wp-content\/uploads\/2023\/06\/Escribir-con-vinetas-pensar-en-bocadillos.png","type":"image\/png"}],"twitter_card":"summary_large_image","twitter_misc":{"Tiempo de lectura":"2 minutos"},"schema":{"@context":"https:\/\/schema.org","@graph":[{"@type":"WebPage","@id":"https:\/\/www.historieta.es\/?product=7-000080-escribir-con-vinetas-pensar-en-bocadillos-manual-de-guion-de-comic","url":"https:\/\/www.historieta.es\/?product=7-000080-escribir-con-vinetas-pensar-en-bocadillos-manual-de-guion-de-comic","name":"Escribir con vi\u00f1etas. Pensar en bocadillos. Manual de guion de c\u00f3mic","isPartOf":{"@id":"https:\/\/www.historieta.es\/#website"},"primaryImageOfPage":{"@id":"https:\/\/www.historieta.es\/?product=7-000080-escribir-con-vinetas-pensar-en-bocadillos-manual-de-guion-de-comic#primaryimage"},"image":{"@id":"https:\/\/www.historieta.es\/?product=7-000080-escribir-con-vinetas-pensar-en-bocadillos-manual-de-guion-de-comic#primaryimage"},"thumbnailUrl":"https:\/\/www.historieta.es\/wp-content\/uploads\/2023\/06\/Escribir-con-vinetas-pensar-en-bocadillos.png","datePublished":"2023-06-09T19:21:37+00:00","dateModified":"2024-05-03T08:09:31+00:00","breadcrumb":{"@id":"https:\/\/www.historieta.es\/?product=7-000080-escribir-con-vinetas-pensar-en-bocadillos-manual-de-guion-de-comic#breadcrumb"},"inLanguage":"es","potentialAction":[{"@type":"ReadAction","target":["https:\/\/www.historieta.es\/?product=7-000080-escribir-con-vinetas-pensar-en-bocadillos-manual-de-guion-de-comic"]}]},{"@type":"ImageObject","inLanguage":"es","@id":"https:\/\/www.historieta.es\/?product=7-000080-escribir-con-vinetas-pensar-en-bocadillos-manual-de-guion-de-comic#primaryimage","url":"https:\/\/www.historieta.es\/wp-content\/uploads\/2023\/06\/Escribir-con-vinetas-pensar-en-bocadillos.png","contentUrl":"https:\/\/www.historieta.es\/wp-content\/uploads\/2023\/06\/Escribir-con-vinetas-pensar-en-bocadillos.png","width":600,"height":600},{"@type":"BreadcrumbList","@id":"https:\/\/www.historieta.es\/?product=7-000080-escribir-con-vinetas-pensar-en-bocadillos-manual-de-guion-de-comic#breadcrumb","itemListElement":[{"@type":"ListItem","position":1,"name":"Portada","item":"https:\/\/www.historieta.es\/"},{"@type":"ListItem","position":2,"name":"Productos","item":"https:\/\/www.historieta.es\/?post_type=product"},{"@type":"ListItem","position":3,"name":"Escribir con vi\u00f1etas. Pensar en bocadillos. Manual de guion de c\u00f3mic"}]},{"@type":"WebSite","@id":"https:\/\/www.historieta.es\/#website","url":"https:\/\/www.historieta.es\/","name":"historieta","description":"sitio de comic","potentialAction":[{"@type":"SearchAction","target":{"@type":"EntryPoint","urlTemplate":"https:\/\/www.historieta.es\/?s={search_term_string}"},"query-input":{"@type":"PropertyValueSpecification","valueRequired":true,"valueName":"search_term_string"}}],"inLanguage":"es"}]}},"_links":{"self":[{"href":"https:\/\/www.historieta.es\/index.php?rest_route=\/wp\/v2\/product\/3949","targetHints":{"allow":["GET"]}}],"collection":[{"href":"https:\/\/www.historieta.es\/index.php?rest_route=\/wp\/v2\/product"}],"about":[{"href":"https:\/\/www.historieta.es\/index.php?rest_route=\/wp\/v2\/types\/product"}],"wp:featuredmedia":[{"embeddable":true,"href":"https:\/\/www.historieta.es\/index.php?rest_route=\/wp\/v2\/media\/3950"}],"wp:attachment":[{"href":"https:\/\/www.historieta.es\/index.php?rest_route=%2Fwp%2Fv2%2Fmedia&parent=3949"}],"wp:term":[{"taxonomy":"product_brand","embeddable":true,"href":"https:\/\/www.historieta.es\/index.php?rest_route=%2Fwp%2Fv2%2Fproduct_brand&post=3949"},{"taxonomy":"product_cat","embeddable":true,"href":"https:\/\/www.historieta.es\/index.php?rest_route=%2Fwp%2Fv2%2Fproduct_cat&post=3949"},{"taxonomy":"product_tag","embeddable":true,"href":"https:\/\/www.historieta.es\/index.php?rest_route=%2Fwp%2Fv2%2Fproduct_tag&post=3949"}],"curies":[{"name":"wp","href":"https:\/\/api.w.org\/{rel}","templated":true}]}}