{"id":3797,"date":"2023-06-07T16:16:08","date_gmt":"2023-06-07T16:16:08","guid":{"rendered":"https:\/\/www.historieta.es\/?post_type=product&#038;p=3797"},"modified":"2024-01-01T10:24:41","modified_gmt":"2024-01-01T10:24:41","slug":"disparen-al-humorista-un-ensayo-grafico-sobre-los-limites-del-humor","status":"publish","type":"product","link":"https:\/\/www.historieta.es\/?product=disparen-al-humorista-un-ensayo-grafico-sobre-los-limites-del-humor","title":{"rendered":"Disparen al humorista. Un ensayo gr\u00e1fico sobre los l\u00edmites del humor"},"content":{"rendered":"<p>[et_pb_section fb_built=\u00bb1&#8243; _builder_version=\u00bb4.20.2&#8243; custom_margin=\u00bb-44px|0px|-44px|0px|true|true\u00bb custom_padding=\u00bb0px|0px|0px|0px|true|true\u00bb collapsed=\u00bboff\u00bb global_colors_info=\u00bb{}\u00bb][et_pb_row column_structure=\u00bb2_5,3_5&#8243; _builder_version=\u00bb4.20.2&#8243; background_size=\u00bbinitial\u00bb background_position=\u00bbtop_left\u00bb background_repeat=\u00bbrepeat\u00bb width=\u00bb100%\u00bb custom_margin=\u00bb0px|0px|0px|0px|true|true\u00bb custom_padding=\u00bb0px|0px|0px|0px|true|true\u00bb global_colors_info=\u00bb{}\u00bb][et_pb_column type=\u00bb2_5&#8243; _builder_version=\u00bb4.16&#8243; custom_padding=\u00bb|||\u00bb global_colors_info=\u00bb{}\u00bb custom_padding__hover=\u00bb|||\u00bb][et_pb_wc_images _builder_version=\u00bb4.20.2&#8243; box_shadow_style=\u00bbpreset1&#8243; global_colors_info=\u00bb{}\u00bb][\/et_pb_wc_images][\/et_pb_column][et_pb_column type=\u00bb3_5&#8243; _builder_version=\u00bb4.20.2&#8243; _module_preset=\u00bbdefault\u00bb global_colors_info=\u00bb{}\u00bb][et_pb_tabs _builder_version=\u00bb4.20.2&#8243; _module_preset=\u00bbdefault\u00bb global_colors_info=\u00bb{}\u00bb][et_pb_tab title=\u00bbDatos\u00bb _builder_version=\u00bb4.20.2&#8243; _module_preset=\u00bbdefault\u00bb global_colors_info=\u00bb{}\u00bb]<\/p>\n<p>Autor: Dar\u00edo Adanti<\/p>\n<p>Editorial: Astiberri<\/p>\n<p>Ciudad: Bilbao<\/p>\n<p>Pa\u00eds: Espa\u00f1a<\/p>\n<p>Tama\u00f1o:<\/p>\n<p>P\u00e1ginas: 160<\/p>\n<p>A\u00f1o: 2017<\/p>\n<p>Dep\u00f3sito legal:<\/p>\n<p>ISBN: 978-8416251940<\/p>\n<p><strong>IDIOMA: Castellano<br \/><\/strong><\/p>\n<p>[\/et_pb_tab][et_pb_tab title=\u00bbDescripci\u00f3n\u00bb _builder_version=\u00bb4.20.2&#8243; _module_preset=\u00bbdefault\u00bb global_colors_info=\u00bb{}\u00bb]<\/p>\n<p>El esc\u00e1ndalo por una caricatura de Mahoma en una revista danesa, el secuestro del semanario sat\u00edrico El Jueves, los atentados contra Charlie Hebdo, el caso Zapata. La cuesti\u00f3n del humor y de sus l\u00edmites est\u00e1 innegablemente a la orden del d\u00eda y Dar\u00edo Adanti, uno de los fundadores de la revista Mongolia, la plantea en Disparen al humorista a trav\u00e9s de un ensayo en vi\u00f1etas que no sabe si definir como una defensa contra la correcci\u00f3n pol\u00edtica, un m\u00e9todo para salvar al humor de la tendencia totalitaria de Occidente o una herej\u00eda contra toda religi\u00f3n. Para Adanti, el humor es un g\u00e9nero de ficci\u00f3n y la ficci\u00f3n tendr\u00eda que ser ese lugar sin l\u00edmites, como lo son la tragedia, la \u00e9pica, la aventura o la poes\u00eda; lo que deber\u00eda tener l\u00edmites no es el humor, sino el cu\u00e1ndo y el d\u00f3nde de la representaci\u00f3n del humor, es decir, su contexto. Mantiene que \u00abpara respetar sentimientos y creencias, algunos proponen limitar el humor y la libertad de expresi\u00f3n. Arrojan la idea laica de la libertad de culto a la cabeza del propio laicismo. Utilizan un concepto de Voltaire para negar el pensamiento de Voltaire. Usan una idea de la Ilustraci\u00f3n para anular la idea misma de la Ilustraci\u00f3n\u00bb. Adanti denuncia en este ensayo gr\u00e1fico que estamos en una sociedad donde el cerco al humor se cierra cada vez m\u00e1s, no s\u00f3lo desde el poder, sino tambi\u00e9n desde el \u00e1mbito moral, y que tanto los sectores conservadores como los m\u00e1s progresistas tienden a preferir censurar, silenciar, y en definitiva disparar al humorista, para evitar que su voz escueza, cuando el humor precisamente consiste, en palabras del autor, \u00aben sacar a la luz nuestros miedos, nuestros pensamientos oscuros, nuestras crueldades y debilidades; es exorcismo de nuestros males y reflejo de lo peor de nosotros mismos\u00bb.<br \/>La editorial<\/p>\n<p>[\/et_pb_tab][et_pb_tab title=\u00bbBibliograf\u00eda\u00bb _builder_version=\u00bb4.20.2&#8243; _module_preset=\u00bbdefault\u00bb global_colors_info=\u00bb{}\u00bb][\/et_pb_tab][\/et_pb_tabs][et_pb_wc_title _builder_version=\u00bb4.20.2&#8243; header_font=\u00bb|600|||||||\u00bb header_text_color=\u00bb#0C71C3&#8243; header_font_size=\u00bb25px\u00bb custom_margin=\u00bb0px|0px|0px|0px|true|true\u00bb custom_padding=\u00bb0px|0px|0px|0px|true|true\u00bb global_colors_info=\u00bb{}\u00bb][\/et_pb_wc_title][\/et_pb_column][\/et_pb_row][\/et_pb_section][et_pb_section fb_built=\u00bb1&#8243; _builder_version=\u00bb4.20.2&#8243; _module_preset=\u00bbdefault\u00bb global_colors_info=\u00bb{}\u00bb][\/et_pb_section][et_pb_section fb_built=\u00bb1&#8243; _builder_version=\u00bb4.20.2&#8243; _module_preset=\u00bbdefault\u00bb global_colors_info=\u00bb{}\u00bb][\/et_pb_section]<\/p>\n","protected":false},"excerpt":{"rendered":"<p>Disparen al humorista, Un ensayo gr\u00e1fico sobre los l\u00edmites del humor, Espa\u00f1a, Castellano, Dar\u00edo Adanti, Censura<\/p>\n","protected":false},"featured_media":3798,"template":"","meta":{"_et_pb_use_builder":"on","_et_pb_old_content":"","_et_gb_content_width":"","_monsterinsights_skip_tracking":false,"_monsterinsights_sitenote_active":false,"_monsterinsights_sitenote_note":"","_monsterinsights_sitenote_category":0},"product_brand":[],"product_cat":[31],"product_tag":[],"class_list":{"0":"post-3797","1":"product","2":"type-product","3":"status-publish","4":"has-post-thumbnail","6":"product_cat-libros","8":"first","9":"instock","10":"shipping-taxable","11":"product-type-simple"},"yoast_head":"<!-- This site is optimized with the Yoast SEO plugin v27.2 - https:\/\/yoast.com\/product\/yoast-seo-wordpress\/ -->\n<title>Disparen al humorista. Un ensayo gr\u00e1fico sobre los l\u00edmites del humor<\/title>\n<meta name=\"robots\" content=\"index, follow, max-snippet:-1, max-image-preview:large, max-video-preview:-1\" \/>\n<link rel=\"canonical\" href=\"https:\/\/www.historieta.es\/?product=disparen-al-humorista-un-ensayo-grafico-sobre-los-limites-del-humor\" \/>\n<meta property=\"og:locale\" content=\"es_ES\" \/>\n<meta property=\"og:type\" content=\"article\" \/>\n<meta property=\"og:title\" content=\"Disparen al humorista. Un ensayo gr\u00e1fico sobre los l\u00edmites del humor\" \/>\n<meta property=\"og:description\" content=\"Disparen al humorista, Un ensayo gr\u00e1fico sobre los l\u00edmites del humor, Espa\u00f1a, Castellano, Dar\u00edo Adanti, Censura\" \/>\n<meta property=\"og:url\" content=\"https:\/\/www.historieta.es\/?product=disparen-al-humorista-un-ensayo-grafico-sobre-los-limites-del-humor\" \/>\n<meta property=\"og:site_name\" content=\"historieta\" \/>\n<meta property=\"article:modified_time\" content=\"2024-01-01T10:24:41+00:00\" \/>\n<meta property=\"og:image\" content=\"https:\/\/www.historieta.es\/wp-content\/uploads\/2023\/06\/Disparen-al-humorista.png\" \/>\n\t<meta property=\"og:image:width\" content=\"600\" \/>\n\t<meta property=\"og:image:height\" content=\"600\" \/>\n\t<meta property=\"og:image:type\" content=\"image\/png\" \/>\n<meta name=\"twitter:card\" content=\"summary_large_image\" \/>\n<meta name=\"twitter:label1\" content=\"Tiempo de lectura\" \/>\n\t<meta name=\"twitter:data1\" content=\"2 minutos\" \/>\n<script type=\"application\/ld+json\" class=\"yoast-schema-graph\">{\"@context\":\"https:\/\/schema.org\",\"@graph\":[{\"@type\":\"WebPage\",\"@id\":\"https:\/\/www.historieta.es\/?product=disparen-al-humorista-un-ensayo-grafico-sobre-los-limites-del-humor\",\"url\":\"https:\/\/www.historieta.es\/?product=disparen-al-humorista-un-ensayo-grafico-sobre-los-limites-del-humor\",\"name\":\"Disparen al humorista. Un ensayo gr\u00e1fico sobre los l\u00edmites del humor\",\"isPartOf\":{\"@id\":\"https:\/\/www.historieta.es\/#website\"},\"primaryImageOfPage\":{\"@id\":\"https:\/\/www.historieta.es\/?product=disparen-al-humorista-un-ensayo-grafico-sobre-los-limites-del-humor#primaryimage\"},\"image\":{\"@id\":\"https:\/\/www.historieta.es\/?product=disparen-al-humorista-un-ensayo-grafico-sobre-los-limites-del-humor#primaryimage\"},\"thumbnailUrl\":\"https:\/\/www.historieta.es\/wp-content\/uploads\/2023\/06\/Disparen-al-humorista.png\",\"datePublished\":\"2023-06-07T16:16:08+00:00\",\"dateModified\":\"2024-01-01T10:24:41+00:00\",\"breadcrumb\":{\"@id\":\"https:\/\/www.historieta.es\/?product=disparen-al-humorista-un-ensayo-grafico-sobre-los-limites-del-humor#breadcrumb\"},\"inLanguage\":\"es\",\"potentialAction\":[{\"@type\":\"ReadAction\",\"target\":[\"https:\/\/www.historieta.es\/?product=disparen-al-humorista-un-ensayo-grafico-sobre-los-limites-del-humor\"]}]},{\"@type\":\"ImageObject\",\"inLanguage\":\"es\",\"@id\":\"https:\/\/www.historieta.es\/?product=disparen-al-humorista-un-ensayo-grafico-sobre-los-limites-del-humor#primaryimage\",\"url\":\"https:\/\/www.historieta.es\/wp-content\/uploads\/2023\/06\/Disparen-al-humorista.png\",\"contentUrl\":\"https:\/\/www.historieta.es\/wp-content\/uploads\/2023\/06\/Disparen-al-humorista.png\",\"width\":600,\"height\":600},{\"@type\":\"BreadcrumbList\",\"@id\":\"https:\/\/www.historieta.es\/?product=disparen-al-humorista-un-ensayo-grafico-sobre-los-limites-del-humor#breadcrumb\",\"itemListElement\":[{\"@type\":\"ListItem\",\"position\":1,\"name\":\"Portada\",\"item\":\"https:\/\/www.historieta.es\/\"},{\"@type\":\"ListItem\",\"position\":2,\"name\":\"Productos\",\"item\":\"https:\/\/www.historieta.es\/?post_type=product\"},{\"@type\":\"ListItem\",\"position\":3,\"name\":\"Disparen al humorista. Un ensayo gr\u00e1fico sobre los l\u00edmites del humor\"}]},{\"@type\":\"WebSite\",\"@id\":\"https:\/\/www.historieta.es\/#website\",\"url\":\"https:\/\/www.historieta.es\/\",\"name\":\"historieta\",\"description\":\"sitio de comic\",\"potentialAction\":[{\"@type\":\"SearchAction\",\"target\":{\"@type\":\"EntryPoint\",\"urlTemplate\":\"https:\/\/www.historieta.es\/?s={search_term_string}\"},\"query-input\":{\"@type\":\"PropertyValueSpecification\",\"valueRequired\":true,\"valueName\":\"search_term_string\"}}],\"inLanguage\":\"es\"}]}<\/script>\n<!-- \/ Yoast SEO plugin. -->","yoast_head_json":{"title":"Disparen al humorista. Un ensayo gr\u00e1fico sobre los l\u00edmites del humor","robots":{"index":"index","follow":"follow","max-snippet":"max-snippet:-1","max-image-preview":"max-image-preview:large","max-video-preview":"max-video-preview:-1"},"canonical":"https:\/\/www.historieta.es\/?product=disparen-al-humorista-un-ensayo-grafico-sobre-los-limites-del-humor","og_locale":"es_ES","og_type":"article","og_title":"Disparen al humorista. Un ensayo gr\u00e1fico sobre los l\u00edmites del humor","og_description":"Disparen al humorista, Un ensayo gr\u00e1fico sobre los l\u00edmites del humor, Espa\u00f1a, Castellano, Dar\u00edo Adanti, Censura","og_url":"https:\/\/www.historieta.es\/?product=disparen-al-humorista-un-ensayo-grafico-sobre-los-limites-del-humor","og_site_name":"historieta","article_modified_time":"2024-01-01T10:24:41+00:00","og_image":[{"width":600,"height":600,"url":"https:\/\/www.historieta.es\/wp-content\/uploads\/2023\/06\/Disparen-al-humorista.png","type":"image\/png"}],"twitter_card":"summary_large_image","twitter_misc":{"Tiempo de lectura":"2 minutos"},"schema":{"@context":"https:\/\/schema.org","@graph":[{"@type":"WebPage","@id":"https:\/\/www.historieta.es\/?product=disparen-al-humorista-un-ensayo-grafico-sobre-los-limites-del-humor","url":"https:\/\/www.historieta.es\/?product=disparen-al-humorista-un-ensayo-grafico-sobre-los-limites-del-humor","name":"Disparen al humorista. Un ensayo gr\u00e1fico sobre los l\u00edmites del humor","isPartOf":{"@id":"https:\/\/www.historieta.es\/#website"},"primaryImageOfPage":{"@id":"https:\/\/www.historieta.es\/?product=disparen-al-humorista-un-ensayo-grafico-sobre-los-limites-del-humor#primaryimage"},"image":{"@id":"https:\/\/www.historieta.es\/?product=disparen-al-humorista-un-ensayo-grafico-sobre-los-limites-del-humor#primaryimage"},"thumbnailUrl":"https:\/\/www.historieta.es\/wp-content\/uploads\/2023\/06\/Disparen-al-humorista.png","datePublished":"2023-06-07T16:16:08+00:00","dateModified":"2024-01-01T10:24:41+00:00","breadcrumb":{"@id":"https:\/\/www.historieta.es\/?product=disparen-al-humorista-un-ensayo-grafico-sobre-los-limites-del-humor#breadcrumb"},"inLanguage":"es","potentialAction":[{"@type":"ReadAction","target":["https:\/\/www.historieta.es\/?product=disparen-al-humorista-un-ensayo-grafico-sobre-los-limites-del-humor"]}]},{"@type":"ImageObject","inLanguage":"es","@id":"https:\/\/www.historieta.es\/?product=disparen-al-humorista-un-ensayo-grafico-sobre-los-limites-del-humor#primaryimage","url":"https:\/\/www.historieta.es\/wp-content\/uploads\/2023\/06\/Disparen-al-humorista.png","contentUrl":"https:\/\/www.historieta.es\/wp-content\/uploads\/2023\/06\/Disparen-al-humorista.png","width":600,"height":600},{"@type":"BreadcrumbList","@id":"https:\/\/www.historieta.es\/?product=disparen-al-humorista-un-ensayo-grafico-sobre-los-limites-del-humor#breadcrumb","itemListElement":[{"@type":"ListItem","position":1,"name":"Portada","item":"https:\/\/www.historieta.es\/"},{"@type":"ListItem","position":2,"name":"Productos","item":"https:\/\/www.historieta.es\/?post_type=product"},{"@type":"ListItem","position":3,"name":"Disparen al humorista. Un ensayo gr\u00e1fico sobre los l\u00edmites del humor"}]},{"@type":"WebSite","@id":"https:\/\/www.historieta.es\/#website","url":"https:\/\/www.historieta.es\/","name":"historieta","description":"sitio de comic","potentialAction":[{"@type":"SearchAction","target":{"@type":"EntryPoint","urlTemplate":"https:\/\/www.historieta.es\/?s={search_term_string}"},"query-input":{"@type":"PropertyValueSpecification","valueRequired":true,"valueName":"search_term_string"}}],"inLanguage":"es"}]}},"_links":{"self":[{"href":"https:\/\/www.historieta.es\/index.php?rest_route=\/wp\/v2\/product\/3797","targetHints":{"allow":["GET"]}}],"collection":[{"href":"https:\/\/www.historieta.es\/index.php?rest_route=\/wp\/v2\/product"}],"about":[{"href":"https:\/\/www.historieta.es\/index.php?rest_route=\/wp\/v2\/types\/product"}],"wp:featuredmedia":[{"embeddable":true,"href":"https:\/\/www.historieta.es\/index.php?rest_route=\/wp\/v2\/media\/3798"}],"wp:attachment":[{"href":"https:\/\/www.historieta.es\/index.php?rest_route=%2Fwp%2Fv2%2Fmedia&parent=3797"}],"wp:term":[{"taxonomy":"product_brand","embeddable":true,"href":"https:\/\/www.historieta.es\/index.php?rest_route=%2Fwp%2Fv2%2Fproduct_brand&post=3797"},{"taxonomy":"product_cat","embeddable":true,"href":"https:\/\/www.historieta.es\/index.php?rest_route=%2Fwp%2Fv2%2Fproduct_cat&post=3797"},{"taxonomy":"product_tag","embeddable":true,"href":"https:\/\/www.historieta.es\/index.php?rest_route=%2Fwp%2Fv2%2Fproduct_tag&post=3797"}],"curies":[{"name":"wp","href":"https:\/\/api.w.org\/{rel}","templated":true}]}}