{"id":2838,"date":"2023-05-19T20:40:05","date_gmt":"2023-05-19T20:40:05","guid":{"rendered":"https:\/\/www.historieta.es\/?post_type=product&#038;p=2838"},"modified":"2023-08-10T16:20:27","modified_gmt":"2023-08-10T16:20:27","slug":"el-ecologista-comix","status":"publish","type":"product","link":"https:\/\/www.historieta.es\/?product=el-ecologista-comix","title":{"rendered":"El ecologista comix"},"content":{"rendered":"<p>[et_pb_section fb_built=\u00bb1&#8243; _builder_version=\u00bb4.20.2&#8243; custom_margin=\u00bb-44px|0px|-44px|0px|true|true\u00bb custom_padding=\u00bb0px|0px|0px|0px|true|true\u00bb collapsed=\u00bboff\u00bb global_colors_info=\u00bb{}\u00bb][et_pb_row column_structure=\u00bb2_5,3_5&#8243; _builder_version=\u00bb4.20.2&#8243; background_size=\u00bbinitial\u00bb background_position=\u00bbtop_left\u00bb background_repeat=\u00bbrepeat\u00bb width=\u00bb100%\u00bb custom_margin=\u00bb0px|0px|0px|0px|true|true\u00bb custom_padding=\u00bb0px|0px|0px|0px|true|true\u00bb global_colors_info=\u00bb{}\u00bb][et_pb_column type=\u00bb2_5&#8243; _builder_version=\u00bb4.16&#8243; custom_padding=\u00bb|||\u00bb global_colors_info=\u00bb{}\u00bb custom_padding__hover=\u00bb|||\u00bb][et_pb_wc_images _builder_version=\u00bb4.20.2&#8243; box_shadow_style=\u00bbpreset1&#8243; global_colors_info=\u00bb{}\u00bb][\/et_pb_wc_images][\/et_pb_column][et_pb_column type=\u00bb3_5&#8243; _builder_version=\u00bb4.20.2&#8243; _module_preset=\u00bbdefault\u00bb global_colors_info=\u00bb{}\u00bb][et_pb_tabs _builder_version=\u00bb4.20.2&#8243; _module_preset=\u00bbdefault\u00bb hover_enabled=\u00bb0&#8243; global_colors_info=\u00bb{}\u00bb sticky_enabled=\u00bb0&#8243;][et_pb_tab title=\u00bbDatos\u00bb _builder_version=\u00bb4.20.2&#8243; _module_preset=\u00bbdefault\u00bb global_colors_info=\u00bb{}\u00bb]<\/p>\n<p>Tipo: Revista<\/p>\n<p>Aparici\u00f3n: 1980<\/p>\n<p>Editor: El ecologista<\/p>\n<p>Ciudad: Madrid<\/p>\n<p>Tama\u00f1o: 20&#215;28<\/p>\n<p>P\u00e1ginas: 52<\/p>\n<p>Dep\u00f3sito legal: Z-1169-79<\/p>\n<p>ISBN:<\/p>\n<p><strong>IDIOMA: Castellano<br \/>\n<\/strong><\/p>\n<p>[\/et_pb_tab][et_pb_tab title=\u00bbDescripci\u00f3n\u00bb _builder_version=\u00bb4.20.2&#8243; _module_preset=\u00bbdefault\u00bb hover_enabled=\u00bb0&#8243; global_colors_info=\u00bb{}\u00bb sticky_enabled=\u00bb0&#8243;]<\/p>\n<p>Revista de ecolog\u00eda que dedic\u00f3 su #10 al comix.<\/p>\n<p>Autores: Saco, Romeu, Max, Helios, Mar\u00edn, Ceesepe, Aceytuno, Pepe Barro, Barbi, Chapote, Juan, Jos\u00e9 Luis Navarro, Juan Carlos Alc\u00f3n, Xaqu\u00edn Mar\u00edn, Espinosa, J. Hoyos, Rafael Estrada, Carlos Bloch, Pipo, Germ\u00e1n Fern\u00e1ndez, Enrique Almendros, R. L. Robles, Per, Jos\u00e9 Carlos Daries, Gerardo Orellan, Oti, Jos\u00e9 Mar\u00eda Concernau, Juan Carlos Meana, Geli<\/p>\n<p>[\/et_pb_tab][et_pb_tab title=\u00bbBibliograf\u00eda\u00bb _builder_version=\u00bb4.20.2&#8243; _module_preset=\u00bbdefault\u00bb global_colors_info=\u00bb{}\u00bb][\/et_pb_tab][\/et_pb_tabs][et_pb_wc_title _builder_version=\u00bb4.20.2&#8243; header_font=\u00bb|600|||||||\u00bb header_text_color=\u00bb#0C71C3&#8243; header_font_size=\u00bb25px\u00bb custom_margin=\u00bb0px|0px|0px|0px|true|true\u00bb custom_padding=\u00bb0px|0px|0px|0px|true|true\u00bb global_colors_info=\u00bb{}\u00bb][\/et_pb_wc_title][\/et_pb_column][\/et_pb_row][\/et_pb_section][et_pb_section fb_built=\u00bb1&#8243; _builder_version=\u00bb4.20.2&#8243; _module_preset=\u00bbdefault\u00bb global_colors_info=\u00bb{}\u00bb][et_pb_row _builder_version=\u00bb4.20.2&#8243; _module_preset=\u00bbdefault\u00bb global_colors_info=\u00bb{}\u00bb][et_pb_column type=\u00bb4_4&#8243; _builder_version=\u00bb4.20.2&#8243; _module_preset=\u00bbdefault\u00bb global_colors_info=\u00bb{}\u00bb][\/et_pb_column][\/et_pb_row][\/et_pb_section]<\/p>\n","protected":false},"excerpt":{"rendered":"<p>El ecologista comix, Castellano, Underground, 1980, Saco, Romeu, Max, Helios, Mar\u00edn, Ceesepe, Aceytuno, Pepe Barro, Barbi, Chapote, Juan, Jos\u00e9 Luis Navarro, Juan Carlos Alc\u00f3n, Xaqu\u00edn Mar\u00edn, Espinosa, J. Hoyos, Rafael Estrada, Carlos Bloch, Pipo, Germ\u00e1n Fern\u00e1ndez, Enrique Almendros, R. L. Robles, Per, Jos\u00e9 Carlos Daries, Gerardo Orellan, Oti, Jos\u00e9 Mar\u00eda Concernau, Juan Carlos Meana, Geli<\/p>\n","protected":false},"featured_media":2839,"template":"","meta":{"_et_pb_use_builder":"on","_et_pb_old_content":"","_et_gb_content_width":"","_monsterinsights_skip_tracking":false,"_monsterinsights_sitenote_active":false,"_monsterinsights_sitenote_note":"","_monsterinsights_sitenote_category":0},"product_brand":[],"product_cat":[40],"product_tag":[],"class_list":{"0":"post-2838","1":"product","2":"type-product","3":"status-publish","4":"has-post-thumbnail","6":"product_cat-underground","8":"first","9":"instock","10":"shipping-taxable","11":"product-type-simple"},"yoast_head":"<!-- This site is optimized with the Yoast SEO plugin v27.2 - https:\/\/yoast.com\/product\/yoast-seo-wordpress\/ -->\n<title>El ecologista comix<\/title>\n<meta name=\"robots\" content=\"index, follow, max-snippet:-1, max-image-preview:large, max-video-preview:-1\" \/>\n<link rel=\"canonical\" href=\"https:\/\/www.historieta.es\/?product=el-ecologista-comix\" \/>\n<meta property=\"og:locale\" content=\"es_ES\" \/>\n<meta property=\"og:type\" content=\"article\" \/>\n<meta property=\"og:title\" content=\"El ecologista comix\" \/>\n<meta property=\"og:description\" content=\"El ecologista comix, Castellano, Underground, 1980, Saco, Romeu, Max, Helios, Mar\u00edn, Ceesepe, Aceytuno, Pepe Barro, Barbi, Chapote, Juan, Jos\u00e9 Luis Navarro, Juan Carlos Alc\u00f3n, Xaqu\u00edn Mar\u00edn, Espinosa, J. Hoyos, Rafael Estrada, Carlos Bloch, Pipo, Germ\u00e1n Fern\u00e1ndez, Enrique Almendros, R. L. Robles, Per, Jos\u00e9 Carlos Daries, Gerardo Orellan, Oti, Jos\u00e9 Mar\u00eda Concernau, Juan Carlos Meana, Geli\" \/>\n<meta property=\"og:url\" content=\"https:\/\/www.historieta.es\/?product=el-ecologista-comix\" \/>\n<meta property=\"og:site_name\" content=\"historieta\" \/>\n<meta property=\"article:modified_time\" content=\"2023-08-10T16:20:27+00:00\" \/>\n<meta property=\"og:image\" content=\"https:\/\/www.historieta.es\/wp-content\/uploads\/2023\/05\/El-ecologista-Comix.png\" \/>\n\t<meta property=\"og:image:width\" content=\"600\" \/>\n\t<meta property=\"og:image:height\" content=\"600\" \/>\n\t<meta property=\"og:image:type\" content=\"image\/png\" \/>\n<meta name=\"twitter:card\" content=\"summary_large_image\" \/>\n<meta name=\"twitter:label1\" content=\"Tiempo de lectura\" \/>\n\t<meta name=\"twitter:data1\" content=\"1 minuto\" \/>\n<script type=\"application\/ld+json\" class=\"yoast-schema-graph\">{\"@context\":\"https:\/\/schema.org\",\"@graph\":[{\"@type\":\"WebPage\",\"@id\":\"https:\/\/www.historieta.es\/?product=el-ecologista-comix\",\"url\":\"https:\/\/www.historieta.es\/?product=el-ecologista-comix\",\"name\":\"El ecologista comix\",\"isPartOf\":{\"@id\":\"https:\/\/www.historieta.es\/#website\"},\"primaryImageOfPage\":{\"@id\":\"https:\/\/www.historieta.es\/?product=el-ecologista-comix#primaryimage\"},\"image\":{\"@id\":\"https:\/\/www.historieta.es\/?product=el-ecologista-comix#primaryimage\"},\"thumbnailUrl\":\"https:\/\/www.historieta.es\/wp-content\/uploads\/2023\/05\/El-ecologista-Comix.png\",\"datePublished\":\"2023-05-19T20:40:05+00:00\",\"dateModified\":\"2023-08-10T16:20:27+00:00\",\"breadcrumb\":{\"@id\":\"https:\/\/www.historieta.es\/?product=el-ecologista-comix#breadcrumb\"},\"inLanguage\":\"es\",\"potentialAction\":[{\"@type\":\"ReadAction\",\"target\":[\"https:\/\/www.historieta.es\/?product=el-ecologista-comix\"]}]},{\"@type\":\"ImageObject\",\"inLanguage\":\"es\",\"@id\":\"https:\/\/www.historieta.es\/?product=el-ecologista-comix#primaryimage\",\"url\":\"https:\/\/www.historieta.es\/wp-content\/uploads\/2023\/05\/El-ecologista-Comix.png\",\"contentUrl\":\"https:\/\/www.historieta.es\/wp-content\/uploads\/2023\/05\/El-ecologista-Comix.png\",\"width\":600,\"height\":600},{\"@type\":\"BreadcrumbList\",\"@id\":\"https:\/\/www.historieta.es\/?product=el-ecologista-comix#breadcrumb\",\"itemListElement\":[{\"@type\":\"ListItem\",\"position\":1,\"name\":\"Portada\",\"item\":\"https:\/\/www.historieta.es\/\"},{\"@type\":\"ListItem\",\"position\":2,\"name\":\"Productos\",\"item\":\"https:\/\/www.historieta.es\/?post_type=product\"},{\"@type\":\"ListItem\",\"position\":3,\"name\":\"El ecologista comix\"}]},{\"@type\":\"WebSite\",\"@id\":\"https:\/\/www.historieta.es\/#website\",\"url\":\"https:\/\/www.historieta.es\/\",\"name\":\"historieta\",\"description\":\"sitio de comic\",\"potentialAction\":[{\"@type\":\"SearchAction\",\"target\":{\"@type\":\"EntryPoint\",\"urlTemplate\":\"https:\/\/www.historieta.es\/?s={search_term_string}\"},\"query-input\":{\"@type\":\"PropertyValueSpecification\",\"valueRequired\":true,\"valueName\":\"search_term_string\"}}],\"inLanguage\":\"es\"}]}<\/script>\n<!-- \/ Yoast SEO plugin. -->","yoast_head_json":{"title":"El ecologista comix","robots":{"index":"index","follow":"follow","max-snippet":"max-snippet:-1","max-image-preview":"max-image-preview:large","max-video-preview":"max-video-preview:-1"},"canonical":"https:\/\/www.historieta.es\/?product=el-ecologista-comix","og_locale":"es_ES","og_type":"article","og_title":"El ecologista comix","og_description":"El ecologista comix, Castellano, Underground, 1980, Saco, Romeu, Max, Helios, Mar\u00edn, Ceesepe, Aceytuno, Pepe Barro, Barbi, Chapote, Juan, Jos\u00e9 Luis Navarro, Juan Carlos Alc\u00f3n, Xaqu\u00edn Mar\u00edn, Espinosa, J. Hoyos, Rafael Estrada, Carlos Bloch, Pipo, Germ\u00e1n Fern\u00e1ndez, Enrique Almendros, R. L. Robles, Per, Jos\u00e9 Carlos Daries, Gerardo Orellan, Oti, Jos\u00e9 Mar\u00eda Concernau, Juan Carlos Meana, Geli","og_url":"https:\/\/www.historieta.es\/?product=el-ecologista-comix","og_site_name":"historieta","article_modified_time":"2023-08-10T16:20:27+00:00","og_image":[{"width":600,"height":600,"url":"https:\/\/www.historieta.es\/wp-content\/uploads\/2023\/05\/El-ecologista-Comix.png","type":"image\/png"}],"twitter_card":"summary_large_image","twitter_misc":{"Tiempo de lectura":"1 minuto"},"schema":{"@context":"https:\/\/schema.org","@graph":[{"@type":"WebPage","@id":"https:\/\/www.historieta.es\/?product=el-ecologista-comix","url":"https:\/\/www.historieta.es\/?product=el-ecologista-comix","name":"El ecologista comix","isPartOf":{"@id":"https:\/\/www.historieta.es\/#website"},"primaryImageOfPage":{"@id":"https:\/\/www.historieta.es\/?product=el-ecologista-comix#primaryimage"},"image":{"@id":"https:\/\/www.historieta.es\/?product=el-ecologista-comix#primaryimage"},"thumbnailUrl":"https:\/\/www.historieta.es\/wp-content\/uploads\/2023\/05\/El-ecologista-Comix.png","datePublished":"2023-05-19T20:40:05+00:00","dateModified":"2023-08-10T16:20:27+00:00","breadcrumb":{"@id":"https:\/\/www.historieta.es\/?product=el-ecologista-comix#breadcrumb"},"inLanguage":"es","potentialAction":[{"@type":"ReadAction","target":["https:\/\/www.historieta.es\/?product=el-ecologista-comix"]}]},{"@type":"ImageObject","inLanguage":"es","@id":"https:\/\/www.historieta.es\/?product=el-ecologista-comix#primaryimage","url":"https:\/\/www.historieta.es\/wp-content\/uploads\/2023\/05\/El-ecologista-Comix.png","contentUrl":"https:\/\/www.historieta.es\/wp-content\/uploads\/2023\/05\/El-ecologista-Comix.png","width":600,"height":600},{"@type":"BreadcrumbList","@id":"https:\/\/www.historieta.es\/?product=el-ecologista-comix#breadcrumb","itemListElement":[{"@type":"ListItem","position":1,"name":"Portada","item":"https:\/\/www.historieta.es\/"},{"@type":"ListItem","position":2,"name":"Productos","item":"https:\/\/www.historieta.es\/?post_type=product"},{"@type":"ListItem","position":3,"name":"El ecologista comix"}]},{"@type":"WebSite","@id":"https:\/\/www.historieta.es\/#website","url":"https:\/\/www.historieta.es\/","name":"historieta","description":"sitio de comic","potentialAction":[{"@type":"SearchAction","target":{"@type":"EntryPoint","urlTemplate":"https:\/\/www.historieta.es\/?s={search_term_string}"},"query-input":{"@type":"PropertyValueSpecification","valueRequired":true,"valueName":"search_term_string"}}],"inLanguage":"es"}]}},"_links":{"self":[{"href":"https:\/\/www.historieta.es\/index.php?rest_route=\/wp\/v2\/product\/2838","targetHints":{"allow":["GET"]}}],"collection":[{"href":"https:\/\/www.historieta.es\/index.php?rest_route=\/wp\/v2\/product"}],"about":[{"href":"https:\/\/www.historieta.es\/index.php?rest_route=\/wp\/v2\/types\/product"}],"wp:featuredmedia":[{"embeddable":true,"href":"https:\/\/www.historieta.es\/index.php?rest_route=\/wp\/v2\/media\/2839"}],"wp:attachment":[{"href":"https:\/\/www.historieta.es\/index.php?rest_route=%2Fwp%2Fv2%2Fmedia&parent=2838"}],"wp:term":[{"taxonomy":"product_brand","embeddable":true,"href":"https:\/\/www.historieta.es\/index.php?rest_route=%2Fwp%2Fv2%2Fproduct_brand&post=2838"},{"taxonomy":"product_cat","embeddable":true,"href":"https:\/\/www.historieta.es\/index.php?rest_route=%2Fwp%2Fv2%2Fproduct_cat&post=2838"},{"taxonomy":"product_tag","embeddable":true,"href":"https:\/\/www.historieta.es\/index.php?rest_route=%2Fwp%2Fv2%2Fproduct_tag&post=2838"}],"curies":[{"name":"wp","href":"https:\/\/api.w.org\/{rel}","templated":true}]}}