{"id":26848,"date":"2026-01-29T20:10:23","date_gmt":"2026-01-29T20:10:23","guid":{"rendered":"https:\/\/www.historieta.es\/?post_type=product&#038;p=26848"},"modified":"2026-01-29T20:35:10","modified_gmt":"2026-01-29T20:35:10","slug":"mutt-and-jeff","status":"publish","type":"product","link":"https:\/\/www.historieta.es\/?product=mutt-and-jeff","title":{"rendered":"Mutt and Jeff"},"content":{"rendered":"<p>[et_pb_section fb_built=\u00bb1&#8243; _builder_version=\u00bb4.20.2&#8243; custom_margin=\u00bb-44px|0px|-44px|0px|true|true\u00bb custom_padding=\u00bb0px|0px|0px|0px|true|true\u00bb collapsed=\u00bboff\u00bb global_colors_info=\u00bb{}\u00bb][et_pb_row column_structure=\u00bb2_5,3_5&#8243; _builder_version=\u00bb4.20.2&#8243; background_size=\u00bbinitial\u00bb background_position=\u00bbtop_left\u00bb background_repeat=\u00bbrepeat\u00bb width=\u00bb100%\u00bb custom_margin=\u00bb0px|0px|0px|0px|true|true\u00bb custom_padding=\u00bb0px|0px|0px|0px|true|true\u00bb global_colors_info=\u00bb{}\u00bb][et_pb_column type=\u00bb2_5&#8243; _builder_version=\u00bb4.20.2&#8243; custom_padding=\u00bb|||\u00bb global_colors_info=\u00bb{}\u00bb custom_padding__hover=\u00bb|||\u00bb][et_pb_wc_images _builder_version=\u00bb4.20.2&#8243; box_shadow_style=\u00bbpreset1&#8243; global_colors_info=\u00bb{}\u00bb][\/et_pb_wc_images][\/et_pb_column][et_pb_column type=\u00bb3_5&#8243; _builder_version=\u00bb4.20.2&#8243; _module_preset=\u00bbdefault\u00bb global_colors_info=\u00bb{}\u00bb][et_pb_tabs _builder_version=\u00bb4.27.5&#8243; _module_preset=\u00bbdefault\u00bb global_colors_info=\u00bb{}\u00bb][et_pb_tab title=\u00bbDatos\u00bb _builder_version=\u00bb4.27.5&#8243; _module_preset=\u00bbdefault\u00bb global_colors_info=\u00bb{}\u00bb]<\/p>\n<p>T\u00edtulo espa\u00f1ol:<\/p>\n<p>Direcci\u00f3n:<\/p>\n<p>Guion: Bud Fisher<\/p>\n<p>M\u00fasica:<\/p>\n<p>Fotograf\u00eda:<\/p>\n<p>Pa\u00eds: USA<\/p>\n<p>Duraci\u00f3n:<\/p>\n<p>A\u00f1o: 1911<\/p>\n<p>G\u00e9nero: Comedia<\/p>\n<p>Reparto: Sam D. Drane, Gus Alexander<\/p>\n<p><strong>HISTORIETA: Mutt and Jeff<br \/><\/strong><\/p>\n<p>[\/et_pb_tab][et_pb_tab title=\u00bbSinopsis\u00bb _builder_version=\u00bb4.27.5&#8243; _module_preset=\u00bbdefault\u00bb global_colors_info=\u00bb{}\u00bb]<\/p>\n<p>Mutt and Jeff es una tira c\u00f3mica estadounidense de larga trayectoria, creada por el caricaturista Bud Fisher en 1907 sobre dos \u00abfan\u00e1ticos de poca monta\u00bb. Se considera la primera tira c\u00f3mica diaria. El concepto de una tira con personajes recurrentes en m\u00faltiples vi\u00f1etas, con una frecuencia de seis d\u00edas a la semana, ya hab\u00eda sido pionero en la ef\u00edmera A. Piker Clerk de Clare Briggs, pero fue Mutt and Jeff, la primera tira c\u00f3mica diaria de \u00e9xito, la que marc\u00f3 el rumbo de la futura tendencia.<\/p>\n<p>Esta vez, Mutt y Jeff no son excesivamente pr\u00f3speros (una situaci\u00f3n financiera que no les es ajena) y, como de costumbre, se dedican a idear maneras de ganarse la vida f\u00e1cilmente, cuanto m\u00e1s f\u00e1cil, mejor. Los organistas itinerantes no tienen dificultad para conseguir dinero; y como Mutt siempre tuvo inclinaci\u00f3n musical, sin duda podr\u00eda producir la misma calidad y cantidad de m\u00fasica que los en\u00e9rgicos monta\u00f1eros italianos nos regalan. Pero \u00bfqu\u00e9 ser\u00eda de la m\u00fasica de \u00f3rgano sin un mono? \u00bfC\u00f3mo conseguir un mono? Esa es la cuesti\u00f3n. La mente de Mutt se pone en marcha. Necesita algo m\u00e1s que un poco de persuasi\u00f3n por su parte para conseguir que el peque\u00f1o Jeff se haga pasar por el tan necesario mono. El organista Mutt y el monje coleccionista Jeff pronto empiezan a hacer ruido y, de paso, a ganar dinero. Sin embargo, el negocio no cumple las expectativas m\u00e1s optimistas de Mutt y, por supuesto, se lo quita al mono. Los perreros, un grupo de tiernos corazones, liberan a Jeff de las brutales garras de Mutt y se lo llevan con una variopinta manada de perros callejeros. \u00bfQu\u00e9 hace Mutt sin su mono? \u00bfQu\u00e9 hace Jeff en la guarida de los perros? \u00bfQu\u00e9 hacen los perreros? Montan tantas travesuras escandalosas que mantienen a j\u00f3venes y mayores ri\u00e9ndose sin parar hasta el cl\u00edmax.<\/p>\n<p>[\/et_pb_tab][et_pb_tab title=\u00bbDocumentaci\u00f3n\u00bb _builder_version=\u00bb4.27.5&#8243; _module_preset=\u00bbdefault\u00bb global_colors_info=\u00bb{}\u00bb]<\/p>\n<p>A principios de julio de 1911, durante la era del cine mudo, en Nestor Comedies, propiedad de David Horsley, en Bayonne, Nueva Jersey, Al Christie comenz\u00f3 a producir un cortometraje c\u00f3mico semanal de una sola bobina con actores reales, basado en la tira c\u00f3mica. La serie dur\u00f3 dos a\u00f1os y finaliz\u00f3 en 1913. Se produjeron aproximadamente 59 cortometrajes. A continuaci\u00f3n, se muestra una lista de las pel\u00edculas, clasificadas por a\u00f1o:<br \/>1911<br \/>Mutt and Jeff Break Into Society<br \/>Mutt and Jeff Make the Feathers Fly<br \/>Mutt and Jeff&#8217;s Scheme That Failed<br \/>Mutt and Jeff and the Unlucky Star<br \/>Mutt and Jeff and the Lady Stenographer<br \/>Mutt and Jeff Discover a Wonderful Remedy<br \/>Mutt and Jeff Join the Opera Co<br \/>Mutt and Jeff and the Blackhand<br \/>Mutt and Jeff Spend a Quiet Day in the Country<br \/>Mutt and Jeff as Reporters<br \/>Mutt and Jeff and the Dog Catchers<br \/>Mutt and Jeff and the Newsboys<br \/>Mutt and Jeff and the Escaped Lunatic<br \/>Mutt and Jeff and the German Band<br \/>Mutt and Jeff and the Country Judge<br \/>Mutt and Jeff in the Banking Business<br \/>Mutt and Jeff and the Goldstein Burglary<br \/>Mutt and Jeff Get Passes to the Ball Game<br \/>Mutt and Jeff Make a Hit<br \/>Mutt and Jeff at the Fortune Teller&#8217;s<br \/>Mutt and Jeff in a Matrimonial Affair<br \/>Mutt and Jeff on the Job<\/p>\n<p>1912<br \/>Mutt and Jeff Fall in Love<br \/>Mutt and Jeff and Italian Strikers<\/p>\n<p>1913<br \/>Mutt and Jeff (unknown title)<br \/>Whaddaya Mean You&#8217;re Contended<br \/>Mutt and Jeff in Panama[4]<br \/>Mutt and Jeff (unknown title)<br \/>Mutt and Jeff (unknown title)<br \/>Mutt and Jeff (unknown title)<br \/>Mutt and Jeff (unknown title)<br \/>Mutt and Jeff (unknown title)<br \/>The Mexican Problem<br \/>The Hypnotist<br \/>Mutt and Jeff (unknown title)<br \/>A Substitute for Peroxide<br \/>Johnny Reb&#8217;s Wooden Leg<br \/>Mutt&#8217;s Marriage<br \/>Mutt and Jeff (unknown title)<br \/>The Ball Game<br \/>The Merry Milkmaid<br \/>The California Alien Land Law<br \/>Baseball<br \/>Mutt and Jeff (unknown title)<br \/>Pickaninni&#8217;s G-string<br \/>Mutt and Jeff (unknown title)<br \/>Mutt and Jeff (unknown title)<br \/>Mutt Puts One Over<br \/>The Sandstorm<br \/>Mutt and Jeff in Mexico<br \/>The Sultan&#8217;s Harem<br \/>Mutt&#8217;s Moneymaking Scheme<br \/>Mutt and Jeff in Turkey<br \/>The Matrimonial Agency<br \/>Mutt and Jeff in Constantinople<br \/>Mutt and Jeff at Sea<br \/>Mutt and Jeff at Sea: Part 2<br \/>Mutt and Jeff (unknown title)<br \/>Mutt and Jeff (unknown title)<br \/>Mutt and Jeff (unknown title)<\/p>\n<p>[\/et_pb_tab][\/et_pb_tabs][et_pb_wc_title _builder_version=\u00bb4.20.2&#8243; header_font=\u00bb|600|||||||\u00bb header_text_color=\u00bb#0C71C3&#8243; header_font_size=\u00bb25px\u00bb custom_margin=\u00bb0px|0px|0px|0px|true|true\u00bb custom_padding=\u00bb0px|0px|0px|0px|true|true\u00bb global_colors_info=\u00bb{}\u00bb][\/et_pb_wc_title][\/et_pb_column][\/et_pb_row][et_pb_row column_structure=\u00bb3_5,2_5&#8243; _builder_version=\u00bb4.20.2&#8243; background_size=\u00bbinitial\u00bb background_position=\u00bbtop_left\u00bb background_repeat=\u00bbrepeat\u00bb width=\u00bb100%\u00bb custom_margin=\u00bb0px|0px|0px|0px|true|true\u00bb custom_padding=\u00bb0px|0px|0px|0px|true|true\u00bb global_colors_info=\u00bb{}\u00bb][et_pb_column type=\u00bb3_5&#8243; _builder_version=\u00bb4.20.2&#8243; _module_preset=\u00bbdefault\u00bb global_colors_info=\u00bb{}\u00bb][\/et_pb_column][et_pb_column type=\u00bb2_5&#8243; _builder_version=\u00bb4.20.2&#8243; custom_padding=\u00bb|||\u00bb global_colors_info=\u00bb{}\u00bb custom_padding__hover=\u00bb|||\u00bb][\/et_pb_column][\/et_pb_row][\/et_pb_section][et_pb_section fb_built=\u00bb1&#8243; _builder_version=\u00bb4.20.2&#8243; _module_preset=\u00bbdefault\u00bb custom_margin=\u00bb||9px|||\u00bb custom_padding=\u00bb||14px|||\u00bb global_colors_info=\u00bb{}\u00bb][et_pb_row column_structure=\u00bb1_3,1_3,1_3&#8243; _builder_version=\u00bb4.20.2&#8243; _module_preset=\u00bbdefault\u00bb global_colors_info=\u00bb{}\u00bb][et_pb_column type=\u00bb1_3&#8243; _builder_version=\u00bb4.20.2&#8243; _module_preset=\u00bbdefault\u00bb global_colors_info=\u00bb{}\u00bb][\/et_pb_column][et_pb_column type=\u00bb1_3&#8243; _builder_version=\u00bb4.20.2&#8243; _module_preset=\u00bbdefault\u00bb global_colors_info=\u00bb{}\u00bb][\/et_pb_column][et_pb_column type=\u00bb1_3&#8243; _builder_version=\u00bb4.20.2&#8243; _module_preset=\u00bbdefault\u00bb global_colors_info=\u00bb{}\u00bb][et_pb_image src=\u00bbhttps:\/\/www.historieta.es\/wp-content\/uploads\/2026\/01\/Mutt-and-Jeff-1911-comic.png\u00bb _builder_version=\u00bb4.27.5&#8243; _module_preset=\u00bbdefault\u00bb title_text=\u00bbMutt-and-Jeff-(1911)-comic\u00bb show_in_lightbox=\u00bbon\u00bb hover_enabled=\u00bb0&#8243; sticky_enabled=\u00bb0&#8243;][\/et_pb_image][\/et_pb_column][\/et_pb_row][\/et_pb_section]<\/p>\n","protected":false},"excerpt":{"rendered":"<p>Mutt and Jeff, Bud Fisher, USA<\/p>\n","protected":false},"featured_media":26849,"template":"","meta":{"_et_pb_use_builder":"on","_et_pb_old_content":"","_et_gb_content_width":"","_monsterinsights_skip_tracking":false,"_monsterinsights_sitenote_active":false,"_monsterinsights_sitenote_note":"","_monsterinsights_sitenote_category":0},"product_brand":[],"product_cat":[28,64],"product_tag":[],"class_list":{"0":"post-26848","1":"product","2":"type-product","3":"status-publish","4":"has-post-thumbnail","6":"product_cat-peliculas","7":"product_cat-peliculas-clasicos-usa","9":"first","10":"instock","11":"shipping-taxable","12":"product-type-simple"},"yoast_head":"<!-- This site is optimized with the Yoast SEO plugin v27.2 - https:\/\/yoast.com\/product\/yoast-seo-wordpress\/ -->\n<title>Mutt and Jeff<\/title>\n<meta name=\"robots\" content=\"index, follow, max-snippet:-1, max-image-preview:large, max-video-preview:-1\" \/>\n<link rel=\"canonical\" href=\"https:\/\/www.historieta.es\/?product=mutt-and-jeff\" \/>\n<meta property=\"og:locale\" content=\"es_ES\" \/>\n<meta property=\"og:type\" content=\"article\" \/>\n<meta property=\"og:title\" content=\"Mutt and Jeff\" \/>\n<meta property=\"og:description\" content=\"Mutt and Jeff, Bud Fisher, USA\" \/>\n<meta property=\"og:url\" content=\"https:\/\/www.historieta.es\/?product=mutt-and-jeff\" \/>\n<meta property=\"og:site_name\" content=\"historieta\" \/>\n<meta property=\"article:modified_time\" content=\"2026-01-29T20:35:10+00:00\" \/>\n<meta property=\"og:image\" content=\"https:\/\/www.historieta.es\/wp-content\/uploads\/2026\/01\/Mutt-and-Jeff-1911.png\" \/>\n\t<meta property=\"og:image:width\" content=\"600\" \/>\n\t<meta property=\"og:image:height\" content=\"600\" \/>\n\t<meta property=\"og:image:type\" content=\"image\/png\" \/>\n<meta name=\"twitter:card\" content=\"summary_large_image\" \/>\n<meta name=\"twitter:label1\" content=\"Tiempo de lectura\" \/>\n\t<meta name=\"twitter:data1\" content=\"6 minutos\" \/>\n<script type=\"application\/ld+json\" class=\"yoast-schema-graph\">{\"@context\":\"https:\/\/schema.org\",\"@graph\":[{\"@type\":\"WebPage\",\"@id\":\"https:\/\/www.historieta.es\/?product=mutt-and-jeff\",\"url\":\"https:\/\/www.historieta.es\/?product=mutt-and-jeff\",\"name\":\"Mutt and Jeff\",\"isPartOf\":{\"@id\":\"https:\/\/www.historieta.es\/#website\"},\"primaryImageOfPage\":{\"@id\":\"https:\/\/www.historieta.es\/?product=mutt-and-jeff#primaryimage\"},\"image\":{\"@id\":\"https:\/\/www.historieta.es\/?product=mutt-and-jeff#primaryimage\"},\"thumbnailUrl\":\"https:\/\/www.historieta.es\/wp-content\/uploads\/2026\/01\/Mutt-and-Jeff-1911.png\",\"datePublished\":\"2026-01-29T20:10:23+00:00\",\"dateModified\":\"2026-01-29T20:35:10+00:00\",\"breadcrumb\":{\"@id\":\"https:\/\/www.historieta.es\/?product=mutt-and-jeff#breadcrumb\"},\"inLanguage\":\"es\",\"potentialAction\":[{\"@type\":\"ReadAction\",\"target\":[\"https:\/\/www.historieta.es\/?product=mutt-and-jeff\"]}]},{\"@type\":\"ImageObject\",\"inLanguage\":\"es\",\"@id\":\"https:\/\/www.historieta.es\/?product=mutt-and-jeff#primaryimage\",\"url\":\"https:\/\/www.historieta.es\/wp-content\/uploads\/2026\/01\/Mutt-and-Jeff-1911.png\",\"contentUrl\":\"https:\/\/www.historieta.es\/wp-content\/uploads\/2026\/01\/Mutt-and-Jeff-1911.png\",\"width\":600,\"height\":600},{\"@type\":\"BreadcrumbList\",\"@id\":\"https:\/\/www.historieta.es\/?product=mutt-and-jeff#breadcrumb\",\"itemListElement\":[{\"@type\":\"ListItem\",\"position\":1,\"name\":\"Portada\",\"item\":\"https:\/\/www.historieta.es\/\"},{\"@type\":\"ListItem\",\"position\":2,\"name\":\"Productos\",\"item\":\"https:\/\/www.historieta.es\/?post_type=product\"},{\"@type\":\"ListItem\",\"position\":3,\"name\":\"Mutt and Jeff\"}]},{\"@type\":\"WebSite\",\"@id\":\"https:\/\/www.historieta.es\/#website\",\"url\":\"https:\/\/www.historieta.es\/\",\"name\":\"historieta\",\"description\":\"sitio de comic\",\"potentialAction\":[{\"@type\":\"SearchAction\",\"target\":{\"@type\":\"EntryPoint\",\"urlTemplate\":\"https:\/\/www.historieta.es\/?s={search_term_string}\"},\"query-input\":{\"@type\":\"PropertyValueSpecification\",\"valueRequired\":true,\"valueName\":\"search_term_string\"}}],\"inLanguage\":\"es\"}]}<\/script>\n<!-- \/ Yoast SEO plugin. -->","yoast_head_json":{"title":"Mutt and Jeff","robots":{"index":"index","follow":"follow","max-snippet":"max-snippet:-1","max-image-preview":"max-image-preview:large","max-video-preview":"max-video-preview:-1"},"canonical":"https:\/\/www.historieta.es\/?product=mutt-and-jeff","og_locale":"es_ES","og_type":"article","og_title":"Mutt and Jeff","og_description":"Mutt and Jeff, Bud Fisher, USA","og_url":"https:\/\/www.historieta.es\/?product=mutt-and-jeff","og_site_name":"historieta","article_modified_time":"2026-01-29T20:35:10+00:00","og_image":[{"width":600,"height":600,"url":"https:\/\/www.historieta.es\/wp-content\/uploads\/2026\/01\/Mutt-and-Jeff-1911.png","type":"image\/png"}],"twitter_card":"summary_large_image","twitter_misc":{"Tiempo de lectura":"6 minutos"},"schema":{"@context":"https:\/\/schema.org","@graph":[{"@type":"WebPage","@id":"https:\/\/www.historieta.es\/?product=mutt-and-jeff","url":"https:\/\/www.historieta.es\/?product=mutt-and-jeff","name":"Mutt and Jeff","isPartOf":{"@id":"https:\/\/www.historieta.es\/#website"},"primaryImageOfPage":{"@id":"https:\/\/www.historieta.es\/?product=mutt-and-jeff#primaryimage"},"image":{"@id":"https:\/\/www.historieta.es\/?product=mutt-and-jeff#primaryimage"},"thumbnailUrl":"https:\/\/www.historieta.es\/wp-content\/uploads\/2026\/01\/Mutt-and-Jeff-1911.png","datePublished":"2026-01-29T20:10:23+00:00","dateModified":"2026-01-29T20:35:10+00:00","breadcrumb":{"@id":"https:\/\/www.historieta.es\/?product=mutt-and-jeff#breadcrumb"},"inLanguage":"es","potentialAction":[{"@type":"ReadAction","target":["https:\/\/www.historieta.es\/?product=mutt-and-jeff"]}]},{"@type":"ImageObject","inLanguage":"es","@id":"https:\/\/www.historieta.es\/?product=mutt-and-jeff#primaryimage","url":"https:\/\/www.historieta.es\/wp-content\/uploads\/2026\/01\/Mutt-and-Jeff-1911.png","contentUrl":"https:\/\/www.historieta.es\/wp-content\/uploads\/2026\/01\/Mutt-and-Jeff-1911.png","width":600,"height":600},{"@type":"BreadcrumbList","@id":"https:\/\/www.historieta.es\/?product=mutt-and-jeff#breadcrumb","itemListElement":[{"@type":"ListItem","position":1,"name":"Portada","item":"https:\/\/www.historieta.es\/"},{"@type":"ListItem","position":2,"name":"Productos","item":"https:\/\/www.historieta.es\/?post_type=product"},{"@type":"ListItem","position":3,"name":"Mutt and Jeff"}]},{"@type":"WebSite","@id":"https:\/\/www.historieta.es\/#website","url":"https:\/\/www.historieta.es\/","name":"historieta","description":"sitio de comic","potentialAction":[{"@type":"SearchAction","target":{"@type":"EntryPoint","urlTemplate":"https:\/\/www.historieta.es\/?s={search_term_string}"},"query-input":{"@type":"PropertyValueSpecification","valueRequired":true,"valueName":"search_term_string"}}],"inLanguage":"es"}]}},"_links":{"self":[{"href":"https:\/\/www.historieta.es\/index.php?rest_route=\/wp\/v2\/product\/26848","targetHints":{"allow":["GET"]}}],"collection":[{"href":"https:\/\/www.historieta.es\/index.php?rest_route=\/wp\/v2\/product"}],"about":[{"href":"https:\/\/www.historieta.es\/index.php?rest_route=\/wp\/v2\/types\/product"}],"wp:featuredmedia":[{"embeddable":true,"href":"https:\/\/www.historieta.es\/index.php?rest_route=\/wp\/v2\/media\/26849"}],"wp:attachment":[{"href":"https:\/\/www.historieta.es\/index.php?rest_route=%2Fwp%2Fv2%2Fmedia&parent=26848"}],"wp:term":[{"taxonomy":"product_brand","embeddable":true,"href":"https:\/\/www.historieta.es\/index.php?rest_route=%2Fwp%2Fv2%2Fproduct_brand&post=26848"},{"taxonomy":"product_cat","embeddable":true,"href":"https:\/\/www.historieta.es\/index.php?rest_route=%2Fwp%2Fv2%2Fproduct_cat&post=26848"},{"taxonomy":"product_tag","embeddable":true,"href":"https:\/\/www.historieta.es\/index.php?rest_route=%2Fwp%2Fv2%2Fproduct_tag&post=26848"}],"curies":[{"name":"wp","href":"https:\/\/api.w.org\/{rel}","templated":true}]}}