{"id":26819,"date":"2026-01-28T19:20:18","date_gmt":"2026-01-28T19:20:18","guid":{"rendered":"https:\/\/www.historieta.es\/?post_type=product&#038;p=26819"},"modified":"2026-01-28T19:20:45","modified_gmt":"2026-01-28T19:20:45","slug":"les-aventures-des-pieds-nickeles-2","status":"publish","type":"product","link":"https:\/\/www.historieta.es\/?product=les-aventures-des-pieds-nickeles-2","title":{"rendered":"Les aventures des Pieds-Nickel\u00e9s"},"content":{"rendered":"<p>[et_pb_section fb_built=\u00bb1&#8243; _builder_version=\u00bb4.20.2&#8243; custom_margin=\u00bb-44px|0px|-44px|0px|true|true\u00bb custom_padding=\u00bb0px|0px|0px|0px|true|true\u00bb collapsed=\u00bboff\u00bb global_colors_info=\u00bb{}\u00bb theme_builder_area=\u00bbpost_content\u00bb][et_pb_row column_structure=\u00bb2_5,3_5&#8243; _builder_version=\u00bb4.20.2&#8243; background_size=\u00bbinitial\u00bb background_position=\u00bbtop_left\u00bb background_repeat=\u00bbrepeat\u00bb width=\u00bb100%\u00bb custom_margin=\u00bb0px|0px|0px|0px|true|true\u00bb custom_padding=\u00bb0px|0px|0px|0px|true|true\u00bb global_colors_info=\u00bb{}\u00bb theme_builder_area=\u00bbpost_content\u00bb][et_pb_column type=\u00bb2_5&#8243; _builder_version=\u00bb4.20.2&#8243; custom_padding=\u00bb|||\u00bb global_colors_info=\u00bb{}\u00bb custom_padding__hover=\u00bb|||\u00bb theme_builder_area=\u00bbpost_content\u00bb][et_pb_wc_images _builder_version=\u00bb4.20.2&#8243; box_shadow_style=\u00bbpreset1&#8243; global_colors_info=\u00bb{}\u00bb theme_builder_area=\u00bbpost_content\u00bb][\/et_pb_wc_images][\/et_pb_column][et_pb_column type=\u00bb3_5&#8243; _builder_version=\u00bb4.20.2&#8243; _module_preset=\u00bbdefault\u00bb global_colors_info=\u00bb{}\u00bb theme_builder_area=\u00bbpost_content\u00bb][et_pb_tabs _builder_version=\u00bb4.27.5&#8243; _module_preset=\u00bbdefault\u00bb hover_enabled=\u00bb0&#8243; global_colors_info=\u00bb{}\u00bb theme_builder_area=\u00bbpost_content\u00bb sticky_enabled=\u00bb0&#8243;][et_pb_tab title=\u00bbDatos\u00bb _builder_version=\u00bb4.27.5&#8243; _module_preset=\u00bbdefault\u00bb hover_enabled=\u00bb0&#8243; global_colors_info=\u00bb{}\u00bb theme_builder_area=\u00bbpost_content\u00bb sticky_enabled=\u00bb0&#8243;]<\/p>\n<p>T\u00edtulo espa\u00f1ol:<\/p>\n<p>Direcci\u00f3n: \u00c9mile Cohl<\/p>\n<p>Guion: Louis Forton<\/p>\n<p>M\u00fasica:<\/p>\n<p>Fotograf\u00eda:<\/p>\n<p>Pa\u00eds: Francia<\/p>\n<p>Duraci\u00f3n:<\/p>\n<p>A\u00f1o: 1917<\/p>\n<p>G\u00e9nero: Animaci\u00f3n<\/p>\n<p>Reparto:<\/p>\n<p><strong>HISTORIETA: Les pieds nickeles<br \/><\/strong><\/p>\n<p>[\/et_pb_tab][et_pb_tab title=\u00bbSinopsis\u00bb _builder_version=\u00bb4.27.5&#8243; _module_preset=\u00bbdefault\u00bb hover_enabled=\u00bb0&#8243; global_colors_info=\u00bb{}\u00bb theme_builder_area=\u00bbpost_content\u00bb sticky_enabled=\u00bb0&#8243;]<\/p>\n<p>Mientras que las historias de Forton se basan en una descripci\u00f3n realista y sat\u00edrica de la sociedad, Cohl le trae de vuelta a los personajes para sumergirlos en una serie de chistes fantasiosos, bastante alejados del original. <br \/>Como el americano Bud Fisher en la serie Mutt y Jeff (inspirada en sus propias tiras c\u00f3micas), da gran parte a las transformaciones f\u00edsicas, lo que le ahorra verdaderos trabajos de adaptaci\u00f3n y le facilita el trabajo de animaci\u00f3n (aqu\u00ed en papel recortado). <br \/>Como ya lo hizo anteriormente (en particular en Las haza\u00f1as de Farfadet), recurre al uso de bocadillos, que probablemente sustituir\u00e1n a los intert\u00edtulos tradicionales. <br \/>As\u00ed, la primera parte de Las aventuras de los pies de n\u00edquel adaptada por Cohl se ha perdido hasta el d\u00eda de hoy en su totalidad. Y no parece haber ning\u00fan resumen de ello en la prensa de la \u00e9poca. <br \/>En la segunda parte vemos al detective Zigouillot y a las fuerzas policiales rodean un barrio para echar mano a los tres delincuentes. <br \/>Para el tercer y cuarto episodio, nos enteramos de que, tras ser detenidos por el detective Zigouillot, los Pieds Nickel\u00e9s lograron escapar por una chimenea. Clavados en el agujero de una fachada de madera, son arrastrados por el viento y caen a los pies de Zigouillot. <br \/>La cuarta parte, titulada Filochard, muestra la fuga de los Pieds Nickel\u00e9s por las alcantarillas. Sorprendido por la crecida de las aguas, Filochard logr\u00f3 escapar por un respiradero y, tras algunos percances, se uni\u00f3 a sus c\u00f3mplices. <br \/>En el quinto y \u00faltimo episodio, vemos a los tres amigos saliendo de las alcantarillas subiendo a una locomotora. Su descuido provoca una colisi\u00f3n con otro tren. Cubierto de holl\u00edn, Croquignol se disfraza e intenta atraer al p\u00fablico de la feria. Despu\u00e9s de esta prueba no concluyente, los tres c\u00f3mplices prueban suerte en las m\u00e1quinas tragamonedas con un kinetoscopio y una m\u00e1quina expendedora de pan. Falta el final del episodio.<\/p>\n<p>[\/et_pb_tab][et_pb_tab title=\u00bbDocumentaci\u00f3n\u00bb _builder_version=\u00bb4.27.5&#8243; _module_preset=\u00bbdefault\u00bb hover_enabled=\u00bb0&#8243; global_colors_info=\u00bb{}\u00bb theme_builder_area=\u00bbpost_content\u00bb sticky_enabled=\u00bb0&#8243;]<\/p>\n<p>De los cinco episodios mostrados al p\u00fablico entre el 2 de junio de 1917 y el 16 de marzo de 1918, s\u00f3lo ha sobrevivido la mitad del metraje total. <br \/>Serie compuesta por episodios de aproximadamente 120 metros (menos de diez minutos cada uno). <br \/>De los cinco episodios mostrados al p\u00fablico entre el 2 de junio de 1917 y el 16 de marzo de 1918, s\u00f3lo ha sobrevivido la mitad del metraje total. <br \/>As\u00ed, la primera parte de Las aventuras de los pies de n\u00edquel adaptada por Cohl se ha perdido hasta el d\u00eda de hoy en su totalidad. Y no parece haber ning\u00fan resumen de ello en la prensa de la \u00e9poca. <br \/>Por otro lado, la Cin\u00e9math\u00e8que r\u00e9gional de Bretagne encontr\u00f3 una copia del segundo episodio. Desgraciadamente amputada por la mitad y parcialmente descompuesta, fue restaurada por la Filmoteca Francesa del CNC en 2000. <br \/>Para el tercer y cuarto episodio, se pudo partir de una edici\u00f3n parcial realizada a partir del negativo de imagen original, depositado en 1972 en la Filmoteca Francesa del CNC por un coleccionista. A pesar de la presencia de una copia en nitrato que podr\u00eda haber completado el negativo, el tercer episodio, Los disturbios de Zigouillot, s\u00f3lo mide 70 metros (frente a los 120 metros originales). La cuarta parte se titulaba Filochard.<br \/>La particularidad del \u00faltimo episodio es haber sido encontrado por caminos tortuosos. De hecho, el \u00fanico rastro que queda hasta el d\u00eda de hoy es un extracto utilizado para un documental retrospectivo sobre el cine de animaci\u00f3n franc\u00e9s: En el pa\u00eds de la fantas\u00eda, de Serge Griboff (1945). Hasta 2003, esta pel\u00edcula s\u00f3lo era visible a trav\u00e9s de copias de 16 mm de mala calidad. El reciente descubrimiento del negativo original de 35 mm permitir\u00e1 restaurar el episodio en mejores condiciones, sobre todo porque coincide con la donaci\u00f3n de una copia de seguridad de la Filmoteka Narodowa (Polonia) compuesta por varios extractos de la serie, incluidos 38 metros que probablemente completar\u00e1n una de las partes a\u00fan faltantes. Falta el final del episodio.<\/p>\n<p>Basado en las historietas de Louis Forton.<\/p>\n<p>[\/et_pb_tab][\/et_pb_tabs][et_pb_wc_title _builder_version=\u00bb4.20.2&#8243; header_font=\u00bb|600|||||||\u00bb header_text_color=\u00bb#0C71C3&#8243; header_font_size=\u00bb25px\u00bb custom_margin=\u00bb0px|0px|0px|0px|true|true\u00bb custom_padding=\u00bb0px|0px|0px|0px|true|true\u00bb global_colors_info=\u00bb{}\u00bb theme_builder_area=\u00bbpost_content\u00bb][\/et_pb_wc_title][\/et_pb_column][\/et_pb_row][et_pb_row column_structure=\u00bb3_5,2_5&#8243; _builder_version=\u00bb4.20.2&#8243; background_size=\u00bbinitial\u00bb background_position=\u00bbtop_left\u00bb background_repeat=\u00bbrepeat\u00bb width=\u00bb100%\u00bb custom_margin=\u00bb0px|0px|0px|0px|true|true\u00bb custom_padding=\u00bb0px|0px|0px|0px|true|true\u00bb global_colors_info=\u00bb{}\u00bb theme_builder_area=\u00bbpost_content\u00bb][et_pb_column type=\u00bb3_5&#8243; _builder_version=\u00bb4.20.2&#8243; _module_preset=\u00bbdefault\u00bb global_colors_info=\u00bb{}\u00bb theme_builder_area=\u00bbpost_content\u00bb][\/et_pb_column][et_pb_column type=\u00bb2_5&#8243; _builder_version=\u00bb4.20.2&#8243; custom_padding=\u00bb|||\u00bb global_colors_info=\u00bb{}\u00bb custom_padding__hover=\u00bb|||\u00bb theme_builder_area=\u00bbpost_content\u00bb][\/et_pb_column][\/et_pb_row][\/et_pb_section][et_pb_section fb_built=\u00bb1&#8243; _builder_version=\u00bb4.20.2&#8243; _module_preset=\u00bbdefault\u00bb custom_margin=\u00bb||9px|||\u00bb custom_padding=\u00bb||14px|||\u00bb global_colors_info=\u00bb{}\u00bb theme_builder_area=\u00bbpost_content\u00bb][et_pb_row column_structure=\u00bb1_3,1_3,1_3&#8243; _builder_version=\u00bb4.20.2&#8243; _module_preset=\u00bbdefault\u00bb global_colors_info=\u00bb{}\u00bb theme_builder_area=\u00bbpost_content\u00bb][et_pb_column type=\u00bb1_3&#8243; _builder_version=\u00bb4.20.2&#8243; _module_preset=\u00bbdefault\u00bb global_colors_info=\u00bb{}\u00bb theme_builder_area=\u00bbpost_content\u00bb][\/et_pb_column][et_pb_column type=\u00bb1_3&#8243; _builder_version=\u00bb4.20.2&#8243; _module_preset=\u00bbdefault\u00bb global_colors_info=\u00bb{}\u00bb theme_builder_area=\u00bbpost_content\u00bb][\/et_pb_column][et_pb_column type=\u00bb1_3&#8243; _builder_version=\u00bb4.20.2&#8243; _module_preset=\u00bbdefault\u00bb global_colors_info=\u00bb{}\u00bb theme_builder_area=\u00bbpost_content\u00bb][et_pb_image src=\u00bbhttps:\/\/www.historieta.es\/wp-content\/uploads\/2026\/01\/Les-aventures-des-Pieds-Nickeles-comic.png\u00bb _builder_version=\u00bb4.27.5&#8243; _module_preset=\u00bbdefault\u00bb theme_builder_area=\u00bbpost_content\u00bb title_text=\u00bbLes-aventures-des-Pieds-Nickele\u0301s-comic\u00bb show_in_lightbox=\u00bbon\u00bb hover_enabled=\u00bb0&#8243; sticky_enabled=\u00bb0&#8243;][\/et_pb_image][\/et_pb_column][\/et_pb_row][\/et_pb_section]<\/p>\n","protected":false},"excerpt":{"rendered":"<p>Les aventures des Pieds-Nickel\u00e9s, Francia, \u00c9mile Cohl, Louis Forton<\/p>\n","protected":false},"featured_media":26821,"template":"","meta":{"_et_pb_use_builder":"on","_et_pb_old_content":"","_et_gb_content_width":"","_monsterinsights_skip_tracking":false,"_monsterinsights_sitenote_active":false,"_monsterinsights_sitenote_note":"","_monsterinsights_sitenote_category":0},"product_brand":[],"product_cat":[28,60],"product_tag":[],"class_list":{"0":"post-26819","1":"product","2":"type-product","3":"status-publish","4":"has-post-thumbnail","6":"product_cat-peliculas","7":"product_cat-peliculas-historieta-franco-belga","9":"first","10":"instock","11":"shipping-taxable","12":"product-type-simple"},"yoast_head":"<!-- This site is optimized with the Yoast SEO plugin v27.2 - https:\/\/yoast.com\/product\/yoast-seo-wordpress\/ -->\n<title>Les aventures des Pieds-Nickel\u00e9s<\/title>\n<meta name=\"robots\" content=\"index, follow, max-snippet:-1, max-image-preview:large, max-video-preview:-1\" \/>\n<link rel=\"canonical\" href=\"https:\/\/www.historieta.es\/?product=les-aventures-des-pieds-nickeles-2\" \/>\n<meta property=\"og:locale\" content=\"es_ES\" \/>\n<meta property=\"og:type\" content=\"article\" \/>\n<meta property=\"og:title\" content=\"Les aventures des Pieds-Nickel\u00e9s\" \/>\n<meta property=\"og:description\" content=\"Les aventures des Pieds-Nickel\u00e9s, Francia, \u00c9mile Cohl, Louis Forton\" \/>\n<meta property=\"og:url\" content=\"https:\/\/www.historieta.es\/?product=les-aventures-des-pieds-nickeles-2\" \/>\n<meta property=\"og:site_name\" content=\"historieta\" \/>\n<meta property=\"article:modified_time\" content=\"2026-01-28T19:20:45+00:00\" \/>\n<meta property=\"og:image\" content=\"https:\/\/www.historieta.es\/wp-content\/uploads\/2026\/01\/Les-aventures-des-Pieds-Nickeles-1.png\" \/>\n\t<meta property=\"og:image:width\" content=\"600\" \/>\n\t<meta property=\"og:image:height\" content=\"600\" \/>\n\t<meta property=\"og:image:type\" content=\"image\/png\" \/>\n<meta name=\"twitter:card\" content=\"summary_large_image\" \/>\n<meta name=\"twitter:label1\" content=\"Tiempo de lectura\" \/>\n\t<meta name=\"twitter:data1\" content=\"6 minutos\" \/>\n<script type=\"application\/ld+json\" class=\"yoast-schema-graph\">{\"@context\":\"https:\/\/schema.org\",\"@graph\":[{\"@type\":\"WebPage\",\"@id\":\"https:\/\/www.historieta.es\/?product=les-aventures-des-pieds-nickeles-2\",\"url\":\"https:\/\/www.historieta.es\/?product=les-aventures-des-pieds-nickeles-2\",\"name\":\"Les aventures des Pieds-Nickel\u00e9s\",\"isPartOf\":{\"@id\":\"https:\/\/www.historieta.es\/#website\"},\"primaryImageOfPage\":{\"@id\":\"https:\/\/www.historieta.es\/?product=les-aventures-des-pieds-nickeles-2#primaryimage\"},\"image\":{\"@id\":\"https:\/\/www.historieta.es\/?product=les-aventures-des-pieds-nickeles-2#primaryimage\"},\"thumbnailUrl\":\"https:\/\/www.historieta.es\/wp-content\/uploads\/2026\/01\/Les-aventures-des-Pieds-Nickeles-1.png\",\"datePublished\":\"2026-01-28T19:20:18+00:00\",\"dateModified\":\"2026-01-28T19:20:45+00:00\",\"breadcrumb\":{\"@id\":\"https:\/\/www.historieta.es\/?product=les-aventures-des-pieds-nickeles-2#breadcrumb\"},\"inLanguage\":\"es\",\"potentialAction\":[{\"@type\":\"ReadAction\",\"target\":[\"https:\/\/www.historieta.es\/?product=les-aventures-des-pieds-nickeles-2\"]}]},{\"@type\":\"ImageObject\",\"inLanguage\":\"es\",\"@id\":\"https:\/\/www.historieta.es\/?product=les-aventures-des-pieds-nickeles-2#primaryimage\",\"url\":\"https:\/\/www.historieta.es\/wp-content\/uploads\/2026\/01\/Les-aventures-des-Pieds-Nickeles-1.png\",\"contentUrl\":\"https:\/\/www.historieta.es\/wp-content\/uploads\/2026\/01\/Les-aventures-des-Pieds-Nickeles-1.png\",\"width\":600,\"height\":600},{\"@type\":\"BreadcrumbList\",\"@id\":\"https:\/\/www.historieta.es\/?product=les-aventures-des-pieds-nickeles-2#breadcrumb\",\"itemListElement\":[{\"@type\":\"ListItem\",\"position\":1,\"name\":\"Portada\",\"item\":\"https:\/\/www.historieta.es\/\"},{\"@type\":\"ListItem\",\"position\":2,\"name\":\"Productos\",\"item\":\"https:\/\/www.historieta.es\/?post_type=product\"},{\"@type\":\"ListItem\",\"position\":3,\"name\":\"Les aventures des Pieds-Nickel\u00e9s\"}]},{\"@type\":\"WebSite\",\"@id\":\"https:\/\/www.historieta.es\/#website\",\"url\":\"https:\/\/www.historieta.es\/\",\"name\":\"historieta\",\"description\":\"sitio de comic\",\"potentialAction\":[{\"@type\":\"SearchAction\",\"target\":{\"@type\":\"EntryPoint\",\"urlTemplate\":\"https:\/\/www.historieta.es\/?s={search_term_string}\"},\"query-input\":{\"@type\":\"PropertyValueSpecification\",\"valueRequired\":true,\"valueName\":\"search_term_string\"}}],\"inLanguage\":\"es\"}]}<\/script>\n<!-- \/ Yoast SEO plugin. -->","yoast_head_json":{"title":"Les aventures des Pieds-Nickel\u00e9s","robots":{"index":"index","follow":"follow","max-snippet":"max-snippet:-1","max-image-preview":"max-image-preview:large","max-video-preview":"max-video-preview:-1"},"canonical":"https:\/\/www.historieta.es\/?product=les-aventures-des-pieds-nickeles-2","og_locale":"es_ES","og_type":"article","og_title":"Les aventures des Pieds-Nickel\u00e9s","og_description":"Les aventures des Pieds-Nickel\u00e9s, Francia, \u00c9mile Cohl, Louis Forton","og_url":"https:\/\/www.historieta.es\/?product=les-aventures-des-pieds-nickeles-2","og_site_name":"historieta","article_modified_time":"2026-01-28T19:20:45+00:00","og_image":[{"width":600,"height":600,"url":"https:\/\/www.historieta.es\/wp-content\/uploads\/2026\/01\/Les-aventures-des-Pieds-Nickeles-1.png","type":"image\/png"}],"twitter_card":"summary_large_image","twitter_misc":{"Tiempo de lectura":"6 minutos"},"schema":{"@context":"https:\/\/schema.org","@graph":[{"@type":"WebPage","@id":"https:\/\/www.historieta.es\/?product=les-aventures-des-pieds-nickeles-2","url":"https:\/\/www.historieta.es\/?product=les-aventures-des-pieds-nickeles-2","name":"Les aventures des Pieds-Nickel\u00e9s","isPartOf":{"@id":"https:\/\/www.historieta.es\/#website"},"primaryImageOfPage":{"@id":"https:\/\/www.historieta.es\/?product=les-aventures-des-pieds-nickeles-2#primaryimage"},"image":{"@id":"https:\/\/www.historieta.es\/?product=les-aventures-des-pieds-nickeles-2#primaryimage"},"thumbnailUrl":"https:\/\/www.historieta.es\/wp-content\/uploads\/2026\/01\/Les-aventures-des-Pieds-Nickeles-1.png","datePublished":"2026-01-28T19:20:18+00:00","dateModified":"2026-01-28T19:20:45+00:00","breadcrumb":{"@id":"https:\/\/www.historieta.es\/?product=les-aventures-des-pieds-nickeles-2#breadcrumb"},"inLanguage":"es","potentialAction":[{"@type":"ReadAction","target":["https:\/\/www.historieta.es\/?product=les-aventures-des-pieds-nickeles-2"]}]},{"@type":"ImageObject","inLanguage":"es","@id":"https:\/\/www.historieta.es\/?product=les-aventures-des-pieds-nickeles-2#primaryimage","url":"https:\/\/www.historieta.es\/wp-content\/uploads\/2026\/01\/Les-aventures-des-Pieds-Nickeles-1.png","contentUrl":"https:\/\/www.historieta.es\/wp-content\/uploads\/2026\/01\/Les-aventures-des-Pieds-Nickeles-1.png","width":600,"height":600},{"@type":"BreadcrumbList","@id":"https:\/\/www.historieta.es\/?product=les-aventures-des-pieds-nickeles-2#breadcrumb","itemListElement":[{"@type":"ListItem","position":1,"name":"Portada","item":"https:\/\/www.historieta.es\/"},{"@type":"ListItem","position":2,"name":"Productos","item":"https:\/\/www.historieta.es\/?post_type=product"},{"@type":"ListItem","position":3,"name":"Les aventures des Pieds-Nickel\u00e9s"}]},{"@type":"WebSite","@id":"https:\/\/www.historieta.es\/#website","url":"https:\/\/www.historieta.es\/","name":"historieta","description":"sitio de comic","potentialAction":[{"@type":"SearchAction","target":{"@type":"EntryPoint","urlTemplate":"https:\/\/www.historieta.es\/?s={search_term_string}"},"query-input":{"@type":"PropertyValueSpecification","valueRequired":true,"valueName":"search_term_string"}}],"inLanguage":"es"}]}},"_links":{"self":[{"href":"https:\/\/www.historieta.es\/index.php?rest_route=\/wp\/v2\/product\/26819","targetHints":{"allow":["GET"]}}],"collection":[{"href":"https:\/\/www.historieta.es\/index.php?rest_route=\/wp\/v2\/product"}],"about":[{"href":"https:\/\/www.historieta.es\/index.php?rest_route=\/wp\/v2\/types\/product"}],"wp:featuredmedia":[{"embeddable":true,"href":"https:\/\/www.historieta.es\/index.php?rest_route=\/wp\/v2\/media\/26821"}],"wp:attachment":[{"href":"https:\/\/www.historieta.es\/index.php?rest_route=%2Fwp%2Fv2%2Fmedia&parent=26819"}],"wp:term":[{"taxonomy":"product_brand","embeddable":true,"href":"https:\/\/www.historieta.es\/index.php?rest_route=%2Fwp%2Fv2%2Fproduct_brand&post=26819"},{"taxonomy":"product_cat","embeddable":true,"href":"https:\/\/www.historieta.es\/index.php?rest_route=%2Fwp%2Fv2%2Fproduct_cat&post=26819"},{"taxonomy":"product_tag","embeddable":true,"href":"https:\/\/www.historieta.es\/index.php?rest_route=%2Fwp%2Fv2%2Fproduct_tag&post=26819"}],"curies":[{"name":"wp","href":"https:\/\/api.w.org\/{rel}","templated":true}]}}