{"id":26594,"date":"2026-01-21T17:46:16","date_gmt":"2026-01-21T17:46:16","guid":{"rendered":"https:\/\/www.historieta.es\/?post_type=product&#038;p=26594"},"modified":"2026-01-21T17:46:49","modified_gmt":"2026-01-21T17:46:49","slug":"the-cowboy-and-the-prizefighter","status":"publish","type":"product","link":"https:\/\/www.historieta.es\/?product=the-cowboy-and-the-prizefighter","title":{"rendered":"The Cowboy and the Prizefighter"},"content":{"rendered":"<p>[et_pb_section fb_built=\u00bb1&#8243; _builder_version=\u00bb4.20.2&#8243; custom_margin=\u00bb-44px|0px|-44px|0px|true|true\u00bb custom_padding=\u00bb0px|0px|0px|0px|true|true\u00bb collapsed=\u00bboff\u00bb global_colors_info=\u00bb{}\u00bb theme_builder_area=\u00bbpost_content\u00bb][et_pb_row column_structure=\u00bb2_5,3_5&#8243; _builder_version=\u00bb4.20.2&#8243; background_size=\u00bbinitial\u00bb background_position=\u00bbtop_left\u00bb background_repeat=\u00bbrepeat\u00bb width=\u00bb100%\u00bb custom_margin=\u00bb0px|0px|0px|0px|true|true\u00bb custom_padding=\u00bb0px|0px|0px|0px|true|true\u00bb global_colors_info=\u00bb{}\u00bb theme_builder_area=\u00bbpost_content\u00bb][et_pb_column type=\u00bb2_5&#8243; _builder_version=\u00bb4.20.2&#8243; custom_padding=\u00bb|||\u00bb global_colors_info=\u00bb{}\u00bb custom_padding__hover=\u00bb|||\u00bb theme_builder_area=\u00bbpost_content\u00bb][et_pb_wc_images _builder_version=\u00bb4.20.2&#8243; box_shadow_style=\u00bbpreset1&#8243; global_colors_info=\u00bb{}\u00bb theme_builder_area=\u00bbpost_content\u00bb][\/et_pb_wc_images][\/et_pb_column][et_pb_column type=\u00bb3_5&#8243; _builder_version=\u00bb4.20.2&#8243; _module_preset=\u00bbdefault\u00bb global_colors_info=\u00bb{}\u00bb theme_builder_area=\u00bbpost_content\u00bb][et_pb_tabs _builder_version=\u00bb4.25.0&#8243; _module_preset=\u00bbdefault\u00bb hover_enabled=\u00bb0&#8243; global_colors_info=\u00bb{}\u00bb theme_builder_area=\u00bbpost_content\u00bb sticky_enabled=\u00bb0&#8243;][et_pb_tab title=\u00bbDatos\u00bb _builder_version=\u00bb4.25.0&#8243; _module_preset=\u00bbdefault\u00bb hover_enabled=\u00bb0&#8243; global_colors_info=\u00bb{}\u00bb theme_builder_area=\u00bbpost_content\u00bb sticky_enabled=\u00bb0&#8243;]<\/p>\n<p>T\u00edtulo espa\u00f1ol:<\/p>\n<p>Direcci\u00f3n: Lewis D. Collins<\/p>\n<p>Gion: Jerry Thomas<\/p>\n<p>M\u00fasica: Raoul Kraushaar<\/p>\n<p>Fotograf\u00eda: Gilbert Warrenton<\/p>\n<p>Pa\u00eds: USA<\/p>\n<p>Duraci\u00f3n: 59<\/p>\n<p>A\u00f1o: 1949<\/p>\n<p>G\u00e9nero: Oeste<\/p>\n<p>Reparto: Jim Bannon, Don Reynolds, Emmett Lynn, Marin Sais, Don Haggerty, Karen Randle<\/p>\n<p><strong>HISTORIETA: Red Ryder<br \/><\/strong><\/p>\n<p>[\/et_pb_tab][et_pb_tab title=\u00bbSinopsis\u00bb _builder_version=\u00bb4.25.0&#8243; _module_preset=\u00bbdefault\u00bb hover_enabled=\u00bb0&#8243; global_colors_info=\u00bb{}\u00bb theme_builder_area=\u00bbpost_content\u00bb sticky_enabled=\u00bb0&#8243;]<\/p>\n<p>En la cuarta y \u00faltima pel\u00edcula de Red Ryder (despu\u00e9s de \u00abRide, Rider, Ride\u00bb, \u00abRoll, Thunder, Roll\u00bb y \u00abThe Fighting Redhead\u00bb, en ese orden) de Equity Pictures para Eagle-Lion, filmada en Cinecolor, Red Ryder lleva a Steve Stevenson, quien le salv\u00f3 la vida, a su rancho y le da trabajo. La t\u00eda de Red, la Duquesa, conoc\u00eda al padre de Steve, quien supuestamente se suicid\u00f3 tras perder su rancho apostando en una pelea de campeonato. Steve se niega a creer que su padre se quit\u00f3 la vida y la Duquesa lo respalda. De camino al pueblo, Red, Steve, el pe\u00f3n del rancho, Buckshot Blodgett, y el joven amigo indio de Red, Little Beaver, desbaratan un intento de robo a una diligencia. Mark Palmer, el jugador que caus\u00f3 la muerte del padre de Steve, viaja como pasajero. En el pueblo, Steve conoce a Sue Evans, quien va a trabajar para el due\u00f1o de una cantina, Bart Osborne. Palmer y Osborne colaboran y quieren el rancho de Ryder, as\u00ed que idean un plan para que Red pelee contra el boxeador de Palmer, Bull Mason. Steve, boxeador universitario, ocupa el lugar de Red. Steve pierde contra Mason, pero antes de que Red pueda determinar si fue una pelea justa, un jinete denuncia un robo en la oficina de diligencias. Red persigue a los forajidos y recupera el oro. Red planea una pelea con Mason y lo vence despu\u00e9s de que Mason deja caer un trozo de tuber\u00eda de plomo que llevaba escondido en la mano. Palmer admite haber asesinado al padre de Steve, y Steve se entera de que Sue fue obligada a trabajar para Osborne para saldar una deuda de su hermano.<\/p>\n<p>[\/et_pb_tab][et_pb_tab title=\u00bbDocumentaci\u00f3n\u00bb _builder_version=\u00bb4.25.0&#8243; _module_preset=\u00bbdefault\u00bb global_colors_info=\u00bb{}\u00bb theme_builder_area=\u00bbpost_content\u00bb]<\/p>\n<p>Red Ryder fue una tira c\u00f3mica de western creada por Stephen Slesinger y el artista Fred Harman. Distribuida por Newspaper Enterprise Association, la tira se public\u00f3 entre el domingo 6 de noviembre de 1938 y 1965. Dibujada con un estilo realista, esta serie de aventuras se centra en el vaquero pelirrojo Red Ryder que, con la ayuda del hu\u00e9rfano indio Little Beaver (Castorcito en Hispanoam\u00e9rica) y del sheriff Newt, recorre el Salvaje Oeste para luchar contra diversos bandidos. Harman ya hab\u00eda producido una tira c\u00f3mica del oeste de 1934 a 1938 con un joven vaquero pelirrojo llamado Bronc Peeler. Wikipedia<\/p>\n<p>[\/et_pb_tab][\/et_pb_tabs][et_pb_wc_title _builder_version=\u00bb4.20.2&#8243; header_font=\u00bb|600|||||||\u00bb header_text_color=\u00bb#0C71C3&#8243; header_font_size=\u00bb25px\u00bb custom_margin=\u00bb0px|0px|0px|0px|true|true\u00bb custom_padding=\u00bb0px|0px|0px|0px|true|true\u00bb global_colors_info=\u00bb{}\u00bb theme_builder_area=\u00bbpost_content\u00bb][\/et_pb_wc_title][\/et_pb_column][\/et_pb_row][et_pb_row column_structure=\u00bb3_5,2_5&#8243; _builder_version=\u00bb4.20.2&#8243; background_size=\u00bbinitial\u00bb background_position=\u00bbtop_left\u00bb background_repeat=\u00bbrepeat\u00bb width=\u00bb100%\u00bb custom_margin=\u00bb0px|0px|0px|0px|true|true\u00bb custom_padding=\u00bb0px|0px|0px|0px|true|true\u00bb global_colors_info=\u00bb{}\u00bb theme_builder_area=\u00bbpost_content\u00bb][et_pb_column type=\u00bb3_5&#8243; _builder_version=\u00bb4.20.2&#8243; _module_preset=\u00bbdefault\u00bb global_colors_info=\u00bb{}\u00bb theme_builder_area=\u00bbpost_content\u00bb][\/et_pb_column][et_pb_column type=\u00bb2_5&#8243; _builder_version=\u00bb4.20.2&#8243; custom_padding=\u00bb|||\u00bb global_colors_info=\u00bb{}\u00bb custom_padding__hover=\u00bb|||\u00bb theme_builder_area=\u00bbpost_content\u00bb][\/et_pb_column][\/et_pb_row][\/et_pb_section][et_pb_section fb_built=\u00bb1&#8243; _builder_version=\u00bb4.20.2&#8243; _module_preset=\u00bbdefault\u00bb custom_margin=\u00bb||9px|||\u00bb custom_padding=\u00bb||14px|||\u00bb global_colors_info=\u00bb{}\u00bb theme_builder_area=\u00bbpost_content\u00bb][et_pb_row column_structure=\u00bb1_3,1_3,1_3&#8243; _builder_version=\u00bb4.20.2&#8243; _module_preset=\u00bbdefault\u00bb global_colors_info=\u00bb{}\u00bb theme_builder_area=\u00bbpost_content\u00bb][et_pb_column type=\u00bb1_3&#8243; _builder_version=\u00bb4.20.2&#8243; _module_preset=\u00bbdefault\u00bb global_colors_info=\u00bb{}\u00bb theme_builder_area=\u00bbpost_content\u00bb][\/et_pb_column][et_pb_column type=\u00bb1_3&#8243; _builder_version=\u00bb4.20.2&#8243; _module_preset=\u00bbdefault\u00bb global_colors_info=\u00bb{}\u00bb theme_builder_area=\u00bbpost_content\u00bb][\/et_pb_column][et_pb_column type=\u00bb1_3&#8243; _builder_version=\u00bb4.20.2&#8243; _module_preset=\u00bbdefault\u00bb global_colors_info=\u00bb{}\u00bb theme_builder_area=\u00bbpost_content\u00bb][et_pb_image src=\u00bbhttps:\/\/www.historieta.es\/wp-content\/uploads\/2026\/01\/The-Cowboy-and-the-Prizefighter-comic.png\u00bb title_text=\u00bbThe-Cowboy-and-the-Prizefighter-comic\u00bb show_in_lightbox=\u00bbon\u00bb _builder_version=\u00bb4.25.0&#8243; _module_preset=\u00bbdefault\u00bb hover_enabled=\u00bb0&#8243; global_colors_info=\u00bb{}\u00bb theme_builder_area=\u00bbpost_content\u00bb sticky_enabled=\u00bb0&#8243;][\/et_pb_image][\/et_pb_column][\/et_pb_row][\/et_pb_section]<\/p>\n","protected":false},"excerpt":{"rendered":"<p>The Cowboy and the Prizefighter, USA, Red Ryder, Lewis D. Collins, Stephen Slesinger, Fred Harman<\/p>\n","protected":false},"featured_media":26596,"template":"","meta":{"_et_pb_use_builder":"on","_et_pb_old_content":"","_et_gb_content_width":"","_monsterinsights_skip_tracking":false,"_monsterinsights_sitenote_active":false,"_monsterinsights_sitenote_note":"","_monsterinsights_sitenote_category":0},"product_brand":[],"product_cat":[28,64],"product_tag":[],"class_list":{"0":"post-26594","1":"product","2":"type-product","3":"status-publish","4":"has-post-thumbnail","6":"product_cat-peliculas","7":"product_cat-peliculas-clasicos-usa","9":"first","10":"instock","11":"shipping-taxable","12":"product-type-simple"},"yoast_head":"<!-- This site is optimized with the Yoast SEO plugin v27.2 - https:\/\/yoast.com\/product\/yoast-seo-wordpress\/ -->\n<title>The Cowboy and the Prizefighter<\/title>\n<meta name=\"robots\" content=\"index, follow, max-snippet:-1, max-image-preview:large, max-video-preview:-1\" \/>\n<link rel=\"canonical\" href=\"https:\/\/www.historieta.es\/?product=the-cowboy-and-the-prizefighter\" \/>\n<meta property=\"og:locale\" content=\"es_ES\" \/>\n<meta property=\"og:type\" content=\"article\" \/>\n<meta property=\"og:title\" content=\"The Cowboy and the Prizefighter\" \/>\n<meta property=\"og:description\" content=\"The Cowboy and the Prizefighter, USA, Red Ryder, Lewis D. Collins, Stephen Slesinger, Fred Harman\" \/>\n<meta property=\"og:url\" content=\"https:\/\/www.historieta.es\/?product=the-cowboy-and-the-prizefighter\" \/>\n<meta property=\"og:site_name\" content=\"historieta\" \/>\n<meta property=\"article:modified_time\" content=\"2026-01-21T17:46:49+00:00\" \/>\n<meta property=\"og:image\" content=\"https:\/\/www.historieta.es\/wp-content\/uploads\/2026\/01\/The-Cowboy-and-the-Prizefighter.png\" \/>\n\t<meta property=\"og:image:width\" content=\"600\" \/>\n\t<meta property=\"og:image:height\" content=\"600\" \/>\n\t<meta property=\"og:image:type\" content=\"image\/png\" \/>\n<meta name=\"twitter:card\" content=\"summary_large_image\" \/>\n<meta name=\"twitter:label1\" content=\"Tiempo de lectura\" \/>\n\t<meta name=\"twitter:data1\" content=\"5 minutos\" \/>\n<script type=\"application\/ld+json\" class=\"yoast-schema-graph\">{\"@context\":\"https:\/\/schema.org\",\"@graph\":[{\"@type\":\"WebPage\",\"@id\":\"https:\/\/www.historieta.es\/?product=the-cowboy-and-the-prizefighter\",\"url\":\"https:\/\/www.historieta.es\/?product=the-cowboy-and-the-prizefighter\",\"name\":\"The Cowboy and the Prizefighter\",\"isPartOf\":{\"@id\":\"https:\/\/www.historieta.es\/#website\"},\"primaryImageOfPage\":{\"@id\":\"https:\/\/www.historieta.es\/?product=the-cowboy-and-the-prizefighter#primaryimage\"},\"image\":{\"@id\":\"https:\/\/www.historieta.es\/?product=the-cowboy-and-the-prizefighter#primaryimage\"},\"thumbnailUrl\":\"https:\/\/www.historieta.es\/wp-content\/uploads\/2026\/01\/The-Cowboy-and-the-Prizefighter.png\",\"datePublished\":\"2026-01-21T17:46:16+00:00\",\"dateModified\":\"2026-01-21T17:46:49+00:00\",\"breadcrumb\":{\"@id\":\"https:\/\/www.historieta.es\/?product=the-cowboy-and-the-prizefighter#breadcrumb\"},\"inLanguage\":\"es\",\"potentialAction\":[{\"@type\":\"ReadAction\",\"target\":[\"https:\/\/www.historieta.es\/?product=the-cowboy-and-the-prizefighter\"]}]},{\"@type\":\"ImageObject\",\"inLanguage\":\"es\",\"@id\":\"https:\/\/www.historieta.es\/?product=the-cowboy-and-the-prizefighter#primaryimage\",\"url\":\"https:\/\/www.historieta.es\/wp-content\/uploads\/2026\/01\/The-Cowboy-and-the-Prizefighter.png\",\"contentUrl\":\"https:\/\/www.historieta.es\/wp-content\/uploads\/2026\/01\/The-Cowboy-and-the-Prizefighter.png\",\"width\":600,\"height\":600},{\"@type\":\"BreadcrumbList\",\"@id\":\"https:\/\/www.historieta.es\/?product=the-cowboy-and-the-prizefighter#breadcrumb\",\"itemListElement\":[{\"@type\":\"ListItem\",\"position\":1,\"name\":\"Portada\",\"item\":\"https:\/\/www.historieta.es\/\"},{\"@type\":\"ListItem\",\"position\":2,\"name\":\"Productos\",\"item\":\"https:\/\/www.historieta.es\/?post_type=product\"},{\"@type\":\"ListItem\",\"position\":3,\"name\":\"The Cowboy and the Prizefighter\"}]},{\"@type\":\"WebSite\",\"@id\":\"https:\/\/www.historieta.es\/#website\",\"url\":\"https:\/\/www.historieta.es\/\",\"name\":\"historieta\",\"description\":\"sitio de comic\",\"potentialAction\":[{\"@type\":\"SearchAction\",\"target\":{\"@type\":\"EntryPoint\",\"urlTemplate\":\"https:\/\/www.historieta.es\/?s={search_term_string}\"},\"query-input\":{\"@type\":\"PropertyValueSpecification\",\"valueRequired\":true,\"valueName\":\"search_term_string\"}}],\"inLanguage\":\"es\"}]}<\/script>\n<!-- \/ Yoast SEO plugin. -->","yoast_head_json":{"title":"The Cowboy and the Prizefighter","robots":{"index":"index","follow":"follow","max-snippet":"max-snippet:-1","max-image-preview":"max-image-preview:large","max-video-preview":"max-video-preview:-1"},"canonical":"https:\/\/www.historieta.es\/?product=the-cowboy-and-the-prizefighter","og_locale":"es_ES","og_type":"article","og_title":"The Cowboy and the Prizefighter","og_description":"The Cowboy and the Prizefighter, USA, Red Ryder, Lewis D. Collins, Stephen Slesinger, Fred Harman","og_url":"https:\/\/www.historieta.es\/?product=the-cowboy-and-the-prizefighter","og_site_name":"historieta","article_modified_time":"2026-01-21T17:46:49+00:00","og_image":[{"width":600,"height":600,"url":"https:\/\/www.historieta.es\/wp-content\/uploads\/2026\/01\/The-Cowboy-and-the-Prizefighter.png","type":"image\/png"}],"twitter_card":"summary_large_image","twitter_misc":{"Tiempo de lectura":"5 minutos"},"schema":{"@context":"https:\/\/schema.org","@graph":[{"@type":"WebPage","@id":"https:\/\/www.historieta.es\/?product=the-cowboy-and-the-prizefighter","url":"https:\/\/www.historieta.es\/?product=the-cowboy-and-the-prizefighter","name":"The Cowboy and the Prizefighter","isPartOf":{"@id":"https:\/\/www.historieta.es\/#website"},"primaryImageOfPage":{"@id":"https:\/\/www.historieta.es\/?product=the-cowboy-and-the-prizefighter#primaryimage"},"image":{"@id":"https:\/\/www.historieta.es\/?product=the-cowboy-and-the-prizefighter#primaryimage"},"thumbnailUrl":"https:\/\/www.historieta.es\/wp-content\/uploads\/2026\/01\/The-Cowboy-and-the-Prizefighter.png","datePublished":"2026-01-21T17:46:16+00:00","dateModified":"2026-01-21T17:46:49+00:00","breadcrumb":{"@id":"https:\/\/www.historieta.es\/?product=the-cowboy-and-the-prizefighter#breadcrumb"},"inLanguage":"es","potentialAction":[{"@type":"ReadAction","target":["https:\/\/www.historieta.es\/?product=the-cowboy-and-the-prizefighter"]}]},{"@type":"ImageObject","inLanguage":"es","@id":"https:\/\/www.historieta.es\/?product=the-cowboy-and-the-prizefighter#primaryimage","url":"https:\/\/www.historieta.es\/wp-content\/uploads\/2026\/01\/The-Cowboy-and-the-Prizefighter.png","contentUrl":"https:\/\/www.historieta.es\/wp-content\/uploads\/2026\/01\/The-Cowboy-and-the-Prizefighter.png","width":600,"height":600},{"@type":"BreadcrumbList","@id":"https:\/\/www.historieta.es\/?product=the-cowboy-and-the-prizefighter#breadcrumb","itemListElement":[{"@type":"ListItem","position":1,"name":"Portada","item":"https:\/\/www.historieta.es\/"},{"@type":"ListItem","position":2,"name":"Productos","item":"https:\/\/www.historieta.es\/?post_type=product"},{"@type":"ListItem","position":3,"name":"The Cowboy and the Prizefighter"}]},{"@type":"WebSite","@id":"https:\/\/www.historieta.es\/#website","url":"https:\/\/www.historieta.es\/","name":"historieta","description":"sitio de comic","potentialAction":[{"@type":"SearchAction","target":{"@type":"EntryPoint","urlTemplate":"https:\/\/www.historieta.es\/?s={search_term_string}"},"query-input":{"@type":"PropertyValueSpecification","valueRequired":true,"valueName":"search_term_string"}}],"inLanguage":"es"}]}},"_links":{"self":[{"href":"https:\/\/www.historieta.es\/index.php?rest_route=\/wp\/v2\/product\/26594","targetHints":{"allow":["GET"]}}],"collection":[{"href":"https:\/\/www.historieta.es\/index.php?rest_route=\/wp\/v2\/product"}],"about":[{"href":"https:\/\/www.historieta.es\/index.php?rest_route=\/wp\/v2\/types\/product"}],"wp:featuredmedia":[{"embeddable":true,"href":"https:\/\/www.historieta.es\/index.php?rest_route=\/wp\/v2\/media\/26596"}],"wp:attachment":[{"href":"https:\/\/www.historieta.es\/index.php?rest_route=%2Fwp%2Fv2%2Fmedia&parent=26594"}],"wp:term":[{"taxonomy":"product_brand","embeddable":true,"href":"https:\/\/www.historieta.es\/index.php?rest_route=%2Fwp%2Fv2%2Fproduct_brand&post=26594"},{"taxonomy":"product_cat","embeddable":true,"href":"https:\/\/www.historieta.es\/index.php?rest_route=%2Fwp%2Fv2%2Fproduct_cat&post=26594"},{"taxonomy":"product_tag","embeddable":true,"href":"https:\/\/www.historieta.es\/index.php?rest_route=%2Fwp%2Fv2%2Fproduct_tag&post=26594"}],"curies":[{"name":"wp","href":"https:\/\/api.w.org\/{rel}","templated":true}]}}