{"id":26586,"date":"2026-01-21T17:34:13","date_gmt":"2026-01-21T17:34:13","guid":{"rendered":"https:\/\/www.historieta.es\/?post_type=product&#038;p=26586"},"modified":"2026-01-27T10:22:54","modified_gmt":"2026-01-27T10:22:54","slug":"ride-ryder-ride","status":"publish","type":"product","link":"https:\/\/www.historieta.es\/?product=ride-ryder-ride","title":{"rendered":"Ride, Ryder, Ride!"},"content":{"rendered":"<p>[et_pb_section fb_built=\u00bb1&#8243; _builder_version=\u00bb4.20.2&#8243; custom_margin=\u00bb-44px|0px|-44px|0px|true|true\u00bb custom_padding=\u00bb0px|0px|0px|0px|true|true\u00bb collapsed=\u00bboff\u00bb global_colors_info=\u00bb{}\u00bb][et_pb_row column_structure=\u00bb2_5,3_5&#8243; _builder_version=\u00bb4.20.2&#8243; background_size=\u00bbinitial\u00bb background_position=\u00bbtop_left\u00bb background_repeat=\u00bbrepeat\u00bb width=\u00bb100%\u00bb custom_margin=\u00bb0px|0px|0px|0px|true|true\u00bb custom_padding=\u00bb0px|0px|0px|0px|true|true\u00bb global_colors_info=\u00bb{}\u00bb][et_pb_column type=\u00bb2_5&#8243; _builder_version=\u00bb4.20.2&#8243; custom_padding=\u00bb|||\u00bb global_colors_info=\u00bb{}\u00bb custom_padding__hover=\u00bb|||\u00bb][et_pb_wc_images _builder_version=\u00bb4.20.2&#8243; box_shadow_style=\u00bbpreset1&#8243; global_colors_info=\u00bb{}\u00bb][\/et_pb_wc_images][\/et_pb_column][et_pb_column type=\u00bb3_5&#8243; _builder_version=\u00bb4.20.2&#8243; _module_preset=\u00bbdefault\u00bb global_colors_info=\u00bb{}\u00bb][et_pb_tabs _builder_version=\u00bb4.25.0&#8243; _module_preset=\u00bbdefault\u00bb global_colors_info=\u00bb{}\u00bb][et_pb_tab title=\u00bbDatos\u00bb _builder_version=\u00bb4.25.0&#8243; _module_preset=\u00bbdefault\u00bb global_colors_info=\u00bb{}\u00bb]<\/p>\n<p>T\u00edtulo espa\u00f1ol:<\/p>\n<p>Direcci\u00f3n: Lewis D. Collins<\/p>\n<p>Gion: Fred Harman, Paul Franklin<\/p>\n<p>M\u00fasica: Darrell Calker<\/p>\n<p>Fotograf\u00eda: Gilbert Warrenton<\/p>\n<p>Pa\u00eds: USA<\/p>\n<p>Duraci\u00f3n: 59<\/p>\n<p>A\u00f1o: 1949<\/p>\n<p>G\u00e9nero: Oeste<\/p>\n<p>Reparto: Jim Bannon, Don Reynolds, Emmett Lynn<\/p>\n<p><strong>HISTORIETA: Red Ryder<br \/><\/strong><\/p>\n<p>[\/et_pb_tab][et_pb_tab title=\u00bbSinopsis\u00bb _builder_version=\u00bb4.25.0&#8243; _module_preset=\u00bbdefault\u00bb global_colors_info=\u00bb{}\u00bb]<\/p>\n<p>Cabalgando por las llanuras con Little Beaver y Buckskin Blodgett, Red Ryder se encuentra con bandidos que intentan asaltar la diligencia que transporta a Libby Brooks, due\u00f1a del peri\u00f3dico Devil&#8217;s Hole, y a su hermano Gerry. Red ahuyenta a los atacantes. Gerry imprime un editorial condenando a los pistoleros y Frenchy Beaumont, due\u00f1o del hotel y bar, le ordena a su secuaz Blackjack Keno que mate a Gerry. Red lo impide, pero Frenchy, un experto duelista, desaf\u00eda a Gerry y lo mata en un duelo. Red se entera del duelo por su t\u00eda Duchess y Marge, la novia de Gerry, pero llega demasiado tarde para detenerlo. Red se une a Libby en una lucha contra Frenchy y su pandilla, e intenta encarcelar a Frenchy, pero fracasa cuando el Sheriff y el Juez Prescott encarcelan a Pinto, el secuaz de Frenchy, pero se ven obligados a liberar a Frenchy por falta de pruebas. Red reta a Frenchy a duelo, pero resulta gravemente herido. Mientras se recupera, se pregunta por qu\u00e9 no logr\u00f3 golpear a Frenchy, y luego cree saber por qu\u00e9 Frenchy siempre logra matar a sus oponentes, pistoleros expertos, pero nunca recibe un golpe. Recuperado, va en busca de Frenchy para la revancha.<\/p>\n<p>[\/et_pb_tab][et_pb_tab title=\u00bbDocumentaci\u00f3n\u00bb _builder_version=\u00bb4.25.0&#8243; _module_preset=\u00bbdefault\u00bb global_colors_info=\u00bb{}\u00bb]<\/p>\n<p>Red Ryder fue una tira c\u00f3mica de western creada por Stephen Slesinger y el artista Fred Harman. Distribuida por Newspaper Enterprise Association, la tira se public\u00f3 entre el domingo 6 de noviembre de 1938 y 1965. Dibujada con un estilo realista, esta serie de aventuras se centra en el vaquero pelirrojo Red Ryder que, con la ayuda del hu\u00e9rfano indio Little Beaver (Castorcito en Hispanoam\u00e9rica) y del sheriff Newt, recorre el Salvaje Oeste para luchar contra diversos bandidos. Harman ya hab\u00eda producido una tira c\u00f3mica del oeste de 1934 a 1938 con un joven vaquero pelirrojo llamado Bronc Peeler. Wikipedia<\/p>\n<p>[\/et_pb_tab][\/et_pb_tabs][et_pb_wc_title _builder_version=\u00bb4.20.2&#8243; header_font=\u00bb|600|||||||\u00bb header_text_color=\u00bb#0C71C3&#8243; header_font_size=\u00bb25px\u00bb custom_margin=\u00bb0px|0px|0px|0px|true|true\u00bb custom_padding=\u00bb0px|0px|0px|0px|true|true\u00bb global_colors_info=\u00bb{}\u00bb][\/et_pb_wc_title][\/et_pb_column][\/et_pb_row][et_pb_row column_structure=\u00bb3_5,2_5&#8243; _builder_version=\u00bb4.20.2&#8243; background_size=\u00bbinitial\u00bb background_position=\u00bbtop_left\u00bb background_repeat=\u00bbrepeat\u00bb width=\u00bb100%\u00bb custom_margin=\u00bb0px|0px|0px|0px|true|true\u00bb custom_padding=\u00bb0px|0px|0px|0px|true|true\u00bb global_colors_info=\u00bb{}\u00bb][et_pb_column type=\u00bb3_5&#8243; _builder_version=\u00bb4.20.2&#8243; _module_preset=\u00bbdefault\u00bb global_colors_info=\u00bb{}\u00bb][\/et_pb_column][et_pb_column type=\u00bb2_5&#8243; _builder_version=\u00bb4.20.2&#8243; custom_padding=\u00bb|||\u00bb global_colors_info=\u00bb{}\u00bb custom_padding__hover=\u00bb|||\u00bb][\/et_pb_column][\/et_pb_row][\/et_pb_section][et_pb_section fb_built=\u00bb1&#8243; _builder_version=\u00bb4.20.2&#8243; _module_preset=\u00bbdefault\u00bb custom_margin=\u00bb||9px|||\u00bb custom_padding=\u00bb||14px|||\u00bb global_colors_info=\u00bb{}\u00bb][et_pb_row column_structure=\u00bb1_3,1_3,1_3&#8243; _builder_version=\u00bb4.20.2&#8243; _module_preset=\u00bbdefault\u00bb global_colors_info=\u00bb{}\u00bb][et_pb_column type=\u00bb1_3&#8243; _builder_version=\u00bb4.20.2&#8243; _module_preset=\u00bbdefault\u00bb global_colors_info=\u00bb{}\u00bb][\/et_pb_column][et_pb_column type=\u00bb1_3&#8243; _builder_version=\u00bb4.20.2&#8243; _module_preset=\u00bbdefault\u00bb global_colors_info=\u00bb{}\u00bb][\/et_pb_column][et_pb_column type=\u00bb1_3&#8243; _builder_version=\u00bb4.20.2&#8243; _module_preset=\u00bbdefault\u00bb global_colors_info=\u00bb{}\u00bb][et_pb_image src=\u00bbhttps:\/\/www.historieta.es\/wp-content\/uploads\/2026\/01\/Ride-Ryder-Ride-comic.png\u00bb title_text=\u00bbRide,-Ryder,-Ride!-comic\u00bb show_in_lightbox=\u00bbon\u00bb _builder_version=\u00bb4.25.0&#8243; _module_preset=\u00bbdefault\u00bb global_colors_info=\u00bb{}\u00bb][\/et_pb_image][\/et_pb_column][\/et_pb_row][\/et_pb_section]<\/p>\n","protected":false},"excerpt":{"rendered":"<p>Ride, Ryder, Ride!, USA, Red Ryder, Lewis D. Collins, Stephen Slesinger, Fred Harman<\/p>\n","protected":false},"featured_media":26669,"template":"","meta":{"_et_pb_use_builder":"on","_et_pb_old_content":"","_et_gb_content_width":"","_monsterinsights_skip_tracking":false,"_monsterinsights_sitenote_active":false,"_monsterinsights_sitenote_note":"","_monsterinsights_sitenote_category":0},"product_brand":[],"product_cat":[28,64],"product_tag":[],"class_list":{"0":"post-26586","1":"product","2":"type-product","3":"status-publish","4":"has-post-thumbnail","6":"product_cat-peliculas","7":"product_cat-peliculas-clasicos-usa","9":"first","10":"instock","11":"shipping-taxable","12":"product-type-simple"},"yoast_head":"<!-- This site is optimized with the Yoast SEO plugin v27.2 - https:\/\/yoast.com\/product\/yoast-seo-wordpress\/ -->\n<title>Ride, Ryder, Ride!<\/title>\n<meta name=\"robots\" content=\"index, follow, max-snippet:-1, max-image-preview:large, max-video-preview:-1\" \/>\n<link rel=\"canonical\" href=\"https:\/\/www.historieta.es\/?product=ride-ryder-ride\" \/>\n<meta property=\"og:locale\" content=\"es_ES\" \/>\n<meta property=\"og:type\" content=\"article\" \/>\n<meta property=\"og:title\" content=\"Ride, Ryder, Ride!\" \/>\n<meta property=\"og:description\" content=\"Ride, Ryder, Ride!, USA, Red Ryder, Lewis D. Collins, Stephen Slesinger, Fred Harman\" \/>\n<meta property=\"og:url\" content=\"https:\/\/www.historieta.es\/?product=ride-ryder-ride\" \/>\n<meta property=\"og:site_name\" content=\"historieta\" \/>\n<meta property=\"article:modified_time\" content=\"2026-01-27T10:22:54+00:00\" \/>\n<meta property=\"og:image\" content=\"https:\/\/www.historieta.es\/wp-content\/uploads\/2026\/01\/Ride-Ryder-Ride.png\" \/>\n\t<meta property=\"og:image:width\" content=\"600\" \/>\n\t<meta property=\"og:image:height\" content=\"600\" \/>\n\t<meta property=\"og:image:type\" content=\"image\/png\" \/>\n<meta name=\"twitter:card\" content=\"summary_large_image\" \/>\n<meta name=\"twitter:label1\" content=\"Tiempo de lectura\" \/>\n\t<meta name=\"twitter:data1\" content=\"4 minutos\" \/>\n<script type=\"application\/ld+json\" class=\"yoast-schema-graph\">{\"@context\":\"https:\/\/schema.org\",\"@graph\":[{\"@type\":\"WebPage\",\"@id\":\"https:\/\/www.historieta.es\/?product=ride-ryder-ride\",\"url\":\"https:\/\/www.historieta.es\/?product=ride-ryder-ride\",\"name\":\"Ride, Ryder, Ride!\",\"isPartOf\":{\"@id\":\"https:\/\/www.historieta.es\/#website\"},\"primaryImageOfPage\":{\"@id\":\"https:\/\/www.historieta.es\/?product=ride-ryder-ride#primaryimage\"},\"image\":{\"@id\":\"https:\/\/www.historieta.es\/?product=ride-ryder-ride#primaryimage\"},\"thumbnailUrl\":\"https:\/\/www.historieta.es\/wp-content\/uploads\/2026\/01\/Ride-Ryder-Ride.png\",\"datePublished\":\"2026-01-21T17:34:13+00:00\",\"dateModified\":\"2026-01-27T10:22:54+00:00\",\"breadcrumb\":{\"@id\":\"https:\/\/www.historieta.es\/?product=ride-ryder-ride#breadcrumb\"},\"inLanguage\":\"es\",\"potentialAction\":[{\"@type\":\"ReadAction\",\"target\":[\"https:\/\/www.historieta.es\/?product=ride-ryder-ride\"]}]},{\"@type\":\"ImageObject\",\"inLanguage\":\"es\",\"@id\":\"https:\/\/www.historieta.es\/?product=ride-ryder-ride#primaryimage\",\"url\":\"https:\/\/www.historieta.es\/wp-content\/uploads\/2026\/01\/Ride-Ryder-Ride.png\",\"contentUrl\":\"https:\/\/www.historieta.es\/wp-content\/uploads\/2026\/01\/Ride-Ryder-Ride.png\",\"width\":600,\"height\":600},{\"@type\":\"BreadcrumbList\",\"@id\":\"https:\/\/www.historieta.es\/?product=ride-ryder-ride#breadcrumb\",\"itemListElement\":[{\"@type\":\"ListItem\",\"position\":1,\"name\":\"Portada\",\"item\":\"https:\/\/www.historieta.es\/\"},{\"@type\":\"ListItem\",\"position\":2,\"name\":\"Productos\",\"item\":\"https:\/\/www.historieta.es\/?post_type=product\"},{\"@type\":\"ListItem\",\"position\":3,\"name\":\"Ride, Ryder, Ride!\"}]},{\"@type\":\"WebSite\",\"@id\":\"https:\/\/www.historieta.es\/#website\",\"url\":\"https:\/\/www.historieta.es\/\",\"name\":\"historieta\",\"description\":\"sitio de comic\",\"potentialAction\":[{\"@type\":\"SearchAction\",\"target\":{\"@type\":\"EntryPoint\",\"urlTemplate\":\"https:\/\/www.historieta.es\/?s={search_term_string}\"},\"query-input\":{\"@type\":\"PropertyValueSpecification\",\"valueRequired\":true,\"valueName\":\"search_term_string\"}}],\"inLanguage\":\"es\"}]}<\/script>\n<!-- \/ Yoast SEO plugin. -->","yoast_head_json":{"title":"Ride, Ryder, Ride!","robots":{"index":"index","follow":"follow","max-snippet":"max-snippet:-1","max-image-preview":"max-image-preview:large","max-video-preview":"max-video-preview:-1"},"canonical":"https:\/\/www.historieta.es\/?product=ride-ryder-ride","og_locale":"es_ES","og_type":"article","og_title":"Ride, Ryder, Ride!","og_description":"Ride, Ryder, Ride!, USA, Red Ryder, Lewis D. Collins, Stephen Slesinger, Fred Harman","og_url":"https:\/\/www.historieta.es\/?product=ride-ryder-ride","og_site_name":"historieta","article_modified_time":"2026-01-27T10:22:54+00:00","og_image":[{"width":600,"height":600,"url":"https:\/\/www.historieta.es\/wp-content\/uploads\/2026\/01\/Ride-Ryder-Ride.png","type":"image\/png"}],"twitter_card":"summary_large_image","twitter_misc":{"Tiempo de lectura":"4 minutos"},"schema":{"@context":"https:\/\/schema.org","@graph":[{"@type":"WebPage","@id":"https:\/\/www.historieta.es\/?product=ride-ryder-ride","url":"https:\/\/www.historieta.es\/?product=ride-ryder-ride","name":"Ride, Ryder, Ride!","isPartOf":{"@id":"https:\/\/www.historieta.es\/#website"},"primaryImageOfPage":{"@id":"https:\/\/www.historieta.es\/?product=ride-ryder-ride#primaryimage"},"image":{"@id":"https:\/\/www.historieta.es\/?product=ride-ryder-ride#primaryimage"},"thumbnailUrl":"https:\/\/www.historieta.es\/wp-content\/uploads\/2026\/01\/Ride-Ryder-Ride.png","datePublished":"2026-01-21T17:34:13+00:00","dateModified":"2026-01-27T10:22:54+00:00","breadcrumb":{"@id":"https:\/\/www.historieta.es\/?product=ride-ryder-ride#breadcrumb"},"inLanguage":"es","potentialAction":[{"@type":"ReadAction","target":["https:\/\/www.historieta.es\/?product=ride-ryder-ride"]}]},{"@type":"ImageObject","inLanguage":"es","@id":"https:\/\/www.historieta.es\/?product=ride-ryder-ride#primaryimage","url":"https:\/\/www.historieta.es\/wp-content\/uploads\/2026\/01\/Ride-Ryder-Ride.png","contentUrl":"https:\/\/www.historieta.es\/wp-content\/uploads\/2026\/01\/Ride-Ryder-Ride.png","width":600,"height":600},{"@type":"BreadcrumbList","@id":"https:\/\/www.historieta.es\/?product=ride-ryder-ride#breadcrumb","itemListElement":[{"@type":"ListItem","position":1,"name":"Portada","item":"https:\/\/www.historieta.es\/"},{"@type":"ListItem","position":2,"name":"Productos","item":"https:\/\/www.historieta.es\/?post_type=product"},{"@type":"ListItem","position":3,"name":"Ride, Ryder, Ride!"}]},{"@type":"WebSite","@id":"https:\/\/www.historieta.es\/#website","url":"https:\/\/www.historieta.es\/","name":"historieta","description":"sitio de comic","potentialAction":[{"@type":"SearchAction","target":{"@type":"EntryPoint","urlTemplate":"https:\/\/www.historieta.es\/?s={search_term_string}"},"query-input":{"@type":"PropertyValueSpecification","valueRequired":true,"valueName":"search_term_string"}}],"inLanguage":"es"}]}},"_links":{"self":[{"href":"https:\/\/www.historieta.es\/index.php?rest_route=\/wp\/v2\/product\/26586","targetHints":{"allow":["GET"]}}],"collection":[{"href":"https:\/\/www.historieta.es\/index.php?rest_route=\/wp\/v2\/product"}],"about":[{"href":"https:\/\/www.historieta.es\/index.php?rest_route=\/wp\/v2\/types\/product"}],"wp:featuredmedia":[{"embeddable":true,"href":"https:\/\/www.historieta.es\/index.php?rest_route=\/wp\/v2\/media\/26669"}],"wp:attachment":[{"href":"https:\/\/www.historieta.es\/index.php?rest_route=%2Fwp%2Fv2%2Fmedia&parent=26586"}],"wp:term":[{"taxonomy":"product_brand","embeddable":true,"href":"https:\/\/www.historieta.es\/index.php?rest_route=%2Fwp%2Fv2%2Fproduct_brand&post=26586"},{"taxonomy":"product_cat","embeddable":true,"href":"https:\/\/www.historieta.es\/index.php?rest_route=%2Fwp%2Fv2%2Fproduct_cat&post=26586"},{"taxonomy":"product_tag","embeddable":true,"href":"https:\/\/www.historieta.es\/index.php?rest_route=%2Fwp%2Fv2%2Fproduct_tag&post=26586"}],"curies":[{"name":"wp","href":"https:\/\/api.w.org\/{rel}","templated":true}]}}