{"id":26552,"date":"2026-01-21T16:21:12","date_gmt":"2026-01-21T16:21:12","guid":{"rendered":"https:\/\/www.historieta.es\/?post_type=product&#038;p=26552"},"modified":"2026-01-21T16:23:02","modified_gmt":"2026-01-21T16:23:02","slug":"sun-valley-cyclone","status":"publish","type":"product","link":"https:\/\/www.historieta.es\/?product=sun-valley-cyclone","title":{"rendered":"Sun Valley Cyclone"},"content":{"rendered":"<p>[et_pb_section fb_built=\u00bb1&#8243; _builder_version=\u00bb4.20.2&#8243; custom_margin=\u00bb-44px|0px|-44px|0px|true|true\u00bb custom_padding=\u00bb0px|0px|0px|0px|true|true\u00bb collapsed=\u00bboff\u00bb global_colors_info=\u00bb{}\u00bb theme_builder_area=\u00bbpost_content\u00bb][et_pb_row column_structure=\u00bb2_5,3_5&#8243; _builder_version=\u00bb4.20.2&#8243; background_size=\u00bbinitial\u00bb background_position=\u00bbtop_left\u00bb background_repeat=\u00bbrepeat\u00bb width=\u00bb100%\u00bb custom_margin=\u00bb0px|0px|0px|0px|true|true\u00bb custom_padding=\u00bb0px|0px|0px|0px|true|true\u00bb global_colors_info=\u00bb{}\u00bb theme_builder_area=\u00bbpost_content\u00bb][et_pb_column type=\u00bb2_5&#8243; _builder_version=\u00bb4.20.2&#8243; custom_padding=\u00bb|||\u00bb global_colors_info=\u00bb{}\u00bb custom_padding__hover=\u00bb|||\u00bb theme_builder_area=\u00bbpost_content\u00bb][et_pb_wc_images _builder_version=\u00bb4.20.2&#8243; box_shadow_style=\u00bbpreset1&#8243; global_colors_info=\u00bb{}\u00bb theme_builder_area=\u00bbpost_content\u00bb][\/et_pb_wc_images][\/et_pb_column][et_pb_column type=\u00bb3_5&#8243; _builder_version=\u00bb4.20.2&#8243; _module_preset=\u00bbdefault\u00bb global_colors_info=\u00bb{}\u00bb theme_builder_area=\u00bbpost_content\u00bb][et_pb_tabs _builder_version=\u00bb4.25.0&#8243; _module_preset=\u00bbdefault\u00bb hover_enabled=\u00bb0&#8243; global_colors_info=\u00bb{}\u00bb theme_builder_area=\u00bbpost_content\u00bb sticky_enabled=\u00bb0&#8243;][et_pb_tab title=\u00bbDatos\u00bb _builder_version=\u00bb4.25.0&#8243; _module_preset=\u00bbdefault\u00bb hover_enabled=\u00bb0&#8243; global_colors_info=\u00bb{}\u00bb theme_builder_area=\u00bbpost_content\u00bb sticky_enabled=\u00bb0&#8243;]<\/p>\n<p>T\u00edtulo espa\u00f1ol:<\/p>\n<p>Direcci\u00f3n: R.G. Springsteen<\/p>\n<p>Gion: Earle Snell<\/p>\n<p>M\u00fasica: <\/p>\n<p>Fotograf\u00eda: Bud Thackery<\/p>\n<p>Pa\u00eds: USA<\/p>\n<p>Duraci\u00f3n: 56<\/p>\n<p>A\u00f1o: 1946<\/p>\n<p>G\u00e9nero: Oeste<\/p>\n<p>Reparto: Bill Elliott, Robert Blake, Alice Fleming, Roy Barcroft, Kenne Duncan, Eddy Waller<\/p>\n<p><strong>HISTORIETA: Red Ryder<br \/><\/strong><\/p>\n<p>[\/et_pb_tab][et_pb_tab title=\u00bbSinopsis\u00bb _builder_version=\u00bb4.25.0&#8243; _module_preset=\u00bbdefault\u00bb hover_enabled=\u00bb0&#8243; global_colors_info=\u00bb{}\u00bb theme_builder_area=\u00bbpost_content\u00bb sticky_enabled=\u00bb0&#8243;]<\/p>\n<p>Red Ryder y Little Beaver llegan a un tranquilo pueblo de Arizona, donde Blackie Blake los ve. Red y su joven amigo indio van a la oficina del alguacil McGaw, y Blake se acerca sigilosamente a una ventana y est\u00e1 a punto de dispararle a Red desde una emboscada, pero \u00abTrueno\u00bb, el caballo de Red, se abalanza sobre \u00e9l con cascos retumbantes. Los hostiles habitantes del pueblo se re\u00fanen, empe\u00f1ados en cumplir la ley que dicta que un caballo asesino debe ser disparado. Red exige que \u00abTrueno\u00bb sea juzgado y luego (en un flashback) cuenta c\u00f3mo lo encontr\u00f3 por primera vez. Fue hace seis meses, en la oficina de reclutamiento de los Rough Riders de Teddy Roosevelt, donde se\u00f1alaron al caballo como un asesino potencial que nadie jam\u00e1s podr\u00eda montar. Red acept\u00f3 el reto y Teddy Roosevelt le regal\u00f3 el caballo despu\u00e9s de una cabalgata alocada. Red quiere unirse a los Rough Riders, pero Roosevelt le dice que los ladrones de caballos en su estado natal, Wyoming, est\u00e1n interrumpiendo el servicio de suministros del Ej\u00e9rcito y que Red es el \u00fanico capaz de detenerlos. Al regresar a casa, Red encuentra a la Duquesa discutiendo con su compa\u00f1ero ranchero, el Mayor Harding, por una disputa sobre una cerca, y concluye que alguien los est\u00e1 usando como incautos para encubrir alguna actividad. En el bar del pueblo, Blake, el capataz del rancho del Mayor, y dos secuaces, Dow y Luce, discuten c\u00f3mo permitieron que uno de los caballos de la Duquesa, con la marca del Mayor reci\u00e9n grabada, regresara al rancho de la Duquesa para levantar sospechas sobre \u00e9l. Red vence a Blake en una pelea y convoca una reuni\u00f3n para resolver la disputa. Dow roba los caballos del Mayor y Red descubre que \u00abTrueno\u00bb ha desaparecido y asume que tambi\u00e9n fue robado. En realidad, \u00abTrueno\u00bb hab\u00eda seguido la manada robada hasta Box Canyon y fue capturado. Blake intenta montar a \u00abTrueno\u00bb, pero es derribado y luego lo golpea sin piedad. \u00abTrueno\u00bb escapa, Red lo encuentra, ve las marcas del l\u00e1tigo y jura encontrar al due\u00f1o de la silla que lleva. El rastro conduce al pueblo de Arizona donde Red ahora le cuenta a los habitantes del pueblo qu\u00e9 fue lo que llev\u00f3 a \u00abThunder\u00bb a atacar a Blake.<\/p>\n<p>[\/et_pb_tab][et_pb_tab title=\u00bbDocumentaci\u00f3n\u00bb _builder_version=\u00bb4.25.0&#8243; _module_preset=\u00bbdefault\u00bb global_colors_info=\u00bb{}\u00bb theme_builder_area=\u00bbpost_content\u00bb]<\/p>\n<p>Red Ryder fue una tira c\u00f3mica de western creada por Stephen Slesinger y el artista Fred Harman. Distribuida por Newspaper Enterprise Association, la tira se public\u00f3 entre el domingo 6 de noviembre de 1938 y 1965. Dibujada con un estilo realista, esta serie de aventuras se centra en el vaquero pelirrojo Red Ryder que, con la ayuda del hu\u00e9rfano indio Little Beaver (Castorcito en Hispanoam\u00e9rica) y del sheriff Newt, recorre el Salvaje Oeste para luchar contra diversos bandidos. Harman ya hab\u00eda producido una tira c\u00f3mica del oeste de 1934 a 1938 con un joven vaquero pelirrojo llamado Bronc Peeler. Wikipedia<\/p>\n<p>[\/et_pb_tab][\/et_pb_tabs][et_pb_wc_title _builder_version=\u00bb4.20.2&#8243; header_font=\u00bb|600|||||||\u00bb header_text_color=\u00bb#0C71C3&#8243; header_font_size=\u00bb25px\u00bb custom_margin=\u00bb0px|0px|0px|0px|true|true\u00bb custom_padding=\u00bb0px|0px|0px|0px|true|true\u00bb global_colors_info=\u00bb{}\u00bb theme_builder_area=\u00bbpost_content\u00bb][\/et_pb_wc_title][\/et_pb_column][\/et_pb_row][et_pb_row column_structure=\u00bb3_5,2_5&#8243; _builder_version=\u00bb4.20.2&#8243; background_size=\u00bbinitial\u00bb background_position=\u00bbtop_left\u00bb background_repeat=\u00bbrepeat\u00bb width=\u00bb100%\u00bb custom_margin=\u00bb0px|0px|0px|0px|true|true\u00bb custom_padding=\u00bb0px|0px|0px|0px|true|true\u00bb global_colors_info=\u00bb{}\u00bb theme_builder_area=\u00bbpost_content\u00bb][et_pb_column type=\u00bb3_5&#8243; _builder_version=\u00bb4.20.2&#8243; _module_preset=\u00bbdefault\u00bb global_colors_info=\u00bb{}\u00bb theme_builder_area=\u00bbpost_content\u00bb][\/et_pb_column][et_pb_column type=\u00bb2_5&#8243; _builder_version=\u00bb4.20.2&#8243; custom_padding=\u00bb|||\u00bb global_colors_info=\u00bb{}\u00bb custom_padding__hover=\u00bb|||\u00bb theme_builder_area=\u00bbpost_content\u00bb][\/et_pb_column][\/et_pb_row][\/et_pb_section][et_pb_section fb_built=\u00bb1&#8243; _builder_version=\u00bb4.20.2&#8243; _module_preset=\u00bbdefault\u00bb custom_margin=\u00bb||9px|||\u00bb custom_padding=\u00bb||14px|||\u00bb global_colors_info=\u00bb{}\u00bb theme_builder_area=\u00bbpost_content\u00bb][et_pb_row column_structure=\u00bb1_3,1_3,1_3&#8243; _builder_version=\u00bb4.20.2&#8243; _module_preset=\u00bbdefault\u00bb global_colors_info=\u00bb{}\u00bb theme_builder_area=\u00bbpost_content\u00bb][et_pb_column type=\u00bb1_3&#8243; _builder_version=\u00bb4.20.2&#8243; _module_preset=\u00bbdefault\u00bb global_colors_info=\u00bb{}\u00bb theme_builder_area=\u00bbpost_content\u00bb][\/et_pb_column][et_pb_column type=\u00bb1_3&#8243; _builder_version=\u00bb4.20.2&#8243; _module_preset=\u00bbdefault\u00bb global_colors_info=\u00bb{}\u00bb theme_builder_area=\u00bbpost_content\u00bb][\/et_pb_column][et_pb_column type=\u00bb1_3&#8243; _builder_version=\u00bb4.20.2&#8243; _module_preset=\u00bbdefault\u00bb global_colors_info=\u00bb{}\u00bb theme_builder_area=\u00bbpost_content\u00bb][et_pb_image src=\u00bbhttps:\/\/www.historieta.es\/wp-content\/uploads\/2026\/01\/Sun-Valley-Cyclone-comic.png\u00bb title_text=\u00bbSun-Valley-Cyclone-comic\u00bb show_in_lightbox=\u00bbon\u00bb _builder_version=\u00bb4.25.0&#8243; _module_preset=\u00bbdefault\u00bb hover_enabled=\u00bb0&#8243; global_colors_info=\u00bb{}\u00bb theme_builder_area=\u00bbpost_content\u00bb sticky_enabled=\u00bb0&#8243;][\/et_pb_image][\/et_pb_column][\/et_pb_row][\/et_pb_section]<\/p>\n","protected":false},"excerpt":{"rendered":"<p>Sun Valley Cyclone, USA, Red Ryder, R. G. Springsteen, Stephen Slesinger, Fred Harman<\/p>\n","protected":false},"featured_media":26553,"template":"","meta":{"_et_pb_use_builder":"on","_et_pb_old_content":"","_et_gb_content_width":"","_monsterinsights_skip_tracking":false,"_monsterinsights_sitenote_active":false,"_monsterinsights_sitenote_note":"","_monsterinsights_sitenote_category":0},"product_brand":[],"product_cat":[28,64],"product_tag":[],"class_list":{"0":"post-26552","1":"product","2":"type-product","3":"status-publish","4":"has-post-thumbnail","6":"product_cat-peliculas","7":"product_cat-peliculas-clasicos-usa","9":"first","10":"instock","11":"shipping-taxable","12":"product-type-simple"},"yoast_head":"<!-- This site is optimized with the Yoast SEO plugin v27.2 - https:\/\/yoast.com\/product\/yoast-seo-wordpress\/ -->\n<title>Sun Valley Cyclone<\/title>\n<meta name=\"robots\" content=\"index, follow, max-snippet:-1, max-image-preview:large, max-video-preview:-1\" \/>\n<link rel=\"canonical\" href=\"https:\/\/www.historieta.es\/?product=sun-valley-cyclone\" \/>\n<meta property=\"og:locale\" content=\"es_ES\" \/>\n<meta property=\"og:type\" content=\"article\" \/>\n<meta property=\"og:title\" content=\"Sun Valley Cyclone\" \/>\n<meta property=\"og:description\" content=\"Sun Valley Cyclone, USA, Red Ryder, R. G. Springsteen, Stephen Slesinger, Fred Harman\" \/>\n<meta property=\"og:url\" content=\"https:\/\/www.historieta.es\/?product=sun-valley-cyclone\" \/>\n<meta property=\"og:site_name\" content=\"historieta\" \/>\n<meta property=\"article:modified_time\" content=\"2026-01-21T16:23:02+00:00\" \/>\n<meta property=\"og:image\" content=\"https:\/\/www.historieta.es\/wp-content\/uploads\/2026\/01\/Sun-Valley-Cyclone.png\" \/>\n\t<meta property=\"og:image:width\" content=\"600\" \/>\n\t<meta property=\"og:image:height\" content=\"600\" \/>\n\t<meta property=\"og:image:type\" content=\"image\/png\" \/>\n<meta name=\"twitter:card\" content=\"summary_large_image\" \/>\n<meta name=\"twitter:label1\" content=\"Tiempo de lectura\" \/>\n\t<meta name=\"twitter:data1\" content=\"5 minutos\" \/>\n<script type=\"application\/ld+json\" class=\"yoast-schema-graph\">{\"@context\":\"https:\/\/schema.org\",\"@graph\":[{\"@type\":\"WebPage\",\"@id\":\"https:\/\/www.historieta.es\/?product=sun-valley-cyclone\",\"url\":\"https:\/\/www.historieta.es\/?product=sun-valley-cyclone\",\"name\":\"Sun Valley Cyclone\",\"isPartOf\":{\"@id\":\"https:\/\/www.historieta.es\/#website\"},\"primaryImageOfPage\":{\"@id\":\"https:\/\/www.historieta.es\/?product=sun-valley-cyclone#primaryimage\"},\"image\":{\"@id\":\"https:\/\/www.historieta.es\/?product=sun-valley-cyclone#primaryimage\"},\"thumbnailUrl\":\"https:\/\/www.historieta.es\/wp-content\/uploads\/2026\/01\/Sun-Valley-Cyclone.png\",\"datePublished\":\"2026-01-21T16:21:12+00:00\",\"dateModified\":\"2026-01-21T16:23:02+00:00\",\"breadcrumb\":{\"@id\":\"https:\/\/www.historieta.es\/?product=sun-valley-cyclone#breadcrumb\"},\"inLanguage\":\"es\",\"potentialAction\":[{\"@type\":\"ReadAction\",\"target\":[\"https:\/\/www.historieta.es\/?product=sun-valley-cyclone\"]}]},{\"@type\":\"ImageObject\",\"inLanguage\":\"es\",\"@id\":\"https:\/\/www.historieta.es\/?product=sun-valley-cyclone#primaryimage\",\"url\":\"https:\/\/www.historieta.es\/wp-content\/uploads\/2026\/01\/Sun-Valley-Cyclone.png\",\"contentUrl\":\"https:\/\/www.historieta.es\/wp-content\/uploads\/2026\/01\/Sun-Valley-Cyclone.png\",\"width\":600,\"height\":600},{\"@type\":\"BreadcrumbList\",\"@id\":\"https:\/\/www.historieta.es\/?product=sun-valley-cyclone#breadcrumb\",\"itemListElement\":[{\"@type\":\"ListItem\",\"position\":1,\"name\":\"Portada\",\"item\":\"https:\/\/www.historieta.es\/\"},{\"@type\":\"ListItem\",\"position\":2,\"name\":\"Productos\",\"item\":\"https:\/\/www.historieta.es\/?post_type=product\"},{\"@type\":\"ListItem\",\"position\":3,\"name\":\"Sun Valley Cyclone\"}]},{\"@type\":\"WebSite\",\"@id\":\"https:\/\/www.historieta.es\/#website\",\"url\":\"https:\/\/www.historieta.es\/\",\"name\":\"historieta\",\"description\":\"sitio de comic\",\"potentialAction\":[{\"@type\":\"SearchAction\",\"target\":{\"@type\":\"EntryPoint\",\"urlTemplate\":\"https:\/\/www.historieta.es\/?s={search_term_string}\"},\"query-input\":{\"@type\":\"PropertyValueSpecification\",\"valueRequired\":true,\"valueName\":\"search_term_string\"}}],\"inLanguage\":\"es\"}]}<\/script>\n<!-- \/ Yoast SEO plugin. -->","yoast_head_json":{"title":"Sun Valley Cyclone","robots":{"index":"index","follow":"follow","max-snippet":"max-snippet:-1","max-image-preview":"max-image-preview:large","max-video-preview":"max-video-preview:-1"},"canonical":"https:\/\/www.historieta.es\/?product=sun-valley-cyclone","og_locale":"es_ES","og_type":"article","og_title":"Sun Valley Cyclone","og_description":"Sun Valley Cyclone, USA, Red Ryder, R. G. Springsteen, Stephen Slesinger, Fred Harman","og_url":"https:\/\/www.historieta.es\/?product=sun-valley-cyclone","og_site_name":"historieta","article_modified_time":"2026-01-21T16:23:02+00:00","og_image":[{"width":600,"height":600,"url":"https:\/\/www.historieta.es\/wp-content\/uploads\/2026\/01\/Sun-Valley-Cyclone.png","type":"image\/png"}],"twitter_card":"summary_large_image","twitter_misc":{"Tiempo de lectura":"5 minutos"},"schema":{"@context":"https:\/\/schema.org","@graph":[{"@type":"WebPage","@id":"https:\/\/www.historieta.es\/?product=sun-valley-cyclone","url":"https:\/\/www.historieta.es\/?product=sun-valley-cyclone","name":"Sun Valley Cyclone","isPartOf":{"@id":"https:\/\/www.historieta.es\/#website"},"primaryImageOfPage":{"@id":"https:\/\/www.historieta.es\/?product=sun-valley-cyclone#primaryimage"},"image":{"@id":"https:\/\/www.historieta.es\/?product=sun-valley-cyclone#primaryimage"},"thumbnailUrl":"https:\/\/www.historieta.es\/wp-content\/uploads\/2026\/01\/Sun-Valley-Cyclone.png","datePublished":"2026-01-21T16:21:12+00:00","dateModified":"2026-01-21T16:23:02+00:00","breadcrumb":{"@id":"https:\/\/www.historieta.es\/?product=sun-valley-cyclone#breadcrumb"},"inLanguage":"es","potentialAction":[{"@type":"ReadAction","target":["https:\/\/www.historieta.es\/?product=sun-valley-cyclone"]}]},{"@type":"ImageObject","inLanguage":"es","@id":"https:\/\/www.historieta.es\/?product=sun-valley-cyclone#primaryimage","url":"https:\/\/www.historieta.es\/wp-content\/uploads\/2026\/01\/Sun-Valley-Cyclone.png","contentUrl":"https:\/\/www.historieta.es\/wp-content\/uploads\/2026\/01\/Sun-Valley-Cyclone.png","width":600,"height":600},{"@type":"BreadcrumbList","@id":"https:\/\/www.historieta.es\/?product=sun-valley-cyclone#breadcrumb","itemListElement":[{"@type":"ListItem","position":1,"name":"Portada","item":"https:\/\/www.historieta.es\/"},{"@type":"ListItem","position":2,"name":"Productos","item":"https:\/\/www.historieta.es\/?post_type=product"},{"@type":"ListItem","position":3,"name":"Sun Valley Cyclone"}]},{"@type":"WebSite","@id":"https:\/\/www.historieta.es\/#website","url":"https:\/\/www.historieta.es\/","name":"historieta","description":"sitio de comic","potentialAction":[{"@type":"SearchAction","target":{"@type":"EntryPoint","urlTemplate":"https:\/\/www.historieta.es\/?s={search_term_string}"},"query-input":{"@type":"PropertyValueSpecification","valueRequired":true,"valueName":"search_term_string"}}],"inLanguage":"es"}]}},"_links":{"self":[{"href":"https:\/\/www.historieta.es\/index.php?rest_route=\/wp\/v2\/product\/26552","targetHints":{"allow":["GET"]}}],"collection":[{"href":"https:\/\/www.historieta.es\/index.php?rest_route=\/wp\/v2\/product"}],"about":[{"href":"https:\/\/www.historieta.es\/index.php?rest_route=\/wp\/v2\/types\/product"}],"wp:featuredmedia":[{"embeddable":true,"href":"https:\/\/www.historieta.es\/index.php?rest_route=\/wp\/v2\/media\/26553"}],"wp:attachment":[{"href":"https:\/\/www.historieta.es\/index.php?rest_route=%2Fwp%2Fv2%2Fmedia&parent=26552"}],"wp:term":[{"taxonomy":"product_brand","embeddable":true,"href":"https:\/\/www.historieta.es\/index.php?rest_route=%2Fwp%2Fv2%2Fproduct_brand&post=26552"},{"taxonomy":"product_cat","embeddable":true,"href":"https:\/\/www.historieta.es\/index.php?rest_route=%2Fwp%2Fv2%2Fproduct_cat&post=26552"},{"taxonomy":"product_tag","embeddable":true,"href":"https:\/\/www.historieta.es\/index.php?rest_route=%2Fwp%2Fv2%2Fproduct_tag&post=26552"}],"curies":[{"name":"wp","href":"https:\/\/api.w.org\/{rel}","templated":true}]}}