{"id":2560,"date":"2023-05-16T20:25:54","date_gmt":"2023-05-16T20:25:54","guid":{"rendered":"https:\/\/www.historieta.es\/?post_type=product&#038;p=2560"},"modified":"2023-08-02T07:13:55","modified_gmt":"2023-08-02T07:13:55","slug":"anatomia-del-comic","status":"publish","type":"product","link":"https:\/\/www.historieta.es\/?product=anatomia-del-comic","title":{"rendered":"Anatom\u00eda del c\u00f3mic"},"content":{"rendered":"<p>[et_pb_section fb_built=\u00bb1&#8243; _builder_version=\u00bb4.20.2&#8243; custom_margin=\u00bb-44px|0px|-44px|0px|true|true\u00bb custom_padding=\u00bb0px|0px|0px|0px|true|true\u00bb collapsed=\u00bboff\u00bb global_colors_info=\u00bb{}\u00bb][et_pb_row column_structure=\u00bb2_5,3_5&#8243; _builder_version=\u00bb4.20.2&#8243; background_size=\u00bbinitial\u00bb background_position=\u00bbtop_left\u00bb background_repeat=\u00bbrepeat\u00bb width=\u00bb100%\u00bb custom_margin=\u00bb0px|0px|0px|0px|true|true\u00bb custom_padding=\u00bb0px|0px|0px|0px|true|true\u00bb global_colors_info=\u00bb{}\u00bb][et_pb_column type=\u00bb2_5&#8243; _builder_version=\u00bb4.16&#8243; custom_padding=\u00bb|||\u00bb global_colors_info=\u00bb{}\u00bb custom_padding__hover=\u00bb|||\u00bb][et_pb_wc_images _builder_version=\u00bb4.20.2&#8243; box_shadow_style=\u00bbpreset1&#8243; global_colors_info=\u00bb{}\u00bb][\/et_pb_wc_images][\/et_pb_column][et_pb_column type=\u00bb3_5&#8243; _builder_version=\u00bb4.20.2&#8243; _module_preset=\u00bbdefault\u00bb global_colors_info=\u00bb{}\u00bb][et_pb_tabs _builder_version=\u00bb4.20.2&#8243; _module_preset=\u00bbdefault\u00bb global_colors_info=\u00bb{}\u00bb][et_pb_tab title=\u00bbDatos\u00bb _builder_version=\u00bb4.20.2&#8243; _module_preset=\u00bbdefault\u00bb global_colors_info=\u00bb{}\u00bb]<\/p>\n<p>Autor: Damien MacDonald<\/p>\n<p>Entidad: Fundaci\u00f3n La Caixa<\/p>\n<p>Ciudad: Palma de Mallorca<\/p>\n<p>Pa\u00eds: Espa\u00f1a<\/p>\n<p>Tama\u00f1o: 16&#215;23<\/p>\n<p>P\u00e1ginas: 260<\/p>\n<p>A\u00f1o: 2022<\/p>\n<p>Dep\u00f3sito legal:<\/p>\n<p>ISBN: 978-8499003184<\/p>\n<p><strong>IDIOMA: Castellano<br \/><\/strong><\/p>\n<p>[\/et_pb_tab][et_pb_tab title=\u00bbDescripci\u00f3n\u00bb _builder_version=\u00bb4.20.2&#8243; _module_preset=\u00bbdefault\u00bb global_colors_info=\u00bb{}\u00bb]<\/p>\n<p>Este cat\u00e1logo parte de la colecci\u00f3n de Bernard Mah\u00e9. Recoge una selecci\u00f3n de obras maestras del c\u00f3mic, desde un dibujo de la serie The Yellow Kid de Richard Felton, del 1896, hasta la cubierta de la antolog\u00eda de La Qu\u00eate de l\u2019Oiseau du Temps de R\u00e9gis Loisel, del 2017: la edad de oro de las tiras de prensa, los grandes personajes de los a\u00f1os trenta, la visi\u00f3n de la Segunda Guerra Mundial en el c\u00f3mic, los superh\u00e9roes, la escuela francobelga, el boom de los a\u00f1os sesenta y la novela gr\u00e1fica. La idea de obra maestra, que hasta hace poco se limitaba a las grandes obras de la pintura i la escultura, responde ahora a esta voluntad de reconocimiento de la creatividad y el significado social del c\u00f3mic.<br \/>La editorial<\/p>\n<p>[\/et_pb_tab][et_pb_tab title=\u00bbBibliograf\u00eda\u00bb _builder_version=\u00bb4.20.2&#8243; _module_preset=\u00bbdefault\u00bb global_colors_info=\u00bb{}\u00bb][\/et_pb_tab][\/et_pb_tabs][et_pb_wc_title _builder_version=\u00bb4.20.2&#8243; header_font=\u00bb|600|||||||\u00bb header_text_color=\u00bb#0C71C3&#8243; header_font_size=\u00bb25px\u00bb custom_margin=\u00bb0px|0px|0px|0px|true|true\u00bb custom_padding=\u00bb0px|0px|0px|0px|true|true\u00bb global_colors_info=\u00bb{}\u00bb][\/et_pb_wc_title][\/et_pb_column][\/et_pb_row][\/et_pb_section][et_pb_section fb_built=\u00bb1&#8243; _builder_version=\u00bb4.20.2&#8243; _module_preset=\u00bbdefault\u00bb global_colors_info=\u00bb{}\u00bb][\/et_pb_section][et_pb_section fb_built=\u00bb1&#8243; _builder_version=\u00bb4.20.2&#8243; _module_preset=\u00bbdefault\u00bb global_colors_info=\u00bb{}\u00bb][\/et_pb_section]<\/p>\n","protected":false},"excerpt":{"rendered":"<p>Anatom\u00eda del c\u00f3mic, Castellano, Damien MacDonald, 2022, Damien MacDonald, Espa\u00f1a<\/p>\n","protected":false},"featured_media":2561,"template":"","meta":{"_et_pb_use_builder":"on","_et_pb_old_content":"","_et_gb_content_width":"","_monsterinsights_skip_tracking":false,"_monsterinsights_sitenote_active":false,"_monsterinsights_sitenote_note":"","_monsterinsights_sitenote_category":0},"product_brand":[],"product_cat":[33],"product_tag":[],"class_list":{"0":"post-2560","1":"product","2":"type-product","3":"status-publish","4":"has-post-thumbnail","6":"product_cat-catalogos","8":"first","9":"instock","10":"shipping-taxable","11":"product-type-simple"},"yoast_head":"<!-- This site is optimized with the Yoast SEO plugin v27.2 - https:\/\/yoast.com\/product\/yoast-seo-wordpress\/ -->\n<title>Anatom\u00eda del c\u00f3mic<\/title>\n<meta name=\"robots\" content=\"index, follow, max-snippet:-1, max-image-preview:large, max-video-preview:-1\" \/>\n<link rel=\"canonical\" href=\"https:\/\/www.historieta.es\/?product=anatomia-del-comic\" \/>\n<meta property=\"og:locale\" content=\"es_ES\" \/>\n<meta property=\"og:type\" content=\"article\" \/>\n<meta property=\"og:title\" content=\"Anatom\u00eda del c\u00f3mic\" \/>\n<meta property=\"og:description\" content=\"Anatom\u00eda del c\u00f3mic, Castellano, Damien MacDonald, 2022, Damien MacDonald, Espa\u00f1a\" \/>\n<meta property=\"og:url\" content=\"https:\/\/www.historieta.es\/?product=anatomia-del-comic\" \/>\n<meta property=\"og:site_name\" content=\"historieta\" \/>\n<meta property=\"article:modified_time\" content=\"2023-08-02T07:13:55+00:00\" \/>\n<meta property=\"og:image\" content=\"https:\/\/www.historieta.es\/wp-content\/uploads\/2023\/05\/Anatomia-del-comic.png\" \/>\n\t<meta property=\"og:image:width\" content=\"600\" \/>\n\t<meta property=\"og:image:height\" content=\"600\" \/>\n\t<meta property=\"og:image:type\" content=\"image\/png\" \/>\n<meta name=\"twitter:card\" content=\"summary_large_image\" \/>\n<meta name=\"twitter:label1\" content=\"Tiempo de lectura\" \/>\n\t<meta name=\"twitter:data1\" content=\"2 minutos\" \/>\n<script type=\"application\/ld+json\" class=\"yoast-schema-graph\">{\"@context\":\"https:\/\/schema.org\",\"@graph\":[{\"@type\":\"WebPage\",\"@id\":\"https:\/\/www.historieta.es\/?product=anatomia-del-comic\",\"url\":\"https:\/\/www.historieta.es\/?product=anatomia-del-comic\",\"name\":\"Anatom\u00eda del c\u00f3mic\",\"isPartOf\":{\"@id\":\"https:\/\/www.historieta.es\/#website\"},\"primaryImageOfPage\":{\"@id\":\"https:\/\/www.historieta.es\/?product=anatomia-del-comic#primaryimage\"},\"image\":{\"@id\":\"https:\/\/www.historieta.es\/?product=anatomia-del-comic#primaryimage\"},\"thumbnailUrl\":\"https:\/\/www.historieta.es\/wp-content\/uploads\/2023\/05\/Anatomia-del-comic.png\",\"datePublished\":\"2023-05-16T20:25:54+00:00\",\"dateModified\":\"2023-08-02T07:13:55+00:00\",\"breadcrumb\":{\"@id\":\"https:\/\/www.historieta.es\/?product=anatomia-del-comic#breadcrumb\"},\"inLanguage\":\"es\",\"potentialAction\":[{\"@type\":\"ReadAction\",\"target\":[\"https:\/\/www.historieta.es\/?product=anatomia-del-comic\"]}]},{\"@type\":\"ImageObject\",\"inLanguage\":\"es\",\"@id\":\"https:\/\/www.historieta.es\/?product=anatomia-del-comic#primaryimage\",\"url\":\"https:\/\/www.historieta.es\/wp-content\/uploads\/2023\/05\/Anatomia-del-comic.png\",\"contentUrl\":\"https:\/\/www.historieta.es\/wp-content\/uploads\/2023\/05\/Anatomia-del-comic.png\",\"width\":600,\"height\":600},{\"@type\":\"BreadcrumbList\",\"@id\":\"https:\/\/www.historieta.es\/?product=anatomia-del-comic#breadcrumb\",\"itemListElement\":[{\"@type\":\"ListItem\",\"position\":1,\"name\":\"Portada\",\"item\":\"https:\/\/www.historieta.es\/\"},{\"@type\":\"ListItem\",\"position\":2,\"name\":\"Productos\",\"item\":\"https:\/\/www.historieta.es\/?post_type=product\"},{\"@type\":\"ListItem\",\"position\":3,\"name\":\"Anatom\u00eda del c\u00f3mic\"}]},{\"@type\":\"WebSite\",\"@id\":\"https:\/\/www.historieta.es\/#website\",\"url\":\"https:\/\/www.historieta.es\/\",\"name\":\"historieta\",\"description\":\"sitio de comic\",\"potentialAction\":[{\"@type\":\"SearchAction\",\"target\":{\"@type\":\"EntryPoint\",\"urlTemplate\":\"https:\/\/www.historieta.es\/?s={search_term_string}\"},\"query-input\":{\"@type\":\"PropertyValueSpecification\",\"valueRequired\":true,\"valueName\":\"search_term_string\"}}],\"inLanguage\":\"es\"}]}<\/script>\n<!-- \/ Yoast SEO plugin. -->","yoast_head_json":{"title":"Anatom\u00eda del c\u00f3mic","robots":{"index":"index","follow":"follow","max-snippet":"max-snippet:-1","max-image-preview":"max-image-preview:large","max-video-preview":"max-video-preview:-1"},"canonical":"https:\/\/www.historieta.es\/?product=anatomia-del-comic","og_locale":"es_ES","og_type":"article","og_title":"Anatom\u00eda del c\u00f3mic","og_description":"Anatom\u00eda del c\u00f3mic, Castellano, Damien MacDonald, 2022, Damien MacDonald, Espa\u00f1a","og_url":"https:\/\/www.historieta.es\/?product=anatomia-del-comic","og_site_name":"historieta","article_modified_time":"2023-08-02T07:13:55+00:00","og_image":[{"width":600,"height":600,"url":"https:\/\/www.historieta.es\/wp-content\/uploads\/2023\/05\/Anatomia-del-comic.png","type":"image\/png"}],"twitter_card":"summary_large_image","twitter_misc":{"Tiempo de lectura":"2 minutos"},"schema":{"@context":"https:\/\/schema.org","@graph":[{"@type":"WebPage","@id":"https:\/\/www.historieta.es\/?product=anatomia-del-comic","url":"https:\/\/www.historieta.es\/?product=anatomia-del-comic","name":"Anatom\u00eda del c\u00f3mic","isPartOf":{"@id":"https:\/\/www.historieta.es\/#website"},"primaryImageOfPage":{"@id":"https:\/\/www.historieta.es\/?product=anatomia-del-comic#primaryimage"},"image":{"@id":"https:\/\/www.historieta.es\/?product=anatomia-del-comic#primaryimage"},"thumbnailUrl":"https:\/\/www.historieta.es\/wp-content\/uploads\/2023\/05\/Anatomia-del-comic.png","datePublished":"2023-05-16T20:25:54+00:00","dateModified":"2023-08-02T07:13:55+00:00","breadcrumb":{"@id":"https:\/\/www.historieta.es\/?product=anatomia-del-comic#breadcrumb"},"inLanguage":"es","potentialAction":[{"@type":"ReadAction","target":["https:\/\/www.historieta.es\/?product=anatomia-del-comic"]}]},{"@type":"ImageObject","inLanguage":"es","@id":"https:\/\/www.historieta.es\/?product=anatomia-del-comic#primaryimage","url":"https:\/\/www.historieta.es\/wp-content\/uploads\/2023\/05\/Anatomia-del-comic.png","contentUrl":"https:\/\/www.historieta.es\/wp-content\/uploads\/2023\/05\/Anatomia-del-comic.png","width":600,"height":600},{"@type":"BreadcrumbList","@id":"https:\/\/www.historieta.es\/?product=anatomia-del-comic#breadcrumb","itemListElement":[{"@type":"ListItem","position":1,"name":"Portada","item":"https:\/\/www.historieta.es\/"},{"@type":"ListItem","position":2,"name":"Productos","item":"https:\/\/www.historieta.es\/?post_type=product"},{"@type":"ListItem","position":3,"name":"Anatom\u00eda del c\u00f3mic"}]},{"@type":"WebSite","@id":"https:\/\/www.historieta.es\/#website","url":"https:\/\/www.historieta.es\/","name":"historieta","description":"sitio de comic","potentialAction":[{"@type":"SearchAction","target":{"@type":"EntryPoint","urlTemplate":"https:\/\/www.historieta.es\/?s={search_term_string}"},"query-input":{"@type":"PropertyValueSpecification","valueRequired":true,"valueName":"search_term_string"}}],"inLanguage":"es"}]}},"_links":{"self":[{"href":"https:\/\/www.historieta.es\/index.php?rest_route=\/wp\/v2\/product\/2560","targetHints":{"allow":["GET"]}}],"collection":[{"href":"https:\/\/www.historieta.es\/index.php?rest_route=\/wp\/v2\/product"}],"about":[{"href":"https:\/\/www.historieta.es\/index.php?rest_route=\/wp\/v2\/types\/product"}],"wp:featuredmedia":[{"embeddable":true,"href":"https:\/\/www.historieta.es\/index.php?rest_route=\/wp\/v2\/media\/2561"}],"wp:attachment":[{"href":"https:\/\/www.historieta.es\/index.php?rest_route=%2Fwp%2Fv2%2Fmedia&parent=2560"}],"wp:term":[{"taxonomy":"product_brand","embeddable":true,"href":"https:\/\/www.historieta.es\/index.php?rest_route=%2Fwp%2Fv2%2Fproduct_brand&post=2560"},{"taxonomy":"product_cat","embeddable":true,"href":"https:\/\/www.historieta.es\/index.php?rest_route=%2Fwp%2Fv2%2Fproduct_cat&post=2560"},{"taxonomy":"product_tag","embeddable":true,"href":"https:\/\/www.historieta.es\/index.php?rest_route=%2Fwp%2Fv2%2Fproduct_tag&post=2560"}],"curies":[{"name":"wp","href":"https:\/\/api.w.org\/{rel}","templated":true}]}}