{"id":2548,"date":"2023-05-16T17:36:06","date_gmt":"2023-05-16T17:36:06","guid":{"rendered":"https:\/\/www.historieta.es\/?post_type=product&#038;p=2548"},"modified":"2023-07-31T19:25:03","modified_gmt":"2023-07-31T19:25:03","slug":"como-hacer-un-comic","status":"publish","type":"product","link":"https:\/\/www.historieta.es\/?product=como-hacer-un-comic","title":{"rendered":"C\u00f3mo hacer un c\u00f3mic"},"content":{"rendered":"<p>[et_pb_section fb_built=\u00bb1&#8243; _builder_version=\u00bb4.20.2&#8243; custom_margin=\u00bb-44px|0px|-44px|0px|true|true\u00bb custom_padding=\u00bb0px|0px|0px|0px|true|true\u00bb collapsed=\u00bboff\u00bb global_colors_info=\u00bb{}\u00bb][et_pb_row column_structure=\u00bb2_5,3_5&#8243; _builder_version=\u00bb4.20.2&#8243; background_size=\u00bbinitial\u00bb background_position=\u00bbtop_left\u00bb background_repeat=\u00bbrepeat\u00bb width=\u00bb100%\u00bb custom_margin=\u00bb0px|0px|0px|0px|true|true\u00bb custom_padding=\u00bb0px|0px|0px|0px|true|true\u00bb global_colors_info=\u00bb{}\u00bb][et_pb_column type=\u00bb2_5&#8243; _builder_version=\u00bb4.16&#8243; custom_padding=\u00bb|||\u00bb global_colors_info=\u00bb{}\u00bb custom_padding__hover=\u00bb|||\u00bb][et_pb_wc_images _builder_version=\u00bb4.20.2&#8243; box_shadow_style=\u00bbpreset1&#8243; global_colors_info=\u00bb{}\u00bb][\/et_pb_wc_images][\/et_pb_column][et_pb_column type=\u00bb3_5&#8243; _builder_version=\u00bb4.20.2&#8243; _module_preset=\u00bbdefault\u00bb global_colors_info=\u00bb{}\u00bb][et_pb_tabs _builder_version=\u00bb4.20.2&#8243; _module_preset=\u00bbdefault\u00bb global_colors_info=\u00bb{}\u00bb][et_pb_tab title=\u00bbDatos\u00bb _builder_version=\u00bb4.20.2&#8243; _module_preset=\u00bbdefault\u00bb global_colors_info=\u00bb{}\u00bb]<\/p>\n<p>Autor: Lewis Trondheim, Sergio Garc\u00eda, Lola Moral<\/p>\n<p>Editorial: Faktor\u00eda K de libros<\/p>\n<p>Ciudad: Vigo<\/p>\n<p>Pa\u00eds: Espa\u00f1a<\/p>\n<p>Tama\u00f1o: 22&#215;29<\/p>\n<p>P\u00e1ginas: 32<\/p>\n<p>A\u00f1o: 2009<\/p>\n<p>Dep\u00f3sito legal:<\/p>\n<p>ISBN: 978-8496957596<\/p>\n<p><strong>IDIOMA:<br \/><\/strong><\/p>\n<p>[\/et_pb_tab][et_pb_tab title=\u00bbDescripci\u00f3n\u00bb _builder_version=\u00bb4.20.2&#8243; _module_preset=\u00bbdefault\u00bb global_colors_info=\u00bb{}\u00bb]<\/p>\n<p>\u00abLewis Trondheim y Sergio Garc\u00eda se al\u00edan en este \u00e1lbum para explicar a los lectores las claves del Noveno Arte: c\u00f3mo construir una p\u00e1gina, la composici\u00f3n de las vi\u00f1etas y su funci\u00f3n narrativa, los tipos de planos, la descomposici\u00f3n del movimiento, los criterios para escoger un buen enfoque de las escenas, la forma de los \u0091bocadillos\u0092 o \u0091globos\u0092 a trav\u00e9s de los que se muestran los di\u00e1logos entre los personajes; tambi\u00e9n se exponen m\u00e9todos para expresar sentimientos y emociones con onomatopeyas y otros elementos gr\u00e1ficos, o c\u00f3mo plasmar el paso del tiempo mediante recursos como el flash-back. Los c\u00f3mics \u00ab\u00bbest\u00e1n muy presentes en librer\u00edas, en bibliotecas, en los programas escolares, pero son muchos los que confiesan que no son capaces de entenderlos\u00bb\u00bb, apuntan los autores. Para establecer las bases del aprendizaje, escritura y lectura del g\u00e9nero, Faktor\u00eda K presenta este libro l\u00fadico y did\u00e1ctico para descubrir su trastienda y animar los seguidores a iniciarse en sus t\u00e9cnicas y c\u00f3digos art\u00edsticos. Guionista y dibujante aportan su experiencia directa y comparten sus conocimientos sobre el mundo de la historieta.\u00bb <br \/>La editorial<\/p>\n<p>[\/et_pb_tab][et_pb_tab title=\u00bbBibliograf\u00eda\u00bb _builder_version=\u00bb4.20.2&#8243; _module_preset=\u00bbdefault\u00bb global_colors_info=\u00bb{}\u00bb][\/et_pb_tab][\/et_pb_tabs][et_pb_wc_title _builder_version=\u00bb4.20.2&#8243; header_font=\u00bb|600|||||||\u00bb header_text_color=\u00bb#0C71C3&#8243; header_font_size=\u00bb25px\u00bb custom_margin=\u00bb0px|0px|0px|0px|true|true\u00bb custom_padding=\u00bb0px|0px|0px|0px|true|true\u00bb global_colors_info=\u00bb{}\u00bb][\/et_pb_wc_title][\/et_pb_column][\/et_pb_row][\/et_pb_section][et_pb_section fb_built=\u00bb1&#8243; _builder_version=\u00bb4.20.2&#8243; _module_preset=\u00bbdefault\u00bb global_colors_info=\u00bb{}\u00bb][\/et_pb_section][et_pb_section fb_built=\u00bb1&#8243; _builder_version=\u00bb4.20.2&#8243; _module_preset=\u00bbdefault\u00bb global_colors_info=\u00bb{}\u00bb][\/et_pb_section]<\/p>\n","protected":false},"excerpt":{"rendered":"<p>C\u00f3mo hacer un c\u00f3mic, Castellano, Lewis Trondheim, Sergio Garc\u00eda, Lola Moral, Espa\u00f1a, Faktor\u00eda K de libros, 2009<\/p>\n","protected":false},"featured_media":2549,"template":"","meta":{"_et_pb_use_builder":"on","_et_pb_old_content":"","_et_gb_content_width":"","_monsterinsights_skip_tracking":false,"_monsterinsights_sitenote_active":false,"_monsterinsights_sitenote_note":"","_monsterinsights_sitenote_category":0},"product_brand":[],"product_cat":[32],"product_tag":[],"class_list":{"0":"post-2548","1":"product","2":"type-product","3":"status-publish","4":"has-post-thumbnail","6":"product_cat-didactica","8":"first","9":"instock","10":"shipping-taxable","11":"product-type-simple"},"yoast_head":"<!-- This site is optimized with the Yoast SEO plugin v27.2 - https:\/\/yoast.com\/product\/yoast-seo-wordpress\/ -->\n<title>C\u00f3mo hacer un c\u00f3mic<\/title>\n<meta name=\"robots\" content=\"index, follow, max-snippet:-1, max-image-preview:large, max-video-preview:-1\" \/>\n<link rel=\"canonical\" href=\"https:\/\/www.historieta.es\/?product=como-hacer-un-comic\" \/>\n<meta property=\"og:locale\" content=\"es_ES\" \/>\n<meta property=\"og:type\" content=\"article\" \/>\n<meta property=\"og:title\" content=\"C\u00f3mo hacer un c\u00f3mic\" \/>\n<meta property=\"og:description\" content=\"C\u00f3mo hacer un c\u00f3mic, Castellano, Lewis Trondheim, Sergio Garc\u00eda, Lola Moral, Espa\u00f1a, Faktor\u00eda K de libros, 2009\" \/>\n<meta property=\"og:url\" content=\"https:\/\/www.historieta.es\/?product=como-hacer-un-comic\" \/>\n<meta property=\"og:site_name\" content=\"historieta\" \/>\n<meta property=\"article:modified_time\" content=\"2023-07-31T19:25:03+00:00\" \/>\n<meta property=\"og:image\" content=\"https:\/\/www.historieta.es\/wp-content\/uploads\/2023\/05\/Como-hacer-un-comic.png\" \/>\n\t<meta property=\"og:image:width\" content=\"600\" \/>\n\t<meta property=\"og:image:height\" content=\"600\" \/>\n\t<meta property=\"og:image:type\" content=\"image\/png\" \/>\n<meta name=\"twitter:card\" content=\"summary_large_image\" \/>\n<meta name=\"twitter:label1\" content=\"Tiempo de lectura\" \/>\n\t<meta name=\"twitter:data1\" content=\"2 minutos\" \/>\n<script type=\"application\/ld+json\" class=\"yoast-schema-graph\">{\"@context\":\"https:\/\/schema.org\",\"@graph\":[{\"@type\":\"WebPage\",\"@id\":\"https:\/\/www.historieta.es\/?product=como-hacer-un-comic\",\"url\":\"https:\/\/www.historieta.es\/?product=como-hacer-un-comic\",\"name\":\"C\u00f3mo hacer un c\u00f3mic\",\"isPartOf\":{\"@id\":\"https:\/\/www.historieta.es\/#website\"},\"primaryImageOfPage\":{\"@id\":\"https:\/\/www.historieta.es\/?product=como-hacer-un-comic#primaryimage\"},\"image\":{\"@id\":\"https:\/\/www.historieta.es\/?product=como-hacer-un-comic#primaryimage\"},\"thumbnailUrl\":\"https:\/\/www.historieta.es\/wp-content\/uploads\/2023\/05\/Como-hacer-un-comic.png\",\"datePublished\":\"2023-05-16T17:36:06+00:00\",\"dateModified\":\"2023-07-31T19:25:03+00:00\",\"breadcrumb\":{\"@id\":\"https:\/\/www.historieta.es\/?product=como-hacer-un-comic#breadcrumb\"},\"inLanguage\":\"es\",\"potentialAction\":[{\"@type\":\"ReadAction\",\"target\":[\"https:\/\/www.historieta.es\/?product=como-hacer-un-comic\"]}]},{\"@type\":\"ImageObject\",\"inLanguage\":\"es\",\"@id\":\"https:\/\/www.historieta.es\/?product=como-hacer-un-comic#primaryimage\",\"url\":\"https:\/\/www.historieta.es\/wp-content\/uploads\/2023\/05\/Como-hacer-un-comic.png\",\"contentUrl\":\"https:\/\/www.historieta.es\/wp-content\/uploads\/2023\/05\/Como-hacer-un-comic.png\",\"width\":600,\"height\":600},{\"@type\":\"BreadcrumbList\",\"@id\":\"https:\/\/www.historieta.es\/?product=como-hacer-un-comic#breadcrumb\",\"itemListElement\":[{\"@type\":\"ListItem\",\"position\":1,\"name\":\"Portada\",\"item\":\"https:\/\/www.historieta.es\/\"},{\"@type\":\"ListItem\",\"position\":2,\"name\":\"Productos\",\"item\":\"https:\/\/www.historieta.es\/?post_type=product\"},{\"@type\":\"ListItem\",\"position\":3,\"name\":\"C\u00f3mo hacer un c\u00f3mic\"}]},{\"@type\":\"WebSite\",\"@id\":\"https:\/\/www.historieta.es\/#website\",\"url\":\"https:\/\/www.historieta.es\/\",\"name\":\"historieta\",\"description\":\"sitio de comic\",\"potentialAction\":[{\"@type\":\"SearchAction\",\"target\":{\"@type\":\"EntryPoint\",\"urlTemplate\":\"https:\/\/www.historieta.es\/?s={search_term_string}\"},\"query-input\":{\"@type\":\"PropertyValueSpecification\",\"valueRequired\":true,\"valueName\":\"search_term_string\"}}],\"inLanguage\":\"es\"}]}<\/script>\n<!-- \/ Yoast SEO plugin. -->","yoast_head_json":{"title":"C\u00f3mo hacer un c\u00f3mic","robots":{"index":"index","follow":"follow","max-snippet":"max-snippet:-1","max-image-preview":"max-image-preview:large","max-video-preview":"max-video-preview:-1"},"canonical":"https:\/\/www.historieta.es\/?product=como-hacer-un-comic","og_locale":"es_ES","og_type":"article","og_title":"C\u00f3mo hacer un c\u00f3mic","og_description":"C\u00f3mo hacer un c\u00f3mic, Castellano, Lewis Trondheim, Sergio Garc\u00eda, Lola Moral, Espa\u00f1a, Faktor\u00eda K de libros, 2009","og_url":"https:\/\/www.historieta.es\/?product=como-hacer-un-comic","og_site_name":"historieta","article_modified_time":"2023-07-31T19:25:03+00:00","og_image":[{"width":600,"height":600,"url":"https:\/\/www.historieta.es\/wp-content\/uploads\/2023\/05\/Como-hacer-un-comic.png","type":"image\/png"}],"twitter_card":"summary_large_image","twitter_misc":{"Tiempo de lectura":"2 minutos"},"schema":{"@context":"https:\/\/schema.org","@graph":[{"@type":"WebPage","@id":"https:\/\/www.historieta.es\/?product=como-hacer-un-comic","url":"https:\/\/www.historieta.es\/?product=como-hacer-un-comic","name":"C\u00f3mo hacer un c\u00f3mic","isPartOf":{"@id":"https:\/\/www.historieta.es\/#website"},"primaryImageOfPage":{"@id":"https:\/\/www.historieta.es\/?product=como-hacer-un-comic#primaryimage"},"image":{"@id":"https:\/\/www.historieta.es\/?product=como-hacer-un-comic#primaryimage"},"thumbnailUrl":"https:\/\/www.historieta.es\/wp-content\/uploads\/2023\/05\/Como-hacer-un-comic.png","datePublished":"2023-05-16T17:36:06+00:00","dateModified":"2023-07-31T19:25:03+00:00","breadcrumb":{"@id":"https:\/\/www.historieta.es\/?product=como-hacer-un-comic#breadcrumb"},"inLanguage":"es","potentialAction":[{"@type":"ReadAction","target":["https:\/\/www.historieta.es\/?product=como-hacer-un-comic"]}]},{"@type":"ImageObject","inLanguage":"es","@id":"https:\/\/www.historieta.es\/?product=como-hacer-un-comic#primaryimage","url":"https:\/\/www.historieta.es\/wp-content\/uploads\/2023\/05\/Como-hacer-un-comic.png","contentUrl":"https:\/\/www.historieta.es\/wp-content\/uploads\/2023\/05\/Como-hacer-un-comic.png","width":600,"height":600},{"@type":"BreadcrumbList","@id":"https:\/\/www.historieta.es\/?product=como-hacer-un-comic#breadcrumb","itemListElement":[{"@type":"ListItem","position":1,"name":"Portada","item":"https:\/\/www.historieta.es\/"},{"@type":"ListItem","position":2,"name":"Productos","item":"https:\/\/www.historieta.es\/?post_type=product"},{"@type":"ListItem","position":3,"name":"C\u00f3mo hacer un c\u00f3mic"}]},{"@type":"WebSite","@id":"https:\/\/www.historieta.es\/#website","url":"https:\/\/www.historieta.es\/","name":"historieta","description":"sitio de comic","potentialAction":[{"@type":"SearchAction","target":{"@type":"EntryPoint","urlTemplate":"https:\/\/www.historieta.es\/?s={search_term_string}"},"query-input":{"@type":"PropertyValueSpecification","valueRequired":true,"valueName":"search_term_string"}}],"inLanguage":"es"}]}},"_links":{"self":[{"href":"https:\/\/www.historieta.es\/index.php?rest_route=\/wp\/v2\/product\/2548","targetHints":{"allow":["GET"]}}],"collection":[{"href":"https:\/\/www.historieta.es\/index.php?rest_route=\/wp\/v2\/product"}],"about":[{"href":"https:\/\/www.historieta.es\/index.php?rest_route=\/wp\/v2\/types\/product"}],"wp:featuredmedia":[{"embeddable":true,"href":"https:\/\/www.historieta.es\/index.php?rest_route=\/wp\/v2\/media\/2549"}],"wp:attachment":[{"href":"https:\/\/www.historieta.es\/index.php?rest_route=%2Fwp%2Fv2%2Fmedia&parent=2548"}],"wp:term":[{"taxonomy":"product_brand","embeddable":true,"href":"https:\/\/www.historieta.es\/index.php?rest_route=%2Fwp%2Fv2%2Fproduct_brand&post=2548"},{"taxonomy":"product_cat","embeddable":true,"href":"https:\/\/www.historieta.es\/index.php?rest_route=%2Fwp%2Fv2%2Fproduct_cat&post=2548"},{"taxonomy":"product_tag","embeddable":true,"href":"https:\/\/www.historieta.es\/index.php?rest_route=%2Fwp%2Fv2%2Fproduct_tag&post=2548"}],"curies":[{"name":"wp","href":"https:\/\/api.w.org\/{rel}","templated":true}]}}