{"id":2474,"date":"2023-05-15T20:20:47","date_gmt":"2023-05-15T20:20:47","guid":{"rendered":"https:\/\/www.historieta.es\/?post_type=product&#038;p=2474"},"modified":"2024-03-03T08:56:04","modified_gmt":"2024-03-03T08:56:04","slug":"aprende-a-dibujar-comic-dibujando-y-haciendo-historieta","status":"publish","type":"product","link":"https:\/\/www.historieta.es\/?product=aprende-a-dibujar-comic-dibujando-y-haciendo-historieta","title":{"rendered":"Aprende a dibujar c\u00f3mic. Dibujando y haciendo historieta"},"content":{"rendered":"<p>[et_pb_section fb_built=\u00bb1&#8243; _builder_version=\u00bb4.20.2&#8243; custom_margin=\u00bb-44px|0px|-44px|0px|true|true\u00bb custom_padding=\u00bb0px|0px|0px|0px|true|true\u00bb collapsed=\u00bboff\u00bb global_colors_info=\u00bb{}\u00bb][et_pb_row column_structure=\u00bb2_5,3_5&#8243; _builder_version=\u00bb4.20.2&#8243; background_size=\u00bbinitial\u00bb background_position=\u00bbtop_left\u00bb background_repeat=\u00bbrepeat\u00bb width=\u00bb100%\u00bb custom_margin=\u00bb0px|0px|0px|0px|true|true\u00bb custom_padding=\u00bb0px|0px|0px|0px|true|true\u00bb global_colors_info=\u00bb{}\u00bb][et_pb_column type=\u00bb2_5&#8243; _builder_version=\u00bb4.16&#8243; custom_padding=\u00bb|||\u00bb global_colors_info=\u00bb{}\u00bb custom_padding__hover=\u00bb|||\u00bb][et_pb_wc_images _builder_version=\u00bb4.20.2&#8243; box_shadow_style=\u00bbpreset1&#8243; global_colors_info=\u00bb{}\u00bb][\/et_pb_wc_images][\/et_pb_column][et_pb_column type=\u00bb3_5&#8243; _builder_version=\u00bb4.20.2&#8243; _module_preset=\u00bbdefault\u00bb global_colors_info=\u00bb{}\u00bb][et_pb_tabs _builder_version=\u00bb4.20.2&#8243; _module_preset=\u00bbdefault\u00bb global_colors_info=\u00bb{}\u00bb][et_pb_tab title=\u00bbDatos\u00bb _builder_version=\u00bb4.20.2&#8243; _module_preset=\u00bbdefault\u00bb global_colors_info=\u00bb{}\u00bb]<\/p>\n<p>Autor: Claudio Herrera, Pedro Sanna, Carlos Razetto<\/p>\n<p>Editorial: Dolmen<\/p>\n<p>Ciudad: Palma de Mallorca<\/p>\n<p>Pa\u00eds: Espa\u00f1a<\/p>\n<p>Tama\u00f1o: 18&#215;26<\/p>\n<p>P\u00e1ginas: 126<\/p>\n<p>A\u00f1o: 2018<\/p>\n<p>Dep\u00f3sito legal:<\/p>\n<p>ISBN: 978-8416961726<\/p>\n<p><strong>IDIOMA: Castellano<br \/><\/strong><\/p>\n<p>[\/et_pb_tab][et_pb_tab title=\u00bbDescripci\u00f3n\u00bb _builder_version=\u00bb4.20.2&#8243; _module_preset=\u00bbdefault\u00bb global_colors_info=\u00bb{}\u00bb]<\/p>\n<p>Una gu\u00eda exhaustiva e integral de como dibujar paso a paso, donde aprender\u00e1s todo sobre anatom\u00eda del cuerpo humano, el lenguaje corporal, las expresiones, el uso de las l\u00edneas cin\u00e9ticas, el dibujo de los entornos, perspectivas, narrativa y muchas cosas m\u00e1s.<br \/>Un manual perfecto tanto para el dibujante ne\u00f3fito como para aquel que quiere seguir aprendiendo a dibujar descubriendo los trucos del oficio.<br \/>Los autores:<br \/>CLAUDIO HERRERA<br \/>Naci\u00f3 en 1963 en Capital Federal (Buenos Aires, Argentina). Curs\u00f3 4 a\u00f1os en la \u201cEscuela de Artes Visuales Mart\u00edn Malharro\u201d de la ciudad de Mar del Plata, donde reside desde 1984. Es due\u00f1o de una librer\u00eda de c\u00f3mics desde 1993. Como dibujante public\u00f3 en diferentes medios gr\u00e1ficos. Arm\u00f3 y coordin\u00f3 los libros del artista Enrique Breccia: \u201cHistorias Cortas\u201d y \u201cEnrique Breccia Sketchbook\u201d. Organiz\u00f3 y coordin\u00f3 diferentes actividades relacionadas con la historieta, el dibujo y la pintura, como ser: charlas, cursos, talleres y exposiciones, muchas de ellas integradas por destacados artistas como: ENRIQUE BRECCIA, ARIEL OLIVETTI, SOLANO L\u00d3PEZ, ROBIN WOOD, CIRUELO, EDUARDO RISSO, DOMINGO MANDRAFINA, CARLOS NINE, HORACIO ALTUNA, entre tantos otros\u2026<br \/>PEDRO SANNA<br \/>Naci\u00f3 en Mar del Plata, Pcia de Buenos Aires (Argentina) el 27 marzo de 1965. Curs\u00f3 en la \u201cEscuela de Artes Visuales Mart\u00edn Malharro\u201d de la ciudad de Mar del Plata. Su carrera profesional como dibujante, ilustrador y dise\u00f1ador gr\u00e1fico comienza en 1981. Dict\u00f3 seminarios de dibujo e historieta y trabaj\u00f3 como caricaturista para importantes empresas. Como dibujante public\u00f3 en diferentes medios gr\u00e1ficos, diarios y revistas. En el 2007 edit\u00f3 su primer libro de historietas \u201cLe\u00f3n Sardo\u201d. Fue ganador del Primer Premio del \u201cConcurso Nacional de Historietas Hora Fierro\u201d de la revista Fierro (Argentina) en 2008. Obtuvo menciones en el \u201cConcurso Nacional de Historieta Fontanarrosa de Rosario\u201d (Argentina) en los a\u00f1os 2008 y 2010. Fue co-editor de la revista infantil \u201cHora Libre\u201d. Expuso en innumerables muestras colectivas de historieta e ilustraci\u00f3n. Actualmente trabaja como ilustrador y dise\u00f1ador para diferentes marcas de indumentarias.<br \/>CARLOS RAZETTO<br \/>Naci\u00f3 el 29 de septiembre de 1970 en la Pcia de Buenos Aires (Argentina). Tom\u00f3 clases con Enrique Breccia, Ariel Olivetti e Ignacio No\u00e9. Curs\u00f3 en la \u201cEscuela de Artes Visuales Mart\u00edn Malharro\u201d de la ciudad de Mar del Plata (Argentina). Expuso sus obras en varias muestras colectivas. Obtuvo los siguientes premios: Mejor Dibujo y Mejor Historieta Integral en la \u201cII Bienal de Arte Joven\u201d de la ciudad de Mar del Plata. Menci\u00f3n Humor Gr\u00e1fico \u201cIII Bienal de Arte Joven\u201d (MdP). Como ilustrador ha dise\u00f1ado varios videojuegos para la plataforma Android. Desde 1998 se dedica a la docencia en dibujo e ilustraci\u00f3n.<br \/>La editorial<\/p>\n<p>[\/et_pb_tab][et_pb_tab title=\u00bbBibliograf\u00eda\u00bb _builder_version=\u00bb4.20.2&#8243; _module_preset=\u00bbdefault\u00bb global_colors_info=\u00bb{}\u00bb][\/et_pb_tab][\/et_pb_tabs][et_pb_wc_title _builder_version=\u00bb4.20.2&#8243; header_font=\u00bb|600|||||||\u00bb header_text_color=\u00bb#0C71C3&#8243; header_font_size=\u00bb25px\u00bb custom_margin=\u00bb0px|0px|0px|0px|true|true\u00bb custom_padding=\u00bb0px|0px|0px|0px|true|true\u00bb global_colors_info=\u00bb{}\u00bb][\/et_pb_wc_title][\/et_pb_column][\/et_pb_row][\/et_pb_section][et_pb_section fb_built=\u00bb1&#8243; _builder_version=\u00bb4.20.2&#8243; _module_preset=\u00bbdefault\u00bb global_colors_info=\u00bb{}\u00bb][\/et_pb_section][et_pb_section fb_built=\u00bb1&#8243; _builder_version=\u00bb4.20.2&#8243; _module_preset=\u00bbdefault\u00bb global_colors_info=\u00bb{}\u00bb][\/et_pb_section]<\/p>\n","protected":false},"excerpt":{"rendered":"<p>Aprende a dibujar c\u00f3mic #15 Dibujando y haciendo historieta, Castellano, Dolmen, Espa\u00f1a, Claudio Herrera, Pedro Sanna, Carlos Razetto, 2018<\/p>\n","protected":false},"featured_media":2475,"template":"","meta":{"_et_pb_use_builder":"on","_et_pb_old_content":"","_et_gb_content_width":"","_monsterinsights_skip_tracking":false,"_monsterinsights_sitenote_active":false,"_monsterinsights_sitenote_note":"","_monsterinsights_sitenote_category":0},"product_brand":[],"product_cat":[32],"product_tag":[],"class_list":{"0":"post-2474","1":"product","2":"type-product","3":"status-publish","4":"has-post-thumbnail","6":"product_cat-didactica","8":"first","9":"instock","10":"shipping-taxable","11":"product-type-simple"},"yoast_head":"<!-- This site is optimized with the Yoast SEO plugin v27.2 - https:\/\/yoast.com\/product\/yoast-seo-wordpress\/ -->\n<title>Aprende a dibujar c\u00f3mic. Dibujando y haciendo historieta<\/title>\n<meta name=\"robots\" content=\"index, follow, max-snippet:-1, max-image-preview:large, max-video-preview:-1\" \/>\n<link rel=\"canonical\" href=\"https:\/\/www.historieta.es\/?product=aprende-a-dibujar-comic-dibujando-y-haciendo-historieta\" \/>\n<meta property=\"og:locale\" content=\"es_ES\" \/>\n<meta property=\"og:type\" content=\"article\" \/>\n<meta property=\"og:title\" content=\"Aprende a dibujar c\u00f3mic. Dibujando y haciendo historieta\" \/>\n<meta property=\"og:description\" content=\"Aprende a dibujar c\u00f3mic #15 Dibujando y haciendo historieta, Castellano, Dolmen, Espa\u00f1a, Claudio Herrera, Pedro Sanna, Carlos Razetto, 2018\" \/>\n<meta property=\"og:url\" content=\"https:\/\/www.historieta.es\/?product=aprende-a-dibujar-comic-dibujando-y-haciendo-historieta\" \/>\n<meta property=\"og:site_name\" content=\"historieta\" \/>\n<meta property=\"article:modified_time\" content=\"2024-03-03T08:56:04+00:00\" \/>\n<meta property=\"og:image\" content=\"https:\/\/www.historieta.es\/wp-content\/uploads\/2023\/05\/Aprende-a-dibujar-comic-15-Dibujando-y-haciendo-historieta.png\" \/>\n\t<meta property=\"og:image:width\" content=\"600\" \/>\n\t<meta property=\"og:image:height\" content=\"600\" \/>\n\t<meta property=\"og:image:type\" content=\"image\/png\" \/>\n<meta name=\"twitter:card\" content=\"summary_large_image\" \/>\n<meta name=\"twitter:label1\" content=\"Tiempo de lectura\" \/>\n\t<meta name=\"twitter:data1\" content=\"3 minutos\" \/>\n<script type=\"application\/ld+json\" class=\"yoast-schema-graph\">{\"@context\":\"https:\/\/schema.org\",\"@graph\":[{\"@type\":\"WebPage\",\"@id\":\"https:\/\/www.historieta.es\/?product=aprende-a-dibujar-comic-dibujando-y-haciendo-historieta\",\"url\":\"https:\/\/www.historieta.es\/?product=aprende-a-dibujar-comic-dibujando-y-haciendo-historieta\",\"name\":\"Aprende a dibujar c\u00f3mic. Dibujando y haciendo historieta\",\"isPartOf\":{\"@id\":\"https:\/\/www.historieta.es\/#website\"},\"primaryImageOfPage\":{\"@id\":\"https:\/\/www.historieta.es\/?product=aprende-a-dibujar-comic-dibujando-y-haciendo-historieta#primaryimage\"},\"image\":{\"@id\":\"https:\/\/www.historieta.es\/?product=aprende-a-dibujar-comic-dibujando-y-haciendo-historieta#primaryimage\"},\"thumbnailUrl\":\"https:\/\/www.historieta.es\/wp-content\/uploads\/2023\/05\/Aprende-a-dibujar-comic-15-Dibujando-y-haciendo-historieta.png\",\"datePublished\":\"2023-05-15T20:20:47+00:00\",\"dateModified\":\"2024-03-03T08:56:04+00:00\",\"breadcrumb\":{\"@id\":\"https:\/\/www.historieta.es\/?product=aprende-a-dibujar-comic-dibujando-y-haciendo-historieta#breadcrumb\"},\"inLanguage\":\"es\",\"potentialAction\":[{\"@type\":\"ReadAction\",\"target\":[\"https:\/\/www.historieta.es\/?product=aprende-a-dibujar-comic-dibujando-y-haciendo-historieta\"]}]},{\"@type\":\"ImageObject\",\"inLanguage\":\"es\",\"@id\":\"https:\/\/www.historieta.es\/?product=aprende-a-dibujar-comic-dibujando-y-haciendo-historieta#primaryimage\",\"url\":\"https:\/\/www.historieta.es\/wp-content\/uploads\/2023\/05\/Aprende-a-dibujar-comic-15-Dibujando-y-haciendo-historieta.png\",\"contentUrl\":\"https:\/\/www.historieta.es\/wp-content\/uploads\/2023\/05\/Aprende-a-dibujar-comic-15-Dibujando-y-haciendo-historieta.png\",\"width\":600,\"height\":600},{\"@type\":\"BreadcrumbList\",\"@id\":\"https:\/\/www.historieta.es\/?product=aprende-a-dibujar-comic-dibujando-y-haciendo-historieta#breadcrumb\",\"itemListElement\":[{\"@type\":\"ListItem\",\"position\":1,\"name\":\"Portada\",\"item\":\"https:\/\/www.historieta.es\/\"},{\"@type\":\"ListItem\",\"position\":2,\"name\":\"Productos\",\"item\":\"https:\/\/www.historieta.es\/?post_type=product\"},{\"@type\":\"ListItem\",\"position\":3,\"name\":\"Aprende a dibujar c\u00f3mic. Dibujando y haciendo historieta\"}]},{\"@type\":\"WebSite\",\"@id\":\"https:\/\/www.historieta.es\/#website\",\"url\":\"https:\/\/www.historieta.es\/\",\"name\":\"historieta\",\"description\":\"sitio de comic\",\"potentialAction\":[{\"@type\":\"SearchAction\",\"target\":{\"@type\":\"EntryPoint\",\"urlTemplate\":\"https:\/\/www.historieta.es\/?s={search_term_string}\"},\"query-input\":{\"@type\":\"PropertyValueSpecification\",\"valueRequired\":true,\"valueName\":\"search_term_string\"}}],\"inLanguage\":\"es\"}]}<\/script>\n<!-- \/ Yoast SEO plugin. -->","yoast_head_json":{"title":"Aprende a dibujar c\u00f3mic. Dibujando y haciendo historieta","robots":{"index":"index","follow":"follow","max-snippet":"max-snippet:-1","max-image-preview":"max-image-preview:large","max-video-preview":"max-video-preview:-1"},"canonical":"https:\/\/www.historieta.es\/?product=aprende-a-dibujar-comic-dibujando-y-haciendo-historieta","og_locale":"es_ES","og_type":"article","og_title":"Aprende a dibujar c\u00f3mic. Dibujando y haciendo historieta","og_description":"Aprende a dibujar c\u00f3mic #15 Dibujando y haciendo historieta, Castellano, Dolmen, Espa\u00f1a, Claudio Herrera, Pedro Sanna, Carlos Razetto, 2018","og_url":"https:\/\/www.historieta.es\/?product=aprende-a-dibujar-comic-dibujando-y-haciendo-historieta","og_site_name":"historieta","article_modified_time":"2024-03-03T08:56:04+00:00","og_image":[{"width":600,"height":600,"url":"https:\/\/www.historieta.es\/wp-content\/uploads\/2023\/05\/Aprende-a-dibujar-comic-15-Dibujando-y-haciendo-historieta.png","type":"image\/png"}],"twitter_card":"summary_large_image","twitter_misc":{"Tiempo de lectura":"3 minutos"},"schema":{"@context":"https:\/\/schema.org","@graph":[{"@type":"WebPage","@id":"https:\/\/www.historieta.es\/?product=aprende-a-dibujar-comic-dibujando-y-haciendo-historieta","url":"https:\/\/www.historieta.es\/?product=aprende-a-dibujar-comic-dibujando-y-haciendo-historieta","name":"Aprende a dibujar c\u00f3mic. Dibujando y haciendo historieta","isPartOf":{"@id":"https:\/\/www.historieta.es\/#website"},"primaryImageOfPage":{"@id":"https:\/\/www.historieta.es\/?product=aprende-a-dibujar-comic-dibujando-y-haciendo-historieta#primaryimage"},"image":{"@id":"https:\/\/www.historieta.es\/?product=aprende-a-dibujar-comic-dibujando-y-haciendo-historieta#primaryimage"},"thumbnailUrl":"https:\/\/www.historieta.es\/wp-content\/uploads\/2023\/05\/Aprende-a-dibujar-comic-15-Dibujando-y-haciendo-historieta.png","datePublished":"2023-05-15T20:20:47+00:00","dateModified":"2024-03-03T08:56:04+00:00","breadcrumb":{"@id":"https:\/\/www.historieta.es\/?product=aprende-a-dibujar-comic-dibujando-y-haciendo-historieta#breadcrumb"},"inLanguage":"es","potentialAction":[{"@type":"ReadAction","target":["https:\/\/www.historieta.es\/?product=aprende-a-dibujar-comic-dibujando-y-haciendo-historieta"]}]},{"@type":"ImageObject","inLanguage":"es","@id":"https:\/\/www.historieta.es\/?product=aprende-a-dibujar-comic-dibujando-y-haciendo-historieta#primaryimage","url":"https:\/\/www.historieta.es\/wp-content\/uploads\/2023\/05\/Aprende-a-dibujar-comic-15-Dibujando-y-haciendo-historieta.png","contentUrl":"https:\/\/www.historieta.es\/wp-content\/uploads\/2023\/05\/Aprende-a-dibujar-comic-15-Dibujando-y-haciendo-historieta.png","width":600,"height":600},{"@type":"BreadcrumbList","@id":"https:\/\/www.historieta.es\/?product=aprende-a-dibujar-comic-dibujando-y-haciendo-historieta#breadcrumb","itemListElement":[{"@type":"ListItem","position":1,"name":"Portada","item":"https:\/\/www.historieta.es\/"},{"@type":"ListItem","position":2,"name":"Productos","item":"https:\/\/www.historieta.es\/?post_type=product"},{"@type":"ListItem","position":3,"name":"Aprende a dibujar c\u00f3mic. Dibujando y haciendo historieta"}]},{"@type":"WebSite","@id":"https:\/\/www.historieta.es\/#website","url":"https:\/\/www.historieta.es\/","name":"historieta","description":"sitio de comic","potentialAction":[{"@type":"SearchAction","target":{"@type":"EntryPoint","urlTemplate":"https:\/\/www.historieta.es\/?s={search_term_string}"},"query-input":{"@type":"PropertyValueSpecification","valueRequired":true,"valueName":"search_term_string"}}],"inLanguage":"es"}]}},"_links":{"self":[{"href":"https:\/\/www.historieta.es\/index.php?rest_route=\/wp\/v2\/product\/2474","targetHints":{"allow":["GET"]}}],"collection":[{"href":"https:\/\/www.historieta.es\/index.php?rest_route=\/wp\/v2\/product"}],"about":[{"href":"https:\/\/www.historieta.es\/index.php?rest_route=\/wp\/v2\/types\/product"}],"wp:featuredmedia":[{"embeddable":true,"href":"https:\/\/www.historieta.es\/index.php?rest_route=\/wp\/v2\/media\/2475"}],"wp:attachment":[{"href":"https:\/\/www.historieta.es\/index.php?rest_route=%2Fwp%2Fv2%2Fmedia&parent=2474"}],"wp:term":[{"taxonomy":"product_brand","embeddable":true,"href":"https:\/\/www.historieta.es\/index.php?rest_route=%2Fwp%2Fv2%2Fproduct_brand&post=2474"},{"taxonomy":"product_cat","embeddable":true,"href":"https:\/\/www.historieta.es\/index.php?rest_route=%2Fwp%2Fv2%2Fproduct_cat&post=2474"},{"taxonomy":"product_tag","embeddable":true,"href":"https:\/\/www.historieta.es\/index.php?rest_route=%2Fwp%2Fv2%2Fproduct_tag&post=2474"}],"curies":[{"name":"wp","href":"https:\/\/api.w.org\/{rel}","templated":true}]}}