{"id":2471,"date":"2023-05-15T20:16:17","date_gmt":"2023-05-15T20:16:17","guid":{"rendered":"https:\/\/www.historieta.es\/?post_type=product&#038;p=2471"},"modified":"2024-03-03T08:55:51","modified_gmt":"2024-03-03T08:55:51","slug":"aprende-a-dibujar-comic-hermosas-mujeres","status":"publish","type":"product","link":"https:\/\/www.historieta.es\/?product=aprende-a-dibujar-comic-hermosas-mujeres","title":{"rendered":"Aprende a dibujar c\u00f3mic. Hermosas mujeres"},"content":{"rendered":"<p>[et_pb_section fb_built=\u00bb1&#8243; _builder_version=\u00bb4.20.2&#8243; custom_margin=\u00bb-44px|0px|-44px|0px|true|true\u00bb custom_padding=\u00bb0px|0px|0px|0px|true|true\u00bb collapsed=\u00bboff\u00bb global_colors_info=\u00bb{}\u00bb][et_pb_row column_structure=\u00bb2_5,3_5&#8243; _builder_version=\u00bb4.20.2&#8243; background_size=\u00bbinitial\u00bb background_position=\u00bbtop_left\u00bb background_repeat=\u00bbrepeat\u00bb width=\u00bb100%\u00bb custom_margin=\u00bb0px|0px|0px|0px|true|true\u00bb custom_padding=\u00bb0px|0px|0px|0px|true|true\u00bb global_colors_info=\u00bb{}\u00bb][et_pb_column type=\u00bb2_5&#8243; _builder_version=\u00bb4.16&#8243; custom_padding=\u00bb|||\u00bb global_colors_info=\u00bb{}\u00bb custom_padding__hover=\u00bb|||\u00bb][et_pb_wc_images _builder_version=\u00bb4.20.2&#8243; box_shadow_style=\u00bbpreset1&#8243; global_colors_info=\u00bb{}\u00bb][\/et_pb_wc_images][\/et_pb_column][et_pb_column type=\u00bb3_5&#8243; _builder_version=\u00bb4.20.2&#8243; _module_preset=\u00bbdefault\u00bb global_colors_info=\u00bb{}\u00bb][et_pb_tabs _builder_version=\u00bb4.20.2&#8243; _module_preset=\u00bbdefault\u00bb global_colors_info=\u00bb{}\u00bb][et_pb_tab title=\u00bbDatos\u00bb _builder_version=\u00bb4.20.2&#8243; _module_preset=\u00bbdefault\u00bb global_colors_info=\u00bb{}\u00bb]<\/p>\n<p>Autor: Frank Cho<\/p>\n<p>Editorial: Dolmen<\/p>\n<p>Ciudad: Palma de Mallorca<\/p>\n<p>Pa\u00eds: Espa\u00f1a<\/p>\n<p>Tama\u00f1o: 18&#215;26<\/p>\n<p>P\u00e1ginas: 136<\/p>\n<p>A\u00f1o: 2017<\/p>\n<p>Dep\u00f3sito legal:<\/p>\n<p>ISBN: 978-8416961566<\/p>\n<p><strong>IDIOMA: Castellano<br \/><\/strong><\/p>\n<p>[\/et_pb_tab][et_pb_tab title=\u00bbDescripci\u00f3n\u00bb _builder_version=\u00bb4.20.2&#8243; _module_preset=\u00bbdefault\u00bb global_colors_info=\u00bb{}\u00bb]<\/p>\n<p>Aqu\u00ed no queda nada por explorar, pues Hermosas Mujeres por FRANK CHO empieza con demostraciones de c\u00f3mo dibujar la anatom\u00eda b\u00e1sica, incluyendo el cuerpo, las piernas, los brazos y las manos, y mucho m\u00e1s, mediante procedimientos claros y paso a paso. Cho sigue luego explorando las figuras en movimiento, empleando tinta, bol\u00edgrafo, pintura y acuarelas, al tiempo que facilita respuestas visuales a las m\u00e1s dif\u00edciles preguntas del artista. Se incluyen numerosos ejemplos, desde bocetos a arte terminado, as\u00ed como \u00fatiles consejos. Y el proceso para crear la pintura de la portada es revelado en detalle. Tambi\u00e9n se incluyen fotograf\u00edas de Frank trabajando en su estudio.<br \/>Un cap\u00edtulo sobre la narrativa es potenciado por una in\u00e9dita historieta, de once p\u00e1ginas, presentando al personaje de Cho La Reina de la Jungla. La mayor\u00eda del arte aqu\u00ed contenido ha sido creado especialmente para este libro y Hermosas Mujeres por FRANK CHO cuenta con el aliciente del ingenio y talento para el entretenimiento del autor, que va inyectando su humor a lo largo del libro para que el lector tenga una experiencia divertida e interesante.<br \/>La editorial<\/p>\n<p>[\/et_pb_tab][et_pb_tab title=\u00bbBibliograf\u00eda\u00bb _builder_version=\u00bb4.20.2&#8243; _module_preset=\u00bbdefault\u00bb global_colors_info=\u00bb{}\u00bb][\/et_pb_tab][\/et_pb_tabs][et_pb_wc_title _builder_version=\u00bb4.20.2&#8243; header_font=\u00bb|600|||||||\u00bb header_text_color=\u00bb#0C71C3&#8243; header_font_size=\u00bb25px\u00bb custom_margin=\u00bb0px|0px|0px|0px|true|true\u00bb custom_padding=\u00bb0px|0px|0px|0px|true|true\u00bb global_colors_info=\u00bb{}\u00bb][\/et_pb_wc_title][\/et_pb_column][\/et_pb_row][\/et_pb_section][et_pb_section fb_built=\u00bb1&#8243; _builder_version=\u00bb4.20.2&#8243; _module_preset=\u00bbdefault\u00bb global_colors_info=\u00bb{}\u00bb][\/et_pb_section][et_pb_section fb_built=\u00bb1&#8243; _builder_version=\u00bb4.20.2&#8243; _module_preset=\u00bbdefault\u00bb global_colors_info=\u00bb{}\u00bb][\/et_pb_section]<\/p>\n","protected":false},"excerpt":{"rendered":"<p>Aprende a dibujar c\u00f3mic #14 Hermosas mujeres, Castellano, Dolmen, Espa\u00f1a, Frank Cho, 2017<\/p>\n","protected":false},"featured_media":2472,"template":"","meta":{"_et_pb_use_builder":"on","_et_pb_old_content":"","_et_gb_content_width":"","_monsterinsights_skip_tracking":false,"_monsterinsights_sitenote_active":false,"_monsterinsights_sitenote_note":"","_monsterinsights_sitenote_category":0},"product_brand":[],"product_cat":[32],"product_tag":[],"class_list":{"0":"post-2471","1":"product","2":"type-product","3":"status-publish","4":"has-post-thumbnail","6":"product_cat-didactica","8":"first","9":"instock","10":"shipping-taxable","11":"product-type-simple"},"yoast_head":"<!-- This site is optimized with the Yoast SEO plugin v27.2 - https:\/\/yoast.com\/product\/yoast-seo-wordpress\/ -->\n<title>Aprende a dibujar c\u00f3mic. Hermosas mujeres<\/title>\n<meta name=\"robots\" content=\"index, follow, max-snippet:-1, max-image-preview:large, max-video-preview:-1\" \/>\n<link rel=\"canonical\" href=\"https:\/\/www.historieta.es\/?product=aprende-a-dibujar-comic-hermosas-mujeres\" \/>\n<meta property=\"og:locale\" content=\"es_ES\" \/>\n<meta property=\"og:type\" content=\"article\" \/>\n<meta property=\"og:title\" content=\"Aprende a dibujar c\u00f3mic. Hermosas mujeres\" \/>\n<meta property=\"og:description\" content=\"Aprende a dibujar c\u00f3mic #14 Hermosas mujeres, Castellano, Dolmen, Espa\u00f1a, Frank Cho, 2017\" \/>\n<meta property=\"og:url\" content=\"https:\/\/www.historieta.es\/?product=aprende-a-dibujar-comic-hermosas-mujeres\" \/>\n<meta property=\"og:site_name\" content=\"historieta\" \/>\n<meta property=\"article:modified_time\" content=\"2024-03-03T08:55:51+00:00\" \/>\n<meta property=\"og:image\" content=\"https:\/\/www.historieta.es\/wp-content\/uploads\/2023\/05\/Aprende-a-dibujar-comic-14-Hermosas-mujeres.png\" \/>\n\t<meta property=\"og:image:width\" content=\"600\" \/>\n\t<meta property=\"og:image:height\" content=\"600\" \/>\n\t<meta property=\"og:image:type\" content=\"image\/png\" \/>\n<meta name=\"twitter:card\" content=\"summary_large_image\" \/>\n<meta name=\"twitter:label1\" content=\"Tiempo de lectura\" \/>\n\t<meta name=\"twitter:data1\" content=\"2 minutos\" \/>\n<script type=\"application\/ld+json\" class=\"yoast-schema-graph\">{\"@context\":\"https:\/\/schema.org\",\"@graph\":[{\"@type\":\"WebPage\",\"@id\":\"https:\/\/www.historieta.es\/?product=aprende-a-dibujar-comic-hermosas-mujeres\",\"url\":\"https:\/\/www.historieta.es\/?product=aprende-a-dibujar-comic-hermosas-mujeres\",\"name\":\"Aprende a dibujar c\u00f3mic. Hermosas mujeres\",\"isPartOf\":{\"@id\":\"https:\/\/www.historieta.es\/#website\"},\"primaryImageOfPage\":{\"@id\":\"https:\/\/www.historieta.es\/?product=aprende-a-dibujar-comic-hermosas-mujeres#primaryimage\"},\"image\":{\"@id\":\"https:\/\/www.historieta.es\/?product=aprende-a-dibujar-comic-hermosas-mujeres#primaryimage\"},\"thumbnailUrl\":\"https:\/\/www.historieta.es\/wp-content\/uploads\/2023\/05\/Aprende-a-dibujar-comic-14-Hermosas-mujeres.png\",\"datePublished\":\"2023-05-15T20:16:17+00:00\",\"dateModified\":\"2024-03-03T08:55:51+00:00\",\"breadcrumb\":{\"@id\":\"https:\/\/www.historieta.es\/?product=aprende-a-dibujar-comic-hermosas-mujeres#breadcrumb\"},\"inLanguage\":\"es\",\"potentialAction\":[{\"@type\":\"ReadAction\",\"target\":[\"https:\/\/www.historieta.es\/?product=aprende-a-dibujar-comic-hermosas-mujeres\"]}]},{\"@type\":\"ImageObject\",\"inLanguage\":\"es\",\"@id\":\"https:\/\/www.historieta.es\/?product=aprende-a-dibujar-comic-hermosas-mujeres#primaryimage\",\"url\":\"https:\/\/www.historieta.es\/wp-content\/uploads\/2023\/05\/Aprende-a-dibujar-comic-14-Hermosas-mujeres.png\",\"contentUrl\":\"https:\/\/www.historieta.es\/wp-content\/uploads\/2023\/05\/Aprende-a-dibujar-comic-14-Hermosas-mujeres.png\",\"width\":600,\"height\":600},{\"@type\":\"BreadcrumbList\",\"@id\":\"https:\/\/www.historieta.es\/?product=aprende-a-dibujar-comic-hermosas-mujeres#breadcrumb\",\"itemListElement\":[{\"@type\":\"ListItem\",\"position\":1,\"name\":\"Portada\",\"item\":\"https:\/\/www.historieta.es\/\"},{\"@type\":\"ListItem\",\"position\":2,\"name\":\"Productos\",\"item\":\"https:\/\/www.historieta.es\/?post_type=product\"},{\"@type\":\"ListItem\",\"position\":3,\"name\":\"Aprende a dibujar c\u00f3mic. Hermosas mujeres\"}]},{\"@type\":\"WebSite\",\"@id\":\"https:\/\/www.historieta.es\/#website\",\"url\":\"https:\/\/www.historieta.es\/\",\"name\":\"historieta\",\"description\":\"sitio de comic\",\"potentialAction\":[{\"@type\":\"SearchAction\",\"target\":{\"@type\":\"EntryPoint\",\"urlTemplate\":\"https:\/\/www.historieta.es\/?s={search_term_string}\"},\"query-input\":{\"@type\":\"PropertyValueSpecification\",\"valueRequired\":true,\"valueName\":\"search_term_string\"}}],\"inLanguage\":\"es\"}]}<\/script>\n<!-- \/ Yoast SEO plugin. -->","yoast_head_json":{"title":"Aprende a dibujar c\u00f3mic. Hermosas mujeres","robots":{"index":"index","follow":"follow","max-snippet":"max-snippet:-1","max-image-preview":"max-image-preview:large","max-video-preview":"max-video-preview:-1"},"canonical":"https:\/\/www.historieta.es\/?product=aprende-a-dibujar-comic-hermosas-mujeres","og_locale":"es_ES","og_type":"article","og_title":"Aprende a dibujar c\u00f3mic. Hermosas mujeres","og_description":"Aprende a dibujar c\u00f3mic #14 Hermosas mujeres, Castellano, Dolmen, Espa\u00f1a, Frank Cho, 2017","og_url":"https:\/\/www.historieta.es\/?product=aprende-a-dibujar-comic-hermosas-mujeres","og_site_name":"historieta","article_modified_time":"2024-03-03T08:55:51+00:00","og_image":[{"width":600,"height":600,"url":"https:\/\/www.historieta.es\/wp-content\/uploads\/2023\/05\/Aprende-a-dibujar-comic-14-Hermosas-mujeres.png","type":"image\/png"}],"twitter_card":"summary_large_image","twitter_misc":{"Tiempo de lectura":"2 minutos"},"schema":{"@context":"https:\/\/schema.org","@graph":[{"@type":"WebPage","@id":"https:\/\/www.historieta.es\/?product=aprende-a-dibujar-comic-hermosas-mujeres","url":"https:\/\/www.historieta.es\/?product=aprende-a-dibujar-comic-hermosas-mujeres","name":"Aprende a dibujar c\u00f3mic. Hermosas mujeres","isPartOf":{"@id":"https:\/\/www.historieta.es\/#website"},"primaryImageOfPage":{"@id":"https:\/\/www.historieta.es\/?product=aprende-a-dibujar-comic-hermosas-mujeres#primaryimage"},"image":{"@id":"https:\/\/www.historieta.es\/?product=aprende-a-dibujar-comic-hermosas-mujeres#primaryimage"},"thumbnailUrl":"https:\/\/www.historieta.es\/wp-content\/uploads\/2023\/05\/Aprende-a-dibujar-comic-14-Hermosas-mujeres.png","datePublished":"2023-05-15T20:16:17+00:00","dateModified":"2024-03-03T08:55:51+00:00","breadcrumb":{"@id":"https:\/\/www.historieta.es\/?product=aprende-a-dibujar-comic-hermosas-mujeres#breadcrumb"},"inLanguage":"es","potentialAction":[{"@type":"ReadAction","target":["https:\/\/www.historieta.es\/?product=aprende-a-dibujar-comic-hermosas-mujeres"]}]},{"@type":"ImageObject","inLanguage":"es","@id":"https:\/\/www.historieta.es\/?product=aprende-a-dibujar-comic-hermosas-mujeres#primaryimage","url":"https:\/\/www.historieta.es\/wp-content\/uploads\/2023\/05\/Aprende-a-dibujar-comic-14-Hermosas-mujeres.png","contentUrl":"https:\/\/www.historieta.es\/wp-content\/uploads\/2023\/05\/Aprende-a-dibujar-comic-14-Hermosas-mujeres.png","width":600,"height":600},{"@type":"BreadcrumbList","@id":"https:\/\/www.historieta.es\/?product=aprende-a-dibujar-comic-hermosas-mujeres#breadcrumb","itemListElement":[{"@type":"ListItem","position":1,"name":"Portada","item":"https:\/\/www.historieta.es\/"},{"@type":"ListItem","position":2,"name":"Productos","item":"https:\/\/www.historieta.es\/?post_type=product"},{"@type":"ListItem","position":3,"name":"Aprende a dibujar c\u00f3mic. Hermosas mujeres"}]},{"@type":"WebSite","@id":"https:\/\/www.historieta.es\/#website","url":"https:\/\/www.historieta.es\/","name":"historieta","description":"sitio de comic","potentialAction":[{"@type":"SearchAction","target":{"@type":"EntryPoint","urlTemplate":"https:\/\/www.historieta.es\/?s={search_term_string}"},"query-input":{"@type":"PropertyValueSpecification","valueRequired":true,"valueName":"search_term_string"}}],"inLanguage":"es"}]}},"_links":{"self":[{"href":"https:\/\/www.historieta.es\/index.php?rest_route=\/wp\/v2\/product\/2471","targetHints":{"allow":["GET"]}}],"collection":[{"href":"https:\/\/www.historieta.es\/index.php?rest_route=\/wp\/v2\/product"}],"about":[{"href":"https:\/\/www.historieta.es\/index.php?rest_route=\/wp\/v2\/types\/product"}],"wp:featuredmedia":[{"embeddable":true,"href":"https:\/\/www.historieta.es\/index.php?rest_route=\/wp\/v2\/media\/2472"}],"wp:attachment":[{"href":"https:\/\/www.historieta.es\/index.php?rest_route=%2Fwp%2Fv2%2Fmedia&parent=2471"}],"wp:term":[{"taxonomy":"product_brand","embeddable":true,"href":"https:\/\/www.historieta.es\/index.php?rest_route=%2Fwp%2Fv2%2Fproduct_brand&post=2471"},{"taxonomy":"product_cat","embeddable":true,"href":"https:\/\/www.historieta.es\/index.php?rest_route=%2Fwp%2Fv2%2Fproduct_cat&post=2471"},{"taxonomy":"product_tag","embeddable":true,"href":"https:\/\/www.historieta.es\/index.php?rest_route=%2Fwp%2Fv2%2Fproduct_tag&post=2471"}],"curies":[{"name":"wp","href":"https:\/\/api.w.org\/{rel}","templated":true}]}}