{"id":2443,"date":"2023-05-15T18:05:30","date_gmt":"2023-05-15T18:05:30","guid":{"rendered":"https:\/\/www.historieta.es\/?post_type=product&#038;p=2443"},"modified":"2024-03-03T08:37:03","modified_gmt":"2024-03-03T08:37:03","slug":"aprende-a-dibujar-comic-narrativa-y-portadas","status":"publish","type":"product","link":"https:\/\/www.historieta.es\/?product=aprende-a-dibujar-comic-narrativa-y-portadas","title":{"rendered":"Aprende a dibujar c\u00f3mic. Narrativa y portadas"},"content":{"rendered":"<p>[et_pb_section fb_built=\u00bb1&#8243; _builder_version=\u00bb4.20.2&#8243; custom_margin=\u00bb-44px|0px|-44px|0px|true|true\u00bb custom_padding=\u00bb0px|0px|0px|0px|true|true\u00bb collapsed=\u00bboff\u00bb global_colors_info=\u00bb{}\u00bb][et_pb_row column_structure=\u00bb2_5,3_5&#8243; _builder_version=\u00bb4.20.2&#8243; background_size=\u00bbinitial\u00bb background_position=\u00bbtop_left\u00bb background_repeat=\u00bbrepeat\u00bb width=\u00bb100%\u00bb custom_margin=\u00bb0px|0px|0px|0px|true|true\u00bb custom_padding=\u00bb0px|0px|0px|0px|true|true\u00bb global_colors_info=\u00bb{}\u00bb][et_pb_column type=\u00bb2_5&#8243; _builder_version=\u00bb4.16&#8243; custom_padding=\u00bb|||\u00bb global_colors_info=\u00bb{}\u00bb custom_padding__hover=\u00bb|||\u00bb][et_pb_wc_images _builder_version=\u00bb4.20.2&#8243; box_shadow_style=\u00bbpreset1&#8243; global_colors_info=\u00bb{}\u00bb][\/et_pb_wc_images][\/et_pb_column][et_pb_column type=\u00bb3_5&#8243; _builder_version=\u00bb4.20.2&#8243; _module_preset=\u00bbdefault\u00bb global_colors_info=\u00bb{}\u00bb][et_pb_tabs _builder_version=\u00bb4.20.2&#8243; _module_preset=\u00bbdefault\u00bb global_colors_info=\u00bb{}\u00bb][et_pb_tab title=\u00bbDatos\u00bb _builder_version=\u00bb4.20.2&#8243; _module_preset=\u00bbdefault\u00bb global_colors_info=\u00bb{}\u00bb]<\/p>\n<p>Autor: Gary Frank, Terry Dodson, Joe Quesada, Paul Smith, V\u00edctor Santos, Phil Hester, Kenny Ruiz<\/p>\n<p>Editorial: Dolmen<\/p>\n<p>Ciudad: Palma de Mallorca<\/p>\n<p>Pa\u00eds: Espa\u00f1a<\/p>\n<p>Tama\u00f1o: 18&#215;26<\/p>\n<p>P\u00e1ginas: 112<\/p>\n<p>A\u00f1o: 2008<\/p>\n<p>Dep\u00f3sito legal:<\/p>\n<p>ISBN: 978-8496706705<\/p>\n<p><strong>IDIOMA: Castellano<br \/><\/strong><\/p>\n<p>[\/et_pb_tab][et_pb_tab title=\u00bbDescripci\u00f3n\u00bb _builder_version=\u00bb4.20.2&#8243; _module_preset=\u00bbdefault\u00bb global_colors_info=\u00bb{}\u00bb]<\/p>\n<p>Este sexto volumen est\u00e1 centrado casi por completo en dos temas: composici\u00f3n y narrativa por un lado, y la creaci\u00f3n de portadas. Y es que \u00e9stos son los dos temas m\u00e1s solicitados por nuestros lectores desde que comenzamos con esta colecci\u00f3n ya que al parecer hay bastante inquietudes al respecto.<br \/>Y por si fuera poco, el libro se completa con una completa gu\u00eda de editoriales y concursos de c\u00f3mic de la mano de Koldo Azpitarte para todos aquellos que quieran trabajar como profesionales del medio. En dicha gu\u00eda se comentan las editoriales espa\u00f1olas m\u00e1s interesadas en trabajar con autores nacionales, la forma de trabajar con ellas y el modo en que quieren los trabajos. Adem\u00e1s, todo sobre los concursos de c\u00f3mic, los m\u00e1s destacados y la forma de participar en ellos.<br \/>La editorial<\/p>\n<p>[\/et_pb_tab][et_pb_tab title=\u00bbBibliograf\u00eda\u00bb _builder_version=\u00bb4.20.2&#8243; _module_preset=\u00bbdefault\u00bb global_colors_info=\u00bb{}\u00bb][\/et_pb_tab][\/et_pb_tabs][et_pb_wc_title _builder_version=\u00bb4.20.2&#8243; header_font=\u00bb|600|||||||\u00bb header_text_color=\u00bb#0C71C3&#8243; header_font_size=\u00bb25px\u00bb custom_margin=\u00bb0px|0px|0px|0px|true|true\u00bb custom_padding=\u00bb0px|0px|0px|0px|true|true\u00bb global_colors_info=\u00bb{}\u00bb][\/et_pb_wc_title][\/et_pb_column][\/et_pb_row][\/et_pb_section][et_pb_section fb_built=\u00bb1&#8243; _builder_version=\u00bb4.20.2&#8243; _module_preset=\u00bbdefault\u00bb global_colors_info=\u00bb{}\u00bb][\/et_pb_section][et_pb_section fb_built=\u00bb1&#8243; _builder_version=\u00bb4.20.2&#8243; _module_preset=\u00bbdefault\u00bb global_colors_info=\u00bb{}\u00bb][\/et_pb_section]<\/p>\n","protected":false},"excerpt":{"rendered":"<p>Aprende a dibujar c\u00f3mic #6 Narrativa y portadas, Castellano, Dolmen, Espa\u00f1a, Gary Frank, Terry Dodson, Joe Quesada, Paul Smith, V\u00edctor Santos, Phil Hester, Kenny Ruiz, 2008<\/p>\n","protected":false},"featured_media":2444,"template":"","meta":{"_et_pb_use_builder":"on","_et_pb_old_content":"","_et_gb_content_width":"","_monsterinsights_skip_tracking":false,"_monsterinsights_sitenote_active":false,"_monsterinsights_sitenote_note":"","_monsterinsights_sitenote_category":0},"product_brand":[],"product_cat":[32],"product_tag":[],"class_list":{"0":"post-2443","1":"product","2":"type-product","3":"status-publish","4":"has-post-thumbnail","6":"product_cat-didactica","8":"first","9":"instock","10":"shipping-taxable","11":"product-type-simple"},"yoast_head":"<!-- This site is optimized with the Yoast SEO plugin v27.2 - https:\/\/yoast.com\/product\/yoast-seo-wordpress\/ -->\n<title>Aprende a dibujar c\u00f3mic. Narrativa y portadas<\/title>\n<meta name=\"robots\" content=\"index, follow, max-snippet:-1, max-image-preview:large, max-video-preview:-1\" \/>\n<link rel=\"canonical\" href=\"https:\/\/www.historieta.es\/?product=aprende-a-dibujar-comic-narrativa-y-portadas\" \/>\n<meta property=\"og:locale\" content=\"es_ES\" \/>\n<meta property=\"og:type\" content=\"article\" \/>\n<meta property=\"og:title\" content=\"Aprende a dibujar c\u00f3mic. Narrativa y portadas\" \/>\n<meta property=\"og:description\" content=\"Aprende a dibujar c\u00f3mic #6 Narrativa y portadas, Castellano, Dolmen, Espa\u00f1a, Gary Frank, Terry Dodson, Joe Quesada, Paul Smith, V\u00edctor Santos, Phil Hester, Kenny Ruiz, 2008\" \/>\n<meta property=\"og:url\" content=\"https:\/\/www.historieta.es\/?product=aprende-a-dibujar-comic-narrativa-y-portadas\" \/>\n<meta property=\"og:site_name\" content=\"historieta\" \/>\n<meta property=\"article:modified_time\" content=\"2024-03-03T08:37:03+00:00\" \/>\n<meta property=\"og:image\" content=\"https:\/\/www.historieta.es\/wp-content\/uploads\/2023\/05\/Aprende-a-dibujar-comic-6.png\" \/>\n\t<meta property=\"og:image:width\" content=\"600\" \/>\n\t<meta property=\"og:image:height\" content=\"600\" \/>\n\t<meta property=\"og:image:type\" content=\"image\/png\" \/>\n<meta name=\"twitter:card\" content=\"summary_large_image\" \/>\n<meta name=\"twitter:label1\" content=\"Tiempo de lectura\" \/>\n\t<meta name=\"twitter:data1\" content=\"2 minutos\" \/>\n<script type=\"application\/ld+json\" class=\"yoast-schema-graph\">{\"@context\":\"https:\/\/schema.org\",\"@graph\":[{\"@type\":\"WebPage\",\"@id\":\"https:\/\/www.historieta.es\/?product=aprende-a-dibujar-comic-narrativa-y-portadas\",\"url\":\"https:\/\/www.historieta.es\/?product=aprende-a-dibujar-comic-narrativa-y-portadas\",\"name\":\"Aprende a dibujar c\u00f3mic. Narrativa y portadas\",\"isPartOf\":{\"@id\":\"https:\/\/www.historieta.es\/#website\"},\"primaryImageOfPage\":{\"@id\":\"https:\/\/www.historieta.es\/?product=aprende-a-dibujar-comic-narrativa-y-portadas#primaryimage\"},\"image\":{\"@id\":\"https:\/\/www.historieta.es\/?product=aprende-a-dibujar-comic-narrativa-y-portadas#primaryimage\"},\"thumbnailUrl\":\"https:\/\/www.historieta.es\/wp-content\/uploads\/2023\/05\/Aprende-a-dibujar-comic-6.png\",\"datePublished\":\"2023-05-15T18:05:30+00:00\",\"dateModified\":\"2024-03-03T08:37:03+00:00\",\"breadcrumb\":{\"@id\":\"https:\/\/www.historieta.es\/?product=aprende-a-dibujar-comic-narrativa-y-portadas#breadcrumb\"},\"inLanguage\":\"es\",\"potentialAction\":[{\"@type\":\"ReadAction\",\"target\":[\"https:\/\/www.historieta.es\/?product=aprende-a-dibujar-comic-narrativa-y-portadas\"]}]},{\"@type\":\"ImageObject\",\"inLanguage\":\"es\",\"@id\":\"https:\/\/www.historieta.es\/?product=aprende-a-dibujar-comic-narrativa-y-portadas#primaryimage\",\"url\":\"https:\/\/www.historieta.es\/wp-content\/uploads\/2023\/05\/Aprende-a-dibujar-comic-6.png\",\"contentUrl\":\"https:\/\/www.historieta.es\/wp-content\/uploads\/2023\/05\/Aprende-a-dibujar-comic-6.png\",\"width\":600,\"height\":600},{\"@type\":\"BreadcrumbList\",\"@id\":\"https:\/\/www.historieta.es\/?product=aprende-a-dibujar-comic-narrativa-y-portadas#breadcrumb\",\"itemListElement\":[{\"@type\":\"ListItem\",\"position\":1,\"name\":\"Portada\",\"item\":\"https:\/\/www.historieta.es\/\"},{\"@type\":\"ListItem\",\"position\":2,\"name\":\"Productos\",\"item\":\"https:\/\/www.historieta.es\/?post_type=product\"},{\"@type\":\"ListItem\",\"position\":3,\"name\":\"Aprende a dibujar c\u00f3mic. Narrativa y portadas\"}]},{\"@type\":\"WebSite\",\"@id\":\"https:\/\/www.historieta.es\/#website\",\"url\":\"https:\/\/www.historieta.es\/\",\"name\":\"historieta\",\"description\":\"sitio de comic\",\"potentialAction\":[{\"@type\":\"SearchAction\",\"target\":{\"@type\":\"EntryPoint\",\"urlTemplate\":\"https:\/\/www.historieta.es\/?s={search_term_string}\"},\"query-input\":{\"@type\":\"PropertyValueSpecification\",\"valueRequired\":true,\"valueName\":\"search_term_string\"}}],\"inLanguage\":\"es\"}]}<\/script>\n<!-- \/ Yoast SEO plugin. -->","yoast_head_json":{"title":"Aprende a dibujar c\u00f3mic. Narrativa y portadas","robots":{"index":"index","follow":"follow","max-snippet":"max-snippet:-1","max-image-preview":"max-image-preview:large","max-video-preview":"max-video-preview:-1"},"canonical":"https:\/\/www.historieta.es\/?product=aprende-a-dibujar-comic-narrativa-y-portadas","og_locale":"es_ES","og_type":"article","og_title":"Aprende a dibujar c\u00f3mic. Narrativa y portadas","og_description":"Aprende a dibujar c\u00f3mic #6 Narrativa y portadas, Castellano, Dolmen, Espa\u00f1a, Gary Frank, Terry Dodson, Joe Quesada, Paul Smith, V\u00edctor Santos, Phil Hester, Kenny Ruiz, 2008","og_url":"https:\/\/www.historieta.es\/?product=aprende-a-dibujar-comic-narrativa-y-portadas","og_site_name":"historieta","article_modified_time":"2024-03-03T08:37:03+00:00","og_image":[{"width":600,"height":600,"url":"https:\/\/www.historieta.es\/wp-content\/uploads\/2023\/05\/Aprende-a-dibujar-comic-6.png","type":"image\/png"}],"twitter_card":"summary_large_image","twitter_misc":{"Tiempo de lectura":"2 minutos"},"schema":{"@context":"https:\/\/schema.org","@graph":[{"@type":"WebPage","@id":"https:\/\/www.historieta.es\/?product=aprende-a-dibujar-comic-narrativa-y-portadas","url":"https:\/\/www.historieta.es\/?product=aprende-a-dibujar-comic-narrativa-y-portadas","name":"Aprende a dibujar c\u00f3mic. Narrativa y portadas","isPartOf":{"@id":"https:\/\/www.historieta.es\/#website"},"primaryImageOfPage":{"@id":"https:\/\/www.historieta.es\/?product=aprende-a-dibujar-comic-narrativa-y-portadas#primaryimage"},"image":{"@id":"https:\/\/www.historieta.es\/?product=aprende-a-dibujar-comic-narrativa-y-portadas#primaryimage"},"thumbnailUrl":"https:\/\/www.historieta.es\/wp-content\/uploads\/2023\/05\/Aprende-a-dibujar-comic-6.png","datePublished":"2023-05-15T18:05:30+00:00","dateModified":"2024-03-03T08:37:03+00:00","breadcrumb":{"@id":"https:\/\/www.historieta.es\/?product=aprende-a-dibujar-comic-narrativa-y-portadas#breadcrumb"},"inLanguage":"es","potentialAction":[{"@type":"ReadAction","target":["https:\/\/www.historieta.es\/?product=aprende-a-dibujar-comic-narrativa-y-portadas"]}]},{"@type":"ImageObject","inLanguage":"es","@id":"https:\/\/www.historieta.es\/?product=aprende-a-dibujar-comic-narrativa-y-portadas#primaryimage","url":"https:\/\/www.historieta.es\/wp-content\/uploads\/2023\/05\/Aprende-a-dibujar-comic-6.png","contentUrl":"https:\/\/www.historieta.es\/wp-content\/uploads\/2023\/05\/Aprende-a-dibujar-comic-6.png","width":600,"height":600},{"@type":"BreadcrumbList","@id":"https:\/\/www.historieta.es\/?product=aprende-a-dibujar-comic-narrativa-y-portadas#breadcrumb","itemListElement":[{"@type":"ListItem","position":1,"name":"Portada","item":"https:\/\/www.historieta.es\/"},{"@type":"ListItem","position":2,"name":"Productos","item":"https:\/\/www.historieta.es\/?post_type=product"},{"@type":"ListItem","position":3,"name":"Aprende a dibujar c\u00f3mic. Narrativa y portadas"}]},{"@type":"WebSite","@id":"https:\/\/www.historieta.es\/#website","url":"https:\/\/www.historieta.es\/","name":"historieta","description":"sitio de comic","potentialAction":[{"@type":"SearchAction","target":{"@type":"EntryPoint","urlTemplate":"https:\/\/www.historieta.es\/?s={search_term_string}"},"query-input":{"@type":"PropertyValueSpecification","valueRequired":true,"valueName":"search_term_string"}}],"inLanguage":"es"}]}},"_links":{"self":[{"href":"https:\/\/www.historieta.es\/index.php?rest_route=\/wp\/v2\/product\/2443","targetHints":{"allow":["GET"]}}],"collection":[{"href":"https:\/\/www.historieta.es\/index.php?rest_route=\/wp\/v2\/product"}],"about":[{"href":"https:\/\/www.historieta.es\/index.php?rest_route=\/wp\/v2\/types\/product"}],"wp:featuredmedia":[{"embeddable":true,"href":"https:\/\/www.historieta.es\/index.php?rest_route=\/wp\/v2\/media\/2444"}],"wp:attachment":[{"href":"https:\/\/www.historieta.es\/index.php?rest_route=%2Fwp%2Fv2%2Fmedia&parent=2443"}],"wp:term":[{"taxonomy":"product_brand","embeddable":true,"href":"https:\/\/www.historieta.es\/index.php?rest_route=%2Fwp%2Fv2%2Fproduct_brand&post=2443"},{"taxonomy":"product_cat","embeddable":true,"href":"https:\/\/www.historieta.es\/index.php?rest_route=%2Fwp%2Fv2%2Fproduct_cat&post=2443"},{"taxonomy":"product_tag","embeddable":true,"href":"https:\/\/www.historieta.es\/index.php?rest_route=%2Fwp%2Fv2%2Fproduct_tag&post=2443"}],"curies":[{"name":"wp","href":"https:\/\/api.w.org\/{rel}","templated":true}]}}