{"id":2368,"date":"2023-05-14T15:50:25","date_gmt":"2023-05-14T15:50:25","guid":{"rendered":"https:\/\/www.historieta.es\/?post_type=product&#038;p=2368"},"modified":"2023-12-31T09:35:43","modified_gmt":"2023-12-31T09:35:43","slug":"creacion-y-autoedicion-de-comics-desde-la-idea-hasta-el-libro-impreso","status":"publish","type":"product","link":"https:\/\/www.historieta.es\/?product=creacion-y-autoedicion-de-comics-desde-la-idea-hasta-el-libro-impreso","title":{"rendered":"Creaci\u00f3n y autoedici\u00f3n de c\u00f3mics. Desde la idea hasta el libro impreso"},"content":{"rendered":"<p>[et_pb_section fb_built=\u00bb1&#8243; _builder_version=\u00bb4.20.2&#8243; custom_margin=\u00bb-44px|0px|-44px|0px|true|true\u00bb custom_padding=\u00bb0px|0px|0px|0px|true|true\u00bb collapsed=\u00bboff\u00bb global_colors_info=\u00bb{}\u00bb][et_pb_row column_structure=\u00bb2_5,3_5&#8243; _builder_version=\u00bb4.20.2&#8243; background_size=\u00bbinitial\u00bb background_position=\u00bbtop_left\u00bb background_repeat=\u00bbrepeat\u00bb width=\u00bb100%\u00bb custom_margin=\u00bb0px|0px|0px|0px|true|true\u00bb custom_padding=\u00bb0px|0px|0px|0px|true|true\u00bb global_colors_info=\u00bb{}\u00bb][et_pb_column type=\u00bb2_5&#8243; _builder_version=\u00bb4.16&#8243; custom_padding=\u00bb|||\u00bb global_colors_info=\u00bb{}\u00bb custom_padding__hover=\u00bb|||\u00bb][et_pb_wc_images _builder_version=\u00bb4.20.2&#8243; box_shadow_style=\u00bbpreset1&#8243; global_colors_info=\u00bb{}\u00bb][\/et_pb_wc_images][\/et_pb_column][et_pb_column type=\u00bb3_5&#8243; _builder_version=\u00bb4.20.2&#8243; _module_preset=\u00bbdefault\u00bb global_colors_info=\u00bb{}\u00bb][et_pb_tabs _builder_version=\u00bb4.20.2&#8243; _module_preset=\u00bbdefault\u00bb global_colors_info=\u00bb{}\u00bb][et_pb_tab title=\u00bbDatos\u00bb _builder_version=\u00bb4.20.2&#8243; _module_preset=\u00bbdefault\u00bb global_colors_info=\u00bb{}\u00bb]<\/p>\n<p>Autor: Ram\u00f3n Chorques<\/p>\n<p>Editorial: Independently published<\/p>\n<p>Ciudad:<\/p>\n<p>Pa\u00eds: Espa\u00f1a<\/p>\n<p>Tama\u00f1o: 15,2&#215;22,8<\/p>\n<p>P\u00e1ginas: 108<\/p>\n<p>A\u00f1o: 2022<\/p>\n<p>Dep\u00f3sito legal:<\/p>\n<p>ISBN: 979-8362703691<\/p>\n<p><strong>IDIOMA: Castellano<br \/><\/strong><\/p>\n<p>[\/et_pb_tab][et_pb_tab title=\u00bbDescripci\u00f3n\u00bb _builder_version=\u00bb4.20.2&#8243; _module_preset=\u00bbdefault\u00bb global_colors_info=\u00bb{}\u00bb]<\/p>\n<p>En este libro veremos el proceso de creaci\u00f3n y autoedici\u00f3n de un c\u00f3mic.<br \/>Partiremos de una idea, escribiremos el gui\u00f3n, lo dividiremos en las p\u00e1ginas necesarias e ilustraremos nuestro propio c\u00f3mic. Finalmente, prepararemos el trabajo para imprenta y veremos qu\u00e9 formas de distribuci\u00f3n podemos usar.<br \/>No es imprescindible saber dibujar pero s\u00ed mantener una actitud creativa y abierta.<br \/>La idea de este libro parte de un curso que imparto a docentes en el que explico mi proceso de trabajo a la hora de autopublicar un c\u00f3mic.<br \/>\u00bfPorqu\u00e9 autopublicar? Las relaciones con editoriales, en mi caso, no han sido satisfactorias ni transparentes. Problemas con reediciones, calidad del papel o de la edici\u00f3n, incluso por las ganancias por cada libro, han hecho que naciera mi inter\u00e9s por la autoedici\u00f3n. Adem\u00e1s, mi profesi\u00f3n de dise\u00f1ador gr\u00e1fico me ha hecho conocer de primera mano las imprentas y los procesos de trabajo necesarios para preparar trabajos gr\u00e1ficos. Finalmente, la revoluci\u00f3n de la impresi\u00f3n por demanda y la impresi\u00f3n digital, hacen que la autopublicaci\u00f3n sea algo muy accesible para la mayor\u00eda de autores.<br \/>La editorial<br \/>Este libro se plantea como un proceso de creaci\u00f3n de un c\u00f3mic con ejercicios en cada cap\u00edtulo. De esta forma, teniendo una buena idea y siguiendo los pasos y ejercicios que te propongo en este libro, acabar\u00e1s teniendo en tus manos tu c\u00f3mic impreso. Lo que despu\u00e9s hagas con este libro ya es cosa tuya, puedes imprimirlo bajo demanda, invertir en una gran tirada, ir con \u00e9l a una editorial, etc.<br \/>Al final tendr\u00e1s un resumen con los pasos y ejercicios necesarios para crear tu c\u00f3mic para que puedas seguirlos sin tener que volver a leer todo el libro.<br \/>La editorial<\/p>\n<p>[\/et_pb_tab][et_pb_tab title=\u00bbBibliograf\u00eda\u00bb _builder_version=\u00bb4.20.2&#8243; _module_preset=\u00bbdefault\u00bb global_colors_info=\u00bb{}\u00bb][\/et_pb_tab][\/et_pb_tabs][et_pb_wc_title _builder_version=\u00bb4.20.2&#8243; header_font=\u00bb|600|||||||\u00bb header_text_color=\u00bb#0C71C3&#8243; header_font_size=\u00bb25px\u00bb custom_margin=\u00bb0px|0px|0px|0px|true|true\u00bb custom_padding=\u00bb0px|0px|0px|0px|true|true\u00bb global_colors_info=\u00bb{}\u00bb][\/et_pb_wc_title][\/et_pb_column][\/et_pb_row][\/et_pb_section][et_pb_section fb_built=\u00bb1&#8243; _builder_version=\u00bb4.20.2&#8243; _module_preset=\u00bbdefault\u00bb global_colors_info=\u00bb{}\u00bb][\/et_pb_section][et_pb_section fb_built=\u00bb1&#8243; _builder_version=\u00bb4.20.2&#8243; _module_preset=\u00bbdefault\u00bb global_colors_info=\u00bb{}\u00bb][\/et_pb_section]<\/p>\n","protected":false},"excerpt":{"rendered":"<p>Creaci\u00f3n y autoedici\u00f3n de c\u00f3mics. Desde la idea hasta el libro impreso, Espa\u00f1a, Castellano, Ram\u00f3n Chorques<\/p>\n","protected":false},"featured_media":2369,"template":"","meta":{"_et_pb_use_builder":"on","_et_pb_old_content":"","_et_gb_content_width":"","_monsterinsights_skip_tracking":false,"_monsterinsights_sitenote_active":false,"_monsterinsights_sitenote_note":"","_monsterinsights_sitenote_category":0},"product_brand":[],"product_cat":[31],"product_tag":[],"class_list":{"0":"post-2368","1":"product","2":"type-product","3":"status-publish","4":"has-post-thumbnail","6":"product_cat-libros","8":"first","9":"instock","10":"shipping-taxable","11":"product-type-simple"},"yoast_head":"<!-- This site is optimized with the Yoast SEO plugin v27.2 - https:\/\/yoast.com\/product\/yoast-seo-wordpress\/ -->\n<title>Creaci\u00f3n y autoedici\u00f3n de c\u00f3mics. Desde la idea hasta el libro impreso<\/title>\n<meta name=\"robots\" content=\"index, follow, max-snippet:-1, max-image-preview:large, max-video-preview:-1\" \/>\n<link rel=\"canonical\" href=\"https:\/\/www.historieta.es\/?product=creacion-y-autoedicion-de-comics-desde-la-idea-hasta-el-libro-impreso\" \/>\n<meta property=\"og:locale\" content=\"es_ES\" \/>\n<meta property=\"og:type\" content=\"article\" \/>\n<meta property=\"og:title\" content=\"Creaci\u00f3n y autoedici\u00f3n de c\u00f3mics. Desde la idea hasta el libro impreso\" \/>\n<meta property=\"og:description\" content=\"Creaci\u00f3n y autoedici\u00f3n de c\u00f3mics. Desde la idea hasta el libro impreso, Espa\u00f1a, Castellano, Ram\u00f3n Chorques\" \/>\n<meta property=\"og:url\" content=\"https:\/\/www.historieta.es\/?product=creacion-y-autoedicion-de-comics-desde-la-idea-hasta-el-libro-impreso\" \/>\n<meta property=\"og:site_name\" content=\"historieta\" \/>\n<meta property=\"article:modified_time\" content=\"2023-12-31T09:35:43+00:00\" \/>\n<meta property=\"og:image\" content=\"https:\/\/www.historieta.es\/wp-content\/uploads\/2023\/05\/Creacion-y-autoedicion-de-comics.png\" \/>\n\t<meta property=\"og:image:width\" content=\"600\" \/>\n\t<meta property=\"og:image:height\" content=\"600\" \/>\n\t<meta property=\"og:image:type\" content=\"image\/png\" \/>\n<meta name=\"twitter:card\" content=\"summary_large_image\" \/>\n<meta name=\"twitter:label1\" content=\"Tiempo de lectura\" \/>\n\t<meta name=\"twitter:data1\" content=\"2 minutos\" \/>\n<script type=\"application\/ld+json\" class=\"yoast-schema-graph\">{\"@context\":\"https:\/\/schema.org\",\"@graph\":[{\"@type\":\"WebPage\",\"@id\":\"https:\/\/www.historieta.es\/?product=creacion-y-autoedicion-de-comics-desde-la-idea-hasta-el-libro-impreso\",\"url\":\"https:\/\/www.historieta.es\/?product=creacion-y-autoedicion-de-comics-desde-la-idea-hasta-el-libro-impreso\",\"name\":\"Creaci\u00f3n y autoedici\u00f3n de c\u00f3mics. Desde la idea hasta el libro impreso\",\"isPartOf\":{\"@id\":\"https:\/\/www.historieta.es\/#website\"},\"primaryImageOfPage\":{\"@id\":\"https:\/\/www.historieta.es\/?product=creacion-y-autoedicion-de-comics-desde-la-idea-hasta-el-libro-impreso#primaryimage\"},\"image\":{\"@id\":\"https:\/\/www.historieta.es\/?product=creacion-y-autoedicion-de-comics-desde-la-idea-hasta-el-libro-impreso#primaryimage\"},\"thumbnailUrl\":\"https:\/\/www.historieta.es\/wp-content\/uploads\/2023\/05\/Creacion-y-autoedicion-de-comics.png\",\"datePublished\":\"2023-05-14T15:50:25+00:00\",\"dateModified\":\"2023-12-31T09:35:43+00:00\",\"breadcrumb\":{\"@id\":\"https:\/\/www.historieta.es\/?product=creacion-y-autoedicion-de-comics-desde-la-idea-hasta-el-libro-impreso#breadcrumb\"},\"inLanguage\":\"es\",\"potentialAction\":[{\"@type\":\"ReadAction\",\"target\":[\"https:\/\/www.historieta.es\/?product=creacion-y-autoedicion-de-comics-desde-la-idea-hasta-el-libro-impreso\"]}]},{\"@type\":\"ImageObject\",\"inLanguage\":\"es\",\"@id\":\"https:\/\/www.historieta.es\/?product=creacion-y-autoedicion-de-comics-desde-la-idea-hasta-el-libro-impreso#primaryimage\",\"url\":\"https:\/\/www.historieta.es\/wp-content\/uploads\/2023\/05\/Creacion-y-autoedicion-de-comics.png\",\"contentUrl\":\"https:\/\/www.historieta.es\/wp-content\/uploads\/2023\/05\/Creacion-y-autoedicion-de-comics.png\",\"width\":600,\"height\":600},{\"@type\":\"BreadcrumbList\",\"@id\":\"https:\/\/www.historieta.es\/?product=creacion-y-autoedicion-de-comics-desde-la-idea-hasta-el-libro-impreso#breadcrumb\",\"itemListElement\":[{\"@type\":\"ListItem\",\"position\":1,\"name\":\"Portada\",\"item\":\"https:\/\/www.historieta.es\/\"},{\"@type\":\"ListItem\",\"position\":2,\"name\":\"Productos\",\"item\":\"https:\/\/www.historieta.es\/?post_type=product\"},{\"@type\":\"ListItem\",\"position\":3,\"name\":\"Creaci\u00f3n y autoedici\u00f3n de c\u00f3mics. Desde la idea hasta el libro impreso\"}]},{\"@type\":\"WebSite\",\"@id\":\"https:\/\/www.historieta.es\/#website\",\"url\":\"https:\/\/www.historieta.es\/\",\"name\":\"historieta\",\"description\":\"sitio de comic\",\"potentialAction\":[{\"@type\":\"SearchAction\",\"target\":{\"@type\":\"EntryPoint\",\"urlTemplate\":\"https:\/\/www.historieta.es\/?s={search_term_string}\"},\"query-input\":{\"@type\":\"PropertyValueSpecification\",\"valueRequired\":true,\"valueName\":\"search_term_string\"}}],\"inLanguage\":\"es\"}]}<\/script>\n<!-- \/ Yoast SEO plugin. -->","yoast_head_json":{"title":"Creaci\u00f3n y autoedici\u00f3n de c\u00f3mics. Desde la idea hasta el libro impreso","robots":{"index":"index","follow":"follow","max-snippet":"max-snippet:-1","max-image-preview":"max-image-preview:large","max-video-preview":"max-video-preview:-1"},"canonical":"https:\/\/www.historieta.es\/?product=creacion-y-autoedicion-de-comics-desde-la-idea-hasta-el-libro-impreso","og_locale":"es_ES","og_type":"article","og_title":"Creaci\u00f3n y autoedici\u00f3n de c\u00f3mics. Desde la idea hasta el libro impreso","og_description":"Creaci\u00f3n y autoedici\u00f3n de c\u00f3mics. Desde la idea hasta el libro impreso, Espa\u00f1a, Castellano, Ram\u00f3n Chorques","og_url":"https:\/\/www.historieta.es\/?product=creacion-y-autoedicion-de-comics-desde-la-idea-hasta-el-libro-impreso","og_site_name":"historieta","article_modified_time":"2023-12-31T09:35:43+00:00","og_image":[{"width":600,"height":600,"url":"https:\/\/www.historieta.es\/wp-content\/uploads\/2023\/05\/Creacion-y-autoedicion-de-comics.png","type":"image\/png"}],"twitter_card":"summary_large_image","twitter_misc":{"Tiempo de lectura":"2 minutos"},"schema":{"@context":"https:\/\/schema.org","@graph":[{"@type":"WebPage","@id":"https:\/\/www.historieta.es\/?product=creacion-y-autoedicion-de-comics-desde-la-idea-hasta-el-libro-impreso","url":"https:\/\/www.historieta.es\/?product=creacion-y-autoedicion-de-comics-desde-la-idea-hasta-el-libro-impreso","name":"Creaci\u00f3n y autoedici\u00f3n de c\u00f3mics. Desde la idea hasta el libro impreso","isPartOf":{"@id":"https:\/\/www.historieta.es\/#website"},"primaryImageOfPage":{"@id":"https:\/\/www.historieta.es\/?product=creacion-y-autoedicion-de-comics-desde-la-idea-hasta-el-libro-impreso#primaryimage"},"image":{"@id":"https:\/\/www.historieta.es\/?product=creacion-y-autoedicion-de-comics-desde-la-idea-hasta-el-libro-impreso#primaryimage"},"thumbnailUrl":"https:\/\/www.historieta.es\/wp-content\/uploads\/2023\/05\/Creacion-y-autoedicion-de-comics.png","datePublished":"2023-05-14T15:50:25+00:00","dateModified":"2023-12-31T09:35:43+00:00","breadcrumb":{"@id":"https:\/\/www.historieta.es\/?product=creacion-y-autoedicion-de-comics-desde-la-idea-hasta-el-libro-impreso#breadcrumb"},"inLanguage":"es","potentialAction":[{"@type":"ReadAction","target":["https:\/\/www.historieta.es\/?product=creacion-y-autoedicion-de-comics-desde-la-idea-hasta-el-libro-impreso"]}]},{"@type":"ImageObject","inLanguage":"es","@id":"https:\/\/www.historieta.es\/?product=creacion-y-autoedicion-de-comics-desde-la-idea-hasta-el-libro-impreso#primaryimage","url":"https:\/\/www.historieta.es\/wp-content\/uploads\/2023\/05\/Creacion-y-autoedicion-de-comics.png","contentUrl":"https:\/\/www.historieta.es\/wp-content\/uploads\/2023\/05\/Creacion-y-autoedicion-de-comics.png","width":600,"height":600},{"@type":"BreadcrumbList","@id":"https:\/\/www.historieta.es\/?product=creacion-y-autoedicion-de-comics-desde-la-idea-hasta-el-libro-impreso#breadcrumb","itemListElement":[{"@type":"ListItem","position":1,"name":"Portada","item":"https:\/\/www.historieta.es\/"},{"@type":"ListItem","position":2,"name":"Productos","item":"https:\/\/www.historieta.es\/?post_type=product"},{"@type":"ListItem","position":3,"name":"Creaci\u00f3n y autoedici\u00f3n de c\u00f3mics. Desde la idea hasta el libro impreso"}]},{"@type":"WebSite","@id":"https:\/\/www.historieta.es\/#website","url":"https:\/\/www.historieta.es\/","name":"historieta","description":"sitio de comic","potentialAction":[{"@type":"SearchAction","target":{"@type":"EntryPoint","urlTemplate":"https:\/\/www.historieta.es\/?s={search_term_string}"},"query-input":{"@type":"PropertyValueSpecification","valueRequired":true,"valueName":"search_term_string"}}],"inLanguage":"es"}]}},"_links":{"self":[{"href":"https:\/\/www.historieta.es\/index.php?rest_route=\/wp\/v2\/product\/2368","targetHints":{"allow":["GET"]}}],"collection":[{"href":"https:\/\/www.historieta.es\/index.php?rest_route=\/wp\/v2\/product"}],"about":[{"href":"https:\/\/www.historieta.es\/index.php?rest_route=\/wp\/v2\/types\/product"}],"wp:featuredmedia":[{"embeddable":true,"href":"https:\/\/www.historieta.es\/index.php?rest_route=\/wp\/v2\/media\/2369"}],"wp:attachment":[{"href":"https:\/\/www.historieta.es\/index.php?rest_route=%2Fwp%2Fv2%2Fmedia&parent=2368"}],"wp:term":[{"taxonomy":"product_brand","embeddable":true,"href":"https:\/\/www.historieta.es\/index.php?rest_route=%2Fwp%2Fv2%2Fproduct_brand&post=2368"},{"taxonomy":"product_cat","embeddable":true,"href":"https:\/\/www.historieta.es\/index.php?rest_route=%2Fwp%2Fv2%2Fproduct_cat&post=2368"},{"taxonomy":"product_tag","embeddable":true,"href":"https:\/\/www.historieta.es\/index.php?rest_route=%2Fwp%2Fv2%2Fproduct_tag&post=2368"}],"curies":[{"name":"wp","href":"https:\/\/api.w.org\/{rel}","templated":true}]}}