{"id":2320,"date":"2023-05-14T07:33:48","date_gmt":"2023-05-14T07:33:48","guid":{"rendered":"https:\/\/www.historieta.es\/?post_type=product&#038;p=2320"},"modified":"2024-05-01T15:16:54","modified_gmt":"2024-05-01T15:16:54","slug":"chicago-marte-por-15-centavos-una-historia-de-las-revistas-pulp","status":"publish","type":"product","link":"https:\/\/www.historieta.es\/?product=chicago-marte-por-15-centavos-una-historia-de-las-revistas-pulp","title":{"rendered":"Chicago-Marte por 15 centavos. Una historia de las revistas Pulp"},"content":{"rendered":"<p>[et_pb_section fb_built=\u00bb1&#8243; _builder_version=\u00bb4.20.2&#8243; custom_margin=\u00bb-44px|0px|-44px|0px|true|true\u00bb custom_padding=\u00bb0px|0px|0px|0px|true|true\u00bb collapsed=\u00bboff\u00bb global_colors_info=\u00bb{}\u00bb][et_pb_row column_structure=\u00bb2_5,3_5&#8243; _builder_version=\u00bb4.20.2&#8243; background_size=\u00bbinitial\u00bb background_position=\u00bbtop_left\u00bb background_repeat=\u00bbrepeat\u00bb width=\u00bb100%\u00bb custom_margin=\u00bb0px|0px|0px|0px|true|true\u00bb custom_padding=\u00bb0px|0px|0px|0px|true|true\u00bb global_colors_info=\u00bb{}\u00bb][et_pb_column type=\u00bb2_5&#8243; _builder_version=\u00bb4.16&#8243; custom_padding=\u00bb|||\u00bb global_colors_info=\u00bb{}\u00bb custom_padding__hover=\u00bb|||\u00bb][et_pb_wc_images _builder_version=\u00bb4.20.2&#8243; box_shadow_style=\u00bbpreset1&#8243; global_colors_info=\u00bb{}\u00bb][\/et_pb_wc_images][\/et_pb_column][et_pb_column type=\u00bb3_5&#8243; _builder_version=\u00bb4.20.2&#8243; _module_preset=\u00bbdefault\u00bb global_colors_info=\u00bb{}\u00bb][et_pb_tabs _builder_version=\u00bb4.20.2&#8243; _module_preset=\u00bbdefault\u00bb global_colors_info=\u00bb{}\u00bb][et_pb_tab title=\u00bbDatos\u00bb _builder_version=\u00bb4.20.2&#8243; _module_preset=\u00bbdefault\u00bb global_colors_info=\u00bb{}\u00bb]<\/p>\n<p>Autor: Javier Jimeno Barco<\/p>\n<p>Editorial: Di\u00e1bolo Ediciones<\/p>\n<p>Ciudad: Madrid<\/p>\n<p>Pa\u00eds: Espa\u00f1a<\/p>\n<p>Tama\u00f1o: 17&#215;24<\/p>\n<p>P\u00e1ginas: 320<\/p>\n<p>A\u00f1o: 2020<\/p>\n<p>Dep\u00f3sito legal:<\/p>\n<p>ISBN: 978-8418320101<\/p>\n<p><strong>IDIOMA: Castellano<br \/><\/strong><\/p>\n<p>[\/et_pb_tab][et_pb_tab title=\u00bbDescripci\u00f3n\u00bb _builder_version=\u00bb4.20.2&#8243; _module_preset=\u00bbdefault\u00bb global_colors_info=\u00bb{}\u00bb]<\/p>\n<p>\u00a1Tarz\u00e1n de los Monos! \u00a1El Zorro! \u00a1Conan el b\u00e1rbaro! \u00a1Fu Manch\u00fa! \u00a1Philip Marlowe! \u00a1Los mitos de Chtulhu! Los grandes mitos de la literatura popular de la primera mitad del Siglo XX surgieron en las amarillentas p\u00e1ginas de las revistas Pulp, unas publicaciones baratas que sirvieron de entretenimiento popular a varias generaciones de estadounidenses. En las revistas Pulp nacieron o se desarrollaron g\u00e9neros como la novela negra, la fantas\u00eda o la ciencia ficci\u00f3n. Todos esos autores que hoy en d\u00eda consideramos cl\u00e1sicos en sus respectivos g\u00e9neros, todos esos personajes que han terminado convirti\u00e9ndose en arquet\u00edpicos, en el cine o el comic\u2026 todo ello surgi\u00f3 en estas revistas, que proporcionaban sue\u00f1os de toda \u00edndole, a cambio de muy poco dinero, y cuya historia se detalla con mimo y humor en el presente volumen.<br \/>La editorial<\/p>\n<p>[\/et_pb_tab][et_pb_tab title=\u00bbBibliograf\u00eda\u00bb _builder_version=\u00bb4.20.2&#8243; _module_preset=\u00bbdefault\u00bb global_colors_info=\u00bb{}\u00bb][\/et_pb_tab][\/et_pb_tabs][et_pb_wc_title _builder_version=\u00bb4.20.2&#8243; header_font=\u00bb|600|||||||\u00bb header_text_color=\u00bb#0C71C3&#8243; header_font_size=\u00bb25px\u00bb custom_margin=\u00bb0px|0px|0px|0px|true|true\u00bb custom_padding=\u00bb0px|0px|0px|0px|true|true\u00bb global_colors_info=\u00bb{}\u00bb][\/et_pb_wc_title][\/et_pb_column][\/et_pb_row][\/et_pb_section][et_pb_section fb_built=\u00bb1&#8243; _builder_version=\u00bb4.20.2&#8243; _module_preset=\u00bbdefault\u00bb global_colors_info=\u00bb{}\u00bb][\/et_pb_section][et_pb_section fb_built=\u00bb1&#8243; _builder_version=\u00bb4.20.2&#8243; _module_preset=\u00bbdefault\u00bb global_colors_info=\u00bb{}\u00bb][\/et_pb_section]<\/p>\n","protected":false},"excerpt":{"rendered":"<p>Chicago-Marte por 15 centavos. Una historia de las revistas Pulp, Castellano, Espa\u00f1a, Javier Jimeno Barco, Tarz\u00e1n, Conan<\/p>\n","protected":false},"featured_media":2321,"template":"","meta":{"_et_pb_use_builder":"on","_et_pb_old_content":"","_et_gb_content_width":"","_monsterinsights_skip_tracking":false,"_monsterinsights_sitenote_active":false,"_monsterinsights_sitenote_note":"","_monsterinsights_sitenote_category":0},"product_brand":[],"product_cat":[31,51],"product_tag":[],"class_list":{"0":"post-2320","1":"product","2":"type-product","3":"status-publish","4":"has-post-thumbnail","6":"product_cat-libros","7":"product_cat-tema-historia-de-la-historieta","9":"first","10":"instock","11":"shipping-taxable","12":"product-type-simple"},"yoast_head":"<!-- This site is optimized with the Yoast SEO plugin v27.2 - https:\/\/yoast.com\/product\/yoast-seo-wordpress\/ -->\n<title>Chicago-Marte por 15 centavos. Una historia de las revistas Pulp<\/title>\n<meta name=\"robots\" content=\"index, follow, max-snippet:-1, max-image-preview:large, max-video-preview:-1\" \/>\n<link rel=\"canonical\" href=\"https:\/\/www.historieta.es\/?product=chicago-marte-por-15-centavos-una-historia-de-las-revistas-pulp\" \/>\n<meta property=\"og:locale\" content=\"es_ES\" \/>\n<meta property=\"og:type\" content=\"article\" \/>\n<meta property=\"og:title\" content=\"Chicago-Marte por 15 centavos. Una historia de las revistas Pulp\" \/>\n<meta property=\"og:description\" content=\"Chicago-Marte por 15 centavos. Una historia de las revistas Pulp, Castellano, Espa\u00f1a, Javier Jimeno Barco, Tarz\u00e1n, Conan\" \/>\n<meta property=\"og:url\" content=\"https:\/\/www.historieta.es\/?product=chicago-marte-por-15-centavos-una-historia-de-las-revistas-pulp\" \/>\n<meta property=\"og:site_name\" content=\"historieta\" \/>\n<meta property=\"article:modified_time\" content=\"2024-05-01T15:16:54+00:00\" \/>\n<meta property=\"og:image\" content=\"https:\/\/www.historieta.es\/wp-content\/uploads\/2023\/05\/Chicago-Marte-por-15-centavos.png\" \/>\n\t<meta property=\"og:image:width\" content=\"600\" \/>\n\t<meta property=\"og:image:height\" content=\"600\" \/>\n\t<meta property=\"og:image:type\" content=\"image\/png\" \/>\n<meta name=\"twitter:card\" content=\"summary_large_image\" \/>\n<meta name=\"twitter:label1\" content=\"Tiempo de lectura\" \/>\n\t<meta name=\"twitter:data1\" content=\"2 minutos\" \/>\n<script type=\"application\/ld+json\" class=\"yoast-schema-graph\">{\"@context\":\"https:\/\/schema.org\",\"@graph\":[{\"@type\":\"WebPage\",\"@id\":\"https:\/\/www.historieta.es\/?product=chicago-marte-por-15-centavos-una-historia-de-las-revistas-pulp\",\"url\":\"https:\/\/www.historieta.es\/?product=chicago-marte-por-15-centavos-una-historia-de-las-revistas-pulp\",\"name\":\"Chicago-Marte por 15 centavos. Una historia de las revistas Pulp\",\"isPartOf\":{\"@id\":\"https:\/\/www.historieta.es\/#website\"},\"primaryImageOfPage\":{\"@id\":\"https:\/\/www.historieta.es\/?product=chicago-marte-por-15-centavos-una-historia-de-las-revistas-pulp#primaryimage\"},\"image\":{\"@id\":\"https:\/\/www.historieta.es\/?product=chicago-marte-por-15-centavos-una-historia-de-las-revistas-pulp#primaryimage\"},\"thumbnailUrl\":\"https:\/\/www.historieta.es\/wp-content\/uploads\/2023\/05\/Chicago-Marte-por-15-centavos.png\",\"datePublished\":\"2023-05-14T07:33:48+00:00\",\"dateModified\":\"2024-05-01T15:16:54+00:00\",\"breadcrumb\":{\"@id\":\"https:\/\/www.historieta.es\/?product=chicago-marte-por-15-centavos-una-historia-de-las-revistas-pulp#breadcrumb\"},\"inLanguage\":\"es\",\"potentialAction\":[{\"@type\":\"ReadAction\",\"target\":[\"https:\/\/www.historieta.es\/?product=chicago-marte-por-15-centavos-una-historia-de-las-revistas-pulp\"]}]},{\"@type\":\"ImageObject\",\"inLanguage\":\"es\",\"@id\":\"https:\/\/www.historieta.es\/?product=chicago-marte-por-15-centavos-una-historia-de-las-revistas-pulp#primaryimage\",\"url\":\"https:\/\/www.historieta.es\/wp-content\/uploads\/2023\/05\/Chicago-Marte-por-15-centavos.png\",\"contentUrl\":\"https:\/\/www.historieta.es\/wp-content\/uploads\/2023\/05\/Chicago-Marte-por-15-centavos.png\",\"width\":600,\"height\":600},{\"@type\":\"BreadcrumbList\",\"@id\":\"https:\/\/www.historieta.es\/?product=chicago-marte-por-15-centavos-una-historia-de-las-revistas-pulp#breadcrumb\",\"itemListElement\":[{\"@type\":\"ListItem\",\"position\":1,\"name\":\"Portada\",\"item\":\"https:\/\/www.historieta.es\/\"},{\"@type\":\"ListItem\",\"position\":2,\"name\":\"Productos\",\"item\":\"https:\/\/www.historieta.es\/?post_type=product\"},{\"@type\":\"ListItem\",\"position\":3,\"name\":\"Chicago-Marte por 15 centavos. Una historia de las revistas Pulp\"}]},{\"@type\":\"WebSite\",\"@id\":\"https:\/\/www.historieta.es\/#website\",\"url\":\"https:\/\/www.historieta.es\/\",\"name\":\"historieta\",\"description\":\"sitio de comic\",\"potentialAction\":[{\"@type\":\"SearchAction\",\"target\":{\"@type\":\"EntryPoint\",\"urlTemplate\":\"https:\/\/www.historieta.es\/?s={search_term_string}\"},\"query-input\":{\"@type\":\"PropertyValueSpecification\",\"valueRequired\":true,\"valueName\":\"search_term_string\"}}],\"inLanguage\":\"es\"}]}<\/script>\n<!-- \/ Yoast SEO plugin. -->","yoast_head_json":{"title":"Chicago-Marte por 15 centavos. Una historia de las revistas Pulp","robots":{"index":"index","follow":"follow","max-snippet":"max-snippet:-1","max-image-preview":"max-image-preview:large","max-video-preview":"max-video-preview:-1"},"canonical":"https:\/\/www.historieta.es\/?product=chicago-marte-por-15-centavos-una-historia-de-las-revistas-pulp","og_locale":"es_ES","og_type":"article","og_title":"Chicago-Marte por 15 centavos. Una historia de las revistas Pulp","og_description":"Chicago-Marte por 15 centavos. Una historia de las revistas Pulp, Castellano, Espa\u00f1a, Javier Jimeno Barco, Tarz\u00e1n, Conan","og_url":"https:\/\/www.historieta.es\/?product=chicago-marte-por-15-centavos-una-historia-de-las-revistas-pulp","og_site_name":"historieta","article_modified_time":"2024-05-01T15:16:54+00:00","og_image":[{"width":600,"height":600,"url":"https:\/\/www.historieta.es\/wp-content\/uploads\/2023\/05\/Chicago-Marte-por-15-centavos.png","type":"image\/png"}],"twitter_card":"summary_large_image","twitter_misc":{"Tiempo de lectura":"2 minutos"},"schema":{"@context":"https:\/\/schema.org","@graph":[{"@type":"WebPage","@id":"https:\/\/www.historieta.es\/?product=chicago-marte-por-15-centavos-una-historia-de-las-revistas-pulp","url":"https:\/\/www.historieta.es\/?product=chicago-marte-por-15-centavos-una-historia-de-las-revistas-pulp","name":"Chicago-Marte por 15 centavos. Una historia de las revistas Pulp","isPartOf":{"@id":"https:\/\/www.historieta.es\/#website"},"primaryImageOfPage":{"@id":"https:\/\/www.historieta.es\/?product=chicago-marte-por-15-centavos-una-historia-de-las-revistas-pulp#primaryimage"},"image":{"@id":"https:\/\/www.historieta.es\/?product=chicago-marte-por-15-centavos-una-historia-de-las-revistas-pulp#primaryimage"},"thumbnailUrl":"https:\/\/www.historieta.es\/wp-content\/uploads\/2023\/05\/Chicago-Marte-por-15-centavos.png","datePublished":"2023-05-14T07:33:48+00:00","dateModified":"2024-05-01T15:16:54+00:00","breadcrumb":{"@id":"https:\/\/www.historieta.es\/?product=chicago-marte-por-15-centavos-una-historia-de-las-revistas-pulp#breadcrumb"},"inLanguage":"es","potentialAction":[{"@type":"ReadAction","target":["https:\/\/www.historieta.es\/?product=chicago-marte-por-15-centavos-una-historia-de-las-revistas-pulp"]}]},{"@type":"ImageObject","inLanguage":"es","@id":"https:\/\/www.historieta.es\/?product=chicago-marte-por-15-centavos-una-historia-de-las-revistas-pulp#primaryimage","url":"https:\/\/www.historieta.es\/wp-content\/uploads\/2023\/05\/Chicago-Marte-por-15-centavos.png","contentUrl":"https:\/\/www.historieta.es\/wp-content\/uploads\/2023\/05\/Chicago-Marte-por-15-centavos.png","width":600,"height":600},{"@type":"BreadcrumbList","@id":"https:\/\/www.historieta.es\/?product=chicago-marte-por-15-centavos-una-historia-de-las-revistas-pulp#breadcrumb","itemListElement":[{"@type":"ListItem","position":1,"name":"Portada","item":"https:\/\/www.historieta.es\/"},{"@type":"ListItem","position":2,"name":"Productos","item":"https:\/\/www.historieta.es\/?post_type=product"},{"@type":"ListItem","position":3,"name":"Chicago-Marte por 15 centavos. Una historia de las revistas Pulp"}]},{"@type":"WebSite","@id":"https:\/\/www.historieta.es\/#website","url":"https:\/\/www.historieta.es\/","name":"historieta","description":"sitio de comic","potentialAction":[{"@type":"SearchAction","target":{"@type":"EntryPoint","urlTemplate":"https:\/\/www.historieta.es\/?s={search_term_string}"},"query-input":{"@type":"PropertyValueSpecification","valueRequired":true,"valueName":"search_term_string"}}],"inLanguage":"es"}]}},"_links":{"self":[{"href":"https:\/\/www.historieta.es\/index.php?rest_route=\/wp\/v2\/product\/2320","targetHints":{"allow":["GET"]}}],"collection":[{"href":"https:\/\/www.historieta.es\/index.php?rest_route=\/wp\/v2\/product"}],"about":[{"href":"https:\/\/www.historieta.es\/index.php?rest_route=\/wp\/v2\/types\/product"}],"wp:featuredmedia":[{"embeddable":true,"href":"https:\/\/www.historieta.es\/index.php?rest_route=\/wp\/v2\/media\/2321"}],"wp:attachment":[{"href":"https:\/\/www.historieta.es\/index.php?rest_route=%2Fwp%2Fv2%2Fmedia&parent=2320"}],"wp:term":[{"taxonomy":"product_brand","embeddable":true,"href":"https:\/\/www.historieta.es\/index.php?rest_route=%2Fwp%2Fv2%2Fproduct_brand&post=2320"},{"taxonomy":"product_cat","embeddable":true,"href":"https:\/\/www.historieta.es\/index.php?rest_route=%2Fwp%2Fv2%2Fproduct_cat&post=2320"},{"taxonomy":"product_tag","embeddable":true,"href":"https:\/\/www.historieta.es\/index.php?rest_route=%2Fwp%2Fv2%2Fproduct_tag&post=2320"}],"curies":[{"name":"wp","href":"https:\/\/api.w.org\/{rel}","templated":true}]}}