{"id":18882,"date":"2025-01-15T15:50:44","date_gmt":"2025-01-15T15:50:44","guid":{"rendered":"https:\/\/www.historieta.es\/?post_type=product&#038;p=18882"},"modified":"2025-01-15T15:50:45","modified_gmt":"2025-01-15T15:50:45","slug":"10-anos-de-animadrid-un-recorrido-por-la-animacion-espanola-de-la-decada","status":"publish","type":"product","link":"https:\/\/www.historieta.es\/?product=10-anos-de-animadrid-un-recorrido-por-la-animacion-espanola-de-la-decada","title":{"rendered":"10 a\u00f1os de Animadrid: un recorrido por la animaci\u00f3n espa\u00f1ola de la d\u00e9cada"},"content":{"rendered":"<p>[et_pb_section fb_built=\u00bb1&#8243; _builder_version=\u00bb4.20.2&#8243; custom_margin=\u00bb-44px|0px|-44px|0px|true|true\u00bb custom_padding=\u00bb0px|0px|0px|0px|true|true\u00bb collapsed=\u00bboff\u00bb global_colors_info=\u00bb{}\u00bb theme_builder_area=\u00bbpost_content\u00bb][et_pb_row column_structure=\u00bb2_5,3_5&#8243; _builder_version=\u00bb4.20.2&#8243; background_size=\u00bbinitial\u00bb background_position=\u00bbtop_left\u00bb background_repeat=\u00bbrepeat\u00bb width=\u00bb100%\u00bb custom_margin=\u00bb0px|0px|0px|0px|true|true\u00bb custom_padding=\u00bb0px|0px|0px|0px|true|true\u00bb global_colors_info=\u00bb{}\u00bb theme_builder_area=\u00bbpost_content\u00bb][et_pb_column type=\u00bb2_5&#8243; _builder_version=\u00bb4.16&#8243; custom_padding=\u00bb|||\u00bb global_colors_info=\u00bb{}\u00bb custom_padding__hover=\u00bb|||\u00bb theme_builder_area=\u00bbpost_content\u00bb][et_pb_wc_images _builder_version=\u00bb4.20.2&#8243; box_shadow_style=\u00bbpreset1&#8243; global_colors_info=\u00bb{}\u00bb theme_builder_area=\u00bbpost_content\u00bb][\/et_pb_wc_images][\/et_pb_column][et_pb_column type=\u00bb3_5&#8243; _builder_version=\u00bb4.20.2&#8243; _module_preset=\u00bbdefault\u00bb global_colors_info=\u00bb{}\u00bb theme_builder_area=\u00bbpost_content\u00bb][et_pb_tabs _builder_version=\u00bb4.25.0&#8243; _module_preset=\u00bbdefault\u00bb hover_enabled=\u00bb0&#8243; global_colors_info=\u00bb{}\u00bb theme_builder_area=\u00bbpost_content\u00bb sticky_enabled=\u00bb0&#8243;][et_pb_tab title=\u00bbDatos\u00bb _builder_version=\u00bb4.25.0&#8243; _module_preset=\u00bbdefault\u00bb hover_enabled=\u00bb0&#8243; global_colors_info=\u00bb{}\u00bb theme_builder_area=\u00bbpost_content\u00bb sticky_enabled=\u00bb0&#8243;]<\/p>\n<p>Autor: Bego\u00f1a Vicario, Jes\u00fas M\u00aa Mateos<\/p>\n<p>Editorial: Comunidad de Madrid<\/p>\n<p>Ciudad: Madrid<\/p>\n<p>Pa\u00eds: Espa\u00f1a<\/p>\n<p>Tama\u00f1o: 13&#215;20<\/p>\n<p>P\u00e1ginas: 190<\/p>\n<p>A\u00f1o: 2009<\/p>\n<p>Dep\u00f3sito legal:<\/p>\n<p>ISBN: 978-8445132395<\/p>\n<p><strong>IDIOMA: Castellano<br \/><\/strong><\/p>\n<p>[\/et_pb_tab][et_pb_tab title=\u00bbDescripci\u00f3n\u00bb _builder_version=\u00bb4.25.0&#8243; _module_preset=\u00bbdefault\u00bb hover_enabled=\u00bb0&#8243; global_colors_info=\u00bb{}\u00bb theme_builder_area=\u00bbpost_content\u00bb sticky_enabled=\u00bb0&#8243;]<\/p>\n<p>Libro publicado con motivo de la decima edici\u00f3n del Festival de la Imagen animada de la Comunidad de Madrid, que, a la vez que repasa la historia del certamen, revisa los cortometrajes espa\u00f1oles que han participado en las secciones competitivas a lo largo de la primera d\u00e9cada del siglo XXI y particularmente, a trav\u00e9s de aquellos que han resultado premiados. Este recorrido por algunas de las obras m\u00e1s interesantes de la d\u00e9cada, cuyos conductores han sido los profesores e investigadores Bego\u00f1a Vicario y Jes\u00fas Mar\u00eda Mateos, constituye la primera y m\u00e1s extensa parte de la publicaci\u00f3n, que se completa con las opiniones de la mayor\u00eda de los directores galardonados y con un apartado documental sobre cada edici\u00f3n de un Festival que, durante todos estos a\u00f1os, ha trabajado con ilusi\u00f3n para transmitir y compartir el conocimiento y el disfrute de todo el cine de animaci\u00f3n.<br \/>Bego\u00f1a Vicario (Caracas 1960) y Jes\u00fas Mar\u00eda Mateos (Portugalete 1959) son profesores de Cine de Animaci\u00f3n en la Facultad de Bellas Artes de la Universidad del Pa\u00eds Vasco. Han colaborado en diversas publicaciones sobre cine de animaci\u00f3n, como jurado en numerosos festivales y promoviendo proyectos de divulgaci\u00f3n de esta forma de arte.<\/p>\n<p>[\/et_pb_tab][et_pb_tab title=\u00bbBibliograf\u00eda\u00bb _builder_version=\u00bb4.20.2&#8243; _module_preset=\u00bbdefault\u00bb global_colors_info=\u00bb{}\u00bb theme_builder_area=\u00bbpost_content\u00bb][\/et_pb_tab][\/et_pb_tabs][et_pb_wc_title _builder_version=\u00bb4.20.2&#8243; header_font=\u00bb|600|||||||\u00bb header_text_color=\u00bb#0C71C3&#8243; header_font_size=\u00bb25px\u00bb custom_margin=\u00bb0px|0px|0px|0px|true|true\u00bb custom_padding=\u00bb0px|0px|0px|0px|true|true\u00bb global_colors_info=\u00bb{}\u00bb theme_builder_area=\u00bbpost_content\u00bb][\/et_pb_wc_title][\/et_pb_column][\/et_pb_row][\/et_pb_section][et_pb_section fb_built=\u00bb1&#8243; _builder_version=\u00bb4.20.2&#8243; _module_preset=\u00bbdefault\u00bb global_colors_info=\u00bb{}\u00bb theme_builder_area=\u00bbpost_content\u00bb][\/et_pb_section][et_pb_section fb_built=\u00bb1&#8243; _builder_version=\u00bb4.20.2&#8243; _module_preset=\u00bbdefault\u00bb global_colors_info=\u00bb{}\u00bb theme_builder_area=\u00bbpost_content\u00bb][\/et_pb_section]<\/p>\n","protected":false},"excerpt":{"rendered":"<p>10 a\u00f1os de Animadrid: un recorrido por la animaci\u00f3n espa\u00f1ola de la d\u00e9cada, Castellano, Espa\u00f1a, Bego\u00f1a Vicario, Jes\u00fas M\u00aa Mateos, Comunidad de Madrid<\/p>\n","protected":false},"featured_media":18883,"template":"","meta":{"_et_pb_use_builder":"on","_et_pb_old_content":"","_et_gb_content_width":"","_monsterinsights_skip_tracking":false,"_monsterinsights_sitenote_active":false,"_monsterinsights_sitenote_note":"","_monsterinsights_sitenote_category":0},"product_brand":[],"product_cat":[31,54],"product_tag":[],"class_list":{"0":"post-18882","1":"product","2":"type-product","3":"status-publish","4":"has-post-thumbnail","6":"product_cat-libros","7":"product_cat-tema-animacion-y-anime","9":"first","10":"instock","11":"shipping-taxable","12":"product-type-simple"},"yoast_head":"<!-- This site is optimized with the Yoast SEO plugin v27.2 - https:\/\/yoast.com\/product\/yoast-seo-wordpress\/ -->\n<title>10 a\u00f1os de Animadrid: un recorrido por la animaci\u00f3n espa\u00f1ola de la d\u00e9cada<\/title>\n<meta name=\"robots\" content=\"index, follow, max-snippet:-1, max-image-preview:large, max-video-preview:-1\" \/>\n<link rel=\"canonical\" href=\"https:\/\/www.historieta.es\/?product=10-anos-de-animadrid-un-recorrido-por-la-animacion-espanola-de-la-decada\" \/>\n<meta property=\"og:locale\" content=\"es_ES\" \/>\n<meta property=\"og:type\" content=\"article\" \/>\n<meta property=\"og:title\" content=\"10 a\u00f1os de Animadrid: un recorrido por la animaci\u00f3n espa\u00f1ola de la d\u00e9cada\" \/>\n<meta property=\"og:description\" content=\"10 a\u00f1os de Animadrid: un recorrido por la animaci\u00f3n espa\u00f1ola de la d\u00e9cada, Castellano, Espa\u00f1a, Bego\u00f1a Vicario, Jes\u00fas M\u00aa Mateos, Comunidad de Madrid\" \/>\n<meta property=\"og:url\" content=\"https:\/\/www.historieta.es\/?product=10-anos-de-animadrid-un-recorrido-por-la-animacion-espanola-de-la-decada\" \/>\n<meta property=\"og:site_name\" content=\"historieta\" \/>\n<meta property=\"article:modified_time\" content=\"2025-01-15T15:50:45+00:00\" \/>\n<meta property=\"og:image\" content=\"https:\/\/www.historieta.es\/wp-content\/uploads\/2025\/01\/10-anos-de-Animadrid-un-recorrido-por-la-animacion-espanola-de-la-decada.png\" \/>\n\t<meta property=\"og:image:width\" content=\"600\" \/>\n\t<meta property=\"og:image:height\" content=\"600\" \/>\n\t<meta property=\"og:image:type\" content=\"image\/png\" \/>\n<meta name=\"twitter:card\" content=\"summary_large_image\" \/>\n<meta name=\"twitter:label1\" content=\"Tiempo de lectura\" \/>\n\t<meta name=\"twitter:data1\" content=\"3 minutos\" \/>\n<script type=\"application\/ld+json\" class=\"yoast-schema-graph\">{\"@context\":\"https:\/\/schema.org\",\"@graph\":[{\"@type\":\"WebPage\",\"@id\":\"https:\/\/www.historieta.es\/?product=10-anos-de-animadrid-un-recorrido-por-la-animacion-espanola-de-la-decada\",\"url\":\"https:\/\/www.historieta.es\/?product=10-anos-de-animadrid-un-recorrido-por-la-animacion-espanola-de-la-decada\",\"name\":\"10 a\u00f1os de Animadrid: un recorrido por la animaci\u00f3n espa\u00f1ola de la d\u00e9cada\",\"isPartOf\":{\"@id\":\"https:\/\/www.historieta.es\/#website\"},\"primaryImageOfPage\":{\"@id\":\"https:\/\/www.historieta.es\/?product=10-anos-de-animadrid-un-recorrido-por-la-animacion-espanola-de-la-decada#primaryimage\"},\"image\":{\"@id\":\"https:\/\/www.historieta.es\/?product=10-anos-de-animadrid-un-recorrido-por-la-animacion-espanola-de-la-decada#primaryimage\"},\"thumbnailUrl\":\"https:\/\/www.historieta.es\/wp-content\/uploads\/2025\/01\/10-anos-de-Animadrid-un-recorrido-por-la-animacion-espanola-de-la-decada.png\",\"datePublished\":\"2025-01-15T15:50:44+00:00\",\"dateModified\":\"2025-01-15T15:50:45+00:00\",\"breadcrumb\":{\"@id\":\"https:\/\/www.historieta.es\/?product=10-anos-de-animadrid-un-recorrido-por-la-animacion-espanola-de-la-decada#breadcrumb\"},\"inLanguage\":\"es\",\"potentialAction\":[{\"@type\":\"ReadAction\",\"target\":[\"https:\/\/www.historieta.es\/?product=10-anos-de-animadrid-un-recorrido-por-la-animacion-espanola-de-la-decada\"]}]},{\"@type\":\"ImageObject\",\"inLanguage\":\"es\",\"@id\":\"https:\/\/www.historieta.es\/?product=10-anos-de-animadrid-un-recorrido-por-la-animacion-espanola-de-la-decada#primaryimage\",\"url\":\"https:\/\/www.historieta.es\/wp-content\/uploads\/2025\/01\/10-anos-de-Animadrid-un-recorrido-por-la-animacion-espanola-de-la-decada.png\",\"contentUrl\":\"https:\/\/www.historieta.es\/wp-content\/uploads\/2025\/01\/10-anos-de-Animadrid-un-recorrido-por-la-animacion-espanola-de-la-decada.png\",\"width\":600,\"height\":600},{\"@type\":\"BreadcrumbList\",\"@id\":\"https:\/\/www.historieta.es\/?product=10-anos-de-animadrid-un-recorrido-por-la-animacion-espanola-de-la-decada#breadcrumb\",\"itemListElement\":[{\"@type\":\"ListItem\",\"position\":1,\"name\":\"Portada\",\"item\":\"https:\/\/www.historieta.es\/\"},{\"@type\":\"ListItem\",\"position\":2,\"name\":\"Productos\",\"item\":\"https:\/\/www.historieta.es\/?post_type=product\"},{\"@type\":\"ListItem\",\"position\":3,\"name\":\"10 a\u00f1os de Animadrid: un recorrido por la animaci\u00f3n espa\u00f1ola de la d\u00e9cada\"}]},{\"@type\":\"WebSite\",\"@id\":\"https:\/\/www.historieta.es\/#website\",\"url\":\"https:\/\/www.historieta.es\/\",\"name\":\"historieta\",\"description\":\"sitio de comic\",\"potentialAction\":[{\"@type\":\"SearchAction\",\"target\":{\"@type\":\"EntryPoint\",\"urlTemplate\":\"https:\/\/www.historieta.es\/?s={search_term_string}\"},\"query-input\":{\"@type\":\"PropertyValueSpecification\",\"valueRequired\":true,\"valueName\":\"search_term_string\"}}],\"inLanguage\":\"es\"}]}<\/script>\n<!-- \/ Yoast SEO plugin. -->","yoast_head_json":{"title":"10 a\u00f1os de Animadrid: un recorrido por la animaci\u00f3n espa\u00f1ola de la d\u00e9cada","robots":{"index":"index","follow":"follow","max-snippet":"max-snippet:-1","max-image-preview":"max-image-preview:large","max-video-preview":"max-video-preview:-1"},"canonical":"https:\/\/www.historieta.es\/?product=10-anos-de-animadrid-un-recorrido-por-la-animacion-espanola-de-la-decada","og_locale":"es_ES","og_type":"article","og_title":"10 a\u00f1os de Animadrid: un recorrido por la animaci\u00f3n espa\u00f1ola de la d\u00e9cada","og_description":"10 a\u00f1os de Animadrid: un recorrido por la animaci\u00f3n espa\u00f1ola de la d\u00e9cada, Castellano, Espa\u00f1a, Bego\u00f1a Vicario, Jes\u00fas M\u00aa Mateos, Comunidad de Madrid","og_url":"https:\/\/www.historieta.es\/?product=10-anos-de-animadrid-un-recorrido-por-la-animacion-espanola-de-la-decada","og_site_name":"historieta","article_modified_time":"2025-01-15T15:50:45+00:00","og_image":[{"width":600,"height":600,"url":"https:\/\/www.historieta.es\/wp-content\/uploads\/2025\/01\/10-anos-de-Animadrid-un-recorrido-por-la-animacion-espanola-de-la-decada.png","type":"image\/png"}],"twitter_card":"summary_large_image","twitter_misc":{"Tiempo de lectura":"3 minutos"},"schema":{"@context":"https:\/\/schema.org","@graph":[{"@type":"WebPage","@id":"https:\/\/www.historieta.es\/?product=10-anos-de-animadrid-un-recorrido-por-la-animacion-espanola-de-la-decada","url":"https:\/\/www.historieta.es\/?product=10-anos-de-animadrid-un-recorrido-por-la-animacion-espanola-de-la-decada","name":"10 a\u00f1os de Animadrid: un recorrido por la animaci\u00f3n espa\u00f1ola de la d\u00e9cada","isPartOf":{"@id":"https:\/\/www.historieta.es\/#website"},"primaryImageOfPage":{"@id":"https:\/\/www.historieta.es\/?product=10-anos-de-animadrid-un-recorrido-por-la-animacion-espanola-de-la-decada#primaryimage"},"image":{"@id":"https:\/\/www.historieta.es\/?product=10-anos-de-animadrid-un-recorrido-por-la-animacion-espanola-de-la-decada#primaryimage"},"thumbnailUrl":"https:\/\/www.historieta.es\/wp-content\/uploads\/2025\/01\/10-anos-de-Animadrid-un-recorrido-por-la-animacion-espanola-de-la-decada.png","datePublished":"2025-01-15T15:50:44+00:00","dateModified":"2025-01-15T15:50:45+00:00","breadcrumb":{"@id":"https:\/\/www.historieta.es\/?product=10-anos-de-animadrid-un-recorrido-por-la-animacion-espanola-de-la-decada#breadcrumb"},"inLanguage":"es","potentialAction":[{"@type":"ReadAction","target":["https:\/\/www.historieta.es\/?product=10-anos-de-animadrid-un-recorrido-por-la-animacion-espanola-de-la-decada"]}]},{"@type":"ImageObject","inLanguage":"es","@id":"https:\/\/www.historieta.es\/?product=10-anos-de-animadrid-un-recorrido-por-la-animacion-espanola-de-la-decada#primaryimage","url":"https:\/\/www.historieta.es\/wp-content\/uploads\/2025\/01\/10-anos-de-Animadrid-un-recorrido-por-la-animacion-espanola-de-la-decada.png","contentUrl":"https:\/\/www.historieta.es\/wp-content\/uploads\/2025\/01\/10-anos-de-Animadrid-un-recorrido-por-la-animacion-espanola-de-la-decada.png","width":600,"height":600},{"@type":"BreadcrumbList","@id":"https:\/\/www.historieta.es\/?product=10-anos-de-animadrid-un-recorrido-por-la-animacion-espanola-de-la-decada#breadcrumb","itemListElement":[{"@type":"ListItem","position":1,"name":"Portada","item":"https:\/\/www.historieta.es\/"},{"@type":"ListItem","position":2,"name":"Productos","item":"https:\/\/www.historieta.es\/?post_type=product"},{"@type":"ListItem","position":3,"name":"10 a\u00f1os de Animadrid: un recorrido por la animaci\u00f3n espa\u00f1ola de la d\u00e9cada"}]},{"@type":"WebSite","@id":"https:\/\/www.historieta.es\/#website","url":"https:\/\/www.historieta.es\/","name":"historieta","description":"sitio de comic","potentialAction":[{"@type":"SearchAction","target":{"@type":"EntryPoint","urlTemplate":"https:\/\/www.historieta.es\/?s={search_term_string}"},"query-input":{"@type":"PropertyValueSpecification","valueRequired":true,"valueName":"search_term_string"}}],"inLanguage":"es"}]}},"_links":{"self":[{"href":"https:\/\/www.historieta.es\/index.php?rest_route=\/wp\/v2\/product\/18882","targetHints":{"allow":["GET"]}}],"collection":[{"href":"https:\/\/www.historieta.es\/index.php?rest_route=\/wp\/v2\/product"}],"about":[{"href":"https:\/\/www.historieta.es\/index.php?rest_route=\/wp\/v2\/types\/product"}],"wp:featuredmedia":[{"embeddable":true,"href":"https:\/\/www.historieta.es\/index.php?rest_route=\/wp\/v2\/media\/18883"}],"wp:attachment":[{"href":"https:\/\/www.historieta.es\/index.php?rest_route=%2Fwp%2Fv2%2Fmedia&parent=18882"}],"wp:term":[{"taxonomy":"product_brand","embeddable":true,"href":"https:\/\/www.historieta.es\/index.php?rest_route=%2Fwp%2Fv2%2Fproduct_brand&post=18882"},{"taxonomy":"product_cat","embeddable":true,"href":"https:\/\/www.historieta.es\/index.php?rest_route=%2Fwp%2Fv2%2Fproduct_cat&post=18882"},{"taxonomy":"product_tag","embeddable":true,"href":"https:\/\/www.historieta.es\/index.php?rest_route=%2Fwp%2Fv2%2Fproduct_tag&post=18882"}],"curies":[{"name":"wp","href":"https:\/\/api.w.org\/{rel}","templated":true}]}}