{"id":18683,"date":"2025-01-06T16:34:15","date_gmt":"2025-01-06T16:34:15","guid":{"rendered":"https:\/\/www.historieta.es\/?post_type=product&#038;p=18683"},"modified":"2025-01-06T16:34:16","modified_gmt":"2025-01-06T16:34:16","slug":"el-cine-de-hayao-miyazaki-entre-la-tradicion-y-la-modernidad","status":"publish","type":"product","link":"https:\/\/www.historieta.es\/?product=el-cine-de-hayao-miyazaki-entre-la-tradicion-y-la-modernidad","title":{"rendered":"El cine de Hayao Miyazaki entre la tradicio\u0301n y la modernidad"},"content":{"rendered":"<p>[et_pb_section fb_built=\u00bb1&#8243; _builder_version=\u00bb4.20.2&#8243; custom_margin=\u00bb-44px|0px|-44px|0px|true|true\u00bb custom_padding=\u00bb0px|0px|0px|0px|true|true\u00bb collapsed=\u00bboff\u00bb global_colors_info=\u00bb{}\u00bb theme_builder_area=\u00bbpost_content\u00bb][et_pb_row column_structure=\u00bb2_5,3_5&#8243; _builder_version=\u00bb4.20.2&#8243; background_size=\u00bbinitial\u00bb background_position=\u00bbtop_left\u00bb background_repeat=\u00bbrepeat\u00bb width=\u00bb100%\u00bb custom_margin=\u00bb0px|0px|0px|0px|true|true\u00bb custom_padding=\u00bb0px|0px|0px|0px|true|true\u00bb global_colors_info=\u00bb{}\u00bb theme_builder_area=\u00bbpost_content\u00bb][et_pb_column type=\u00bb2_5&#8243; _builder_version=\u00bb4.16&#8243; custom_padding=\u00bb|||\u00bb global_colors_info=\u00bb{}\u00bb custom_padding__hover=\u00bb|||\u00bb theme_builder_area=\u00bbpost_content\u00bb][et_pb_wc_images _builder_version=\u00bb4.20.2&#8243; box_shadow_style=\u00bbpreset1&#8243; global_colors_info=\u00bb{}\u00bb theme_builder_area=\u00bbpost_content\u00bb][\/et_pb_wc_images][\/et_pb_column][et_pb_column type=\u00bb3_5&#8243; _builder_version=\u00bb4.20.2&#8243; _module_preset=\u00bbdefault\u00bb global_colors_info=\u00bb{}\u00bb theme_builder_area=\u00bbpost_content\u00bb][et_pb_tabs _builder_version=\u00bb4.25.0&#8243; _module_preset=\u00bbdefault\u00bb hover_enabled=\u00bb0&#8243; global_colors_info=\u00bb{}\u00bb theme_builder_area=\u00bbpost_content\u00bb sticky_enabled=\u00bb0&#8243;][et_pb_tab title=\u00bbDatos\u00bb _builder_version=\u00bb4.25.0&#8243; _module_preset=\u00bbdefault\u00bb hover_enabled=\u00bb0&#8243; global_colors_info=\u00bb{}\u00bb theme_builder_area=\u00bbpost_content\u00bb sticky_enabled=\u00bb0&#8243;]<\/p>\n<p>Autor: Jorge Arranz Lomillo<\/p>\n<p>Editorial: \u00c1peiron Ediciones<\/p>\n<p>Ciudad: Madrid<\/p>\n<p>Pa\u00eds: Espa\u00f1a<\/p>\n<p>Tama\u00f1o: 15&#215;21<\/p>\n<p>P\u00e1ginas: 74<\/p>\n<p>A\u00f1o: 2018<\/p>\n<p>Dep\u00f3sito legal:<\/p>\n<p>ISBN: 978-8416996117<\/p>\n<p><strong>IDIOMA: Castellano<br \/><\/strong><\/p>\n<p>[\/et_pb_tab][et_pb_tab title=\u00bbDescripci\u00f3n\u00bb _builder_version=\u00bb4.25.0&#8243; _module_preset=\u00bbdefault\u00bb hover_enabled=\u00bb0&#8243; global_colors_info=\u00bb{}\u00bb theme_builder_area=\u00bbpost_content\u00bb sticky_enabled=\u00bb0&#8243;]<\/p>\n<p>Trabajo de fin de grado universitario en la Universidad de Valladolid, que seg\u00fan su autor \u00ab[\u2026] se centra en el an\u00e1lisis pormenorizado de sus pel\u00edculas prestando especial atenci\u00f3n a ese contraste entre pasado y presente, as\u00ed como tradici\u00f3n y tecnolog\u00eda en sus respectivas formas de representaci\u00f3n: la destrucci\u00f3n de la naturaleza y el medioambiente, el enorme progreso y la globalizaci\u00f3n que nos ha hecho perder las tradiciones, nuestro pasado colectivo y nuestra identidad.\u00bb<\/p>\n<p>Durante toda su vida, Hayao Miyazaki ha logrado educar con sus pel\u00edculas tanto a j\u00f3venes como a adultos, tanto de Oriente como del resto del mundo. Las circunstancias hist\u00f3ricas y culturales de Jap\u00f3n de los \u00faltimos dos siglos han provocado el devenir de las tradiciones, la religi\u00f3n y las costumbres, hecho que se extrapola a todo el planeta. Miyazaki, como coet\u00e1neo de este proceso de cambio, ha buscado con su cine concienciar sobre la evoluci\u00f3n que est\u00e1 sufriendo el ser humano. El devenir de las ra\u00edces japonesas ha sido provocado, entre otras cosas, por la transculturaci\u00f3n, la tecnolog\u00eda y la industria, unos procesos relativamente recientes que han provocado un enfrentamiento directo entre las formas tradicionales y la modernidad. Veremos c\u00f3mo el director japon\u00e9s ha sabido conjugar ambas para transmitir ciertos valores como el respeto al medioambiente, el absurdo de la guerra o la b\u00fasqueda de la identidad en el pasado de las comunidades humanas.<\/p>\n<p>[\/et_pb_tab][et_pb_tab title=\u00bbBibliograf\u00eda\u00bb _builder_version=\u00bb4.20.2&#8243; _module_preset=\u00bbdefault\u00bb global_colors_info=\u00bb{}\u00bb theme_builder_area=\u00bbpost_content\u00bb][\/et_pb_tab][\/et_pb_tabs][et_pb_wc_title _builder_version=\u00bb4.20.2&#8243; header_font=\u00bb|600|||||||\u00bb header_text_color=\u00bb#0C71C3&#8243; header_font_size=\u00bb25px\u00bb custom_margin=\u00bb0px|0px|0px|0px|true|true\u00bb custom_padding=\u00bb0px|0px|0px|0px|true|true\u00bb global_colors_info=\u00bb{}\u00bb theme_builder_area=\u00bbpost_content\u00bb][\/et_pb_wc_title][\/et_pb_column][\/et_pb_row][\/et_pb_section][et_pb_section fb_built=\u00bb1&#8243; _builder_version=\u00bb4.20.2&#8243; _module_preset=\u00bbdefault\u00bb global_colors_info=\u00bb{}\u00bb theme_builder_area=\u00bbpost_content\u00bb][\/et_pb_section][et_pb_section fb_built=\u00bb1&#8243; _builder_version=\u00bb4.20.2&#8243; _module_preset=\u00bbdefault\u00bb global_colors_info=\u00bb{}\u00bb theme_builder_area=\u00bbpost_content\u00bb][\/et_pb_section]<\/p>\n","protected":false},"excerpt":{"rendered":"<p>El cine de Hayao Miyazaki entre la tradicio\u0301n y la modernidad, Castellano, Espa\u00f1a, Anime<\/p>\n","protected":false},"featured_media":18684,"template":"","meta":{"_et_pb_use_builder":"on","_et_pb_old_content":"","_et_gb_content_width":"","_monsterinsights_skip_tracking":false,"_monsterinsights_sitenote_active":false,"_monsterinsights_sitenote_note":"","_monsterinsights_sitenote_category":0},"product_brand":[],"product_cat":[31,54],"product_tag":[],"class_list":{"0":"post-18683","1":"product","2":"type-product","3":"status-publish","4":"has-post-thumbnail","6":"product_cat-libros","7":"product_cat-tema-animacion-y-anime","9":"first","10":"instock","11":"shipping-taxable","12":"product-type-simple"},"yoast_head":"<!-- This site is optimized with the Yoast SEO plugin v27.2 - https:\/\/yoast.com\/product\/yoast-seo-wordpress\/ -->\n<title>El cine de Hayao Miyazaki entre la tradicio\u0301n y la modernidad<\/title>\n<meta name=\"robots\" content=\"index, follow, max-snippet:-1, max-image-preview:large, max-video-preview:-1\" \/>\n<link rel=\"canonical\" href=\"https:\/\/www.historieta.es\/?product=el-cine-de-hayao-miyazaki-entre-la-tradicion-y-la-modernidad\" \/>\n<meta property=\"og:locale\" content=\"es_ES\" \/>\n<meta property=\"og:type\" content=\"article\" \/>\n<meta property=\"og:title\" content=\"El cine de Hayao Miyazaki entre la tradicio\u0301n y la modernidad\" \/>\n<meta property=\"og:description\" content=\"El cine de Hayao Miyazaki entre la tradicio\u0301n y la modernidad, Castellano, Espa\u00f1a, Anime\" \/>\n<meta property=\"og:url\" content=\"https:\/\/www.historieta.es\/?product=el-cine-de-hayao-miyazaki-entre-la-tradicion-y-la-modernidad\" \/>\n<meta property=\"og:site_name\" content=\"historieta\" \/>\n<meta property=\"article:modified_time\" content=\"2025-01-06T16:34:16+00:00\" \/>\n<meta property=\"og:image\" content=\"https:\/\/www.historieta.es\/wp-content\/uploads\/2025\/01\/El-cine-de-Hayao-Miyazaki-entre-la-tradicion-y-la-modernidad.png\" \/>\n\t<meta property=\"og:image:width\" content=\"600\" \/>\n\t<meta property=\"og:image:height\" content=\"600\" \/>\n\t<meta property=\"og:image:type\" content=\"image\/png\" \/>\n<meta name=\"twitter:card\" content=\"summary_large_image\" \/>\n<meta name=\"twitter:label1\" content=\"Tiempo de lectura\" \/>\n\t<meta name=\"twitter:data1\" content=\"3 minutos\" \/>\n<script type=\"application\/ld+json\" class=\"yoast-schema-graph\">{\"@context\":\"https:\/\/schema.org\",\"@graph\":[{\"@type\":\"WebPage\",\"@id\":\"https:\/\/www.historieta.es\/?product=el-cine-de-hayao-miyazaki-entre-la-tradicion-y-la-modernidad\",\"url\":\"https:\/\/www.historieta.es\/?product=el-cine-de-hayao-miyazaki-entre-la-tradicion-y-la-modernidad\",\"name\":\"El cine de Hayao Miyazaki entre la tradicio\u0301n y la modernidad\",\"isPartOf\":{\"@id\":\"https:\/\/www.historieta.es\/#website\"},\"primaryImageOfPage\":{\"@id\":\"https:\/\/www.historieta.es\/?product=el-cine-de-hayao-miyazaki-entre-la-tradicion-y-la-modernidad#primaryimage\"},\"image\":{\"@id\":\"https:\/\/www.historieta.es\/?product=el-cine-de-hayao-miyazaki-entre-la-tradicion-y-la-modernidad#primaryimage\"},\"thumbnailUrl\":\"https:\/\/www.historieta.es\/wp-content\/uploads\/2025\/01\/El-cine-de-Hayao-Miyazaki-entre-la-tradicion-y-la-modernidad.png\",\"datePublished\":\"2025-01-06T16:34:15+00:00\",\"dateModified\":\"2025-01-06T16:34:16+00:00\",\"breadcrumb\":{\"@id\":\"https:\/\/www.historieta.es\/?product=el-cine-de-hayao-miyazaki-entre-la-tradicion-y-la-modernidad#breadcrumb\"},\"inLanguage\":\"es\",\"potentialAction\":[{\"@type\":\"ReadAction\",\"target\":[\"https:\/\/www.historieta.es\/?product=el-cine-de-hayao-miyazaki-entre-la-tradicion-y-la-modernidad\"]}]},{\"@type\":\"ImageObject\",\"inLanguage\":\"es\",\"@id\":\"https:\/\/www.historieta.es\/?product=el-cine-de-hayao-miyazaki-entre-la-tradicion-y-la-modernidad#primaryimage\",\"url\":\"https:\/\/www.historieta.es\/wp-content\/uploads\/2025\/01\/El-cine-de-Hayao-Miyazaki-entre-la-tradicion-y-la-modernidad.png\",\"contentUrl\":\"https:\/\/www.historieta.es\/wp-content\/uploads\/2025\/01\/El-cine-de-Hayao-Miyazaki-entre-la-tradicion-y-la-modernidad.png\",\"width\":600,\"height\":600},{\"@type\":\"BreadcrumbList\",\"@id\":\"https:\/\/www.historieta.es\/?product=el-cine-de-hayao-miyazaki-entre-la-tradicion-y-la-modernidad#breadcrumb\",\"itemListElement\":[{\"@type\":\"ListItem\",\"position\":1,\"name\":\"Portada\",\"item\":\"https:\/\/www.historieta.es\/\"},{\"@type\":\"ListItem\",\"position\":2,\"name\":\"Productos\",\"item\":\"https:\/\/www.historieta.es\/?post_type=product\"},{\"@type\":\"ListItem\",\"position\":3,\"name\":\"El cine de Hayao Miyazaki entre la tradicio\u0301n y la modernidad\"}]},{\"@type\":\"WebSite\",\"@id\":\"https:\/\/www.historieta.es\/#website\",\"url\":\"https:\/\/www.historieta.es\/\",\"name\":\"historieta\",\"description\":\"sitio de comic\",\"potentialAction\":[{\"@type\":\"SearchAction\",\"target\":{\"@type\":\"EntryPoint\",\"urlTemplate\":\"https:\/\/www.historieta.es\/?s={search_term_string}\"},\"query-input\":{\"@type\":\"PropertyValueSpecification\",\"valueRequired\":true,\"valueName\":\"search_term_string\"}}],\"inLanguage\":\"es\"}]}<\/script>\n<!-- \/ Yoast SEO plugin. -->","yoast_head_json":{"title":"El cine de Hayao Miyazaki entre la tradicio\u0301n y la modernidad","robots":{"index":"index","follow":"follow","max-snippet":"max-snippet:-1","max-image-preview":"max-image-preview:large","max-video-preview":"max-video-preview:-1"},"canonical":"https:\/\/www.historieta.es\/?product=el-cine-de-hayao-miyazaki-entre-la-tradicion-y-la-modernidad","og_locale":"es_ES","og_type":"article","og_title":"El cine de Hayao Miyazaki entre la tradicio\u0301n y la modernidad","og_description":"El cine de Hayao Miyazaki entre la tradicio\u0301n y la modernidad, Castellano, Espa\u00f1a, Anime","og_url":"https:\/\/www.historieta.es\/?product=el-cine-de-hayao-miyazaki-entre-la-tradicion-y-la-modernidad","og_site_name":"historieta","article_modified_time":"2025-01-06T16:34:16+00:00","og_image":[{"width":600,"height":600,"url":"https:\/\/www.historieta.es\/wp-content\/uploads\/2025\/01\/El-cine-de-Hayao-Miyazaki-entre-la-tradicion-y-la-modernidad.png","type":"image\/png"}],"twitter_card":"summary_large_image","twitter_misc":{"Tiempo de lectura":"3 minutos"},"schema":{"@context":"https:\/\/schema.org","@graph":[{"@type":"WebPage","@id":"https:\/\/www.historieta.es\/?product=el-cine-de-hayao-miyazaki-entre-la-tradicion-y-la-modernidad","url":"https:\/\/www.historieta.es\/?product=el-cine-de-hayao-miyazaki-entre-la-tradicion-y-la-modernidad","name":"El cine de Hayao Miyazaki entre la tradicio\u0301n y la modernidad","isPartOf":{"@id":"https:\/\/www.historieta.es\/#website"},"primaryImageOfPage":{"@id":"https:\/\/www.historieta.es\/?product=el-cine-de-hayao-miyazaki-entre-la-tradicion-y-la-modernidad#primaryimage"},"image":{"@id":"https:\/\/www.historieta.es\/?product=el-cine-de-hayao-miyazaki-entre-la-tradicion-y-la-modernidad#primaryimage"},"thumbnailUrl":"https:\/\/www.historieta.es\/wp-content\/uploads\/2025\/01\/El-cine-de-Hayao-Miyazaki-entre-la-tradicion-y-la-modernidad.png","datePublished":"2025-01-06T16:34:15+00:00","dateModified":"2025-01-06T16:34:16+00:00","breadcrumb":{"@id":"https:\/\/www.historieta.es\/?product=el-cine-de-hayao-miyazaki-entre-la-tradicion-y-la-modernidad#breadcrumb"},"inLanguage":"es","potentialAction":[{"@type":"ReadAction","target":["https:\/\/www.historieta.es\/?product=el-cine-de-hayao-miyazaki-entre-la-tradicion-y-la-modernidad"]}]},{"@type":"ImageObject","inLanguage":"es","@id":"https:\/\/www.historieta.es\/?product=el-cine-de-hayao-miyazaki-entre-la-tradicion-y-la-modernidad#primaryimage","url":"https:\/\/www.historieta.es\/wp-content\/uploads\/2025\/01\/El-cine-de-Hayao-Miyazaki-entre-la-tradicion-y-la-modernidad.png","contentUrl":"https:\/\/www.historieta.es\/wp-content\/uploads\/2025\/01\/El-cine-de-Hayao-Miyazaki-entre-la-tradicion-y-la-modernidad.png","width":600,"height":600},{"@type":"BreadcrumbList","@id":"https:\/\/www.historieta.es\/?product=el-cine-de-hayao-miyazaki-entre-la-tradicion-y-la-modernidad#breadcrumb","itemListElement":[{"@type":"ListItem","position":1,"name":"Portada","item":"https:\/\/www.historieta.es\/"},{"@type":"ListItem","position":2,"name":"Productos","item":"https:\/\/www.historieta.es\/?post_type=product"},{"@type":"ListItem","position":3,"name":"El cine de Hayao Miyazaki entre la tradicio\u0301n y la modernidad"}]},{"@type":"WebSite","@id":"https:\/\/www.historieta.es\/#website","url":"https:\/\/www.historieta.es\/","name":"historieta","description":"sitio de comic","potentialAction":[{"@type":"SearchAction","target":{"@type":"EntryPoint","urlTemplate":"https:\/\/www.historieta.es\/?s={search_term_string}"},"query-input":{"@type":"PropertyValueSpecification","valueRequired":true,"valueName":"search_term_string"}}],"inLanguage":"es"}]}},"_links":{"self":[{"href":"https:\/\/www.historieta.es\/index.php?rest_route=\/wp\/v2\/product\/18683","targetHints":{"allow":["GET"]}}],"collection":[{"href":"https:\/\/www.historieta.es\/index.php?rest_route=\/wp\/v2\/product"}],"about":[{"href":"https:\/\/www.historieta.es\/index.php?rest_route=\/wp\/v2\/types\/product"}],"wp:featuredmedia":[{"embeddable":true,"href":"https:\/\/www.historieta.es\/index.php?rest_route=\/wp\/v2\/media\/18684"}],"wp:attachment":[{"href":"https:\/\/www.historieta.es\/index.php?rest_route=%2Fwp%2Fv2%2Fmedia&parent=18683"}],"wp:term":[{"taxonomy":"product_brand","embeddable":true,"href":"https:\/\/www.historieta.es\/index.php?rest_route=%2Fwp%2Fv2%2Fproduct_brand&post=18683"},{"taxonomy":"product_cat","embeddable":true,"href":"https:\/\/www.historieta.es\/index.php?rest_route=%2Fwp%2Fv2%2Fproduct_cat&post=18683"},{"taxonomy":"product_tag","embeddable":true,"href":"https:\/\/www.historieta.es\/index.php?rest_route=%2Fwp%2Fv2%2Fproduct_tag&post=18683"}],"curies":[{"name":"wp","href":"https:\/\/api.w.org\/{rel}","templated":true}]}}