{"id":18044,"date":"2024-12-21T21:20:28","date_gmt":"2024-12-21T21:20:28","guid":{"rendered":"https:\/\/www.historieta.es\/?post_type=product&#038;p=18044"},"modified":"2024-12-21T21:21:13","modified_gmt":"2024-12-21T21:21:13","slug":"el-comic-como-medio-de-comunicacion-de-la-industria-comercial-a-ser-parte-de-una-cultura","status":"publish","type":"product","link":"https:\/\/www.historieta.es\/?product=el-comic-como-medio-de-comunicacion-de-la-industria-comercial-a-ser-parte-de-una-cultura","title":{"rendered":"El c\u00f3mic como medio de comunicaci\u00f3n. De la industria comercial a ser parte de una cultura"},"content":{"rendered":"<p>[et_pb_section fb_built=\u00bb1&#8243; _builder_version=\u00bb4.20.2&#8243; custom_margin=\u00bb-44px|0px|-44px|0px|true|true\u00bb custom_padding=\u00bb0px|0px|0px|0px|true|true\u00bb collapsed=\u00bboff\u00bb global_colors_info=\u00bb{}\u00bb][et_pb_row column_structure=\u00bb2_5,3_5&#8243; _builder_version=\u00bb4.20.2&#8243; background_size=\u00bbinitial\u00bb background_position=\u00bbtop_left\u00bb background_repeat=\u00bbrepeat\u00bb width=\u00bb100%\u00bb custom_margin=\u00bb0px|0px|0px|0px|true|true\u00bb custom_padding=\u00bb0px|0px|0px|0px|true|true\u00bb global_colors_info=\u00bb{}\u00bb][et_pb_column type=\u00bb2_5&#8243; _builder_version=\u00bb4.16&#8243; custom_padding=\u00bb|||\u00bb global_colors_info=\u00bb{}\u00bb custom_padding__hover=\u00bb|||\u00bb][et_pb_wc_images _builder_version=\u00bb4.20.2&#8243; box_shadow_style=\u00bbpreset1&#8243; global_colors_info=\u00bb{}\u00bb][\/et_pb_wc_images][\/et_pb_column][et_pb_column type=\u00bb3_5&#8243; _builder_version=\u00bb4.20.2&#8243; _module_preset=\u00bbdefault\u00bb global_colors_info=\u00bb{}\u00bb][et_pb_tabs _builder_version=\u00bb4.25.0&#8243; _module_preset=\u00bbdefault\u00bb global_colors_info=\u00bb{}\u00bb][et_pb_tab title=\u00bbDatos\u00bb _builder_version=\u00bb4.25.0&#8243; _module_preset=\u00bbdefault\u00bb global_colors_info=\u00bb{}\u00bb]<\/p>\n<p>Autor: Daniela Victoria Gonz\u00e1lez Montalvo<\/p>\n<p>Editorial: Editorial Acad\u00e9mica Espa\u00f1ola<\/p>\n<p>Ciudad: Londres<\/p>\n<p>Pa\u00eds: Gran Breta\u00f1a<\/p>\n<p>Tama\u00f1o: 15&#215;22<\/p>\n<p>P\u00e1ginas: 84<\/p>\n<p>A\u00f1o: 2021<\/p>\n<p>Dep\u00f3sito legal:<\/p>\n<p>ISBN: 978-6203880724<\/p>\n<p><strong>IDIOMA: Castellano<br \/><\/strong><\/p>\n<p>[\/et_pb_tab][et_pb_tab title=\u00bbDescripci\u00f3n\u00bb _builder_version=\u00bb4.25.0&#8243; _module_preset=\u00bbdefault\u00bb global_colors_info=\u00bb{}\u00bb]<\/p>\n<p>Editorial Acad\u00e9mica Espa\u00f1ola es una empresa brit\u00e1nica con sede editorial en Moldavia, especializada en facilitar la autoedici\u00f3n y distribuci\u00f3n de tesis y libros acad\u00e9micos en castellano.<\/p>\n<p>Dentro del presente proyecto de investigaci\u00f3n, se pretende descubrir, analizar y comprender el origen, el \u00e9xito y la admiraci\u00f3n general y en espec\u00edfico dentro de una cultura como la pop, as\u00ed como tambi\u00e9n identificar los aspectos necesarios para que el c\u00f3mic se convierta y trascienda como un medio de comunicaci\u00f3n. Los diversos resultados mostrar\u00e1n c\u00f3mo el c\u00f3mic o historieta se convirti\u00f3 en parte de una cultura espec\u00edfica como la pop, en un medio de comunicaci\u00f3n \u00fatil, y tambi\u00e9n en un espacio excelente para expresar problem\u00e1ticas sociales como el racismo, el machismo, las drogas o el existencialismo.<\/p>\n<p>[\/et_pb_tab][et_pb_tab title=\u00bbBibliograf\u00eda\u00bb _builder_version=\u00bb4.20.2&#8243; _module_preset=\u00bbdefault\u00bb global_colors_info=\u00bb{}\u00bb][\/et_pb_tab][\/et_pb_tabs][et_pb_wc_title _builder_version=\u00bb4.20.2&#8243; header_font=\u00bb|600|||||||\u00bb header_text_color=\u00bb#0C71C3&#8243; header_font_size=\u00bb25px\u00bb custom_margin=\u00bb0px|0px|0px|0px|true|true\u00bb custom_padding=\u00bb0px|0px|0px|0px|true|true\u00bb global_colors_info=\u00bb{}\u00bb][\/et_pb_wc_title][\/et_pb_column][\/et_pb_row][\/et_pb_section][et_pb_section fb_built=\u00bb1&#8243; _builder_version=\u00bb4.20.2&#8243; _module_preset=\u00bbdefault\u00bb global_colors_info=\u00bb{}\u00bb][\/et_pb_section][et_pb_section fb_built=\u00bb1&#8243; _builder_version=\u00bb4.20.2&#8243; _module_preset=\u00bbdefault\u00bb global_colors_info=\u00bb{}\u00bb][\/et_pb_section]<\/p>\n","protected":false},"excerpt":{"rendered":"<p>El c\u00f3mic como medio de comunicaci\u00f3n. De la industria comercial a ser parte de una cultura, Castellano, Daniela Victoria Gonz\u00e1lez Montalvo, Editorial Acad\u00e9mica Espa\u00f1ola<\/p>\n","protected":false},"featured_media":18045,"template":"","meta":{"_et_pb_use_builder":"on","_et_pb_old_content":"","_et_gb_content_width":"","_monsterinsights_skip_tracking":false,"_monsterinsights_sitenote_active":false,"_monsterinsights_sitenote_note":"","_monsterinsights_sitenote_category":0},"product_brand":[],"product_cat":[31],"product_tag":[],"class_list":{"0":"post-18044","1":"product","2":"type-product","3":"status-publish","4":"has-post-thumbnail","6":"product_cat-libros","8":"first","9":"instock","10":"shipping-taxable","11":"product-type-simple"},"yoast_head":"<!-- This site is optimized with the Yoast SEO plugin v27.2 - https:\/\/yoast.com\/product\/yoast-seo-wordpress\/ -->\n<title>El c\u00f3mic como medio de comunicaci\u00f3n. De la industria comercial a ser parte de una cultura<\/title>\n<meta name=\"robots\" content=\"index, follow, max-snippet:-1, max-image-preview:large, max-video-preview:-1\" \/>\n<link rel=\"canonical\" href=\"https:\/\/www.historieta.es\/?product=el-comic-como-medio-de-comunicacion-de-la-industria-comercial-a-ser-parte-de-una-cultura\" \/>\n<meta property=\"og:locale\" content=\"es_ES\" \/>\n<meta property=\"og:type\" content=\"article\" \/>\n<meta property=\"og:title\" content=\"El c\u00f3mic como medio de comunicaci\u00f3n. De la industria comercial a ser parte de una cultura\" \/>\n<meta property=\"og:description\" content=\"El c\u00f3mic como medio de comunicaci\u00f3n. De la industria comercial a ser parte de una cultura, Castellano, Daniela Victoria Gonz\u00e1lez Montalvo, Editorial Acad\u00e9mica Espa\u00f1ola\" \/>\n<meta property=\"og:url\" content=\"https:\/\/www.historieta.es\/?product=el-comic-como-medio-de-comunicacion-de-la-industria-comercial-a-ser-parte-de-una-cultura\" \/>\n<meta property=\"og:site_name\" content=\"historieta\" \/>\n<meta property=\"article:modified_time\" content=\"2024-12-21T21:21:13+00:00\" \/>\n<meta property=\"og:image\" content=\"https:\/\/www.historieta.es\/wp-content\/uploads\/2024\/12\/El-comic-como-medio-de-comunicacion.-De-la-industria-comercial-a-ser-parte-de-una-cultura.png\" \/>\n\t<meta property=\"og:image:width\" content=\"600\" \/>\n\t<meta property=\"og:image:height\" content=\"600\" \/>\n\t<meta property=\"og:image:type\" content=\"image\/png\" \/>\n<meta name=\"twitter:card\" content=\"summary_large_image\" \/>\n<meta name=\"twitter:label1\" content=\"Tiempo de lectura\" \/>\n\t<meta name=\"twitter:data1\" content=\"2 minutos\" \/>\n<script type=\"application\/ld+json\" class=\"yoast-schema-graph\">{\"@context\":\"https:\/\/schema.org\",\"@graph\":[{\"@type\":\"WebPage\",\"@id\":\"https:\/\/www.historieta.es\/?product=el-comic-como-medio-de-comunicacion-de-la-industria-comercial-a-ser-parte-de-una-cultura\",\"url\":\"https:\/\/www.historieta.es\/?product=el-comic-como-medio-de-comunicacion-de-la-industria-comercial-a-ser-parte-de-una-cultura\",\"name\":\"El c\u00f3mic como medio de comunicaci\u00f3n. De la industria comercial a ser parte de una cultura\",\"isPartOf\":{\"@id\":\"https:\/\/www.historieta.es\/#website\"},\"primaryImageOfPage\":{\"@id\":\"https:\/\/www.historieta.es\/?product=el-comic-como-medio-de-comunicacion-de-la-industria-comercial-a-ser-parte-de-una-cultura#primaryimage\"},\"image\":{\"@id\":\"https:\/\/www.historieta.es\/?product=el-comic-como-medio-de-comunicacion-de-la-industria-comercial-a-ser-parte-de-una-cultura#primaryimage\"},\"thumbnailUrl\":\"https:\/\/www.historieta.es\/wp-content\/uploads\/2024\/12\/El-comic-como-medio-de-comunicacion.-De-la-industria-comercial-a-ser-parte-de-una-cultura.png\",\"datePublished\":\"2024-12-21T21:20:28+00:00\",\"dateModified\":\"2024-12-21T21:21:13+00:00\",\"breadcrumb\":{\"@id\":\"https:\/\/www.historieta.es\/?product=el-comic-como-medio-de-comunicacion-de-la-industria-comercial-a-ser-parte-de-una-cultura#breadcrumb\"},\"inLanguage\":\"es\",\"potentialAction\":[{\"@type\":\"ReadAction\",\"target\":[\"https:\/\/www.historieta.es\/?product=el-comic-como-medio-de-comunicacion-de-la-industria-comercial-a-ser-parte-de-una-cultura\"]}]},{\"@type\":\"ImageObject\",\"inLanguage\":\"es\",\"@id\":\"https:\/\/www.historieta.es\/?product=el-comic-como-medio-de-comunicacion-de-la-industria-comercial-a-ser-parte-de-una-cultura#primaryimage\",\"url\":\"https:\/\/www.historieta.es\/wp-content\/uploads\/2024\/12\/El-comic-como-medio-de-comunicacion.-De-la-industria-comercial-a-ser-parte-de-una-cultura.png\",\"contentUrl\":\"https:\/\/www.historieta.es\/wp-content\/uploads\/2024\/12\/El-comic-como-medio-de-comunicacion.-De-la-industria-comercial-a-ser-parte-de-una-cultura.png\",\"width\":600,\"height\":600},{\"@type\":\"BreadcrumbList\",\"@id\":\"https:\/\/www.historieta.es\/?product=el-comic-como-medio-de-comunicacion-de-la-industria-comercial-a-ser-parte-de-una-cultura#breadcrumb\",\"itemListElement\":[{\"@type\":\"ListItem\",\"position\":1,\"name\":\"Portada\",\"item\":\"https:\/\/www.historieta.es\/\"},{\"@type\":\"ListItem\",\"position\":2,\"name\":\"Productos\",\"item\":\"https:\/\/www.historieta.es\/?post_type=product\"},{\"@type\":\"ListItem\",\"position\":3,\"name\":\"El c\u00f3mic como medio de comunicaci\u00f3n. De la industria comercial a ser parte de una cultura\"}]},{\"@type\":\"WebSite\",\"@id\":\"https:\/\/www.historieta.es\/#website\",\"url\":\"https:\/\/www.historieta.es\/\",\"name\":\"historieta\",\"description\":\"sitio de comic\",\"potentialAction\":[{\"@type\":\"SearchAction\",\"target\":{\"@type\":\"EntryPoint\",\"urlTemplate\":\"https:\/\/www.historieta.es\/?s={search_term_string}\"},\"query-input\":{\"@type\":\"PropertyValueSpecification\",\"valueRequired\":true,\"valueName\":\"search_term_string\"}}],\"inLanguage\":\"es\"}]}<\/script>\n<!-- \/ Yoast SEO plugin. -->","yoast_head_json":{"title":"El c\u00f3mic como medio de comunicaci\u00f3n. De la industria comercial a ser parte de una cultura","robots":{"index":"index","follow":"follow","max-snippet":"max-snippet:-1","max-image-preview":"max-image-preview:large","max-video-preview":"max-video-preview:-1"},"canonical":"https:\/\/www.historieta.es\/?product=el-comic-como-medio-de-comunicacion-de-la-industria-comercial-a-ser-parte-de-una-cultura","og_locale":"es_ES","og_type":"article","og_title":"El c\u00f3mic como medio de comunicaci\u00f3n. De la industria comercial a ser parte de una cultura","og_description":"El c\u00f3mic como medio de comunicaci\u00f3n. De la industria comercial a ser parte de una cultura, Castellano, Daniela Victoria Gonz\u00e1lez Montalvo, Editorial Acad\u00e9mica Espa\u00f1ola","og_url":"https:\/\/www.historieta.es\/?product=el-comic-como-medio-de-comunicacion-de-la-industria-comercial-a-ser-parte-de-una-cultura","og_site_name":"historieta","article_modified_time":"2024-12-21T21:21:13+00:00","og_image":[{"width":600,"height":600,"url":"https:\/\/www.historieta.es\/wp-content\/uploads\/2024\/12\/El-comic-como-medio-de-comunicacion.-De-la-industria-comercial-a-ser-parte-de-una-cultura.png","type":"image\/png"}],"twitter_card":"summary_large_image","twitter_misc":{"Tiempo de lectura":"2 minutos"},"schema":{"@context":"https:\/\/schema.org","@graph":[{"@type":"WebPage","@id":"https:\/\/www.historieta.es\/?product=el-comic-como-medio-de-comunicacion-de-la-industria-comercial-a-ser-parte-de-una-cultura","url":"https:\/\/www.historieta.es\/?product=el-comic-como-medio-de-comunicacion-de-la-industria-comercial-a-ser-parte-de-una-cultura","name":"El c\u00f3mic como medio de comunicaci\u00f3n. De la industria comercial a ser parte de una cultura","isPartOf":{"@id":"https:\/\/www.historieta.es\/#website"},"primaryImageOfPage":{"@id":"https:\/\/www.historieta.es\/?product=el-comic-como-medio-de-comunicacion-de-la-industria-comercial-a-ser-parte-de-una-cultura#primaryimage"},"image":{"@id":"https:\/\/www.historieta.es\/?product=el-comic-como-medio-de-comunicacion-de-la-industria-comercial-a-ser-parte-de-una-cultura#primaryimage"},"thumbnailUrl":"https:\/\/www.historieta.es\/wp-content\/uploads\/2024\/12\/El-comic-como-medio-de-comunicacion.-De-la-industria-comercial-a-ser-parte-de-una-cultura.png","datePublished":"2024-12-21T21:20:28+00:00","dateModified":"2024-12-21T21:21:13+00:00","breadcrumb":{"@id":"https:\/\/www.historieta.es\/?product=el-comic-como-medio-de-comunicacion-de-la-industria-comercial-a-ser-parte-de-una-cultura#breadcrumb"},"inLanguage":"es","potentialAction":[{"@type":"ReadAction","target":["https:\/\/www.historieta.es\/?product=el-comic-como-medio-de-comunicacion-de-la-industria-comercial-a-ser-parte-de-una-cultura"]}]},{"@type":"ImageObject","inLanguage":"es","@id":"https:\/\/www.historieta.es\/?product=el-comic-como-medio-de-comunicacion-de-la-industria-comercial-a-ser-parte-de-una-cultura#primaryimage","url":"https:\/\/www.historieta.es\/wp-content\/uploads\/2024\/12\/El-comic-como-medio-de-comunicacion.-De-la-industria-comercial-a-ser-parte-de-una-cultura.png","contentUrl":"https:\/\/www.historieta.es\/wp-content\/uploads\/2024\/12\/El-comic-como-medio-de-comunicacion.-De-la-industria-comercial-a-ser-parte-de-una-cultura.png","width":600,"height":600},{"@type":"BreadcrumbList","@id":"https:\/\/www.historieta.es\/?product=el-comic-como-medio-de-comunicacion-de-la-industria-comercial-a-ser-parte-de-una-cultura#breadcrumb","itemListElement":[{"@type":"ListItem","position":1,"name":"Portada","item":"https:\/\/www.historieta.es\/"},{"@type":"ListItem","position":2,"name":"Productos","item":"https:\/\/www.historieta.es\/?post_type=product"},{"@type":"ListItem","position":3,"name":"El c\u00f3mic como medio de comunicaci\u00f3n. De la industria comercial a ser parte de una cultura"}]},{"@type":"WebSite","@id":"https:\/\/www.historieta.es\/#website","url":"https:\/\/www.historieta.es\/","name":"historieta","description":"sitio de comic","potentialAction":[{"@type":"SearchAction","target":{"@type":"EntryPoint","urlTemplate":"https:\/\/www.historieta.es\/?s={search_term_string}"},"query-input":{"@type":"PropertyValueSpecification","valueRequired":true,"valueName":"search_term_string"}}],"inLanguage":"es"}]}},"_links":{"self":[{"href":"https:\/\/www.historieta.es\/index.php?rest_route=\/wp\/v2\/product\/18044","targetHints":{"allow":["GET"]}}],"collection":[{"href":"https:\/\/www.historieta.es\/index.php?rest_route=\/wp\/v2\/product"}],"about":[{"href":"https:\/\/www.historieta.es\/index.php?rest_route=\/wp\/v2\/types\/product"}],"wp:featuredmedia":[{"embeddable":true,"href":"https:\/\/www.historieta.es\/index.php?rest_route=\/wp\/v2\/media\/18045"}],"wp:attachment":[{"href":"https:\/\/www.historieta.es\/index.php?rest_route=%2Fwp%2Fv2%2Fmedia&parent=18044"}],"wp:term":[{"taxonomy":"product_brand","embeddable":true,"href":"https:\/\/www.historieta.es\/index.php?rest_route=%2Fwp%2Fv2%2Fproduct_brand&post=18044"},{"taxonomy":"product_cat","embeddable":true,"href":"https:\/\/www.historieta.es\/index.php?rest_route=%2Fwp%2Fv2%2Fproduct_cat&post=18044"},{"taxonomy":"product_tag","embeddable":true,"href":"https:\/\/www.historieta.es\/index.php?rest_route=%2Fwp%2Fv2%2Fproduct_tag&post=18044"}],"curies":[{"name":"wp","href":"https:\/\/api.w.org\/{rel}","templated":true}]}}