{"id":17773,"date":"2024-12-17T11:18:07","date_gmt":"2024-12-17T11:18:07","guid":{"rendered":"https:\/\/www.historieta.es\/?post_type=product&#038;p=17773"},"modified":"2024-12-17T11:18:10","modified_gmt":"2024-12-17T11:18:10","slug":"del-quijote-a-tintin-relaciones-insospechadas-entre-un-libro-de-burlas-y-un-tebeo-infantil","status":"publish","type":"product","link":"https:\/\/www.historieta.es\/?product=del-quijote-a-tintin-relaciones-insospechadas-entre-un-libro-de-burlas-y-un-tebeo-infantil","title":{"rendered":"Del Quijote a Tint\u00edn: Relaciones insospechadas entre un libro de \u00abburlas\u00bb y un tebeo \u00abinfantil\u00bb"},"content":{"rendered":"<p>[et_pb_section fb_built=\u00bb1&#8243; _builder_version=\u00bb4.20.2&#8243; custom_margin=\u00bb-44px|0px|-44px|0px|true|true\u00bb custom_padding=\u00bb0px|0px|0px|0px|true|true\u00bb collapsed=\u00bboff\u00bb global_colors_info=\u00bb{}\u00bb theme_builder_area=\u00bbpost_content\u00bb][et_pb_row column_structure=\u00bb2_5,3_5&#8243; _builder_version=\u00bb4.20.2&#8243; background_size=\u00bbinitial\u00bb background_position=\u00bbtop_left\u00bb background_repeat=\u00bbrepeat\u00bb width=\u00bb100%\u00bb custom_margin=\u00bb0px|0px|0px|0px|true|true\u00bb custom_padding=\u00bb0px|0px|0px|0px|true|true\u00bb global_colors_info=\u00bb{}\u00bb theme_builder_area=\u00bbpost_content\u00bb][et_pb_column type=\u00bb2_5&#8243; _builder_version=\u00bb4.16&#8243; custom_padding=\u00bb|||\u00bb global_colors_info=\u00bb{}\u00bb custom_padding__hover=\u00bb|||\u00bb theme_builder_area=\u00bbpost_content\u00bb][et_pb_wc_images _builder_version=\u00bb4.20.2&#8243; box_shadow_style=\u00bbpreset1&#8243; global_colors_info=\u00bb{}\u00bb theme_builder_area=\u00bbpost_content\u00bb][\/et_pb_wc_images][\/et_pb_column][et_pb_column type=\u00bb3_5&#8243; _builder_version=\u00bb4.20.2&#8243; _module_preset=\u00bbdefault\u00bb global_colors_info=\u00bb{}\u00bb theme_builder_area=\u00bbpost_content\u00bb][et_pb_tabs _builder_version=\u00bb4.25.0&#8243; _module_preset=\u00bbdefault\u00bb hover_enabled=\u00bb0&#8243; global_colors_info=\u00bb{}\u00bb theme_builder_area=\u00bbpost_content\u00bb sticky_enabled=\u00bb0&#8243;][et_pb_tab title=\u00bbDatos\u00bb _builder_version=\u00bb4.25.0&#8243; _module_preset=\u00bbdefault\u00bb hover_enabled=\u00bb0&#8243; global_colors_info=\u00bb{}\u00bb theme_builder_area=\u00bbpost_content\u00bb sticky_enabled=\u00bb0&#8243;]<\/p>\n<p>Autor: Joan Manuel Soldevilla<\/p>\n<p>Editorial: Edicions Cal\u00b7l\u00edgraf<\/p>\n<p>Ciudad: Figueres<\/p>\n<p>Pa\u00eds: Espa\u00f1a<\/p>\n<p>Tama\u00f1o: 14&#215;21<\/p>\n<p>P\u00e1ginas: 290<\/p>\n<p>A\u00f1o: 2020<\/p>\n<p>Dep\u00f3sito legal:<\/p>\n<p>ISBN: 978-8412078282<\/p>\n<p><strong>IDIOMA: Castellano<br \/><\/strong><\/p>\n<p>[\/et_pb_tab][et_pb_tab title=\u00bbDescripci\u00f3n\u00bb _builder_version=\u00bb4.25.0&#8243; _module_preset=\u00bbdefault\u00bb hover_enabled=\u00bb0&#8243; global_colors_info=\u00bb{}\u00bb theme_builder_area=\u00bbpost_content\u00bb sticky_enabled=\u00bb0&#8243;]<\/p>\n<p>Reunir y estudiar en una misma investigaci\u00f3n las relaciones existentes entre las historias de dos personajes de la talla de Don Quijote y de Tint\u00edn no est\u00e1 al alcance de cualquiera. Solo alguien radicalmente enamorado del arte de Herg\u00e9 y de su \u00abl\u00ednea clara\u00bb y, al mismo tiempo, estupendo conocedor de la inmortal novela de Cervantes podr\u00eda hacerse cargo de esa labor.<br \/>Del Quijote a Tint\u00edn se organiza bajo la especie de un diccionario biling\u00fce Quijote-Tint\u00edn, Tint\u00edn-Quijote, con distintos lemas ordenados alfab\u00e9ticamente donde se van analizando los paralelismos que ofrecen ambos personajes, que son muchos m\u00e1s de los que hubi\u00e9ramos pensado antes de que Joan Manuel Soldevilla los descubriera y los pusiera en valor ante nuestros ojos at\u00f3nitos.<br \/>Del Quijote a Tint\u00edn es, de principio a fin, una fiesta de la sensibilidad y de la inteligencia.<br \/>Del Pr\u00f3logo de Luis Alberto de Cuenca<\/p>\n<p>[\/et_pb_tab][et_pb_tab title=\u00bbBibliograf\u00eda\u00bb _builder_version=\u00bb4.20.2&#8243; _module_preset=\u00bbdefault\u00bb global_colors_info=\u00bb{}\u00bb theme_builder_area=\u00bbpost_content\u00bb][\/et_pb_tab][\/et_pb_tabs][et_pb_wc_title _builder_version=\u00bb4.20.2&#8243; header_font=\u00bb|600|||||||\u00bb header_text_color=\u00bb#0C71C3&#8243; header_font_size=\u00bb25px\u00bb custom_margin=\u00bb0px|0px|0px|0px|true|true\u00bb custom_padding=\u00bb0px|0px|0px|0px|true|true\u00bb global_colors_info=\u00bb{}\u00bb theme_builder_area=\u00bbpost_content\u00bb][\/et_pb_wc_title][\/et_pb_column][\/et_pb_row][\/et_pb_section][et_pb_section fb_built=\u00bb1&#8243; _builder_version=\u00bb4.20.2&#8243; _module_preset=\u00bbdefault\u00bb global_colors_info=\u00bb{}\u00bb theme_builder_area=\u00bbpost_content\u00bb][\/et_pb_section][et_pb_section fb_built=\u00bb1&#8243; _builder_version=\u00bb4.20.2&#8243; _module_preset=\u00bbdefault\u00bb global_colors_info=\u00bb{}\u00bb theme_builder_area=\u00bbpost_content\u00bb][\/et_pb_section]<\/p>\n","protected":false},"excerpt":{"rendered":"<p>Del Quijote a Tint\u00edn: Relaciones insospechadas entre un libro de \u00abburlas\u00bb y un tebeo \u00abinfantil\u00bb, Castellano, Espa\u00f1a, Joan Manuel Soldevilla, Edicions Cal\u00b7l\u00edgraf, Figueres<\/p>\n","protected":false},"featured_media":17774,"template":"","meta":{"_et_pb_use_builder":"on","_et_pb_old_content":"","_et_gb_content_width":"","_monsterinsights_skip_tracking":false,"_monsterinsights_sitenote_active":false,"_monsterinsights_sitenote_note":"","_monsterinsights_sitenote_category":0},"product_brand":[],"product_cat":[31,44],"product_tag":[],"class_list":{"0":"post-17773","1":"product","2":"type-product","3":"status-publish","4":"has-post-thumbnail","6":"product_cat-libros","7":"product_cat-tema-tintin","9":"first","10":"instock","11":"shipping-taxable","12":"product-type-simple"},"yoast_head":"<!-- This site is optimized with the Yoast SEO plugin v27.2 - https:\/\/yoast.com\/product\/yoast-seo-wordpress\/ -->\n<title>Del Quijote a Tint\u00edn: Relaciones insospechadas entre un libro de &quot;burlas&quot; y un tebeo &quot;infantil&quot;<\/title>\n<meta name=\"robots\" content=\"index, follow, max-snippet:-1, max-image-preview:large, max-video-preview:-1\" \/>\n<link rel=\"canonical\" href=\"https:\/\/www.historieta.es\/?product=del-quijote-a-tintin-relaciones-insospechadas-entre-un-libro-de-burlas-y-un-tebeo-infantil\" \/>\n<meta property=\"og:locale\" content=\"es_ES\" \/>\n<meta property=\"og:type\" content=\"article\" \/>\n<meta property=\"og:title\" content=\"Del Quijote a Tint\u00edn: Relaciones insospechadas entre un libro de &quot;burlas&quot; y un tebeo &quot;infantil&quot;\" \/>\n<meta property=\"og:description\" content=\"Del Quijote a Tint\u00edn: Relaciones insospechadas entre un libro de &quot;burlas&quot; y un tebeo &quot;infantil&quot;, Castellano, Espa\u00f1a, Joan Manuel Soldevilla, Edicions Cal\u00b7l\u00edgraf, Figueres\" \/>\n<meta property=\"og:url\" content=\"https:\/\/www.historieta.es\/?product=del-quijote-a-tintin-relaciones-insospechadas-entre-un-libro-de-burlas-y-un-tebeo-infantil\" \/>\n<meta property=\"og:site_name\" content=\"historieta\" \/>\n<meta property=\"article:modified_time\" content=\"2024-12-17T11:18:10+00:00\" \/>\n<meta property=\"og:image\" content=\"https:\/\/www.historieta.es\/wp-content\/uploads\/2024\/12\/Del-Quijote-a-Tintin-Relaciones-insospechadas-entre-un-libro-de-burlas-y-un-tebeo-infantil.png\" \/>\n\t<meta property=\"og:image:width\" content=\"600\" \/>\n\t<meta property=\"og:image:height\" content=\"600\" \/>\n\t<meta property=\"og:image:type\" content=\"image\/png\" \/>\n<meta name=\"twitter:card\" content=\"summary_large_image\" \/>\n<meta name=\"twitter:label1\" content=\"Tiempo de lectura\" \/>\n\t<meta name=\"twitter:data1\" content=\"3 minutos\" \/>\n<script type=\"application\/ld+json\" class=\"yoast-schema-graph\">{\"@context\":\"https:\/\/schema.org\",\"@graph\":[{\"@type\":\"WebPage\",\"@id\":\"https:\/\/www.historieta.es\/?product=del-quijote-a-tintin-relaciones-insospechadas-entre-un-libro-de-burlas-y-un-tebeo-infantil\",\"url\":\"https:\/\/www.historieta.es\/?product=del-quijote-a-tintin-relaciones-insospechadas-entre-un-libro-de-burlas-y-un-tebeo-infantil\",\"name\":\"Del Quijote a Tint\u00edn: Relaciones insospechadas entre un libro de \\\"burlas\\\" y un tebeo \\\"infantil\\\"\",\"isPartOf\":{\"@id\":\"https:\/\/www.historieta.es\/#website\"},\"primaryImageOfPage\":{\"@id\":\"https:\/\/www.historieta.es\/?product=del-quijote-a-tintin-relaciones-insospechadas-entre-un-libro-de-burlas-y-un-tebeo-infantil#primaryimage\"},\"image\":{\"@id\":\"https:\/\/www.historieta.es\/?product=del-quijote-a-tintin-relaciones-insospechadas-entre-un-libro-de-burlas-y-un-tebeo-infantil#primaryimage\"},\"thumbnailUrl\":\"https:\/\/www.historieta.es\/wp-content\/uploads\/2024\/12\/Del-Quijote-a-Tintin-Relaciones-insospechadas-entre-un-libro-de-burlas-y-un-tebeo-infantil.png\",\"datePublished\":\"2024-12-17T11:18:07+00:00\",\"dateModified\":\"2024-12-17T11:18:10+00:00\",\"breadcrumb\":{\"@id\":\"https:\/\/www.historieta.es\/?product=del-quijote-a-tintin-relaciones-insospechadas-entre-un-libro-de-burlas-y-un-tebeo-infantil#breadcrumb\"},\"inLanguage\":\"es\",\"potentialAction\":[{\"@type\":\"ReadAction\",\"target\":[\"https:\/\/www.historieta.es\/?product=del-quijote-a-tintin-relaciones-insospechadas-entre-un-libro-de-burlas-y-un-tebeo-infantil\"]}]},{\"@type\":\"ImageObject\",\"inLanguage\":\"es\",\"@id\":\"https:\/\/www.historieta.es\/?product=del-quijote-a-tintin-relaciones-insospechadas-entre-un-libro-de-burlas-y-un-tebeo-infantil#primaryimage\",\"url\":\"https:\/\/www.historieta.es\/wp-content\/uploads\/2024\/12\/Del-Quijote-a-Tintin-Relaciones-insospechadas-entre-un-libro-de-burlas-y-un-tebeo-infantil.png\",\"contentUrl\":\"https:\/\/www.historieta.es\/wp-content\/uploads\/2024\/12\/Del-Quijote-a-Tintin-Relaciones-insospechadas-entre-un-libro-de-burlas-y-un-tebeo-infantil.png\",\"width\":600,\"height\":600},{\"@type\":\"BreadcrumbList\",\"@id\":\"https:\/\/www.historieta.es\/?product=del-quijote-a-tintin-relaciones-insospechadas-entre-un-libro-de-burlas-y-un-tebeo-infantil#breadcrumb\",\"itemListElement\":[{\"@type\":\"ListItem\",\"position\":1,\"name\":\"Portada\",\"item\":\"https:\/\/www.historieta.es\/\"},{\"@type\":\"ListItem\",\"position\":2,\"name\":\"Productos\",\"item\":\"https:\/\/www.historieta.es\/?post_type=product\"},{\"@type\":\"ListItem\",\"position\":3,\"name\":\"Del Quijote a Tint\u00edn: Relaciones insospechadas entre un libro de \u00abburlas\u00bb y un tebeo \u00abinfantil\u00bb\"}]},{\"@type\":\"WebSite\",\"@id\":\"https:\/\/www.historieta.es\/#website\",\"url\":\"https:\/\/www.historieta.es\/\",\"name\":\"historieta\",\"description\":\"sitio de comic\",\"potentialAction\":[{\"@type\":\"SearchAction\",\"target\":{\"@type\":\"EntryPoint\",\"urlTemplate\":\"https:\/\/www.historieta.es\/?s={search_term_string}\"},\"query-input\":{\"@type\":\"PropertyValueSpecification\",\"valueRequired\":true,\"valueName\":\"search_term_string\"}}],\"inLanguage\":\"es\"}]}<\/script>\n<!-- \/ Yoast SEO plugin. -->","yoast_head_json":{"title":"Del Quijote a Tint\u00edn: Relaciones insospechadas entre un libro de \"burlas\" y un tebeo \"infantil\"","robots":{"index":"index","follow":"follow","max-snippet":"max-snippet:-1","max-image-preview":"max-image-preview:large","max-video-preview":"max-video-preview:-1"},"canonical":"https:\/\/www.historieta.es\/?product=del-quijote-a-tintin-relaciones-insospechadas-entre-un-libro-de-burlas-y-un-tebeo-infantil","og_locale":"es_ES","og_type":"article","og_title":"Del Quijote a Tint\u00edn: Relaciones insospechadas entre un libro de \"burlas\" y un tebeo \"infantil\"","og_description":"Del Quijote a Tint\u00edn: Relaciones insospechadas entre un libro de \"burlas\" y un tebeo \"infantil\", Castellano, Espa\u00f1a, Joan Manuel Soldevilla, Edicions Cal\u00b7l\u00edgraf, Figueres","og_url":"https:\/\/www.historieta.es\/?product=del-quijote-a-tintin-relaciones-insospechadas-entre-un-libro-de-burlas-y-un-tebeo-infantil","og_site_name":"historieta","article_modified_time":"2024-12-17T11:18:10+00:00","og_image":[{"width":600,"height":600,"url":"https:\/\/www.historieta.es\/wp-content\/uploads\/2024\/12\/Del-Quijote-a-Tintin-Relaciones-insospechadas-entre-un-libro-de-burlas-y-un-tebeo-infantil.png","type":"image\/png"}],"twitter_card":"summary_large_image","twitter_misc":{"Tiempo de lectura":"3 minutos"},"schema":{"@context":"https:\/\/schema.org","@graph":[{"@type":"WebPage","@id":"https:\/\/www.historieta.es\/?product=del-quijote-a-tintin-relaciones-insospechadas-entre-un-libro-de-burlas-y-un-tebeo-infantil","url":"https:\/\/www.historieta.es\/?product=del-quijote-a-tintin-relaciones-insospechadas-entre-un-libro-de-burlas-y-un-tebeo-infantil","name":"Del Quijote a Tint\u00edn: Relaciones insospechadas entre un libro de \"burlas\" y un tebeo \"infantil\"","isPartOf":{"@id":"https:\/\/www.historieta.es\/#website"},"primaryImageOfPage":{"@id":"https:\/\/www.historieta.es\/?product=del-quijote-a-tintin-relaciones-insospechadas-entre-un-libro-de-burlas-y-un-tebeo-infantil#primaryimage"},"image":{"@id":"https:\/\/www.historieta.es\/?product=del-quijote-a-tintin-relaciones-insospechadas-entre-un-libro-de-burlas-y-un-tebeo-infantil#primaryimage"},"thumbnailUrl":"https:\/\/www.historieta.es\/wp-content\/uploads\/2024\/12\/Del-Quijote-a-Tintin-Relaciones-insospechadas-entre-un-libro-de-burlas-y-un-tebeo-infantil.png","datePublished":"2024-12-17T11:18:07+00:00","dateModified":"2024-12-17T11:18:10+00:00","breadcrumb":{"@id":"https:\/\/www.historieta.es\/?product=del-quijote-a-tintin-relaciones-insospechadas-entre-un-libro-de-burlas-y-un-tebeo-infantil#breadcrumb"},"inLanguage":"es","potentialAction":[{"@type":"ReadAction","target":["https:\/\/www.historieta.es\/?product=del-quijote-a-tintin-relaciones-insospechadas-entre-un-libro-de-burlas-y-un-tebeo-infantil"]}]},{"@type":"ImageObject","inLanguage":"es","@id":"https:\/\/www.historieta.es\/?product=del-quijote-a-tintin-relaciones-insospechadas-entre-un-libro-de-burlas-y-un-tebeo-infantil#primaryimage","url":"https:\/\/www.historieta.es\/wp-content\/uploads\/2024\/12\/Del-Quijote-a-Tintin-Relaciones-insospechadas-entre-un-libro-de-burlas-y-un-tebeo-infantil.png","contentUrl":"https:\/\/www.historieta.es\/wp-content\/uploads\/2024\/12\/Del-Quijote-a-Tintin-Relaciones-insospechadas-entre-un-libro-de-burlas-y-un-tebeo-infantil.png","width":600,"height":600},{"@type":"BreadcrumbList","@id":"https:\/\/www.historieta.es\/?product=del-quijote-a-tintin-relaciones-insospechadas-entre-un-libro-de-burlas-y-un-tebeo-infantil#breadcrumb","itemListElement":[{"@type":"ListItem","position":1,"name":"Portada","item":"https:\/\/www.historieta.es\/"},{"@type":"ListItem","position":2,"name":"Productos","item":"https:\/\/www.historieta.es\/?post_type=product"},{"@type":"ListItem","position":3,"name":"Del Quijote a Tint\u00edn: Relaciones insospechadas entre un libro de \u00abburlas\u00bb y un tebeo \u00abinfantil\u00bb"}]},{"@type":"WebSite","@id":"https:\/\/www.historieta.es\/#website","url":"https:\/\/www.historieta.es\/","name":"historieta","description":"sitio de comic","potentialAction":[{"@type":"SearchAction","target":{"@type":"EntryPoint","urlTemplate":"https:\/\/www.historieta.es\/?s={search_term_string}"},"query-input":{"@type":"PropertyValueSpecification","valueRequired":true,"valueName":"search_term_string"}}],"inLanguage":"es"}]}},"_links":{"self":[{"href":"https:\/\/www.historieta.es\/index.php?rest_route=\/wp\/v2\/product\/17773","targetHints":{"allow":["GET"]}}],"collection":[{"href":"https:\/\/www.historieta.es\/index.php?rest_route=\/wp\/v2\/product"}],"about":[{"href":"https:\/\/www.historieta.es\/index.php?rest_route=\/wp\/v2\/types\/product"}],"wp:featuredmedia":[{"embeddable":true,"href":"https:\/\/www.historieta.es\/index.php?rest_route=\/wp\/v2\/media\/17774"}],"wp:attachment":[{"href":"https:\/\/www.historieta.es\/index.php?rest_route=%2Fwp%2Fv2%2Fmedia&parent=17773"}],"wp:term":[{"taxonomy":"product_brand","embeddable":true,"href":"https:\/\/www.historieta.es\/index.php?rest_route=%2Fwp%2Fv2%2Fproduct_brand&post=17773"},{"taxonomy":"product_cat","embeddable":true,"href":"https:\/\/www.historieta.es\/index.php?rest_route=%2Fwp%2Fv2%2Fproduct_cat&post=17773"},{"taxonomy":"product_tag","embeddable":true,"href":"https:\/\/www.historieta.es\/index.php?rest_route=%2Fwp%2Fv2%2Fproduct_tag&post=17773"}],"curies":[{"name":"wp","href":"https:\/\/api.w.org\/{rel}","templated":true}]}}