{"id":17456,"date":"2024-11-29T16:07:07","date_gmt":"2024-11-29T16:07:07","guid":{"rendered":"https:\/\/www.historieta.es\/?post_type=product&#038;p=17456"},"modified":"2024-11-29T16:09:42","modified_gmt":"2024-11-29T16:09:42","slug":"la-espana-del-tebeo-la-historieta-espanola-de-1940-a-2000","status":"publish","type":"product","link":"https:\/\/www.historieta.es\/?product=la-espana-del-tebeo-la-historieta-espanola-de-1940-a-2000","title":{"rendered":"La Espa\u00f1a del tebeo. La historieta espa\u00f1ola de 1940 a 2000"},"content":{"rendered":"<p>[et_pb_section fb_built=\u00bb1&#8243; _builder_version=\u00bb4.20.2&#8243; custom_margin=\u00bb-44px|0px|-44px|0px|true|true\u00bb custom_padding=\u00bb0px|0px|0px|0px|true|true\u00bb collapsed=\u00bboff\u00bb global_colors_info=\u00bb{}\u00bb][et_pb_row column_structure=\u00bb2_5,3_5&#8243; _builder_version=\u00bb4.20.2&#8243; background_size=\u00bbinitial\u00bb background_position=\u00bbtop_left\u00bb background_repeat=\u00bbrepeat\u00bb width=\u00bb100%\u00bb custom_margin=\u00bb0px|0px|0px|0px|true|true\u00bb custom_padding=\u00bb0px|0px|0px|0px|true|true\u00bb global_colors_info=\u00bb{}\u00bb][et_pb_column type=\u00bb2_5&#8243; _builder_version=\u00bb4.16&#8243; custom_padding=\u00bb|||\u00bb global_colors_info=\u00bb{}\u00bb custom_padding__hover=\u00bb|||\u00bb][et_pb_wc_images _builder_version=\u00bb4.20.2&#8243; box_shadow_style=\u00bbpreset1&#8243; global_colors_info=\u00bb{}\u00bb][\/et_pb_wc_images][\/et_pb_column][et_pb_column type=\u00bb3_5&#8243; _builder_version=\u00bb4.20.2&#8243; _module_preset=\u00bbdefault\u00bb global_colors_info=\u00bb{}\u00bb][et_pb_tabs _builder_version=\u00bb4.25.0&#8243; _module_preset=\u00bbdefault\u00bb global_colors_info=\u00bb{}\u00bb][et_pb_tab title=\u00bbDatos\u00bb _builder_version=\u00bb4.25.0&#8243; _module_preset=\u00bbdefault\u00bb global_colors_info=\u00bb{}\u00bb]<\/p>\n<p>Autor: Antonio Altarriba<\/p>\n<p>Editorial: Espasa Calpe<\/p>\n<p>Ciudad: Barcelona<\/p>\n<p>Pa\u00eds: Espa\u00f1a<\/p>\n<p>Tama\u00f1o: 16&#215;23<\/p>\n<p>P\u00e1ginas: 472<\/p>\n<p>A\u00f1o: 2001<\/p>\n<p>Dep\u00f3sito legal:<\/p>\n<p>ISBN: 978-8423925452<\/p>\n<p><strong>IDIOMA: Castellano<br \/><\/strong><\/p>\n<p>[\/et_pb_tab][et_pb_tab title=\u00bbDescripci\u00f3n\u00bb _builder_version=\u00bb4.25.0&#8243; _module_preset=\u00bbdefault\u00bb global_colors_info=\u00bb{}\u00bb]<\/p>\n<p>Tuvo una reedici\u00f3n en el 2022, a cargo de Grafikalismos \/ Universidad de Le\u00f3n.<\/p>\n<p>Hubo un tiempo en que Espa\u00f1a fue de tebeo. Durante la posguerra, entre pechos henchidos de orgullo fascista, humillaciones, hambres y sufrimientos, transcurr\u00eda una existencia dif\u00edcil, que obligaba a aguzar el ingenio y devolv\u00eda al primer plano de la actualidad las estrategias del p\u00edcaro. A la coincidencia tem\u00e1tica se sumaban las ventajas del medio: el tebeo ofrec\u00eda un vistoso teatrillo de papel al m\u00f3dico precio de una peseta. Vida y vi\u00f1eta se retroalimentaban y al final no se sabe bien si la realidad inspiraba la historieta o, al rev\u00e9s, la historieta deste\u00f1\u00eda la realidad y determinaba unos comportamientos tremendos, pomposos, descarnados e hilarantes. Fiel a su vinculaci\u00f3n con el esperpento franquista, la historieta se derrumb\u00f3 con el r\u00e9gimen. Espa\u00f1a alcanzaba la mayor\u00eda de edad pol\u00edtica y la historieta tambi\u00e9n se hizo adulta o, al menos, empez\u00f3 a dirigirse mayoritariamente a un p\u00fablico adulto. Los tebeos, ahora llamados \u00abc\u00f3mics\u00bb, se entregaron a la experimentaci\u00f3n, al relato intimista y a la descripci\u00f3n de las zonas m\u00e1s oscuras de la mente y tambi\u00e9n de la ciudad. Sus personajes se reciclaron en el cinismo, en la perplejidad existencial, en la radicalidad pol\u00edtica y en la marginalidad social. Los sesenta a\u00f1os de historieta que aqu\u00ed se revisan han suministrado un patrimonio cultural riqu\u00edsimo. Este libro aspira a recrear su esp\u00edritu, a reconstruir una parte al menos de ese embeleso encasillado que conten\u00edan los tebeos.<\/p>\n<p>[\/et_pb_tab][et_pb_tab title=\u00bbBibliograf\u00eda\u00bb _builder_version=\u00bb4.20.2&#8243; _module_preset=\u00bbdefault\u00bb global_colors_info=\u00bb{}\u00bb][\/et_pb_tab][\/et_pb_tabs][et_pb_wc_title _builder_version=\u00bb4.20.2&#8243; header_font=\u00bb|600|||||||\u00bb header_text_color=\u00bb#0C71C3&#8243; header_font_size=\u00bb25px\u00bb custom_margin=\u00bb0px|0px|0px|0px|true|true\u00bb custom_padding=\u00bb0px|0px|0px|0px|true|true\u00bb global_colors_info=\u00bb{}\u00bb][\/et_pb_wc_title][\/et_pb_column][\/et_pb_row][\/et_pb_section][et_pb_section fb_built=\u00bb1&#8243; _builder_version=\u00bb4.20.2&#8243; _module_preset=\u00bbdefault\u00bb global_colors_info=\u00bb{}\u00bb][\/et_pb_section][et_pb_section fb_built=\u00bb1&#8243; _builder_version=\u00bb4.20.2&#8243; _module_preset=\u00bbdefault\u00bb global_colors_info=\u00bb{}\u00bb][\/et_pb_section]<\/p>\n","protected":false},"excerpt":{"rendered":"<p>La Espa\u00f1a del tebeo, La historieta espa\u00f1ola de 1940 a 2000, Castellano, Espa\u00f1a, Antonio Altarriba, Espasa Calpe, Barcelona<\/p>\n","protected":false},"featured_media":17458,"template":"","meta":{"_et_pb_use_builder":"on","_et_pb_old_content":"","_et_gb_content_width":"","_monsterinsights_skip_tracking":false,"_monsterinsights_sitenote_active":false,"_monsterinsights_sitenote_note":"","_monsterinsights_sitenote_category":0},"product_brand":[],"product_cat":[31,51],"product_tag":[],"class_list":{"0":"post-17456","1":"product","2":"type-product","3":"status-publish","4":"has-post-thumbnail","6":"product_cat-libros","7":"product_cat-tema-historia-de-la-historieta","9":"first","10":"instock","11":"shipping-taxable","12":"product-type-simple"},"yoast_head":"<!-- This site is optimized with the Yoast SEO plugin v27.2 - https:\/\/yoast.com\/product\/yoast-seo-wordpress\/ -->\n<title>La Espa\u00f1a del tebeo. La historieta espa\u00f1ola de 1940 a 2000<\/title>\n<meta name=\"robots\" content=\"index, follow, max-snippet:-1, max-image-preview:large, max-video-preview:-1\" \/>\n<link rel=\"canonical\" href=\"https:\/\/www.historieta.es\/?product=la-espana-del-tebeo-la-historieta-espanola-de-1940-a-2000\" \/>\n<meta property=\"og:locale\" content=\"es_ES\" \/>\n<meta property=\"og:type\" content=\"article\" \/>\n<meta property=\"og:title\" content=\"La Espa\u00f1a del tebeo. La historieta espa\u00f1ola de 1940 a 2000\" \/>\n<meta property=\"og:description\" content=\"La Espa\u00f1a del tebeo, La historieta espa\u00f1ola de 1940 a 2000, Castellano, Espa\u00f1a, Antonio Altarriba, Espasa Calpe, Barcelona\" \/>\n<meta property=\"og:url\" content=\"https:\/\/www.historieta.es\/?product=la-espana-del-tebeo-la-historieta-espanola-de-1940-a-2000\" \/>\n<meta property=\"og:site_name\" content=\"historieta\" \/>\n<meta property=\"article:modified_time\" content=\"2024-11-29T16:09:42+00:00\" \/>\n<meta property=\"og:image\" content=\"https:\/\/www.historieta.es\/wp-content\/uploads\/2024\/11\/La-Espana-del-tebeo-La-historieta-espanola-de-1940-a-2000.png\" \/>\n\t<meta property=\"og:image:width\" content=\"600\" \/>\n\t<meta property=\"og:image:height\" content=\"600\" \/>\n\t<meta property=\"og:image:type\" content=\"image\/png\" \/>\n<meta name=\"twitter:card\" content=\"summary_large_image\" \/>\n<meta name=\"twitter:label1\" content=\"Tiempo de lectura\" \/>\n\t<meta name=\"twitter:data1\" content=\"3 minutos\" \/>\n<script type=\"application\/ld+json\" class=\"yoast-schema-graph\">{\"@context\":\"https:\/\/schema.org\",\"@graph\":[{\"@type\":\"WebPage\",\"@id\":\"https:\/\/www.historieta.es\/?product=la-espana-del-tebeo-la-historieta-espanola-de-1940-a-2000\",\"url\":\"https:\/\/www.historieta.es\/?product=la-espana-del-tebeo-la-historieta-espanola-de-1940-a-2000\",\"name\":\"La Espa\u00f1a del tebeo. La historieta espa\u00f1ola de 1940 a 2000\",\"isPartOf\":{\"@id\":\"https:\/\/www.historieta.es\/#website\"},\"primaryImageOfPage\":{\"@id\":\"https:\/\/www.historieta.es\/?product=la-espana-del-tebeo-la-historieta-espanola-de-1940-a-2000#primaryimage\"},\"image\":{\"@id\":\"https:\/\/www.historieta.es\/?product=la-espana-del-tebeo-la-historieta-espanola-de-1940-a-2000#primaryimage\"},\"thumbnailUrl\":\"https:\/\/www.historieta.es\/wp-content\/uploads\/2024\/11\/La-Espana-del-tebeo-La-historieta-espanola-de-1940-a-2000.png\",\"datePublished\":\"2024-11-29T16:07:07+00:00\",\"dateModified\":\"2024-11-29T16:09:42+00:00\",\"breadcrumb\":{\"@id\":\"https:\/\/www.historieta.es\/?product=la-espana-del-tebeo-la-historieta-espanola-de-1940-a-2000#breadcrumb\"},\"inLanguage\":\"es\",\"potentialAction\":[{\"@type\":\"ReadAction\",\"target\":[\"https:\/\/www.historieta.es\/?product=la-espana-del-tebeo-la-historieta-espanola-de-1940-a-2000\"]}]},{\"@type\":\"ImageObject\",\"inLanguage\":\"es\",\"@id\":\"https:\/\/www.historieta.es\/?product=la-espana-del-tebeo-la-historieta-espanola-de-1940-a-2000#primaryimage\",\"url\":\"https:\/\/www.historieta.es\/wp-content\/uploads\/2024\/11\/La-Espana-del-tebeo-La-historieta-espanola-de-1940-a-2000.png\",\"contentUrl\":\"https:\/\/www.historieta.es\/wp-content\/uploads\/2024\/11\/La-Espana-del-tebeo-La-historieta-espanola-de-1940-a-2000.png\",\"width\":600,\"height\":600},{\"@type\":\"BreadcrumbList\",\"@id\":\"https:\/\/www.historieta.es\/?product=la-espana-del-tebeo-la-historieta-espanola-de-1940-a-2000#breadcrumb\",\"itemListElement\":[{\"@type\":\"ListItem\",\"position\":1,\"name\":\"Portada\",\"item\":\"https:\/\/www.historieta.es\/\"},{\"@type\":\"ListItem\",\"position\":2,\"name\":\"Productos\",\"item\":\"https:\/\/www.historieta.es\/?post_type=product\"},{\"@type\":\"ListItem\",\"position\":3,\"name\":\"La Espa\u00f1a del tebeo. La historieta espa\u00f1ola de 1940 a 2000\"}]},{\"@type\":\"WebSite\",\"@id\":\"https:\/\/www.historieta.es\/#website\",\"url\":\"https:\/\/www.historieta.es\/\",\"name\":\"historieta\",\"description\":\"sitio de comic\",\"potentialAction\":[{\"@type\":\"SearchAction\",\"target\":{\"@type\":\"EntryPoint\",\"urlTemplate\":\"https:\/\/www.historieta.es\/?s={search_term_string}\"},\"query-input\":{\"@type\":\"PropertyValueSpecification\",\"valueRequired\":true,\"valueName\":\"search_term_string\"}}],\"inLanguage\":\"es\"}]}<\/script>\n<!-- \/ Yoast SEO plugin. -->","yoast_head_json":{"title":"La Espa\u00f1a del tebeo. La historieta espa\u00f1ola de 1940 a 2000","robots":{"index":"index","follow":"follow","max-snippet":"max-snippet:-1","max-image-preview":"max-image-preview:large","max-video-preview":"max-video-preview:-1"},"canonical":"https:\/\/www.historieta.es\/?product=la-espana-del-tebeo-la-historieta-espanola-de-1940-a-2000","og_locale":"es_ES","og_type":"article","og_title":"La Espa\u00f1a del tebeo. La historieta espa\u00f1ola de 1940 a 2000","og_description":"La Espa\u00f1a del tebeo, La historieta espa\u00f1ola de 1940 a 2000, Castellano, Espa\u00f1a, Antonio Altarriba, Espasa Calpe, Barcelona","og_url":"https:\/\/www.historieta.es\/?product=la-espana-del-tebeo-la-historieta-espanola-de-1940-a-2000","og_site_name":"historieta","article_modified_time":"2024-11-29T16:09:42+00:00","og_image":[{"width":600,"height":600,"url":"https:\/\/www.historieta.es\/wp-content\/uploads\/2024\/11\/La-Espana-del-tebeo-La-historieta-espanola-de-1940-a-2000.png","type":"image\/png"}],"twitter_card":"summary_large_image","twitter_misc":{"Tiempo de lectura":"3 minutos"},"schema":{"@context":"https:\/\/schema.org","@graph":[{"@type":"WebPage","@id":"https:\/\/www.historieta.es\/?product=la-espana-del-tebeo-la-historieta-espanola-de-1940-a-2000","url":"https:\/\/www.historieta.es\/?product=la-espana-del-tebeo-la-historieta-espanola-de-1940-a-2000","name":"La Espa\u00f1a del tebeo. La historieta espa\u00f1ola de 1940 a 2000","isPartOf":{"@id":"https:\/\/www.historieta.es\/#website"},"primaryImageOfPage":{"@id":"https:\/\/www.historieta.es\/?product=la-espana-del-tebeo-la-historieta-espanola-de-1940-a-2000#primaryimage"},"image":{"@id":"https:\/\/www.historieta.es\/?product=la-espana-del-tebeo-la-historieta-espanola-de-1940-a-2000#primaryimage"},"thumbnailUrl":"https:\/\/www.historieta.es\/wp-content\/uploads\/2024\/11\/La-Espana-del-tebeo-La-historieta-espanola-de-1940-a-2000.png","datePublished":"2024-11-29T16:07:07+00:00","dateModified":"2024-11-29T16:09:42+00:00","breadcrumb":{"@id":"https:\/\/www.historieta.es\/?product=la-espana-del-tebeo-la-historieta-espanola-de-1940-a-2000#breadcrumb"},"inLanguage":"es","potentialAction":[{"@type":"ReadAction","target":["https:\/\/www.historieta.es\/?product=la-espana-del-tebeo-la-historieta-espanola-de-1940-a-2000"]}]},{"@type":"ImageObject","inLanguage":"es","@id":"https:\/\/www.historieta.es\/?product=la-espana-del-tebeo-la-historieta-espanola-de-1940-a-2000#primaryimage","url":"https:\/\/www.historieta.es\/wp-content\/uploads\/2024\/11\/La-Espana-del-tebeo-La-historieta-espanola-de-1940-a-2000.png","contentUrl":"https:\/\/www.historieta.es\/wp-content\/uploads\/2024\/11\/La-Espana-del-tebeo-La-historieta-espanola-de-1940-a-2000.png","width":600,"height":600},{"@type":"BreadcrumbList","@id":"https:\/\/www.historieta.es\/?product=la-espana-del-tebeo-la-historieta-espanola-de-1940-a-2000#breadcrumb","itemListElement":[{"@type":"ListItem","position":1,"name":"Portada","item":"https:\/\/www.historieta.es\/"},{"@type":"ListItem","position":2,"name":"Productos","item":"https:\/\/www.historieta.es\/?post_type=product"},{"@type":"ListItem","position":3,"name":"La Espa\u00f1a del tebeo. La historieta espa\u00f1ola de 1940 a 2000"}]},{"@type":"WebSite","@id":"https:\/\/www.historieta.es\/#website","url":"https:\/\/www.historieta.es\/","name":"historieta","description":"sitio de comic","potentialAction":[{"@type":"SearchAction","target":{"@type":"EntryPoint","urlTemplate":"https:\/\/www.historieta.es\/?s={search_term_string}"},"query-input":{"@type":"PropertyValueSpecification","valueRequired":true,"valueName":"search_term_string"}}],"inLanguage":"es"}]}},"_links":{"self":[{"href":"https:\/\/www.historieta.es\/index.php?rest_route=\/wp\/v2\/product\/17456","targetHints":{"allow":["GET"]}}],"collection":[{"href":"https:\/\/www.historieta.es\/index.php?rest_route=\/wp\/v2\/product"}],"about":[{"href":"https:\/\/www.historieta.es\/index.php?rest_route=\/wp\/v2\/types\/product"}],"wp:featuredmedia":[{"embeddable":true,"href":"https:\/\/www.historieta.es\/index.php?rest_route=\/wp\/v2\/media\/17458"}],"wp:attachment":[{"href":"https:\/\/www.historieta.es\/index.php?rest_route=%2Fwp%2Fv2%2Fmedia&parent=17456"}],"wp:term":[{"taxonomy":"product_brand","embeddable":true,"href":"https:\/\/www.historieta.es\/index.php?rest_route=%2Fwp%2Fv2%2Fproduct_brand&post=17456"},{"taxonomy":"product_cat","embeddable":true,"href":"https:\/\/www.historieta.es\/index.php?rest_route=%2Fwp%2Fv2%2Fproduct_cat&post=17456"},{"taxonomy":"product_tag","embeddable":true,"href":"https:\/\/www.historieta.es\/index.php?rest_route=%2Fwp%2Fv2%2Fproduct_tag&post=17456"}],"curies":[{"name":"wp","href":"https:\/\/api.w.org\/{rel}","templated":true}]}}