{"id":17048,"date":"2024-11-15T07:47:17","date_gmt":"2024-11-15T07:47:17","guid":{"rendered":"https:\/\/www.historieta.es\/?post_type=product&#038;p=17048"},"modified":"2024-11-15T07:47:17","modified_gmt":"2024-11-15T07:47:17","slug":"batman-la-historia-definitiva-del-caballero-oscuro-en-el-comic-el-cine-y-mas-alla","status":"publish","type":"product","link":"https:\/\/www.historieta.es\/?product=batman-la-historia-definitiva-del-caballero-oscuro-en-el-comic-el-cine-y-mas-alla","title":{"rendered":"Batman la historia definitiva del caballero oscuro en el c\u00f3mic, el cine y m\u00e1s all\u00e1"},"content":{"rendered":"<p>[et_pb_section fb_built=\u00bb1&#8243; _builder_version=\u00bb4.20.2&#8243; custom_margin=\u00bb-44px|0px|-44px|0px|true|true\u00bb custom_padding=\u00bb0px|0px|0px|0px|true|true\u00bb collapsed=\u00bboff\u00bb global_colors_info=\u00bb{}\u00bb theme_builder_area=\u00bbpost_content\u00bb][et_pb_row column_structure=\u00bb2_5,3_5&#8243; _builder_version=\u00bb4.20.2&#8243; background_size=\u00bbinitial\u00bb background_position=\u00bbtop_left\u00bb background_repeat=\u00bbrepeat\u00bb width=\u00bb100%\u00bb custom_margin=\u00bb0px|0px|0px|0px|true|true\u00bb custom_padding=\u00bb0px|0px|0px|0px|true|true\u00bb global_colors_info=\u00bb{}\u00bb theme_builder_area=\u00bbpost_content\u00bb][et_pb_column type=\u00bb2_5&#8243; _builder_version=\u00bb4.16&#8243; custom_padding=\u00bb|||\u00bb global_colors_info=\u00bb{}\u00bb custom_padding__hover=\u00bb|||\u00bb theme_builder_area=\u00bbpost_content\u00bb][et_pb_wc_images _builder_version=\u00bb4.20.2&#8243; box_shadow_style=\u00bbpreset1&#8243; global_colors_info=\u00bb{}\u00bb theme_builder_area=\u00bbpost_content\u00bb][\/et_pb_wc_images][\/et_pb_column][et_pb_column type=\u00bb3_5&#8243; _builder_version=\u00bb4.20.2&#8243; _module_preset=\u00bbdefault\u00bb global_colors_info=\u00bb{}\u00bb theme_builder_area=\u00bbpost_content\u00bb][et_pb_tabs _builder_version=\u00bb4.25.0&#8243; _module_preset=\u00bbdefault\u00bb hover_enabled=\u00bb0&#8243; global_colors_info=\u00bb{}\u00bb theme_builder_area=\u00bbpost_content\u00bb sticky_enabled=\u00bb0&#8243;][et_pb_tab title=\u00bbDatos\u00bb _builder_version=\u00bb4.25.0&#8243; _module_preset=\u00bbdefault\u00bb hover_enabled=\u00bb0&#8243; global_colors_info=\u00bb{}\u00bb theme_builder_area=\u00bbpost_content\u00bb sticky_enabled=\u00bb0&#8243;]<\/p>\n<p>Autor: Andrew Farago<\/p>\n<p>Editorial: Norma Editorial<\/p>\n<p>Ciudad: Barcelona<\/p>\n<p>Pa\u00eds: Espa\u00f1a<\/p>\n<p>Tama\u00f1o: 23,5&#215;32,4<\/p>\n<p>P\u00e1ginas: 400<\/p>\n<p>A\u00f1o: 2020<\/p>\n<p>Dep\u00f3sito legal:<\/p>\n<p>ISBN: 978-8467938616<\/p>\n<p><strong>IDIOMA: Castellano<br \/><\/strong><\/p>\n<p>[\/et_pb_tab][et_pb_tab title=\u00bbDescripci\u00f3n\u00bb _builder_version=\u00bb4.25.0&#8243; _module_preset=\u00bbdefault\u00bb hover_enabled=\u00bb0&#8243; global_colors_info=\u00bb{}\u00bb theme_builder_area=\u00bbpost_content\u00bb sticky_enabled=\u00bb0&#8243;]<\/p>\n<p>La espectacular historia visual definitiva del personaje m\u00e1s popular de DC este lujoso volumen detalla por primera vez toda la historia de Batman y las muchas formas que ha asumido a lo largo de los a\u00f1os, en c\u00f3mics, televisi\u00f3n, animaci\u00f3n, pel\u00edculas, videojuegos y m\u00e1s all\u00e1, para trazar un convincente retrato de uno de los personajes m\u00e1s reconocidos y vers\u00e1tiles de la historia de la ficci\u00f3n. En este libro se cubre con detalle toda su historia, apoyado en comentarios exclusivos de muchas personas creativas que han sido fundamentales para la creaci\u00f3n del legado del caballero oscuro, entre las cuales est\u00e1n Neal Adams, Tim Burton, Paul dini, Steve Englehart, Mark hamill, Grant Morrison, Julie New mar, Christopher Nolan, Denny o\u2019neil, Joel Schumacher, Scott Snyder y Zack Snyder. Llena de exclusivos documentos extra\u00edbles que ayudan a acentuar la experiencia lector a, Batman: la historia definitiva del caballero oscuro, en el c\u00f3mic, el cine y m\u00e1s all\u00e1 es la exploraci\u00f3n definitiva de una aut\u00e9ntica leyenda cuyo impacto en nuestra cultura carece de l\u00edmites.<\/p>\n<p>[\/et_pb_tab][et_pb_tab title=\u00bbBibliograf\u00eda\u00bb _builder_version=\u00bb4.20.2&#8243; _module_preset=\u00bbdefault\u00bb global_colors_info=\u00bb{}\u00bb theme_builder_area=\u00bbpost_content\u00bb][\/et_pb_tab][\/et_pb_tabs][et_pb_wc_title _builder_version=\u00bb4.20.2&#8243; header_font=\u00bb|600|||||||\u00bb header_text_color=\u00bb#0C71C3&#8243; header_font_size=\u00bb25px\u00bb custom_margin=\u00bb0px|0px|0px|0px|true|true\u00bb custom_padding=\u00bb0px|0px|0px|0px|true|true\u00bb global_colors_info=\u00bb{}\u00bb theme_builder_area=\u00bbpost_content\u00bb][\/et_pb_wc_title][\/et_pb_column][\/et_pb_row][\/et_pb_section][et_pb_section fb_built=\u00bb1&#8243; _builder_version=\u00bb4.20.2&#8243; _module_preset=\u00bbdefault\u00bb global_colors_info=\u00bb{}\u00bb theme_builder_area=\u00bbpost_content\u00bb][\/et_pb_section][et_pb_section fb_built=\u00bb1&#8243; _builder_version=\u00bb4.20.2&#8243; _module_preset=\u00bbdefault\u00bb global_colors_info=\u00bb{}\u00bb theme_builder_area=\u00bbpost_content\u00bb][\/et_pb_section]<\/p>\n","protected":false},"excerpt":{"rendered":"<p>Batman la historia definitiva del caballero oscuro en el c\u00f3mic, el cine y m\u00e1s all\u00e1, Castllano, Espa\u00f1a, Superh\u00e9roes, Andrew Farago, Norma, Barcelona<\/p>\n","protected":false},"featured_media":17049,"template":"","meta":{"_et_pb_use_builder":"on","_et_pb_old_content":"","_et_gb_content_width":"","_monsterinsights_skip_tracking":false,"_monsterinsights_sitenote_active":false,"_monsterinsights_sitenote_note":"","_monsterinsights_sitenote_category":0},"product_brand":[],"product_cat":[31,53],"product_tag":[],"class_list":{"0":"post-17048","1":"product","2":"type-product","3":"status-publish","4":"has-post-thumbnail","6":"product_cat-libros","7":"product_cat-tema-superheroes","9":"first","10":"instock","11":"shipping-taxable","12":"product-type-simple"},"yoast_head":"<!-- This site is optimized with the Yoast SEO plugin v27.2 - https:\/\/yoast.com\/product\/yoast-seo-wordpress\/ -->\n<title>Batman la historia definitiva del caballero oscuro en el c\u00f3mic, el cine y m\u00e1s all\u00e1<\/title>\n<meta name=\"robots\" content=\"index, follow, max-snippet:-1, max-image-preview:large, max-video-preview:-1\" \/>\n<link rel=\"canonical\" href=\"https:\/\/www.historieta.es\/?product=batman-la-historia-definitiva-del-caballero-oscuro-en-el-comic-el-cine-y-mas-alla\" \/>\n<meta property=\"og:locale\" content=\"es_ES\" \/>\n<meta property=\"og:type\" content=\"article\" \/>\n<meta property=\"og:title\" content=\"Batman la historia definitiva del caballero oscuro en el c\u00f3mic, el cine y m\u00e1s all\u00e1\" \/>\n<meta property=\"og:description\" content=\"Batman la historia definitiva del caballero oscuro en el c\u00f3mic, el cine y m\u00e1s all\u00e1, Castllano, Espa\u00f1a, Superh\u00e9roes, Andrew Farago, Norma, Barcelona\" \/>\n<meta property=\"og:url\" content=\"https:\/\/www.historieta.es\/?product=batman-la-historia-definitiva-del-caballero-oscuro-en-el-comic-el-cine-y-mas-alla\" \/>\n<meta property=\"og:site_name\" content=\"historieta\" \/>\n<meta property=\"og:image\" content=\"https:\/\/www.historieta.es\/wp-content\/uploads\/2024\/11\/Batman-la-historia-definitiva-del-caballero-oscuro-en-el-comic-el-cine-y-mas-alla.png\" \/>\n\t<meta property=\"og:image:width\" content=\"600\" \/>\n\t<meta property=\"og:image:height\" content=\"600\" \/>\n\t<meta property=\"og:image:type\" content=\"image\/png\" \/>\n<meta name=\"twitter:card\" content=\"summary_large_image\" \/>\n<meta name=\"twitter:label1\" content=\"Tiempo de lectura\" \/>\n\t<meta name=\"twitter:data1\" content=\"3 minutos\" \/>\n<script type=\"application\/ld+json\" class=\"yoast-schema-graph\">{\"@context\":\"https:\/\/schema.org\",\"@graph\":[{\"@type\":\"WebPage\",\"@id\":\"https:\/\/www.historieta.es\/?product=batman-la-historia-definitiva-del-caballero-oscuro-en-el-comic-el-cine-y-mas-alla\",\"url\":\"https:\/\/www.historieta.es\/?product=batman-la-historia-definitiva-del-caballero-oscuro-en-el-comic-el-cine-y-mas-alla\",\"name\":\"Batman la historia definitiva del caballero oscuro en el c\u00f3mic, el cine y m\u00e1s all\u00e1\",\"isPartOf\":{\"@id\":\"https:\/\/www.historieta.es\/#website\"},\"primaryImageOfPage\":{\"@id\":\"https:\/\/www.historieta.es\/?product=batman-la-historia-definitiva-del-caballero-oscuro-en-el-comic-el-cine-y-mas-alla#primaryimage\"},\"image\":{\"@id\":\"https:\/\/www.historieta.es\/?product=batman-la-historia-definitiva-del-caballero-oscuro-en-el-comic-el-cine-y-mas-alla#primaryimage\"},\"thumbnailUrl\":\"https:\/\/www.historieta.es\/wp-content\/uploads\/2024\/11\/Batman-la-historia-definitiva-del-caballero-oscuro-en-el-comic-el-cine-y-mas-alla.png\",\"datePublished\":\"2024-11-15T07:47:17+00:00\",\"breadcrumb\":{\"@id\":\"https:\/\/www.historieta.es\/?product=batman-la-historia-definitiva-del-caballero-oscuro-en-el-comic-el-cine-y-mas-alla#breadcrumb\"},\"inLanguage\":\"es\",\"potentialAction\":[{\"@type\":\"ReadAction\",\"target\":[\"https:\/\/www.historieta.es\/?product=batman-la-historia-definitiva-del-caballero-oscuro-en-el-comic-el-cine-y-mas-alla\"]}]},{\"@type\":\"ImageObject\",\"inLanguage\":\"es\",\"@id\":\"https:\/\/www.historieta.es\/?product=batman-la-historia-definitiva-del-caballero-oscuro-en-el-comic-el-cine-y-mas-alla#primaryimage\",\"url\":\"https:\/\/www.historieta.es\/wp-content\/uploads\/2024\/11\/Batman-la-historia-definitiva-del-caballero-oscuro-en-el-comic-el-cine-y-mas-alla.png\",\"contentUrl\":\"https:\/\/www.historieta.es\/wp-content\/uploads\/2024\/11\/Batman-la-historia-definitiva-del-caballero-oscuro-en-el-comic-el-cine-y-mas-alla.png\",\"width\":600,\"height\":600},{\"@type\":\"BreadcrumbList\",\"@id\":\"https:\/\/www.historieta.es\/?product=batman-la-historia-definitiva-del-caballero-oscuro-en-el-comic-el-cine-y-mas-alla#breadcrumb\",\"itemListElement\":[{\"@type\":\"ListItem\",\"position\":1,\"name\":\"Portada\",\"item\":\"https:\/\/www.historieta.es\/\"},{\"@type\":\"ListItem\",\"position\":2,\"name\":\"Productos\",\"item\":\"https:\/\/www.historieta.es\/?post_type=product\"},{\"@type\":\"ListItem\",\"position\":3,\"name\":\"Batman la historia definitiva del caballero oscuro en el c\u00f3mic, el cine y m\u00e1s all\u00e1\"}]},{\"@type\":\"WebSite\",\"@id\":\"https:\/\/www.historieta.es\/#website\",\"url\":\"https:\/\/www.historieta.es\/\",\"name\":\"historieta\",\"description\":\"sitio de comic\",\"potentialAction\":[{\"@type\":\"SearchAction\",\"target\":{\"@type\":\"EntryPoint\",\"urlTemplate\":\"https:\/\/www.historieta.es\/?s={search_term_string}\"},\"query-input\":{\"@type\":\"PropertyValueSpecification\",\"valueRequired\":true,\"valueName\":\"search_term_string\"}}],\"inLanguage\":\"es\"}]}<\/script>\n<!-- \/ Yoast SEO plugin. -->","yoast_head_json":{"title":"Batman la historia definitiva del caballero oscuro en el c\u00f3mic, el cine y m\u00e1s all\u00e1","robots":{"index":"index","follow":"follow","max-snippet":"max-snippet:-1","max-image-preview":"max-image-preview:large","max-video-preview":"max-video-preview:-1"},"canonical":"https:\/\/www.historieta.es\/?product=batman-la-historia-definitiva-del-caballero-oscuro-en-el-comic-el-cine-y-mas-alla","og_locale":"es_ES","og_type":"article","og_title":"Batman la historia definitiva del caballero oscuro en el c\u00f3mic, el cine y m\u00e1s all\u00e1","og_description":"Batman la historia definitiva del caballero oscuro en el c\u00f3mic, el cine y m\u00e1s all\u00e1, Castllano, Espa\u00f1a, Superh\u00e9roes, Andrew Farago, Norma, Barcelona","og_url":"https:\/\/www.historieta.es\/?product=batman-la-historia-definitiva-del-caballero-oscuro-en-el-comic-el-cine-y-mas-alla","og_site_name":"historieta","og_image":[{"width":600,"height":600,"url":"https:\/\/www.historieta.es\/wp-content\/uploads\/2024\/11\/Batman-la-historia-definitiva-del-caballero-oscuro-en-el-comic-el-cine-y-mas-alla.png","type":"image\/png"}],"twitter_card":"summary_large_image","twitter_misc":{"Tiempo de lectura":"3 minutos"},"schema":{"@context":"https:\/\/schema.org","@graph":[{"@type":"WebPage","@id":"https:\/\/www.historieta.es\/?product=batman-la-historia-definitiva-del-caballero-oscuro-en-el-comic-el-cine-y-mas-alla","url":"https:\/\/www.historieta.es\/?product=batman-la-historia-definitiva-del-caballero-oscuro-en-el-comic-el-cine-y-mas-alla","name":"Batman la historia definitiva del caballero oscuro en el c\u00f3mic, el cine y m\u00e1s all\u00e1","isPartOf":{"@id":"https:\/\/www.historieta.es\/#website"},"primaryImageOfPage":{"@id":"https:\/\/www.historieta.es\/?product=batman-la-historia-definitiva-del-caballero-oscuro-en-el-comic-el-cine-y-mas-alla#primaryimage"},"image":{"@id":"https:\/\/www.historieta.es\/?product=batman-la-historia-definitiva-del-caballero-oscuro-en-el-comic-el-cine-y-mas-alla#primaryimage"},"thumbnailUrl":"https:\/\/www.historieta.es\/wp-content\/uploads\/2024\/11\/Batman-la-historia-definitiva-del-caballero-oscuro-en-el-comic-el-cine-y-mas-alla.png","datePublished":"2024-11-15T07:47:17+00:00","breadcrumb":{"@id":"https:\/\/www.historieta.es\/?product=batman-la-historia-definitiva-del-caballero-oscuro-en-el-comic-el-cine-y-mas-alla#breadcrumb"},"inLanguage":"es","potentialAction":[{"@type":"ReadAction","target":["https:\/\/www.historieta.es\/?product=batman-la-historia-definitiva-del-caballero-oscuro-en-el-comic-el-cine-y-mas-alla"]}]},{"@type":"ImageObject","inLanguage":"es","@id":"https:\/\/www.historieta.es\/?product=batman-la-historia-definitiva-del-caballero-oscuro-en-el-comic-el-cine-y-mas-alla#primaryimage","url":"https:\/\/www.historieta.es\/wp-content\/uploads\/2024\/11\/Batman-la-historia-definitiva-del-caballero-oscuro-en-el-comic-el-cine-y-mas-alla.png","contentUrl":"https:\/\/www.historieta.es\/wp-content\/uploads\/2024\/11\/Batman-la-historia-definitiva-del-caballero-oscuro-en-el-comic-el-cine-y-mas-alla.png","width":600,"height":600},{"@type":"BreadcrumbList","@id":"https:\/\/www.historieta.es\/?product=batman-la-historia-definitiva-del-caballero-oscuro-en-el-comic-el-cine-y-mas-alla#breadcrumb","itemListElement":[{"@type":"ListItem","position":1,"name":"Portada","item":"https:\/\/www.historieta.es\/"},{"@type":"ListItem","position":2,"name":"Productos","item":"https:\/\/www.historieta.es\/?post_type=product"},{"@type":"ListItem","position":3,"name":"Batman la historia definitiva del caballero oscuro en el c\u00f3mic, el cine y m\u00e1s all\u00e1"}]},{"@type":"WebSite","@id":"https:\/\/www.historieta.es\/#website","url":"https:\/\/www.historieta.es\/","name":"historieta","description":"sitio de comic","potentialAction":[{"@type":"SearchAction","target":{"@type":"EntryPoint","urlTemplate":"https:\/\/www.historieta.es\/?s={search_term_string}"},"query-input":{"@type":"PropertyValueSpecification","valueRequired":true,"valueName":"search_term_string"}}],"inLanguage":"es"}]}},"_links":{"self":[{"href":"https:\/\/www.historieta.es\/index.php?rest_route=\/wp\/v2\/product\/17048","targetHints":{"allow":["GET"]}}],"collection":[{"href":"https:\/\/www.historieta.es\/index.php?rest_route=\/wp\/v2\/product"}],"about":[{"href":"https:\/\/www.historieta.es\/index.php?rest_route=\/wp\/v2\/types\/product"}],"wp:featuredmedia":[{"embeddable":true,"href":"https:\/\/www.historieta.es\/index.php?rest_route=\/wp\/v2\/media\/17049"}],"wp:attachment":[{"href":"https:\/\/www.historieta.es\/index.php?rest_route=%2Fwp%2Fv2%2Fmedia&parent=17048"}],"wp:term":[{"taxonomy":"product_brand","embeddable":true,"href":"https:\/\/www.historieta.es\/index.php?rest_route=%2Fwp%2Fv2%2Fproduct_brand&post=17048"},{"taxonomy":"product_cat","embeddable":true,"href":"https:\/\/www.historieta.es\/index.php?rest_route=%2Fwp%2Fv2%2Fproduct_cat&post=17048"},{"taxonomy":"product_tag","embeddable":true,"href":"https:\/\/www.historieta.es\/index.php?rest_route=%2Fwp%2Fv2%2Fproduct_tag&post=17048"}],"curies":[{"name":"wp","href":"https:\/\/api.w.org\/{rel}","templated":true}]}}