{"id":15885,"date":"2024-10-05T06:24:04","date_gmt":"2024-10-05T06:24:04","guid":{"rendered":"https:\/\/www.historieta.es\/?post_type=product&#038;p=15885"},"modified":"2024-10-05T06:24:21","modified_gmt":"2024-10-05T06:24:21","slug":"comic-book-classics-presenta-extra","status":"publish","type":"product","link":"https:\/\/www.historieta.es\/?product=comic-book-classics-presenta-extra","title":{"rendered":"Comic Book Classics Presenta Extra"},"content":{"rendered":"<p>[et_pb_section fb_built=\u00bb1&#8243; _builder_version=\u00bb4.20.2&#8243; custom_margin=\u00bb-44px|0px|-44px|0px|true|true\u00bb custom_padding=\u00bb0px|0px|0px|0px|true|true\u00bb collapsed=\u00bboff\u00bb global_colors_info=\u00bb{}\u00bb theme_builder_area=\u00bbpost_content\u00bb][et_pb_row column_structure=\u00bb2_5,3_5&#8243; _builder_version=\u00bb4.20.2&#8243; background_size=\u00bbinitial\u00bb background_position=\u00bbtop_left\u00bb background_repeat=\u00bbrepeat\u00bb width=\u00bb100%\u00bb custom_margin=\u00bb0px|0px|0px|0px|true|true\u00bb custom_padding=\u00bb0px|0px|0px|0px|true|true\u00bb global_colors_info=\u00bb{}\u00bb theme_builder_area=\u00bbpost_content\u00bb][et_pb_column type=\u00bb2_5&#8243; _builder_version=\u00bb4.16&#8243; custom_padding=\u00bb|||\u00bb global_colors_info=\u00bb{}\u00bb custom_padding__hover=\u00bb|||\u00bb theme_builder_area=\u00bbpost_content\u00bb][et_pb_wc_images _builder_version=\u00bb4.20.2&#8243; box_shadow_style=\u00bbpreset1&#8243; global_colors_info=\u00bb{}\u00bb theme_builder_area=\u00bbpost_content\u00bb][\/et_pb_wc_images][\/et_pb_column][et_pb_column type=\u00bb3_5&#8243; _builder_version=\u00bb4.20.2&#8243; _module_preset=\u00bbdefault\u00bb global_colors_info=\u00bb{}\u00bb theme_builder_area=\u00bbpost_content\u00bb][et_pb_tabs _builder_version=\u00bb4.25.0&#8243; _module_preset=\u00bbdefault\u00bb hover_enabled=\u00bb0&#8243; global_colors_info=\u00bb{}\u00bb theme_builder_area=\u00bbpost_content\u00bb sticky_enabled=\u00bb0&#8243;][et_pb_tab title=\u00bbDatos\u00bb _builder_version=\u00bb4.25.0&#8243; _module_preset=\u00bbdefault\u00bb hover_enabled=\u00bb0&#8243; global_colors_info=\u00bb{}\u00bb theme_builder_area=\u00bbpost_content\u00bb sticky_enabled=\u00bb0&#8243;]<\/p>\n<p>Tipo: Revista<\/p>\n<p>Aparici\u00f3n: 2018<\/p>\n<p>Desaparici\u00f3n: 2022<\/p>\n<p>Editorial: Comic is Art Library<\/p>\n<p>Ciudad: Manresa<\/p>\n<p>N\u00fameros: 4<\/p>\n<p>Tama\u00f1o #1: 21&#215;29,7<\/p>\n<p>P\u00e1ginas #1: 184<\/p>\n<p>Periodicidad:<\/p>\n<p>Dep\u00f3sito legal:<\/p>\n<p>ISBN:<\/p>\n<p><strong>Idioma: Castellano<br \/><\/strong><\/p>\n<p>[\/et_pb_tab][et_pb_tab title=\u00bbDescripci\u00f3n\u00bb _builder_version=\u00bb4.25.0&#8243; _module_preset=\u00bbdefault\u00bb hover_enabled=\u00bb0&#8243; global_colors_info=\u00bb{}\u00bb theme_builder_area=\u00bbpost_content\u00bb sticky_enabled=\u00bb0&#8243;]<\/p>\n<p>As\u00ed se promocion\u00f3 en los n\u00fameros ordinarios: De aqu\u00ed a una semana, m\u00e1s o menos, estar\u00e1 disponible el primer extra de Comic-Book Classics Presenta, un n\u00famero muy especial que contar\u00e1 con 60 p\u00e1ginas m\u00e1s de lo habitual a cambio de 3,5 \u20ac m\u00e1s. Por supuesto ser\u00e1 a todo color, igual que los n\u00fameros ordinarios, y todas y cada una de las 180 p\u00e1ginas de las que constar\u00e1 estar\u00e1n dedicadas a Big John Buscema y a sus trabajos menos conocidos.<br \/>Puede que a algunos no les interesen tanto estos trabajos \u00abmenores\u00bb de Buscema, pero desde mi humilde punto de vista es una de las facetas m\u00e1s interesantes del maestro, precisamente por tratarse de trabajos poco conocidos, poco vistos e incluso in\u00e9ditos en nuestro pa\u00eds&#8230; e incluso me atrever\u00eda a decir que lo seguir\u00e1n siendo eternamente, debido a la poca comercialidad que tienen estos trabajos desde el punto de vista de las editoriales. Historietas rom\u00e1nticas, de cr\u00edmenes, westerns&#8230; incluso una primera incursi\u00f3n en el g\u00e9nero de los super-h\u00e9roes muy anterior a la era Marvel. En resumen, una etapa muy rica y variada de uno de los m\u00e1s grandes de la historia del 9\u00ba Arte, que nos permite ver su evoluci\u00f3n gr\u00e1fica a trav\u00e9s de los a\u00f1os, desde sus dubitativos primeros pasos en 1948 hasta su ya evidente maestr\u00eda a finales de la d\u00e9cada de los 50&#8230;<br \/>&#8230;Y eso no es todo, pues tambi\u00e9n le echamos un vistazo a varios trabajos olvidados de su gran \u00e9poca, como sus historietas rom\u00e1nticas y de terror para las t\u00edtulos de g\u00e9nero que public\u00f3 Stan Lee entre finales de los 60 y principios de los 70 o sus c\u00f3mics de Tarzan, una etapa del personaje de Edgar Rice Burroughs que espero que pronto podamos ver publicada por aqu\u00ed como se merece.<br \/>Como firmas invitadas (s\u00ed, en plural, ya que un n\u00famero extra lo debe ser en todo) escribiendo sobre John Buscema, tendremos a Benito Gallego, Rafael Mar\u00edn y Jes\u00fas Yugo, todos ellos grandes conocedores y amantes del arte de Big John.<\/p>\n<p>[\/et_pb_tab][et_pb_tab title=\u00bbBibliograf\u00eda\u00bb _builder_version=\u00bb4.20.2&#8243; _module_preset=\u00bbdefault\u00bb global_colors_info=\u00bb{}\u00bb theme_builder_area=\u00bbpost_content\u00bb][\/et_pb_tab][\/et_pb_tabs][et_pb_wc_title _builder_version=\u00bb4.20.2&#8243; header_font=\u00bb|600|||||||\u00bb header_text_color=\u00bb#0C71C3&#8243; header_font_size=\u00bb25px\u00bb custom_margin=\u00bb0px|0px|0px|0px|true|true\u00bb custom_padding=\u00bb0px|0px|0px|0px|true|true\u00bb global_colors_info=\u00bb{}\u00bb theme_builder_area=\u00bbpost_content\u00bb][\/et_pb_wc_title][\/et_pb_column][\/et_pb_row][\/et_pb_section][et_pb_section fb_built=\u00bb1&#8243; _builder_version=\u00bb4.20.2&#8243; _module_preset=\u00bbdefault\u00bb global_colors_info=\u00bb{}\u00bb theme_builder_area=\u00bbpost_content\u00bb][et_pb_row _builder_version=\u00bb4.20.2&#8243; _module_preset=\u00bbdefault\u00bb global_colors_info=\u00bb{}\u00bb theme_builder_area=\u00bbpost_content\u00bb][et_pb_column type=\u00bb4_4&#8243; _builder_version=\u00bb4.20.2&#8243; _module_preset=\u00bbdefault\u00bb global_colors_info=\u00bb{}\u00bb theme_builder_area=\u00bbpost_content\u00bb][\/et_pb_column][\/et_pb_row][\/et_pb_section]<\/p>\n","protected":false},"excerpt":{"rendered":"<p>Comic Book Classics Presenta Extra, Comic is Art Library, Manresa, Castellano,<\/p>\n","protected":false},"featured_media":15886,"template":"","meta":{"_et_pb_use_builder":"on","_et_pb_old_content":"","_et_gb_content_width":"","_monsterinsights_skip_tracking":false,"_monsterinsights_sitenote_active":false,"_monsterinsights_sitenote_note":"","_monsterinsights_sitenote_category":0},"product_brand":[],"product_cat":[19],"product_tag":[],"class_list":{"0":"post-15885","1":"product","2":"type-product","3":"status-publish","4":"has-post-thumbnail","6":"product_cat-fanzines-teoricos","8":"first","9":"instock","10":"shipping-taxable","11":"product-type-simple"},"yoast_head":"<!-- This site is optimized with the Yoast SEO plugin v27.2 - https:\/\/yoast.com\/product\/yoast-seo-wordpress\/ -->\n<title>Comic Book Classics Presenta Extra<\/title>\n<meta name=\"robots\" content=\"index, follow, max-snippet:-1, max-image-preview:large, max-video-preview:-1\" \/>\n<link rel=\"canonical\" href=\"https:\/\/www.historieta.es\/?product=comic-book-classics-presenta-extra\" \/>\n<meta property=\"og:locale\" content=\"es_ES\" \/>\n<meta property=\"og:type\" content=\"article\" \/>\n<meta property=\"og:title\" content=\"Comic Book Classics Presenta Extra\" \/>\n<meta property=\"og:description\" content=\"Comic Book Classics Presenta Extra, Comic is Art Library, Manresa, Castellano,\" \/>\n<meta property=\"og:url\" content=\"https:\/\/www.historieta.es\/?product=comic-book-classics-presenta-extra\" \/>\n<meta property=\"og:site_name\" content=\"historieta\" \/>\n<meta property=\"article:modified_time\" content=\"2024-10-05T06:24:21+00:00\" \/>\n<meta property=\"og:image\" content=\"https:\/\/www.historieta.es\/wp-content\/uploads\/2024\/10\/Comic-Book-Classics-Presenta-Extra-1.png\" \/>\n\t<meta property=\"og:image:width\" content=\"600\" \/>\n\t<meta property=\"og:image:height\" content=\"600\" \/>\n\t<meta property=\"og:image:type\" content=\"image\/png\" \/>\n<meta name=\"twitter:card\" content=\"summary_large_image\" \/>\n<meta name=\"twitter:label1\" content=\"Tiempo de lectura\" \/>\n\t<meta name=\"twitter:data1\" content=\"4 minutos\" \/>\n<script type=\"application\/ld+json\" class=\"yoast-schema-graph\">{\"@context\":\"https:\/\/schema.org\",\"@graph\":[{\"@type\":\"WebPage\",\"@id\":\"https:\/\/www.historieta.es\/?product=comic-book-classics-presenta-extra\",\"url\":\"https:\/\/www.historieta.es\/?product=comic-book-classics-presenta-extra\",\"name\":\"Comic Book Classics Presenta Extra\",\"isPartOf\":{\"@id\":\"https:\/\/www.historieta.es\/#website\"},\"primaryImageOfPage\":{\"@id\":\"https:\/\/www.historieta.es\/?product=comic-book-classics-presenta-extra#primaryimage\"},\"image\":{\"@id\":\"https:\/\/www.historieta.es\/?product=comic-book-classics-presenta-extra#primaryimage\"},\"thumbnailUrl\":\"https:\/\/www.historieta.es\/wp-content\/uploads\/2024\/10\/Comic-Book-Classics-Presenta-Extra-1.png\",\"datePublished\":\"2024-10-05T06:24:04+00:00\",\"dateModified\":\"2024-10-05T06:24:21+00:00\",\"breadcrumb\":{\"@id\":\"https:\/\/www.historieta.es\/?product=comic-book-classics-presenta-extra#breadcrumb\"},\"inLanguage\":\"es\",\"potentialAction\":[{\"@type\":\"ReadAction\",\"target\":[\"https:\/\/www.historieta.es\/?product=comic-book-classics-presenta-extra\"]}]},{\"@type\":\"ImageObject\",\"inLanguage\":\"es\",\"@id\":\"https:\/\/www.historieta.es\/?product=comic-book-classics-presenta-extra#primaryimage\",\"url\":\"https:\/\/www.historieta.es\/wp-content\/uploads\/2024\/10\/Comic-Book-Classics-Presenta-Extra-1.png\",\"contentUrl\":\"https:\/\/www.historieta.es\/wp-content\/uploads\/2024\/10\/Comic-Book-Classics-Presenta-Extra-1.png\",\"width\":600,\"height\":600},{\"@type\":\"BreadcrumbList\",\"@id\":\"https:\/\/www.historieta.es\/?product=comic-book-classics-presenta-extra#breadcrumb\",\"itemListElement\":[{\"@type\":\"ListItem\",\"position\":1,\"name\":\"Portada\",\"item\":\"https:\/\/www.historieta.es\/\"},{\"@type\":\"ListItem\",\"position\":2,\"name\":\"Productos\",\"item\":\"https:\/\/www.historieta.es\/?post_type=product\"},{\"@type\":\"ListItem\",\"position\":3,\"name\":\"Comic Book Classics Presenta Extra\"}]},{\"@type\":\"WebSite\",\"@id\":\"https:\/\/www.historieta.es\/#website\",\"url\":\"https:\/\/www.historieta.es\/\",\"name\":\"historieta\",\"description\":\"sitio de comic\",\"potentialAction\":[{\"@type\":\"SearchAction\",\"target\":{\"@type\":\"EntryPoint\",\"urlTemplate\":\"https:\/\/www.historieta.es\/?s={search_term_string}\"},\"query-input\":{\"@type\":\"PropertyValueSpecification\",\"valueRequired\":true,\"valueName\":\"search_term_string\"}}],\"inLanguage\":\"es\"}]}<\/script>\n<!-- \/ Yoast SEO plugin. -->","yoast_head_json":{"title":"Comic Book Classics Presenta Extra","robots":{"index":"index","follow":"follow","max-snippet":"max-snippet:-1","max-image-preview":"max-image-preview:large","max-video-preview":"max-video-preview:-1"},"canonical":"https:\/\/www.historieta.es\/?product=comic-book-classics-presenta-extra","og_locale":"es_ES","og_type":"article","og_title":"Comic Book Classics Presenta Extra","og_description":"Comic Book Classics Presenta Extra, Comic is Art Library, Manresa, Castellano,","og_url":"https:\/\/www.historieta.es\/?product=comic-book-classics-presenta-extra","og_site_name":"historieta","article_modified_time":"2024-10-05T06:24:21+00:00","og_image":[{"width":600,"height":600,"url":"https:\/\/www.historieta.es\/wp-content\/uploads\/2024\/10\/Comic-Book-Classics-Presenta-Extra-1.png","type":"image\/png"}],"twitter_card":"summary_large_image","twitter_misc":{"Tiempo de lectura":"4 minutos"},"schema":{"@context":"https:\/\/schema.org","@graph":[{"@type":"WebPage","@id":"https:\/\/www.historieta.es\/?product=comic-book-classics-presenta-extra","url":"https:\/\/www.historieta.es\/?product=comic-book-classics-presenta-extra","name":"Comic Book Classics Presenta Extra","isPartOf":{"@id":"https:\/\/www.historieta.es\/#website"},"primaryImageOfPage":{"@id":"https:\/\/www.historieta.es\/?product=comic-book-classics-presenta-extra#primaryimage"},"image":{"@id":"https:\/\/www.historieta.es\/?product=comic-book-classics-presenta-extra#primaryimage"},"thumbnailUrl":"https:\/\/www.historieta.es\/wp-content\/uploads\/2024\/10\/Comic-Book-Classics-Presenta-Extra-1.png","datePublished":"2024-10-05T06:24:04+00:00","dateModified":"2024-10-05T06:24:21+00:00","breadcrumb":{"@id":"https:\/\/www.historieta.es\/?product=comic-book-classics-presenta-extra#breadcrumb"},"inLanguage":"es","potentialAction":[{"@type":"ReadAction","target":["https:\/\/www.historieta.es\/?product=comic-book-classics-presenta-extra"]}]},{"@type":"ImageObject","inLanguage":"es","@id":"https:\/\/www.historieta.es\/?product=comic-book-classics-presenta-extra#primaryimage","url":"https:\/\/www.historieta.es\/wp-content\/uploads\/2024\/10\/Comic-Book-Classics-Presenta-Extra-1.png","contentUrl":"https:\/\/www.historieta.es\/wp-content\/uploads\/2024\/10\/Comic-Book-Classics-Presenta-Extra-1.png","width":600,"height":600},{"@type":"BreadcrumbList","@id":"https:\/\/www.historieta.es\/?product=comic-book-classics-presenta-extra#breadcrumb","itemListElement":[{"@type":"ListItem","position":1,"name":"Portada","item":"https:\/\/www.historieta.es\/"},{"@type":"ListItem","position":2,"name":"Productos","item":"https:\/\/www.historieta.es\/?post_type=product"},{"@type":"ListItem","position":3,"name":"Comic Book Classics Presenta Extra"}]},{"@type":"WebSite","@id":"https:\/\/www.historieta.es\/#website","url":"https:\/\/www.historieta.es\/","name":"historieta","description":"sitio de comic","potentialAction":[{"@type":"SearchAction","target":{"@type":"EntryPoint","urlTemplate":"https:\/\/www.historieta.es\/?s={search_term_string}"},"query-input":{"@type":"PropertyValueSpecification","valueRequired":true,"valueName":"search_term_string"}}],"inLanguage":"es"}]}},"_links":{"self":[{"href":"https:\/\/www.historieta.es\/index.php?rest_route=\/wp\/v2\/product\/15885","targetHints":{"allow":["GET"]}}],"collection":[{"href":"https:\/\/www.historieta.es\/index.php?rest_route=\/wp\/v2\/product"}],"about":[{"href":"https:\/\/www.historieta.es\/index.php?rest_route=\/wp\/v2\/types\/product"}],"wp:featuredmedia":[{"embeddable":true,"href":"https:\/\/www.historieta.es\/index.php?rest_route=\/wp\/v2\/media\/15886"}],"wp:attachment":[{"href":"https:\/\/www.historieta.es\/index.php?rest_route=%2Fwp%2Fv2%2Fmedia&parent=15885"}],"wp:term":[{"taxonomy":"product_brand","embeddable":true,"href":"https:\/\/www.historieta.es\/index.php?rest_route=%2Fwp%2Fv2%2Fproduct_brand&post=15885"},{"taxonomy":"product_cat","embeddable":true,"href":"https:\/\/www.historieta.es\/index.php?rest_route=%2Fwp%2Fv2%2Fproduct_cat&post=15885"},{"taxonomy":"product_tag","embeddable":true,"href":"https:\/\/www.historieta.es\/index.php?rest_route=%2Fwp%2Fv2%2Fproduct_tag&post=15885"}],"curies":[{"name":"wp","href":"https:\/\/api.w.org\/{rel}","templated":true}]}}