{"id":14055,"date":"2024-08-06T08:12:48","date_gmt":"2024-08-06T08:12:48","guid":{"rendered":"https:\/\/www.historieta.es\/?post_type=product&#038;p=14055"},"modified":"2026-01-28T16:50:40","modified_gmt":"2026-01-28T16:50:40","slug":"always-sanchome-no-yuhi-64","status":"publish","type":"product","link":"https:\/\/www.historieta.es\/?product=always-sanchome-no-yuhi-64","title":{"rendered":"Always Sanch\u014dme no Y\u016bhi &#8217;64"},"content":{"rendered":"<p>[et_pb_section fb_built=\u00bb1&#8243; _builder_version=\u00bb4.20.2&#8243; custom_margin=\u00bb-44px|0px|-44px|0px|true|true\u00bb custom_padding=\u00bb0px|0px|0px|0px|true|true\u00bb collapsed=\u00bboff\u00bb global_colors_info=\u00bb{}\u00bb][et_pb_row column_structure=\u00bb2_5,3_5&#8243; _builder_version=\u00bb4.20.2&#8243; background_size=\u00bbinitial\u00bb background_position=\u00bbtop_left\u00bb background_repeat=\u00bbrepeat\u00bb width=\u00bb100%\u00bb custom_margin=\u00bb0px|0px|0px|0px|true|true\u00bb custom_padding=\u00bb0px|0px|0px|0px|true|true\u00bb global_colors_info=\u00bb{}\u00bb][et_pb_column type=\u00bb2_5&#8243; _builder_version=\u00bb4.20.2&#8243; custom_padding=\u00bb|||\u00bb global_colors_info=\u00bb{}\u00bb custom_padding__hover=\u00bb|||\u00bb][et_pb_wc_images _builder_version=\u00bb4.20.2&#8243; box_shadow_style=\u00bbpreset1&#8243; global_colors_info=\u00bb{}\u00bb][\/et_pb_wc_images][\/et_pb_column][et_pb_column type=\u00bb3_5&#8243; _builder_version=\u00bb4.20.2&#8243; _module_preset=\u00bbdefault\u00bb global_colors_info=\u00bb{}\u00bb][et_pb_tabs _builder_version=\u00bb4.27.5&#8243; _module_preset=\u00bbdefault\u00bb hover_enabled=\u00bb0&#8243; global_colors_info=\u00bb{}\u00bb sticky_enabled=\u00bb0&#8243;][et_pb_tab title=\u00bbDatos\u00bb _builder_version=\u00bb4.27.5&#8243; _module_preset=\u00bbdefault\u00bb hover_enabled=\u00bb0&#8243; global_colors_info=\u00bb{}\u00bb sticky_enabled=\u00bb0&#8243;]<\/p>\n<p>T\u00edtulo espa\u00f1ol: Always Sunset on Third Street &#8217;64<\/p>\n<p>Direcci\u00f3n: Takashi Yamazaki<\/p>\n<p>Guion: Ryota Kosawa, Takashi Yamazaki<\/p>\n<p>M\u00fasica: Naoki Sato<\/p>\n<p>Fotograf\u00eda: Color<\/p>\n<p>Pa\u00eds: Jap\u00f3n<\/p>\n<p>Duraci\u00f3n: 142<\/p>\n<p>A\u00f1o: 2012<\/p>\n<p>G\u00e9nero: Drama<\/p>\n<p>Reparto: Maki Horikita, Koyuki, Hidehata Yoshioka<\/p>\n<p><strong>HISTORIETA: Hepburn: San-Ch\u014dme no Y\u016bhi Y\u016byake no Uta<br \/><\/strong><\/p>\n<p>[\/et_pb_tab][et_pb_tab title=\u00bbSinopsis\u00bb _builder_version=\u00bb4.25.0&#8243; _module_preset=\u00bbdefault\u00bb global_colors_info=\u00bb{}\u00bb]<\/p>\n<p>En 1958, con la inminente finalizaci\u00f3n de la torre de transmisi\u00f3n de televisi\u00f3n de Tokio como s\u00edmbolo de la creciente recuperaci\u00f3n econ\u00f3mica de Jap\u00f3n despu\u00e9s de la guerra, la colegiala rural Mutsuko llega de las provincias para comenzar su primer trabajo en Suzuki Auto. Inicialmente impresionada por conocer al \u00abpresidente\u00bb de la empresa, Norifumi Suzuki, Mutsuko se sorprende al descubrir que su lugar de trabajo es en realidad un destartalado taller de reparaci\u00f3n de autom\u00f3viles en el deprimido distrito Yuhi de Tokio. Suzuki es un empleador de mal car\u00e1cter, pero Mutsuko es bienvenida por su esposa, Tomoe, y su travieso hijo de cinco a\u00f1os, Ippei.<\/p>\n<p>[\/et_pb_tab][et_pb_tab title=\u00bbDocumentaci\u00f3n\u00bb _builder_version=\u00bb4.25.0&#8243; _module_preset=\u00bbdefault\u00bb global_colors_info=\u00bb{}\u00bb]<\/p>\n<p>Atardecer en la Tercera Calle (Hepburn: San-Ch\u014dme no Y\u016bhi Y\u016byake no Uta) es una serie de manga japonesa escrita e ilustrada por Ry\u014dhei Saigan. Ha sido serializado en el manga seinen Big Comic Original de Shogakukan desde 1974, con sus cap\u00edtulos recopilados en 70 vol\u00famenes tank\u014dbon a partir de junio de 2023. Ha sido adaptado a una serie de televisi\u00f3n de anime transmitida de 1990 a 1991 y tres pel\u00edculas de acci\u00f3n real: Siempre: Atardecer en Third Street (2005), Siempre: Atardecer en Third Street 2 (2007) y Siempre: Atardecer en Third Street &#8217;64 (2012). Gan\u00f3 el 27\u00ba Premio Shogakukan Manga de manga general en 1982.<\/p>\n<p>[\/et_pb_tab][\/et_pb_tabs][et_pb_wc_title _builder_version=\u00bb4.20.2&#8243; header_font=\u00bb|600|||||||\u00bb header_text_color=\u00bb#0C71C3&#8243; header_font_size=\u00bb25px\u00bb custom_margin=\u00bb0px|0px|0px|0px|true|true\u00bb custom_padding=\u00bb0px|0px|0px|0px|true|true\u00bb global_colors_info=\u00bb{}\u00bb][\/et_pb_wc_title][\/et_pb_column][\/et_pb_row][et_pb_row column_structure=\u00bb3_5,2_5&#8243; _builder_version=\u00bb4.20.2&#8243; background_size=\u00bbinitial\u00bb background_position=\u00bbtop_left\u00bb background_repeat=\u00bbrepeat\u00bb width=\u00bb100%\u00bb custom_margin=\u00bb0px|0px|0px|0px|true|true\u00bb custom_padding=\u00bb0px|0px|0px|0px|true|true\u00bb global_colors_info=\u00bb{}\u00bb][et_pb_column type=\u00bb3_5&#8243; _builder_version=\u00bb4.20.2&#8243; _module_preset=\u00bbdefault\u00bb global_colors_info=\u00bb{}\u00bb][\/et_pb_column][et_pb_column type=\u00bb2_5&#8243; _builder_version=\u00bb4.20.2&#8243; custom_padding=\u00bb|||\u00bb global_colors_info=\u00bb{}\u00bb custom_padding__hover=\u00bb|||\u00bb][\/et_pb_column][\/et_pb_row][\/et_pb_section][et_pb_section fb_built=\u00bb1&#8243; _builder_version=\u00bb4.20.2&#8243; _module_preset=\u00bbdefault\u00bb custom_margin=\u00bb||9px|||\u00bb custom_padding=\u00bb||14px|||\u00bb global_colors_info=\u00bb{}\u00bb][et_pb_row column_structure=\u00bb1_3,1_3,1_3&#8243; _builder_version=\u00bb4.20.2&#8243; _module_preset=\u00bbdefault\u00bb global_colors_info=\u00bb{}\u00bb][et_pb_column type=\u00bb1_3&#8243; _builder_version=\u00bb4.20.2&#8243; _module_preset=\u00bbdefault\u00bb global_colors_info=\u00bb{}\u00bb][\/et_pb_column][et_pb_column type=\u00bb1_3&#8243; _builder_version=\u00bb4.20.2&#8243; _module_preset=\u00bbdefault\u00bb global_colors_info=\u00bb{}\u00bb][\/et_pb_column][et_pb_column type=\u00bb1_3&#8243; _builder_version=\u00bb4.20.2&#8243; _module_preset=\u00bbdefault\u00bb global_colors_info=\u00bb{}\u00bb][et_pb_image src=\u00bbhttps:\/\/www.historieta.es\/wp-content\/uploads\/2024\/08\/Always-Sanchome-no-Yuhi-64-1.png\u00bb title_text=\u00bbAlways-Sancho\u0304me-no-Yu\u0304hi-&#8217;64\u00bb show_in_lightbox=\u00bbon\u00bb _builder_version=\u00bb4.25.0&#8243; _module_preset=\u00bbdefault\u00bb global_colors_info=\u00bb{}\u00bb][\/et_pb_image][\/et_pb_column][\/et_pb_row][\/et_pb_section]<\/p>\n","protected":false},"excerpt":{"rendered":"<p>Always Sanch\u014dme no Y\u016bhi &#8217;64, Takashi Yamazaki, Jap\u00f3n, Ry\u014dhei Saigan<\/p>\n","protected":false},"featured_media":14056,"template":"","meta":{"_et_pb_use_builder":"on","_et_pb_old_content":"","_et_gb_content_width":"","_monsterinsights_skip_tracking":false,"_monsterinsights_sitenote_active":false,"_monsterinsights_sitenote_note":"","_monsterinsights_sitenote_category":0},"product_brand":[],"product_cat":[28],"product_tag":[],"class_list":{"0":"post-14055","1":"product","2":"type-product","3":"status-publish","4":"has-post-thumbnail","6":"product_cat-peliculas","8":"first","9":"instock","10":"shipping-taxable","11":"product-type-simple"},"yoast_head":"<!-- This site is optimized with the Yoast SEO plugin v27.2 - https:\/\/yoast.com\/product\/yoast-seo-wordpress\/ -->\n<title>Always Sanch\u014dme no Y\u016bhi &#039;64<\/title>\n<meta name=\"robots\" content=\"index, follow, max-snippet:-1, max-image-preview:large, max-video-preview:-1\" \/>\n<link rel=\"canonical\" href=\"https:\/\/www.historieta.es\/?product=always-sanchome-no-yuhi-64\" \/>\n<meta property=\"og:locale\" content=\"es_ES\" \/>\n<meta property=\"og:type\" content=\"article\" \/>\n<meta property=\"og:title\" content=\"Always Sanch\u014dme no Y\u016bhi &#039;64\" \/>\n<meta property=\"og:description\" content=\"Always Sanch\u014dme no Y\u016bhi &#039;64, Takashi Yamazaki, Jap\u00f3n, Ry\u014dhei Saigan\" \/>\n<meta property=\"og:url\" content=\"https:\/\/www.historieta.es\/?product=always-sanchome-no-yuhi-64\" \/>\n<meta property=\"og:site_name\" content=\"historieta\" \/>\n<meta property=\"article:modified_time\" content=\"2026-01-28T16:50:40+00:00\" \/>\n<meta property=\"og:image\" content=\"https:\/\/www.historieta.es\/wp-content\/uploads\/2024\/08\/Always-Sanchome-no-Yuhi-64.png\" \/>\n\t<meta property=\"og:image:width\" content=\"600\" \/>\n\t<meta property=\"og:image:height\" content=\"600\" \/>\n\t<meta property=\"og:image:type\" content=\"image\/png\" \/>\n<meta name=\"twitter:card\" content=\"summary_large_image\" \/>\n<meta name=\"twitter:label1\" content=\"Tiempo de lectura\" \/>\n\t<meta name=\"twitter:data1\" content=\"3 minutos\" \/>\n<script type=\"application\/ld+json\" class=\"yoast-schema-graph\">{\"@context\":\"https:\/\/schema.org\",\"@graph\":[{\"@type\":\"WebPage\",\"@id\":\"https:\/\/www.historieta.es\/?product=always-sanchome-no-yuhi-64\",\"url\":\"https:\/\/www.historieta.es\/?product=always-sanchome-no-yuhi-64\",\"name\":\"Always Sanch\u014dme no Y\u016bhi '64\",\"isPartOf\":{\"@id\":\"https:\/\/www.historieta.es\/#website\"},\"primaryImageOfPage\":{\"@id\":\"https:\/\/www.historieta.es\/?product=always-sanchome-no-yuhi-64#primaryimage\"},\"image\":{\"@id\":\"https:\/\/www.historieta.es\/?product=always-sanchome-no-yuhi-64#primaryimage\"},\"thumbnailUrl\":\"https:\/\/www.historieta.es\/wp-content\/uploads\/2024\/08\/Always-Sanchome-no-Yuhi-64.png\",\"datePublished\":\"2024-08-06T08:12:48+00:00\",\"dateModified\":\"2026-01-28T16:50:40+00:00\",\"breadcrumb\":{\"@id\":\"https:\/\/www.historieta.es\/?product=always-sanchome-no-yuhi-64#breadcrumb\"},\"inLanguage\":\"es\",\"potentialAction\":[{\"@type\":\"ReadAction\",\"target\":[\"https:\/\/www.historieta.es\/?product=always-sanchome-no-yuhi-64\"]}]},{\"@type\":\"ImageObject\",\"inLanguage\":\"es\",\"@id\":\"https:\/\/www.historieta.es\/?product=always-sanchome-no-yuhi-64#primaryimage\",\"url\":\"https:\/\/www.historieta.es\/wp-content\/uploads\/2024\/08\/Always-Sanchome-no-Yuhi-64.png\",\"contentUrl\":\"https:\/\/www.historieta.es\/wp-content\/uploads\/2024\/08\/Always-Sanchome-no-Yuhi-64.png\",\"width\":600,\"height\":600},{\"@type\":\"BreadcrumbList\",\"@id\":\"https:\/\/www.historieta.es\/?product=always-sanchome-no-yuhi-64#breadcrumb\",\"itemListElement\":[{\"@type\":\"ListItem\",\"position\":1,\"name\":\"Portada\",\"item\":\"https:\/\/www.historieta.es\/\"},{\"@type\":\"ListItem\",\"position\":2,\"name\":\"Productos\",\"item\":\"https:\/\/www.historieta.es\/?post_type=product\"},{\"@type\":\"ListItem\",\"position\":3,\"name\":\"Always Sanch\u014dme no Y\u016bhi &#8217;64\"}]},{\"@type\":\"WebSite\",\"@id\":\"https:\/\/www.historieta.es\/#website\",\"url\":\"https:\/\/www.historieta.es\/\",\"name\":\"historieta\",\"description\":\"sitio de comic\",\"potentialAction\":[{\"@type\":\"SearchAction\",\"target\":{\"@type\":\"EntryPoint\",\"urlTemplate\":\"https:\/\/www.historieta.es\/?s={search_term_string}\"},\"query-input\":{\"@type\":\"PropertyValueSpecification\",\"valueRequired\":true,\"valueName\":\"search_term_string\"}}],\"inLanguage\":\"es\"}]}<\/script>\n<!-- \/ Yoast SEO plugin. -->","yoast_head_json":{"title":"Always Sanch\u014dme no Y\u016bhi '64","robots":{"index":"index","follow":"follow","max-snippet":"max-snippet:-1","max-image-preview":"max-image-preview:large","max-video-preview":"max-video-preview:-1"},"canonical":"https:\/\/www.historieta.es\/?product=always-sanchome-no-yuhi-64","og_locale":"es_ES","og_type":"article","og_title":"Always Sanch\u014dme no Y\u016bhi '64","og_description":"Always Sanch\u014dme no Y\u016bhi '64, Takashi Yamazaki, Jap\u00f3n, Ry\u014dhei Saigan","og_url":"https:\/\/www.historieta.es\/?product=always-sanchome-no-yuhi-64","og_site_name":"historieta","article_modified_time":"2026-01-28T16:50:40+00:00","og_image":[{"width":600,"height":600,"url":"https:\/\/www.historieta.es\/wp-content\/uploads\/2024\/08\/Always-Sanchome-no-Yuhi-64.png","type":"image\/png"}],"twitter_card":"summary_large_image","twitter_misc":{"Tiempo de lectura":"3 minutos"},"schema":{"@context":"https:\/\/schema.org","@graph":[{"@type":"WebPage","@id":"https:\/\/www.historieta.es\/?product=always-sanchome-no-yuhi-64","url":"https:\/\/www.historieta.es\/?product=always-sanchome-no-yuhi-64","name":"Always Sanch\u014dme no Y\u016bhi '64","isPartOf":{"@id":"https:\/\/www.historieta.es\/#website"},"primaryImageOfPage":{"@id":"https:\/\/www.historieta.es\/?product=always-sanchome-no-yuhi-64#primaryimage"},"image":{"@id":"https:\/\/www.historieta.es\/?product=always-sanchome-no-yuhi-64#primaryimage"},"thumbnailUrl":"https:\/\/www.historieta.es\/wp-content\/uploads\/2024\/08\/Always-Sanchome-no-Yuhi-64.png","datePublished":"2024-08-06T08:12:48+00:00","dateModified":"2026-01-28T16:50:40+00:00","breadcrumb":{"@id":"https:\/\/www.historieta.es\/?product=always-sanchome-no-yuhi-64#breadcrumb"},"inLanguage":"es","potentialAction":[{"@type":"ReadAction","target":["https:\/\/www.historieta.es\/?product=always-sanchome-no-yuhi-64"]}]},{"@type":"ImageObject","inLanguage":"es","@id":"https:\/\/www.historieta.es\/?product=always-sanchome-no-yuhi-64#primaryimage","url":"https:\/\/www.historieta.es\/wp-content\/uploads\/2024\/08\/Always-Sanchome-no-Yuhi-64.png","contentUrl":"https:\/\/www.historieta.es\/wp-content\/uploads\/2024\/08\/Always-Sanchome-no-Yuhi-64.png","width":600,"height":600},{"@type":"BreadcrumbList","@id":"https:\/\/www.historieta.es\/?product=always-sanchome-no-yuhi-64#breadcrumb","itemListElement":[{"@type":"ListItem","position":1,"name":"Portada","item":"https:\/\/www.historieta.es\/"},{"@type":"ListItem","position":2,"name":"Productos","item":"https:\/\/www.historieta.es\/?post_type=product"},{"@type":"ListItem","position":3,"name":"Always Sanch\u014dme no Y\u016bhi &#8217;64"}]},{"@type":"WebSite","@id":"https:\/\/www.historieta.es\/#website","url":"https:\/\/www.historieta.es\/","name":"historieta","description":"sitio de comic","potentialAction":[{"@type":"SearchAction","target":{"@type":"EntryPoint","urlTemplate":"https:\/\/www.historieta.es\/?s={search_term_string}"},"query-input":{"@type":"PropertyValueSpecification","valueRequired":true,"valueName":"search_term_string"}}],"inLanguage":"es"}]}},"_links":{"self":[{"href":"https:\/\/www.historieta.es\/index.php?rest_route=\/wp\/v2\/product\/14055","targetHints":{"allow":["GET"]}}],"collection":[{"href":"https:\/\/www.historieta.es\/index.php?rest_route=\/wp\/v2\/product"}],"about":[{"href":"https:\/\/www.historieta.es\/index.php?rest_route=\/wp\/v2\/types\/product"}],"wp:featuredmedia":[{"embeddable":true,"href":"https:\/\/www.historieta.es\/index.php?rest_route=\/wp\/v2\/media\/14056"}],"wp:attachment":[{"href":"https:\/\/www.historieta.es\/index.php?rest_route=%2Fwp%2Fv2%2Fmedia&parent=14055"}],"wp:term":[{"taxonomy":"product_brand","embeddable":true,"href":"https:\/\/www.historieta.es\/index.php?rest_route=%2Fwp%2Fv2%2Fproduct_brand&post=14055"},{"taxonomy":"product_cat","embeddable":true,"href":"https:\/\/www.historieta.es\/index.php?rest_route=%2Fwp%2Fv2%2Fproduct_cat&post=14055"},{"taxonomy":"product_tag","embeddable":true,"href":"https:\/\/www.historieta.es\/index.php?rest_route=%2Fwp%2Fv2%2Fproduct_tag&post=14055"}],"curies":[{"name":"wp","href":"https:\/\/api.w.org\/{rel}","templated":true}]}}