{"id":13806,"date":"2024-08-01T07:37:50","date_gmt":"2024-08-01T07:37:50","guid":{"rendered":"https:\/\/www.historieta.es\/?post_type=product&#038;p=13806"},"modified":"2024-08-01T07:38:14","modified_gmt":"2024-08-01T07:38:14","slug":"fung-wan-ii-the-storm-riders-ii-the-storm-warriors","status":"publish","type":"product","link":"https:\/\/www.historieta.es\/?product=fung-wan-ii-the-storm-riders-ii-the-storm-warriors","title":{"rendered":"Fung wan II &#8211; The Storm Riders II (The Storm Warriors)"},"content":{"rendered":"<p>[et_pb_section fb_built=\u00bb1&#8243; _builder_version=\u00bb4.20.2&#8243; custom_margin=\u00bb-44px|0px|-44px|0px|true|true\u00bb custom_padding=\u00bb0px|0px|0px|0px|true|true\u00bb collapsed=\u00bboff\u00bb global_colors_info=\u00bb{}\u00bb theme_builder_area=\u00bbpost_content\u00bb][et_pb_row column_structure=\u00bb2_5,3_5&#8243; _builder_version=\u00bb4.20.2&#8243; background_size=\u00bbinitial\u00bb background_position=\u00bbtop_left\u00bb background_repeat=\u00bbrepeat\u00bb width=\u00bb100%\u00bb custom_margin=\u00bb0px|0px|0px|0px|true|true\u00bb custom_padding=\u00bb0px|0px|0px|0px|true|true\u00bb global_colors_info=\u00bb{}\u00bb theme_builder_area=\u00bbpost_content\u00bb][et_pb_column type=\u00bb2_5&#8243; _builder_version=\u00bb4.20.2&#8243; custom_padding=\u00bb|||\u00bb global_colors_info=\u00bb{}\u00bb custom_padding__hover=\u00bb|||\u00bb theme_builder_area=\u00bbpost_content\u00bb][et_pb_wc_images _builder_version=\u00bb4.20.2&#8243; box_shadow_style=\u00bbpreset1&#8243; global_colors_info=\u00bb{}\u00bb theme_builder_area=\u00bbpost_content\u00bb][\/et_pb_wc_images][\/et_pb_column][et_pb_column type=\u00bb3_5&#8243; _builder_version=\u00bb4.20.2&#8243; _module_preset=\u00bbdefault\u00bb global_colors_info=\u00bb{}\u00bb theme_builder_area=\u00bbpost_content\u00bb][et_pb_tabs _builder_version=\u00bb4.25.0&#8243; _module_preset=\u00bbdefault\u00bb hover_enabled=\u00bb0&#8243; global_colors_info=\u00bb{}\u00bb theme_builder_area=\u00bbpost_content\u00bb sticky_enabled=\u00bb0&#8243;][et_pb_tab title=\u00bbDatos\u00bb _builder_version=\u00bb4.25.0&#8243; _module_preset=\u00bbdefault\u00bb hover_enabled=\u00bb0&#8243; global_colors_info=\u00bb{}\u00bb theme_builder_area=\u00bbpost_content\u00bb sticky_enabled=\u00bb0&#8243;]<\/p>\n<p>T\u00edtulo espa\u00f1ol: The Storm Warriors\u00a0<\/p>\n<p>Direcci\u00f3n: Oxide Pang, Danny Pang<\/p>\n<p>Gion: Oxide Pang, Danny Pang<\/p>\n<p>M\u00fasica: Ronald Ng<\/p>\n<p>Fotograf\u00eda: Color<\/p>\n<p>Pa\u00eds: Hong Kong<\/p>\n<p>Duraci\u00f3n: 111<\/p>\n<p>A\u00f1o: 2009<\/p>\n<p>G\u00e9nero: Acci\u00f3n<\/p>\n<p>Reparto: Aaron Kwok, Ekin Cheng, Henny Ho<\/p>\n<p><strong>HISTORIETA: Fung Wan<br \/><\/strong><\/p>\n<p>[\/et_pb_tab][et_pb_tab title=\u00bbSinopsis\u00bb _builder_version=\u00bb4.25.0&#8243; _module_preset=\u00bbdefault\u00bb hover_enabled=\u00bb0&#8243; global_colors_info=\u00bb{}\u00bb theme_builder_area=\u00bbpost_content\u00bb sticky_enabled=\u00bb0&#8243;]<\/p>\n<p>Un malvado se\u00f1or de la guerra apresa al emperador y a un gran n\u00famero de guerreros. Ahora, los legendarios guerreros Nube y Viento tendr\u00e1n que realizar un plan para liberarlos, vi\u00e9ndose involucrados en una batalla brutal. The Storm Warriors es una pel\u00edcula de fantas\u00eda wuxia de Hong Kong de 2009 producida y dirigida por los hermanos Pang.<\/p>\n<p>[\/et_pb_tab][et_pb_tab title=\u00bbDocumentaci\u00f3n\u00bb _builder_version=\u00bb4.25.0&#8243; _module_preset=\u00bbdefault\u00bb hover_enabled=\u00bb0&#8243; global_colors_info=\u00bb{}\u00bb theme_builder_area=\u00bbpost_content\u00bb sticky_enabled=\u00bb0&#8243;]<\/p>\n<p>Es la segunda adaptaci\u00f3n cinematogr\u00e1fica de imagen real de la serie manhua Fung Wan del artista Ma Wing-shing, despu\u00e9s de la pel\u00edcula de 1998 The Storm Riders. The Storm Warriors se basa en el arco narrativo de la invasi\u00f3n japonesa de Fung Wan, The Death Battle. Ekin Cheng y Aaron Kwok repiten respectivamente sus papeles de Viento y Nube, quienes esta vez se enfrentan a Lord Godless (Simon Yam), un despiadado se\u00f1or de la guerra japon\u00e9s empe\u00f1ado en invadir China.<\/p>\n<p>[\/et_pb_tab][\/et_pb_tabs][et_pb_wc_title _builder_version=\u00bb4.20.2&#8243; header_font=\u00bb|600|||||||\u00bb header_text_color=\u00bb#0C71C3&#8243; header_font_size=\u00bb25px\u00bb custom_margin=\u00bb0px|0px|0px|0px|true|true\u00bb custom_padding=\u00bb0px|0px|0px|0px|true|true\u00bb global_colors_info=\u00bb{}\u00bb theme_builder_area=\u00bbpost_content\u00bb][\/et_pb_wc_title][\/et_pb_column][\/et_pb_row][et_pb_row column_structure=\u00bb3_5,2_5&#8243; _builder_version=\u00bb4.20.2&#8243; background_size=\u00bbinitial\u00bb background_position=\u00bbtop_left\u00bb background_repeat=\u00bbrepeat\u00bb width=\u00bb100%\u00bb custom_margin=\u00bb0px|0px|0px|0px|true|true\u00bb custom_padding=\u00bb0px|0px|0px|0px|true|true\u00bb global_colors_info=\u00bb{}\u00bb theme_builder_area=\u00bbpost_content\u00bb][et_pb_column type=\u00bb3_5&#8243; _builder_version=\u00bb4.20.2&#8243; _module_preset=\u00bbdefault\u00bb global_colors_info=\u00bb{}\u00bb theme_builder_area=\u00bbpost_content\u00bb][\/et_pb_column][et_pb_column type=\u00bb2_5&#8243; _builder_version=\u00bb4.20.2&#8243; custom_padding=\u00bb|||\u00bb global_colors_info=\u00bb{}\u00bb custom_padding__hover=\u00bb|||\u00bb theme_builder_area=\u00bbpost_content\u00bb][\/et_pb_column][\/et_pb_row][\/et_pb_section][et_pb_section fb_built=\u00bb1&#8243; _builder_version=\u00bb4.20.2&#8243; _module_preset=\u00bbdefault\u00bb custom_margin=\u00bb||9px|||\u00bb custom_padding=\u00bb||14px|||\u00bb global_colors_info=\u00bb{}\u00bb theme_builder_area=\u00bbpost_content\u00bb][et_pb_row column_structure=\u00bb1_3,1_3,1_3&#8243; _builder_version=\u00bb4.20.2&#8243; _module_preset=\u00bbdefault\u00bb global_colors_info=\u00bb{}\u00bb theme_builder_area=\u00bbpost_content\u00bb][et_pb_column type=\u00bb1_3&#8243; _builder_version=\u00bb4.20.2&#8243; _module_preset=\u00bbdefault\u00bb global_colors_info=\u00bb{}\u00bb theme_builder_area=\u00bbpost_content\u00bb][\/et_pb_column][et_pb_column type=\u00bb1_3&#8243; _builder_version=\u00bb4.20.2&#8243; _module_preset=\u00bbdefault\u00bb global_colors_info=\u00bb{}\u00bb theme_builder_area=\u00bbpost_content\u00bb][\/et_pb_column][et_pb_column type=\u00bb1_3&#8243; _builder_version=\u00bb4.20.2&#8243; _module_preset=\u00bbdefault\u00bb global_colors_info=\u00bb{}\u00bb theme_builder_area=\u00bbpost_content\u00bb][et_pb_image src=\u00bbhttps:\/\/www.historieta.es\/wp-content\/uploads\/2024\/08\/Fung-wan-II-The-Storm-Riders-II-The-Storm-Warriors.png\u00bb _builder_version=\u00bb4.25.0&#8243; _module_preset=\u00bbdefault\u00bb theme_builder_area=\u00bbpost_content\u00bb title_text=\u00bb_Fung-wan-II&#8212;The-Storm-Riders-II-(The-Storm-Warriors)\u00bb show_in_lightbox=\u00bbon\u00bb hover_enabled=\u00bb0&#8243; sticky_enabled=\u00bb0&#8243;][\/et_pb_image][\/et_pb_column][\/et_pb_row][\/et_pb_section]<\/p>\n","protected":false},"excerpt":{"rendered":"<p>Fung wan II &#8211; The Storm Riders II (The Storm Warriors), Oxide Pang, Danny Pang, Hong Kong, Ma Wing-shing<\/p>\n","protected":false},"featured_media":13808,"template":"","meta":{"_et_pb_use_builder":"on","_et_pb_old_content":"","_et_gb_content_width":"","_monsterinsights_skip_tracking":false,"_monsterinsights_sitenote_active":false,"_monsterinsights_sitenote_note":"","_monsterinsights_sitenote_category":0},"product_brand":[],"product_cat":[28],"product_tag":[],"class_list":{"0":"post-13806","1":"product","2":"type-product","3":"status-publish","4":"has-post-thumbnail","6":"product_cat-peliculas","8":"first","9":"instock","10":"shipping-taxable","11":"product-type-simple"},"yoast_head":"<!-- This site is optimized with the Yoast SEO plugin v27.2 - https:\/\/yoast.com\/product\/yoast-seo-wordpress\/ -->\n<title>Fung wan II - The Storm Riders II (The Storm Warriors)<\/title>\n<meta name=\"robots\" content=\"index, follow, max-snippet:-1, max-image-preview:large, max-video-preview:-1\" \/>\n<link rel=\"canonical\" href=\"https:\/\/www.historieta.es\/?product=fung-wan-ii-the-storm-riders-ii-the-storm-warriors\" \/>\n<meta property=\"og:locale\" content=\"es_ES\" \/>\n<meta property=\"og:type\" content=\"article\" \/>\n<meta property=\"og:title\" content=\"Fung wan II - The Storm Riders II (The Storm Warriors)\" \/>\n<meta property=\"og:description\" content=\"Fung wan II - The Storm Riders II (The Storm Warriors), Oxide Pang, Danny Pang, Hong Kong, Ma Wing-shing\" \/>\n<meta property=\"og:url\" content=\"https:\/\/www.historieta.es\/?product=fung-wan-ii-the-storm-riders-ii-the-storm-warriors\" \/>\n<meta property=\"og:site_name\" content=\"historieta\" \/>\n<meta property=\"article:modified_time\" content=\"2024-08-01T07:38:14+00:00\" \/>\n<meta property=\"og:image\" content=\"https:\/\/www.historieta.es\/wp-content\/uploads\/2024\/08\/Fung-wan-II-The-Storm-Riders-II-The-Storm-Warriors-1.png\" \/>\n\t<meta property=\"og:image:width\" content=\"600\" \/>\n\t<meta property=\"og:image:height\" content=\"600\" \/>\n\t<meta property=\"og:image:type\" content=\"image\/png\" \/>\n<meta name=\"twitter:card\" content=\"summary_large_image\" \/>\n<meta name=\"twitter:label1\" content=\"Tiempo de lectura\" \/>\n\t<meta name=\"twitter:data1\" content=\"4 minutos\" \/>\n<script type=\"application\/ld+json\" class=\"yoast-schema-graph\">{\"@context\":\"https:\/\/schema.org\",\"@graph\":[{\"@type\":\"WebPage\",\"@id\":\"https:\/\/www.historieta.es\/?product=fung-wan-ii-the-storm-riders-ii-the-storm-warriors\",\"url\":\"https:\/\/www.historieta.es\/?product=fung-wan-ii-the-storm-riders-ii-the-storm-warriors\",\"name\":\"Fung wan II - The Storm Riders II (The Storm Warriors)\",\"isPartOf\":{\"@id\":\"https:\/\/www.historieta.es\/#website\"},\"primaryImageOfPage\":{\"@id\":\"https:\/\/www.historieta.es\/?product=fung-wan-ii-the-storm-riders-ii-the-storm-warriors#primaryimage\"},\"image\":{\"@id\":\"https:\/\/www.historieta.es\/?product=fung-wan-ii-the-storm-riders-ii-the-storm-warriors#primaryimage\"},\"thumbnailUrl\":\"https:\/\/www.historieta.es\/wp-content\/uploads\/2024\/08\/Fung-wan-II-The-Storm-Riders-II-The-Storm-Warriors-1.png\",\"datePublished\":\"2024-08-01T07:37:50+00:00\",\"dateModified\":\"2024-08-01T07:38:14+00:00\",\"breadcrumb\":{\"@id\":\"https:\/\/www.historieta.es\/?product=fung-wan-ii-the-storm-riders-ii-the-storm-warriors#breadcrumb\"},\"inLanguage\":\"es\",\"potentialAction\":[{\"@type\":\"ReadAction\",\"target\":[\"https:\/\/www.historieta.es\/?product=fung-wan-ii-the-storm-riders-ii-the-storm-warriors\"]}]},{\"@type\":\"ImageObject\",\"inLanguage\":\"es\",\"@id\":\"https:\/\/www.historieta.es\/?product=fung-wan-ii-the-storm-riders-ii-the-storm-warriors#primaryimage\",\"url\":\"https:\/\/www.historieta.es\/wp-content\/uploads\/2024\/08\/Fung-wan-II-The-Storm-Riders-II-The-Storm-Warriors-1.png\",\"contentUrl\":\"https:\/\/www.historieta.es\/wp-content\/uploads\/2024\/08\/Fung-wan-II-The-Storm-Riders-II-The-Storm-Warriors-1.png\",\"width\":600,\"height\":600},{\"@type\":\"BreadcrumbList\",\"@id\":\"https:\/\/www.historieta.es\/?product=fung-wan-ii-the-storm-riders-ii-the-storm-warriors#breadcrumb\",\"itemListElement\":[{\"@type\":\"ListItem\",\"position\":1,\"name\":\"Portada\",\"item\":\"https:\/\/www.historieta.es\/\"},{\"@type\":\"ListItem\",\"position\":2,\"name\":\"Productos\",\"item\":\"https:\/\/www.historieta.es\/?post_type=product\"},{\"@type\":\"ListItem\",\"position\":3,\"name\":\"Fung wan II &#8211; The Storm Riders II (The Storm Warriors)\"}]},{\"@type\":\"WebSite\",\"@id\":\"https:\/\/www.historieta.es\/#website\",\"url\":\"https:\/\/www.historieta.es\/\",\"name\":\"historieta\",\"description\":\"sitio de comic\",\"potentialAction\":[{\"@type\":\"SearchAction\",\"target\":{\"@type\":\"EntryPoint\",\"urlTemplate\":\"https:\/\/www.historieta.es\/?s={search_term_string}\"},\"query-input\":{\"@type\":\"PropertyValueSpecification\",\"valueRequired\":true,\"valueName\":\"search_term_string\"}}],\"inLanguage\":\"es\"}]}<\/script>\n<!-- \/ Yoast SEO plugin. -->","yoast_head_json":{"title":"Fung wan II - The Storm Riders II (The Storm Warriors)","robots":{"index":"index","follow":"follow","max-snippet":"max-snippet:-1","max-image-preview":"max-image-preview:large","max-video-preview":"max-video-preview:-1"},"canonical":"https:\/\/www.historieta.es\/?product=fung-wan-ii-the-storm-riders-ii-the-storm-warriors","og_locale":"es_ES","og_type":"article","og_title":"Fung wan II - The Storm Riders II (The Storm Warriors)","og_description":"Fung wan II - The Storm Riders II (The Storm Warriors), Oxide Pang, Danny Pang, Hong Kong, Ma Wing-shing","og_url":"https:\/\/www.historieta.es\/?product=fung-wan-ii-the-storm-riders-ii-the-storm-warriors","og_site_name":"historieta","article_modified_time":"2024-08-01T07:38:14+00:00","og_image":[{"width":600,"height":600,"url":"https:\/\/www.historieta.es\/wp-content\/uploads\/2024\/08\/Fung-wan-II-The-Storm-Riders-II-The-Storm-Warriors-1.png","type":"image\/png"}],"twitter_card":"summary_large_image","twitter_misc":{"Tiempo de lectura":"4 minutos"},"schema":{"@context":"https:\/\/schema.org","@graph":[{"@type":"WebPage","@id":"https:\/\/www.historieta.es\/?product=fung-wan-ii-the-storm-riders-ii-the-storm-warriors","url":"https:\/\/www.historieta.es\/?product=fung-wan-ii-the-storm-riders-ii-the-storm-warriors","name":"Fung wan II - The Storm Riders II (The Storm Warriors)","isPartOf":{"@id":"https:\/\/www.historieta.es\/#website"},"primaryImageOfPage":{"@id":"https:\/\/www.historieta.es\/?product=fung-wan-ii-the-storm-riders-ii-the-storm-warriors#primaryimage"},"image":{"@id":"https:\/\/www.historieta.es\/?product=fung-wan-ii-the-storm-riders-ii-the-storm-warriors#primaryimage"},"thumbnailUrl":"https:\/\/www.historieta.es\/wp-content\/uploads\/2024\/08\/Fung-wan-II-The-Storm-Riders-II-The-Storm-Warriors-1.png","datePublished":"2024-08-01T07:37:50+00:00","dateModified":"2024-08-01T07:38:14+00:00","breadcrumb":{"@id":"https:\/\/www.historieta.es\/?product=fung-wan-ii-the-storm-riders-ii-the-storm-warriors#breadcrumb"},"inLanguage":"es","potentialAction":[{"@type":"ReadAction","target":["https:\/\/www.historieta.es\/?product=fung-wan-ii-the-storm-riders-ii-the-storm-warriors"]}]},{"@type":"ImageObject","inLanguage":"es","@id":"https:\/\/www.historieta.es\/?product=fung-wan-ii-the-storm-riders-ii-the-storm-warriors#primaryimage","url":"https:\/\/www.historieta.es\/wp-content\/uploads\/2024\/08\/Fung-wan-II-The-Storm-Riders-II-The-Storm-Warriors-1.png","contentUrl":"https:\/\/www.historieta.es\/wp-content\/uploads\/2024\/08\/Fung-wan-II-The-Storm-Riders-II-The-Storm-Warriors-1.png","width":600,"height":600},{"@type":"BreadcrumbList","@id":"https:\/\/www.historieta.es\/?product=fung-wan-ii-the-storm-riders-ii-the-storm-warriors#breadcrumb","itemListElement":[{"@type":"ListItem","position":1,"name":"Portada","item":"https:\/\/www.historieta.es\/"},{"@type":"ListItem","position":2,"name":"Productos","item":"https:\/\/www.historieta.es\/?post_type=product"},{"@type":"ListItem","position":3,"name":"Fung wan II &#8211; The Storm Riders II (The Storm Warriors)"}]},{"@type":"WebSite","@id":"https:\/\/www.historieta.es\/#website","url":"https:\/\/www.historieta.es\/","name":"historieta","description":"sitio de comic","potentialAction":[{"@type":"SearchAction","target":{"@type":"EntryPoint","urlTemplate":"https:\/\/www.historieta.es\/?s={search_term_string}"},"query-input":{"@type":"PropertyValueSpecification","valueRequired":true,"valueName":"search_term_string"}}],"inLanguage":"es"}]}},"_links":{"self":[{"href":"https:\/\/www.historieta.es\/index.php?rest_route=\/wp\/v2\/product\/13806","targetHints":{"allow":["GET"]}}],"collection":[{"href":"https:\/\/www.historieta.es\/index.php?rest_route=\/wp\/v2\/product"}],"about":[{"href":"https:\/\/www.historieta.es\/index.php?rest_route=\/wp\/v2\/types\/product"}],"wp:featuredmedia":[{"embeddable":true,"href":"https:\/\/www.historieta.es\/index.php?rest_route=\/wp\/v2\/media\/13808"}],"wp:attachment":[{"href":"https:\/\/www.historieta.es\/index.php?rest_route=%2Fwp%2Fv2%2Fmedia&parent=13806"}],"wp:term":[{"taxonomy":"product_brand","embeddable":true,"href":"https:\/\/www.historieta.es\/index.php?rest_route=%2Fwp%2Fv2%2Fproduct_brand&post=13806"},{"taxonomy":"product_cat","embeddable":true,"href":"https:\/\/www.historieta.es\/index.php?rest_route=%2Fwp%2Fv2%2Fproduct_cat&post=13806"},{"taxonomy":"product_tag","embeddable":true,"href":"https:\/\/www.historieta.es\/index.php?rest_route=%2Fwp%2Fv2%2Fproduct_tag&post=13806"}],"curies":[{"name":"wp","href":"https:\/\/api.w.org\/{rel}","templated":true}]}}