{"id":13785,"date":"2024-08-01T06:53:29","date_gmt":"2024-08-01T06:53:29","guid":{"rendered":"https:\/\/www.historieta.es\/?post_type=product&#038;p=13785"},"modified":"2024-08-08T15:03:47","modified_gmt":"2024-08-08T15:03:47","slug":"mystery-men","status":"publish","type":"product","link":"https:\/\/www.historieta.es\/?product=mystery-men","title":{"rendered":"Mystery Men"},"content":{"rendered":"<p>[et_pb_section fb_built=\u00bb1&#8243; _builder_version=\u00bb4.20.2&#8243; custom_margin=\u00bb-44px|0px|-44px|0px|true|true\u00bb custom_padding=\u00bb0px|0px|0px|0px|true|true\u00bb collapsed=\u00bboff\u00bb global_colors_info=\u00bb{}\u00bb theme_builder_area=\u00bbpost_content\u00bb][et_pb_row column_structure=\u00bb2_5,3_5&#8243; _builder_version=\u00bb4.20.2&#8243; background_size=\u00bbinitial\u00bb background_position=\u00bbtop_left\u00bb background_repeat=\u00bbrepeat\u00bb width=\u00bb100%\u00bb custom_margin=\u00bb0px|0px|0px|0px|true|true\u00bb custom_padding=\u00bb0px|0px|0px|0px|true|true\u00bb global_colors_info=\u00bb{}\u00bb theme_builder_area=\u00bbpost_content\u00bb][et_pb_column type=\u00bb2_5&#8243; _builder_version=\u00bb4.20.2&#8243; custom_padding=\u00bb|||\u00bb global_colors_info=\u00bb{}\u00bb custom_padding__hover=\u00bb|||\u00bb theme_builder_area=\u00bbpost_content\u00bb][et_pb_wc_images _builder_version=\u00bb4.20.2&#8243; box_shadow_style=\u00bbpreset1&#8243; global_colors_info=\u00bb{}\u00bb theme_builder_area=\u00bbpost_content\u00bb][\/et_pb_wc_images][\/et_pb_column][et_pb_column type=\u00bb3_5&#8243; _builder_version=\u00bb4.20.2&#8243; _module_preset=\u00bbdefault\u00bb global_colors_info=\u00bb{}\u00bb theme_builder_area=\u00bbpost_content\u00bb][et_pb_tabs _builder_version=\u00bb4.25.0&#8243; _module_preset=\u00bbdefault\u00bb hover_enabled=\u00bb0&#8243; global_colors_info=\u00bb{}\u00bb theme_builder_area=\u00bbpost_content\u00bb sticky_enabled=\u00bb0&#8243;][et_pb_tab title=\u00bbDatos\u00bb _builder_version=\u00bb4.25.0&#8243; _module_preset=\u00bbdefault\u00bb hover_enabled=\u00bb0&#8243; global_colors_info=\u00bb{}\u00bb theme_builder_area=\u00bbpost_content\u00bb sticky_enabled=\u00bb0&#8243;]<\/p>\n<p>T\u00edtulo espa\u00f1ol: Mystery Men (Hombres misteriosos)\u00a0<\/p>\n<p>Direcci\u00f3n: Kinka Usher<\/p>\n<p>Gion: Neil Cuthbert<\/p>\n<p>M\u00fasica: Stephen Warbeck<\/p>\n<p>Fotograf\u00eda: Color<\/p>\n<p>Pa\u00eds: USA<\/p>\n<p>Duraci\u00f3n: 111<\/p>\n<p>A\u00f1o: 1999<\/p>\n<p>G\u00e9nero: Comedia<\/p>\n<p>Reparto: Ben Stiler, William H. Macy, Hank Azaria<\/p>\n<p><strong>HISTORIETA: Flaming Carrot Comics<br \/><\/strong><\/p>\n<p>[\/et_pb_tab][et_pb_tab title=\u00bbSinopsis\u00bb _builder_version=\u00bb4.25.0&#8243; _module_preset=\u00bbdefault\u00bb hover_enabled=\u00bb0&#8243; global_colors_info=\u00bb{}\u00bb theme_builder_area=\u00bbpost_content\u00bb sticky_enabled=\u00bb0&#8243;]<\/p>\n<p>En la pr\u00f3spera metr\u00f3poli de Champion City, Roy, Jeffrey y Eddie luchan con todas sus fuerzas por llegar a convertirse alg\u00fan d\u00eda en los aut\u00e9nticos superh\u00e9roes de la ciudad. Los tres creen estar dotados de poderes especiales para hacer el bien.<\/p>\n<p>[\/et_pb_tab][et_pb_tab title=\u00bbDocumentaci\u00f3n\u00bb _builder_version=\u00bb4.25.0&#8243; _module_preset=\u00bbdefault\u00bb hover_enabled=\u00bb0&#8243; global_colors_info=\u00bb{}\u00bb theme_builder_area=\u00bbpost_content\u00bb sticky_enabled=\u00bb0&#8243;]<\/p>\n<p>Mystery Men es una pel\u00edcula de comedia de superh\u00e9roes estadounidense de 1999 dirigida por Kinka Usher (en su debut como director de largometraje), escrita por Neil Cuthbert, basada libremente en Flaming Carrot Comics de Bob Burden,<\/p>\n<p>[\/et_pb_tab][\/et_pb_tabs][et_pb_wc_title _builder_version=\u00bb4.20.2&#8243; header_font=\u00bb|600|||||||\u00bb header_text_color=\u00bb#0C71C3&#8243; header_font_size=\u00bb25px\u00bb custom_margin=\u00bb0px|0px|0px|0px|true|true\u00bb custom_padding=\u00bb0px|0px|0px|0px|true|true\u00bb global_colors_info=\u00bb{}\u00bb theme_builder_area=\u00bbpost_content\u00bb][\/et_pb_wc_title][\/et_pb_column][\/et_pb_row][et_pb_row column_structure=\u00bb3_5,2_5&#8243; _builder_version=\u00bb4.20.2&#8243; background_size=\u00bbinitial\u00bb background_position=\u00bbtop_left\u00bb background_repeat=\u00bbrepeat\u00bb width=\u00bb100%\u00bb custom_margin=\u00bb0px|0px|0px|0px|true|true\u00bb custom_padding=\u00bb0px|0px|0px|0px|true|true\u00bb global_colors_info=\u00bb{}\u00bb theme_builder_area=\u00bbpost_content\u00bb][et_pb_column type=\u00bb3_5&#8243; _builder_version=\u00bb4.20.2&#8243; _module_preset=\u00bbdefault\u00bb global_colors_info=\u00bb{}\u00bb theme_builder_area=\u00bbpost_content\u00bb][\/et_pb_column][et_pb_column type=\u00bb2_5&#8243; _builder_version=\u00bb4.20.2&#8243; custom_padding=\u00bb|||\u00bb global_colors_info=\u00bb{}\u00bb custom_padding__hover=\u00bb|||\u00bb theme_builder_area=\u00bbpost_content\u00bb][\/et_pb_column][\/et_pb_row][\/et_pb_section][et_pb_section fb_built=\u00bb1&#8243; _builder_version=\u00bb4.20.2&#8243; _module_preset=\u00bbdefault\u00bb custom_margin=\u00bb||9px|||\u00bb custom_padding=\u00bb||14px|||\u00bb global_colors_info=\u00bb{}\u00bb theme_builder_area=\u00bbpost_content\u00bb][et_pb_row column_structure=\u00bb1_3,1_3,1_3&#8243; _builder_version=\u00bb4.20.2&#8243; _module_preset=\u00bbdefault\u00bb global_colors_info=\u00bb{}\u00bb theme_builder_area=\u00bbpost_content\u00bb][et_pb_column type=\u00bb1_3&#8243; _builder_version=\u00bb4.20.2&#8243; _module_preset=\u00bbdefault\u00bb global_colors_info=\u00bb{}\u00bb theme_builder_area=\u00bbpost_content\u00bb][\/et_pb_column][et_pb_column type=\u00bb1_3&#8243; _builder_version=\u00bb4.20.2&#8243; _module_preset=\u00bbdefault\u00bb global_colors_info=\u00bb{}\u00bb theme_builder_area=\u00bbpost_content\u00bb][\/et_pb_column][et_pb_column type=\u00bb1_3&#8243; _builder_version=\u00bb4.20.2&#8243; _module_preset=\u00bbdefault\u00bb global_colors_info=\u00bb{}\u00bb theme_builder_area=\u00bbpost_content\u00bb][et_pb_image src=\u00bbhttps:\/\/www.historieta.es\/wp-content\/uploads\/2024\/08\/Mystery-Men-1.png\u00bb _builder_version=\u00bb4.25.0&#8243; _module_preset=\u00bbdefault\u00bb theme_builder_area=\u00bbpost_content\u00bb title_text=\u00bbMystery-Men\u00bb show_in_lightbox=\u00bbon\u00bb hover_enabled=\u00bb0&#8243; sticky_enabled=\u00bb0&#8243;][\/et_pb_image][\/et_pb_column][\/et_pb_row][\/et_pb_section]<\/p>\n","protected":false},"excerpt":{"rendered":"<p>Mystery Men, USA, Kinka Usher, Flaming Carrot Comics, Bob Burden<\/p>\n","protected":false},"featured_media":13786,"template":"","meta":{"_et_pb_use_builder":"on","_et_pb_old_content":"","_et_gb_content_width":"","_monsterinsights_skip_tracking":false,"_monsterinsights_sitenote_active":false,"_monsterinsights_sitenote_note":"","_monsterinsights_sitenote_category":0},"product_brand":[],"product_cat":[28,79],"product_tag":[],"class_list":{"0":"post-13785","1":"product","2":"type-product","3":"status-publish","4":"has-post-thumbnail","6":"product_cat-peliculas","7":"product_cat-peliculas-superheroes","9":"first","10":"instock","11":"shipping-taxable","12":"product-type-simple"},"yoast_head":"<!-- This site is optimized with the Yoast SEO plugin v27.2 - https:\/\/yoast.com\/product\/yoast-seo-wordpress\/ -->\n<title>Mystery Men<\/title>\n<meta name=\"robots\" content=\"index, follow, max-snippet:-1, max-image-preview:large, max-video-preview:-1\" \/>\n<link rel=\"canonical\" href=\"https:\/\/www.historieta.es\/?product=mystery-men\" \/>\n<meta property=\"og:locale\" content=\"es_ES\" \/>\n<meta property=\"og:type\" content=\"article\" \/>\n<meta property=\"og:title\" content=\"Mystery Men\" \/>\n<meta property=\"og:description\" content=\"Mystery Men, USA, Kinka Usher, Flaming Carrot Comics, Bob Burden\" \/>\n<meta property=\"og:url\" content=\"https:\/\/www.historieta.es\/?product=mystery-men\" \/>\n<meta property=\"og:site_name\" content=\"historieta\" \/>\n<meta property=\"article:modified_time\" content=\"2024-08-08T15:03:47+00:00\" \/>\n<meta property=\"og:image\" content=\"https:\/\/www.historieta.es\/wp-content\/uploads\/2024\/08\/Mystery-Men.png\" \/>\n\t<meta property=\"og:image:width\" content=\"600\" \/>\n\t<meta property=\"og:image:height\" content=\"600\" \/>\n\t<meta property=\"og:image:type\" content=\"image\/png\" \/>\n<meta name=\"twitter:card\" content=\"summary_large_image\" \/>\n<meta name=\"twitter:label1\" content=\"Tiempo de lectura\" \/>\n\t<meta name=\"twitter:data1\" content=\"3 minutos\" \/>\n<script type=\"application\/ld+json\" class=\"yoast-schema-graph\">{\"@context\":\"https:\/\/schema.org\",\"@graph\":[{\"@type\":\"WebPage\",\"@id\":\"https:\/\/www.historieta.es\/?product=mystery-men\",\"url\":\"https:\/\/www.historieta.es\/?product=mystery-men\",\"name\":\"Mystery Men\",\"isPartOf\":{\"@id\":\"https:\/\/www.historieta.es\/#website\"},\"primaryImageOfPage\":{\"@id\":\"https:\/\/www.historieta.es\/?product=mystery-men#primaryimage\"},\"image\":{\"@id\":\"https:\/\/www.historieta.es\/?product=mystery-men#primaryimage\"},\"thumbnailUrl\":\"https:\/\/www.historieta.es\/wp-content\/uploads\/2024\/08\/Mystery-Men.png\",\"datePublished\":\"2024-08-01T06:53:29+00:00\",\"dateModified\":\"2024-08-08T15:03:47+00:00\",\"breadcrumb\":{\"@id\":\"https:\/\/www.historieta.es\/?product=mystery-men#breadcrumb\"},\"inLanguage\":\"es\",\"potentialAction\":[{\"@type\":\"ReadAction\",\"target\":[\"https:\/\/www.historieta.es\/?product=mystery-men\"]}]},{\"@type\":\"ImageObject\",\"inLanguage\":\"es\",\"@id\":\"https:\/\/www.historieta.es\/?product=mystery-men#primaryimage\",\"url\":\"https:\/\/www.historieta.es\/wp-content\/uploads\/2024\/08\/Mystery-Men.png\",\"contentUrl\":\"https:\/\/www.historieta.es\/wp-content\/uploads\/2024\/08\/Mystery-Men.png\",\"width\":600,\"height\":600},{\"@type\":\"BreadcrumbList\",\"@id\":\"https:\/\/www.historieta.es\/?product=mystery-men#breadcrumb\",\"itemListElement\":[{\"@type\":\"ListItem\",\"position\":1,\"name\":\"Portada\",\"item\":\"https:\/\/www.historieta.es\/\"},{\"@type\":\"ListItem\",\"position\":2,\"name\":\"Productos\",\"item\":\"https:\/\/www.historieta.es\/?post_type=product\"},{\"@type\":\"ListItem\",\"position\":3,\"name\":\"Mystery Men\"}]},{\"@type\":\"WebSite\",\"@id\":\"https:\/\/www.historieta.es\/#website\",\"url\":\"https:\/\/www.historieta.es\/\",\"name\":\"historieta\",\"description\":\"sitio de comic\",\"potentialAction\":[{\"@type\":\"SearchAction\",\"target\":{\"@type\":\"EntryPoint\",\"urlTemplate\":\"https:\/\/www.historieta.es\/?s={search_term_string}\"},\"query-input\":{\"@type\":\"PropertyValueSpecification\",\"valueRequired\":true,\"valueName\":\"search_term_string\"}}],\"inLanguage\":\"es\"}]}<\/script>\n<!-- \/ Yoast SEO plugin. -->","yoast_head_json":{"title":"Mystery Men","robots":{"index":"index","follow":"follow","max-snippet":"max-snippet:-1","max-image-preview":"max-image-preview:large","max-video-preview":"max-video-preview:-1"},"canonical":"https:\/\/www.historieta.es\/?product=mystery-men","og_locale":"es_ES","og_type":"article","og_title":"Mystery Men","og_description":"Mystery Men, USA, Kinka Usher, Flaming Carrot Comics, Bob Burden","og_url":"https:\/\/www.historieta.es\/?product=mystery-men","og_site_name":"historieta","article_modified_time":"2024-08-08T15:03:47+00:00","og_image":[{"width":600,"height":600,"url":"https:\/\/www.historieta.es\/wp-content\/uploads\/2024\/08\/Mystery-Men.png","type":"image\/png"}],"twitter_card":"summary_large_image","twitter_misc":{"Tiempo de lectura":"3 minutos"},"schema":{"@context":"https:\/\/schema.org","@graph":[{"@type":"WebPage","@id":"https:\/\/www.historieta.es\/?product=mystery-men","url":"https:\/\/www.historieta.es\/?product=mystery-men","name":"Mystery Men","isPartOf":{"@id":"https:\/\/www.historieta.es\/#website"},"primaryImageOfPage":{"@id":"https:\/\/www.historieta.es\/?product=mystery-men#primaryimage"},"image":{"@id":"https:\/\/www.historieta.es\/?product=mystery-men#primaryimage"},"thumbnailUrl":"https:\/\/www.historieta.es\/wp-content\/uploads\/2024\/08\/Mystery-Men.png","datePublished":"2024-08-01T06:53:29+00:00","dateModified":"2024-08-08T15:03:47+00:00","breadcrumb":{"@id":"https:\/\/www.historieta.es\/?product=mystery-men#breadcrumb"},"inLanguage":"es","potentialAction":[{"@type":"ReadAction","target":["https:\/\/www.historieta.es\/?product=mystery-men"]}]},{"@type":"ImageObject","inLanguage":"es","@id":"https:\/\/www.historieta.es\/?product=mystery-men#primaryimage","url":"https:\/\/www.historieta.es\/wp-content\/uploads\/2024\/08\/Mystery-Men.png","contentUrl":"https:\/\/www.historieta.es\/wp-content\/uploads\/2024\/08\/Mystery-Men.png","width":600,"height":600},{"@type":"BreadcrumbList","@id":"https:\/\/www.historieta.es\/?product=mystery-men#breadcrumb","itemListElement":[{"@type":"ListItem","position":1,"name":"Portada","item":"https:\/\/www.historieta.es\/"},{"@type":"ListItem","position":2,"name":"Productos","item":"https:\/\/www.historieta.es\/?post_type=product"},{"@type":"ListItem","position":3,"name":"Mystery Men"}]},{"@type":"WebSite","@id":"https:\/\/www.historieta.es\/#website","url":"https:\/\/www.historieta.es\/","name":"historieta","description":"sitio de comic","potentialAction":[{"@type":"SearchAction","target":{"@type":"EntryPoint","urlTemplate":"https:\/\/www.historieta.es\/?s={search_term_string}"},"query-input":{"@type":"PropertyValueSpecification","valueRequired":true,"valueName":"search_term_string"}}],"inLanguage":"es"}]}},"_links":{"self":[{"href":"https:\/\/www.historieta.es\/index.php?rest_route=\/wp\/v2\/product\/13785","targetHints":{"allow":["GET"]}}],"collection":[{"href":"https:\/\/www.historieta.es\/index.php?rest_route=\/wp\/v2\/product"}],"about":[{"href":"https:\/\/www.historieta.es\/index.php?rest_route=\/wp\/v2\/types\/product"}],"wp:featuredmedia":[{"embeddable":true,"href":"https:\/\/www.historieta.es\/index.php?rest_route=\/wp\/v2\/media\/13786"}],"wp:attachment":[{"href":"https:\/\/www.historieta.es\/index.php?rest_route=%2Fwp%2Fv2%2Fmedia&parent=13785"}],"wp:term":[{"taxonomy":"product_brand","embeddable":true,"href":"https:\/\/www.historieta.es\/index.php?rest_route=%2Fwp%2Fv2%2Fproduct_brand&post=13785"},{"taxonomy":"product_cat","embeddable":true,"href":"https:\/\/www.historieta.es\/index.php?rest_route=%2Fwp%2Fv2%2Fproduct_cat&post=13785"},{"taxonomy":"product_tag","embeddable":true,"href":"https:\/\/www.historieta.es\/index.php?rest_route=%2Fwp%2Fv2%2Fproduct_tag&post=13785"}],"curies":[{"name":"wp","href":"https:\/\/api.w.org\/{rel}","templated":true}]}}