{"id":13754,"date":"2024-07-31T15:29:45","date_gmt":"2024-07-31T15:29:45","guid":{"rendered":"https:\/\/www.historieta.es\/?post_type=product&#038;p=13754"},"modified":"2024-08-08T06:40:40","modified_gmt":"2024-08-08T06:40:40","slug":"les-dalton-en-cavale","status":"publish","type":"product","link":"https:\/\/www.historieta.es\/?product=les-dalton-en-cavale","title":{"rendered":"Les Dalton en cavale"},"content":{"rendered":"<p>[et_pb_section fb_built=\u00bb1&#8243; _builder_version=\u00bb4.20.2&#8243; custom_margin=\u00bb-44px|0px|-44px|0px|true|true\u00bb custom_padding=\u00bb0px|0px|0px|0px|true|true\u00bb collapsed=\u00bboff\u00bb global_colors_info=\u00bb{}\u00bb theme_builder_area=\u00bbpost_content\u00bb][et_pb_row column_structure=\u00bb2_5,3_5&#8243; _builder_version=\u00bb4.20.2&#8243; background_size=\u00bbinitial\u00bb background_position=\u00bbtop_left\u00bb background_repeat=\u00bbrepeat\u00bb width=\u00bb100%\u00bb custom_margin=\u00bb0px|0px|0px|0px|true|true\u00bb custom_padding=\u00bb0px|0px|0px|0px|true|true\u00bb global_colors_info=\u00bb{}\u00bb theme_builder_area=\u00bbpost_content\u00bb][et_pb_column type=\u00bb2_5&#8243; _builder_version=\u00bb4.20.2&#8243; custom_padding=\u00bb|||\u00bb global_colors_info=\u00bb{}\u00bb custom_padding__hover=\u00bb|||\u00bb theme_builder_area=\u00bbpost_content\u00bb][et_pb_wc_images _builder_version=\u00bb4.20.2&#8243; box_shadow_style=\u00bbpreset1&#8243; global_colors_info=\u00bb{}\u00bb theme_builder_area=\u00bbpost_content\u00bb][\/et_pb_wc_images][\/et_pb_column][et_pb_column type=\u00bb3_5&#8243; _builder_version=\u00bb4.20.2&#8243; _module_preset=\u00bbdefault\u00bb global_colors_info=\u00bb{}\u00bb theme_builder_area=\u00bbpost_content\u00bb][et_pb_tabs _builder_version=\u00bb4.25.0&#8243; _module_preset=\u00bbdefault\u00bb hover_enabled=\u00bb0&#8243; global_colors_info=\u00bb{}\u00bb theme_builder_area=\u00bbpost_content\u00bb sticky_enabled=\u00bb0&#8243;][et_pb_tab title=\u00bbDatos\u00bb _builder_version=\u00bb4.25.0&#8243; _module_preset=\u00bbdefault\u00bb hover_enabled=\u00bb0&#8243; global_colors_info=\u00bb{}\u00bb theme_builder_area=\u00bbpost_content\u00bb sticky_enabled=\u00bb0&#8243;]<\/p>\n<p>T\u00edtulo espa\u00f1ol: Lucky Luke La fuga de los Dalton<\/p>\n<p>Direcci\u00f3n: William Hanna, Joseph Barbera, Morris, Ray Patterson<\/p>\n<p>Gion: Morris, Gilberte Goscinny, Glenn Leopold, Cliff Roberts<\/p>\n<p>M\u00fasica: Claude Bolling, Shuki Levy, Haim Saban<\/p>\n<p>Fotograf\u00eda: Color<\/p>\n<p>Pa\u00eds: Francia<\/p>\n<p>Duraci\u00f3n: 82<\/p>\n<p>A\u00f1o: 1983<\/p>\n<p>G\u00e9nero: Animaci\u00f3n<\/p>\n<p>Reparto:<\/p>\n<p><strong>HISTORIETA: Lucky Luke<br \/><\/strong><\/p>\n<p>[\/et_pb_tab][et_pb_tab title=\u00bbSinopsis\u00bb _builder_version=\u00bb4.25.0&#8243; _module_preset=\u00bbdefault\u00bb hover_enabled=\u00bb0&#8243; global_colors_info=\u00bb{}\u00bb theme_builder_area=\u00bbpost_content\u00bb sticky_enabled=\u00bb0&#8243;]<\/p>\n<p>Los cuatro malvados hermanos Dalton, prisioneros, se escapan de la c\u00e1rcel. Lucky Luke, el vaquero solitario, sabe qu\u00e9 hacer para atraparlos y llevarlos ante la justicia.<\/p>\n<p>[\/et_pb_tab][et_pb_tab title=\u00bbDocumentaci\u00f3n\u00bb _builder_version=\u00bb4.25.0&#8243; _module_preset=\u00bbdefault\u00bb hover_enabled=\u00bb0&#8243; global_colors_info=\u00bb{}\u00bb theme_builder_area=\u00bbpost_content\u00bb sticky_enabled=\u00bb0&#8243;]<\/p>\n<p>Serie de historietas creadas por el dibujante belga Morris para el Almanach 47 de Spirou en 1946, a partir de la novena historia cont\u00f3 con varios guionistas, entre los cuales el m\u00e1s famoso es Ren\u00e9 Goscinny. Desde la muerte de Morris, en el 2001, Achd\u00e9 se encarga de los dibujos.<\/p>\n<p>[\/et_pb_tab][\/et_pb_tabs][et_pb_wc_title _builder_version=\u00bb4.20.2&#8243; header_font=\u00bb|600|||||||\u00bb header_text_color=\u00bb#0C71C3&#8243; header_font_size=\u00bb25px\u00bb custom_margin=\u00bb0px|0px|0px|0px|true|true\u00bb custom_padding=\u00bb0px|0px|0px|0px|true|true\u00bb global_colors_info=\u00bb{}\u00bb theme_builder_area=\u00bbpost_content\u00bb][\/et_pb_wc_title][\/et_pb_column][\/et_pb_row][et_pb_row column_structure=\u00bb3_5,2_5&#8243; _builder_version=\u00bb4.20.2&#8243; background_size=\u00bbinitial\u00bb background_position=\u00bbtop_left\u00bb background_repeat=\u00bbrepeat\u00bb width=\u00bb100%\u00bb custom_margin=\u00bb0px|0px|0px|0px|true|true\u00bb custom_padding=\u00bb0px|0px|0px|0px|true|true\u00bb global_colors_info=\u00bb{}\u00bb theme_builder_area=\u00bbpost_content\u00bb][et_pb_column type=\u00bb3_5&#8243; _builder_version=\u00bb4.20.2&#8243; _module_preset=\u00bbdefault\u00bb global_colors_info=\u00bb{}\u00bb theme_builder_area=\u00bbpost_content\u00bb][\/et_pb_column][et_pb_column type=\u00bb2_5&#8243; _builder_version=\u00bb4.20.2&#8243; custom_padding=\u00bb|||\u00bb global_colors_info=\u00bb{}\u00bb custom_padding__hover=\u00bb|||\u00bb theme_builder_area=\u00bbpost_content\u00bb][\/et_pb_column][\/et_pb_row][\/et_pb_section][et_pb_section fb_built=\u00bb1&#8243; _builder_version=\u00bb4.20.2&#8243; _module_preset=\u00bbdefault\u00bb custom_margin=\u00bb||9px|||\u00bb custom_padding=\u00bb||14px|||\u00bb global_colors_info=\u00bb{}\u00bb theme_builder_area=\u00bbpost_content\u00bb][et_pb_row column_structure=\u00bb1_3,1_3,1_3&#8243; _builder_version=\u00bb4.20.2&#8243; _module_preset=\u00bbdefault\u00bb global_colors_info=\u00bb{}\u00bb theme_builder_area=\u00bbpost_content\u00bb][et_pb_column type=\u00bb1_3&#8243; _builder_version=\u00bb4.20.2&#8243; _module_preset=\u00bbdefault\u00bb global_colors_info=\u00bb{}\u00bb theme_builder_area=\u00bbpost_content\u00bb][\/et_pb_column][et_pb_column type=\u00bb1_3&#8243; _builder_version=\u00bb4.20.2&#8243; _module_preset=\u00bbdefault\u00bb global_colors_info=\u00bb{}\u00bb theme_builder_area=\u00bbpost_content\u00bb][\/et_pb_column][et_pb_column type=\u00bb1_3&#8243; _builder_version=\u00bb4.20.2&#8243; _module_preset=\u00bbdefault\u00bb global_colors_info=\u00bb{}\u00bb theme_builder_area=\u00bbpost_content\u00bb][et_pb_image src=\u00bbhttps:\/\/www.historieta.es\/wp-content\/uploads\/2024\/07\/Les-Dalton-en-cavale-1.png\u00bb _builder_version=\u00bb4.25.0&#8243; _module_preset=\u00bbdefault\u00bb theme_builder_area=\u00bbpost_content\u00bb title_text=\u00bbLes-Dalton-en-cavale\u00bb show_in_lightbox=\u00bbon\u00bb hover_enabled=\u00bb0&#8243; sticky_enabled=\u00bb0&#8243;][\/et_pb_image][\/et_pb_column][\/et_pb_row][\/et_pb_section]<\/p>\n","protected":false},"excerpt":{"rendered":"<p>Les Dalton en cavale, Francia, Morris, Lucky Luke, William Hanna, Joseph Barbera, Morris, Ray Patterson<\/p>\n","protected":false},"featured_media":13755,"template":"","meta":{"_et_pb_use_builder":"on","_et_pb_old_content":"","_et_gb_content_width":"","_monsterinsights_skip_tracking":false,"_monsterinsights_sitenote_active":false,"_monsterinsights_sitenote_note":"","_monsterinsights_sitenote_category":0},"product_brand":[],"product_cat":[28,60],"product_tag":[],"class_list":{"0":"post-13754","1":"product","2":"type-product","3":"status-publish","4":"has-post-thumbnail","6":"product_cat-peliculas","7":"product_cat-peliculas-historieta-franco-belga","9":"first","10":"instock","11":"shipping-taxable","12":"product-type-simple"},"yoast_head":"<!-- This site is optimized with the Yoast SEO plugin v27.2 - https:\/\/yoast.com\/product\/yoast-seo-wordpress\/ -->\n<title>Les Dalton en cavale<\/title>\n<meta name=\"robots\" content=\"index, follow, max-snippet:-1, max-image-preview:large, max-video-preview:-1\" \/>\n<link rel=\"canonical\" href=\"https:\/\/www.historieta.es\/?product=les-dalton-en-cavale\" \/>\n<meta property=\"og:locale\" content=\"es_ES\" \/>\n<meta property=\"og:type\" content=\"article\" \/>\n<meta property=\"og:title\" content=\"Les Dalton en cavale\" \/>\n<meta property=\"og:description\" content=\"Les Dalton en cavale, Francia, Morris, Lucky Luke, William Hanna, Joseph Barbera, Morris, Ray Patterson\" \/>\n<meta property=\"og:url\" content=\"https:\/\/www.historieta.es\/?product=les-dalton-en-cavale\" \/>\n<meta property=\"og:site_name\" content=\"historieta\" \/>\n<meta property=\"article:modified_time\" content=\"2024-08-08T06:40:40+00:00\" \/>\n<meta property=\"og:image\" content=\"https:\/\/www.historieta.es\/wp-content\/uploads\/2024\/07\/Les-Dalton-en-cavale.png\" \/>\n\t<meta property=\"og:image:width\" content=\"600\" \/>\n\t<meta property=\"og:image:height\" content=\"600\" \/>\n\t<meta property=\"og:image:type\" content=\"image\/png\" \/>\n<meta name=\"twitter:card\" content=\"summary_large_image\" \/>\n<meta name=\"twitter:label1\" content=\"Tiempo de lectura\" \/>\n\t<meta name=\"twitter:data1\" content=\"3 minutos\" \/>\n<script type=\"application\/ld+json\" class=\"yoast-schema-graph\">{\"@context\":\"https:\/\/schema.org\",\"@graph\":[{\"@type\":\"WebPage\",\"@id\":\"https:\/\/www.historieta.es\/?product=les-dalton-en-cavale\",\"url\":\"https:\/\/www.historieta.es\/?product=les-dalton-en-cavale\",\"name\":\"Les Dalton en cavale\",\"isPartOf\":{\"@id\":\"https:\/\/www.historieta.es\/#website\"},\"primaryImageOfPage\":{\"@id\":\"https:\/\/www.historieta.es\/?product=les-dalton-en-cavale#primaryimage\"},\"image\":{\"@id\":\"https:\/\/www.historieta.es\/?product=les-dalton-en-cavale#primaryimage\"},\"thumbnailUrl\":\"https:\/\/www.historieta.es\/wp-content\/uploads\/2024\/07\/Les-Dalton-en-cavale.png\",\"datePublished\":\"2024-07-31T15:29:45+00:00\",\"dateModified\":\"2024-08-08T06:40:40+00:00\",\"breadcrumb\":{\"@id\":\"https:\/\/www.historieta.es\/?product=les-dalton-en-cavale#breadcrumb\"},\"inLanguage\":\"es\",\"potentialAction\":[{\"@type\":\"ReadAction\",\"target\":[\"https:\/\/www.historieta.es\/?product=les-dalton-en-cavale\"]}]},{\"@type\":\"ImageObject\",\"inLanguage\":\"es\",\"@id\":\"https:\/\/www.historieta.es\/?product=les-dalton-en-cavale#primaryimage\",\"url\":\"https:\/\/www.historieta.es\/wp-content\/uploads\/2024\/07\/Les-Dalton-en-cavale.png\",\"contentUrl\":\"https:\/\/www.historieta.es\/wp-content\/uploads\/2024\/07\/Les-Dalton-en-cavale.png\",\"width\":600,\"height\":600},{\"@type\":\"BreadcrumbList\",\"@id\":\"https:\/\/www.historieta.es\/?product=les-dalton-en-cavale#breadcrumb\",\"itemListElement\":[{\"@type\":\"ListItem\",\"position\":1,\"name\":\"Portada\",\"item\":\"https:\/\/www.historieta.es\/\"},{\"@type\":\"ListItem\",\"position\":2,\"name\":\"Productos\",\"item\":\"https:\/\/www.historieta.es\/?post_type=product\"},{\"@type\":\"ListItem\",\"position\":3,\"name\":\"Les Dalton en cavale\"}]},{\"@type\":\"WebSite\",\"@id\":\"https:\/\/www.historieta.es\/#website\",\"url\":\"https:\/\/www.historieta.es\/\",\"name\":\"historieta\",\"description\":\"sitio de comic\",\"potentialAction\":[{\"@type\":\"SearchAction\",\"target\":{\"@type\":\"EntryPoint\",\"urlTemplate\":\"https:\/\/www.historieta.es\/?s={search_term_string}\"},\"query-input\":{\"@type\":\"PropertyValueSpecification\",\"valueRequired\":true,\"valueName\":\"search_term_string\"}}],\"inLanguage\":\"es\"}]}<\/script>\n<!-- \/ Yoast SEO plugin. -->","yoast_head_json":{"title":"Les Dalton en cavale","robots":{"index":"index","follow":"follow","max-snippet":"max-snippet:-1","max-image-preview":"max-image-preview:large","max-video-preview":"max-video-preview:-1"},"canonical":"https:\/\/www.historieta.es\/?product=les-dalton-en-cavale","og_locale":"es_ES","og_type":"article","og_title":"Les Dalton en cavale","og_description":"Les Dalton en cavale, Francia, Morris, Lucky Luke, William Hanna, Joseph Barbera, Morris, Ray Patterson","og_url":"https:\/\/www.historieta.es\/?product=les-dalton-en-cavale","og_site_name":"historieta","article_modified_time":"2024-08-08T06:40:40+00:00","og_image":[{"width":600,"height":600,"url":"https:\/\/www.historieta.es\/wp-content\/uploads\/2024\/07\/Les-Dalton-en-cavale.png","type":"image\/png"}],"twitter_card":"summary_large_image","twitter_misc":{"Tiempo de lectura":"3 minutos"},"schema":{"@context":"https:\/\/schema.org","@graph":[{"@type":"WebPage","@id":"https:\/\/www.historieta.es\/?product=les-dalton-en-cavale","url":"https:\/\/www.historieta.es\/?product=les-dalton-en-cavale","name":"Les Dalton en cavale","isPartOf":{"@id":"https:\/\/www.historieta.es\/#website"},"primaryImageOfPage":{"@id":"https:\/\/www.historieta.es\/?product=les-dalton-en-cavale#primaryimage"},"image":{"@id":"https:\/\/www.historieta.es\/?product=les-dalton-en-cavale#primaryimage"},"thumbnailUrl":"https:\/\/www.historieta.es\/wp-content\/uploads\/2024\/07\/Les-Dalton-en-cavale.png","datePublished":"2024-07-31T15:29:45+00:00","dateModified":"2024-08-08T06:40:40+00:00","breadcrumb":{"@id":"https:\/\/www.historieta.es\/?product=les-dalton-en-cavale#breadcrumb"},"inLanguage":"es","potentialAction":[{"@type":"ReadAction","target":["https:\/\/www.historieta.es\/?product=les-dalton-en-cavale"]}]},{"@type":"ImageObject","inLanguage":"es","@id":"https:\/\/www.historieta.es\/?product=les-dalton-en-cavale#primaryimage","url":"https:\/\/www.historieta.es\/wp-content\/uploads\/2024\/07\/Les-Dalton-en-cavale.png","contentUrl":"https:\/\/www.historieta.es\/wp-content\/uploads\/2024\/07\/Les-Dalton-en-cavale.png","width":600,"height":600},{"@type":"BreadcrumbList","@id":"https:\/\/www.historieta.es\/?product=les-dalton-en-cavale#breadcrumb","itemListElement":[{"@type":"ListItem","position":1,"name":"Portada","item":"https:\/\/www.historieta.es\/"},{"@type":"ListItem","position":2,"name":"Productos","item":"https:\/\/www.historieta.es\/?post_type=product"},{"@type":"ListItem","position":3,"name":"Les Dalton en cavale"}]},{"@type":"WebSite","@id":"https:\/\/www.historieta.es\/#website","url":"https:\/\/www.historieta.es\/","name":"historieta","description":"sitio de comic","potentialAction":[{"@type":"SearchAction","target":{"@type":"EntryPoint","urlTemplate":"https:\/\/www.historieta.es\/?s={search_term_string}"},"query-input":{"@type":"PropertyValueSpecification","valueRequired":true,"valueName":"search_term_string"}}],"inLanguage":"es"}]}},"_links":{"self":[{"href":"https:\/\/www.historieta.es\/index.php?rest_route=\/wp\/v2\/product\/13754","targetHints":{"allow":["GET"]}}],"collection":[{"href":"https:\/\/www.historieta.es\/index.php?rest_route=\/wp\/v2\/product"}],"about":[{"href":"https:\/\/www.historieta.es\/index.php?rest_route=\/wp\/v2\/types\/product"}],"wp:featuredmedia":[{"embeddable":true,"href":"https:\/\/www.historieta.es\/index.php?rest_route=\/wp\/v2\/media\/13755"}],"wp:attachment":[{"href":"https:\/\/www.historieta.es\/index.php?rest_route=%2Fwp%2Fv2%2Fmedia&parent=13754"}],"wp:term":[{"taxonomy":"product_brand","embeddable":true,"href":"https:\/\/www.historieta.es\/index.php?rest_route=%2Fwp%2Fv2%2Fproduct_brand&post=13754"},{"taxonomy":"product_cat","embeddable":true,"href":"https:\/\/www.historieta.es\/index.php?rest_route=%2Fwp%2Fv2%2Fproduct_cat&post=13754"},{"taxonomy":"product_tag","embeddable":true,"href":"https:\/\/www.historieta.es\/index.php?rest_route=%2Fwp%2Fv2%2Fproduct_tag&post=13754"}],"curies":[{"name":"wp","href":"https:\/\/api.w.org\/{rel}","templated":true}]}}