{"id":13433,"date":"2024-07-13T10:33:05","date_gmt":"2024-07-13T10:33:05","guid":{"rendered":"https:\/\/www.historieta.es\/?post_type=product&#038;p=13433"},"modified":"2024-07-13T10:34:38","modified_gmt":"2024-07-13T10:34:38","slug":"poulet-aux-prunes","status":"publish","type":"product","link":"https:\/\/www.historieta.es\/?product=poulet-aux-prunes","title":{"rendered":"Poulet aux prunes"},"content":{"rendered":"<p>[et_pb_section fb_built=\u00bb1&#8243; _builder_version=\u00bb4.20.2&#8243; custom_margin=\u00bb-44px|0px|-44px|0px|true|true\u00bb custom_padding=\u00bb0px|0px|0px|0px|true|true\u00bb collapsed=\u00bboff\u00bb global_colors_info=\u00bb{}\u00bb theme_builder_area=\u00bbpost_content\u00bb][et_pb_row column_structure=\u00bb2_5,3_5&#8243; _builder_version=\u00bb4.20.2&#8243; background_size=\u00bbinitial\u00bb background_position=\u00bbtop_left\u00bb background_repeat=\u00bbrepeat\u00bb width=\u00bb100%\u00bb custom_margin=\u00bb0px|0px|0px|0px|true|true\u00bb custom_padding=\u00bb0px|0px|0px|0px|true|true\u00bb global_colors_info=\u00bb{}\u00bb theme_builder_area=\u00bbpost_content\u00bb][et_pb_column type=\u00bb2_5&#8243; _builder_version=\u00bb4.20.2&#8243; custom_padding=\u00bb|||\u00bb global_colors_info=\u00bb{}\u00bb custom_padding__hover=\u00bb|||\u00bb theme_builder_area=\u00bbpost_content\u00bb][et_pb_wc_images _builder_version=\u00bb4.20.2&#8243; box_shadow_style=\u00bbpreset1&#8243; global_colors_info=\u00bb{}\u00bb theme_builder_area=\u00bbpost_content\u00bb][\/et_pb_wc_images][\/et_pb_column][et_pb_column type=\u00bb3_5&#8243; _builder_version=\u00bb4.20.2&#8243; _module_preset=\u00bbdefault\u00bb global_colors_info=\u00bb{}\u00bb theme_builder_area=\u00bbpost_content\u00bb][et_pb_tabs _builder_version=\u00bb4.25.0&#8243; _module_preset=\u00bbdefault\u00bb hover_enabled=\u00bb0&#8243; global_colors_info=\u00bb{}\u00bb theme_builder_area=\u00bbpost_content\u00bb sticky_enabled=\u00bb0&#8243;][et_pb_tab title=\u00bbDatos\u00bb _builder_version=\u00bb4.25.0&#8243; _module_preset=\u00bbdefault\u00bb hover_enabled=\u00bb0&#8243; global_colors_info=\u00bb{}\u00bb theme_builder_area=\u00bbpost_content\u00bb sticky_enabled=\u00bb0&#8243;]<\/p>\n<p>T\u00edtulo espa\u00f1ol: Pollo con ciruelas\u00a0<\/p>\n<p>Direcci\u00f3n: Marjane Satrapi, Vincent Paronnaud<\/p>\n<p>Gion: Marjane Satrapi, Vincent Paronnaud<\/p>\n<p>M\u00fasica: Olivier Bernet<\/p>\n<p>Fotograf\u00eda: Color<\/p>\n<p>Pa\u00eds: Francia<\/p>\n<p>Duraci\u00f3n: 87<\/p>\n<p>A\u00f1o: 2011<\/p>\n<p>G\u00e9nero: Drama<\/p>\n<p>Reparto: Mathieu Amalric, Mar\u00eda de Medeiros, Isabella Rossellini<\/p>\n<p><strong>HISTORIETA: Poulet aux prunes<br \/><\/strong><\/p>\n<p>[\/et_pb_tab][et_pb_tab title=\u00bbSinopsis\u00bb _builder_version=\u00bb4.25.0&#8243; _module_preset=\u00bbdefault\u00bb hover_enabled=\u00bb0&#8243; global_colors_info=\u00bb{}\u00bb theme_builder_area=\u00bbpost_content\u00bb sticky_enabled=\u00bb0&#8243;]<\/p>\n<p>La historia tiene lugar en Teher\u00e1n en 1958. Desde que se rompi\u00f3 su amado viol\u00edn, Nasser Ali Khan, uno de los m\u00fasicos m\u00e1s famosos de su tiempo, ha perdido las ganas de vivir. Al no encontrar ning\u00fan instrumento digno de sustituirlo, decide irse a la cama y esperar la muerte. Con la esperanza de que ella venga, se sumerge en profundos ensue\u00f1os tan melanc\u00f3licos como alegres que, al mismo tiempo, lo devuelven a su juventud, lo llevan a hablar con Azra\u00ebl, el \u00e1ngel de la muerte, y nos revelan el futuro. de sus hijos&#8230; A medida que las piezas de este rompecabezas se van juntando, aparece el secreto abrumador de su vida: una magn\u00edfica historia de amor que aliment\u00f3 su genio y su m\u00fasica&#8230;<\/p>\n<p>[\/et_pb_tab][et_pb_tab title=\u00bbDocumentaci\u00f3n\u00bb _builder_version=\u00bb4.25.0&#8243; _module_preset=\u00bbdefault\u00bb hover_enabled=\u00bb0&#8243; global_colors_info=\u00bb{}\u00bb theme_builder_area=\u00bbpost_content\u00bb sticky_enabled=\u00bb0&#8243;]<\/p>\n<p>Poulet aux prunes es un \u00e1lbum de c\u00f3mics de la autora iran\u00ed Marjane Satrapi publicado por L&#8217;Association en 2004. Gan\u00f3 el premio al mejor \u00e1lbum en el Festival de Angulema de 2005.<\/p>\n<p>[\/et_pb_tab][\/et_pb_tabs][et_pb_wc_title _builder_version=\u00bb4.20.2&#8243; header_font=\u00bb|600|||||||\u00bb header_text_color=\u00bb#0C71C3&#8243; header_font_size=\u00bb25px\u00bb custom_margin=\u00bb0px|0px|0px|0px|true|true\u00bb custom_padding=\u00bb0px|0px|0px|0px|true|true\u00bb global_colors_info=\u00bb{}\u00bb theme_builder_area=\u00bbpost_content\u00bb][\/et_pb_wc_title][\/et_pb_column][\/et_pb_row][et_pb_row column_structure=\u00bb3_5,2_5&#8243; _builder_version=\u00bb4.20.2&#8243; background_size=\u00bbinitial\u00bb background_position=\u00bbtop_left\u00bb background_repeat=\u00bbrepeat\u00bb width=\u00bb100%\u00bb custom_margin=\u00bb0px|0px|0px|0px|true|true\u00bb custom_padding=\u00bb0px|0px|0px|0px|true|true\u00bb global_colors_info=\u00bb{}\u00bb theme_builder_area=\u00bbpost_content\u00bb][et_pb_column type=\u00bb3_5&#8243; _builder_version=\u00bb4.20.2&#8243; _module_preset=\u00bbdefault\u00bb global_colors_info=\u00bb{}\u00bb theme_builder_area=\u00bbpost_content\u00bb][\/et_pb_column][et_pb_column type=\u00bb2_5&#8243; _builder_version=\u00bb4.20.2&#8243; custom_padding=\u00bb|||\u00bb global_colors_info=\u00bb{}\u00bb custom_padding__hover=\u00bb|||\u00bb theme_builder_area=\u00bbpost_content\u00bb][\/et_pb_column][\/et_pb_row][\/et_pb_section][et_pb_section fb_built=\u00bb1&#8243; _builder_version=\u00bb4.20.2&#8243; _module_preset=\u00bbdefault\u00bb custom_margin=\u00bb||9px|||\u00bb custom_padding=\u00bb||14px|||\u00bb global_colors_info=\u00bb{}\u00bb theme_builder_area=\u00bbpost_content\u00bb][et_pb_row column_structure=\u00bb1_3,1_3,1_3&#8243; _builder_version=\u00bb4.20.2&#8243; _module_preset=\u00bbdefault\u00bb global_colors_info=\u00bb{}\u00bb theme_builder_area=\u00bbpost_content\u00bb][et_pb_column type=\u00bb1_3&#8243; _builder_version=\u00bb4.20.2&#8243; _module_preset=\u00bbdefault\u00bb global_colors_info=\u00bb{}\u00bb theme_builder_area=\u00bbpost_content\u00bb][\/et_pb_column][et_pb_column type=\u00bb1_3&#8243; _builder_version=\u00bb4.20.2&#8243; _module_preset=\u00bbdefault\u00bb global_colors_info=\u00bb{}\u00bb theme_builder_area=\u00bbpost_content\u00bb][\/et_pb_column][et_pb_column type=\u00bb1_3&#8243; _builder_version=\u00bb4.20.2&#8243; _module_preset=\u00bbdefault\u00bb global_colors_info=\u00bb{}\u00bb theme_builder_area=\u00bbpost_content\u00bb][et_pb_image src=\u00bbhttps:\/\/www.historieta.es\/wp-content\/uploads\/2024\/07\/Poulet-aux-prunes.png\u00bb _builder_version=\u00bb4.25.0&#8243; _module_preset=\u00bbdefault\u00bb theme_builder_area=\u00bbpost_content\u00bb title_text=\u00bbPoulet-aux-prunes\u00bb show_in_lightbox=\u00bbon\u00bb hover_enabled=\u00bb0&#8243; sticky_enabled=\u00bb0&#8243;][\/et_pb_image][\/et_pb_column][\/et_pb_row][\/et_pb_section]<\/p>\n","protected":false},"excerpt":{"rendered":"<p>Poulet aux prunes, Francia, Marjane Satrapi, Vincent Paronnaud<\/p>\n","protected":false},"featured_media":13435,"template":"","meta":{"_et_pb_use_builder":"on","_et_pb_old_content":"","_et_gb_content_width":"","_monsterinsights_skip_tracking":false,"_monsterinsights_sitenote_active":false,"_monsterinsights_sitenote_note":"","_monsterinsights_sitenote_category":0},"product_brand":[],"product_cat":[28],"product_tag":[],"class_list":{"0":"post-13433","1":"product","2":"type-product","3":"status-publish","4":"has-post-thumbnail","6":"product_cat-peliculas","8":"first","9":"instock","10":"shipping-taxable","11":"product-type-simple"},"yoast_head":"<!-- This site is optimized with the Yoast SEO plugin v27.2 - https:\/\/yoast.com\/product\/yoast-seo-wordpress\/ -->\n<title>Poulet aux prunes<\/title>\n<meta name=\"robots\" content=\"index, follow, max-snippet:-1, max-image-preview:large, max-video-preview:-1\" \/>\n<link rel=\"canonical\" href=\"https:\/\/www.historieta.es\/?product=poulet-aux-prunes\" \/>\n<meta property=\"og:locale\" content=\"es_ES\" \/>\n<meta property=\"og:type\" content=\"article\" \/>\n<meta property=\"og:title\" content=\"Poulet aux prunes\" \/>\n<meta property=\"og:description\" content=\"Poulet aux prunes, Francia, Marjane Satrapi, Vincent Paronnaud\" \/>\n<meta property=\"og:url\" content=\"https:\/\/www.historieta.es\/?product=poulet-aux-prunes\" \/>\n<meta property=\"og:site_name\" content=\"historieta\" \/>\n<meta property=\"article:modified_time\" content=\"2024-07-13T10:34:38+00:00\" \/>\n<meta property=\"og:image\" content=\"https:\/\/www.historieta.es\/wp-content\/uploads\/2024\/07\/Poulet-aux-prunes-1.png\" \/>\n\t<meta property=\"og:image:width\" content=\"600\" \/>\n\t<meta property=\"og:image:height\" content=\"600\" \/>\n\t<meta property=\"og:image:type\" content=\"image\/png\" \/>\n<meta name=\"twitter:card\" content=\"summary_large_image\" \/>\n<meta name=\"twitter:label1\" content=\"Tiempo de lectura\" \/>\n\t<meta name=\"twitter:data1\" content=\"4 minutos\" \/>\n<script type=\"application\/ld+json\" class=\"yoast-schema-graph\">{\"@context\":\"https:\/\/schema.org\",\"@graph\":[{\"@type\":\"WebPage\",\"@id\":\"https:\/\/www.historieta.es\/?product=poulet-aux-prunes\",\"url\":\"https:\/\/www.historieta.es\/?product=poulet-aux-prunes\",\"name\":\"Poulet aux prunes\",\"isPartOf\":{\"@id\":\"https:\/\/www.historieta.es\/#website\"},\"primaryImageOfPage\":{\"@id\":\"https:\/\/www.historieta.es\/?product=poulet-aux-prunes#primaryimage\"},\"image\":{\"@id\":\"https:\/\/www.historieta.es\/?product=poulet-aux-prunes#primaryimage\"},\"thumbnailUrl\":\"https:\/\/www.historieta.es\/wp-content\/uploads\/2024\/07\/Poulet-aux-prunes-1.png\",\"datePublished\":\"2024-07-13T10:33:05+00:00\",\"dateModified\":\"2024-07-13T10:34:38+00:00\",\"breadcrumb\":{\"@id\":\"https:\/\/www.historieta.es\/?product=poulet-aux-prunes#breadcrumb\"},\"inLanguage\":\"es\",\"potentialAction\":[{\"@type\":\"ReadAction\",\"target\":[\"https:\/\/www.historieta.es\/?product=poulet-aux-prunes\"]}]},{\"@type\":\"ImageObject\",\"inLanguage\":\"es\",\"@id\":\"https:\/\/www.historieta.es\/?product=poulet-aux-prunes#primaryimage\",\"url\":\"https:\/\/www.historieta.es\/wp-content\/uploads\/2024\/07\/Poulet-aux-prunes-1.png\",\"contentUrl\":\"https:\/\/www.historieta.es\/wp-content\/uploads\/2024\/07\/Poulet-aux-prunes-1.png\",\"width\":600,\"height\":600},{\"@type\":\"BreadcrumbList\",\"@id\":\"https:\/\/www.historieta.es\/?product=poulet-aux-prunes#breadcrumb\",\"itemListElement\":[{\"@type\":\"ListItem\",\"position\":1,\"name\":\"Portada\",\"item\":\"https:\/\/www.historieta.es\/\"},{\"@type\":\"ListItem\",\"position\":2,\"name\":\"Productos\",\"item\":\"https:\/\/www.historieta.es\/?post_type=product\"},{\"@type\":\"ListItem\",\"position\":3,\"name\":\"Poulet aux prunes\"}]},{\"@type\":\"WebSite\",\"@id\":\"https:\/\/www.historieta.es\/#website\",\"url\":\"https:\/\/www.historieta.es\/\",\"name\":\"historieta\",\"description\":\"sitio de comic\",\"potentialAction\":[{\"@type\":\"SearchAction\",\"target\":{\"@type\":\"EntryPoint\",\"urlTemplate\":\"https:\/\/www.historieta.es\/?s={search_term_string}\"},\"query-input\":{\"@type\":\"PropertyValueSpecification\",\"valueRequired\":true,\"valueName\":\"search_term_string\"}}],\"inLanguage\":\"es\"}]}<\/script>\n<!-- \/ Yoast SEO plugin. -->","yoast_head_json":{"title":"Poulet aux prunes","robots":{"index":"index","follow":"follow","max-snippet":"max-snippet:-1","max-image-preview":"max-image-preview:large","max-video-preview":"max-video-preview:-1"},"canonical":"https:\/\/www.historieta.es\/?product=poulet-aux-prunes","og_locale":"es_ES","og_type":"article","og_title":"Poulet aux prunes","og_description":"Poulet aux prunes, Francia, Marjane Satrapi, Vincent Paronnaud","og_url":"https:\/\/www.historieta.es\/?product=poulet-aux-prunes","og_site_name":"historieta","article_modified_time":"2024-07-13T10:34:38+00:00","og_image":[{"width":600,"height":600,"url":"https:\/\/www.historieta.es\/wp-content\/uploads\/2024\/07\/Poulet-aux-prunes-1.png","type":"image\/png"}],"twitter_card":"summary_large_image","twitter_misc":{"Tiempo de lectura":"4 minutos"},"schema":{"@context":"https:\/\/schema.org","@graph":[{"@type":"WebPage","@id":"https:\/\/www.historieta.es\/?product=poulet-aux-prunes","url":"https:\/\/www.historieta.es\/?product=poulet-aux-prunes","name":"Poulet aux prunes","isPartOf":{"@id":"https:\/\/www.historieta.es\/#website"},"primaryImageOfPage":{"@id":"https:\/\/www.historieta.es\/?product=poulet-aux-prunes#primaryimage"},"image":{"@id":"https:\/\/www.historieta.es\/?product=poulet-aux-prunes#primaryimage"},"thumbnailUrl":"https:\/\/www.historieta.es\/wp-content\/uploads\/2024\/07\/Poulet-aux-prunes-1.png","datePublished":"2024-07-13T10:33:05+00:00","dateModified":"2024-07-13T10:34:38+00:00","breadcrumb":{"@id":"https:\/\/www.historieta.es\/?product=poulet-aux-prunes#breadcrumb"},"inLanguage":"es","potentialAction":[{"@type":"ReadAction","target":["https:\/\/www.historieta.es\/?product=poulet-aux-prunes"]}]},{"@type":"ImageObject","inLanguage":"es","@id":"https:\/\/www.historieta.es\/?product=poulet-aux-prunes#primaryimage","url":"https:\/\/www.historieta.es\/wp-content\/uploads\/2024\/07\/Poulet-aux-prunes-1.png","contentUrl":"https:\/\/www.historieta.es\/wp-content\/uploads\/2024\/07\/Poulet-aux-prunes-1.png","width":600,"height":600},{"@type":"BreadcrumbList","@id":"https:\/\/www.historieta.es\/?product=poulet-aux-prunes#breadcrumb","itemListElement":[{"@type":"ListItem","position":1,"name":"Portada","item":"https:\/\/www.historieta.es\/"},{"@type":"ListItem","position":2,"name":"Productos","item":"https:\/\/www.historieta.es\/?post_type=product"},{"@type":"ListItem","position":3,"name":"Poulet aux prunes"}]},{"@type":"WebSite","@id":"https:\/\/www.historieta.es\/#website","url":"https:\/\/www.historieta.es\/","name":"historieta","description":"sitio de comic","potentialAction":[{"@type":"SearchAction","target":{"@type":"EntryPoint","urlTemplate":"https:\/\/www.historieta.es\/?s={search_term_string}"},"query-input":{"@type":"PropertyValueSpecification","valueRequired":true,"valueName":"search_term_string"}}],"inLanguage":"es"}]}},"_links":{"self":[{"href":"https:\/\/www.historieta.es\/index.php?rest_route=\/wp\/v2\/product\/13433","targetHints":{"allow":["GET"]}}],"collection":[{"href":"https:\/\/www.historieta.es\/index.php?rest_route=\/wp\/v2\/product"}],"about":[{"href":"https:\/\/www.historieta.es\/index.php?rest_route=\/wp\/v2\/types\/product"}],"wp:featuredmedia":[{"embeddable":true,"href":"https:\/\/www.historieta.es\/index.php?rest_route=\/wp\/v2\/media\/13435"}],"wp:attachment":[{"href":"https:\/\/www.historieta.es\/index.php?rest_route=%2Fwp%2Fv2%2Fmedia&parent=13433"}],"wp:term":[{"taxonomy":"product_brand","embeddable":true,"href":"https:\/\/www.historieta.es\/index.php?rest_route=%2Fwp%2Fv2%2Fproduct_brand&post=13433"},{"taxonomy":"product_cat","embeddable":true,"href":"https:\/\/www.historieta.es\/index.php?rest_route=%2Fwp%2Fv2%2Fproduct_cat&post=13433"},{"taxonomy":"product_tag","embeddable":true,"href":"https:\/\/www.historieta.es\/index.php?rest_route=%2Fwp%2Fv2%2Fproduct_tag&post=13433"}],"curies":[{"name":"wp","href":"https:\/\/api.w.org\/{rel}","templated":true}]}}