{"id":13157,"date":"2024-06-24T17:07:05","date_gmt":"2024-06-24T17:07:05","guid":{"rendered":"https:\/\/www.historieta.es\/?post_type=product&#038;p=13157"},"modified":"2024-08-08T15:09:01","modified_gmt":"2024-08-08T15:09:01","slug":"the-wolverine-x-men-wolverine-2","status":"publish","type":"product","link":"https:\/\/www.historieta.es\/?product=the-wolverine-x-men-wolverine-2","title":{"rendered":"The Wolverine (X-Men: Wolverine 2)"},"content":{"rendered":"<p>[et_pb_section fb_built=\u00bb1&#8243; _builder_version=\u00bb4.20.2&#8243; custom_margin=\u00bb-44px|0px|-44px|0px|true|true\u00bb custom_padding=\u00bb0px|0px|0px|0px|true|true\u00bb collapsed=\u00bboff\u00bb global_colors_info=\u00bb{}\u00bb theme_builder_area=\u00bbpost_content\u00bb][et_pb_row column_structure=\u00bb2_5,3_5&#8243; _builder_version=\u00bb4.20.2&#8243; background_size=\u00bbinitial\u00bb background_position=\u00bbtop_left\u00bb background_repeat=\u00bbrepeat\u00bb width=\u00bb100%\u00bb custom_margin=\u00bb0px|0px|0px|0px|true|true\u00bb custom_padding=\u00bb0px|0px|0px|0px|true|true\u00bb global_colors_info=\u00bb{}\u00bb theme_builder_area=\u00bbpost_content\u00bb][et_pb_column type=\u00bb2_5&#8243; _builder_version=\u00bb4.20.2&#8243; custom_padding=\u00bb|||\u00bb global_colors_info=\u00bb{}\u00bb custom_padding__hover=\u00bb|||\u00bb theme_builder_area=\u00bbpost_content\u00bb][et_pb_wc_images _builder_version=\u00bb4.20.2&#8243; box_shadow_style=\u00bbpreset1&#8243; global_colors_info=\u00bb{}\u00bb theme_builder_area=\u00bbpost_content\u00bb][\/et_pb_wc_images][\/et_pb_column][et_pb_column type=\u00bb3_5&#8243; _builder_version=\u00bb4.20.2&#8243; _module_preset=\u00bbdefault\u00bb global_colors_info=\u00bb{}\u00bb theme_builder_area=\u00bbpost_content\u00bb][et_pb_tabs _builder_version=\u00bb4.25.0&#8243; _module_preset=\u00bbdefault\u00bb hover_enabled=\u00bb0&#8243; global_colors_info=\u00bb{}\u00bb theme_builder_area=\u00bbpost_content\u00bb sticky_enabled=\u00bb0&#8243;][et_pb_tab title=\u00bbDatos\u00bb _builder_version=\u00bb4.25.0&#8243; _module_preset=\u00bbdefault\u00bb hover_enabled=\u00bb0&#8243; global_colors_info=\u00bb{}\u00bb theme_builder_area=\u00bbpost_content\u00bb sticky_enabled=\u00bb0&#8243;]<\/p>\n<p>T\u00edtulo espa\u00f1ol: Lobezno inmortal\u00a0<\/p>\n<p>Direcci\u00f3n: James Mangold<\/p>\n<p>Gion: Scott Frank, Mark Bomback<\/p>\n<p>M\u00fasica: Marco Beltrami<\/p>\n<p>Fotograf\u00eda: Color<\/p>\n<p>Pa\u00eds: USA<\/p>\n<p>Duraci\u00f3n: 126<\/p>\n<p>A\u00f1o: 2013<\/p>\n<p>G\u00e9nero: Fant\u00e1stico<\/p>\n<p>Reparto: Hugh Jackman, Tao Okamoto, Rila Fukushima<\/p>\n<p><strong>HISTORIETA: Wolverine<br \/><\/strong><\/p>\n<p>[\/et_pb_tab][et_pb_tab title=\u00bbSinopsis\u00bb _builder_version=\u00bb4.25.0&#8243; _module_preset=\u00bbdefault\u00bb hover_enabled=\u00bb0&#8243; global_colors_info=\u00bb{}\u00bb theme_builder_area=\u00bbpost_content\u00bb sticky_enabled=\u00bb0&#8243;]<\/p>\n<p>Logan consigue salvarse y rescata a un oficial japon\u00e9s. Ahora, este oficial mandar\u00e1 a una joven a localizarlo. Lobezno se deber\u00e1 enfrentar a un samurai de acero, mientras en su interior se lucha contra su propia inmortalidad.<\/p>\n<p>[\/et_pb_tab][et_pb_tab title=\u00bbDocumentaci\u00f3n\u00bb _builder_version=\u00bb4.25.0&#8243; _module_preset=\u00bbdefault\u00bb hover_enabled=\u00bb0&#8243; global_colors_info=\u00bb{}\u00bb theme_builder_area=\u00bbpost_content\u00bb sticky_enabled=\u00bb0&#8243;]<\/p>\n<p>Los X-Men, tambi\u00e9n conocidos como Patrulla-X en Espa\u00f1a, son un equipo de superh\u00e9roes ficticios que aparecen en los c\u00f3mics estadounidenses publicados por Marvel Comics. Creado por el artista \/ coautor Jack Kirby y el escritor Stan Lee, los personajes aparecieron por primera vez en The X-Men # 1 (septiembre de 1963) en la Edad de Plata de los c\u00f3mics y formaron una de las franquicias m\u00e1s reconocidas y exitosas de Marvel Comics, apareciendo en numerosos libros, series animadas, pel\u00edculas, videojuegos, tarjetas, juguetes y otros coleccionables. El \u00e9xito de esta franquicia es tan grande, que su segundo t\u00edtulo editorial, X-Men, de 1991, se convirti\u00f3 en el c\u00f3mic m\u00e1s vendido de todos los tiempos. Wikipedia<br \/>Wolverine, cuyo nombre de nacimiento es James Howlett (tambi\u00e9n conocido como James Logan o simplemente Logan), es un superh\u00e9roe y antih\u00e9roe ficticio que aparece en los c\u00f3mics publicados por Marvel Comics, principalmente en asociaci\u00f3n con los X-Men. Es un mutante que posee sentidos afinados a los animales, capacidades f\u00edsicas mejoradas, poderosa capacidad de regeneraci\u00f3n conocida como un factor de curaci\u00f3n, y tres garras retr\u00e1ctiles en cada mano. Wolverine ha sido representado de diversas formas como miembro de los X-Men, Alpha Flight, Fuerza-X y Los Vengadores. Ha adquirido distintos nombres como Lobezno en Espa\u00f1a y Glot\u00f3n, Guepardo, Aguja Din\u00e1mica o Emilio Garra en Hispanoam\u00e9rica, donde tambi\u00e9n utilizan el alias original. Su primera aparici\u00f3n la realiz\u00f3 dentro de las p\u00e1ginas del n\u00famero 180 del c\u00f3mic The Incredible Hulk, en octubre de 1974, aunque su presentaci\u00f3n formal fue en el n\u00famero siguiente por descuido del guionista (n\u00famero 181, noviembre de 1974). Fue creado por Len Wein, John Romita Sr. y Herb Trimpe.<\/p>\n<p>[\/et_pb_tab][\/et_pb_tabs][et_pb_wc_title _builder_version=\u00bb4.20.2&#8243; header_font=\u00bb|600|||||||\u00bb header_text_color=\u00bb#0C71C3&#8243; header_font_size=\u00bb25px\u00bb custom_margin=\u00bb0px|0px|0px|0px|true|true\u00bb custom_padding=\u00bb0px|0px|0px|0px|true|true\u00bb global_colors_info=\u00bb{}\u00bb theme_builder_area=\u00bbpost_content\u00bb][\/et_pb_wc_title][\/et_pb_column][\/et_pb_row][et_pb_row column_structure=\u00bb3_5,2_5&#8243; _builder_version=\u00bb4.20.2&#8243; background_size=\u00bbinitial\u00bb background_position=\u00bbtop_left\u00bb background_repeat=\u00bbrepeat\u00bb width=\u00bb100%\u00bb custom_margin=\u00bb0px|0px|0px|0px|true|true\u00bb custom_padding=\u00bb0px|0px|0px|0px|true|true\u00bb global_colors_info=\u00bb{}\u00bb theme_builder_area=\u00bbpost_content\u00bb][et_pb_column type=\u00bb3_5&#8243; _builder_version=\u00bb4.20.2&#8243; _module_preset=\u00bbdefault\u00bb global_colors_info=\u00bb{}\u00bb theme_builder_area=\u00bbpost_content\u00bb][\/et_pb_column][et_pb_column type=\u00bb2_5&#8243; _builder_version=\u00bb4.20.2&#8243; custom_padding=\u00bb|||\u00bb global_colors_info=\u00bb{}\u00bb custom_padding__hover=\u00bb|||\u00bb theme_builder_area=\u00bbpost_content\u00bb][\/et_pb_column][\/et_pb_row][\/et_pb_section][et_pb_section fb_built=\u00bb1&#8243; _builder_version=\u00bb4.20.2&#8243; _module_preset=\u00bbdefault\u00bb custom_margin=\u00bb||9px|||\u00bb custom_padding=\u00bb||14px|||\u00bb global_colors_info=\u00bb{}\u00bb theme_builder_area=\u00bbpost_content\u00bb][et_pb_row column_structure=\u00bb1_3,1_3,1_3&#8243; _builder_version=\u00bb4.20.2&#8243; _module_preset=\u00bbdefault\u00bb global_colors_info=\u00bb{}\u00bb theme_builder_area=\u00bbpost_content\u00bb][et_pb_column type=\u00bb1_3&#8243; _builder_version=\u00bb4.20.2&#8243; _module_preset=\u00bbdefault\u00bb global_colors_info=\u00bb{}\u00bb theme_builder_area=\u00bbpost_content\u00bb][\/et_pb_column][et_pb_column type=\u00bb1_3&#8243; _builder_version=\u00bb4.20.2&#8243; _module_preset=\u00bbdefault\u00bb global_colors_info=\u00bb{}\u00bb theme_builder_area=\u00bbpost_content\u00bb][\/et_pb_column][et_pb_column type=\u00bb1_3&#8243; _builder_version=\u00bb4.20.2&#8243; _module_preset=\u00bbdefault\u00bb global_colors_info=\u00bb{}\u00bb theme_builder_area=\u00bbpost_content\u00bb][et_pb_image src=\u00bbhttps:\/\/www.historieta.es\/wp-content\/uploads\/2024\/06\/The-Wolverine-X-Men-Wolverine-2-.png\u00bb _builder_version=\u00bb4.25.0&#8243; _module_preset=\u00bbdefault\u00bb theme_builder_area=\u00bbpost_content\u00bb title_text=\u00bbThe-Wolverine-(X-Men&#8211;Wolverine-2)-\u00bb show_in_lightbox=\u00bbon\u00bb hover_enabled=\u00bb0&#8243; sticky_enabled=\u00bb0&#8243;][\/et_pb_image][\/et_pb_column][\/et_pb_row][\/et_pb_section]<\/p>\n","protected":false},"excerpt":{"rendered":"<p>The Wolverine (X-Men: Wolverine 2), USA, Superh\u00e9roes, James Mangold, Jack Kirby, Stan Lee, Marvel<\/p>\n","protected":false},"featured_media":13159,"template":"","meta":{"_et_pb_use_builder":"on","_et_pb_old_content":"","_et_gb_content_width":"","_monsterinsights_skip_tracking":false,"_monsterinsights_sitenote_active":false,"_monsterinsights_sitenote_note":"","_monsterinsights_sitenote_category":0},"product_brand":[],"product_cat":[28,79],"product_tag":[],"class_list":{"0":"post-13157","1":"product","2":"type-product","3":"status-publish","4":"has-post-thumbnail","6":"product_cat-peliculas","7":"product_cat-peliculas-superheroes","9":"first","10":"instock","11":"shipping-taxable","12":"product-type-simple"},"yoast_head":"<!-- This site is optimized with the Yoast SEO plugin v27.2 - https:\/\/yoast.com\/product\/yoast-seo-wordpress\/ -->\n<title>The Wolverine (X-Men: Wolverine 2)<\/title>\n<meta name=\"robots\" content=\"index, follow, max-snippet:-1, max-image-preview:large, max-video-preview:-1\" \/>\n<link rel=\"canonical\" href=\"https:\/\/www.historieta.es\/?product=the-wolverine-x-men-wolverine-2\" \/>\n<meta property=\"og:locale\" content=\"es_ES\" \/>\n<meta property=\"og:type\" content=\"article\" \/>\n<meta property=\"og:title\" content=\"The Wolverine (X-Men: Wolverine 2)\" \/>\n<meta property=\"og:description\" content=\"The Wolverine (X-Men: Wolverine 2), USA, Superh\u00e9roes, James Mangold, Jack Kirby, Stan Lee, Marvel\" \/>\n<meta property=\"og:url\" content=\"https:\/\/www.historieta.es\/?product=the-wolverine-x-men-wolverine-2\" \/>\n<meta property=\"og:site_name\" content=\"historieta\" \/>\n<meta property=\"article:modified_time\" content=\"2024-08-08T15:09:01+00:00\" \/>\n<meta property=\"og:image\" content=\"https:\/\/www.historieta.es\/wp-content\/uploads\/2024\/06\/The-Wolverine-X-Men-Wolverine-2.png\" \/>\n\t<meta property=\"og:image:width\" content=\"600\" \/>\n\t<meta property=\"og:image:height\" content=\"600\" \/>\n\t<meta property=\"og:image:type\" content=\"image\/png\" \/>\n<meta name=\"twitter:card\" content=\"summary_large_image\" \/>\n<meta name=\"twitter:label1\" content=\"Tiempo de lectura\" \/>\n\t<meta name=\"twitter:data1\" content=\"4 minutos\" \/>\n<script type=\"application\/ld+json\" class=\"yoast-schema-graph\">{\"@context\":\"https:\/\/schema.org\",\"@graph\":[{\"@type\":\"WebPage\",\"@id\":\"https:\/\/www.historieta.es\/?product=the-wolverine-x-men-wolverine-2\",\"url\":\"https:\/\/www.historieta.es\/?product=the-wolverine-x-men-wolverine-2\",\"name\":\"The Wolverine (X-Men: Wolverine 2)\",\"isPartOf\":{\"@id\":\"https:\/\/www.historieta.es\/#website\"},\"primaryImageOfPage\":{\"@id\":\"https:\/\/www.historieta.es\/?product=the-wolverine-x-men-wolverine-2#primaryimage\"},\"image\":{\"@id\":\"https:\/\/www.historieta.es\/?product=the-wolverine-x-men-wolverine-2#primaryimage\"},\"thumbnailUrl\":\"https:\/\/www.historieta.es\/wp-content\/uploads\/2024\/06\/The-Wolverine-X-Men-Wolverine-2.png\",\"datePublished\":\"2024-06-24T17:07:05+00:00\",\"dateModified\":\"2024-08-08T15:09:01+00:00\",\"breadcrumb\":{\"@id\":\"https:\/\/www.historieta.es\/?product=the-wolverine-x-men-wolverine-2#breadcrumb\"},\"inLanguage\":\"es\",\"potentialAction\":[{\"@type\":\"ReadAction\",\"target\":[\"https:\/\/www.historieta.es\/?product=the-wolverine-x-men-wolverine-2\"]}]},{\"@type\":\"ImageObject\",\"inLanguage\":\"es\",\"@id\":\"https:\/\/www.historieta.es\/?product=the-wolverine-x-men-wolverine-2#primaryimage\",\"url\":\"https:\/\/www.historieta.es\/wp-content\/uploads\/2024\/06\/The-Wolverine-X-Men-Wolverine-2.png\",\"contentUrl\":\"https:\/\/www.historieta.es\/wp-content\/uploads\/2024\/06\/The-Wolverine-X-Men-Wolverine-2.png\",\"width\":600,\"height\":600},{\"@type\":\"BreadcrumbList\",\"@id\":\"https:\/\/www.historieta.es\/?product=the-wolverine-x-men-wolverine-2#breadcrumb\",\"itemListElement\":[{\"@type\":\"ListItem\",\"position\":1,\"name\":\"Portada\",\"item\":\"https:\/\/www.historieta.es\/\"},{\"@type\":\"ListItem\",\"position\":2,\"name\":\"Productos\",\"item\":\"https:\/\/www.historieta.es\/?post_type=product\"},{\"@type\":\"ListItem\",\"position\":3,\"name\":\"The Wolverine (X-Men: Wolverine 2)\"}]},{\"@type\":\"WebSite\",\"@id\":\"https:\/\/www.historieta.es\/#website\",\"url\":\"https:\/\/www.historieta.es\/\",\"name\":\"historieta\",\"description\":\"sitio de comic\",\"potentialAction\":[{\"@type\":\"SearchAction\",\"target\":{\"@type\":\"EntryPoint\",\"urlTemplate\":\"https:\/\/www.historieta.es\/?s={search_term_string}\"},\"query-input\":{\"@type\":\"PropertyValueSpecification\",\"valueRequired\":true,\"valueName\":\"search_term_string\"}}],\"inLanguage\":\"es\"}]}<\/script>\n<!-- \/ Yoast SEO plugin. -->","yoast_head_json":{"title":"The Wolverine (X-Men: Wolverine 2)","robots":{"index":"index","follow":"follow","max-snippet":"max-snippet:-1","max-image-preview":"max-image-preview:large","max-video-preview":"max-video-preview:-1"},"canonical":"https:\/\/www.historieta.es\/?product=the-wolverine-x-men-wolverine-2","og_locale":"es_ES","og_type":"article","og_title":"The Wolverine (X-Men: Wolverine 2)","og_description":"The Wolverine (X-Men: Wolverine 2), USA, Superh\u00e9roes, James Mangold, Jack Kirby, Stan Lee, Marvel","og_url":"https:\/\/www.historieta.es\/?product=the-wolverine-x-men-wolverine-2","og_site_name":"historieta","article_modified_time":"2024-08-08T15:09:01+00:00","og_image":[{"width":600,"height":600,"url":"https:\/\/www.historieta.es\/wp-content\/uploads\/2024\/06\/The-Wolverine-X-Men-Wolverine-2.png","type":"image\/png"}],"twitter_card":"summary_large_image","twitter_misc":{"Tiempo de lectura":"4 minutos"},"schema":{"@context":"https:\/\/schema.org","@graph":[{"@type":"WebPage","@id":"https:\/\/www.historieta.es\/?product=the-wolverine-x-men-wolverine-2","url":"https:\/\/www.historieta.es\/?product=the-wolverine-x-men-wolverine-2","name":"The Wolverine (X-Men: Wolverine 2)","isPartOf":{"@id":"https:\/\/www.historieta.es\/#website"},"primaryImageOfPage":{"@id":"https:\/\/www.historieta.es\/?product=the-wolverine-x-men-wolverine-2#primaryimage"},"image":{"@id":"https:\/\/www.historieta.es\/?product=the-wolverine-x-men-wolverine-2#primaryimage"},"thumbnailUrl":"https:\/\/www.historieta.es\/wp-content\/uploads\/2024\/06\/The-Wolverine-X-Men-Wolverine-2.png","datePublished":"2024-06-24T17:07:05+00:00","dateModified":"2024-08-08T15:09:01+00:00","breadcrumb":{"@id":"https:\/\/www.historieta.es\/?product=the-wolverine-x-men-wolverine-2#breadcrumb"},"inLanguage":"es","potentialAction":[{"@type":"ReadAction","target":["https:\/\/www.historieta.es\/?product=the-wolverine-x-men-wolverine-2"]}]},{"@type":"ImageObject","inLanguage":"es","@id":"https:\/\/www.historieta.es\/?product=the-wolverine-x-men-wolverine-2#primaryimage","url":"https:\/\/www.historieta.es\/wp-content\/uploads\/2024\/06\/The-Wolverine-X-Men-Wolverine-2.png","contentUrl":"https:\/\/www.historieta.es\/wp-content\/uploads\/2024\/06\/The-Wolverine-X-Men-Wolverine-2.png","width":600,"height":600},{"@type":"BreadcrumbList","@id":"https:\/\/www.historieta.es\/?product=the-wolverine-x-men-wolverine-2#breadcrumb","itemListElement":[{"@type":"ListItem","position":1,"name":"Portada","item":"https:\/\/www.historieta.es\/"},{"@type":"ListItem","position":2,"name":"Productos","item":"https:\/\/www.historieta.es\/?post_type=product"},{"@type":"ListItem","position":3,"name":"The Wolverine (X-Men: Wolverine 2)"}]},{"@type":"WebSite","@id":"https:\/\/www.historieta.es\/#website","url":"https:\/\/www.historieta.es\/","name":"historieta","description":"sitio de comic","potentialAction":[{"@type":"SearchAction","target":{"@type":"EntryPoint","urlTemplate":"https:\/\/www.historieta.es\/?s={search_term_string}"},"query-input":{"@type":"PropertyValueSpecification","valueRequired":true,"valueName":"search_term_string"}}],"inLanguage":"es"}]}},"_links":{"self":[{"href":"https:\/\/www.historieta.es\/index.php?rest_route=\/wp\/v2\/product\/13157","targetHints":{"allow":["GET"]}}],"collection":[{"href":"https:\/\/www.historieta.es\/index.php?rest_route=\/wp\/v2\/product"}],"about":[{"href":"https:\/\/www.historieta.es\/index.php?rest_route=\/wp\/v2\/types\/product"}],"wp:featuredmedia":[{"embeddable":true,"href":"https:\/\/www.historieta.es\/index.php?rest_route=\/wp\/v2\/media\/13159"}],"wp:attachment":[{"href":"https:\/\/www.historieta.es\/index.php?rest_route=%2Fwp%2Fv2%2Fmedia&parent=13157"}],"wp:term":[{"taxonomy":"product_brand","embeddable":true,"href":"https:\/\/www.historieta.es\/index.php?rest_route=%2Fwp%2Fv2%2Fproduct_brand&post=13157"},{"taxonomy":"product_cat","embeddable":true,"href":"https:\/\/www.historieta.es\/index.php?rest_route=%2Fwp%2Fv2%2Fproduct_cat&post=13157"},{"taxonomy":"product_tag","embeddable":true,"href":"https:\/\/www.historieta.es\/index.php?rest_route=%2Fwp%2Fv2%2Fproduct_tag&post=13157"}],"curies":[{"name":"wp","href":"https:\/\/api.w.org\/{rel}","templated":true}]}}