{"id":11384,"date":"2024-04-27T07:55:17","date_gmt":"2024-04-27T07:55:17","guid":{"rendered":"https:\/\/www.historieta.es\/?post_type=product&#038;p=11384"},"modified":"2024-04-30T15:01:45","modified_gmt":"2024-04-30T15:01:45","slug":"el-be-negre-1931-1936-el-humor-ingenioso-de-la-intelectualidad-catalana-de-izquierdas","status":"publish","type":"product","link":"https:\/\/www.historieta.es\/?product=el-be-negre-1931-1936-el-humor-ingenioso-de-la-intelectualidad-catalana-de-izquierdas","title":{"rendered":"El Be Negre (1931-1936). El humor ingenioso de la intelectualidad catalana de izquierdas"},"content":{"rendered":"<p>[et_pb_section fb_built=\u00bb1&#8243; _builder_version=\u00bb4.20.2&#8243; custom_margin=\u00bb-44px|0px|-44px|0px|true|true\u00bb custom_padding=\u00bb0px|0px|0px|0px|true|true\u00bb collapsed=\u00bboff\u00bb global_colors_info=\u00bb{}\u00bb theme_builder_area=\u00bbpost_content\u00bb][et_pb_row column_structure=\u00bb2_5,3_5&#8243; _builder_version=\u00bb4.20.2&#8243; background_size=\u00bbinitial\u00bb background_position=\u00bbtop_left\u00bb background_repeat=\u00bbrepeat\u00bb width=\u00bb100%\u00bb custom_margin=\u00bb0px|0px|0px|0px|true|true\u00bb custom_padding=\u00bb0px|0px|0px|0px|true|true\u00bb global_colors_info=\u00bb{}\u00bb theme_builder_area=\u00bbpost_content\u00bb][et_pb_column type=\u00bb2_5&#8243; _builder_version=\u00bb4.16&#8243; custom_padding=\u00bb|||\u00bb global_colors_info=\u00bb{}\u00bb custom_padding__hover=\u00bb|||\u00bb theme_builder_area=\u00bbpost_content\u00bb][et_pb_wc_images _builder_version=\u00bb4.20.2&#8243; box_shadow_style=\u00bbpreset1&#8243; global_colors_info=\u00bb{}\u00bb theme_builder_area=\u00bbpost_content\u00bb][\/et_pb_wc_images][\/et_pb_column][et_pb_column type=\u00bb3_5&#8243; _builder_version=\u00bb4.20.2&#8243; _module_preset=\u00bbdefault\u00bb global_colors_info=\u00bb{}\u00bb theme_builder_area=\u00bbpost_content\u00bb][et_pb_tabs _builder_version=\u00bb4.24.3&#8243; _module_preset=\u00bbdefault\u00bb hover_enabled=\u00bb0&#8243; global_colors_info=\u00bb{}\u00bb theme_builder_area=\u00bbpost_content\u00bb sticky_enabled=\u00bb0&#8243;][et_pb_tab title=\u00bbDatos\u00bb _builder_version=\u00bb4.24.3&#8243; _module_preset=\u00bbdefault\u00bb hover_enabled=\u00bb0&#8243; global_colors_info=\u00bb{}\u00bb theme_builder_area=\u00bbpost_content\u00bb sticky_enabled=\u00bb0&#8243;]<\/p>\n<p>Autor: Francesc T. Mart\u00ednez Sanch\u00eds<\/p>\n<p>Editorial: Hacer<\/p>\n<p>Ciudad: Barcelona<\/p>\n<p>Pa\u00eds: Espa\u00f1a<\/p>\n<p>Tama\u00f1o: 15,5&#215;21<\/p>\n<p>P\u00e1ginas: 92<\/p>\n<p>A\u00f1o: 2019<\/p>\n<p>Dep\u00f3sito legal: B 25163-2019<\/p>\n<p>ISBN: 978-8496913561<\/p>\n<p><strong>IDIOMA: Castellano<br \/><\/strong><\/p>\n<p>[\/et_pb_tab][et_pb_tab title=\u00bbDescripci\u00f3n\u00bb _builder_version=\u00bb4.24.3&#8243; _module_preset=\u00bbdefault\u00bb hover_enabled=\u00bb0&#8243; global_colors_info=\u00bb{}\u00bb theme_builder_area=\u00bbpost_content\u00bb sticky_enabled=\u00bb0&#8243;]<\/p>\n<p>El Be Negre (1931-1936) fue uno de los semanarios sat\u00edricos m\u00e1s populares de Catalunya durante la Segunda Rep\u00fablica. Abander\u00f3 las reivindicaciones de la intelectualidad catalana de izquierdas situada en la \u00f3rbita de Acci\u00f3 Catalana Republicana. Editado en Barcelona por M\u00e0rius Gifreda, escrito en catal\u00e1n y dirigido por el periodista Josep Maria Planes, cont\u00f3 con algunos de los mejores humoristas gr\u00e1ficos de la \u00e9poca, como Francesc Fontanals \u00abSoka\u00bb, Valent\u00ed Castanys, Avel\u00b7l\u00ed Art\u00eds-Gener \u00abT\u00edsner\u00bb y Joaquim Munta\u00f1ola \u00abKim\u00bb. El Be Negre defendi\u00f3 la democracia republicana, la separaci\u00f3n Iglesia-Estado, el Estatuto de Autonom\u00eda de Catalunya de 1932 y la normalizaci\u00f3n del catal\u00e1n. Descarg\u00f3 su humor ingenioso y mordaz contra la monarqu\u00eda, el catolicismo conservador y el nacionalismo espa\u00f1ol contrario a la autonom\u00eda catalana. Denunci\u00f3 tambi\u00e9n la violencia callejera anarquista, la radicalizaci\u00f3n de las juventudes de Esquerra Republicana de Catalunya, la colaboraci\u00f3n de la Lliga Regionalista con la CEDA y el anticatalanismo de Alejandro Lerroux. Entre finales de 1933 y principios de 1936 el semanario sufri\u00f3 censura y suspensiones por el Gobierno, en plena crisis por la anulaci\u00f3n del Estatuto de Catalunya y el juicio y encarcelamiento del presidente de la Generalitat, Llu\u00eds Companys, y de sus consejeros.<br \/>La editorial<\/p>\n<p>[\/et_pb_tab][et_pb_tab title=\u00bbBibliograf\u00eda\u00bb _builder_version=\u00bb4.20.2&#8243; _module_preset=\u00bbdefault\u00bb global_colors_info=\u00bb{}\u00bb theme_builder_area=\u00bbpost_content\u00bb][\/et_pb_tab][\/et_pb_tabs][et_pb_wc_title _builder_version=\u00bb4.20.2&#8243; header_font=\u00bb|600|||||||\u00bb header_text_color=\u00bb#0C71C3&#8243; header_font_size=\u00bb25px\u00bb custom_margin=\u00bb0px|0px|0px|0px|true|true\u00bb custom_padding=\u00bb0px|0px|0px|0px|true|true\u00bb global_colors_info=\u00bb{}\u00bb theme_builder_area=\u00bbpost_content\u00bb][\/et_pb_wc_title][\/et_pb_column][\/et_pb_row][\/et_pb_section][et_pb_section fb_built=\u00bb1&#8243; _builder_version=\u00bb4.20.2&#8243; _module_preset=\u00bbdefault\u00bb global_colors_info=\u00bb{}\u00bb theme_builder_area=\u00bbpost_content\u00bb][\/et_pb_section][et_pb_section fb_built=\u00bb1&#8243; _builder_version=\u00bb4.20.2&#8243; _module_preset=\u00bbdefault\u00bb global_colors_info=\u00bb{}\u00bb theme_builder_area=\u00bbpost_content\u00bb][\/et_pb_section]<\/p>\n","protected":false},"excerpt":{"rendered":"<p>El Be Negre (1931-1936). El humor ingenioso de la intelectualidad catalana de izquierdas, Espa\u00f1a, Castellano, Francesc T. Mart\u00ednez Sanch\u00eds, Hacer, Barcelona<\/p>\n","protected":false},"featured_media":11385,"template":"","meta":{"_et_pb_use_builder":"on","_et_pb_old_content":"","_et_gb_content_width":"","_monsterinsights_skip_tracking":false,"_monsterinsights_sitenote_active":false,"_monsterinsights_sitenote_note":"","_monsterinsights_sitenote_category":0},"product_brand":[],"product_cat":[31,46],"product_tag":[],"class_list":{"0":"post-11384","1":"product","2":"type-product","3":"status-publish","4":"has-post-thumbnail","6":"product_cat-libros","7":"product_cat-tema-humor-en-la-prensa","9":"first","10":"instock","11":"shipping-taxable","12":"product-type-simple"},"yoast_head":"<!-- This site is optimized with the Yoast SEO plugin v27.2 - https:\/\/yoast.com\/product\/yoast-seo-wordpress\/ -->\n<title>El Be Negre (1931-1936). El humor ingenioso de la intelectualidad catalana de izquierdas<\/title>\n<meta name=\"robots\" content=\"index, follow, max-snippet:-1, max-image-preview:large, max-video-preview:-1\" \/>\n<link rel=\"canonical\" href=\"https:\/\/www.historieta.es\/?product=el-be-negre-1931-1936-el-humor-ingenioso-de-la-intelectualidad-catalana-de-izquierdas\" \/>\n<meta property=\"og:locale\" content=\"es_ES\" \/>\n<meta property=\"og:type\" content=\"article\" \/>\n<meta property=\"og:title\" content=\"El Be Negre (1931-1936). El humor ingenioso de la intelectualidad catalana de izquierdas\" \/>\n<meta property=\"og:description\" content=\"El Be Negre (1931-1936). El humor ingenioso de la intelectualidad catalana de izquierdas, Espa\u00f1a, Castellano, Francesc T. Mart\u00ednez Sanch\u00eds, Hacer, Barcelona\" \/>\n<meta property=\"og:url\" content=\"https:\/\/www.historieta.es\/?product=el-be-negre-1931-1936-el-humor-ingenioso-de-la-intelectualidad-catalana-de-izquierdas\" \/>\n<meta property=\"og:site_name\" content=\"historieta\" \/>\n<meta property=\"article:modified_time\" content=\"2024-04-30T15:01:45+00:00\" \/>\n<meta property=\"og:image\" content=\"https:\/\/www.historieta.es\/wp-content\/uploads\/2024\/04\/El-Be-Negre-1931-1936.-El-humor-ingenioso-de-la-intelectualidad-catalana-de-izquierdas.png\" \/>\n\t<meta property=\"og:image:width\" content=\"600\" \/>\n\t<meta property=\"og:image:height\" content=\"600\" \/>\n\t<meta property=\"og:image:type\" content=\"image\/png\" \/>\n<meta name=\"twitter:card\" content=\"summary_large_image\" \/>\n<meta name=\"twitter:label1\" content=\"Tiempo de lectura\" \/>\n\t<meta name=\"twitter:data1\" content=\"3 minutos\" \/>\n<script type=\"application\/ld+json\" class=\"yoast-schema-graph\">{\"@context\":\"https:\/\/schema.org\",\"@graph\":[{\"@type\":\"WebPage\",\"@id\":\"https:\/\/www.historieta.es\/?product=el-be-negre-1931-1936-el-humor-ingenioso-de-la-intelectualidad-catalana-de-izquierdas\",\"url\":\"https:\/\/www.historieta.es\/?product=el-be-negre-1931-1936-el-humor-ingenioso-de-la-intelectualidad-catalana-de-izquierdas\",\"name\":\"El Be Negre (1931-1936). El humor ingenioso de la intelectualidad catalana de izquierdas\",\"isPartOf\":{\"@id\":\"https:\/\/www.historieta.es\/#website\"},\"primaryImageOfPage\":{\"@id\":\"https:\/\/www.historieta.es\/?product=el-be-negre-1931-1936-el-humor-ingenioso-de-la-intelectualidad-catalana-de-izquierdas#primaryimage\"},\"image\":{\"@id\":\"https:\/\/www.historieta.es\/?product=el-be-negre-1931-1936-el-humor-ingenioso-de-la-intelectualidad-catalana-de-izquierdas#primaryimage\"},\"thumbnailUrl\":\"https:\/\/www.historieta.es\/wp-content\/uploads\/2024\/04\/El-Be-Negre-1931-1936.-El-humor-ingenioso-de-la-intelectualidad-catalana-de-izquierdas.png\",\"datePublished\":\"2024-04-27T07:55:17+00:00\",\"dateModified\":\"2024-04-30T15:01:45+00:00\",\"breadcrumb\":{\"@id\":\"https:\/\/www.historieta.es\/?product=el-be-negre-1931-1936-el-humor-ingenioso-de-la-intelectualidad-catalana-de-izquierdas#breadcrumb\"},\"inLanguage\":\"es\",\"potentialAction\":[{\"@type\":\"ReadAction\",\"target\":[\"https:\/\/www.historieta.es\/?product=el-be-negre-1931-1936-el-humor-ingenioso-de-la-intelectualidad-catalana-de-izquierdas\"]}]},{\"@type\":\"ImageObject\",\"inLanguage\":\"es\",\"@id\":\"https:\/\/www.historieta.es\/?product=el-be-negre-1931-1936-el-humor-ingenioso-de-la-intelectualidad-catalana-de-izquierdas#primaryimage\",\"url\":\"https:\/\/www.historieta.es\/wp-content\/uploads\/2024\/04\/El-Be-Negre-1931-1936.-El-humor-ingenioso-de-la-intelectualidad-catalana-de-izquierdas.png\",\"contentUrl\":\"https:\/\/www.historieta.es\/wp-content\/uploads\/2024\/04\/El-Be-Negre-1931-1936.-El-humor-ingenioso-de-la-intelectualidad-catalana-de-izquierdas.png\",\"width\":600,\"height\":600},{\"@type\":\"BreadcrumbList\",\"@id\":\"https:\/\/www.historieta.es\/?product=el-be-negre-1931-1936-el-humor-ingenioso-de-la-intelectualidad-catalana-de-izquierdas#breadcrumb\",\"itemListElement\":[{\"@type\":\"ListItem\",\"position\":1,\"name\":\"Portada\",\"item\":\"https:\/\/www.historieta.es\/\"},{\"@type\":\"ListItem\",\"position\":2,\"name\":\"Productos\",\"item\":\"https:\/\/www.historieta.es\/?post_type=product\"},{\"@type\":\"ListItem\",\"position\":3,\"name\":\"El Be Negre (1931-1936). El humor ingenioso de la intelectualidad catalana de izquierdas\"}]},{\"@type\":\"WebSite\",\"@id\":\"https:\/\/www.historieta.es\/#website\",\"url\":\"https:\/\/www.historieta.es\/\",\"name\":\"historieta\",\"description\":\"sitio de comic\",\"potentialAction\":[{\"@type\":\"SearchAction\",\"target\":{\"@type\":\"EntryPoint\",\"urlTemplate\":\"https:\/\/www.historieta.es\/?s={search_term_string}\"},\"query-input\":{\"@type\":\"PropertyValueSpecification\",\"valueRequired\":true,\"valueName\":\"search_term_string\"}}],\"inLanguage\":\"es\"}]}<\/script>\n<!-- \/ Yoast SEO plugin. -->","yoast_head_json":{"title":"El Be Negre (1931-1936). El humor ingenioso de la intelectualidad catalana de izquierdas","robots":{"index":"index","follow":"follow","max-snippet":"max-snippet:-1","max-image-preview":"max-image-preview:large","max-video-preview":"max-video-preview:-1"},"canonical":"https:\/\/www.historieta.es\/?product=el-be-negre-1931-1936-el-humor-ingenioso-de-la-intelectualidad-catalana-de-izquierdas","og_locale":"es_ES","og_type":"article","og_title":"El Be Negre (1931-1936). El humor ingenioso de la intelectualidad catalana de izquierdas","og_description":"El Be Negre (1931-1936). El humor ingenioso de la intelectualidad catalana de izquierdas, Espa\u00f1a, Castellano, Francesc T. Mart\u00ednez Sanch\u00eds, Hacer, Barcelona","og_url":"https:\/\/www.historieta.es\/?product=el-be-negre-1931-1936-el-humor-ingenioso-de-la-intelectualidad-catalana-de-izquierdas","og_site_name":"historieta","article_modified_time":"2024-04-30T15:01:45+00:00","og_image":[{"width":600,"height":600,"url":"https:\/\/www.historieta.es\/wp-content\/uploads\/2024\/04\/El-Be-Negre-1931-1936.-El-humor-ingenioso-de-la-intelectualidad-catalana-de-izquierdas.png","type":"image\/png"}],"twitter_card":"summary_large_image","twitter_misc":{"Tiempo de lectura":"3 minutos"},"schema":{"@context":"https:\/\/schema.org","@graph":[{"@type":"WebPage","@id":"https:\/\/www.historieta.es\/?product=el-be-negre-1931-1936-el-humor-ingenioso-de-la-intelectualidad-catalana-de-izquierdas","url":"https:\/\/www.historieta.es\/?product=el-be-negre-1931-1936-el-humor-ingenioso-de-la-intelectualidad-catalana-de-izquierdas","name":"El Be Negre (1931-1936). El humor ingenioso de la intelectualidad catalana de izquierdas","isPartOf":{"@id":"https:\/\/www.historieta.es\/#website"},"primaryImageOfPage":{"@id":"https:\/\/www.historieta.es\/?product=el-be-negre-1931-1936-el-humor-ingenioso-de-la-intelectualidad-catalana-de-izquierdas#primaryimage"},"image":{"@id":"https:\/\/www.historieta.es\/?product=el-be-negre-1931-1936-el-humor-ingenioso-de-la-intelectualidad-catalana-de-izquierdas#primaryimage"},"thumbnailUrl":"https:\/\/www.historieta.es\/wp-content\/uploads\/2024\/04\/El-Be-Negre-1931-1936.-El-humor-ingenioso-de-la-intelectualidad-catalana-de-izquierdas.png","datePublished":"2024-04-27T07:55:17+00:00","dateModified":"2024-04-30T15:01:45+00:00","breadcrumb":{"@id":"https:\/\/www.historieta.es\/?product=el-be-negre-1931-1936-el-humor-ingenioso-de-la-intelectualidad-catalana-de-izquierdas#breadcrumb"},"inLanguage":"es","potentialAction":[{"@type":"ReadAction","target":["https:\/\/www.historieta.es\/?product=el-be-negre-1931-1936-el-humor-ingenioso-de-la-intelectualidad-catalana-de-izquierdas"]}]},{"@type":"ImageObject","inLanguage":"es","@id":"https:\/\/www.historieta.es\/?product=el-be-negre-1931-1936-el-humor-ingenioso-de-la-intelectualidad-catalana-de-izquierdas#primaryimage","url":"https:\/\/www.historieta.es\/wp-content\/uploads\/2024\/04\/El-Be-Negre-1931-1936.-El-humor-ingenioso-de-la-intelectualidad-catalana-de-izquierdas.png","contentUrl":"https:\/\/www.historieta.es\/wp-content\/uploads\/2024\/04\/El-Be-Negre-1931-1936.-El-humor-ingenioso-de-la-intelectualidad-catalana-de-izquierdas.png","width":600,"height":600},{"@type":"BreadcrumbList","@id":"https:\/\/www.historieta.es\/?product=el-be-negre-1931-1936-el-humor-ingenioso-de-la-intelectualidad-catalana-de-izquierdas#breadcrumb","itemListElement":[{"@type":"ListItem","position":1,"name":"Portada","item":"https:\/\/www.historieta.es\/"},{"@type":"ListItem","position":2,"name":"Productos","item":"https:\/\/www.historieta.es\/?post_type=product"},{"@type":"ListItem","position":3,"name":"El Be Negre (1931-1936). El humor ingenioso de la intelectualidad catalana de izquierdas"}]},{"@type":"WebSite","@id":"https:\/\/www.historieta.es\/#website","url":"https:\/\/www.historieta.es\/","name":"historieta","description":"sitio de comic","potentialAction":[{"@type":"SearchAction","target":{"@type":"EntryPoint","urlTemplate":"https:\/\/www.historieta.es\/?s={search_term_string}"},"query-input":{"@type":"PropertyValueSpecification","valueRequired":true,"valueName":"search_term_string"}}],"inLanguage":"es"}]}},"_links":{"self":[{"href":"https:\/\/www.historieta.es\/index.php?rest_route=\/wp\/v2\/product\/11384","targetHints":{"allow":["GET"]}}],"collection":[{"href":"https:\/\/www.historieta.es\/index.php?rest_route=\/wp\/v2\/product"}],"about":[{"href":"https:\/\/www.historieta.es\/index.php?rest_route=\/wp\/v2\/types\/product"}],"wp:featuredmedia":[{"embeddable":true,"href":"https:\/\/www.historieta.es\/index.php?rest_route=\/wp\/v2\/media\/11385"}],"wp:attachment":[{"href":"https:\/\/www.historieta.es\/index.php?rest_route=%2Fwp%2Fv2%2Fmedia&parent=11384"}],"wp:term":[{"taxonomy":"product_brand","embeddable":true,"href":"https:\/\/www.historieta.es\/index.php?rest_route=%2Fwp%2Fv2%2Fproduct_brand&post=11384"},{"taxonomy":"product_cat","embeddable":true,"href":"https:\/\/www.historieta.es\/index.php?rest_route=%2Fwp%2Fv2%2Fproduct_cat&post=11384"},{"taxonomy":"product_tag","embeddable":true,"href":"https:\/\/www.historieta.es\/index.php?rest_route=%2Fwp%2Fv2%2Fproduct_tag&post=11384"}],"curies":[{"name":"wp","href":"https:\/\/api.w.org\/{rel}","templated":true}]}}