{"id":11103,"date":"2024-04-04T08:11:05","date_gmt":"2024-04-04T08:11:05","guid":{"rendered":"https:\/\/www.historieta.es\/?post_type=product&#038;p=11103"},"modified":"2024-04-04T08:11:12","modified_gmt":"2024-04-04T08:11:12","slug":"prehistoria-y-comic","status":"publish","type":"product","link":"https:\/\/www.historieta.es\/?product=prehistoria-y-comic","title":{"rendered":"Prehistoria y c\u00f3mic"},"content":{"rendered":"<p>[et_pb_section fb_built=\u00bb1&#8243; _builder_version=\u00bb4.20.2&#8243; custom_margin=\u00bb-44px|0px|-44px|0px|true|true\u00bb custom_padding=\u00bb0px|0px|0px|0px|true|true\u00bb collapsed=\u00bboff\u00bb global_colors_info=\u00bb{}\u00bb theme_builder_area=\u00bbpost_content\u00bb][et_pb_row column_structure=\u00bb2_5,3_5&#8243; _builder_version=\u00bb4.20.2&#8243; background_size=\u00bbinitial\u00bb background_position=\u00bbtop_left\u00bb background_repeat=\u00bbrepeat\u00bb width=\u00bb100%\u00bb custom_margin=\u00bb0px|0px|0px|0px|true|true\u00bb custom_padding=\u00bb0px|0px|0px|0px|true|true\u00bb global_colors_info=\u00bb{}\u00bb theme_builder_area=\u00bbpost_content\u00bb][et_pb_column type=\u00bb2_5&#8243; _builder_version=\u00bb4.16&#8243; custom_padding=\u00bb|||\u00bb global_colors_info=\u00bb{}\u00bb custom_padding__hover=\u00bb|||\u00bb theme_builder_area=\u00bbpost_content\u00bb][et_pb_wc_images _builder_version=\u00bb4.20.2&#8243; box_shadow_style=\u00bbpreset1&#8243; global_colors_info=\u00bb{}\u00bb theme_builder_area=\u00bbpost_content\u00bb][\/et_pb_wc_images][\/et_pb_column][et_pb_column type=\u00bb3_5&#8243; _builder_version=\u00bb4.20.2&#8243; _module_preset=\u00bbdefault\u00bb global_colors_info=\u00bb{}\u00bb theme_builder_area=\u00bbpost_content\u00bb][et_pb_tabs _builder_version=\u00bb4.20.2&#8243; _module_preset=\u00bbdefault\u00bb hover_enabled=\u00bb0&#8243; global_colors_info=\u00bb{}\u00bb theme_builder_area=\u00bbpost_content\u00bb sticky_enabled=\u00bb0&#8243;][et_pb_tab title=\u00bbDatos\u00bb _builder_version=\u00bb4.20.2&#8243; _module_preset=\u00bbdefault\u00bb hover_enabled=\u00bb0&#8243; global_colors_info=\u00bb{}\u00bb theme_builder_area=\u00bbpost_content\u00bb sticky_enabled=\u00bb0&#8243;]<\/p>\n<p>Autor: Joaqu\u00edn Abarca P\u00e9rez<\/p>\n<p>Entidad: Museu de Prehist\u00f2ria de Valencia<\/p>\n<p>Ciudad: Valencia<\/p>\n<p>Pa\u00eds: Espa\u00f1a<\/p>\n<p>Tama\u00f1o:<\/p>\n<p>P\u00e1ginas: 248<\/p>\n<p>A\u00f1o: 2016<\/p>\n<p>Dep\u00f3sito legal:<\/p>\n<p>ISBN: 978-8477957621<\/p>\n<p><strong>IDIOMA: Castellano<br \/><\/strong><\/p>\n<p>[\/et_pb_tab][et_pb_tab title=\u00bbDescripci\u00f3n\u00bb _builder_version=\u00bb4.20.2&#8243; _module_preset=\u00bbdefault\u00bb hover_enabled=\u00bb0&#8243; global_colors_info=\u00bb{}\u00bb theme_builder_area=\u00bbpost_content\u00bb sticky_enabled=\u00bb0&#8243;]<\/p>\n<p>El Museo de Prehistoria de la Diputaci\u00f3n de Valencia muestra una exposici\u00f3n pionera en Espa\u00f1a sobre la prehistoria y el c\u00f3mic, un reto apasionante que aborda esta compleja relaci\u00f3n entre los tiempos prehist\u00f3ricos y las historias de tantos y tantos h\u00e9roes de ficci\u00f3n. Es cierto que en muchos tebeos y c\u00f3mics se ha utilizado la prehistoria como mero escenario donde se desarrollan historietas y aventuras fant\u00e1sticas llenas de t\u00f3picos y anacronismos. Sin embargo en los \u00faltimos a\u00f1os estamos asistiendo al incremento de c\u00f3mics de tem\u00e1tica prehist\u00f3rica que compaginan la narrativa de ficci\u00f3n con la documentaci\u00f3n cient\u00edfica de manera magistral. Por ello, el Museo de Prehistoria, como centro investigador y educador que es, ha querido destacar en esta muestra el importante papel que puede desarrollar la narraci\u00f3n gr\u00e1fica como herramienta de aprendizaje para el conocimiento de la prehistoria, precisamente por su enorme atracci\u00f3n a la hora de combinar la imagen y el texto, y por su lenguaje directo que alcanza a todos los p\u00fablicos. La exposici\u00f3n \u00abPrehistoria y C\u00f3mic\u00bb recoge una gran diversidad de tebeos y c\u00f3mics en una colecci\u00f3n de m\u00e1s de cien ejemplares, que abarca desde principios del siglo XX hasta la actualidad. A trav\u00e9s de ellos descubrimos un mundo fant\u00e1stico poblado de personajes inolvidables del tebeo espa\u00f1ol, como Purk el Hombre de Piedra, Peque\u00f1o Pantera Negra, Altamiro de la cueva, Hug, el troglodita o Roquita, que comparten escenario con iconos del c\u00f3mic americano, como Alley Oop, Tor, Los Picapiedra o Turok, adem\u00e1s de otros h\u00e9roes prehist\u00f3ricos del c\u00f3mic franc\u00f3fono no menos conocidos, como Tounga, Rahan, o las nuevas hero\u00ednas Ly-Noock o Vo\u2019houn\u00e2. Todo este despliegue de papel se apoya en materiales arqueol\u00f3gicos del propio Museo de Prehistoria, as\u00ed como en planchas y dibujos originales, en entrevistas a reconocidos ilustradores espa\u00f1oles y franceses, y en dos animaciones en 3D. Finaliza la exposici\u00f3n con una biblioteca infantil y un espacio l\u00fadico que nos sit\u00faa frente a aquellos estereotipos y anacronismos m\u00e1s frecuentes en nuestro imaginario colectivo. El cat\u00e1logo que acompa\u00f1a a la exposici\u00f3n recoge once contribuciones de reconocidos especialistas del mundo del arte secuencial que nos hablan de los tebeos infantiles, de la escuela valenciana, del comic americano y de la aportaci\u00f3n del c\u00f3mic franc\u00f3fono. Desde el campo de la prehistoria, los art\u00edculos sobre la novela de ficci\u00f3n, la ilustraci\u00f3n y los c\u00f3mics sobre la prehistoria, la relaci\u00f3n entre los museos y el c\u00f3mic o el papel de la mujer en este mundo troglodita, nos dan una visi\u00f3n m\u00e1s cient\u00edfica.<br \/>La editorial<\/p>\n<p>[\/et_pb_tab][et_pb_tab title=\u00bbBibliograf\u00eda\u00bb _builder_version=\u00bb4.20.2&#8243; _module_preset=\u00bbdefault\u00bb global_colors_info=\u00bb{}\u00bb theme_builder_area=\u00bbpost_content\u00bb][\/et_pb_tab][\/et_pb_tabs][et_pb_wc_title _builder_version=\u00bb4.20.2&#8243; header_font=\u00bb|600|||||||\u00bb header_text_color=\u00bb#0C71C3&#8243; header_font_size=\u00bb25px\u00bb custom_margin=\u00bb0px|0px|0px|0px|true|true\u00bb custom_padding=\u00bb0px|0px|0px|0px|true|true\u00bb global_colors_info=\u00bb{}\u00bb theme_builder_area=\u00bbpost_content\u00bb][\/et_pb_wc_title][\/et_pb_column][\/et_pb_row][\/et_pb_section][et_pb_section fb_built=\u00bb1&#8243; _builder_version=\u00bb4.20.2&#8243; _module_preset=\u00bbdefault\u00bb global_colors_info=\u00bb{}\u00bb theme_builder_area=\u00bbpost_content\u00bb][\/et_pb_section][et_pb_section fb_built=\u00bb1&#8243; _builder_version=\u00bb4.20.2&#8243; _module_preset=\u00bbdefault\u00bb global_colors_info=\u00bb{}\u00bb theme_builder_area=\u00bbpost_content\u00bb][\/et_pb_section]<\/p>\n","protected":false},"excerpt":{"rendered":"<p>Prehistoria y c\u00f3mic, Joaqu\u00edn Abarca P\u00e9rez, Museu de Prehist\u00f2ria de Valencia, Espa\u00f1a, Castellano<\/p>\n","protected":false},"featured_media":11104,"template":"","meta":{"_et_pb_use_builder":"on","_et_pb_old_content":"","_et_gb_content_width":"","_monsterinsights_skip_tracking":false,"_monsterinsights_sitenote_active":false,"_monsterinsights_sitenote_note":"","_monsterinsights_sitenote_category":0},"product_brand":[],"product_cat":[33],"product_tag":[],"class_list":{"0":"post-11103","1":"product","2":"type-product","3":"status-publish","4":"has-post-thumbnail","6":"product_cat-catalogos","8":"first","9":"instock","10":"shipping-taxable","11":"product-type-simple"},"yoast_head":"<!-- This site is optimized with the Yoast SEO plugin v27.2 - https:\/\/yoast.com\/product\/yoast-seo-wordpress\/ -->\n<title>Prehistoria y c\u00f3mic<\/title>\n<meta name=\"robots\" content=\"index, follow, max-snippet:-1, max-image-preview:large, max-video-preview:-1\" \/>\n<link rel=\"canonical\" href=\"https:\/\/www.historieta.es\/?product=prehistoria-y-comic\" \/>\n<meta property=\"og:locale\" content=\"es_ES\" \/>\n<meta property=\"og:type\" content=\"article\" \/>\n<meta property=\"og:title\" content=\"Prehistoria y c\u00f3mic\" \/>\n<meta property=\"og:description\" content=\"Prehistoria y c\u00f3mic, Joaqu\u00edn Abarca P\u00e9rez, Museu de Prehist\u00f2ria de Valencia, Espa\u00f1a, Castellano\" \/>\n<meta property=\"og:url\" content=\"https:\/\/www.historieta.es\/?product=prehistoria-y-comic\" \/>\n<meta property=\"og:site_name\" content=\"historieta\" \/>\n<meta property=\"article:modified_time\" content=\"2024-04-04T08:11:12+00:00\" \/>\n<meta property=\"og:image\" content=\"https:\/\/www.historieta.es\/wp-content\/uploads\/2024\/04\/Prehistoria-y-comic.png\" \/>\n\t<meta property=\"og:image:width\" content=\"600\" \/>\n\t<meta property=\"og:image:height\" content=\"600\" \/>\n\t<meta property=\"og:image:type\" content=\"image\/png\" \/>\n<meta name=\"twitter:card\" content=\"summary_large_image\" \/>\n<meta name=\"twitter:label1\" content=\"Tiempo de lectura\" \/>\n\t<meta name=\"twitter:data1\" content=\"4 minutos\" \/>\n<script type=\"application\/ld+json\" class=\"yoast-schema-graph\">{\"@context\":\"https:\/\/schema.org\",\"@graph\":[{\"@type\":\"WebPage\",\"@id\":\"https:\/\/www.historieta.es\/?product=prehistoria-y-comic\",\"url\":\"https:\/\/www.historieta.es\/?product=prehistoria-y-comic\",\"name\":\"Prehistoria y c\u00f3mic\",\"isPartOf\":{\"@id\":\"https:\/\/www.historieta.es\/#website\"},\"primaryImageOfPage\":{\"@id\":\"https:\/\/www.historieta.es\/?product=prehistoria-y-comic#primaryimage\"},\"image\":{\"@id\":\"https:\/\/www.historieta.es\/?product=prehistoria-y-comic#primaryimage\"},\"thumbnailUrl\":\"https:\/\/www.historieta.es\/wp-content\/uploads\/2024\/04\/Prehistoria-y-comic.png\",\"datePublished\":\"2024-04-04T08:11:05+00:00\",\"dateModified\":\"2024-04-04T08:11:12+00:00\",\"breadcrumb\":{\"@id\":\"https:\/\/www.historieta.es\/?product=prehistoria-y-comic#breadcrumb\"},\"inLanguage\":\"es\",\"potentialAction\":[{\"@type\":\"ReadAction\",\"target\":[\"https:\/\/www.historieta.es\/?product=prehistoria-y-comic\"]}]},{\"@type\":\"ImageObject\",\"inLanguage\":\"es\",\"@id\":\"https:\/\/www.historieta.es\/?product=prehistoria-y-comic#primaryimage\",\"url\":\"https:\/\/www.historieta.es\/wp-content\/uploads\/2024\/04\/Prehistoria-y-comic.png\",\"contentUrl\":\"https:\/\/www.historieta.es\/wp-content\/uploads\/2024\/04\/Prehistoria-y-comic.png\",\"width\":600,\"height\":600},{\"@type\":\"BreadcrumbList\",\"@id\":\"https:\/\/www.historieta.es\/?product=prehistoria-y-comic#breadcrumb\",\"itemListElement\":[{\"@type\":\"ListItem\",\"position\":1,\"name\":\"Portada\",\"item\":\"https:\/\/www.historieta.es\/\"},{\"@type\":\"ListItem\",\"position\":2,\"name\":\"Productos\",\"item\":\"https:\/\/www.historieta.es\/?post_type=product\"},{\"@type\":\"ListItem\",\"position\":3,\"name\":\"Prehistoria y c\u00f3mic\"}]},{\"@type\":\"WebSite\",\"@id\":\"https:\/\/www.historieta.es\/#website\",\"url\":\"https:\/\/www.historieta.es\/\",\"name\":\"historieta\",\"description\":\"sitio de comic\",\"potentialAction\":[{\"@type\":\"SearchAction\",\"target\":{\"@type\":\"EntryPoint\",\"urlTemplate\":\"https:\/\/www.historieta.es\/?s={search_term_string}\"},\"query-input\":{\"@type\":\"PropertyValueSpecification\",\"valueRequired\":true,\"valueName\":\"search_term_string\"}}],\"inLanguage\":\"es\"}]}<\/script>\n<!-- \/ Yoast SEO plugin. -->","yoast_head_json":{"title":"Prehistoria y c\u00f3mic","robots":{"index":"index","follow":"follow","max-snippet":"max-snippet:-1","max-image-preview":"max-image-preview:large","max-video-preview":"max-video-preview:-1"},"canonical":"https:\/\/www.historieta.es\/?product=prehistoria-y-comic","og_locale":"es_ES","og_type":"article","og_title":"Prehistoria y c\u00f3mic","og_description":"Prehistoria y c\u00f3mic, Joaqu\u00edn Abarca P\u00e9rez, Museu de Prehist\u00f2ria de Valencia, Espa\u00f1a, Castellano","og_url":"https:\/\/www.historieta.es\/?product=prehistoria-y-comic","og_site_name":"historieta","article_modified_time":"2024-04-04T08:11:12+00:00","og_image":[{"width":600,"height":600,"url":"https:\/\/www.historieta.es\/wp-content\/uploads\/2024\/04\/Prehistoria-y-comic.png","type":"image\/png"}],"twitter_card":"summary_large_image","twitter_misc":{"Tiempo de lectura":"4 minutos"},"schema":{"@context":"https:\/\/schema.org","@graph":[{"@type":"WebPage","@id":"https:\/\/www.historieta.es\/?product=prehistoria-y-comic","url":"https:\/\/www.historieta.es\/?product=prehistoria-y-comic","name":"Prehistoria y c\u00f3mic","isPartOf":{"@id":"https:\/\/www.historieta.es\/#website"},"primaryImageOfPage":{"@id":"https:\/\/www.historieta.es\/?product=prehistoria-y-comic#primaryimage"},"image":{"@id":"https:\/\/www.historieta.es\/?product=prehistoria-y-comic#primaryimage"},"thumbnailUrl":"https:\/\/www.historieta.es\/wp-content\/uploads\/2024\/04\/Prehistoria-y-comic.png","datePublished":"2024-04-04T08:11:05+00:00","dateModified":"2024-04-04T08:11:12+00:00","breadcrumb":{"@id":"https:\/\/www.historieta.es\/?product=prehistoria-y-comic#breadcrumb"},"inLanguage":"es","potentialAction":[{"@type":"ReadAction","target":["https:\/\/www.historieta.es\/?product=prehistoria-y-comic"]}]},{"@type":"ImageObject","inLanguage":"es","@id":"https:\/\/www.historieta.es\/?product=prehistoria-y-comic#primaryimage","url":"https:\/\/www.historieta.es\/wp-content\/uploads\/2024\/04\/Prehistoria-y-comic.png","contentUrl":"https:\/\/www.historieta.es\/wp-content\/uploads\/2024\/04\/Prehistoria-y-comic.png","width":600,"height":600},{"@type":"BreadcrumbList","@id":"https:\/\/www.historieta.es\/?product=prehistoria-y-comic#breadcrumb","itemListElement":[{"@type":"ListItem","position":1,"name":"Portada","item":"https:\/\/www.historieta.es\/"},{"@type":"ListItem","position":2,"name":"Productos","item":"https:\/\/www.historieta.es\/?post_type=product"},{"@type":"ListItem","position":3,"name":"Prehistoria y c\u00f3mic"}]},{"@type":"WebSite","@id":"https:\/\/www.historieta.es\/#website","url":"https:\/\/www.historieta.es\/","name":"historieta","description":"sitio de comic","potentialAction":[{"@type":"SearchAction","target":{"@type":"EntryPoint","urlTemplate":"https:\/\/www.historieta.es\/?s={search_term_string}"},"query-input":{"@type":"PropertyValueSpecification","valueRequired":true,"valueName":"search_term_string"}}],"inLanguage":"es"}]}},"_links":{"self":[{"href":"https:\/\/www.historieta.es\/index.php?rest_route=\/wp\/v2\/product\/11103","targetHints":{"allow":["GET"]}}],"collection":[{"href":"https:\/\/www.historieta.es\/index.php?rest_route=\/wp\/v2\/product"}],"about":[{"href":"https:\/\/www.historieta.es\/index.php?rest_route=\/wp\/v2\/types\/product"}],"wp:featuredmedia":[{"embeddable":true,"href":"https:\/\/www.historieta.es\/index.php?rest_route=\/wp\/v2\/media\/11104"}],"wp:attachment":[{"href":"https:\/\/www.historieta.es\/index.php?rest_route=%2Fwp%2Fv2%2Fmedia&parent=11103"}],"wp:term":[{"taxonomy":"product_brand","embeddable":true,"href":"https:\/\/www.historieta.es\/index.php?rest_route=%2Fwp%2Fv2%2Fproduct_brand&post=11103"},{"taxonomy":"product_cat","embeddable":true,"href":"https:\/\/www.historieta.es\/index.php?rest_route=%2Fwp%2Fv2%2Fproduct_cat&post=11103"},{"taxonomy":"product_tag","embeddable":true,"href":"https:\/\/www.historieta.es\/index.php?rest_route=%2Fwp%2Fv2%2Fproduct_tag&post=11103"}],"curies":[{"name":"wp","href":"https:\/\/api.w.org\/{rel}","templated":true}]}}