{"id":11073,"date":"2024-04-04T06:29:05","date_gmt":"2024-04-04T06:29:05","guid":{"rendered":"https:\/\/www.historieta.es\/?post_type=product&#038;p=11073"},"modified":"2024-04-04T06:29:17","modified_gmt":"2024-04-04T06:29:17","slug":"el-capitan-trueno-tras-los-pasos-del-heroe","status":"publish","type":"product","link":"https:\/\/www.historieta.es\/?product=el-capitan-trueno-tras-los-pasos-del-heroe","title":{"rendered":"El Capit\u00e1n Trueno. Tras los pasos del h\u00e9roe"},"content":{"rendered":"<p>[et_pb_section fb_built=\u00bb1&#8243; _builder_version=\u00bb4.20.2&#8243; custom_margin=\u00bb-44px|0px|-44px|0px|true|true\u00bb custom_padding=\u00bb0px|0px|0px|0px|true|true\u00bb collapsed=\u00bboff\u00bb global_colors_info=\u00bb{}\u00bb theme_builder_area=\u00bbpost_content\u00bb][et_pb_row column_structure=\u00bb2_5,3_5&#8243; _builder_version=\u00bb4.20.2&#8243; background_size=\u00bbinitial\u00bb background_position=\u00bbtop_left\u00bb background_repeat=\u00bbrepeat\u00bb width=\u00bb100%\u00bb custom_margin=\u00bb0px|0px|0px|0px|true|true\u00bb custom_padding=\u00bb0px|0px|0px|0px|true|true\u00bb global_colors_info=\u00bb{}\u00bb theme_builder_area=\u00bbpost_content\u00bb][et_pb_column type=\u00bb2_5&#8243; _builder_version=\u00bb4.16&#8243; custom_padding=\u00bb|||\u00bb global_colors_info=\u00bb{}\u00bb custom_padding__hover=\u00bb|||\u00bb theme_builder_area=\u00bbpost_content\u00bb][et_pb_wc_images _builder_version=\u00bb4.20.2&#8243; box_shadow_style=\u00bbpreset1&#8243; global_colors_info=\u00bb{}\u00bb theme_builder_area=\u00bbpost_content\u00bb][\/et_pb_wc_images][\/et_pb_column][et_pb_column type=\u00bb3_5&#8243; _builder_version=\u00bb4.20.2&#8243; _module_preset=\u00bbdefault\u00bb global_colors_info=\u00bb{}\u00bb theme_builder_area=\u00bbpost_content\u00bb][et_pb_tabs _builder_version=\u00bb4.20.2&#8243; _module_preset=\u00bbdefault\u00bb hover_enabled=\u00bb0&#8243; global_colors_info=\u00bb{}\u00bb theme_builder_area=\u00bbpost_content\u00bb sticky_enabled=\u00bb0&#8243;][et_pb_tab title=\u00bbDatos\u00bb _builder_version=\u00bb4.20.2&#8243; _module_preset=\u00bbdefault\u00bb hover_enabled=\u00bb0&#8243; global_colors_info=\u00bb{}\u00bb theme_builder_area=\u00bbpost_content\u00bb sticky_enabled=\u00bb0&#8243;]<\/p>\n<p>Autor: Patxi Lanceros, Jos\u00e9 Manuel S\u00e1nchez Ron, Juan A. Calatrava<\/p>\n<p>Entidad: C\u00edrculo de Bellas Artes<\/p>\n<p>Ciudad: Madrid<\/p>\n<p>Pa\u00eds: Espa\u00f1a<\/p>\n<p>Tama\u00f1o: 17&#215;24<\/p>\n<p>P\u00e1ginas: 240<\/p>\n<p>A\u00f1o: 2016<\/p>\n<p>Dep\u00f3sito legal:<\/p>\n<p>ISBN: 978-8494461552<\/p>\n<p><strong>IDIOMA: Castellano<br \/><\/strong><\/p>\n<p>[\/et_pb_tab][et_pb_tab title=\u00bbDescripci\u00f3n\u00bb _builder_version=\u00bb4.20.2&#8243; _module_preset=\u00bbdefault\u00bb hover_enabled=\u00bb0&#8243; global_colors_info=\u00bb{}\u00bb theme_builder_area=\u00bbpost_content\u00bb sticky_enabled=\u00bb0&#8243;]<\/p>\n<p>Cat\u00e1logo de la exposici\u00f3n en el C\u00edrculo de Bellas Artes, de Madrid entre el 10 de octubre del 2016 y el 29 de enero del 2017.<br \/>Capit\u00e1n Trueno. Tras los pasos del h\u00e9roe se propone rese\u00f1ar alguno de los hilos que tejen la aventura interminable de uno de los personajes m\u00e1s significativos de la cultura popular de la segunda mitad del siglo XX, deteni\u00e9ndose en tres aspectos: en primer lugar, las filiaciones discursivas que se pueden descubrir en el relato. As\u00ed, el texto de Patxi Lanceros destaca el di\u00e1logo que entablan las distintas aventuras del Capit\u00e1n con obras se\u00f1eras de las mitolog\u00edas y las literaturas. En segundo lugar, los espacios naturales y construidos en los que la aventura transcurre, rese\u00f1ados en el texto de Juan Calatrava, y que dan a la suma de los episodios un car\u00e1cter genuinamente policultural. Y en tercer lugar, los inventos y las t\u00e9cnicas que repasa Jos\u00e9 Manuel S\u00e1nchez Ron, y que tienen indiscutible protagonismo, permitiendo en muchas ocasiones el despliegue del relato. Todo ello sin olvidar que el Capit\u00e1n Trueno y sus compa\u00f1eros, defensores del d\u00e9bil y paladines de la justicia, son un importante eslab\u00f3n en la cadena de la reflexi\u00f3n pol\u00edtica y moral que se ha vertido sobre varias generaciones de lectores.<\/p>\n<p>[\/et_pb_tab][et_pb_tab title=\u00bbBibliograf\u00eda\u00bb _builder_version=\u00bb4.20.2&#8243; _module_preset=\u00bbdefault\u00bb global_colors_info=\u00bb{}\u00bb theme_builder_area=\u00bbpost_content\u00bb][\/et_pb_tab][\/et_pb_tabs][et_pb_wc_title _builder_version=\u00bb4.20.2&#8243; header_font=\u00bb|600|||||||\u00bb header_text_color=\u00bb#0C71C3&#8243; header_font_size=\u00bb25px\u00bb custom_margin=\u00bb0px|0px|0px|0px|true|true\u00bb custom_padding=\u00bb0px|0px|0px|0px|true|true\u00bb global_colors_info=\u00bb{}\u00bb theme_builder_area=\u00bbpost_content\u00bb][\/et_pb_wc_title][\/et_pb_column][\/et_pb_row][\/et_pb_section][et_pb_section fb_built=\u00bb1&#8243; _builder_version=\u00bb4.20.2&#8243; _module_preset=\u00bbdefault\u00bb global_colors_info=\u00bb{}\u00bb theme_builder_area=\u00bbpost_content\u00bb][\/et_pb_section][et_pb_section fb_built=\u00bb1&#8243; _builder_version=\u00bb4.20.2&#8243; _module_preset=\u00bbdefault\u00bb global_colors_info=\u00bb{}\u00bb theme_builder_area=\u00bbpost_content\u00bb][\/et_pb_section]<\/p>\n","protected":false},"excerpt":{"rendered":"<p>El Capit\u00e1n Trueno. Tras los pasos del h\u00e9roe, Patxi Lanceros, Jos\u00e9 Manuel S\u00e1nchez Ron, Juan A. Calatrava, C\u00edrculo de Bellas Artes, Madrid, Espa\u00f1a, Castellano<\/p>\n","protected":false},"featured_media":11074,"template":"","meta":{"_et_pb_use_builder":"on","_et_pb_old_content":"","_et_gb_content_width":"","_monsterinsights_skip_tracking":false,"_monsterinsights_sitenote_active":false,"_monsterinsights_sitenote_note":"","_monsterinsights_sitenote_category":0},"product_brand":[],"product_cat":[33],"product_tag":[],"class_list":{"0":"post-11073","1":"product","2":"type-product","3":"status-publish","4":"has-post-thumbnail","6":"product_cat-catalogos","8":"first","9":"instock","10":"shipping-taxable","11":"product-type-simple"},"yoast_head":"<!-- This site is optimized with the Yoast SEO plugin v27.2 - https:\/\/yoast.com\/product\/yoast-seo-wordpress\/ -->\n<title>El Capit\u00e1n Trueno. Tras los pasos del h\u00e9roe<\/title>\n<meta name=\"robots\" content=\"index, follow, max-snippet:-1, max-image-preview:large, max-video-preview:-1\" \/>\n<link rel=\"canonical\" href=\"https:\/\/www.historieta.es\/?product=el-capitan-trueno-tras-los-pasos-del-heroe\" \/>\n<meta property=\"og:locale\" content=\"es_ES\" \/>\n<meta property=\"og:type\" content=\"article\" \/>\n<meta property=\"og:title\" content=\"El Capit\u00e1n Trueno. Tras los pasos del h\u00e9roe\" \/>\n<meta property=\"og:description\" content=\"El Capit\u00e1n Trueno. Tras los pasos del h\u00e9roe, Patxi Lanceros, Jos\u00e9 Manuel S\u00e1nchez Ron, Juan A. Calatrava, C\u00edrculo de Bellas Artes, Madrid, Espa\u00f1a, Castellano\" \/>\n<meta property=\"og:url\" content=\"https:\/\/www.historieta.es\/?product=el-capitan-trueno-tras-los-pasos-del-heroe\" \/>\n<meta property=\"og:site_name\" content=\"historieta\" \/>\n<meta property=\"article:modified_time\" content=\"2024-04-04T06:29:17+00:00\" \/>\n<meta property=\"og:image\" content=\"https:\/\/www.historieta.es\/wp-content\/uploads\/2024\/04\/El-Capitan-Trueno.-Tras-los-pasos-del-heroe.png\" \/>\n\t<meta property=\"og:image:width\" content=\"600\" \/>\n\t<meta property=\"og:image:height\" content=\"600\" \/>\n\t<meta property=\"og:image:type\" content=\"image\/png\" \/>\n<meta name=\"twitter:card\" content=\"summary_large_image\" \/>\n<meta name=\"twitter:label1\" content=\"Tiempo de lectura\" \/>\n\t<meta name=\"twitter:data1\" content=\"3 minutos\" \/>\n<script type=\"application\/ld+json\" class=\"yoast-schema-graph\">{\"@context\":\"https:\/\/schema.org\",\"@graph\":[{\"@type\":\"WebPage\",\"@id\":\"https:\/\/www.historieta.es\/?product=el-capitan-trueno-tras-los-pasos-del-heroe\",\"url\":\"https:\/\/www.historieta.es\/?product=el-capitan-trueno-tras-los-pasos-del-heroe\",\"name\":\"El Capit\u00e1n Trueno. Tras los pasos del h\u00e9roe\",\"isPartOf\":{\"@id\":\"https:\/\/www.historieta.es\/#website\"},\"primaryImageOfPage\":{\"@id\":\"https:\/\/www.historieta.es\/?product=el-capitan-trueno-tras-los-pasos-del-heroe#primaryimage\"},\"image\":{\"@id\":\"https:\/\/www.historieta.es\/?product=el-capitan-trueno-tras-los-pasos-del-heroe#primaryimage\"},\"thumbnailUrl\":\"https:\/\/www.historieta.es\/wp-content\/uploads\/2024\/04\/El-Capitan-Trueno.-Tras-los-pasos-del-heroe.png\",\"datePublished\":\"2024-04-04T06:29:05+00:00\",\"dateModified\":\"2024-04-04T06:29:17+00:00\",\"breadcrumb\":{\"@id\":\"https:\/\/www.historieta.es\/?product=el-capitan-trueno-tras-los-pasos-del-heroe#breadcrumb\"},\"inLanguage\":\"es\",\"potentialAction\":[{\"@type\":\"ReadAction\",\"target\":[\"https:\/\/www.historieta.es\/?product=el-capitan-trueno-tras-los-pasos-del-heroe\"]}]},{\"@type\":\"ImageObject\",\"inLanguage\":\"es\",\"@id\":\"https:\/\/www.historieta.es\/?product=el-capitan-trueno-tras-los-pasos-del-heroe#primaryimage\",\"url\":\"https:\/\/www.historieta.es\/wp-content\/uploads\/2024\/04\/El-Capitan-Trueno.-Tras-los-pasos-del-heroe.png\",\"contentUrl\":\"https:\/\/www.historieta.es\/wp-content\/uploads\/2024\/04\/El-Capitan-Trueno.-Tras-los-pasos-del-heroe.png\",\"width\":600,\"height\":600},{\"@type\":\"BreadcrumbList\",\"@id\":\"https:\/\/www.historieta.es\/?product=el-capitan-trueno-tras-los-pasos-del-heroe#breadcrumb\",\"itemListElement\":[{\"@type\":\"ListItem\",\"position\":1,\"name\":\"Portada\",\"item\":\"https:\/\/www.historieta.es\/\"},{\"@type\":\"ListItem\",\"position\":2,\"name\":\"Productos\",\"item\":\"https:\/\/www.historieta.es\/?post_type=product\"},{\"@type\":\"ListItem\",\"position\":3,\"name\":\"El Capit\u00e1n Trueno. Tras los pasos del h\u00e9roe\"}]},{\"@type\":\"WebSite\",\"@id\":\"https:\/\/www.historieta.es\/#website\",\"url\":\"https:\/\/www.historieta.es\/\",\"name\":\"historieta\",\"description\":\"sitio de comic\",\"potentialAction\":[{\"@type\":\"SearchAction\",\"target\":{\"@type\":\"EntryPoint\",\"urlTemplate\":\"https:\/\/www.historieta.es\/?s={search_term_string}\"},\"query-input\":{\"@type\":\"PropertyValueSpecification\",\"valueRequired\":true,\"valueName\":\"search_term_string\"}}],\"inLanguage\":\"es\"}]}<\/script>\n<!-- \/ Yoast SEO plugin. -->","yoast_head_json":{"title":"El Capit\u00e1n Trueno. Tras los pasos del h\u00e9roe","robots":{"index":"index","follow":"follow","max-snippet":"max-snippet:-1","max-image-preview":"max-image-preview:large","max-video-preview":"max-video-preview:-1"},"canonical":"https:\/\/www.historieta.es\/?product=el-capitan-trueno-tras-los-pasos-del-heroe","og_locale":"es_ES","og_type":"article","og_title":"El Capit\u00e1n Trueno. Tras los pasos del h\u00e9roe","og_description":"El Capit\u00e1n Trueno. Tras los pasos del h\u00e9roe, Patxi Lanceros, Jos\u00e9 Manuel S\u00e1nchez Ron, Juan A. Calatrava, C\u00edrculo de Bellas Artes, Madrid, Espa\u00f1a, Castellano","og_url":"https:\/\/www.historieta.es\/?product=el-capitan-trueno-tras-los-pasos-del-heroe","og_site_name":"historieta","article_modified_time":"2024-04-04T06:29:17+00:00","og_image":[{"width":600,"height":600,"url":"https:\/\/www.historieta.es\/wp-content\/uploads\/2024\/04\/El-Capitan-Trueno.-Tras-los-pasos-del-heroe.png","type":"image\/png"}],"twitter_card":"summary_large_image","twitter_misc":{"Tiempo de lectura":"3 minutos"},"schema":{"@context":"https:\/\/schema.org","@graph":[{"@type":"WebPage","@id":"https:\/\/www.historieta.es\/?product=el-capitan-trueno-tras-los-pasos-del-heroe","url":"https:\/\/www.historieta.es\/?product=el-capitan-trueno-tras-los-pasos-del-heroe","name":"El Capit\u00e1n Trueno. Tras los pasos del h\u00e9roe","isPartOf":{"@id":"https:\/\/www.historieta.es\/#website"},"primaryImageOfPage":{"@id":"https:\/\/www.historieta.es\/?product=el-capitan-trueno-tras-los-pasos-del-heroe#primaryimage"},"image":{"@id":"https:\/\/www.historieta.es\/?product=el-capitan-trueno-tras-los-pasos-del-heroe#primaryimage"},"thumbnailUrl":"https:\/\/www.historieta.es\/wp-content\/uploads\/2024\/04\/El-Capitan-Trueno.-Tras-los-pasos-del-heroe.png","datePublished":"2024-04-04T06:29:05+00:00","dateModified":"2024-04-04T06:29:17+00:00","breadcrumb":{"@id":"https:\/\/www.historieta.es\/?product=el-capitan-trueno-tras-los-pasos-del-heroe#breadcrumb"},"inLanguage":"es","potentialAction":[{"@type":"ReadAction","target":["https:\/\/www.historieta.es\/?product=el-capitan-trueno-tras-los-pasos-del-heroe"]}]},{"@type":"ImageObject","inLanguage":"es","@id":"https:\/\/www.historieta.es\/?product=el-capitan-trueno-tras-los-pasos-del-heroe#primaryimage","url":"https:\/\/www.historieta.es\/wp-content\/uploads\/2024\/04\/El-Capitan-Trueno.-Tras-los-pasos-del-heroe.png","contentUrl":"https:\/\/www.historieta.es\/wp-content\/uploads\/2024\/04\/El-Capitan-Trueno.-Tras-los-pasos-del-heroe.png","width":600,"height":600},{"@type":"BreadcrumbList","@id":"https:\/\/www.historieta.es\/?product=el-capitan-trueno-tras-los-pasos-del-heroe#breadcrumb","itemListElement":[{"@type":"ListItem","position":1,"name":"Portada","item":"https:\/\/www.historieta.es\/"},{"@type":"ListItem","position":2,"name":"Productos","item":"https:\/\/www.historieta.es\/?post_type=product"},{"@type":"ListItem","position":3,"name":"El Capit\u00e1n Trueno. Tras los pasos del h\u00e9roe"}]},{"@type":"WebSite","@id":"https:\/\/www.historieta.es\/#website","url":"https:\/\/www.historieta.es\/","name":"historieta","description":"sitio de comic","potentialAction":[{"@type":"SearchAction","target":{"@type":"EntryPoint","urlTemplate":"https:\/\/www.historieta.es\/?s={search_term_string}"},"query-input":{"@type":"PropertyValueSpecification","valueRequired":true,"valueName":"search_term_string"}}],"inLanguage":"es"}]}},"_links":{"self":[{"href":"https:\/\/www.historieta.es\/index.php?rest_route=\/wp\/v2\/product\/11073","targetHints":{"allow":["GET"]}}],"collection":[{"href":"https:\/\/www.historieta.es\/index.php?rest_route=\/wp\/v2\/product"}],"about":[{"href":"https:\/\/www.historieta.es\/index.php?rest_route=\/wp\/v2\/types\/product"}],"wp:featuredmedia":[{"embeddable":true,"href":"https:\/\/www.historieta.es\/index.php?rest_route=\/wp\/v2\/media\/11074"}],"wp:attachment":[{"href":"https:\/\/www.historieta.es\/index.php?rest_route=%2Fwp%2Fv2%2Fmedia&parent=11073"}],"wp:term":[{"taxonomy":"product_brand","embeddable":true,"href":"https:\/\/www.historieta.es\/index.php?rest_route=%2Fwp%2Fv2%2Fproduct_brand&post=11073"},{"taxonomy":"product_cat","embeddable":true,"href":"https:\/\/www.historieta.es\/index.php?rest_route=%2Fwp%2Fv2%2Fproduct_cat&post=11073"},{"taxonomy":"product_tag","embeddable":true,"href":"https:\/\/www.historieta.es\/index.php?rest_route=%2Fwp%2Fv2%2Fproduct_tag&post=11073"}],"curies":[{"name":"wp","href":"https:\/\/api.w.org\/{rel}","templated":true}]}}