{"id":11070,"date":"2024-04-04T06:21:04","date_gmt":"2024-04-04T06:21:04","guid":{"rendered":"https:\/\/www.historieta.es\/?post_type=product&#038;p=11070"},"modified":"2024-04-04T06:21:12","modified_gmt":"2024-04-04T06:21:12","slug":"herge-the-exhibition","status":"publish","type":"product","link":"https:\/\/www.historieta.es\/?product=herge-the-exhibition","title":{"rendered":"Herg\u00e9 the Exhibition"},"content":{"rendered":"<p>[et_pb_section fb_built=\u00bb1&#8243; _builder_version=\u00bb4.20.2&#8243; custom_margin=\u00bb-44px|0px|-44px|0px|true|true\u00bb custom_padding=\u00bb0px|0px|0px|0px|true|true\u00bb collapsed=\u00bboff\u00bb global_colors_info=\u00bb{}\u00bb theme_builder_area=\u00bbpost_content\u00bb][et_pb_row column_structure=\u00bb2_5,3_5&#8243; _builder_version=\u00bb4.20.2&#8243; background_size=\u00bbinitial\u00bb background_position=\u00bbtop_left\u00bb background_repeat=\u00bbrepeat\u00bb width=\u00bb100%\u00bb custom_margin=\u00bb0px|0px|0px|0px|true|true\u00bb custom_padding=\u00bb0px|0px|0px|0px|true|true\u00bb global_colors_info=\u00bb{}\u00bb theme_builder_area=\u00bbpost_content\u00bb][et_pb_column type=\u00bb2_5&#8243; _builder_version=\u00bb4.16&#8243; custom_padding=\u00bb|||\u00bb global_colors_info=\u00bb{}\u00bb custom_padding__hover=\u00bb|||\u00bb theme_builder_area=\u00bbpost_content\u00bb][et_pb_wc_images _builder_version=\u00bb4.20.2&#8243; box_shadow_style=\u00bbpreset1&#8243; global_colors_info=\u00bb{}\u00bb theme_builder_area=\u00bbpost_content\u00bb][\/et_pb_wc_images][\/et_pb_column][et_pb_column type=\u00bb3_5&#8243; _builder_version=\u00bb4.20.2&#8243; _module_preset=\u00bbdefault\u00bb global_colors_info=\u00bb{}\u00bb theme_builder_area=\u00bbpost_content\u00bb][et_pb_tabs _builder_version=\u00bb4.20.2&#8243; _module_preset=\u00bbdefault\u00bb hover_enabled=\u00bb0&#8243; global_colors_info=\u00bb{}\u00bb theme_builder_area=\u00bbpost_content\u00bb sticky_enabled=\u00bb0&#8243;][et_pb_tab title=\u00bbDatos\u00bb _builder_version=\u00bb4.20.2&#8243; _module_preset=\u00bbdefault\u00bb hover_enabled=\u00bb0&#8243; global_colors_info=\u00bb{}\u00bb theme_builder_area=\u00bbpost_content\u00bb sticky_enabled=\u00bb0&#8243;]<\/p>\n<p>Autor:<\/p>\n<p>Entidad: C\u00edrculo de Bellas Artes<\/p>\n<p>Ciudad: Madrid<\/p>\n<p>Pa\u00eds: Espa\u00f1a<\/p>\n<p>Tama\u00f1o: 24&#215;29<\/p>\n<p>P\u00e1ginas: 64<\/p>\n<p>A\u00f1o: 2022<\/p>\n<p>Dep\u00f3sito legal:<\/p>\n<p>ISBN:<\/p>\n<p><strong>IDIOMA: Castellano<br \/><\/strong><\/p>\n<p>[\/et_pb_tab][et_pb_tab title=\u00bbDescripci\u00f3n\u00bb _builder_version=\u00bb4.20.2&#8243; _module_preset=\u00bbdefault\u00bb hover_enabled=\u00bb0&#8243; global_colors_info=\u00bb{}\u00bb theme_builder_area=\u00bbpost_content\u00bb sticky_enabled=\u00bb0&#8243;]<\/p>\n<p>Catalogo Exposici\u00f3n Herg\u00e9: THE EXHIBITION, en el C\u00edrculo de Bellas Artes, de Madrid entre el 5 de octubre del 2022 y el 19 de febrero del 2023<br \/>\u00bfQui\u00e9n no conoce a Tint\u00edn? Pero \u00bfqui\u00e9n conoce realmente a Herg\u00e9? \u00bfDe qu\u00e9 forma conceb\u00eda Herg\u00e9 sus historias? \u00bfC\u00f3mo se le ocurri\u00f3 la idea de dibujar a un reportero con tup\u00e9? \u00bfPor qu\u00e9 intent\u00f3 dedicarse a la pintura? \u00bfHerg\u00e9 se parec\u00eda a sus personajes? \u00bfPor qu\u00e9 no continu\u00f3 Las Aventuras de Jo, Zette y Jocko? \u00bfQu\u00e9 es el estilo Herg\u00e9? Estas y otras preguntas forman parte de este cat\u00e1logo \u2014o \u00abexposici\u00f3n de papel\u00bb\u2014 que incluye grandes tesoros de las colecciones del Museo Herg\u00e9: dibujos originales del autor, bocetos, fotograf\u00edas y documentos de archivo. A trav\u00e9s de un recorrido \u00fanico, nos adentramos en el universo art\u00edstico de un artista genial y multifac\u00e9tico, capaz de utilizar todos los medios a su alcance para crear composiciones que van desde la ilustraci\u00f3n al c\u00f3mic, pasando por la publicidad, la prensa, el dise\u00f1o de moda o las artes pl\u00e1sticas. El libro, profusamente ilustrado, incluye un pr\u00f3logo del m\u00fasico Juli\u00e1n Hern\u00e1ndez y unas p\u00e1ginas dedicadas a las aventuras de Tint\u00edn y Herg\u00e9 en Espa\u00f1a a cargo de Joan Manuel Soldevilla Albert\u00ed, especialista en la obra de Herg\u00e9. \u00a1Descubre al artista que ha cautivado a millones de lectores de 7 a 77 a\u00f1os en todo el mundo!.<\/p>\n<p>[\/et_pb_tab][et_pb_tab title=\u00bbBibliograf\u00eda\u00bb _builder_version=\u00bb4.20.2&#8243; _module_preset=\u00bbdefault\u00bb global_colors_info=\u00bb{}\u00bb theme_builder_area=\u00bbpost_content\u00bb][\/et_pb_tab][\/et_pb_tabs][et_pb_wc_title _builder_version=\u00bb4.20.2&#8243; header_font=\u00bb|600|||||||\u00bb header_text_color=\u00bb#0C71C3&#8243; header_font_size=\u00bb25px\u00bb custom_margin=\u00bb0px|0px|0px|0px|true|true\u00bb custom_padding=\u00bb0px|0px|0px|0px|true|true\u00bb global_colors_info=\u00bb{}\u00bb theme_builder_area=\u00bbpost_content\u00bb][\/et_pb_wc_title][\/et_pb_column][\/et_pb_row][\/et_pb_section][et_pb_section fb_built=\u00bb1&#8243; _builder_version=\u00bb4.20.2&#8243; _module_preset=\u00bbdefault\u00bb global_colors_info=\u00bb{}\u00bb theme_builder_area=\u00bbpost_content\u00bb][\/et_pb_section][et_pb_section fb_built=\u00bb1&#8243; _builder_version=\u00bb4.20.2&#8243; _module_preset=\u00bbdefault\u00bb global_colors_info=\u00bb{}\u00bb theme_builder_area=\u00bbpost_content\u00bb][\/et_pb_section]<\/p>\n","protected":false},"excerpt":{"rendered":"<p>Herg\u00e9 the Exhibition, C\u00edrculo de Bellas Artes, Madrid, Espa\u00f1a, Castellano, Tint\u00edn, Georges Remi<\/p>\n","protected":false},"featured_media":11071,"template":"","meta":{"_et_pb_use_builder":"on","_et_pb_old_content":"","_et_gb_content_width":"","_monsterinsights_skip_tracking":false,"_monsterinsights_sitenote_active":false,"_monsterinsights_sitenote_note":"","_monsterinsights_sitenote_category":0},"product_brand":[],"product_cat":[33],"product_tag":[],"class_list":{"0":"post-11070","1":"product","2":"type-product","3":"status-publish","4":"has-post-thumbnail","6":"product_cat-catalogos","8":"first","9":"instock","10":"shipping-taxable","11":"product-type-simple"},"yoast_head":"<!-- This site is optimized with the Yoast SEO plugin v27.2 - https:\/\/yoast.com\/product\/yoast-seo-wordpress\/ -->\n<title>Herg\u00e9 the Exhibition<\/title>\n<meta name=\"robots\" content=\"index, follow, max-snippet:-1, max-image-preview:large, max-video-preview:-1\" \/>\n<link rel=\"canonical\" href=\"https:\/\/www.historieta.es\/?product=herge-the-exhibition\" \/>\n<meta property=\"og:locale\" content=\"es_ES\" \/>\n<meta property=\"og:type\" content=\"article\" \/>\n<meta property=\"og:title\" content=\"Herg\u00e9 the Exhibition\" \/>\n<meta property=\"og:description\" content=\"Herg\u00e9 the Exhibition, C\u00edrculo de Bellas Artes, Madrid, Espa\u00f1a, Castellano, Tint\u00edn, Georges Remi\" \/>\n<meta property=\"og:url\" content=\"https:\/\/www.historieta.es\/?product=herge-the-exhibition\" \/>\n<meta property=\"og:site_name\" content=\"historieta\" \/>\n<meta property=\"article:modified_time\" content=\"2024-04-04T06:21:12+00:00\" \/>\n<meta property=\"og:image\" content=\"https:\/\/www.historieta.es\/wp-content\/uploads\/2024\/04\/Herge-the-Exhibition.png\" \/>\n\t<meta property=\"og:image:width\" content=\"600\" \/>\n\t<meta property=\"og:image:height\" content=\"600\" \/>\n\t<meta property=\"og:image:type\" content=\"image\/png\" \/>\n<meta name=\"twitter:card\" content=\"summary_large_image\" \/>\n<meta name=\"twitter:label1\" content=\"Tiempo de lectura\" \/>\n\t<meta name=\"twitter:data1\" content=\"3 minutos\" \/>\n<script type=\"application\/ld+json\" class=\"yoast-schema-graph\">{\"@context\":\"https:\/\/schema.org\",\"@graph\":[{\"@type\":\"WebPage\",\"@id\":\"https:\/\/www.historieta.es\/?product=herge-the-exhibition\",\"url\":\"https:\/\/www.historieta.es\/?product=herge-the-exhibition\",\"name\":\"Herg\u00e9 the Exhibition\",\"isPartOf\":{\"@id\":\"https:\/\/www.historieta.es\/#website\"},\"primaryImageOfPage\":{\"@id\":\"https:\/\/www.historieta.es\/?product=herge-the-exhibition#primaryimage\"},\"image\":{\"@id\":\"https:\/\/www.historieta.es\/?product=herge-the-exhibition#primaryimage\"},\"thumbnailUrl\":\"https:\/\/www.historieta.es\/wp-content\/uploads\/2024\/04\/Herge-the-Exhibition.png\",\"datePublished\":\"2024-04-04T06:21:04+00:00\",\"dateModified\":\"2024-04-04T06:21:12+00:00\",\"breadcrumb\":{\"@id\":\"https:\/\/www.historieta.es\/?product=herge-the-exhibition#breadcrumb\"},\"inLanguage\":\"es\",\"potentialAction\":[{\"@type\":\"ReadAction\",\"target\":[\"https:\/\/www.historieta.es\/?product=herge-the-exhibition\"]}]},{\"@type\":\"ImageObject\",\"inLanguage\":\"es\",\"@id\":\"https:\/\/www.historieta.es\/?product=herge-the-exhibition#primaryimage\",\"url\":\"https:\/\/www.historieta.es\/wp-content\/uploads\/2024\/04\/Herge-the-Exhibition.png\",\"contentUrl\":\"https:\/\/www.historieta.es\/wp-content\/uploads\/2024\/04\/Herge-the-Exhibition.png\",\"width\":600,\"height\":600},{\"@type\":\"BreadcrumbList\",\"@id\":\"https:\/\/www.historieta.es\/?product=herge-the-exhibition#breadcrumb\",\"itemListElement\":[{\"@type\":\"ListItem\",\"position\":1,\"name\":\"Portada\",\"item\":\"https:\/\/www.historieta.es\/\"},{\"@type\":\"ListItem\",\"position\":2,\"name\":\"Productos\",\"item\":\"https:\/\/www.historieta.es\/?post_type=product\"},{\"@type\":\"ListItem\",\"position\":3,\"name\":\"Herg\u00e9 the Exhibition\"}]},{\"@type\":\"WebSite\",\"@id\":\"https:\/\/www.historieta.es\/#website\",\"url\":\"https:\/\/www.historieta.es\/\",\"name\":\"historieta\",\"description\":\"sitio de comic\",\"potentialAction\":[{\"@type\":\"SearchAction\",\"target\":{\"@type\":\"EntryPoint\",\"urlTemplate\":\"https:\/\/www.historieta.es\/?s={search_term_string}\"},\"query-input\":{\"@type\":\"PropertyValueSpecification\",\"valueRequired\":true,\"valueName\":\"search_term_string\"}}],\"inLanguage\":\"es\"}]}<\/script>\n<!-- \/ Yoast SEO plugin. -->","yoast_head_json":{"title":"Herg\u00e9 the Exhibition","robots":{"index":"index","follow":"follow","max-snippet":"max-snippet:-1","max-image-preview":"max-image-preview:large","max-video-preview":"max-video-preview:-1"},"canonical":"https:\/\/www.historieta.es\/?product=herge-the-exhibition","og_locale":"es_ES","og_type":"article","og_title":"Herg\u00e9 the Exhibition","og_description":"Herg\u00e9 the Exhibition, C\u00edrculo de Bellas Artes, Madrid, Espa\u00f1a, Castellano, Tint\u00edn, Georges Remi","og_url":"https:\/\/www.historieta.es\/?product=herge-the-exhibition","og_site_name":"historieta","article_modified_time":"2024-04-04T06:21:12+00:00","og_image":[{"width":600,"height":600,"url":"https:\/\/www.historieta.es\/wp-content\/uploads\/2024\/04\/Herge-the-Exhibition.png","type":"image\/png"}],"twitter_card":"summary_large_image","twitter_misc":{"Tiempo de lectura":"3 minutos"},"schema":{"@context":"https:\/\/schema.org","@graph":[{"@type":"WebPage","@id":"https:\/\/www.historieta.es\/?product=herge-the-exhibition","url":"https:\/\/www.historieta.es\/?product=herge-the-exhibition","name":"Herg\u00e9 the Exhibition","isPartOf":{"@id":"https:\/\/www.historieta.es\/#website"},"primaryImageOfPage":{"@id":"https:\/\/www.historieta.es\/?product=herge-the-exhibition#primaryimage"},"image":{"@id":"https:\/\/www.historieta.es\/?product=herge-the-exhibition#primaryimage"},"thumbnailUrl":"https:\/\/www.historieta.es\/wp-content\/uploads\/2024\/04\/Herge-the-Exhibition.png","datePublished":"2024-04-04T06:21:04+00:00","dateModified":"2024-04-04T06:21:12+00:00","breadcrumb":{"@id":"https:\/\/www.historieta.es\/?product=herge-the-exhibition#breadcrumb"},"inLanguage":"es","potentialAction":[{"@type":"ReadAction","target":["https:\/\/www.historieta.es\/?product=herge-the-exhibition"]}]},{"@type":"ImageObject","inLanguage":"es","@id":"https:\/\/www.historieta.es\/?product=herge-the-exhibition#primaryimage","url":"https:\/\/www.historieta.es\/wp-content\/uploads\/2024\/04\/Herge-the-Exhibition.png","contentUrl":"https:\/\/www.historieta.es\/wp-content\/uploads\/2024\/04\/Herge-the-Exhibition.png","width":600,"height":600},{"@type":"BreadcrumbList","@id":"https:\/\/www.historieta.es\/?product=herge-the-exhibition#breadcrumb","itemListElement":[{"@type":"ListItem","position":1,"name":"Portada","item":"https:\/\/www.historieta.es\/"},{"@type":"ListItem","position":2,"name":"Productos","item":"https:\/\/www.historieta.es\/?post_type=product"},{"@type":"ListItem","position":3,"name":"Herg\u00e9 the Exhibition"}]},{"@type":"WebSite","@id":"https:\/\/www.historieta.es\/#website","url":"https:\/\/www.historieta.es\/","name":"historieta","description":"sitio de comic","potentialAction":[{"@type":"SearchAction","target":{"@type":"EntryPoint","urlTemplate":"https:\/\/www.historieta.es\/?s={search_term_string}"},"query-input":{"@type":"PropertyValueSpecification","valueRequired":true,"valueName":"search_term_string"}}],"inLanguage":"es"}]}},"_links":{"self":[{"href":"https:\/\/www.historieta.es\/index.php?rest_route=\/wp\/v2\/product\/11070","targetHints":{"allow":["GET"]}}],"collection":[{"href":"https:\/\/www.historieta.es\/index.php?rest_route=\/wp\/v2\/product"}],"about":[{"href":"https:\/\/www.historieta.es\/index.php?rest_route=\/wp\/v2\/types\/product"}],"wp:featuredmedia":[{"embeddable":true,"href":"https:\/\/www.historieta.es\/index.php?rest_route=\/wp\/v2\/media\/11071"}],"wp:attachment":[{"href":"https:\/\/www.historieta.es\/index.php?rest_route=%2Fwp%2Fv2%2Fmedia&parent=11070"}],"wp:term":[{"taxonomy":"product_brand","embeddable":true,"href":"https:\/\/www.historieta.es\/index.php?rest_route=%2Fwp%2Fv2%2Fproduct_brand&post=11070"},{"taxonomy":"product_cat","embeddable":true,"href":"https:\/\/www.historieta.es\/index.php?rest_route=%2Fwp%2Fv2%2Fproduct_cat&post=11070"},{"taxonomy":"product_tag","embeddable":true,"href":"https:\/\/www.historieta.es\/index.php?rest_route=%2Fwp%2Fv2%2Fproduct_tag&post=11070"}],"curies":[{"name":"wp","href":"https:\/\/api.w.org\/{rel}","templated":true}]}}