{"id":10983,"date":"2024-03-31T07:54:32","date_gmt":"2024-03-31T07:54:32","guid":{"rendered":"https:\/\/www.historieta.es\/?post_type=product&#038;p=10983"},"modified":"2024-03-31T07:54:46","modified_gmt":"2024-03-31T07:54:46","slug":"expocomic-2014","status":"publish","type":"product","link":"https:\/\/www.historieta.es\/?product=expocomic-2014","title":{"rendered":"Expoc\u00f3mic 2014"},"content":{"rendered":"<p>[et_pb_section fb_built=\u00bb1&#8243; _builder_version=\u00bb4.20.2&#8243; custom_margin=\u00bb-44px|0px|-44px|0px|true|true\u00bb custom_padding=\u00bb0px|0px|0px|0px|true|true\u00bb collapsed=\u00bboff\u00bb global_colors_info=\u00bb{}\u00bb theme_builder_area=\u00bbpost_content\u00bb][et_pb_row column_structure=\u00bb2_5,3_5&#8243; _builder_version=\u00bb4.20.2&#8243; background_size=\u00bbinitial\u00bb background_position=\u00bbtop_left\u00bb background_repeat=\u00bbrepeat\u00bb width=\u00bb100%\u00bb custom_margin=\u00bb0px|0px|0px|0px|true|true\u00bb custom_padding=\u00bb0px|0px|0px|0px|true|true\u00bb global_colors_info=\u00bb{}\u00bb theme_builder_area=\u00bbpost_content\u00bb][et_pb_column type=\u00bb2_5&#8243; _builder_version=\u00bb4.16&#8243; custom_padding=\u00bb|||\u00bb global_colors_info=\u00bb{}\u00bb custom_padding__hover=\u00bb|||\u00bb theme_builder_area=\u00bbpost_content\u00bb][et_pb_wc_images _builder_version=\u00bb4.20.2&#8243; box_shadow_style=\u00bbpreset1&#8243; global_colors_info=\u00bb{}\u00bb theme_builder_area=\u00bbpost_content\u00bb][\/et_pb_wc_images][\/et_pb_column][et_pb_column type=\u00bb3_5&#8243; _builder_version=\u00bb4.20.2&#8243; _module_preset=\u00bbdefault\u00bb global_colors_info=\u00bb{}\u00bb theme_builder_area=\u00bbpost_content\u00bb][et_pb_tabs _builder_version=\u00bb4.20.2&#8243; _module_preset=\u00bbdefault\u00bb hover_enabled=\u00bb0&#8243; global_colors_info=\u00bb{}\u00bb theme_builder_area=\u00bbpost_content\u00bb sticky_enabled=\u00bb0&#8243;][et_pb_tab title=\u00bbDatos\u00bb _builder_version=\u00bb4.20.2&#8243; _module_preset=\u00bbdefault\u00bb hover_enabled=\u00bb0&#8243; global_colors_info=\u00bb{}\u00bb theme_builder_area=\u00bbpost_content\u00bb sticky_enabled=\u00bb0&#8243;]<\/p>\n<p>Autor:<\/p>\n<p>Entidad: Heroes Comic Con Madrid<\/p>\n<p>Ciudad: Madrid<\/p>\n<p>Pa\u00eds: Espa\u00f1a<\/p>\n<p>Tama\u00f1o: 17&#215;24<\/p>\n<p>P\u00e1ginas: 40<\/p>\n<p>A\u00f1o: 2014<\/p>\n<p>Dep\u00f3sito legal:<\/p>\n<p>ISBN:<\/p>\n<p><strong>IDIOMA: Castellano<br \/><\/strong><\/p>\n<p>[\/et_pb_tab][et_pb_tab title=\u00bbDescripci\u00f3n\u00bb _builder_version=\u00bb4.20.2&#8243; _module_preset=\u00bbdefault\u00bb global_colors_info=\u00bb{}\u00bb theme_builder_area=\u00bbpost_content\u00bb]<\/p>\n<p>Expoc\u00f3mic se inicia en 1998 bajo la batuta de la Asociaci\u00f3n Cultural Feria del c\u00f3mic de Amigos de Madrid.Esto dura hasta la edici\u00f3n del 2012, pues en el a\u00f1o 2013 se hace cargo del evento, de forma pol\u00e9mica con denuncias incluidas, la multinacional Easyfairs, con sede en B\u00e9lgica y que se dedica a organizar todo tipo de ferias por Europa. Esto dura hasta el 2019. El 2020 no se celebra evento alguno y el 2021 comienza su nueva andadura bajo el nombre de Madrid Comic Pop Up y organizado por el propio Ifema. Pero eso ya no es Expoc\u00f3mic.<br \/>JG<\/p>\n<p>[\/et_pb_tab][et_pb_tab title=\u00bbBibliograf\u00eda\u00bb _builder_version=\u00bb4.20.2&#8243; _module_preset=\u00bbdefault\u00bb global_colors_info=\u00bb{}\u00bb theme_builder_area=\u00bbpost_content\u00bb][\/et_pb_tab][\/et_pb_tabs][et_pb_wc_title _builder_version=\u00bb4.20.2&#8243; header_font=\u00bb|600|||||||\u00bb header_text_color=\u00bb#0C71C3&#8243; header_font_size=\u00bb25px\u00bb custom_margin=\u00bb0px|0px|0px|0px|true|true\u00bb custom_padding=\u00bb0px|0px|0px|0px|true|true\u00bb global_colors_info=\u00bb{}\u00bb theme_builder_area=\u00bbpost_content\u00bb][\/et_pb_wc_title][\/et_pb_column][\/et_pb_row][\/et_pb_section][et_pb_section fb_built=\u00bb1&#8243; _builder_version=\u00bb4.20.2&#8243; _module_preset=\u00bbdefault\u00bb global_colors_info=\u00bb{}\u00bb theme_builder_area=\u00bbpost_content\u00bb][\/et_pb_section][et_pb_section fb_built=\u00bb1&#8243; _builder_version=\u00bb4.20.2&#8243; _module_preset=\u00bbdefault\u00bb global_colors_info=\u00bb{}\u00bb theme_builder_area=\u00bbpost_content\u00bb][\/et_pb_section]<\/p>\n","protected":false},"excerpt":{"rendered":"<p>Expoc\u00f3mic 2014, Heroes Comic Con Madrid, Espa\u00f1a, Castellano<\/p>\n","protected":false},"featured_media":10984,"template":"","meta":{"_et_pb_use_builder":"on","_et_pb_old_content":"","_et_gb_content_width":"","_monsterinsights_skip_tracking":false,"_monsterinsights_sitenote_active":false,"_monsterinsights_sitenote_note":"","_monsterinsights_sitenote_category":0},"product_brand":[],"product_cat":[33],"product_tag":[],"class_list":{"0":"post-10983","1":"product","2":"type-product","3":"status-publish","4":"has-post-thumbnail","6":"product_cat-catalogos","8":"first","9":"instock","10":"shipping-taxable","11":"product-type-simple"},"yoast_head":"<!-- This site is optimized with the Yoast SEO plugin v27.2 - https:\/\/yoast.com\/product\/yoast-seo-wordpress\/ -->\n<title>Expoc\u00f3mic 2014<\/title>\n<meta name=\"robots\" content=\"index, follow, max-snippet:-1, max-image-preview:large, max-video-preview:-1\" \/>\n<link rel=\"canonical\" href=\"https:\/\/www.historieta.es\/?product=expocomic-2014\" \/>\n<meta property=\"og:locale\" content=\"es_ES\" \/>\n<meta property=\"og:type\" content=\"article\" \/>\n<meta property=\"og:title\" content=\"Expoc\u00f3mic 2014\" \/>\n<meta property=\"og:description\" content=\"Expoc\u00f3mic 2014, Heroes Comic Con Madrid, Espa\u00f1a, Castellano\" \/>\n<meta property=\"og:url\" content=\"https:\/\/www.historieta.es\/?product=expocomic-2014\" \/>\n<meta property=\"og:site_name\" content=\"historieta\" \/>\n<meta property=\"article:modified_time\" content=\"2024-03-31T07:54:46+00:00\" \/>\n<meta property=\"og:image\" content=\"https:\/\/www.historieta.es\/wp-content\/uploads\/2024\/03\/Expocomic-2014.png\" \/>\n\t<meta property=\"og:image:width\" content=\"600\" \/>\n\t<meta property=\"og:image:height\" content=\"600\" \/>\n\t<meta property=\"og:image:type\" content=\"image\/png\" \/>\n<meta name=\"twitter:card\" content=\"summary_large_image\" \/>\n<meta name=\"twitter:label1\" content=\"Tiempo de lectura\" \/>\n\t<meta name=\"twitter:data1\" content=\"2 minutos\" \/>\n<script type=\"application\/ld+json\" class=\"yoast-schema-graph\">{\"@context\":\"https:\/\/schema.org\",\"@graph\":[{\"@type\":\"WebPage\",\"@id\":\"https:\/\/www.historieta.es\/?product=expocomic-2014\",\"url\":\"https:\/\/www.historieta.es\/?product=expocomic-2014\",\"name\":\"Expoc\u00f3mic 2014\",\"isPartOf\":{\"@id\":\"https:\/\/www.historieta.es\/#website\"},\"primaryImageOfPage\":{\"@id\":\"https:\/\/www.historieta.es\/?product=expocomic-2014#primaryimage\"},\"image\":{\"@id\":\"https:\/\/www.historieta.es\/?product=expocomic-2014#primaryimage\"},\"thumbnailUrl\":\"https:\/\/www.historieta.es\/wp-content\/uploads\/2024\/03\/Expocomic-2014.png\",\"datePublished\":\"2024-03-31T07:54:32+00:00\",\"dateModified\":\"2024-03-31T07:54:46+00:00\",\"breadcrumb\":{\"@id\":\"https:\/\/www.historieta.es\/?product=expocomic-2014#breadcrumb\"},\"inLanguage\":\"es\",\"potentialAction\":[{\"@type\":\"ReadAction\",\"target\":[\"https:\/\/www.historieta.es\/?product=expocomic-2014\"]}]},{\"@type\":\"ImageObject\",\"inLanguage\":\"es\",\"@id\":\"https:\/\/www.historieta.es\/?product=expocomic-2014#primaryimage\",\"url\":\"https:\/\/www.historieta.es\/wp-content\/uploads\/2024\/03\/Expocomic-2014.png\",\"contentUrl\":\"https:\/\/www.historieta.es\/wp-content\/uploads\/2024\/03\/Expocomic-2014.png\",\"width\":600,\"height\":600},{\"@type\":\"BreadcrumbList\",\"@id\":\"https:\/\/www.historieta.es\/?product=expocomic-2014#breadcrumb\",\"itemListElement\":[{\"@type\":\"ListItem\",\"position\":1,\"name\":\"Portada\",\"item\":\"https:\/\/www.historieta.es\/\"},{\"@type\":\"ListItem\",\"position\":2,\"name\":\"Productos\",\"item\":\"https:\/\/www.historieta.es\/?post_type=product\"},{\"@type\":\"ListItem\",\"position\":3,\"name\":\"Expoc\u00f3mic 2014\"}]},{\"@type\":\"WebSite\",\"@id\":\"https:\/\/www.historieta.es\/#website\",\"url\":\"https:\/\/www.historieta.es\/\",\"name\":\"historieta\",\"description\":\"sitio de comic\",\"potentialAction\":[{\"@type\":\"SearchAction\",\"target\":{\"@type\":\"EntryPoint\",\"urlTemplate\":\"https:\/\/www.historieta.es\/?s={search_term_string}\"},\"query-input\":{\"@type\":\"PropertyValueSpecification\",\"valueRequired\":true,\"valueName\":\"search_term_string\"}}],\"inLanguage\":\"es\"}]}<\/script>\n<!-- \/ Yoast SEO plugin. -->","yoast_head_json":{"title":"Expoc\u00f3mic 2014","robots":{"index":"index","follow":"follow","max-snippet":"max-snippet:-1","max-image-preview":"max-image-preview:large","max-video-preview":"max-video-preview:-1"},"canonical":"https:\/\/www.historieta.es\/?product=expocomic-2014","og_locale":"es_ES","og_type":"article","og_title":"Expoc\u00f3mic 2014","og_description":"Expoc\u00f3mic 2014, Heroes Comic Con Madrid, Espa\u00f1a, Castellano","og_url":"https:\/\/www.historieta.es\/?product=expocomic-2014","og_site_name":"historieta","article_modified_time":"2024-03-31T07:54:46+00:00","og_image":[{"width":600,"height":600,"url":"https:\/\/www.historieta.es\/wp-content\/uploads\/2024\/03\/Expocomic-2014.png","type":"image\/png"}],"twitter_card":"summary_large_image","twitter_misc":{"Tiempo de lectura":"2 minutos"},"schema":{"@context":"https:\/\/schema.org","@graph":[{"@type":"WebPage","@id":"https:\/\/www.historieta.es\/?product=expocomic-2014","url":"https:\/\/www.historieta.es\/?product=expocomic-2014","name":"Expoc\u00f3mic 2014","isPartOf":{"@id":"https:\/\/www.historieta.es\/#website"},"primaryImageOfPage":{"@id":"https:\/\/www.historieta.es\/?product=expocomic-2014#primaryimage"},"image":{"@id":"https:\/\/www.historieta.es\/?product=expocomic-2014#primaryimage"},"thumbnailUrl":"https:\/\/www.historieta.es\/wp-content\/uploads\/2024\/03\/Expocomic-2014.png","datePublished":"2024-03-31T07:54:32+00:00","dateModified":"2024-03-31T07:54:46+00:00","breadcrumb":{"@id":"https:\/\/www.historieta.es\/?product=expocomic-2014#breadcrumb"},"inLanguage":"es","potentialAction":[{"@type":"ReadAction","target":["https:\/\/www.historieta.es\/?product=expocomic-2014"]}]},{"@type":"ImageObject","inLanguage":"es","@id":"https:\/\/www.historieta.es\/?product=expocomic-2014#primaryimage","url":"https:\/\/www.historieta.es\/wp-content\/uploads\/2024\/03\/Expocomic-2014.png","contentUrl":"https:\/\/www.historieta.es\/wp-content\/uploads\/2024\/03\/Expocomic-2014.png","width":600,"height":600},{"@type":"BreadcrumbList","@id":"https:\/\/www.historieta.es\/?product=expocomic-2014#breadcrumb","itemListElement":[{"@type":"ListItem","position":1,"name":"Portada","item":"https:\/\/www.historieta.es\/"},{"@type":"ListItem","position":2,"name":"Productos","item":"https:\/\/www.historieta.es\/?post_type=product"},{"@type":"ListItem","position":3,"name":"Expoc\u00f3mic 2014"}]},{"@type":"WebSite","@id":"https:\/\/www.historieta.es\/#website","url":"https:\/\/www.historieta.es\/","name":"historieta","description":"sitio de comic","potentialAction":[{"@type":"SearchAction","target":{"@type":"EntryPoint","urlTemplate":"https:\/\/www.historieta.es\/?s={search_term_string}"},"query-input":{"@type":"PropertyValueSpecification","valueRequired":true,"valueName":"search_term_string"}}],"inLanguage":"es"}]}},"_links":{"self":[{"href":"https:\/\/www.historieta.es\/index.php?rest_route=\/wp\/v2\/product\/10983","targetHints":{"allow":["GET"]}}],"collection":[{"href":"https:\/\/www.historieta.es\/index.php?rest_route=\/wp\/v2\/product"}],"about":[{"href":"https:\/\/www.historieta.es\/index.php?rest_route=\/wp\/v2\/types\/product"}],"wp:featuredmedia":[{"embeddable":true,"href":"https:\/\/www.historieta.es\/index.php?rest_route=\/wp\/v2\/media\/10984"}],"wp:attachment":[{"href":"https:\/\/www.historieta.es\/index.php?rest_route=%2Fwp%2Fv2%2Fmedia&parent=10983"}],"wp:term":[{"taxonomy":"product_brand","embeddable":true,"href":"https:\/\/www.historieta.es\/index.php?rest_route=%2Fwp%2Fv2%2Fproduct_brand&post=10983"},{"taxonomy":"product_cat","embeddable":true,"href":"https:\/\/www.historieta.es\/index.php?rest_route=%2Fwp%2Fv2%2Fproduct_cat&post=10983"},{"taxonomy":"product_tag","embeddable":true,"href":"https:\/\/www.historieta.es\/index.php?rest_route=%2Fwp%2Fv2%2Fproduct_tag&post=10983"}],"curies":[{"name":"wp","href":"https:\/\/api.w.org\/{rel}","templated":true}]}}