{"id":10878,"date":"2024-03-29T08:03:07","date_gmt":"2024-03-29T08:03:07","guid":{"rendered":"https:\/\/www.historieta.es\/?post_type=product&#038;p=10878"},"modified":"2024-03-29T08:03:32","modified_gmt":"2024-03-29T08:03:32","slug":"fernando-bento-uma-ilha-de-tesouros","status":"publish","type":"product","link":"https:\/\/www.historieta.es\/?product=fernando-bento-uma-ilha-de-tesouros","title":{"rendered":"Fernando Bento. Uma ilha de tesouros"},"content":{"rendered":"<p>[et_pb_section fb_built=\u00bb1&#8243; _builder_version=\u00bb4.20.2&#8243; custom_margin=\u00bb-44px|0px|-44px|0px|true|true\u00bb custom_padding=\u00bb0px|0px|0px|0px|true|true\u00bb collapsed=\u00bboff\u00bb global_colors_info=\u00bb{}\u00bb theme_builder_area=\u00bbpost_content\u00bb][et_pb_row column_structure=\u00bb2_5,3_5&#8243; _builder_version=\u00bb4.20.2&#8243; background_size=\u00bbinitial\u00bb background_position=\u00bbtop_left\u00bb background_repeat=\u00bbrepeat\u00bb width=\u00bb100%\u00bb custom_margin=\u00bb0px|0px|0px|0px|true|true\u00bb custom_padding=\u00bb0px|0px|0px|0px|true|true\u00bb global_colors_info=\u00bb{}\u00bb theme_builder_area=\u00bbpost_content\u00bb][et_pb_column type=\u00bb2_5&#8243; _builder_version=\u00bb4.16&#8243; custom_padding=\u00bb|||\u00bb global_colors_info=\u00bb{}\u00bb custom_padding__hover=\u00bb|||\u00bb theme_builder_area=\u00bbpost_content\u00bb][et_pb_wc_images _builder_version=\u00bb4.20.2&#8243; box_shadow_style=\u00bbpreset1&#8243; global_colors_info=\u00bb{}\u00bb theme_builder_area=\u00bbpost_content\u00bb][\/et_pb_wc_images][\/et_pb_column][et_pb_column type=\u00bb3_5&#8243; _builder_version=\u00bb4.20.2&#8243; _module_preset=\u00bbdefault\u00bb global_colors_info=\u00bb{}\u00bb theme_builder_area=\u00bbpost_content\u00bb][et_pb_tabs _builder_version=\u00bb4.20.2&#8243; _module_preset=\u00bbdefault\u00bb hover_enabled=\u00bb0&#8243; global_colors_info=\u00bb{}\u00bb theme_builder_area=\u00bbpost_content\u00bb sticky_enabled=\u00bb0&#8243;][et_pb_tab title=\u00bbDatos\u00bb _builder_version=\u00bb4.20.2&#8243; _module_preset=\u00bbdefault\u00bb hover_enabled=\u00bb0&#8243; global_colors_info=\u00bb{}\u00bb theme_builder_area=\u00bbpost_content\u00bb sticky_enabled=\u00bb0&#8243;]<\/p>\n<p>Autor: Ant\u00f3nio Dias de Deus, Jo\u00e3o Paulo Cotrim y Leonardo de S\u00e1<\/p>\n<p>Entidad: Bedeteca CML Cultura<\/p>\n<p>Ciudad: Lisboa<\/p>\n<p>Pa\u00eds: Portugal<\/p>\n<p>Tama\u00f1o: 21&#215;28<\/p>\n<p>P\u00e1ginas: 104<\/p>\n<p>A\u00f1o: 1998<\/p>\n<p>Dep\u00f3sito legal:<\/p>\n<p>ISBN:<\/p>\n<p><strong>IDIOMA: Portugu\u00e9s<br \/><\/strong><\/p>\n<p>[\/et_pb_tab][et_pb_tab title=\u00bbDescripci\u00f3n\u00bb _builder_version=\u00bb4.20.2&#8243; _module_preset=\u00bbdefault\u00bb hover_enabled=\u00bb0&#8243; global_colors_info=\u00bb{}\u00bb theme_builder_area=\u00bbpost_content\u00bb sticky_enabled=\u00bb0&#8243;]<\/p>\n<p>Fernando Bento. \u00abIlustrador, figurinista, maquetista, caricaturista, pintor e autor de banda desenhada, de seu nome completo Fernando Trindade Carvalho Bento, nasceu a 26 de outubro de 1910, em Lisboa.<br \/>Teve uma inf\u00e2ncia marcada pelos bastidores do teatro (o pai trabalhava no Coliseu dos Recreios) e desde cedo revelou dotes para o desenho, colaborando com o jornal do Liceu Cam\u00f5es, O Desportivo, com apenas 12 anos. A sua forma\u00e7\u00e3o autodidata teve como \u00fanico complemento o curso de desenho por correspond\u00eancia, da \u00c9cole ABC de Dessin, de Paris, que tirou tinha ent\u00e3o 19 anos. No in\u00edcio dos anos 30, realizou caricaturas de ciclistas e de atores, tendo feito ilustra\u00e7\u00e3o desportiva no jornal Os Sports e para a cr\u00edtica teatral em Coliseu e Di\u00e1rio de Lisboa, a par da realiza\u00e7\u00e3o de cartazes, cen\u00e1rios e figurinos para o teatro de revista. Como figurinista do teatro de revista, recebeu o aplauso da cr\u00edtica, tendo tamb\u00e9m feito incurs\u00f5es na publicidade e na Pintura. Apesar do seu gosto e talento pelo desenho e ilustra\u00e7\u00e3o, assegurou trabalho como empregado comercial numa companhia petrol\u00edfera (BP). Estreou-se nas hist\u00f3rias aos quadradinhos (BD) em 1938, no suplemento infantil do jornal Rep\u00fablica, tendo passado em 1941 para o Pim-Pam-Pum!, suplemento de O S\u00e9culo e Not\u00edcias Agr\u00edcola, do Di\u00e1rio de Not\u00edcias, entre outros t\u00edtulos. O seu nome esteve intimamente ligado ao Diabrete (publicado entre 1941-1951), onde para al\u00e9m de m\u00faltiplas hist\u00f3rias foi respons\u00e1vel pela maquetagem e todo o arranjo gr\u00e1fico e, posteriormente, ao Cavaleiro Andante (1952-1962), ambas revistas da Empresa Nacional de Publicidade (ENP) que marcaram os anos de intensa competi\u00e7\u00e3o entre os peri\u00f3dicos infantis e juvenis. Grande parte do seu trabalho desta \u00e9poca foi feito tendo por base argumentos de Adolfo Sim\u00f5es M\u00fcller e Maria Am\u00e9lia B\u00e1rcia, que adaptaram hist\u00f3rias de autores de renome. No Diabrete, Fernando Bento tanto produziu hist\u00f3rias aos quadradinhos c\u00f3micas, de que se destacaram \u00abB\u00e9quinhas, Bei\u00e7udo &amp; Barba\u00e7as\u00bb, \u00abCoisas Que o Demo N\u00e3o Fez\u00bb, \u00abK\u00f3kabychinhos Detetive\u00bb, \u00abDiabruras da Prima Zuca\u00bb ou, ainda, \u00abZ\u00e9 Quitolas com o seu Burro Fa\u00edsca\u00bb, de entre as dezenas de hist\u00f3rias recheadas de bom humor que concebeu, como hist\u00f3rias de aventuras e biografias realistas, desde \u00abA Ilha Misteriosa\u00bb, de J\u00falio Verne, passando por \u00abLu\u00eds de Cam\u00f5es\u00bb. Na sua participa\u00e7\u00e3o no Cavaleiro Andante apareceram as adapta\u00e7\u00f5es de obras de Artur Conan Doyle (as aventuras de Sherlock Holmes), de Walter Scott, de Robert-Louis Stevenson, de PC Wren e de Mark Twain. Uma das melhores hist\u00f3rias de Fernando Bento foi, sem d\u00favida, \u00abBeau Geste\u00bb, uma adapta\u00e7\u00e3o do cl\u00e1ssico de Percival Cristopher Wren, que teve a sua primeira publica\u00e7\u00e3o no Cavaleiro Andante em 1952 e que chegou a ser editado em flamengo, na B\u00e9lgica. Outras hist\u00f3rias famosas foram tamb\u00e9m \u00abO Anel da Rainha de Sab\u00e1\u00bb, adapta\u00e7\u00e3o do romance de Rider Haggard, que apareceu no Cavaleiro Andante em 1953, \u00abCom a Pena e com a Espada &#8211; Cam\u00f5es, Afonso de Albuquerque\u00bb (Diabrete, 1950-1951) e \u00abAs Mil e uma Noites\u00bb (Diabrete, 1948), ambos com argumento de Adolfo Sim\u00f5es M\u00fcller. Hist\u00f3ria particularmente aclamada foi tamb\u00e9m A Ilha do Tesoiro, adapta\u00e7\u00e3o da obra de Robert-Louis Stevenson, publicada em 1947 e que, mais de 40 anos depois, foi continuada com grande entusiasmo pelo grande mestre Fernando Bento. O Regresso \u00e0 Ilha do Tesouro contou com argumento de Jorge Magalh\u00e3es, adaptado de um romance de H. A. Calahan, um pouco conhecido autor que retomou as personagens de Robert-Louis Stevenson. Esta hist\u00f3ria teve direito a um primeiro volume (editado em 1993), tendo a segunda parte ficado conclu\u00edda mas incompleta na colora\u00e7\u00e3o de grande parte das p\u00e1ginas, devido \u00e0 suspens\u00e3o da sua edi\u00e7\u00e3o. Numa publica\u00e7\u00e3o p\u00f3stuma, a revista Sele\u00e7\u00f5es BD (II s\u00e9rie) apresentou esta segunda parte entre os n\u00fameros 13 e 19, tamb\u00e9m sob argumento de Jorge Magalh\u00e3es, ficando a terceira e derradeira parte deste O Regresso \u00e0 Ilha do Tesouro, por realizar.<br \/>La editorial<\/p>\n<p>Fernando Bento- Uma ilha de tesouros \u00e9 uma obra essencial para o conhecimento deste autor e da banda desenhda que se fez em Portugal nos anos quarenta e cinquenta do s\u00e9culo passado. O subt\u00edtulo vem do facto de Fernando bento ter feito uma adapta\u00e7\u00e3o para banda desenhada do livro A ilha do tesouro. Entre dezembro de 1997 e janeiro de 1998 esteve patente na Bedeteca de Lisboa uma exposi\u00e7\u00e3o sobre este autor. Este livro de 104 p\u00e1ginas, com textos de Ant\u00f3nio Dias de Deus, Jo\u00e3o Paulo Cotrim e Leonardo de S\u00e1, \u00e9 o cat\u00e1logo dessa exposi\u00e7\u00e3o. Uma edi\u00e7\u00e3o de excelente qualidade onde al\u00e9m de textos descritivos da vida e obra de Fernando Bento se podem encontrar muitas reprodu\u00e7\u00f5es dos seus desenhos.<br \/>La editorial<\/p>\n<p>[\/et_pb_tab][et_pb_tab title=\u00bbBibliograf\u00eda\u00bb _builder_version=\u00bb4.20.2&#8243; _module_preset=\u00bbdefault\u00bb global_colors_info=\u00bb{}\u00bb theme_builder_area=\u00bbpost_content\u00bb][\/et_pb_tab][\/et_pb_tabs][et_pb_wc_title _builder_version=\u00bb4.20.2&#8243; header_font=\u00bb|600|||||||\u00bb header_text_color=\u00bb#0C71C3&#8243; header_font_size=\u00bb25px\u00bb custom_margin=\u00bb0px|0px|0px|0px|true|true\u00bb custom_padding=\u00bb0px|0px|0px|0px|true|true\u00bb global_colors_info=\u00bb{}\u00bb theme_builder_area=\u00bbpost_content\u00bb][\/et_pb_wc_title][\/et_pb_column][\/et_pb_row][\/et_pb_section][et_pb_section fb_built=\u00bb1&#8243; _builder_version=\u00bb4.20.2&#8243; _module_preset=\u00bbdefault\u00bb global_colors_info=\u00bb{}\u00bb theme_builder_area=\u00bbpost_content\u00bb][\/et_pb_section][et_pb_section fb_built=\u00bb1&#8243; _builder_version=\u00bb4.20.2&#8243; _module_preset=\u00bbdefault\u00bb global_colors_info=\u00bb{}\u00bb theme_builder_area=\u00bbpost_content\u00bb][\/et_pb_section]<\/p>\n","protected":false},"excerpt":{"rendered":"<p>Fernando Bento. Uma ilha de tesouros, Ant\u00f3nio Dias de Deus, Jo\u00e3o Paulo Cotrim y Leonardo de S\u00e1, Bedeteca, Lisboa, Portugal, Portugu\u00e9s<\/p>\n","protected":false},"featured_media":10879,"template":"","meta":{"_et_pb_use_builder":"on","_et_pb_old_content":"","_et_gb_content_width":"","_monsterinsights_skip_tracking":false,"_monsterinsights_sitenote_active":false,"_monsterinsights_sitenote_note":"","_monsterinsights_sitenote_category":0},"product_brand":[],"product_cat":[33],"product_tag":[],"class_list":{"0":"post-10878","1":"product","2":"type-product","3":"status-publish","4":"has-post-thumbnail","6":"product_cat-catalogos","8":"first","9":"instock","10":"shipping-taxable","11":"product-type-simple"},"yoast_head":"<!-- This site is optimized with the Yoast SEO plugin v27.2 - https:\/\/yoast.com\/product\/yoast-seo-wordpress\/ -->\n<title>Fernando Bento. Uma ilha de tesouros<\/title>\n<meta name=\"robots\" content=\"index, follow, max-snippet:-1, max-image-preview:large, max-video-preview:-1\" \/>\n<link rel=\"canonical\" href=\"https:\/\/www.historieta.es\/?product=fernando-bento-uma-ilha-de-tesouros\" \/>\n<meta property=\"og:locale\" content=\"es_ES\" \/>\n<meta property=\"og:type\" content=\"article\" \/>\n<meta property=\"og:title\" content=\"Fernando Bento. Uma ilha de tesouros\" \/>\n<meta property=\"og:description\" content=\"Fernando Bento. Uma ilha de tesouros, Ant\u00f3nio Dias de Deus, Jo\u00e3o Paulo Cotrim y Leonardo de S\u00e1, Bedeteca, Lisboa, Portugal, Portugu\u00e9s\" \/>\n<meta property=\"og:url\" content=\"https:\/\/www.historieta.es\/?product=fernando-bento-uma-ilha-de-tesouros\" \/>\n<meta property=\"og:site_name\" content=\"historieta\" \/>\n<meta property=\"article:modified_time\" content=\"2024-03-29T08:03:32+00:00\" \/>\n<meta property=\"og:image\" content=\"https:\/\/www.historieta.es\/wp-content\/uploads\/2024\/03\/fernando-bento.png\" \/>\n\t<meta property=\"og:image:width\" content=\"600\" \/>\n\t<meta property=\"og:image:height\" content=\"600\" \/>\n\t<meta property=\"og:image:type\" content=\"image\/png\" \/>\n<meta name=\"twitter:card\" content=\"summary_large_image\" \/>\n<meta name=\"twitter:label1\" content=\"Tiempo de lectura\" \/>\n\t<meta name=\"twitter:data1\" content=\"6 minutos\" \/>\n<script type=\"application\/ld+json\" class=\"yoast-schema-graph\">{\"@context\":\"https:\/\/schema.org\",\"@graph\":[{\"@type\":\"WebPage\",\"@id\":\"https:\/\/www.historieta.es\/?product=fernando-bento-uma-ilha-de-tesouros\",\"url\":\"https:\/\/www.historieta.es\/?product=fernando-bento-uma-ilha-de-tesouros\",\"name\":\"Fernando Bento. Uma ilha de tesouros\",\"isPartOf\":{\"@id\":\"https:\/\/www.historieta.es\/#website\"},\"primaryImageOfPage\":{\"@id\":\"https:\/\/www.historieta.es\/?product=fernando-bento-uma-ilha-de-tesouros#primaryimage\"},\"image\":{\"@id\":\"https:\/\/www.historieta.es\/?product=fernando-bento-uma-ilha-de-tesouros#primaryimage\"},\"thumbnailUrl\":\"https:\/\/www.historieta.es\/wp-content\/uploads\/2024\/03\/fernando-bento.png\",\"datePublished\":\"2024-03-29T08:03:07+00:00\",\"dateModified\":\"2024-03-29T08:03:32+00:00\",\"breadcrumb\":{\"@id\":\"https:\/\/www.historieta.es\/?product=fernando-bento-uma-ilha-de-tesouros#breadcrumb\"},\"inLanguage\":\"es\",\"potentialAction\":[{\"@type\":\"ReadAction\",\"target\":[\"https:\/\/www.historieta.es\/?product=fernando-bento-uma-ilha-de-tesouros\"]}]},{\"@type\":\"ImageObject\",\"inLanguage\":\"es\",\"@id\":\"https:\/\/www.historieta.es\/?product=fernando-bento-uma-ilha-de-tesouros#primaryimage\",\"url\":\"https:\/\/www.historieta.es\/wp-content\/uploads\/2024\/03\/fernando-bento.png\",\"contentUrl\":\"https:\/\/www.historieta.es\/wp-content\/uploads\/2024\/03\/fernando-bento.png\",\"width\":600,\"height\":600},{\"@type\":\"BreadcrumbList\",\"@id\":\"https:\/\/www.historieta.es\/?product=fernando-bento-uma-ilha-de-tesouros#breadcrumb\",\"itemListElement\":[{\"@type\":\"ListItem\",\"position\":1,\"name\":\"Portada\",\"item\":\"https:\/\/www.historieta.es\/\"},{\"@type\":\"ListItem\",\"position\":2,\"name\":\"Productos\",\"item\":\"https:\/\/www.historieta.es\/?post_type=product\"},{\"@type\":\"ListItem\",\"position\":3,\"name\":\"Fernando Bento. Uma ilha de tesouros\"}]},{\"@type\":\"WebSite\",\"@id\":\"https:\/\/www.historieta.es\/#website\",\"url\":\"https:\/\/www.historieta.es\/\",\"name\":\"historieta\",\"description\":\"sitio de comic\",\"potentialAction\":[{\"@type\":\"SearchAction\",\"target\":{\"@type\":\"EntryPoint\",\"urlTemplate\":\"https:\/\/www.historieta.es\/?s={search_term_string}\"},\"query-input\":{\"@type\":\"PropertyValueSpecification\",\"valueRequired\":true,\"valueName\":\"search_term_string\"}}],\"inLanguage\":\"es\"}]}<\/script>\n<!-- \/ Yoast SEO plugin. -->","yoast_head_json":{"title":"Fernando Bento. Uma ilha de tesouros","robots":{"index":"index","follow":"follow","max-snippet":"max-snippet:-1","max-image-preview":"max-image-preview:large","max-video-preview":"max-video-preview:-1"},"canonical":"https:\/\/www.historieta.es\/?product=fernando-bento-uma-ilha-de-tesouros","og_locale":"es_ES","og_type":"article","og_title":"Fernando Bento. Uma ilha de tesouros","og_description":"Fernando Bento. Uma ilha de tesouros, Ant\u00f3nio Dias de Deus, Jo\u00e3o Paulo Cotrim y Leonardo de S\u00e1, Bedeteca, Lisboa, Portugal, Portugu\u00e9s","og_url":"https:\/\/www.historieta.es\/?product=fernando-bento-uma-ilha-de-tesouros","og_site_name":"historieta","article_modified_time":"2024-03-29T08:03:32+00:00","og_image":[{"width":600,"height":600,"url":"https:\/\/www.historieta.es\/wp-content\/uploads\/2024\/03\/fernando-bento.png","type":"image\/png"}],"twitter_card":"summary_large_image","twitter_misc":{"Tiempo de lectura":"6 minutos"},"schema":{"@context":"https:\/\/schema.org","@graph":[{"@type":"WebPage","@id":"https:\/\/www.historieta.es\/?product=fernando-bento-uma-ilha-de-tesouros","url":"https:\/\/www.historieta.es\/?product=fernando-bento-uma-ilha-de-tesouros","name":"Fernando Bento. Uma ilha de tesouros","isPartOf":{"@id":"https:\/\/www.historieta.es\/#website"},"primaryImageOfPage":{"@id":"https:\/\/www.historieta.es\/?product=fernando-bento-uma-ilha-de-tesouros#primaryimage"},"image":{"@id":"https:\/\/www.historieta.es\/?product=fernando-bento-uma-ilha-de-tesouros#primaryimage"},"thumbnailUrl":"https:\/\/www.historieta.es\/wp-content\/uploads\/2024\/03\/fernando-bento.png","datePublished":"2024-03-29T08:03:07+00:00","dateModified":"2024-03-29T08:03:32+00:00","breadcrumb":{"@id":"https:\/\/www.historieta.es\/?product=fernando-bento-uma-ilha-de-tesouros#breadcrumb"},"inLanguage":"es","potentialAction":[{"@type":"ReadAction","target":["https:\/\/www.historieta.es\/?product=fernando-bento-uma-ilha-de-tesouros"]}]},{"@type":"ImageObject","inLanguage":"es","@id":"https:\/\/www.historieta.es\/?product=fernando-bento-uma-ilha-de-tesouros#primaryimage","url":"https:\/\/www.historieta.es\/wp-content\/uploads\/2024\/03\/fernando-bento.png","contentUrl":"https:\/\/www.historieta.es\/wp-content\/uploads\/2024\/03\/fernando-bento.png","width":600,"height":600},{"@type":"BreadcrumbList","@id":"https:\/\/www.historieta.es\/?product=fernando-bento-uma-ilha-de-tesouros#breadcrumb","itemListElement":[{"@type":"ListItem","position":1,"name":"Portada","item":"https:\/\/www.historieta.es\/"},{"@type":"ListItem","position":2,"name":"Productos","item":"https:\/\/www.historieta.es\/?post_type=product"},{"@type":"ListItem","position":3,"name":"Fernando Bento. Uma ilha de tesouros"}]},{"@type":"WebSite","@id":"https:\/\/www.historieta.es\/#website","url":"https:\/\/www.historieta.es\/","name":"historieta","description":"sitio de comic","potentialAction":[{"@type":"SearchAction","target":{"@type":"EntryPoint","urlTemplate":"https:\/\/www.historieta.es\/?s={search_term_string}"},"query-input":{"@type":"PropertyValueSpecification","valueRequired":true,"valueName":"search_term_string"}}],"inLanguage":"es"}]}},"_links":{"self":[{"href":"https:\/\/www.historieta.es\/index.php?rest_route=\/wp\/v2\/product\/10878","targetHints":{"allow":["GET"]}}],"collection":[{"href":"https:\/\/www.historieta.es\/index.php?rest_route=\/wp\/v2\/product"}],"about":[{"href":"https:\/\/www.historieta.es\/index.php?rest_route=\/wp\/v2\/types\/product"}],"wp:featuredmedia":[{"embeddable":true,"href":"https:\/\/www.historieta.es\/index.php?rest_route=\/wp\/v2\/media\/10879"}],"wp:attachment":[{"href":"https:\/\/www.historieta.es\/index.php?rest_route=%2Fwp%2Fv2%2Fmedia&parent=10878"}],"wp:term":[{"taxonomy":"product_brand","embeddable":true,"href":"https:\/\/www.historieta.es\/index.php?rest_route=%2Fwp%2Fv2%2Fproduct_brand&post=10878"},{"taxonomy":"product_cat","embeddable":true,"href":"https:\/\/www.historieta.es\/index.php?rest_route=%2Fwp%2Fv2%2Fproduct_cat&post=10878"},{"taxonomy":"product_tag","embeddable":true,"href":"https:\/\/www.historieta.es\/index.php?rest_route=%2Fwp%2Fv2%2Fproduct_tag&post=10878"}],"curies":[{"name":"wp","href":"https:\/\/api.w.org\/{rel}","templated":true}]}}