{"id":10812,"date":"2024-03-28T19:55:43","date_gmt":"2024-03-28T19:55:43","guid":{"rendered":"https:\/\/www.historieta.es\/?post_type=product&#038;p=10812"},"modified":"2024-03-28T19:56:21","modified_gmt":"2024-03-28T19:56:21","slug":"banda-desenhada-portuguesa-anos-40-anos-80","status":"publish","type":"product","link":"https:\/\/www.historieta.es\/?product=banda-desenhada-portuguesa-anos-40-anos-80","title":{"rendered":"Banda desenhada portuguesa Anos 40-Anos 80"},"content":{"rendered":"<p>[et_pb_section fb_built=\u00bb1&#8243; _builder_version=\u00bb4.20.2&#8243; custom_margin=\u00bb-44px|0px|-44px|0px|true|true\u00bb custom_padding=\u00bb0px|0px|0px|0px|true|true\u00bb collapsed=\u00bboff\u00bb global_colors_info=\u00bb{}\u00bb theme_builder_area=\u00bbpost_content\u00bb][et_pb_row column_structure=\u00bb2_5,3_5&#8243; _builder_version=\u00bb4.20.2&#8243; background_size=\u00bbinitial\u00bb background_position=\u00bbtop_left\u00bb background_repeat=\u00bbrepeat\u00bb width=\u00bb100%\u00bb custom_margin=\u00bb0px|0px|0px|0px|true|true\u00bb custom_padding=\u00bb0px|0px|0px|0px|true|true\u00bb global_colors_info=\u00bb{}\u00bb theme_builder_area=\u00bbpost_content\u00bb][et_pb_column type=\u00bb2_5&#8243; _builder_version=\u00bb4.16&#8243; custom_padding=\u00bb|||\u00bb global_colors_info=\u00bb{}\u00bb custom_padding__hover=\u00bb|||\u00bb theme_builder_area=\u00bbpost_content\u00bb][et_pb_wc_images _builder_version=\u00bb4.20.2&#8243; box_shadow_style=\u00bbpreset1&#8243; global_colors_info=\u00bb{}\u00bb theme_builder_area=\u00bbpost_content\u00bb][\/et_pb_wc_images][\/et_pb_column][et_pb_column type=\u00bb3_5&#8243; _builder_version=\u00bb4.20.2&#8243; _module_preset=\u00bbdefault\u00bb global_colors_info=\u00bb{}\u00bb theme_builder_area=\u00bbpost_content\u00bb][et_pb_tabs _builder_version=\u00bb4.20.2&#8243; _module_preset=\u00bbdefault\u00bb hover_enabled=\u00bb0&#8243; global_colors_info=\u00bb{}\u00bb theme_builder_area=\u00bbpost_content\u00bb sticky_enabled=\u00bb0&#8243;][et_pb_tab title=\u00bbDatos\u00bb _builder_version=\u00bb4.20.2&#8243; _module_preset=\u00bbdefault\u00bb hover_enabled=\u00bb0&#8243; global_colors_info=\u00bb{}\u00bb theme_builder_area=\u00bbpost_content\u00bb sticky_enabled=\u00bb0&#8243;]<\/p>\n<p>Autor: Joao Paulo Paiva, Carlos Bandeiras<\/p>\n<p>Entidad: Funda\u00e7\u00e3o Calouste Gulbenkian<\/p>\n<p>Ciudad: Lisboa<\/p>\n<p>Pa\u00eds: Portugal<\/p>\n<p>Tama\u00f1o: <\/p>\n<p>P\u00e1ginas: 168<\/p>\n<p>A\u00f1o: 2000<\/p>\n<p>Dep\u00f3sito legal:<\/p>\n<p>ISBN: 978-9726351238\u00a0<\/p>\n<p><strong>IDIOMA: Portugu\u00e9s<br \/><\/strong><\/p>\n<p>[\/et_pb_tab][et_pb_tab title=\u00bbDescripci\u00f3n\u00bb _builder_version=\u00bb4.20.2&#8243; _module_preset=\u00bbdefault\u00bb hover_enabled=\u00bb0&#8243; global_colors_info=\u00bb{}\u00bb theme_builder_area=\u00bbpost_content\u00bb sticky_enabled=\u00bb0&#8243;]<\/p>\n<p>Exposi\u00e7\u00e3o dedicada \u00e0 banda desenhada (BD), a segunda de duas exposi\u00e7\u00f5es sobre a hist\u00f3ria da \u00abnona arte\u00bb em Portugal. Em complemento \u00e0 mostra, realizou-se o Ciclo \u00abBD. Cinema e Espect\u00e1culos\u00bb, que explorou as rela\u00e7\u00f5es entre a BD e outras express\u00f5es art\u00edsticas.<br \/>A exposi\u00e7\u00e3o \u00abBanda Desenhada Portuguesa, Anos 40 \u2013 Anos 80\u00bb inaugurou a 10 de fevereiro de 2000, ficando patente at\u00e9 16 de abril do mesmo ano. Consistiu na continua\u00e7\u00e3o natural da mostra \u00abBanda Desenhada Portuguesa, 1914-1945\u00bb, igualmente realizada na Funda\u00e7\u00e3o Calouste Gulbenkian (FCG), tr\u00eas anos antes. Ambas foram apresentadas na Galeria de Exposi\u00e7\u00f5es Tempor\u00e1rias da Sede da FCG (piso 01), com organiza\u00e7\u00e3o do Centro de Arte Moderna Jos\u00e9 de Azeredo Perdig\u00e3o (CAMJAP). Os dois projetos foram comissariados por uma dupla de estudiosos da hist\u00f3ria da banda desenhada (BD): Carlos Bandeiras Pinheiro e Jo\u00e3o Paulo Paiva Bol\u00e9o. No seu conjunto, estas duas exposi\u00e7\u00f5es levaram a cabo um levantamento panor\u00e2mico bastante exaustivo do fen\u00f3meno da BD em Portugal. Privilegiaram os imensos fatores hist\u00f3rico-culturais na base dessa express\u00e3o art\u00edstica, desde os seus antecedentes art\u00edsticos na caricatura e na ilustra\u00e7\u00e3o moderna \u00e0 constru\u00e7\u00e3o paulatina de uma autonomia enquanto campo demarcado de cria\u00e7\u00e3o pl\u00e1stica e liter\u00e1ria. Jorge Molder, diretor do CAMJAP que programou ambos os eventos, abre o cat\u00e1logo da mostra de 2000 real\u00e7ando como ela permitia acompanhar a chegada da BD a essa maturidade de estatuto pr\u00f3prio (Banda Desenhada\u2026, 2000, p. 7). Com efeito, as quatro d\u00e9cadas em foco nesta segunda exposi\u00e7\u00e3o foram cruciais para a liberta\u00e7\u00e3o da BD de certos grilh\u00f5es e preconceitos. \u00c9 durante esse per\u00edodo que se come\u00e7a a antever para ela um lugar consolidado no c\u00f4mputo das restantes artes. O ep\u00edteto \u00abnona arte\u00bb come\u00e7a de facto a ganhar cabimento nesses anos, e o contexto portugu\u00eas, como estas exposi\u00e7\u00f5es bem manifestaram, pode chamar a si responsabilidades nesse particular. Profusamente ilustrado, o cat\u00e1logo de exposi\u00e7\u00e3o est\u00e1 organizado em tr\u00eas cap\u00edtulos tem\u00e1ticos: \u00abAventura\u00bb, \u00abHumor\u00bb e \u00abRa\u00edzes da renova\u00e7\u00e3o\u00bb. Todas com longas introdu\u00e7\u00f5es de Bol\u00e9o e Pinheiro, essas sec\u00e7\u00f5es permitem antever as prioridades curatoriais que compilaram os quarenta anos de BD abordados.<br \/>As reprodu\u00e7\u00f5es fotogr\u00e1ficas distribu\u00eddas por todo o cat\u00e1logo indiciam que ter\u00e3o sido expostos mais de 250 desenhos originais, desde pranchas e tiras de BD, a cartoons, cartazes e capas de edi\u00e7\u00f5es. Os Arquivos Gulbenkian guardam tamb\u00e9m formul\u00e1rios de obras extracat\u00e1logo. Destaque para uma sele\u00e7\u00e3o de cinco dos curiosos funis da autoria de Sam [Samuel Torres de Carvalho] (1931-1993), objetos humor\u00edsticos que est\u00e3o entre os muitos concebidos pelo cartoonista. Outras pe\u00e7as possivelmente expostas foram estatuetas em barro do mesmo autor, representando algumas das suas principais personagens (Arquivos Gulbenkian, CAM 00441). Para a reuni\u00e3o do volumoso acervo exposto, contribu\u00edram imensos emprestadores, em especial v\u00e1rios dos autores expositores, bem como as fam\u00edlias detentoras dos esp\u00f3lios de artistas j\u00e1 falecidos. Contam-se tamb\u00e9m alguns organismos institucionais entre as entidades que cederam obras, nomeadamente o Centro Nacional de Banda Desenhada e Imagem da Amadora, a Biblioteca Nacional de Portugal e a Hemeroteca Municipal de Lisboa. No \u00e2mbito desta exposi\u00e7\u00e3o foram programadas quatro visitas orientadas a cargo dos comiss\u00e1rios, nomeadamente nos dias 12 de fevereiro, 12 e 25 de mar\u00e7o e 9 de abril de 2000. J\u00e1 ap\u00f3s o encerramento da mostra, o CAMJAP promoveu o Ciclo \u00abBD. Cinema e Espect\u00e1culos\u00bb, em conjunto com v\u00e1rios organismos da FCG que, \u00e0 data, j\u00e1 se encontravam aglutinados no pr\u00f3prio CAMJAP, nomeadamente o Servi\u00e7o de Anima\u00e7\u00e3o Cria\u00e7\u00e3o Art\u00edstica e Educa\u00e7\u00e3o pela Arte (ACARTE), o CAI (Centro Art\u00edstico Infantil da FCG) e o CITEN (Centro de Imagem e T\u00e9cnicas Narrativas do CAMJAP), que em 2006 seria integrado no CIEAM \u2013 Centro de Investiga\u00e7\u00e3o e Estudos em Arte e Multim\u00e9dia da Faculdade de Belas-Artes da Universidade de Lisboa. A esses departamentos internos associou-se ainda a contribui\u00e7\u00e3o externa da Cinemateca Portuguesa e da Embaixada do Canad\u00e1. As r\u00e1dios Antena 1, Antena 2 e a RPL \u2013 R\u00e1dio Paris-Lisboa tamb\u00e9m inscrevem o seu log\u00f3tipo nos apoios a esta iniciativa (Ciclo \u00abBD. Cinema e Espect\u00e1culos\u00bb [Programa], 2000, Arquivos Gulbenkian, ACARTE 00650).<br \/>As v\u00e1rias atividades do ciclo decorreram integralmente na Sala Polivalente do CAMJAP. Jo\u00e3o Paiva Bol\u00e9o e Carlos Bandeiras Pinheiro, comiss\u00e1rios das mostras, foram consultores da vertente cinematogr\u00e1fica, colaborando com Rui Leote, que coordenou a programa\u00e7\u00e3o. Exibida entre 27 de abril e 20 de maio de 2000, a sele\u00e7\u00e3o de filmes de fic\u00e7\u00e3o e filmes-document\u00e1rio primou pelo ecletismo face \u00e0 mat\u00e9ria em foco.<br \/>Essa heterogeneidade contribuiu seguramente para a considera\u00e7\u00e3o de v\u00e1rios aspetos cr\u00edticos levantados por Bol\u00e9o e Pinheiro no texto que assinam para o prospeto que acompanhou esta iniciativa. Os dois autores aproveitaram o espa\u00e7o que lhes foi concedido na edi\u00e7\u00e3o da FCG para acentuar, com pertin\u00eancia, o modo como a rela\u00e7\u00e3o entre a BD e o cinema deve ser sempre alvo de uma an\u00e1lise hist\u00f3rico-cultural cuidada e consciente de algumas associa\u00e7\u00f5es mais facilitistas. Refletem inclusivamente como o pr\u00f3prio cinema de anima\u00e7\u00e3o joga a\u00ed um papel de an\u00e1lise complexa (Ibid., pp. 2-4)<br \/>Na parte dedicada \u00e0s artes performativas, o ciclo dividiu-se entre a dan\u00e7a e o teatro. No primeiro grupo, registam-se duas pe\u00e7as ocorridas ambas a 5 e 6 de maio de 2000: E-ultra, pela Companhia MK, e o solo Station Kautschuk, de Heini Nukari (Ibid., pp. 20-22). A 12 e 13 do mesmo m\u00eas, esteve em cena o espet\u00e1culo teatral 4 Portas para 6 Her\u00f3is, protagonizado por Jo\u00e3o Garcia Miguel, Francisco Camacho, L\u00facia Sigalho, Carlota Lagido e Lu\u00eds Castro (Ibid., pp. 23-26). Essa encena\u00e7\u00e3o decorreu de um convite direto do ACARTE aos autores\/int\u00e9rpretes (Ibid., pp. 1, 19, 23).<br \/>Ap\u00f3s o fecho de \u00abBanda Desenhada Portuguesa, Anos 40 \u2013 Anos 80\u00bb, algumas das obras viajaram para a Bedeteca de Lisboa, que as conduziria \u00e0 mostra \u00abLe Portugal en Bulles: Panorama Historique de la Bande Dessin\u00e9 Portugaise\u00bb, organizada no Centre Belge de la Bande Dessin\u00e9, Bruxelas.<br \/>Daniel Peres<\/p>\n<p>[\/et_pb_tab][et_pb_tab title=\u00bbBibliograf\u00eda\u00bb _builder_version=\u00bb4.20.2&#8243; _module_preset=\u00bbdefault\u00bb global_colors_info=\u00bb{}\u00bb theme_builder_area=\u00bbpost_content\u00bb][\/et_pb_tab][\/et_pb_tabs][et_pb_wc_title _builder_version=\u00bb4.20.2&#8243; header_font=\u00bb|600|||||||\u00bb header_text_color=\u00bb#0C71C3&#8243; header_font_size=\u00bb25px\u00bb custom_margin=\u00bb0px|0px|0px|0px|true|true\u00bb custom_padding=\u00bb0px|0px|0px|0px|true|true\u00bb global_colors_info=\u00bb{}\u00bb theme_builder_area=\u00bbpost_content\u00bb][\/et_pb_wc_title][\/et_pb_column][\/et_pb_row][\/et_pb_section][et_pb_section fb_built=\u00bb1&#8243; _builder_version=\u00bb4.20.2&#8243; _module_preset=\u00bbdefault\u00bb global_colors_info=\u00bb{}\u00bb theme_builder_area=\u00bbpost_content\u00bb][\/et_pb_section][et_pb_section fb_built=\u00bb1&#8243; _builder_version=\u00bb4.20.2&#8243; _module_preset=\u00bbdefault\u00bb global_colors_info=\u00bb{}\u00bb theme_builder_area=\u00bbpost_content\u00bb][\/et_pb_section]<\/p>\n","protected":false},"excerpt":{"rendered":"<p>Banda desenhada portuguesa Anos 40-Anos 80, Joao Paulo Paiva, Carlos Bandeiras, Funda\u00e7\u00e3o Calouste Gulbenkian, Portugal, Lisboa, Portugu\u00e9s<\/p>\n","protected":false},"featured_media":10813,"template":"","meta":{"_et_pb_use_builder":"on","_et_pb_old_content":"","_et_gb_content_width":"","_monsterinsights_skip_tracking":false,"_monsterinsights_sitenote_active":false,"_monsterinsights_sitenote_note":"","_monsterinsights_sitenote_category":0},"product_brand":[],"product_cat":[33],"product_tag":[],"class_list":{"0":"post-10812","1":"product","2":"type-product","3":"status-publish","4":"has-post-thumbnail","6":"product_cat-catalogos","8":"first","9":"instock","10":"shipping-taxable","11":"product-type-simple"},"yoast_head":"<!-- This site is optimized with the Yoast SEO plugin v27.2 - https:\/\/yoast.com\/product\/yoast-seo-wordpress\/ -->\n<title>Banda desenhada portuguesa Anos 40-Anos 80<\/title>\n<meta name=\"robots\" content=\"index, follow, max-snippet:-1, max-image-preview:large, max-video-preview:-1\" \/>\n<link rel=\"canonical\" href=\"https:\/\/www.historieta.es\/?product=banda-desenhada-portuguesa-anos-40-anos-80\" \/>\n<meta property=\"og:locale\" content=\"es_ES\" \/>\n<meta property=\"og:type\" content=\"article\" \/>\n<meta property=\"og:title\" content=\"Banda desenhada portuguesa Anos 40-Anos 80\" \/>\n<meta property=\"og:description\" content=\"Banda desenhada portuguesa Anos 40-Anos 80, Joao Paulo Paiva, Carlos Bandeiras, Funda\u00e7\u00e3o Calouste Gulbenkian, Portugal, Lisboa, Portugu\u00e9s\" \/>\n<meta property=\"og:url\" content=\"https:\/\/www.historieta.es\/?product=banda-desenhada-portuguesa-anos-40-anos-80\" \/>\n<meta property=\"og:site_name\" content=\"historieta\" \/>\n<meta property=\"article:modified_time\" content=\"2024-03-28T19:56:21+00:00\" \/>\n<meta property=\"og:image\" content=\"https:\/\/www.historieta.es\/wp-content\/uploads\/2024\/03\/banda-desenhada-portuguesa-anos-40-anos-80.png\" \/>\n\t<meta property=\"og:image:width\" content=\"600\" \/>\n\t<meta property=\"og:image:height\" content=\"600\" \/>\n\t<meta property=\"og:image:type\" content=\"image\/png\" \/>\n<meta name=\"twitter:card\" content=\"summary_large_image\" \/>\n<meta name=\"twitter:label1\" content=\"Tiempo de lectura\" \/>\n\t<meta name=\"twitter:data1\" content=\"7 minutos\" \/>\n<script type=\"application\/ld+json\" class=\"yoast-schema-graph\">{\"@context\":\"https:\/\/schema.org\",\"@graph\":[{\"@type\":\"WebPage\",\"@id\":\"https:\/\/www.historieta.es\/?product=banda-desenhada-portuguesa-anos-40-anos-80\",\"url\":\"https:\/\/www.historieta.es\/?product=banda-desenhada-portuguesa-anos-40-anos-80\",\"name\":\"Banda desenhada portuguesa Anos 40-Anos 80\",\"isPartOf\":{\"@id\":\"https:\/\/www.historieta.es\/#website\"},\"primaryImageOfPage\":{\"@id\":\"https:\/\/www.historieta.es\/?product=banda-desenhada-portuguesa-anos-40-anos-80#primaryimage\"},\"image\":{\"@id\":\"https:\/\/www.historieta.es\/?product=banda-desenhada-portuguesa-anos-40-anos-80#primaryimage\"},\"thumbnailUrl\":\"https:\/\/www.historieta.es\/wp-content\/uploads\/2024\/03\/banda-desenhada-portuguesa-anos-40-anos-80.png\",\"datePublished\":\"2024-03-28T19:55:43+00:00\",\"dateModified\":\"2024-03-28T19:56:21+00:00\",\"breadcrumb\":{\"@id\":\"https:\/\/www.historieta.es\/?product=banda-desenhada-portuguesa-anos-40-anos-80#breadcrumb\"},\"inLanguage\":\"es\",\"potentialAction\":[{\"@type\":\"ReadAction\",\"target\":[\"https:\/\/www.historieta.es\/?product=banda-desenhada-portuguesa-anos-40-anos-80\"]}]},{\"@type\":\"ImageObject\",\"inLanguage\":\"es\",\"@id\":\"https:\/\/www.historieta.es\/?product=banda-desenhada-portuguesa-anos-40-anos-80#primaryimage\",\"url\":\"https:\/\/www.historieta.es\/wp-content\/uploads\/2024\/03\/banda-desenhada-portuguesa-anos-40-anos-80.png\",\"contentUrl\":\"https:\/\/www.historieta.es\/wp-content\/uploads\/2024\/03\/banda-desenhada-portuguesa-anos-40-anos-80.png\",\"width\":600,\"height\":600},{\"@type\":\"BreadcrumbList\",\"@id\":\"https:\/\/www.historieta.es\/?product=banda-desenhada-portuguesa-anos-40-anos-80#breadcrumb\",\"itemListElement\":[{\"@type\":\"ListItem\",\"position\":1,\"name\":\"Portada\",\"item\":\"https:\/\/www.historieta.es\/\"},{\"@type\":\"ListItem\",\"position\":2,\"name\":\"Productos\",\"item\":\"https:\/\/www.historieta.es\/?post_type=product\"},{\"@type\":\"ListItem\",\"position\":3,\"name\":\"Banda desenhada portuguesa Anos 40-Anos 80\"}]},{\"@type\":\"WebSite\",\"@id\":\"https:\/\/www.historieta.es\/#website\",\"url\":\"https:\/\/www.historieta.es\/\",\"name\":\"historieta\",\"description\":\"sitio de comic\",\"potentialAction\":[{\"@type\":\"SearchAction\",\"target\":{\"@type\":\"EntryPoint\",\"urlTemplate\":\"https:\/\/www.historieta.es\/?s={search_term_string}\"},\"query-input\":{\"@type\":\"PropertyValueSpecification\",\"valueRequired\":true,\"valueName\":\"search_term_string\"}}],\"inLanguage\":\"es\"}]}<\/script>\n<!-- \/ Yoast SEO plugin. -->","yoast_head_json":{"title":"Banda desenhada portuguesa Anos 40-Anos 80","robots":{"index":"index","follow":"follow","max-snippet":"max-snippet:-1","max-image-preview":"max-image-preview:large","max-video-preview":"max-video-preview:-1"},"canonical":"https:\/\/www.historieta.es\/?product=banda-desenhada-portuguesa-anos-40-anos-80","og_locale":"es_ES","og_type":"article","og_title":"Banda desenhada portuguesa Anos 40-Anos 80","og_description":"Banda desenhada portuguesa Anos 40-Anos 80, Joao Paulo Paiva, Carlos Bandeiras, Funda\u00e7\u00e3o Calouste Gulbenkian, Portugal, Lisboa, Portugu\u00e9s","og_url":"https:\/\/www.historieta.es\/?product=banda-desenhada-portuguesa-anos-40-anos-80","og_site_name":"historieta","article_modified_time":"2024-03-28T19:56:21+00:00","og_image":[{"width":600,"height":600,"url":"https:\/\/www.historieta.es\/wp-content\/uploads\/2024\/03\/banda-desenhada-portuguesa-anos-40-anos-80.png","type":"image\/png"}],"twitter_card":"summary_large_image","twitter_misc":{"Tiempo de lectura":"7 minutos"},"schema":{"@context":"https:\/\/schema.org","@graph":[{"@type":"WebPage","@id":"https:\/\/www.historieta.es\/?product=banda-desenhada-portuguesa-anos-40-anos-80","url":"https:\/\/www.historieta.es\/?product=banda-desenhada-portuguesa-anos-40-anos-80","name":"Banda desenhada portuguesa Anos 40-Anos 80","isPartOf":{"@id":"https:\/\/www.historieta.es\/#website"},"primaryImageOfPage":{"@id":"https:\/\/www.historieta.es\/?product=banda-desenhada-portuguesa-anos-40-anos-80#primaryimage"},"image":{"@id":"https:\/\/www.historieta.es\/?product=banda-desenhada-portuguesa-anos-40-anos-80#primaryimage"},"thumbnailUrl":"https:\/\/www.historieta.es\/wp-content\/uploads\/2024\/03\/banda-desenhada-portuguesa-anos-40-anos-80.png","datePublished":"2024-03-28T19:55:43+00:00","dateModified":"2024-03-28T19:56:21+00:00","breadcrumb":{"@id":"https:\/\/www.historieta.es\/?product=banda-desenhada-portuguesa-anos-40-anos-80#breadcrumb"},"inLanguage":"es","potentialAction":[{"@type":"ReadAction","target":["https:\/\/www.historieta.es\/?product=banda-desenhada-portuguesa-anos-40-anos-80"]}]},{"@type":"ImageObject","inLanguage":"es","@id":"https:\/\/www.historieta.es\/?product=banda-desenhada-portuguesa-anos-40-anos-80#primaryimage","url":"https:\/\/www.historieta.es\/wp-content\/uploads\/2024\/03\/banda-desenhada-portuguesa-anos-40-anos-80.png","contentUrl":"https:\/\/www.historieta.es\/wp-content\/uploads\/2024\/03\/banda-desenhada-portuguesa-anos-40-anos-80.png","width":600,"height":600},{"@type":"BreadcrumbList","@id":"https:\/\/www.historieta.es\/?product=banda-desenhada-portuguesa-anos-40-anos-80#breadcrumb","itemListElement":[{"@type":"ListItem","position":1,"name":"Portada","item":"https:\/\/www.historieta.es\/"},{"@type":"ListItem","position":2,"name":"Productos","item":"https:\/\/www.historieta.es\/?post_type=product"},{"@type":"ListItem","position":3,"name":"Banda desenhada portuguesa Anos 40-Anos 80"}]},{"@type":"WebSite","@id":"https:\/\/www.historieta.es\/#website","url":"https:\/\/www.historieta.es\/","name":"historieta","description":"sitio de comic","potentialAction":[{"@type":"SearchAction","target":{"@type":"EntryPoint","urlTemplate":"https:\/\/www.historieta.es\/?s={search_term_string}"},"query-input":{"@type":"PropertyValueSpecification","valueRequired":true,"valueName":"search_term_string"}}],"inLanguage":"es"}]}},"_links":{"self":[{"href":"https:\/\/www.historieta.es\/index.php?rest_route=\/wp\/v2\/product\/10812","targetHints":{"allow":["GET"]}}],"collection":[{"href":"https:\/\/www.historieta.es\/index.php?rest_route=\/wp\/v2\/product"}],"about":[{"href":"https:\/\/www.historieta.es\/index.php?rest_route=\/wp\/v2\/types\/product"}],"wp:featuredmedia":[{"embeddable":true,"href":"https:\/\/www.historieta.es\/index.php?rest_route=\/wp\/v2\/media\/10813"}],"wp:attachment":[{"href":"https:\/\/www.historieta.es\/index.php?rest_route=%2Fwp%2Fv2%2Fmedia&parent=10812"}],"wp:term":[{"taxonomy":"product_brand","embeddable":true,"href":"https:\/\/www.historieta.es\/index.php?rest_route=%2Fwp%2Fv2%2Fproduct_brand&post=10812"},{"taxonomy":"product_cat","embeddable":true,"href":"https:\/\/www.historieta.es\/index.php?rest_route=%2Fwp%2Fv2%2Fproduct_cat&post=10812"},{"taxonomy":"product_tag","embeddable":true,"href":"https:\/\/www.historieta.es\/index.php?rest_route=%2Fwp%2Fv2%2Fproduct_tag&post=10812"}],"curies":[{"name":"wp","href":"https:\/\/api.w.org\/{rel}","templated":true}]}}