{"id":10809,"date":"2024-03-28T19:51:14","date_gmt":"2024-03-28T19:51:14","guid":{"rendered":"https:\/\/www.historieta.es\/?post_type=product&#038;p=10809"},"modified":"2024-03-28T20:55:27","modified_gmt":"2024-03-28T20:55:27","slug":"a-banda-desenhada-portuguesa-1914-1945","status":"publish","type":"product","link":"https:\/\/www.historieta.es\/?product=a-banda-desenhada-portuguesa-1914-1945","title":{"rendered":"A banda desenhada portuguesa 1914-1945"},"content":{"rendered":"<p>[et_pb_section fb_built=\u00bb1&#8243; _builder_version=\u00bb4.20.2&#8243; custom_margin=\u00bb-44px|0px|-44px|0px|true|true\u00bb custom_padding=\u00bb0px|0px|0px|0px|true|true\u00bb collapsed=\u00bboff\u00bb global_colors_info=\u00bb{}\u00bb][et_pb_row column_structure=\u00bb2_5,3_5&#8243; _builder_version=\u00bb4.20.2&#8243; background_size=\u00bbinitial\u00bb background_position=\u00bbtop_left\u00bb background_repeat=\u00bbrepeat\u00bb width=\u00bb100%\u00bb custom_margin=\u00bb0px|0px|0px|0px|true|true\u00bb custom_padding=\u00bb0px|0px|0px|0px|true|true\u00bb global_colors_info=\u00bb{}\u00bb][et_pb_column type=\u00bb2_5&#8243; _builder_version=\u00bb4.16&#8243; custom_padding=\u00bb|||\u00bb global_colors_info=\u00bb{}\u00bb custom_padding__hover=\u00bb|||\u00bb][et_pb_wc_images _builder_version=\u00bb4.20.2&#8243; box_shadow_style=\u00bbpreset1&#8243; global_colors_info=\u00bb{}\u00bb][\/et_pb_wc_images][\/et_pb_column][et_pb_column type=\u00bb3_5&#8243; _builder_version=\u00bb4.20.2&#8243; _module_preset=\u00bbdefault\u00bb global_colors_info=\u00bb{}\u00bb][et_pb_tabs _builder_version=\u00bb4.20.2&#8243; _module_preset=\u00bbdefault\u00bb global_colors_info=\u00bb{}\u00bb][et_pb_tab title=\u00bbDatos\u00bb _builder_version=\u00bb4.20.2&#8243; _module_preset=\u00bbdefault\u00bb global_colors_info=\u00bb{}\u00bb]<\/p>\n<p>Autor: Ana Vasconcelos\u00a0<\/p>\n<p>Entidad: Funda\u00e7\u00e3o Calouste Gulbenkian<\/p>\n<p>Ciudad: Lisboa<\/p>\n<p>Pa\u00eds: Portugal<\/p>\n<p>Tama\u00f1o: 22&#215;30,5<\/p>\n<p>P\u00e1ginas: 168<\/p>\n<p>A\u00f1o: 1997<\/p>\n<p>Dep\u00f3sito legal:<\/p>\n<p>ISBN:<\/p>\n<p><strong>IDIOMA: Portugu\u00e9s<br \/><\/strong><\/p>\n<p>[\/et_pb_tab][et_pb_tab title=\u00bbDescripci\u00f3n\u00bb _builder_version=\u00bb4.20.2&#8243; _module_preset=\u00bbdefault\u00bb global_colors_info=\u00bb{}\u00bb]<\/p>\n<p>Exposi\u00e7\u00e3o dedicada \u00e0 hist\u00f3ria da banda desenhada portuguesa na primeira metade do s\u00e9culo XX. Apresentando obras de 76 autores, refor\u00e7ou a import\u00e2ncia da chamada \u00abnona arte\u00bb para as linguagens da arte moderna, analisando o lugar da cena portuguesa no contexto europeu do cartoonismo e da ilustra\u00e7\u00e3o.<br \/>A 10 de abril de 1997, a Funda\u00e7\u00e3o Calouste Gulbenkian (FCG) inaugurou na sua Galeria de Exposi\u00e7\u00f5es Tempor\u00e1rias da Sede (piso 01) uma mostra dedicada \u00e0 banda desenhada portuguesa \u2013 per\u00edodo 1914-1945. Patente at\u00e9 15 de junho desse ano, a exposi\u00e7\u00e3o dava corpo a um trabalho de investiga\u00e7\u00e3o levado a cabo por Jo\u00e3o Paiva Bol\u00e9o e Carlos Bandeiras Pinheiro, dois colecionadores, entusiastas e estudiosos da BD que assumiram o comissariado deste projeto expositivo. Eles pr\u00f3prios foram dois dos mais substanciais emprestadores entre as muitas entidades que, em nome individual e institucional, cederam as pe\u00e7as que integraram a iniciativa. A organiza\u00e7\u00e3o do evento coube ao Centro de Arte Moderna Jos\u00e9 de Azeredo Perdig\u00e3o da FCG, que se aliou ao esfor\u00e7o destes dois autores para revalorizar, uma vez mais, o papel fundamental que a ilustra\u00e7\u00e3o, o cartoon, o desenho humor\u00edstico e o design editorial tiveram para as linguagens da arte moderna da primeira metade do s\u00e9culo XX. A banda desenhada foi nascendo paralelamente a essas outras express\u00f5es que versavam na imprensa e nos peri\u00f3dicos, fazendo ecoar, a partir das artes gr\u00e1ficas em geral, o cosmopolitismo que o s\u00e9culo XX ia preconizando.<br \/>Ao longo dos trinta anos cobertos pela mostra e apesar de nem sempre ter estado entre os pa\u00edses de cultura mais cosmopolita, Portugal revelou-se sempre um contexto f\u00e9rtil para este territ\u00f3rio art\u00edstico. Foram muitas as publica\u00e7\u00f5es que exararam, por vezes em primeira m\u00e3o, as novas estrat\u00e9gias da BD e o imenso manancial comunicativo que ela foi desenvolvendo.<br \/>\u00abA Banda Desenhada Portuguesa, 1914-1945\u00bb deu nota desse revelante campo de novidade que foi cultivado em Portugal, e que merece ser compreendido como pertinente \u00e0 escala europeia. Reuniu obras de 76 autores que protagonizaram o nascimento e a consolida\u00e7\u00e3o da BD portuguesa, dos mais referidos e conhecidos, aos mais omissos e surpreendentes.<br \/>A FCG editou um cat\u00e1logo por ocasi\u00e3o da mostra, que, com v\u00e1rios textos dos comiss\u00e1rios e profusamente ilustrado, introduz de modo muito compreensivo os cinco n\u00facleos que organizavam a exposi\u00e7\u00e3o. A publica\u00e7\u00e3o termina com um \u00fatil gloss\u00e1rio biogr\u00e1fico dos artistas representados (A Banda Desenhada Portuguesa, 1914-1945, 1997).<br \/>Um extenso artigo sobre a exposi\u00e7\u00e3o, escrito por V\u00edtor Quelhas, seria publicado na Revista do seman\u00e1rio Expresso, edi\u00e7\u00e3o de 19 de abril de 1997.<br \/>Daniel Peres<\/p>\n<p>[\/et_pb_tab][et_pb_tab title=\u00bbBibliograf\u00eda\u00bb _builder_version=\u00bb4.20.2&#8243; _module_preset=\u00bbdefault\u00bb global_colors_info=\u00bb{}\u00bb][\/et_pb_tab][\/et_pb_tabs][et_pb_wc_title _builder_version=\u00bb4.20.2&#8243; header_font=\u00bb|600|||||||\u00bb header_text_color=\u00bb#0C71C3&#8243; header_font_size=\u00bb25px\u00bb custom_margin=\u00bb0px|0px|0px|0px|true|true\u00bb custom_padding=\u00bb0px|0px|0px|0px|true|true\u00bb global_colors_info=\u00bb{}\u00bb][\/et_pb_wc_title][\/et_pb_column][\/et_pb_row][\/et_pb_section][et_pb_section fb_built=\u00bb1&#8243; _builder_version=\u00bb4.20.2&#8243; _module_preset=\u00bbdefault\u00bb global_colors_info=\u00bb{}\u00bb][\/et_pb_section][et_pb_section fb_built=\u00bb1&#8243; _builder_version=\u00bb4.20.2&#8243; _module_preset=\u00bbdefault\u00bb global_colors_info=\u00bb{}\u00bb][\/et_pb_section]<\/p>\n","protected":false},"excerpt":{"rendered":"<p>A banda desenhada portuguesa 1914-1945, Portugu\u00e9s, Lisboa, Portugal, Ana Vasconcelos, Funda\u00e7\u00e3o Calouste Gulbenkian<\/p>\n","protected":false},"featured_media":10810,"template":"","meta":{"_et_pb_use_builder":"on","_et_pb_old_content":"","_et_gb_content_width":"","_monsterinsights_skip_tracking":false,"_monsterinsights_sitenote_active":false,"_monsterinsights_sitenote_note":"","_monsterinsights_sitenote_category":0},"product_brand":[],"product_cat":[33],"product_tag":[],"class_list":{"0":"post-10809","1":"product","2":"type-product","3":"status-publish","4":"has-post-thumbnail","6":"product_cat-catalogos","8":"first","9":"instock","10":"shipping-taxable","11":"product-type-simple"},"yoast_head":"<!-- This site is optimized with the Yoast SEO plugin v27.2 - https:\/\/yoast.com\/product\/yoast-seo-wordpress\/ -->\n<title>A banda desenhada portuguesa 1914-1945<\/title>\n<meta name=\"robots\" content=\"index, follow, max-snippet:-1, max-image-preview:large, max-video-preview:-1\" \/>\n<link rel=\"canonical\" href=\"https:\/\/www.historieta.es\/?product=a-banda-desenhada-portuguesa-1914-1945\" \/>\n<meta property=\"og:locale\" content=\"es_ES\" \/>\n<meta property=\"og:type\" content=\"article\" \/>\n<meta property=\"og:title\" content=\"A banda desenhada portuguesa 1914-1945\" \/>\n<meta property=\"og:description\" content=\"A banda desenhada portuguesa 1914-1945, Portugu\u00e9s, Lisboa, Portugal, Ana Vasconcelos, Funda\u00e7\u00e3o Calouste Gulbenkian\" \/>\n<meta property=\"og:url\" content=\"https:\/\/www.historieta.es\/?product=a-banda-desenhada-portuguesa-1914-1945\" \/>\n<meta property=\"og:site_name\" content=\"historieta\" \/>\n<meta property=\"article:modified_time\" content=\"2024-03-28T20:55:27+00:00\" \/>\n<meta property=\"og:image\" content=\"https:\/\/www.historieta.es\/wp-content\/uploads\/2024\/03\/a-banda-desenhada-portuguesa-1914-1945.png\" \/>\n\t<meta property=\"og:image:width\" content=\"600\" \/>\n\t<meta property=\"og:image:height\" content=\"600\" \/>\n\t<meta property=\"og:image:type\" content=\"image\/png\" \/>\n<meta name=\"twitter:card\" content=\"summary_large_image\" \/>\n<meta name=\"twitter:label1\" content=\"Tiempo de lectura\" \/>\n\t<meta name=\"twitter:data1\" content=\"4 minutos\" \/>\n<script type=\"application\/ld+json\" class=\"yoast-schema-graph\">{\"@context\":\"https:\/\/schema.org\",\"@graph\":[{\"@type\":\"WebPage\",\"@id\":\"https:\/\/www.historieta.es\/?product=a-banda-desenhada-portuguesa-1914-1945\",\"url\":\"https:\/\/www.historieta.es\/?product=a-banda-desenhada-portuguesa-1914-1945\",\"name\":\"A banda desenhada portuguesa 1914-1945\",\"isPartOf\":{\"@id\":\"https:\/\/www.historieta.es\/#website\"},\"primaryImageOfPage\":{\"@id\":\"https:\/\/www.historieta.es\/?product=a-banda-desenhada-portuguesa-1914-1945#primaryimage\"},\"image\":{\"@id\":\"https:\/\/www.historieta.es\/?product=a-banda-desenhada-portuguesa-1914-1945#primaryimage\"},\"thumbnailUrl\":\"https:\/\/www.historieta.es\/wp-content\/uploads\/2024\/03\/a-banda-desenhada-portuguesa-1914-1945.png\",\"datePublished\":\"2024-03-28T19:51:14+00:00\",\"dateModified\":\"2024-03-28T20:55:27+00:00\",\"breadcrumb\":{\"@id\":\"https:\/\/www.historieta.es\/?product=a-banda-desenhada-portuguesa-1914-1945#breadcrumb\"},\"inLanguage\":\"es\",\"potentialAction\":[{\"@type\":\"ReadAction\",\"target\":[\"https:\/\/www.historieta.es\/?product=a-banda-desenhada-portuguesa-1914-1945\"]}]},{\"@type\":\"ImageObject\",\"inLanguage\":\"es\",\"@id\":\"https:\/\/www.historieta.es\/?product=a-banda-desenhada-portuguesa-1914-1945#primaryimage\",\"url\":\"https:\/\/www.historieta.es\/wp-content\/uploads\/2024\/03\/a-banda-desenhada-portuguesa-1914-1945.png\",\"contentUrl\":\"https:\/\/www.historieta.es\/wp-content\/uploads\/2024\/03\/a-banda-desenhada-portuguesa-1914-1945.png\",\"width\":600,\"height\":600},{\"@type\":\"BreadcrumbList\",\"@id\":\"https:\/\/www.historieta.es\/?product=a-banda-desenhada-portuguesa-1914-1945#breadcrumb\",\"itemListElement\":[{\"@type\":\"ListItem\",\"position\":1,\"name\":\"Portada\",\"item\":\"https:\/\/www.historieta.es\/\"},{\"@type\":\"ListItem\",\"position\":2,\"name\":\"Productos\",\"item\":\"https:\/\/www.historieta.es\/?post_type=product\"},{\"@type\":\"ListItem\",\"position\":3,\"name\":\"A banda desenhada portuguesa 1914-1945\"}]},{\"@type\":\"WebSite\",\"@id\":\"https:\/\/www.historieta.es\/#website\",\"url\":\"https:\/\/www.historieta.es\/\",\"name\":\"historieta\",\"description\":\"sitio de comic\",\"potentialAction\":[{\"@type\":\"SearchAction\",\"target\":{\"@type\":\"EntryPoint\",\"urlTemplate\":\"https:\/\/www.historieta.es\/?s={search_term_string}\"},\"query-input\":{\"@type\":\"PropertyValueSpecification\",\"valueRequired\":true,\"valueName\":\"search_term_string\"}}],\"inLanguage\":\"es\"}]}<\/script>\n<!-- \/ Yoast SEO plugin. -->","yoast_head_json":{"title":"A banda desenhada portuguesa 1914-1945","robots":{"index":"index","follow":"follow","max-snippet":"max-snippet:-1","max-image-preview":"max-image-preview:large","max-video-preview":"max-video-preview:-1"},"canonical":"https:\/\/www.historieta.es\/?product=a-banda-desenhada-portuguesa-1914-1945","og_locale":"es_ES","og_type":"article","og_title":"A banda desenhada portuguesa 1914-1945","og_description":"A banda desenhada portuguesa 1914-1945, Portugu\u00e9s, Lisboa, Portugal, Ana Vasconcelos, Funda\u00e7\u00e3o Calouste Gulbenkian","og_url":"https:\/\/www.historieta.es\/?product=a-banda-desenhada-portuguesa-1914-1945","og_site_name":"historieta","article_modified_time":"2024-03-28T20:55:27+00:00","og_image":[{"width":600,"height":600,"url":"https:\/\/www.historieta.es\/wp-content\/uploads\/2024\/03\/a-banda-desenhada-portuguesa-1914-1945.png","type":"image\/png"}],"twitter_card":"summary_large_image","twitter_misc":{"Tiempo de lectura":"4 minutos"},"schema":{"@context":"https:\/\/schema.org","@graph":[{"@type":"WebPage","@id":"https:\/\/www.historieta.es\/?product=a-banda-desenhada-portuguesa-1914-1945","url":"https:\/\/www.historieta.es\/?product=a-banda-desenhada-portuguesa-1914-1945","name":"A banda desenhada portuguesa 1914-1945","isPartOf":{"@id":"https:\/\/www.historieta.es\/#website"},"primaryImageOfPage":{"@id":"https:\/\/www.historieta.es\/?product=a-banda-desenhada-portuguesa-1914-1945#primaryimage"},"image":{"@id":"https:\/\/www.historieta.es\/?product=a-banda-desenhada-portuguesa-1914-1945#primaryimage"},"thumbnailUrl":"https:\/\/www.historieta.es\/wp-content\/uploads\/2024\/03\/a-banda-desenhada-portuguesa-1914-1945.png","datePublished":"2024-03-28T19:51:14+00:00","dateModified":"2024-03-28T20:55:27+00:00","breadcrumb":{"@id":"https:\/\/www.historieta.es\/?product=a-banda-desenhada-portuguesa-1914-1945#breadcrumb"},"inLanguage":"es","potentialAction":[{"@type":"ReadAction","target":["https:\/\/www.historieta.es\/?product=a-banda-desenhada-portuguesa-1914-1945"]}]},{"@type":"ImageObject","inLanguage":"es","@id":"https:\/\/www.historieta.es\/?product=a-banda-desenhada-portuguesa-1914-1945#primaryimage","url":"https:\/\/www.historieta.es\/wp-content\/uploads\/2024\/03\/a-banda-desenhada-portuguesa-1914-1945.png","contentUrl":"https:\/\/www.historieta.es\/wp-content\/uploads\/2024\/03\/a-banda-desenhada-portuguesa-1914-1945.png","width":600,"height":600},{"@type":"BreadcrumbList","@id":"https:\/\/www.historieta.es\/?product=a-banda-desenhada-portuguesa-1914-1945#breadcrumb","itemListElement":[{"@type":"ListItem","position":1,"name":"Portada","item":"https:\/\/www.historieta.es\/"},{"@type":"ListItem","position":2,"name":"Productos","item":"https:\/\/www.historieta.es\/?post_type=product"},{"@type":"ListItem","position":3,"name":"A banda desenhada portuguesa 1914-1945"}]},{"@type":"WebSite","@id":"https:\/\/www.historieta.es\/#website","url":"https:\/\/www.historieta.es\/","name":"historieta","description":"sitio de comic","potentialAction":[{"@type":"SearchAction","target":{"@type":"EntryPoint","urlTemplate":"https:\/\/www.historieta.es\/?s={search_term_string}"},"query-input":{"@type":"PropertyValueSpecification","valueRequired":true,"valueName":"search_term_string"}}],"inLanguage":"es"}]}},"_links":{"self":[{"href":"https:\/\/www.historieta.es\/index.php?rest_route=\/wp\/v2\/product\/10809","targetHints":{"allow":["GET"]}}],"collection":[{"href":"https:\/\/www.historieta.es\/index.php?rest_route=\/wp\/v2\/product"}],"about":[{"href":"https:\/\/www.historieta.es\/index.php?rest_route=\/wp\/v2\/types\/product"}],"wp:featuredmedia":[{"embeddable":true,"href":"https:\/\/www.historieta.es\/index.php?rest_route=\/wp\/v2\/media\/10810"}],"wp:attachment":[{"href":"https:\/\/www.historieta.es\/index.php?rest_route=%2Fwp%2Fv2%2Fmedia&parent=10809"}],"wp:term":[{"taxonomy":"product_brand","embeddable":true,"href":"https:\/\/www.historieta.es\/index.php?rest_route=%2Fwp%2Fv2%2Fproduct_brand&post=10809"},{"taxonomy":"product_cat","embeddable":true,"href":"https:\/\/www.historieta.es\/index.php?rest_route=%2Fwp%2Fv2%2Fproduct_cat&post=10809"},{"taxonomy":"product_tag","embeddable":true,"href":"https:\/\/www.historieta.es\/index.php?rest_route=%2Fwp%2Fv2%2Fproduct_tag&post=10809"}],"curies":[{"name":"wp","href":"https:\/\/api.w.org\/{rel}","templated":true}]}}