{"id":10666,"date":"2024-03-25T08:27:55","date_gmt":"2024-03-25T08:27:55","guid":{"rendered":"https:\/\/www.historieta.es\/?post_type=product&#038;p=10666"},"modified":"2024-03-25T08:28:03","modified_gmt":"2024-03-25T08:28:03","slug":"guia-de-referencia-para-dibujar-personajes-de-fantasia","status":"publish","type":"product","link":"https:\/\/www.historieta.es\/?product=guia-de-referencia-para-dibujar-personajes-de-fantasia","title":{"rendered":"Gu\u00eda de referencia para dibujar personajes de fantas\u00eda"},"content":{"rendered":"<p>[et_pb_section fb_built=\u00bb1&#8243; _builder_version=\u00bb4.20.2&#8243; custom_margin=\u00bb-44px|0px|-44px|0px|true|true\u00bb custom_padding=\u00bb0px|0px|0px|0px|true|true\u00bb collapsed=\u00bboff\u00bb global_colors_info=\u00bb{}\u00bb theme_builder_area=\u00bbpost_content\u00bb][et_pb_row column_structure=\u00bb2_5,3_5&#8243; _builder_version=\u00bb4.20.2&#8243; background_size=\u00bbinitial\u00bb background_position=\u00bbtop_left\u00bb background_repeat=\u00bbrepeat\u00bb width=\u00bb100%\u00bb custom_margin=\u00bb0px|0px|0px|0px|true|true\u00bb custom_padding=\u00bb0px|0px|0px|0px|true|true\u00bb global_colors_info=\u00bb{}\u00bb theme_builder_area=\u00bbpost_content\u00bb][et_pb_column type=\u00bb2_5&#8243; _builder_version=\u00bb4.16&#8243; custom_padding=\u00bb|||\u00bb global_colors_info=\u00bb{}\u00bb custom_padding__hover=\u00bb|||\u00bb theme_builder_area=\u00bbpost_content\u00bb][et_pb_wc_images _builder_version=\u00bb4.20.2&#8243; box_shadow_style=\u00bbpreset1&#8243; global_colors_info=\u00bb{}\u00bb theme_builder_area=\u00bbpost_content\u00bb][\/et_pb_wc_images][\/et_pb_column][et_pb_column type=\u00bb3_5&#8243; _builder_version=\u00bb4.20.2&#8243; _module_preset=\u00bbdefault\u00bb global_colors_info=\u00bb{}\u00bb theme_builder_area=\u00bbpost_content\u00bb][et_pb_tabs _builder_version=\u00bb4.20.2&#8243; _module_preset=\u00bbdefault\u00bb hover_enabled=\u00bb0&#8243; global_colors_info=\u00bb{}\u00bb theme_builder_area=\u00bbpost_content\u00bb sticky_enabled=\u00bb0&#8243;][et_pb_tab title=\u00bbDatos\u00bb _builder_version=\u00bb4.20.2&#8243; _module_preset=\u00bbdefault\u00bb hover_enabled=\u00bb0&#8243; global_colors_info=\u00bb{}\u00bb theme_builder_area=\u00bbpost_content\u00bb sticky_enabled=\u00bb0&#8243;]<\/p>\n<p>Autor: Peter Evans<\/p>\n<p>Editorial: Norma<\/p>\n<p>Ciudad: Barcelona<\/p>\n<p>Pa\u00eds: Espa\u00f1a<\/p>\n<p>Tama\u00f1o: 21,5&#215;28<\/p>\n<p>P\u00e1ginas: 160<\/p>\n<p>A\u00f1o: 2007<\/p>\n<p>Dep\u00f3sito legal:<\/p>\n<p>ISBN: 978-8498149159<\/p>\n<p><strong>IDIOMA: Castellano<br \/><\/strong><\/p>\n<p>[\/et_pb_tab][et_pb_tab title=\u00bbDescripci\u00f3n\u00bb _builder_version=\u00bb4.20.2&#8243; _module_preset=\u00bbdefault\u00bb hover_enabled=\u00bb0&#8243; global_colors_info=\u00bb{}\u00bb theme_builder_area=\u00bbpost_content\u00bb sticky_enabled=\u00bb0&#8243;]<\/p>\n<p>Pr\u00f3logo de Glenn Fabry, portadista de Predicator. Esta colecci\u00f3n de personajes de fantas\u00eda repleta de posturas cl\u00e1sicas sirve de apoyo visual para crear ilustraciones extraordinarias. Bellas reinas de los elfos, horribles orcos sanguinarios&#8230;Esta gu\u00eda contiene todo el material de referencia para crear ilustraciones dignas de un profesional. M\u00e1s de 600 fotograf\u00edas en color que sirven de modelo para dibujar cualquier personaje.<br \/>Peter Evans lleva m\u00e1s de veinte a\u00f1os trabajando como dise\u00f1ador de trajes y accesorios de fantas\u00eda. Tambi\u00e9n ha colaborado en diferentes proyectos, como c\u00f3mics y revistas. Sus dise\u00f1os han aparecido en varias pel\u00edculas (como Willow y La princesa prometida), series de televisi\u00f3n y obras de teatro.<br \/>La editorial<\/p>\n<p>[\/et_pb_tab][et_pb_tab title=\u00bbBibliograf\u00eda\u00bb _builder_version=\u00bb4.20.2&#8243; _module_preset=\u00bbdefault\u00bb global_colors_info=\u00bb{}\u00bb theme_builder_area=\u00bbpost_content\u00bb][\/et_pb_tab][\/et_pb_tabs][et_pb_wc_title _builder_version=\u00bb4.20.2&#8243; header_font=\u00bb|600|||||||\u00bb header_text_color=\u00bb#0C71C3&#8243; header_font_size=\u00bb25px\u00bb custom_margin=\u00bb0px|0px|0px|0px|true|true\u00bb custom_padding=\u00bb0px|0px|0px|0px|true|true\u00bb global_colors_info=\u00bb{}\u00bb theme_builder_area=\u00bbpost_content\u00bb][\/et_pb_wc_title][\/et_pb_column][\/et_pb_row][\/et_pb_section][et_pb_section fb_built=\u00bb1&#8243; _builder_version=\u00bb4.20.2&#8243; _module_preset=\u00bbdefault\u00bb global_colors_info=\u00bb{}\u00bb theme_builder_area=\u00bbpost_content\u00bb][\/et_pb_section][et_pb_section fb_built=\u00bb1&#8243; _builder_version=\u00bb4.20.2&#8243; _module_preset=\u00bbdefault\u00bb global_colors_info=\u00bb{}\u00bb theme_builder_area=\u00bbpost_content\u00bb][\/et_pb_section]<\/p>\n","protected":false},"excerpt":{"rendered":"<p>Gu\u00eda de referencia para dibujar personajes de fantas\u00eda, Peter Evans, Norma, Castellano, Espa\u00f1a<\/p>\n","protected":false},"featured_media":10667,"template":"","meta":{"_et_pb_use_builder":"on","_et_pb_old_content":"","_et_gb_content_width":"","_monsterinsights_skip_tracking":false,"_monsterinsights_sitenote_active":false,"_monsterinsights_sitenote_note":"","_monsterinsights_sitenote_category":0},"product_brand":[],"product_cat":[32],"product_tag":[],"class_list":{"0":"post-10666","1":"product","2":"type-product","3":"status-publish","4":"has-post-thumbnail","6":"product_cat-didactica","8":"first","9":"instock","10":"shipping-taxable","11":"product-type-simple"},"yoast_head":"<!-- This site is optimized with the Yoast SEO plugin v27.2 - https:\/\/yoast.com\/product\/yoast-seo-wordpress\/ -->\n<title>Gu\u00eda de referencia para dibujar personajes de fantas\u00eda<\/title>\n<meta name=\"robots\" content=\"index, follow, max-snippet:-1, max-image-preview:large, max-video-preview:-1\" \/>\n<link rel=\"canonical\" href=\"https:\/\/www.historieta.es\/?product=guia-de-referencia-para-dibujar-personajes-de-fantasia\" \/>\n<meta property=\"og:locale\" content=\"es_ES\" \/>\n<meta property=\"og:type\" content=\"article\" \/>\n<meta property=\"og:title\" content=\"Gu\u00eda de referencia para dibujar personajes de fantas\u00eda\" \/>\n<meta property=\"og:description\" content=\"Gu\u00eda de referencia para dibujar personajes de fantas\u00eda, Peter Evans, Norma, Castellano, Espa\u00f1a\" \/>\n<meta property=\"og:url\" content=\"https:\/\/www.historieta.es\/?product=guia-de-referencia-para-dibujar-personajes-de-fantasia\" \/>\n<meta property=\"og:site_name\" content=\"historieta\" \/>\n<meta property=\"article:modified_time\" content=\"2024-03-25T08:28:03+00:00\" \/>\n<meta property=\"og:image\" content=\"https:\/\/www.historieta.es\/wp-content\/uploads\/2024\/03\/Guia-de-referencia-para-dibujar-personajes-de-fantasia.png\" \/>\n\t<meta property=\"og:image:width\" content=\"600\" \/>\n\t<meta property=\"og:image:height\" content=\"600\" \/>\n\t<meta property=\"og:image:type\" content=\"image\/png\" \/>\n<meta name=\"twitter:card\" content=\"summary_large_image\" \/>\n<meta name=\"twitter:label1\" content=\"Tiempo de lectura\" \/>\n\t<meta name=\"twitter:data1\" content=\"2 minutos\" \/>\n<script type=\"application\/ld+json\" class=\"yoast-schema-graph\">{\"@context\":\"https:\/\/schema.org\",\"@graph\":[{\"@type\":\"WebPage\",\"@id\":\"https:\/\/www.historieta.es\/?product=guia-de-referencia-para-dibujar-personajes-de-fantasia\",\"url\":\"https:\/\/www.historieta.es\/?product=guia-de-referencia-para-dibujar-personajes-de-fantasia\",\"name\":\"Gu\u00eda de referencia para dibujar personajes de fantas\u00eda\",\"isPartOf\":{\"@id\":\"https:\/\/www.historieta.es\/#website\"},\"primaryImageOfPage\":{\"@id\":\"https:\/\/www.historieta.es\/?product=guia-de-referencia-para-dibujar-personajes-de-fantasia#primaryimage\"},\"image\":{\"@id\":\"https:\/\/www.historieta.es\/?product=guia-de-referencia-para-dibujar-personajes-de-fantasia#primaryimage\"},\"thumbnailUrl\":\"https:\/\/www.historieta.es\/wp-content\/uploads\/2024\/03\/Guia-de-referencia-para-dibujar-personajes-de-fantasia.png\",\"datePublished\":\"2024-03-25T08:27:55+00:00\",\"dateModified\":\"2024-03-25T08:28:03+00:00\",\"breadcrumb\":{\"@id\":\"https:\/\/www.historieta.es\/?product=guia-de-referencia-para-dibujar-personajes-de-fantasia#breadcrumb\"},\"inLanguage\":\"es\",\"potentialAction\":[{\"@type\":\"ReadAction\",\"target\":[\"https:\/\/www.historieta.es\/?product=guia-de-referencia-para-dibujar-personajes-de-fantasia\"]}]},{\"@type\":\"ImageObject\",\"inLanguage\":\"es\",\"@id\":\"https:\/\/www.historieta.es\/?product=guia-de-referencia-para-dibujar-personajes-de-fantasia#primaryimage\",\"url\":\"https:\/\/www.historieta.es\/wp-content\/uploads\/2024\/03\/Guia-de-referencia-para-dibujar-personajes-de-fantasia.png\",\"contentUrl\":\"https:\/\/www.historieta.es\/wp-content\/uploads\/2024\/03\/Guia-de-referencia-para-dibujar-personajes-de-fantasia.png\",\"width\":600,\"height\":600},{\"@type\":\"BreadcrumbList\",\"@id\":\"https:\/\/www.historieta.es\/?product=guia-de-referencia-para-dibujar-personajes-de-fantasia#breadcrumb\",\"itemListElement\":[{\"@type\":\"ListItem\",\"position\":1,\"name\":\"Portada\",\"item\":\"https:\/\/www.historieta.es\/\"},{\"@type\":\"ListItem\",\"position\":2,\"name\":\"Productos\",\"item\":\"https:\/\/www.historieta.es\/?post_type=product\"},{\"@type\":\"ListItem\",\"position\":3,\"name\":\"Gu\u00eda de referencia para dibujar personajes de fantas\u00eda\"}]},{\"@type\":\"WebSite\",\"@id\":\"https:\/\/www.historieta.es\/#website\",\"url\":\"https:\/\/www.historieta.es\/\",\"name\":\"historieta\",\"description\":\"sitio de comic\",\"potentialAction\":[{\"@type\":\"SearchAction\",\"target\":{\"@type\":\"EntryPoint\",\"urlTemplate\":\"https:\/\/www.historieta.es\/?s={search_term_string}\"},\"query-input\":{\"@type\":\"PropertyValueSpecification\",\"valueRequired\":true,\"valueName\":\"search_term_string\"}}],\"inLanguage\":\"es\"}]}<\/script>\n<!-- \/ Yoast SEO plugin. -->","yoast_head_json":{"title":"Gu\u00eda de referencia para dibujar personajes de fantas\u00eda","robots":{"index":"index","follow":"follow","max-snippet":"max-snippet:-1","max-image-preview":"max-image-preview:large","max-video-preview":"max-video-preview:-1"},"canonical":"https:\/\/www.historieta.es\/?product=guia-de-referencia-para-dibujar-personajes-de-fantasia","og_locale":"es_ES","og_type":"article","og_title":"Gu\u00eda de referencia para dibujar personajes de fantas\u00eda","og_description":"Gu\u00eda de referencia para dibujar personajes de fantas\u00eda, Peter Evans, Norma, Castellano, Espa\u00f1a","og_url":"https:\/\/www.historieta.es\/?product=guia-de-referencia-para-dibujar-personajes-de-fantasia","og_site_name":"historieta","article_modified_time":"2024-03-25T08:28:03+00:00","og_image":[{"width":600,"height":600,"url":"https:\/\/www.historieta.es\/wp-content\/uploads\/2024\/03\/Guia-de-referencia-para-dibujar-personajes-de-fantasia.png","type":"image\/png"}],"twitter_card":"summary_large_image","twitter_misc":{"Tiempo de lectura":"2 minutos"},"schema":{"@context":"https:\/\/schema.org","@graph":[{"@type":"WebPage","@id":"https:\/\/www.historieta.es\/?product=guia-de-referencia-para-dibujar-personajes-de-fantasia","url":"https:\/\/www.historieta.es\/?product=guia-de-referencia-para-dibujar-personajes-de-fantasia","name":"Gu\u00eda de referencia para dibujar personajes de fantas\u00eda","isPartOf":{"@id":"https:\/\/www.historieta.es\/#website"},"primaryImageOfPage":{"@id":"https:\/\/www.historieta.es\/?product=guia-de-referencia-para-dibujar-personajes-de-fantasia#primaryimage"},"image":{"@id":"https:\/\/www.historieta.es\/?product=guia-de-referencia-para-dibujar-personajes-de-fantasia#primaryimage"},"thumbnailUrl":"https:\/\/www.historieta.es\/wp-content\/uploads\/2024\/03\/Guia-de-referencia-para-dibujar-personajes-de-fantasia.png","datePublished":"2024-03-25T08:27:55+00:00","dateModified":"2024-03-25T08:28:03+00:00","breadcrumb":{"@id":"https:\/\/www.historieta.es\/?product=guia-de-referencia-para-dibujar-personajes-de-fantasia#breadcrumb"},"inLanguage":"es","potentialAction":[{"@type":"ReadAction","target":["https:\/\/www.historieta.es\/?product=guia-de-referencia-para-dibujar-personajes-de-fantasia"]}]},{"@type":"ImageObject","inLanguage":"es","@id":"https:\/\/www.historieta.es\/?product=guia-de-referencia-para-dibujar-personajes-de-fantasia#primaryimage","url":"https:\/\/www.historieta.es\/wp-content\/uploads\/2024\/03\/Guia-de-referencia-para-dibujar-personajes-de-fantasia.png","contentUrl":"https:\/\/www.historieta.es\/wp-content\/uploads\/2024\/03\/Guia-de-referencia-para-dibujar-personajes-de-fantasia.png","width":600,"height":600},{"@type":"BreadcrumbList","@id":"https:\/\/www.historieta.es\/?product=guia-de-referencia-para-dibujar-personajes-de-fantasia#breadcrumb","itemListElement":[{"@type":"ListItem","position":1,"name":"Portada","item":"https:\/\/www.historieta.es\/"},{"@type":"ListItem","position":2,"name":"Productos","item":"https:\/\/www.historieta.es\/?post_type=product"},{"@type":"ListItem","position":3,"name":"Gu\u00eda de referencia para dibujar personajes de fantas\u00eda"}]},{"@type":"WebSite","@id":"https:\/\/www.historieta.es\/#website","url":"https:\/\/www.historieta.es\/","name":"historieta","description":"sitio de comic","potentialAction":[{"@type":"SearchAction","target":{"@type":"EntryPoint","urlTemplate":"https:\/\/www.historieta.es\/?s={search_term_string}"},"query-input":{"@type":"PropertyValueSpecification","valueRequired":true,"valueName":"search_term_string"}}],"inLanguage":"es"}]}},"_links":{"self":[{"href":"https:\/\/www.historieta.es\/index.php?rest_route=\/wp\/v2\/product\/10666","targetHints":{"allow":["GET"]}}],"collection":[{"href":"https:\/\/www.historieta.es\/index.php?rest_route=\/wp\/v2\/product"}],"about":[{"href":"https:\/\/www.historieta.es\/index.php?rest_route=\/wp\/v2\/types\/product"}],"wp:featuredmedia":[{"embeddable":true,"href":"https:\/\/www.historieta.es\/index.php?rest_route=\/wp\/v2\/media\/10667"}],"wp:attachment":[{"href":"https:\/\/www.historieta.es\/index.php?rest_route=%2Fwp%2Fv2%2Fmedia&parent=10666"}],"wp:term":[{"taxonomy":"product_brand","embeddable":true,"href":"https:\/\/www.historieta.es\/index.php?rest_route=%2Fwp%2Fv2%2Fproduct_brand&post=10666"},{"taxonomy":"product_cat","embeddable":true,"href":"https:\/\/www.historieta.es\/index.php?rest_route=%2Fwp%2Fv2%2Fproduct_cat&post=10666"},{"taxonomy":"product_tag","embeddable":true,"href":"https:\/\/www.historieta.es\/index.php?rest_route=%2Fwp%2Fv2%2Fproduct_tag&post=10666"}],"curies":[{"name":"wp","href":"https:\/\/api.w.org\/{rel}","templated":true}]}}