{"id":10643,"date":"2024-03-23T21:41:28","date_gmt":"2024-03-23T21:41:28","guid":{"rendered":"https:\/\/www.historieta.es\/?post_type=product&#038;p=10643"},"modified":"2024-03-23T21:42:25","modified_gmt":"2024-03-23T21:42:25","slug":"iniciacion-al-dibujo-de-historietas","status":"publish","type":"product","link":"https:\/\/www.historieta.es\/?product=iniciacion-al-dibujo-de-historietas","title":{"rendered":"Iniciaci\u00f3n al dibujo de Historietas"},"content":{"rendered":"<p>[et_pb_section fb_built=\u00bb1&#8243; _builder_version=\u00bb4.20.2&#8243; custom_margin=\u00bb-44px|0px|-44px|0px|true|true\u00bb custom_padding=\u00bb0px|0px|0px|0px|true|true\u00bb collapsed=\u00bboff\u00bb global_colors_info=\u00bb{}\u00bb][et_pb_row column_structure=\u00bb2_5,3_5&#8243; _builder_version=\u00bb4.20.2&#8243; background_size=\u00bbinitial\u00bb background_position=\u00bbtop_left\u00bb background_repeat=\u00bbrepeat\u00bb width=\u00bb100%\u00bb custom_margin=\u00bb0px|0px|0px|0px|true|true\u00bb custom_padding=\u00bb0px|0px|0px|0px|true|true\u00bb global_colors_info=\u00bb{}\u00bb][et_pb_column type=\u00bb2_5&#8243; _builder_version=\u00bb4.16&#8243; custom_padding=\u00bb|||\u00bb global_colors_info=\u00bb{}\u00bb custom_padding__hover=\u00bb|||\u00bb][et_pb_wc_images _builder_version=\u00bb4.20.2&#8243; box_shadow_style=\u00bbpreset1&#8243; global_colors_info=\u00bb{}\u00bb][\/et_pb_wc_images][\/et_pb_column][et_pb_column type=\u00bb3_5&#8243; _builder_version=\u00bb4.20.2&#8243; _module_preset=\u00bbdefault\u00bb global_colors_info=\u00bb{}\u00bb][et_pb_tabs _builder_version=\u00bb4.20.2&#8243; _module_preset=\u00bbdefault\u00bb global_colors_info=\u00bb{}\u00bb][et_pb_tab title=\u00bbDatos\u00bb _builder_version=\u00bb4.20.2&#8243; _module_preset=\u00bbdefault\u00bb global_colors_info=\u00bb{}\u00bb]<\/p>\n<p>Autor: Ariel Olivetti\u00a0<\/p>\n<p>Editorial: Ancares Editora<\/p>\n<p>Ciudad: Buenos Aires<\/p>\n<p>Pa\u00eds: Argentina<\/p>\n<p>Tama\u00f1o: 17&#215;26<\/p>\n<p>P\u00e1ginas: 32<\/p>\n<p>A\u00f1o: 2004<\/p>\n<p>Dep\u00f3sito legal:<\/p>\n<p>ISBN: 978-9871120055<\/p>\n<p><strong>IDIOMA: Castellano<br \/><\/strong><\/p>\n<p>[\/et_pb_tab][et_pb_tab title=\u00bbDescripci\u00f3n\u00bb _builder_version=\u00bb4.20.2&#8243; _module_preset=\u00bbdefault\u00bb global_colors_info=\u00bb{}\u00bb]<\/p>\n<p>Es el dibujante de historietas argentino m\u00e1s destacado de las \u00faltimas d\u00e9cadas. Adem\u00e1s de su actividad como artista, ha desarrollado una carrera docente como profesor de c\u00f3mics en su propia escuela, de la cual han surgido una Importante cantidad de nuevos dibujantes que hoy ya son profesionales y trabajan para diferentes editoriales. Siguiendo la l\u00ednea iniciada en su libro anterior, Anatom\u00eda Dibujada, nos ofrece hoy este muy cuidado trabajo de Iniciaci\u00f3n al Dibujo de Historietas, volumen claro y de f\u00e1cil comprensi\u00f3n para to- das las edades, y que ha desarrollado especialmente para ser de consulta permanente.<br \/>Con ejemplos claramente explicados y profusamente ilustrados sobre los siguientes temas:<br \/>-Estilos de historietas actuales en el mundo.<br \/>-Materiales necesarios en la primera etapa del aprendizaje.<br \/>-C\u00f3mo se hace un c\u00f3mic: elementos gr\u00e1ficos de la p\u00e1gina, vi\u00f1eta, globos, onomatopeyas y rotulado.<br \/>-Diferentes vistas: del primer plano al plano general.<br \/>-Narraci\u00f3n: uso y formas de la vi\u00f1eta.<br \/>-Composici\u00f3n de la p\u00e1gina.<br \/>-Manejo de c\u00e1maras.<br \/>-Gui\u00f3n: c\u00f3mo interpretarlo.<br \/>-Dise\u00f1o de p\u00e1gina: del boceto al entintado.<br \/>-Dise\u00f1o de p\u00e1gina: del boceto al entintado.<br \/>-C\u00f3mo realizar una buena portada.<br \/>-Y lo m\u00e1s importante: consejos del autor para conseguir trabajo.<br \/>La editorial<\/p>\n<p>[\/et_pb_tab][et_pb_tab title=\u00bbBibliograf\u00eda\u00bb _builder_version=\u00bb4.20.2&#8243; _module_preset=\u00bbdefault\u00bb global_colors_info=\u00bb{}\u00bb][\/et_pb_tab][\/et_pb_tabs][et_pb_wc_title _builder_version=\u00bb4.20.2&#8243; header_font=\u00bb|600|||||||\u00bb header_text_color=\u00bb#0C71C3&#8243; header_font_size=\u00bb25px\u00bb custom_margin=\u00bb0px|0px|0px|0px|true|true\u00bb custom_padding=\u00bb0px|0px|0px|0px|true|true\u00bb global_colors_info=\u00bb{}\u00bb][\/et_pb_wc_title][\/et_pb_column][\/et_pb_row][\/et_pb_section][et_pb_section fb_built=\u00bb1&#8243; _builder_version=\u00bb4.20.2&#8243; _module_preset=\u00bbdefault\u00bb global_colors_info=\u00bb{}\u00bb][\/et_pb_section][et_pb_section fb_built=\u00bb1&#8243; _builder_version=\u00bb4.20.2&#8243; _module_preset=\u00bbdefault\u00bb global_colors_info=\u00bb{}\u00bb][\/et_pb_section]<\/p>\n","protected":false},"excerpt":{"rendered":"<p>Iniciaci\u00f3n al dibujo de Historietas, Ariel Olivetti,\u00a0 Ancares Editora, Castellano, Argentina<\/p>\n","protected":false},"featured_media":10644,"template":"","meta":{"_et_pb_use_builder":"on","_et_pb_old_content":"","_et_gb_content_width":"","_monsterinsights_skip_tracking":false,"_monsterinsights_sitenote_active":false,"_monsterinsights_sitenote_note":"","_monsterinsights_sitenote_category":0},"product_brand":[],"product_cat":[32],"product_tag":[],"class_list":{"0":"post-10643","1":"product","2":"type-product","3":"status-publish","4":"has-post-thumbnail","6":"product_cat-didactica","8":"first","9":"instock","10":"shipping-taxable","11":"product-type-simple"},"yoast_head":"<!-- This site is optimized with the Yoast SEO plugin v27.2 - https:\/\/yoast.com\/product\/yoast-seo-wordpress\/ -->\n<title>Iniciaci\u00f3n al dibujo de Historietas<\/title>\n<meta name=\"robots\" content=\"index, follow, max-snippet:-1, max-image-preview:large, max-video-preview:-1\" \/>\n<link rel=\"canonical\" href=\"https:\/\/www.historieta.es\/?product=iniciacion-al-dibujo-de-historietas\" \/>\n<meta property=\"og:locale\" content=\"es_ES\" \/>\n<meta property=\"og:type\" content=\"article\" \/>\n<meta property=\"og:title\" content=\"Iniciaci\u00f3n al dibujo de Historietas\" \/>\n<meta property=\"og:description\" content=\"Iniciaci\u00f3n al dibujo de Historietas, Ariel Olivetti,\u00a0 Ancares Editora, Castellano, Argentina\" \/>\n<meta property=\"og:url\" content=\"https:\/\/www.historieta.es\/?product=iniciacion-al-dibujo-de-historietas\" \/>\n<meta property=\"og:site_name\" content=\"historieta\" \/>\n<meta property=\"article:modified_time\" content=\"2024-03-23T21:42:25+00:00\" \/>\n<meta property=\"og:image\" content=\"https:\/\/www.historieta.es\/wp-content\/uploads\/2024\/03\/Iniciacion-al-dibujo-de-Historietas.png\" \/>\n\t<meta property=\"og:image:width\" content=\"600\" \/>\n\t<meta property=\"og:image:height\" content=\"600\" \/>\n\t<meta property=\"og:image:type\" content=\"image\/png\" \/>\n<meta name=\"twitter:card\" content=\"summary_large_image\" \/>\n<meta name=\"twitter:label1\" content=\"Tiempo de lectura\" \/>\n\t<meta name=\"twitter:data1\" content=\"3 minutos\" \/>\n<script type=\"application\/ld+json\" class=\"yoast-schema-graph\">{\"@context\":\"https:\/\/schema.org\",\"@graph\":[{\"@type\":\"WebPage\",\"@id\":\"https:\/\/www.historieta.es\/?product=iniciacion-al-dibujo-de-historietas\",\"url\":\"https:\/\/www.historieta.es\/?product=iniciacion-al-dibujo-de-historietas\",\"name\":\"Iniciaci\u00f3n al dibujo de Historietas\",\"isPartOf\":{\"@id\":\"https:\/\/www.historieta.es\/#website\"},\"primaryImageOfPage\":{\"@id\":\"https:\/\/www.historieta.es\/?product=iniciacion-al-dibujo-de-historietas#primaryimage\"},\"image\":{\"@id\":\"https:\/\/www.historieta.es\/?product=iniciacion-al-dibujo-de-historietas#primaryimage\"},\"thumbnailUrl\":\"https:\/\/www.historieta.es\/wp-content\/uploads\/2024\/03\/Iniciacion-al-dibujo-de-Historietas.png\",\"datePublished\":\"2024-03-23T21:41:28+00:00\",\"dateModified\":\"2024-03-23T21:42:25+00:00\",\"breadcrumb\":{\"@id\":\"https:\/\/www.historieta.es\/?product=iniciacion-al-dibujo-de-historietas#breadcrumb\"},\"inLanguage\":\"es\",\"potentialAction\":[{\"@type\":\"ReadAction\",\"target\":[\"https:\/\/www.historieta.es\/?product=iniciacion-al-dibujo-de-historietas\"]}]},{\"@type\":\"ImageObject\",\"inLanguage\":\"es\",\"@id\":\"https:\/\/www.historieta.es\/?product=iniciacion-al-dibujo-de-historietas#primaryimage\",\"url\":\"https:\/\/www.historieta.es\/wp-content\/uploads\/2024\/03\/Iniciacion-al-dibujo-de-Historietas.png\",\"contentUrl\":\"https:\/\/www.historieta.es\/wp-content\/uploads\/2024\/03\/Iniciacion-al-dibujo-de-Historietas.png\",\"width\":600,\"height\":600},{\"@type\":\"BreadcrumbList\",\"@id\":\"https:\/\/www.historieta.es\/?product=iniciacion-al-dibujo-de-historietas#breadcrumb\",\"itemListElement\":[{\"@type\":\"ListItem\",\"position\":1,\"name\":\"Portada\",\"item\":\"https:\/\/www.historieta.es\/\"},{\"@type\":\"ListItem\",\"position\":2,\"name\":\"Productos\",\"item\":\"https:\/\/www.historieta.es\/?post_type=product\"},{\"@type\":\"ListItem\",\"position\":3,\"name\":\"Iniciaci\u00f3n al dibujo de Historietas\"}]},{\"@type\":\"WebSite\",\"@id\":\"https:\/\/www.historieta.es\/#website\",\"url\":\"https:\/\/www.historieta.es\/\",\"name\":\"historieta\",\"description\":\"sitio de comic\",\"potentialAction\":[{\"@type\":\"SearchAction\",\"target\":{\"@type\":\"EntryPoint\",\"urlTemplate\":\"https:\/\/www.historieta.es\/?s={search_term_string}\"},\"query-input\":{\"@type\":\"PropertyValueSpecification\",\"valueRequired\":true,\"valueName\":\"search_term_string\"}}],\"inLanguage\":\"es\"}]}<\/script>\n<!-- \/ Yoast SEO plugin. -->","yoast_head_json":{"title":"Iniciaci\u00f3n al dibujo de Historietas","robots":{"index":"index","follow":"follow","max-snippet":"max-snippet:-1","max-image-preview":"max-image-preview:large","max-video-preview":"max-video-preview:-1"},"canonical":"https:\/\/www.historieta.es\/?product=iniciacion-al-dibujo-de-historietas","og_locale":"es_ES","og_type":"article","og_title":"Iniciaci\u00f3n al dibujo de Historietas","og_description":"Iniciaci\u00f3n al dibujo de Historietas, Ariel Olivetti,\u00a0 Ancares Editora, Castellano, Argentina","og_url":"https:\/\/www.historieta.es\/?product=iniciacion-al-dibujo-de-historietas","og_site_name":"historieta","article_modified_time":"2024-03-23T21:42:25+00:00","og_image":[{"width":600,"height":600,"url":"https:\/\/www.historieta.es\/wp-content\/uploads\/2024\/03\/Iniciacion-al-dibujo-de-Historietas.png","type":"image\/png"}],"twitter_card":"summary_large_image","twitter_misc":{"Tiempo de lectura":"3 minutos"},"schema":{"@context":"https:\/\/schema.org","@graph":[{"@type":"WebPage","@id":"https:\/\/www.historieta.es\/?product=iniciacion-al-dibujo-de-historietas","url":"https:\/\/www.historieta.es\/?product=iniciacion-al-dibujo-de-historietas","name":"Iniciaci\u00f3n al dibujo de Historietas","isPartOf":{"@id":"https:\/\/www.historieta.es\/#website"},"primaryImageOfPage":{"@id":"https:\/\/www.historieta.es\/?product=iniciacion-al-dibujo-de-historietas#primaryimage"},"image":{"@id":"https:\/\/www.historieta.es\/?product=iniciacion-al-dibujo-de-historietas#primaryimage"},"thumbnailUrl":"https:\/\/www.historieta.es\/wp-content\/uploads\/2024\/03\/Iniciacion-al-dibujo-de-Historietas.png","datePublished":"2024-03-23T21:41:28+00:00","dateModified":"2024-03-23T21:42:25+00:00","breadcrumb":{"@id":"https:\/\/www.historieta.es\/?product=iniciacion-al-dibujo-de-historietas#breadcrumb"},"inLanguage":"es","potentialAction":[{"@type":"ReadAction","target":["https:\/\/www.historieta.es\/?product=iniciacion-al-dibujo-de-historietas"]}]},{"@type":"ImageObject","inLanguage":"es","@id":"https:\/\/www.historieta.es\/?product=iniciacion-al-dibujo-de-historietas#primaryimage","url":"https:\/\/www.historieta.es\/wp-content\/uploads\/2024\/03\/Iniciacion-al-dibujo-de-Historietas.png","contentUrl":"https:\/\/www.historieta.es\/wp-content\/uploads\/2024\/03\/Iniciacion-al-dibujo-de-Historietas.png","width":600,"height":600},{"@type":"BreadcrumbList","@id":"https:\/\/www.historieta.es\/?product=iniciacion-al-dibujo-de-historietas#breadcrumb","itemListElement":[{"@type":"ListItem","position":1,"name":"Portada","item":"https:\/\/www.historieta.es\/"},{"@type":"ListItem","position":2,"name":"Productos","item":"https:\/\/www.historieta.es\/?post_type=product"},{"@type":"ListItem","position":3,"name":"Iniciaci\u00f3n al dibujo de Historietas"}]},{"@type":"WebSite","@id":"https:\/\/www.historieta.es\/#website","url":"https:\/\/www.historieta.es\/","name":"historieta","description":"sitio de comic","potentialAction":[{"@type":"SearchAction","target":{"@type":"EntryPoint","urlTemplate":"https:\/\/www.historieta.es\/?s={search_term_string}"},"query-input":{"@type":"PropertyValueSpecification","valueRequired":true,"valueName":"search_term_string"}}],"inLanguage":"es"}]}},"_links":{"self":[{"href":"https:\/\/www.historieta.es\/index.php?rest_route=\/wp\/v2\/product\/10643","targetHints":{"allow":["GET"]}}],"collection":[{"href":"https:\/\/www.historieta.es\/index.php?rest_route=\/wp\/v2\/product"}],"about":[{"href":"https:\/\/www.historieta.es\/index.php?rest_route=\/wp\/v2\/types\/product"}],"wp:featuredmedia":[{"embeddable":true,"href":"https:\/\/www.historieta.es\/index.php?rest_route=\/wp\/v2\/media\/10644"}],"wp:attachment":[{"href":"https:\/\/www.historieta.es\/index.php?rest_route=%2Fwp%2Fv2%2Fmedia&parent=10643"}],"wp:term":[{"taxonomy":"product_brand","embeddable":true,"href":"https:\/\/www.historieta.es\/index.php?rest_route=%2Fwp%2Fv2%2Fproduct_brand&post=10643"},{"taxonomy":"product_cat","embeddable":true,"href":"https:\/\/www.historieta.es\/index.php?rest_route=%2Fwp%2Fv2%2Fproduct_cat&post=10643"},{"taxonomy":"product_tag","embeddable":true,"href":"https:\/\/www.historieta.es\/index.php?rest_route=%2Fwp%2Fv2%2Fproduct_tag&post=10643"}],"curies":[{"name":"wp","href":"https:\/\/api.w.org\/{rel}","templated":true}]}}