{"id":10536,"date":"2024-03-22T08:23:35","date_gmt":"2024-03-22T08:23:35","guid":{"rendered":"https:\/\/www.historieta.es\/?post_type=product&#038;p=10536"},"modified":"2024-03-22T08:23:43","modified_gmt":"2024-03-22T08:23:43","slug":"como-dibujar-tu-propio-estilo-anime","status":"publish","type":"product","link":"https:\/\/www.historieta.es\/?product=como-dibujar-tu-propio-estilo-anime","title":{"rendered":"C\u00f3mo dibujar tu propio estilo anime"},"content":{"rendered":"<p>[et_pb_section fb_built=\u00bb1&#8243; _builder_version=\u00bb4.20.2&#8243; custom_margin=\u00bb-44px|0px|-44px|0px|true|true\u00bb custom_padding=\u00bb0px|0px|0px|0px|true|true\u00bb collapsed=\u00bboff\u00bb global_colors_info=\u00bb{}\u00bb theme_builder_area=\u00bbpost_content\u00bb][et_pb_row column_structure=\u00bb2_5,3_5&#8243; _builder_version=\u00bb4.20.2&#8243; background_size=\u00bbinitial\u00bb background_position=\u00bbtop_left\u00bb background_repeat=\u00bbrepeat\u00bb width=\u00bb100%\u00bb custom_margin=\u00bb0px|0px|0px|0px|true|true\u00bb custom_padding=\u00bb0px|0px|0px|0px|true|true\u00bb global_colors_info=\u00bb{}\u00bb theme_builder_area=\u00bbpost_content\u00bb][et_pb_column type=\u00bb2_5&#8243; _builder_version=\u00bb4.16&#8243; custom_padding=\u00bb|||\u00bb global_colors_info=\u00bb{}\u00bb custom_padding__hover=\u00bb|||\u00bb theme_builder_area=\u00bbpost_content\u00bb][et_pb_wc_images _builder_version=\u00bb4.20.2&#8243; box_shadow_style=\u00bbpreset1&#8243; global_colors_info=\u00bb{}\u00bb theme_builder_area=\u00bbpost_content\u00bb][\/et_pb_wc_images][\/et_pb_column][et_pb_column type=\u00bb3_5&#8243; _builder_version=\u00bb4.20.2&#8243; _module_preset=\u00bbdefault\u00bb global_colors_info=\u00bb{}\u00bb theme_builder_area=\u00bbpost_content\u00bb][et_pb_tabs _builder_version=\u00bb4.20.2&#8243; _module_preset=\u00bbdefault\u00bb hover_enabled=\u00bb0&#8243; global_colors_info=\u00bb{}\u00bb theme_builder_area=\u00bbpost_content\u00bb sticky_enabled=\u00bb0&#8243;][et_pb_tab title=\u00bbDatos\u00bb _builder_version=\u00bb4.20.2&#8243; _module_preset=\u00bbdefault\u00bb hover_enabled=\u00bb0&#8243; global_colors_info=\u00bb{}\u00bb theme_builder_area=\u00bbpost_content\u00bb sticky_enabled=\u00bb0&#8243;]<\/p>\n<p>Autor: Anny \u00abYoai\u00bb, Meyoco, Carles Dalmau, Lord Gris, Miyuli, Simone Ferriero \u00abSimzArt\u00bb<\/p>\n<p>Editorial: Anaya<\/p>\n<p>Ciudad: Madrid<\/p>\n<p>Pa\u00eds: Espa\u00f1a<\/p>\n<p>Tama\u00f1o: 21,5&#215;27<\/p>\n<p>P\u00e1ginas: 280<\/p>\n<p>A\u00f1o: 2023<\/p>\n<p>Dep\u00f3sito legal:<\/p>\n<p>ISBN: 978-8441547131<\/p>\n<p><strong>IDIOMA: Castellano<br \/><\/strong><\/p>\n<p>[\/et_pb_tab][et_pb_tab title=\u00bbDescripci\u00f3n\u00bb _builder_version=\u00bb4.20.2&#8243; _module_preset=\u00bbdefault\u00bb hover_enabled=\u00bb0&#8243; global_colors_info=\u00bb{}\u00bb theme_builder_area=\u00bbpost_content\u00bb sticky_enabled=\u00bb0&#8243;]<\/p>\n<p>Da el salto para convertir en una carrera de \u00e9xito tu pasi\u00f3n por hacer arte inspirado en el anime con esta gu\u00eda para dibujar y pintar, promocionar y vender tu trabajo. \u00bfC\u00f3mo puedes desarrollar un estilo personal? \u00bfCu\u00e1l es tu sello? \u00bfQui\u00e9n es tu p\u00fablico y c\u00f3mo vas a relacionarte con \u00e9l? Aqu\u00ed encontrar\u00e1s las respuestas con la ayuda de profesionales de primer nivel que comparten c\u00f3mo planificaron, construyeron y ahora gestionan su carrera art\u00edstica en el estilo anime. * Introd\u00facete en el negocio del anime: panor\u00e1mica del g\u00e9nero, an\u00e1lisis del p\u00fablico, c\u00f3mo conseguir tu propio p\u00fablico en l\u00ednea, adem\u00e1s de nociones sobre la instrucci\u00f3n, la formaci\u00f3n y el trabajo dentro de la industria. * Recibe consejos de expertos para desarrollar tu estilo, conseguir la a menudo elusiva y \u00fanica oportunidad con el arte de estilo manga y crear tu propia marca y un portfolio en l\u00ednea. * Sum\u00e9rgete en tutoriales paso a paso especialmente creados por respetados artistas de manga y anime, que te ayudar\u00e1n a pulir tu t\u00e9cnica y perfeccionar tu estilo personal. * En p\u00e1ginas con impresionantes galer\u00edas, disfruta de importantes creaciones que marcaron hitos en las carreras de los artistas participantes y aceleraron su \u00e9xito. Estudios de casos profesionales: Cinco artistas de \u00e9xito cuentan su viaje desde sus primeros garabatos llenos de entusiasmo hasta los cientos de miles de seguidores en Instagram que se han rendido a su trabajo, compartiendo detalles de los momentos clave de su carrera y consejos personales para que puedas seguir el mismo camino.<br \/>La editorial<\/p>\n<p>[\/et_pb_tab][et_pb_tab title=\u00bbBibliograf\u00eda\u00bb _builder_version=\u00bb4.20.2&#8243; _module_preset=\u00bbdefault\u00bb global_colors_info=\u00bb{}\u00bb theme_builder_area=\u00bbpost_content\u00bb][\/et_pb_tab][\/et_pb_tabs][et_pb_wc_title _builder_version=\u00bb4.20.2&#8243; header_font=\u00bb|600|||||||\u00bb header_text_color=\u00bb#0C71C3&#8243; header_font_size=\u00bb25px\u00bb custom_margin=\u00bb0px|0px|0px|0px|true|true\u00bb custom_padding=\u00bb0px|0px|0px|0px|true|true\u00bb global_colors_info=\u00bb{}\u00bb theme_builder_area=\u00bbpost_content\u00bb][\/et_pb_wc_title][\/et_pb_column][\/et_pb_row][\/et_pb_section][et_pb_section fb_built=\u00bb1&#8243; _builder_version=\u00bb4.20.2&#8243; _module_preset=\u00bbdefault\u00bb global_colors_info=\u00bb{}\u00bb theme_builder_area=\u00bbpost_content\u00bb][\/et_pb_section][et_pb_section fb_built=\u00bb1&#8243; _builder_version=\u00bb4.20.2&#8243; _module_preset=\u00bbdefault\u00bb global_colors_info=\u00bb{}\u00bb theme_builder_area=\u00bbpost_content\u00bb][\/et_pb_section]<\/p>\n","protected":false},"excerpt":{"rendered":"<p>C\u00f3mo dibujar tu propio estilo anime, Anaya, Castellano, Espa\u00f1a, Anny \u00abYoai\u00bb, Meyoco, Carles Dalmau, Lord Gris, Miyuli, Simone Ferriero \u00abSimzArt\u00bb<\/p>\n","protected":false},"featured_media":10537,"template":"","meta":{"_et_pb_use_builder":"on","_et_pb_old_content":"","_et_gb_content_width":"","_monsterinsights_skip_tracking":false,"_monsterinsights_sitenote_active":false,"_monsterinsights_sitenote_note":"","_monsterinsights_sitenote_category":0},"product_brand":[],"product_cat":[32],"product_tag":[],"class_list":{"0":"post-10536","1":"product","2":"type-product","3":"status-publish","4":"has-post-thumbnail","6":"product_cat-didactica","8":"first","9":"instock","10":"shipping-taxable","11":"product-type-simple"},"yoast_head":"<!-- This site is optimized with the Yoast SEO plugin v27.2 - https:\/\/yoast.com\/product\/yoast-seo-wordpress\/ -->\n<title>C\u00f3mo dibujar tu propio estilo anime<\/title>\n<meta name=\"robots\" content=\"index, follow, max-snippet:-1, max-image-preview:large, max-video-preview:-1\" \/>\n<link rel=\"canonical\" href=\"https:\/\/www.historieta.es\/?product=como-dibujar-tu-propio-estilo-anime\" \/>\n<meta property=\"og:locale\" content=\"es_ES\" \/>\n<meta property=\"og:type\" content=\"article\" \/>\n<meta property=\"og:title\" content=\"C\u00f3mo dibujar tu propio estilo anime\" \/>\n<meta property=\"og:description\" content=\"C\u00f3mo dibujar tu propio estilo anime, Anaya, Castellano, Espa\u00f1a, Anny &quot;Yoai&quot;, Meyoco, Carles Dalmau, Lord Gris, Miyuli, Simone Ferriero &quot;SimzArt&quot;\" \/>\n<meta property=\"og:url\" content=\"https:\/\/www.historieta.es\/?product=como-dibujar-tu-propio-estilo-anime\" \/>\n<meta property=\"og:site_name\" content=\"historieta\" \/>\n<meta property=\"article:modified_time\" content=\"2024-03-22T08:23:43+00:00\" \/>\n<meta property=\"og:image\" content=\"https:\/\/www.historieta.es\/wp-content\/uploads\/2024\/03\/Como-dibujar-tu-propio-estilo-anime.png\" \/>\n\t<meta property=\"og:image:width\" content=\"600\" \/>\n\t<meta property=\"og:image:height\" content=\"600\" \/>\n\t<meta property=\"og:image:type\" content=\"image\/png\" \/>\n<meta name=\"twitter:card\" content=\"summary_large_image\" \/>\n<meta name=\"twitter:label1\" content=\"Tiempo de lectura\" \/>\n\t<meta name=\"twitter:data1\" content=\"3 minutos\" \/>\n<script type=\"application\/ld+json\" class=\"yoast-schema-graph\">{\"@context\":\"https:\/\/schema.org\",\"@graph\":[{\"@type\":\"WebPage\",\"@id\":\"https:\/\/www.historieta.es\/?product=como-dibujar-tu-propio-estilo-anime\",\"url\":\"https:\/\/www.historieta.es\/?product=como-dibujar-tu-propio-estilo-anime\",\"name\":\"C\u00f3mo dibujar tu propio estilo anime\",\"isPartOf\":{\"@id\":\"https:\/\/www.historieta.es\/#website\"},\"primaryImageOfPage\":{\"@id\":\"https:\/\/www.historieta.es\/?product=como-dibujar-tu-propio-estilo-anime#primaryimage\"},\"image\":{\"@id\":\"https:\/\/www.historieta.es\/?product=como-dibujar-tu-propio-estilo-anime#primaryimage\"},\"thumbnailUrl\":\"https:\/\/www.historieta.es\/wp-content\/uploads\/2024\/03\/Como-dibujar-tu-propio-estilo-anime.png\",\"datePublished\":\"2024-03-22T08:23:35+00:00\",\"dateModified\":\"2024-03-22T08:23:43+00:00\",\"breadcrumb\":{\"@id\":\"https:\/\/www.historieta.es\/?product=como-dibujar-tu-propio-estilo-anime#breadcrumb\"},\"inLanguage\":\"es\",\"potentialAction\":[{\"@type\":\"ReadAction\",\"target\":[\"https:\/\/www.historieta.es\/?product=como-dibujar-tu-propio-estilo-anime\"]}]},{\"@type\":\"ImageObject\",\"inLanguage\":\"es\",\"@id\":\"https:\/\/www.historieta.es\/?product=como-dibujar-tu-propio-estilo-anime#primaryimage\",\"url\":\"https:\/\/www.historieta.es\/wp-content\/uploads\/2024\/03\/Como-dibujar-tu-propio-estilo-anime.png\",\"contentUrl\":\"https:\/\/www.historieta.es\/wp-content\/uploads\/2024\/03\/Como-dibujar-tu-propio-estilo-anime.png\",\"width\":600,\"height\":600},{\"@type\":\"BreadcrumbList\",\"@id\":\"https:\/\/www.historieta.es\/?product=como-dibujar-tu-propio-estilo-anime#breadcrumb\",\"itemListElement\":[{\"@type\":\"ListItem\",\"position\":1,\"name\":\"Portada\",\"item\":\"https:\/\/www.historieta.es\/\"},{\"@type\":\"ListItem\",\"position\":2,\"name\":\"Productos\",\"item\":\"https:\/\/www.historieta.es\/?post_type=product\"},{\"@type\":\"ListItem\",\"position\":3,\"name\":\"C\u00f3mo dibujar tu propio estilo anime\"}]},{\"@type\":\"WebSite\",\"@id\":\"https:\/\/www.historieta.es\/#website\",\"url\":\"https:\/\/www.historieta.es\/\",\"name\":\"historieta\",\"description\":\"sitio de comic\",\"potentialAction\":[{\"@type\":\"SearchAction\",\"target\":{\"@type\":\"EntryPoint\",\"urlTemplate\":\"https:\/\/www.historieta.es\/?s={search_term_string}\"},\"query-input\":{\"@type\":\"PropertyValueSpecification\",\"valueRequired\":true,\"valueName\":\"search_term_string\"}}],\"inLanguage\":\"es\"}]}<\/script>\n<!-- \/ Yoast SEO plugin. -->","yoast_head_json":{"title":"C\u00f3mo dibujar tu propio estilo anime","robots":{"index":"index","follow":"follow","max-snippet":"max-snippet:-1","max-image-preview":"max-image-preview:large","max-video-preview":"max-video-preview:-1"},"canonical":"https:\/\/www.historieta.es\/?product=como-dibujar-tu-propio-estilo-anime","og_locale":"es_ES","og_type":"article","og_title":"C\u00f3mo dibujar tu propio estilo anime","og_description":"C\u00f3mo dibujar tu propio estilo anime, Anaya, Castellano, Espa\u00f1a, Anny \"Yoai\", Meyoco, Carles Dalmau, Lord Gris, Miyuli, Simone Ferriero \"SimzArt\"","og_url":"https:\/\/www.historieta.es\/?product=como-dibujar-tu-propio-estilo-anime","og_site_name":"historieta","article_modified_time":"2024-03-22T08:23:43+00:00","og_image":[{"width":600,"height":600,"url":"https:\/\/www.historieta.es\/wp-content\/uploads\/2024\/03\/Como-dibujar-tu-propio-estilo-anime.png","type":"image\/png"}],"twitter_card":"summary_large_image","twitter_misc":{"Tiempo de lectura":"3 minutos"},"schema":{"@context":"https:\/\/schema.org","@graph":[{"@type":"WebPage","@id":"https:\/\/www.historieta.es\/?product=como-dibujar-tu-propio-estilo-anime","url":"https:\/\/www.historieta.es\/?product=como-dibujar-tu-propio-estilo-anime","name":"C\u00f3mo dibujar tu propio estilo anime","isPartOf":{"@id":"https:\/\/www.historieta.es\/#website"},"primaryImageOfPage":{"@id":"https:\/\/www.historieta.es\/?product=como-dibujar-tu-propio-estilo-anime#primaryimage"},"image":{"@id":"https:\/\/www.historieta.es\/?product=como-dibujar-tu-propio-estilo-anime#primaryimage"},"thumbnailUrl":"https:\/\/www.historieta.es\/wp-content\/uploads\/2024\/03\/Como-dibujar-tu-propio-estilo-anime.png","datePublished":"2024-03-22T08:23:35+00:00","dateModified":"2024-03-22T08:23:43+00:00","breadcrumb":{"@id":"https:\/\/www.historieta.es\/?product=como-dibujar-tu-propio-estilo-anime#breadcrumb"},"inLanguage":"es","potentialAction":[{"@type":"ReadAction","target":["https:\/\/www.historieta.es\/?product=como-dibujar-tu-propio-estilo-anime"]}]},{"@type":"ImageObject","inLanguage":"es","@id":"https:\/\/www.historieta.es\/?product=como-dibujar-tu-propio-estilo-anime#primaryimage","url":"https:\/\/www.historieta.es\/wp-content\/uploads\/2024\/03\/Como-dibujar-tu-propio-estilo-anime.png","contentUrl":"https:\/\/www.historieta.es\/wp-content\/uploads\/2024\/03\/Como-dibujar-tu-propio-estilo-anime.png","width":600,"height":600},{"@type":"BreadcrumbList","@id":"https:\/\/www.historieta.es\/?product=como-dibujar-tu-propio-estilo-anime#breadcrumb","itemListElement":[{"@type":"ListItem","position":1,"name":"Portada","item":"https:\/\/www.historieta.es\/"},{"@type":"ListItem","position":2,"name":"Productos","item":"https:\/\/www.historieta.es\/?post_type=product"},{"@type":"ListItem","position":3,"name":"C\u00f3mo dibujar tu propio estilo anime"}]},{"@type":"WebSite","@id":"https:\/\/www.historieta.es\/#website","url":"https:\/\/www.historieta.es\/","name":"historieta","description":"sitio de comic","potentialAction":[{"@type":"SearchAction","target":{"@type":"EntryPoint","urlTemplate":"https:\/\/www.historieta.es\/?s={search_term_string}"},"query-input":{"@type":"PropertyValueSpecification","valueRequired":true,"valueName":"search_term_string"}}],"inLanguage":"es"}]}},"_links":{"self":[{"href":"https:\/\/www.historieta.es\/index.php?rest_route=\/wp\/v2\/product\/10536","targetHints":{"allow":["GET"]}}],"collection":[{"href":"https:\/\/www.historieta.es\/index.php?rest_route=\/wp\/v2\/product"}],"about":[{"href":"https:\/\/www.historieta.es\/index.php?rest_route=\/wp\/v2\/types\/product"}],"wp:featuredmedia":[{"embeddable":true,"href":"https:\/\/www.historieta.es\/index.php?rest_route=\/wp\/v2\/media\/10537"}],"wp:attachment":[{"href":"https:\/\/www.historieta.es\/index.php?rest_route=%2Fwp%2Fv2%2Fmedia&parent=10536"}],"wp:term":[{"taxonomy":"product_brand","embeddable":true,"href":"https:\/\/www.historieta.es\/index.php?rest_route=%2Fwp%2Fv2%2Fproduct_brand&post=10536"},{"taxonomy":"product_cat","embeddable":true,"href":"https:\/\/www.historieta.es\/index.php?rest_route=%2Fwp%2Fv2%2Fproduct_cat&post=10536"},{"taxonomy":"product_tag","embeddable":true,"href":"https:\/\/www.historieta.es\/index.php?rest_route=%2Fwp%2Fv2%2Fproduct_tag&post=10536"}],"curies":[{"name":"wp","href":"https:\/\/api.w.org\/{rel}","templated":true}]}}